{"id":28729,"date":"2024-02-06T12:31:58","date_gmt":"2024-02-06T17:31:58","guid":{"rendered":"https:\/\/survivornet.ca\/?page_id=28729"},"modified":"2024-02-06T12:31:58","modified_gmt":"2024-02-06T17:31:58","slug":"fondation-quebecoise-du-cancer","status":"publish","type":"page","link":"https:\/\/survivornet.ca\/fr\/reliez-vous\/partenaires\/fondation-quebecoise-du-cancer\/","title":{"rendered":"Fondation qu\u00e9b\u00e9coise du cancer"},"content":{"rendered":"<p><a href=\"http:\/\/survivornet.ca\/wp-content\/uploads\/2024\/02\/Fondation-quebecoise-du-cancer-logo-1.png\"><img loading=\"lazy\" decoding=\"async\" class=\"aligncenter  wp-image-28732\" src=\"http:\/\/survivornet.ca\/wp-content\/uploads\/2024\/02\/Fondation-quebecoise-du-cancer-logo-1.png\" alt=\"\" width=\"362\" height=\"139\" \/><\/a><\/p>\n<p>Cr\u00e9\u00e9e en 1979 par cinq m\u00e9decins sp\u00e9cialis\u00e9s en oncologie, la Fondation qu\u00e9b\u00e9coise du cancer soutient au quotidien les personnes touch\u00e9es par le cancer, sur l\u2019ensemble du territoire du Qu\u00e9bec, par des services concrets et adapt\u00e9s \u00e0 leurs besoins.<\/p>\n<p>La Fondation offre des th\u00e9rapies compl\u00e9mentaires \u2014 bien-\u00eatre physique et soutien psychologique \u2014 \u00e0 travers ses Centres r\u00e9gionaux de Montr\u00e9al, Qu\u00e9bec, Sherbrooke, Gatineau, Trois-Rivi\u00e8res et L\u00e9vis, en plus de d\u00e9tenir le plus grand r\u00e9seau d\u2019h\u00e9bergement de la province. De plus, elle offre des programmes d\u2019aide financi\u00e8re et juridique aux personnes atteintes en situation de pr\u00e9carit\u00e9.<\/p>\n<p>Elle propose aussi de l\u2019aide adapt\u00e9e aux jeunes de 15 \u00e0 39 ans touch\u00e9s par un cancer via son Programme \u00e0 F\u00e9lix. Enfin, par ses Services Info-cancer, la Fondation offre \u00e9coute, r\u00e9ponses et r\u00e9confort, partout au Qu\u00e9bec.<\/p>\n<p><span style=\"text-decoration: underline;\"><strong>Nos valeurs<\/strong><\/span><\/p>\n<p>Solidarit\u00e9 | Engagement | Respect | Int\u00e9grit\u00e9<\/p>\n<p><span style=\"text-decoration: underline;\"><strong>Notre vision<\/strong><\/span><\/p>\n<p>\u00catre LA r\u00e9f\u00e9rence pour tous les Qu\u00e9b\u00e9cois touch\u00e9s par le cancer en mati\u00e8re de soutien, d\u2019accompagnement et de r\u00e9confort.<\/p>\n<p>&#8230;<\/p>\n<p>Pour en savoir plus, consultez notre <a href=\"https:\/\/cancerquebec.ca\/\">site web<\/a>, contactez-nous par courriel (cancerquebec.mtl@fqc.qc.ca), par appel t\u00e9l\u00e9phonique (514-527-2194), ou suivez-nous sur <a href=\"https:\/\/www.facebook.com\/fqcancer\/\">Facebook<\/a> et <a href=\"https:\/\/www.instagram.com\/fqcancer\/\">Instagram<\/a>.<\/p>\n","protected":false},"excerpt":{"rendered":"<p>Cr\u00e9\u00e9e en 1979 par cinq m\u00e9decins sp\u00e9cialis\u00e9s en oncologie, la Fondation qu\u00e9b\u00e9coise du cancer soutient au quotidien les personnes touch\u00e9es par le cancer, sur l\u2019ensemble du territoire du Qu\u00e9bec, par des services<\/p>\n","protected":false},"author":2,"featured_media":28732,"parent":4484,"menu_order":0,"comment_status":"closed","ping_status":"closed","template":"","meta":{"_acf_changed":false,"footnotes":""},"class_list":["post-28729","page","type-page","status-publish","has-post-thumbnail","hentry"],"acf":[],"yoast_head":"<!-- This site is optimized with the Yoast SEO plugin v27.4 - https:\/\/yoast.com\/product\/yoast-seo-wordpress\/ -->\n<title>Fondation qu\u00e9b\u00e9coise du cancer - Canadian Cancer Survivor Network<\/title>\n<meta name=\"robots\" content=\"index, follow, max-snippet:-1, max-image-preview:large, max-video-preview:-1\" \/>\n<link rel=\"canonical\" href=\"https:\/\/survivornet.ca\/fr\/reliez-vous\/partenaires\/fondation-quebecoise-du-cancer\/\" \/>\n<meta property=\"og:locale\" content=\"fr_FR\" \/>\n<meta property=\"og:type\" content=\"article\" \/>\n<meta property=\"og:title\" content=\"Fondation qu\u00e9b\u00e9coise du cancer - Canadian Cancer Survivor Network\" \/>\n<meta property=\"og:description\" content=\"Cr\u00e9\u00e9e en 1979 par cinq m\u00e9decins sp\u00e9cialis\u00e9s en oncologie, la Fondation qu\u00e9b\u00e9coise du cancer soutient au quotidien les personnes touch\u00e9es par le cancer, sur l\u2019ensemble du territoire du Qu\u00e9bec, par des services\" \/>\n<meta property=\"og:url\" content=\"https:\/\/survivornet.ca\/fr\/reliez-vous\/partenaires\/fondation-quebecoise-du-cancer\/\" \/>\n<meta property=\"og:site_name\" content=\"Canadian Cancer Survivor Network\" \/>\n<meta property=\"og:image\" content=\"https:\/\/survivornet.ca\/wp-content\/uploads\/2024\/02\/Fondation-quebecoise-du-cancer-logo-1.png\" \/>\n\t<meta property=\"og:image:width\" content=\"653\" \/>\n\t<meta property=\"og:image:height\" content=\"251\" \/>\n\t<meta property=\"og:image:type\" content=\"image\/png\" \/>\n<meta name=\"twitter:card\" content=\"summary_large_image\" \/>\n<meta name=\"twitter:label1\" content=\"Dur\u00e9e de lecture estim\u00e9e\" \/>\n\t<meta name=\"twitter:data1\" content=\"1 minute\" \/>\n<script type=\"application\/ld+json\" class=\"yoast-schema-graph\">{\"@context\":\"https:\\\/\\\/schema.org\",\"@graph\":[{\"@type\":\"WebPage\",\"@id\":\"https:\\\/\\\/survivornet.ca\\\/fr\\\/reliez-vous\\\/partenaires\\\/fondation-quebecoise-du-cancer\\\/\",\"url\":\"https:\\\/\\\/survivornet.ca\\\/fr\\\/reliez-vous\\\/partenaires\\\/fondation-quebecoise-du-cancer\\\/\",\"name\":\"Fondation qu\u00e9b\u00e9coise du cancer - Canadian Cancer Survivor Network\",\"isPartOf\":{\"@id\":\"https:\\\/\\\/survivornet.ca\\\/#website\"},\"primaryImageOfPage\":{\"@id\":\"https:\\\/\\\/survivornet.ca\\\/fr\\\/reliez-vous\\\/partenaires\\\/fondation-quebecoise-du-cancer\\\/#primaryimage\"},\"image\":{\"@id\":\"https:\\\/\\\/survivornet.ca\\\/fr\\\/reliez-vous\\\/partenaires\\\/fondation-quebecoise-du-cancer\\\/#primaryimage\"},\"thumbnailUrl\":\"https:\\\/\\\/survivornet.ca\\\/wp-content\\\/uploads\\\/2024\\\/02\\\/Fondation-quebecoise-du-cancer-logo-1.png\",\"datePublished\":\"2024-02-06T17:31:58+00:00\",\"breadcrumb\":{\"@id\":\"https:\\\/\\\/survivornet.ca\\\/fr\\\/reliez-vous\\\/partenaires\\\/fondation-quebecoise-du-cancer\\\/#breadcrumb\"},\"inLanguage\":\"fr-FR\",\"potentialAction\":[{\"@type\":\"ReadAction\",\"target\":[\"https:\\\/\\\/survivornet.ca\\\/fr\\\/reliez-vous\\\/partenaires\\\/fondation-quebecoise-du-cancer\\\/\"]}]},{\"@type\":\"ImageObject\",\"inLanguage\":\"fr-FR\",\"@id\":\"https:\\\/\\\/survivornet.ca\\\/fr\\\/reliez-vous\\\/partenaires\\\/fondation-quebecoise-du-cancer\\\/#primaryimage\",\"url\":\"https:\\\/\\\/survivornet.ca\\\/wp-content\\\/uploads\\\/2024\\\/02\\\/Fondation-quebecoise-du-cancer-logo-1.png\",\"contentUrl\":\"https:\\\/\\\/survivornet.ca\\\/wp-content\\\/uploads\\\/2024\\\/02\\\/Fondation-quebecoise-du-cancer-logo-1.png\",\"width\":653,\"height\":251},{\"@type\":\"BreadcrumbList\",\"@id\":\"https:\\\/\\\/survivornet.ca\\\/fr\\\/reliez-vous\\\/partenaires\\\/fondation-quebecoise-du-cancer\\\/#breadcrumb\",\"itemListElement\":[{\"@type\":\"ListItem\",\"position\":1,\"name\":\"Home\",\"item\":\"https:\\\/\\\/survivornet.ca\\\/fr\\\/\"},{\"@type\":\"ListItem\",\"position\":2,\"name\":\"Connectez\",\"item\":\"https:\\\/\\\/survivornet.ca\\\/fr\\\/reliez-vous\\\/\"},{\"@type\":\"ListItem\",\"position\":3,\"name\":\"Partenaires\",\"item\":\"https:\\\/\\\/survivornet.ca\\\/fr\\\/reliez-vous\\\/partenaires\\\/\"},{\"@type\":\"ListItem\",\"position\":4,\"name\":\"Fondation qu\u00e9b\u00e9coise du cancer\"}]},{\"@type\":\"WebSite\",\"@id\":\"https:\\\/\\\/survivornet.ca\\\/#website\",\"url\":\"https:\\\/\\\/survivornet.ca\\\/\",\"name\":\"Canadian Cancer Survivor Network\",\"description\":\"The Canadian Cancer Survivor Network was created by a group of Canadians concerned about cancer.\",\"publisher\":{\"@id\":\"https:\\\/\\\/survivornet.ca\\\/#organization\"},\"potentialAction\":[{\"@type\":\"SearchAction\",\"target\":{\"@type\":\"EntryPoint\",\"urlTemplate\":\"https:\\\/\\\/survivornet.ca\\\/?s={search_term_string}\"},\"query-input\":{\"@type\":\"PropertyValueSpecification\",\"valueRequired\":true,\"valueName\":\"search_term_string\"}}],\"inLanguage\":\"fr-FR\"},{\"@type\":\"Organization\",\"@id\":\"https:\\\/\\\/survivornet.ca\\\/#organization\",\"name\":\"Canadian Cancer Survivor Network\",\"url\":\"https:\\\/\\\/survivornet.ca\\\/\",\"logo\":{\"@type\":\"ImageObject\",\"inLanguage\":\"fr-FR\",\"@id\":\"https:\\\/\\\/survivornet.ca\\\/#\\\/schema\\\/logo\\\/image\\\/\",\"url\":\"http:\\\/\\\/survivornet.ca\\\/wp-content\\\/uploads\\\/2016\\\/12\\\/CCSN_Logo_EN_SQUARE.png\",\"contentUrl\":\"http:\\\/\\\/survivornet.ca\\\/wp-content\\\/uploads\\\/2016\\\/12\\\/CCSN_Logo_EN_SQUARE.png\",\"width\":1209,\"height\":1007,\"caption\":\"Canadian Cancer Survivor Network\"},\"image\":{\"@id\":\"https:\\\/\\\/survivornet.ca\\\/#\\\/schema\\\/logo\\\/image\\\/\"}}]}<\/script>\n<!-- \/ Yoast SEO plugin. -->","yoast_head_json":{"title":"Fondation qu\u00e9b\u00e9coise du cancer - Canadian Cancer Survivor Network","robots":{"index":"index","follow":"follow","max-snippet":"max-snippet:-1","max-image-preview":"max-image-preview:large","max-video-preview":"max-video-preview:-1"},"canonical":"https:\/\/survivornet.ca\/fr\/reliez-vous\/partenaires\/fondation-quebecoise-du-cancer\/","og_locale":"fr_FR","og_type":"article","og_title":"Fondation qu\u00e9b\u00e9coise du cancer - Canadian Cancer Survivor Network","og_description":"Cr\u00e9\u00e9e en 1979 par cinq m\u00e9decins sp\u00e9cialis\u00e9s en oncologie, la Fondation qu\u00e9b\u00e9coise du cancer soutient au quotidien les personnes touch\u00e9es par le cancer, sur l\u2019ensemble du territoire du Qu\u00e9bec, par des services","og_url":"https:\/\/survivornet.ca\/fr\/reliez-vous\/partenaires\/fondation-quebecoise-du-cancer\/","og_site_name":"Canadian Cancer Survivor Network","og_image":[{"width":653,"height":251,"url":"https:\/\/survivornet.ca\/wp-content\/uploads\/2024\/02\/Fondation-quebecoise-du-cancer-logo-1.png","type":"image\/png"}],"twitter_card":"summary_large_image","twitter_misc":{"Dur\u00e9e de lecture estim\u00e9e":"1 minute"},"schema":{"@context":"https:\/\/schema.org","@graph":[{"@type":"WebPage","@id":"https:\/\/survivornet.ca\/fr\/reliez-vous\/partenaires\/fondation-quebecoise-du-cancer\/","url":"https:\/\/survivornet.ca\/fr\/reliez-vous\/partenaires\/fondation-quebecoise-du-cancer\/","name":"Fondation qu\u00e9b\u00e9coise du cancer - Canadian Cancer Survivor Network","isPartOf":{"@id":"https:\/\/survivornet.ca\/#website"},"primaryImageOfPage":{"@id":"https:\/\/survivornet.ca\/fr\/reliez-vous\/partenaires\/fondation-quebecoise-du-cancer\/#primaryimage"},"image":{"@id":"https:\/\/survivornet.ca\/fr\/reliez-vous\/partenaires\/fondation-quebecoise-du-cancer\/#primaryimage"},"thumbnailUrl":"https:\/\/survivornet.ca\/wp-content\/uploads\/2024\/02\/Fondation-quebecoise-du-cancer-logo-1.png","datePublished":"2024-02-06T17:31:58+00:00","breadcrumb":{"@id":"https:\/\/survivornet.ca\/fr\/reliez-vous\/partenaires\/fondation-quebecoise-du-cancer\/#breadcrumb"},"inLanguage":"fr-FR","potentialAction":[{"@type":"ReadAction","target":["https:\/\/survivornet.ca\/fr\/reliez-vous\/partenaires\/fondation-quebecoise-du-cancer\/"]}]},{"@type":"ImageObject","inLanguage":"fr-FR","@id":"https:\/\/survivornet.ca\/fr\/reliez-vous\/partenaires\/fondation-quebecoise-du-cancer\/#primaryimage","url":"https:\/\/survivornet.ca\/wp-content\/uploads\/2024\/02\/Fondation-quebecoise-du-cancer-logo-1.png","contentUrl":"https:\/\/survivornet.ca\/wp-content\/uploads\/2024\/02\/Fondation-quebecoise-du-cancer-logo-1.png","width":653,"height":251},{"@type":"BreadcrumbList","@id":"https:\/\/survivornet.ca\/fr\/reliez-vous\/partenaires\/fondation-quebecoise-du-cancer\/#breadcrumb","itemListElement":[{"@type":"ListItem","position":1,"name":"Home","item":"https:\/\/survivornet.ca\/fr\/"},{"@type":"ListItem","position":2,"name":"Connectez","item":"https:\/\/survivornet.ca\/fr\/reliez-vous\/"},{"@type":"ListItem","position":3,"name":"Partenaires","item":"https:\/\/survivornet.ca\/fr\/reliez-vous\/partenaires\/"},{"@type":"ListItem","position":4,"name":"Fondation qu\u00e9b\u00e9coise du cancer"}]},{"@type":"WebSite","@id":"https:\/\/survivornet.ca\/#website","url":"https:\/\/survivornet.ca\/","name":"Canadian Cancer Survivor Network","description":"The Canadian Cancer Survivor Network was created by a group of Canadians concerned about cancer.","publisher":{"@id":"https:\/\/survivornet.ca\/#organization"},"potentialAction":[{"@type":"SearchAction","target":{"@type":"EntryPoint","urlTemplate":"https:\/\/survivornet.ca\/?s={search_term_string}"},"query-input":{"@type":"PropertyValueSpecification","valueRequired":true,"valueName":"search_term_string"}}],"inLanguage":"fr-FR"},{"@type":"Organization","@id":"https:\/\/survivornet.ca\/#organization","name":"Canadian Cancer Survivor Network","url":"https:\/\/survivornet.ca\/","logo":{"@type":"ImageObject","inLanguage":"fr-FR","@id":"https:\/\/survivornet.ca\/#\/schema\/logo\/image\/","url":"http:\/\/survivornet.ca\/wp-content\/uploads\/2016\/12\/CCSN_Logo_EN_SQUARE.png","contentUrl":"http:\/\/survivornet.ca\/wp-content\/uploads\/2016\/12\/CCSN_Logo_EN_SQUARE.png","width":1209,"height":1007,"caption":"Canadian Cancer Survivor Network"},"image":{"@id":"https:\/\/survivornet.ca\/#\/schema\/logo\/image\/"}}]}},"_links":{"self":[{"href":"https:\/\/survivornet.ca\/fr\/wp-json\/wp\/v2\/pages\/28729","targetHints":{"allow":["GET"]}}],"collection":[{"href":"https:\/\/survivornet.ca\/fr\/wp-json\/wp\/v2\/pages"}],"about":[{"href":"https:\/\/survivornet.ca\/fr\/wp-json\/wp\/v2\/types\/page"}],"author":[{"embeddable":true,"href":"https:\/\/survivornet.ca\/fr\/wp-json\/wp\/v2\/users\/2"}],"replies":[{"embeddable":true,"href":"https:\/\/survivornet.ca\/fr\/wp-json\/wp\/v2\/comments?post=28729"}],"version-history":[{"count":1,"href":"https:\/\/survivornet.ca\/fr\/wp-json\/wp\/v2\/pages\/28729\/revisions"}],"predecessor-version":[{"id":28734,"href":"https:\/\/survivornet.ca\/fr\/wp-json\/wp\/v2\/pages\/28729\/revisions\/28734"}],"up":[{"embeddable":true,"href":"https:\/\/survivornet.ca\/fr\/wp-json\/wp\/v2\/pages\/4484"}],"wp:featuredmedia":[{"embeddable":true,"href":"https:\/\/survivornet.ca\/fr\/wp-json\/wp\/v2\/media\/28732"}],"wp:attachment":[{"href":"https:\/\/survivornet.ca\/fr\/wp-json\/wp\/v2\/media?parent=28729"}],"curies":[{"name":"wp","href":"https:\/\/api.w.org\/{rel}","templated":true}]}}