{"id":28719,"date":"2024-02-06T11:58:14","date_gmt":"2024-02-06T16:58:14","guid":{"rendered":"https:\/\/survivornet.ca\/?page_id=28719"},"modified":"2024-02-06T11:58:14","modified_gmt":"2024-02-06T16:58:14","slug":"craigs-cause-pancreatic-cancer-society","status":"publish","type":"page","link":"https:\/\/survivornet.ca\/fr\/reliez-vous\/partenaires\/craigs-cause-pancreatic-cancer-society\/","title":{"rendered":"Craig&#8217;s Cause Pancreatic Cancer Society"},"content":{"rendered":"<p><a href=\"http:\/\/survivornet.ca\/wp-content\/uploads\/2024\/02\/Craig-s-Cause-Pancreatic-Cancer-Society-Logo.png\"><img loading=\"lazy\" decoding=\"async\" class=\"aligncenter  wp-image-28720\" src=\"http:\/\/survivornet.ca\/wp-content\/uploads\/2024\/02\/Craig-s-Cause-Pancreatic-Cancer-Society-Logo.png\" alt=\"\" width=\"538\" height=\"125\" srcset=\"https:\/\/survivornet.ca\/wp-content\/uploads\/2024\/02\/Craig-s-Cause-Pancreatic-Cancer-Society-Logo.png 1528w, https:\/\/survivornet.ca\/wp-content\/uploads\/2024\/02\/Craig-s-Cause-Pancreatic-Cancer-Society-Logo-768x179.png 768w\" sizes=\"auto, (max-width: 538px) 100vw, 538px\" \/><\/a><\/p>\n<p><strong><span style=\"text-decoration: underline;\">Mission<\/span><\/strong><\/p>\n<p>Craig&#8217;s Cause Pancreatic Cancer Society est un organisme de bienfaisance national qui se consacre \u00e0 la fois \u00e0 l&#8217;augmentation du taux de survie et \u00e0 l&#8217;am\u00e9lioration de la qualit\u00e9 de vie de chaque Canadien diagnostiqu\u00e9 avec un cancer du pancr\u00e9as, au moyen de sensibilisation, d&#8217;\u00e9ducation, de soutien et de recherche.<\/p>\n<p><span style=\"text-decoration: underline;\"><strong>Vision<\/strong><\/span><\/p>\n<p>Un monde o\u00f9 l&#8217;on s&#8217;attend \u00e0 survivre au cancer du pancr\u00e9as.<\/p>\n<p><span style=\"text-decoration: underline;\"><strong>Histoire<\/strong><\/span><\/p>\n<p>En juin 2006, Craig Schurman Condon a commenc\u00e9 \u00e0 se sentir mal. Il avait des reflux acides, des selles blanches, une urine fonc\u00e9e et une peau jaun\u00e2tre. Inquiet, il a consult\u00e9 son m\u00e9decin. Ce dernier soup\u00e7onnait une h\u00e9patite A. Lorsque les r\u00e9sultats se sont r\u00e9v\u00e9l\u00e9s n\u00e9gatifs, son m\u00e9decin \u00e9tait perplexe. C&#8217;est alors que l&#8217;aventure de Craig contre le cancer du pancr\u00e9as a commenc\u00e9. En juillet 2006, Craig a re\u00e7u un diagnostic de cancer du pancr\u00e9as. En septembre, il mourut \u00e0 l&#8217;\u00e2ge de 63 ans, soit huit semaines apr\u00e8s avoir re\u00e7u sont diagnostic. En 2007, Craig&#8217;s Cause fut cr\u00e9\u00e9e en sa m\u00e9moire, en tant qu&#8217;organisation \u00e0 but non lucratif. L&#8217;objectif \u00e9tait de sensibiliser la communaut\u00e9 et de financer les efforts de recherche. En 2012, la Craig&#8217;s Cause Pancreatic Cancer Society fut rebaptis\u00e9e et re\u00e7u son num\u00e9ro national d&#8217;entreprise caritative.<\/p>\n<p>Depuis sa cr\u00e9ation, cette organisation populaire est devenue un organisme de bienfaisance national reconnu pour ses campagnes et ses \u00e9v\u00e9nements nationaux de sensibilisation, ses programmes d&#8217;\u00e9ducation et de soutien, et pour le support financier de diverses branches de recherche.<\/p>\n<p>Nous sommes fiers de collaborer avec des conseils d&#8217;administration internationaux, nationaux et provinciaux, des organisations, des \u00e9tablissements et des professionnels de la sant\u00e9, ainsi qu&#8217;une vari\u00e9t\u00e9 d&#8217;autres instituts de recherche sur le cancer. Ces partenariats et initiatives de collecte de fonds ont permis de r\u00e9colter plus de 2 000 000$ rien qu&#8217;en financement de recherche.<\/p>\n<p>La Craig&#8217;s Cause Pancreatic Cancer Society s&#8217;est distingu\u00e9e de tant d&#8217;autres organisations caritatives en poursuivant sa mission de reverser 100% de tous les dons caritatifs \u00e0 des programmes de sensibilisation, d&#8217;\u00e9ducation, de soutien aux patients et de recherche.<\/p>\n<p>&#8230;<\/p>\n<p>Pour en savoir plus, consultez notre <a href=\"https:\/\/www.craigscause.ca\/\">site web<\/a>, contactez-nous par courriel (info@craigscause.ca), ou suivez-nous sur <a href=\"https:\/\/www.facebook.com\/CraigsCauseCan\/\">Facebook<\/a> et <a href=\"https:\/\/www.instagram.com\/craigscausecan\/\">Instagram<\/a>.<\/p>\n","protected":false},"excerpt":{"rendered":"<p>Mission Craig&#8217;s Cause Pancreatic Cancer Society est un organisme de bienfaisance national qui se consacre \u00e0 la fois \u00e0 l&#8217;augmentation du taux de survie et \u00e0 l&#8217;am\u00e9lioration de la qualit\u00e9 de vie<\/p>\n","protected":false},"author":2,"featured_media":28720,"parent":4484,"menu_order":0,"comment_status":"closed","ping_status":"closed","template":"","meta":{"_acf_changed":false,"footnotes":""},"class_list":["post-28719","page","type-page","status-publish","has-post-thumbnail","hentry"],"acf":[],"yoast_head":"<!-- This site is optimized with the Yoast SEO plugin v27.4 - https:\/\/yoast.com\/product\/yoast-seo-wordpress\/ -->\n<title>Craig&#039;s Cause Pancreatic Cancer Society - Canadian Cancer Survivor Network<\/title>\n<meta name=\"robots\" content=\"index, follow, max-snippet:-1, max-image-preview:large, max-video-preview:-1\" \/>\n<link rel=\"canonical\" href=\"https:\/\/survivornet.ca\/fr\/reliez-vous\/partenaires\/craigs-cause-pancreatic-cancer-society\/\" \/>\n<meta property=\"og:locale\" content=\"fr_FR\" \/>\n<meta property=\"og:type\" content=\"article\" \/>\n<meta property=\"og:title\" content=\"Craig&#039;s Cause Pancreatic Cancer Society - Canadian Cancer Survivor Network\" \/>\n<meta property=\"og:description\" content=\"Mission Craig&#8217;s Cause Pancreatic Cancer Society est un organisme de bienfaisance national qui se consacre \u00e0 la fois \u00e0 l&#8217;augmentation du taux de survie et \u00e0 l&#8217;am\u00e9lioration de la qualit\u00e9 de vie\" \/>\n<meta property=\"og:url\" content=\"https:\/\/survivornet.ca\/fr\/reliez-vous\/partenaires\/craigs-cause-pancreatic-cancer-society\/\" \/>\n<meta property=\"og:site_name\" content=\"Canadian Cancer Survivor Network\" \/>\n<meta property=\"og:image\" content=\"https:\/\/survivornet.ca\/wp-content\/uploads\/2024\/02\/Craig-s-Cause-Pancreatic-Cancer-Society-Logo.png\" \/>\n\t<meta property=\"og:image:width\" content=\"1528\" \/>\n\t<meta property=\"og:image:height\" content=\"356\" \/>\n\t<meta property=\"og:image:type\" content=\"image\/png\" \/>\n<meta name=\"twitter:card\" content=\"summary_large_image\" \/>\n<meta name=\"twitter:label1\" content=\"Dur\u00e9e de lecture estim\u00e9e\" \/>\n\t<meta name=\"twitter:data1\" content=\"2 minutes\" \/>\n<script type=\"application\/ld+json\" class=\"yoast-schema-graph\">{\"@context\":\"https:\\\/\\\/schema.org\",\"@graph\":[{\"@type\":\"WebPage\",\"@id\":\"https:\\\/\\\/survivornet.ca\\\/fr\\\/reliez-vous\\\/partenaires\\\/craigs-cause-pancreatic-cancer-society\\\/\",\"url\":\"https:\\\/\\\/survivornet.ca\\\/fr\\\/reliez-vous\\\/partenaires\\\/craigs-cause-pancreatic-cancer-society\\\/\",\"name\":\"Craig's Cause Pancreatic Cancer Society - Canadian Cancer Survivor Network\",\"isPartOf\":{\"@id\":\"https:\\\/\\\/survivornet.ca\\\/#website\"},\"primaryImageOfPage\":{\"@id\":\"https:\\\/\\\/survivornet.ca\\\/fr\\\/reliez-vous\\\/partenaires\\\/craigs-cause-pancreatic-cancer-society\\\/#primaryimage\"},\"image\":{\"@id\":\"https:\\\/\\\/survivornet.ca\\\/fr\\\/reliez-vous\\\/partenaires\\\/craigs-cause-pancreatic-cancer-society\\\/#primaryimage\"},\"thumbnailUrl\":\"https:\\\/\\\/survivornet.ca\\\/wp-content\\\/uploads\\\/2024\\\/02\\\/Craig-s-Cause-Pancreatic-Cancer-Society-Logo.png\",\"datePublished\":\"2024-02-06T16:58:14+00:00\",\"breadcrumb\":{\"@id\":\"https:\\\/\\\/survivornet.ca\\\/fr\\\/reliez-vous\\\/partenaires\\\/craigs-cause-pancreatic-cancer-society\\\/#breadcrumb\"},\"inLanguage\":\"fr-FR\",\"potentialAction\":[{\"@type\":\"ReadAction\",\"target\":[\"https:\\\/\\\/survivornet.ca\\\/fr\\\/reliez-vous\\\/partenaires\\\/craigs-cause-pancreatic-cancer-society\\\/\"]}]},{\"@type\":\"ImageObject\",\"inLanguage\":\"fr-FR\",\"@id\":\"https:\\\/\\\/survivornet.ca\\\/fr\\\/reliez-vous\\\/partenaires\\\/craigs-cause-pancreatic-cancer-society\\\/#primaryimage\",\"url\":\"https:\\\/\\\/survivornet.ca\\\/wp-content\\\/uploads\\\/2024\\\/02\\\/Craig-s-Cause-Pancreatic-Cancer-Society-Logo.png\",\"contentUrl\":\"https:\\\/\\\/survivornet.ca\\\/wp-content\\\/uploads\\\/2024\\\/02\\\/Craig-s-Cause-Pancreatic-Cancer-Society-Logo.png\",\"width\":1528,\"height\":356},{\"@type\":\"BreadcrumbList\",\"@id\":\"https:\\\/\\\/survivornet.ca\\\/fr\\\/reliez-vous\\\/partenaires\\\/craigs-cause-pancreatic-cancer-society\\\/#breadcrumb\",\"itemListElement\":[{\"@type\":\"ListItem\",\"position\":1,\"name\":\"Home\",\"item\":\"https:\\\/\\\/survivornet.ca\\\/fr\\\/\"},{\"@type\":\"ListItem\",\"position\":2,\"name\":\"Connectez\",\"item\":\"https:\\\/\\\/survivornet.ca\\\/fr\\\/reliez-vous\\\/\"},{\"@type\":\"ListItem\",\"position\":3,\"name\":\"Partenaires\",\"item\":\"https:\\\/\\\/survivornet.ca\\\/fr\\\/reliez-vous\\\/partenaires\\\/\"},{\"@type\":\"ListItem\",\"position\":4,\"name\":\"Craig&#8217;s Cause Pancreatic Cancer Society\"}]},{\"@type\":\"WebSite\",\"@id\":\"https:\\\/\\\/survivornet.ca\\\/#website\",\"url\":\"https:\\\/\\\/survivornet.ca\\\/\",\"name\":\"Canadian Cancer Survivor Network\",\"description\":\"The Canadian Cancer Survivor Network was created by a group of Canadians concerned about cancer.\",\"publisher\":{\"@id\":\"https:\\\/\\\/survivornet.ca\\\/#organization\"},\"potentialAction\":[{\"@type\":\"SearchAction\",\"target\":{\"@type\":\"EntryPoint\",\"urlTemplate\":\"https:\\\/\\\/survivornet.ca\\\/?s={search_term_string}\"},\"query-input\":{\"@type\":\"PropertyValueSpecification\",\"valueRequired\":true,\"valueName\":\"search_term_string\"}}],\"inLanguage\":\"fr-FR\"},{\"@type\":\"Organization\",\"@id\":\"https:\\\/\\\/survivornet.ca\\\/#organization\",\"name\":\"Canadian Cancer Survivor Network\",\"url\":\"https:\\\/\\\/survivornet.ca\\\/\",\"logo\":{\"@type\":\"ImageObject\",\"inLanguage\":\"fr-FR\",\"@id\":\"https:\\\/\\\/survivornet.ca\\\/#\\\/schema\\\/logo\\\/image\\\/\",\"url\":\"http:\\\/\\\/survivornet.ca\\\/wp-content\\\/uploads\\\/2016\\\/12\\\/CCSN_Logo_EN_SQUARE.png\",\"contentUrl\":\"http:\\\/\\\/survivornet.ca\\\/wp-content\\\/uploads\\\/2016\\\/12\\\/CCSN_Logo_EN_SQUARE.png\",\"width\":1209,\"height\":1007,\"caption\":\"Canadian Cancer Survivor Network\"},\"image\":{\"@id\":\"https:\\\/\\\/survivornet.ca\\\/#\\\/schema\\\/logo\\\/image\\\/\"}}]}<\/script>\n<!-- \/ Yoast SEO plugin. -->","yoast_head_json":{"title":"Craig's Cause Pancreatic Cancer Society - Canadian Cancer Survivor Network","robots":{"index":"index","follow":"follow","max-snippet":"max-snippet:-1","max-image-preview":"max-image-preview:large","max-video-preview":"max-video-preview:-1"},"canonical":"https:\/\/survivornet.ca\/fr\/reliez-vous\/partenaires\/craigs-cause-pancreatic-cancer-society\/","og_locale":"fr_FR","og_type":"article","og_title":"Craig's Cause Pancreatic Cancer Society - Canadian Cancer Survivor Network","og_description":"Mission Craig&#8217;s Cause Pancreatic Cancer Society est un organisme de bienfaisance national qui se consacre \u00e0 la fois \u00e0 l&#8217;augmentation du taux de survie et \u00e0 l&#8217;am\u00e9lioration de la qualit\u00e9 de vie","og_url":"https:\/\/survivornet.ca\/fr\/reliez-vous\/partenaires\/craigs-cause-pancreatic-cancer-society\/","og_site_name":"Canadian Cancer Survivor Network","og_image":[{"width":1528,"height":356,"url":"https:\/\/survivornet.ca\/wp-content\/uploads\/2024\/02\/Craig-s-Cause-Pancreatic-Cancer-Society-Logo.png","type":"image\/png"}],"twitter_card":"summary_large_image","twitter_misc":{"Dur\u00e9e de lecture estim\u00e9e":"2 minutes"},"schema":{"@context":"https:\/\/schema.org","@graph":[{"@type":"WebPage","@id":"https:\/\/survivornet.ca\/fr\/reliez-vous\/partenaires\/craigs-cause-pancreatic-cancer-society\/","url":"https:\/\/survivornet.ca\/fr\/reliez-vous\/partenaires\/craigs-cause-pancreatic-cancer-society\/","name":"Craig's Cause Pancreatic Cancer Society - Canadian Cancer Survivor Network","isPartOf":{"@id":"https:\/\/survivornet.ca\/#website"},"primaryImageOfPage":{"@id":"https:\/\/survivornet.ca\/fr\/reliez-vous\/partenaires\/craigs-cause-pancreatic-cancer-society\/#primaryimage"},"image":{"@id":"https:\/\/survivornet.ca\/fr\/reliez-vous\/partenaires\/craigs-cause-pancreatic-cancer-society\/#primaryimage"},"thumbnailUrl":"https:\/\/survivornet.ca\/wp-content\/uploads\/2024\/02\/Craig-s-Cause-Pancreatic-Cancer-Society-Logo.png","datePublished":"2024-02-06T16:58:14+00:00","breadcrumb":{"@id":"https:\/\/survivornet.ca\/fr\/reliez-vous\/partenaires\/craigs-cause-pancreatic-cancer-society\/#breadcrumb"},"inLanguage":"fr-FR","potentialAction":[{"@type":"ReadAction","target":["https:\/\/survivornet.ca\/fr\/reliez-vous\/partenaires\/craigs-cause-pancreatic-cancer-society\/"]}]},{"@type":"ImageObject","inLanguage":"fr-FR","@id":"https:\/\/survivornet.ca\/fr\/reliez-vous\/partenaires\/craigs-cause-pancreatic-cancer-society\/#primaryimage","url":"https:\/\/survivornet.ca\/wp-content\/uploads\/2024\/02\/Craig-s-Cause-Pancreatic-Cancer-Society-Logo.png","contentUrl":"https:\/\/survivornet.ca\/wp-content\/uploads\/2024\/02\/Craig-s-Cause-Pancreatic-Cancer-Society-Logo.png","width":1528,"height":356},{"@type":"BreadcrumbList","@id":"https:\/\/survivornet.ca\/fr\/reliez-vous\/partenaires\/craigs-cause-pancreatic-cancer-society\/#breadcrumb","itemListElement":[{"@type":"ListItem","position":1,"name":"Home","item":"https:\/\/survivornet.ca\/fr\/"},{"@type":"ListItem","position":2,"name":"Connectez","item":"https:\/\/survivornet.ca\/fr\/reliez-vous\/"},{"@type":"ListItem","position":3,"name":"Partenaires","item":"https:\/\/survivornet.ca\/fr\/reliez-vous\/partenaires\/"},{"@type":"ListItem","position":4,"name":"Craig&#8217;s Cause Pancreatic Cancer Society"}]},{"@type":"WebSite","@id":"https:\/\/survivornet.ca\/#website","url":"https:\/\/survivornet.ca\/","name":"Canadian Cancer Survivor Network","description":"The Canadian Cancer Survivor Network was created by a group of Canadians concerned about cancer.","publisher":{"@id":"https:\/\/survivornet.ca\/#organization"},"potentialAction":[{"@type":"SearchAction","target":{"@type":"EntryPoint","urlTemplate":"https:\/\/survivornet.ca\/?s={search_term_string}"},"query-input":{"@type":"PropertyValueSpecification","valueRequired":true,"valueName":"search_term_string"}}],"inLanguage":"fr-FR"},{"@type":"Organization","@id":"https:\/\/survivornet.ca\/#organization","name":"Canadian Cancer Survivor Network","url":"https:\/\/survivornet.ca\/","logo":{"@type":"ImageObject","inLanguage":"fr-FR","@id":"https:\/\/survivornet.ca\/#\/schema\/logo\/image\/","url":"http:\/\/survivornet.ca\/wp-content\/uploads\/2016\/12\/CCSN_Logo_EN_SQUARE.png","contentUrl":"http:\/\/survivornet.ca\/wp-content\/uploads\/2016\/12\/CCSN_Logo_EN_SQUARE.png","width":1209,"height":1007,"caption":"Canadian Cancer Survivor Network"},"image":{"@id":"https:\/\/survivornet.ca\/#\/schema\/logo\/image\/"}}]}},"_links":{"self":[{"href":"https:\/\/survivornet.ca\/fr\/wp-json\/wp\/v2\/pages\/28719","targetHints":{"allow":["GET"]}}],"collection":[{"href":"https:\/\/survivornet.ca\/fr\/wp-json\/wp\/v2\/pages"}],"about":[{"href":"https:\/\/survivornet.ca\/fr\/wp-json\/wp\/v2\/types\/page"}],"author":[{"embeddable":true,"href":"https:\/\/survivornet.ca\/fr\/wp-json\/wp\/v2\/users\/2"}],"replies":[{"embeddable":true,"href":"https:\/\/survivornet.ca\/fr\/wp-json\/wp\/v2\/comments?post=28719"}],"version-history":[{"count":1,"href":"https:\/\/survivornet.ca\/fr\/wp-json\/wp\/v2\/pages\/28719\/revisions"}],"predecessor-version":[{"id":28722,"href":"https:\/\/survivornet.ca\/fr\/wp-json\/wp\/v2\/pages\/28719\/revisions\/28722"}],"up":[{"embeddable":true,"href":"https:\/\/survivornet.ca\/fr\/wp-json\/wp\/v2\/pages\/4484"}],"wp:featuredmedia":[{"embeddable":true,"href":"https:\/\/survivornet.ca\/fr\/wp-json\/wp\/v2\/media\/28720"}],"wp:attachment":[{"href":"https:\/\/survivornet.ca\/fr\/wp-json\/wp\/v2\/media?parent=28719"}],"curies":[{"name":"wp","href":"https:\/\/api.w.org\/{rel}","templated":true}]}}