{"id":28714,"date":"2024-02-06T11:23:10","date_gmt":"2024-02-06T16:23:10","guid":{"rendered":"https:\/\/survivornet.ca\/?page_id=28714"},"modified":"2024-02-06T11:23:10","modified_gmt":"2024-02-06T16:23:10","slug":"reseau-dinformations-et-soutien-pour-le-cancer-colorectal-riscc","status":"publish","type":"page","link":"https:\/\/survivornet.ca\/fr\/reliez-vous\/partenaires\/reseau-dinformations-et-soutien-pour-le-cancer-colorectal-riscc\/","title":{"rendered":"R\u00e9seau d&#8217;informations et soutien pour le cancer colorectal (RISCC)"},"content":{"rendered":"<p><a href=\"http:\/\/survivornet.ca\/wp-content\/uploads\/2024\/02\/Colorectal-Cancer-Resource-Action-Network-CCRAN-logo.png\"><img loading=\"lazy\" decoding=\"async\" class=\"aligncenter  wp-image-28715\" src=\"http:\/\/survivornet.ca\/wp-content\/uploads\/2024\/02\/Colorectal-Cancer-Resource-Action-Network-CCRAN-logo.png\" alt=\"\" width=\"357\" height=\"119\" \/><\/a><\/p>\n<p>&nbsp;<\/p>\n<p>Depuis juillet 2006, le RISCC est le r\u00e9seau de soutien, d&#8217;\u00e9ducation et de d\u00e9fense des droits des patients et des soignants touch\u00e9s par un cancer colorectal le plus fiable au Canada.<\/p>\n<p>Nous soutenons activement les patients et leurs proches aidants en fournissant des informations et une \u00e9ducation fond\u00e9es sur des donn\u00e9es probantes concernant le cancer colorectal. De plus, nous plaidons pour un acc\u00e8s \u00e9galitaire et rapide \u00e0 des th\u00e9rapies efficaces pour am\u00e9liorer les r\u00e9sultats pour les patients. Nous nous engageons \u00e0 am\u00e9liorer la dur\u00e9e et la qualit\u00e9 de vie de tous les individus atteints d&#8217;un cancer colorectal au Canada.<\/p>\n<p>&#8230;<\/p>\n<p>Pour en savoir plus, consultez notre <a href=\"https:\/\/www.ccran.org\/fr\/accueil\">site web<\/a>, contactez-nous par courriel (info@ccran.org), ou suivez-nous sur <a href=\"https:\/\/www.facebook.com\/ccranorg\">Facebook<\/a> et <a href=\"https:\/\/www.instagram.com\/ccranorg\/\">Instagram<\/a>.<\/p>\n","protected":false},"excerpt":{"rendered":"<p>&nbsp; Depuis juillet 2006, le RISCC est le r\u00e9seau de soutien, d&#8217;\u00e9ducation et de d\u00e9fense des droits des patients et des soignants touch\u00e9s par un cancer colorectal le plus fiable au Canada.<\/p>\n","protected":false},"author":2,"featured_media":28715,"parent":4484,"menu_order":0,"comment_status":"closed","ping_status":"closed","template":"","meta":{"_acf_changed":false,"footnotes":""},"class_list":["post-28714","page","type-page","status-publish","has-post-thumbnail","hentry"],"acf":[],"yoast_head":"<!-- This site is optimized with the Yoast SEO plugin v27.4 - https:\/\/yoast.com\/product\/yoast-seo-wordpress\/ -->\n<title>R\u00e9seau d&#039;informations et soutien pour le cancer colorectal (RISCC) - Canadian Cancer Survivor Network<\/title>\n<meta name=\"robots\" content=\"index, follow, max-snippet:-1, max-image-preview:large, max-video-preview:-1\" \/>\n<link rel=\"canonical\" href=\"https:\/\/survivornet.ca\/fr\/reliez-vous\/partenaires\/reseau-dinformations-et-soutien-pour-le-cancer-colorectal-riscc\/\" \/>\n<meta property=\"og:locale\" content=\"fr_FR\" \/>\n<meta property=\"og:type\" content=\"article\" \/>\n<meta property=\"og:title\" content=\"R\u00e9seau d&#039;informations et soutien pour le cancer colorectal (RISCC) - Canadian Cancer Survivor Network\" \/>\n<meta property=\"og:description\" content=\"&nbsp; Depuis juillet 2006, le RISCC est le r\u00e9seau de soutien, d&#8217;\u00e9ducation et de d\u00e9fense des droits des patients et des soignants touch\u00e9s par un cancer colorectal le plus fiable au Canada.\" \/>\n<meta property=\"og:url\" content=\"https:\/\/survivornet.ca\/fr\/reliez-vous\/partenaires\/reseau-dinformations-et-soutien-pour-le-cancer-colorectal-riscc\/\" \/>\n<meta property=\"og:site_name\" content=\"Canadian Cancer Survivor Network\" \/>\n<meta property=\"og:image\" content=\"https:\/\/survivornet.ca\/wp-content\/uploads\/2024\/02\/Colorectal-Cancer-Resource-Action-Network-CCRAN-logo.png\" \/>\n\t<meta property=\"og:image:width\" content=\"288\" \/>\n\t<meta property=\"og:image:height\" content=\"96\" \/>\n\t<meta property=\"og:image:type\" content=\"image\/png\" \/>\n<meta name=\"twitter:card\" content=\"summary_large_image\" \/>\n<meta name=\"twitter:label1\" content=\"Dur\u00e9e de lecture estim\u00e9e\" \/>\n\t<meta name=\"twitter:data1\" content=\"1 minute\" \/>\n<script type=\"application\/ld+json\" class=\"yoast-schema-graph\">{\"@context\":\"https:\\\/\\\/schema.org\",\"@graph\":[{\"@type\":\"WebPage\",\"@id\":\"https:\\\/\\\/survivornet.ca\\\/fr\\\/reliez-vous\\\/partenaires\\\/reseau-dinformations-et-soutien-pour-le-cancer-colorectal-riscc\\\/\",\"url\":\"https:\\\/\\\/survivornet.ca\\\/fr\\\/reliez-vous\\\/partenaires\\\/reseau-dinformations-et-soutien-pour-le-cancer-colorectal-riscc\\\/\",\"name\":\"R\u00e9seau d'informations et soutien pour le cancer colorectal (RISCC) - Canadian Cancer Survivor Network\",\"isPartOf\":{\"@id\":\"https:\\\/\\\/survivornet.ca\\\/#website\"},\"primaryImageOfPage\":{\"@id\":\"https:\\\/\\\/survivornet.ca\\\/fr\\\/reliez-vous\\\/partenaires\\\/reseau-dinformations-et-soutien-pour-le-cancer-colorectal-riscc\\\/#primaryimage\"},\"image\":{\"@id\":\"https:\\\/\\\/survivornet.ca\\\/fr\\\/reliez-vous\\\/partenaires\\\/reseau-dinformations-et-soutien-pour-le-cancer-colorectal-riscc\\\/#primaryimage\"},\"thumbnailUrl\":\"https:\\\/\\\/survivornet.ca\\\/wp-content\\\/uploads\\\/2024\\\/02\\\/Colorectal-Cancer-Resource-Action-Network-CCRAN-logo.png\",\"datePublished\":\"2024-02-06T16:23:10+00:00\",\"breadcrumb\":{\"@id\":\"https:\\\/\\\/survivornet.ca\\\/fr\\\/reliez-vous\\\/partenaires\\\/reseau-dinformations-et-soutien-pour-le-cancer-colorectal-riscc\\\/#breadcrumb\"},\"inLanguage\":\"fr-FR\",\"potentialAction\":[{\"@type\":\"ReadAction\",\"target\":[\"https:\\\/\\\/survivornet.ca\\\/fr\\\/reliez-vous\\\/partenaires\\\/reseau-dinformations-et-soutien-pour-le-cancer-colorectal-riscc\\\/\"]}]},{\"@type\":\"ImageObject\",\"inLanguage\":\"fr-FR\",\"@id\":\"https:\\\/\\\/survivornet.ca\\\/fr\\\/reliez-vous\\\/partenaires\\\/reseau-dinformations-et-soutien-pour-le-cancer-colorectal-riscc\\\/#primaryimage\",\"url\":\"https:\\\/\\\/survivornet.ca\\\/wp-content\\\/uploads\\\/2024\\\/02\\\/Colorectal-Cancer-Resource-Action-Network-CCRAN-logo.png\",\"contentUrl\":\"https:\\\/\\\/survivornet.ca\\\/wp-content\\\/uploads\\\/2024\\\/02\\\/Colorectal-Cancer-Resource-Action-Network-CCRAN-logo.png\",\"width\":288,\"height\":96},{\"@type\":\"BreadcrumbList\",\"@id\":\"https:\\\/\\\/survivornet.ca\\\/fr\\\/reliez-vous\\\/partenaires\\\/reseau-dinformations-et-soutien-pour-le-cancer-colorectal-riscc\\\/#breadcrumb\",\"itemListElement\":[{\"@type\":\"ListItem\",\"position\":1,\"name\":\"Home\",\"item\":\"https:\\\/\\\/survivornet.ca\\\/fr\\\/\"},{\"@type\":\"ListItem\",\"position\":2,\"name\":\"Connectez\",\"item\":\"https:\\\/\\\/survivornet.ca\\\/fr\\\/reliez-vous\\\/\"},{\"@type\":\"ListItem\",\"position\":3,\"name\":\"Partenaires\",\"item\":\"https:\\\/\\\/survivornet.ca\\\/fr\\\/reliez-vous\\\/partenaires\\\/\"},{\"@type\":\"ListItem\",\"position\":4,\"name\":\"R\u00e9seau d&#8217;informations et soutien pour le cancer colorectal (RISCC)\"}]},{\"@type\":\"WebSite\",\"@id\":\"https:\\\/\\\/survivornet.ca\\\/#website\",\"url\":\"https:\\\/\\\/survivornet.ca\\\/\",\"name\":\"Canadian Cancer Survivor Network\",\"description\":\"The Canadian Cancer Survivor Network was created by a group of Canadians concerned about cancer.\",\"publisher\":{\"@id\":\"https:\\\/\\\/survivornet.ca\\\/#organization\"},\"potentialAction\":[{\"@type\":\"SearchAction\",\"target\":{\"@type\":\"EntryPoint\",\"urlTemplate\":\"https:\\\/\\\/survivornet.ca\\\/?s={search_term_string}\"},\"query-input\":{\"@type\":\"PropertyValueSpecification\",\"valueRequired\":true,\"valueName\":\"search_term_string\"}}],\"inLanguage\":\"fr-FR\"},{\"@type\":\"Organization\",\"@id\":\"https:\\\/\\\/survivornet.ca\\\/#organization\",\"name\":\"Canadian Cancer Survivor Network\",\"url\":\"https:\\\/\\\/survivornet.ca\\\/\",\"logo\":{\"@type\":\"ImageObject\",\"inLanguage\":\"fr-FR\",\"@id\":\"https:\\\/\\\/survivornet.ca\\\/#\\\/schema\\\/logo\\\/image\\\/\",\"url\":\"http:\\\/\\\/survivornet.ca\\\/wp-content\\\/uploads\\\/2016\\\/12\\\/CCSN_Logo_EN_SQUARE.png\",\"contentUrl\":\"http:\\\/\\\/survivornet.ca\\\/wp-content\\\/uploads\\\/2016\\\/12\\\/CCSN_Logo_EN_SQUARE.png\",\"width\":1209,\"height\":1007,\"caption\":\"Canadian Cancer Survivor Network\"},\"image\":{\"@id\":\"https:\\\/\\\/survivornet.ca\\\/#\\\/schema\\\/logo\\\/image\\\/\"}}]}<\/script>\n<!-- \/ Yoast SEO plugin. -->","yoast_head_json":{"title":"R\u00e9seau d'informations et soutien pour le cancer colorectal (RISCC) - Canadian Cancer Survivor Network","robots":{"index":"index","follow":"follow","max-snippet":"max-snippet:-1","max-image-preview":"max-image-preview:large","max-video-preview":"max-video-preview:-1"},"canonical":"https:\/\/survivornet.ca\/fr\/reliez-vous\/partenaires\/reseau-dinformations-et-soutien-pour-le-cancer-colorectal-riscc\/","og_locale":"fr_FR","og_type":"article","og_title":"R\u00e9seau d'informations et soutien pour le cancer colorectal (RISCC) - Canadian Cancer Survivor Network","og_description":"&nbsp; Depuis juillet 2006, le RISCC est le r\u00e9seau de soutien, d&#8217;\u00e9ducation et de d\u00e9fense des droits des patients et des soignants touch\u00e9s par un cancer colorectal le plus fiable au Canada.","og_url":"https:\/\/survivornet.ca\/fr\/reliez-vous\/partenaires\/reseau-dinformations-et-soutien-pour-le-cancer-colorectal-riscc\/","og_site_name":"Canadian Cancer Survivor Network","og_image":[{"width":288,"height":96,"url":"https:\/\/survivornet.ca\/wp-content\/uploads\/2024\/02\/Colorectal-Cancer-Resource-Action-Network-CCRAN-logo.png","type":"image\/png"}],"twitter_card":"summary_large_image","twitter_misc":{"Dur\u00e9e de lecture estim\u00e9e":"1 minute"},"schema":{"@context":"https:\/\/schema.org","@graph":[{"@type":"WebPage","@id":"https:\/\/survivornet.ca\/fr\/reliez-vous\/partenaires\/reseau-dinformations-et-soutien-pour-le-cancer-colorectal-riscc\/","url":"https:\/\/survivornet.ca\/fr\/reliez-vous\/partenaires\/reseau-dinformations-et-soutien-pour-le-cancer-colorectal-riscc\/","name":"R\u00e9seau d'informations et soutien pour le cancer colorectal (RISCC) - Canadian Cancer Survivor Network","isPartOf":{"@id":"https:\/\/survivornet.ca\/#website"},"primaryImageOfPage":{"@id":"https:\/\/survivornet.ca\/fr\/reliez-vous\/partenaires\/reseau-dinformations-et-soutien-pour-le-cancer-colorectal-riscc\/#primaryimage"},"image":{"@id":"https:\/\/survivornet.ca\/fr\/reliez-vous\/partenaires\/reseau-dinformations-et-soutien-pour-le-cancer-colorectal-riscc\/#primaryimage"},"thumbnailUrl":"https:\/\/survivornet.ca\/wp-content\/uploads\/2024\/02\/Colorectal-Cancer-Resource-Action-Network-CCRAN-logo.png","datePublished":"2024-02-06T16:23:10+00:00","breadcrumb":{"@id":"https:\/\/survivornet.ca\/fr\/reliez-vous\/partenaires\/reseau-dinformations-et-soutien-pour-le-cancer-colorectal-riscc\/#breadcrumb"},"inLanguage":"fr-FR","potentialAction":[{"@type":"ReadAction","target":["https:\/\/survivornet.ca\/fr\/reliez-vous\/partenaires\/reseau-dinformations-et-soutien-pour-le-cancer-colorectal-riscc\/"]}]},{"@type":"ImageObject","inLanguage":"fr-FR","@id":"https:\/\/survivornet.ca\/fr\/reliez-vous\/partenaires\/reseau-dinformations-et-soutien-pour-le-cancer-colorectal-riscc\/#primaryimage","url":"https:\/\/survivornet.ca\/wp-content\/uploads\/2024\/02\/Colorectal-Cancer-Resource-Action-Network-CCRAN-logo.png","contentUrl":"https:\/\/survivornet.ca\/wp-content\/uploads\/2024\/02\/Colorectal-Cancer-Resource-Action-Network-CCRAN-logo.png","width":288,"height":96},{"@type":"BreadcrumbList","@id":"https:\/\/survivornet.ca\/fr\/reliez-vous\/partenaires\/reseau-dinformations-et-soutien-pour-le-cancer-colorectal-riscc\/#breadcrumb","itemListElement":[{"@type":"ListItem","position":1,"name":"Home","item":"https:\/\/survivornet.ca\/fr\/"},{"@type":"ListItem","position":2,"name":"Connectez","item":"https:\/\/survivornet.ca\/fr\/reliez-vous\/"},{"@type":"ListItem","position":3,"name":"Partenaires","item":"https:\/\/survivornet.ca\/fr\/reliez-vous\/partenaires\/"},{"@type":"ListItem","position":4,"name":"R\u00e9seau d&#8217;informations et soutien pour le cancer colorectal (RISCC)"}]},{"@type":"WebSite","@id":"https:\/\/survivornet.ca\/#website","url":"https:\/\/survivornet.ca\/","name":"Canadian Cancer Survivor Network","description":"The Canadian Cancer Survivor Network was created by a group of Canadians concerned about cancer.","publisher":{"@id":"https:\/\/survivornet.ca\/#organization"},"potentialAction":[{"@type":"SearchAction","target":{"@type":"EntryPoint","urlTemplate":"https:\/\/survivornet.ca\/?s={search_term_string}"},"query-input":{"@type":"PropertyValueSpecification","valueRequired":true,"valueName":"search_term_string"}}],"inLanguage":"fr-FR"},{"@type":"Organization","@id":"https:\/\/survivornet.ca\/#organization","name":"Canadian Cancer Survivor Network","url":"https:\/\/survivornet.ca\/","logo":{"@type":"ImageObject","inLanguage":"fr-FR","@id":"https:\/\/survivornet.ca\/#\/schema\/logo\/image\/","url":"http:\/\/survivornet.ca\/wp-content\/uploads\/2016\/12\/CCSN_Logo_EN_SQUARE.png","contentUrl":"http:\/\/survivornet.ca\/wp-content\/uploads\/2016\/12\/CCSN_Logo_EN_SQUARE.png","width":1209,"height":1007,"caption":"Canadian Cancer Survivor Network"},"image":{"@id":"https:\/\/survivornet.ca\/#\/schema\/logo\/image\/"}}]}},"_links":{"self":[{"href":"https:\/\/survivornet.ca\/fr\/wp-json\/wp\/v2\/pages\/28714","targetHints":{"allow":["GET"]}}],"collection":[{"href":"https:\/\/survivornet.ca\/fr\/wp-json\/wp\/v2\/pages"}],"about":[{"href":"https:\/\/survivornet.ca\/fr\/wp-json\/wp\/v2\/types\/page"}],"author":[{"embeddable":true,"href":"https:\/\/survivornet.ca\/fr\/wp-json\/wp\/v2\/users\/2"}],"replies":[{"embeddable":true,"href":"https:\/\/survivornet.ca\/fr\/wp-json\/wp\/v2\/comments?post=28714"}],"version-history":[{"count":2,"href":"https:\/\/survivornet.ca\/fr\/wp-json\/wp\/v2\/pages\/28714\/revisions"}],"predecessor-version":[{"id":28718,"href":"https:\/\/survivornet.ca\/fr\/wp-json\/wp\/v2\/pages\/28714\/revisions\/28718"}],"up":[{"embeddable":true,"href":"https:\/\/survivornet.ca\/fr\/wp-json\/wp\/v2\/pages\/4484"}],"wp:featuredmedia":[{"embeddable":true,"href":"https:\/\/survivornet.ca\/fr\/wp-json\/wp\/v2\/media\/28715"}],"wp:attachment":[{"href":"https:\/\/survivornet.ca\/fr\/wp-json\/wp\/v2\/media?parent=28714"}],"curies":[{"name":"wp","href":"https:\/\/api.w.org\/{rel}","templated":true}]}}