{"id":28705,"date":"2024-02-06T11:02:39","date_gmt":"2024-02-06T16:02:39","guid":{"rendered":"https:\/\/survivornet.ca\/?page_id=28705"},"modified":"2024-02-06T11:06:45","modified_gmt":"2024-02-06T16:06:45","slug":"aya-can","status":"publish","type":"page","link":"https:\/\/survivornet.ca\/fr\/reliez-vous\/partenaires\/aya-can\/","title":{"rendered":"AYA CAN"},"content":{"rendered":"<p><a href=\"http:\/\/survivornet.ca\/wp-content\/uploads\/2024\/02\/AYA-Can-Logo-FullLegal.jpg\"><img loading=\"lazy\" decoding=\"async\" class=\"aligncenter wp-image-28708\" src=\"http:\/\/survivornet.ca\/wp-content\/uploads\/2024\/02\/AYA-Can-Logo-FullLegal.jpg\" alt=\"\" width=\"574\" height=\"176\" srcset=\"https:\/\/survivornet.ca\/wp-content\/uploads\/2024\/02\/AYA-Can-Logo-FullLegal.jpg 1500w, https:\/\/survivornet.ca\/wp-content\/uploads\/2024\/02\/AYA-Can-Logo-FullLegal-768x236.jpg 768w\" sizes=\"auto, (max-width: 574px) 100vw, 574px\" \/><\/a><\/p>\n<p>AYA CAN &#8211; Canadian Cancer Advocacy est une organisation nationale qui milite en faveur de soins \u00e9quitables et int\u00e9gratifs pour tous les adolescents et jeunes adultes (AYA = Adolescents and Young Adults) touch\u00e9s par le cancer. Elle a \u00e9t\u00e9 fond\u00e9e en 2018 par un groupe de survivants du cancer AYA qui souhaitait b\u00e2tir un r\u00e9seau diversifi\u00e9 de chercheurs, de professionnels de la sant\u00e9 et d&#8217;organismes communautaires afin de partager des informations sur le travail effectu\u00e9 pour les cancers AYA et les patients atteints par le cancer AYA \u00e0 travers le Canada.<\/p>\n<p>AYA CAN compte d\u00e9sormais plus de 125 parties prenantes et continue \u00e0 recruter des patients ambassadeurs et \u00e0 organiser des rassemblements communautaires triennaux (f\u00e9vrier, mai et octobre). Cela fournit aux individus dans le domaine de la recherche et du traitement contre le cancer de nouvelles opportunit\u00e9s afin de pr\u00e9senter des initiatives de recherche et de soutenir les innovations dans ce domaine unique, visant \u00e0 promouvoir l&#8217;accessibilit\u00e9, les meilleurs soins de sant\u00e9 et la survie des adolescents et jeunes adultes touch\u00e9s par le cancer au pays.<\/p>\n<p>Pour en savoir plus, visitez notre <a href=\"https:\/\/www.ayacan.ca\/\">site web<\/a> ou suivez-nous sur <a href=\"https:\/\/www.facebook.com\/ayacan.cancer\/\">Facebook<\/a> et <a href=\"https:\/\/www.instagram.com\/ayacan_cancer\/\">Instagram<\/a><\/p>\n","protected":false},"excerpt":{"rendered":"<p>AYA CAN &#8211; Canadian Cancer Advocacy est une organisation nationale qui milite en faveur de soins \u00e9quitables et int\u00e9gratifs pour tous les adolescents et jeunes adultes (AYA = Adolescents and Young Adults)<\/p>\n","protected":false},"author":2,"featured_media":28706,"parent":4484,"menu_order":0,"comment_status":"closed","ping_status":"closed","template":"","meta":{"_acf_changed":false,"footnotes":""},"class_list":["post-28705","page","type-page","status-publish","has-post-thumbnail","hentry"],"acf":[],"yoast_head":"<!-- This site is optimized with the Yoast SEO plugin v27.4 - https:\/\/yoast.com\/product\/yoast-seo-wordpress\/ -->\n<title>AYA CAN - Canadian Cancer Survivor Network<\/title>\n<meta name=\"robots\" content=\"index, follow, max-snippet:-1, max-image-preview:large, max-video-preview:-1\" \/>\n<link rel=\"canonical\" href=\"https:\/\/survivornet.ca\/fr\/reliez-vous\/partenaires\/aya-can\/\" \/>\n<meta property=\"og:locale\" content=\"fr_FR\" \/>\n<meta property=\"og:type\" content=\"article\" \/>\n<meta property=\"og:title\" content=\"AYA CAN - Canadian Cancer Survivor Network\" \/>\n<meta property=\"og:description\" content=\"AYA CAN &#8211; Canadian Cancer Advocacy est une organisation nationale qui milite en faveur de soins \u00e9quitables et int\u00e9gratifs pour tous les adolescents et jeunes adultes (AYA = Adolescents and Young Adults)\" \/>\n<meta property=\"og:url\" content=\"https:\/\/survivornet.ca\/fr\/reliez-vous\/partenaires\/aya-can\/\" \/>\n<meta property=\"og:site_name\" content=\"Canadian Cancer Survivor Network\" \/>\n<meta property=\"article:modified_time\" content=\"2024-02-06T16:06:45+00:00\" \/>\n<meta property=\"og:image\" content=\"https:\/\/survivornet.ca\/wp-content\/uploads\/2024\/02\/AYA-Can-Logo.jpg\" \/>\n\t<meta property=\"og:image:width\" content=\"2100\" \/>\n\t<meta property=\"og:image:height\" content=\"2426\" \/>\n\t<meta property=\"og:image:type\" content=\"image\/jpeg\" \/>\n<meta name=\"twitter:card\" content=\"summary_large_image\" \/>\n<meta name=\"twitter:label1\" content=\"Dur\u00e9e de lecture estim\u00e9e\" \/>\n\t<meta name=\"twitter:data1\" content=\"1 minute\" \/>\n<script type=\"application\/ld+json\" class=\"yoast-schema-graph\">{\"@context\":\"https:\\\/\\\/schema.org\",\"@graph\":[{\"@type\":\"WebPage\",\"@id\":\"https:\\\/\\\/survivornet.ca\\\/fr\\\/reliez-vous\\\/partenaires\\\/aya-can\\\/\",\"url\":\"https:\\\/\\\/survivornet.ca\\\/fr\\\/reliez-vous\\\/partenaires\\\/aya-can\\\/\",\"name\":\"AYA CAN - Canadian Cancer Survivor Network\",\"isPartOf\":{\"@id\":\"https:\\\/\\\/survivornet.ca\\\/#website\"},\"primaryImageOfPage\":{\"@id\":\"https:\\\/\\\/survivornet.ca\\\/fr\\\/reliez-vous\\\/partenaires\\\/aya-can\\\/#primaryimage\"},\"image\":{\"@id\":\"https:\\\/\\\/survivornet.ca\\\/fr\\\/reliez-vous\\\/partenaires\\\/aya-can\\\/#primaryimage\"},\"thumbnailUrl\":\"https:\\\/\\\/survivornet.ca\\\/wp-content\\\/uploads\\\/2024\\\/02\\\/AYA-Can-Logo.jpg\",\"datePublished\":\"2024-02-06T16:02:39+00:00\",\"dateModified\":\"2024-02-06T16:06:45+00:00\",\"breadcrumb\":{\"@id\":\"https:\\\/\\\/survivornet.ca\\\/fr\\\/reliez-vous\\\/partenaires\\\/aya-can\\\/#breadcrumb\"},\"inLanguage\":\"fr-FR\",\"potentialAction\":[{\"@type\":\"ReadAction\",\"target\":[\"https:\\\/\\\/survivornet.ca\\\/fr\\\/reliez-vous\\\/partenaires\\\/aya-can\\\/\"]}]},{\"@type\":\"ImageObject\",\"inLanguage\":\"fr-FR\",\"@id\":\"https:\\\/\\\/survivornet.ca\\\/fr\\\/reliez-vous\\\/partenaires\\\/aya-can\\\/#primaryimage\",\"url\":\"https:\\\/\\\/survivornet.ca\\\/wp-content\\\/uploads\\\/2024\\\/02\\\/AYA-Can-Logo.jpg\",\"contentUrl\":\"https:\\\/\\\/survivornet.ca\\\/wp-content\\\/uploads\\\/2024\\\/02\\\/AYA-Can-Logo.jpg\",\"width\":2100,\"height\":2426},{\"@type\":\"BreadcrumbList\",\"@id\":\"https:\\\/\\\/survivornet.ca\\\/fr\\\/reliez-vous\\\/partenaires\\\/aya-can\\\/#breadcrumb\",\"itemListElement\":[{\"@type\":\"ListItem\",\"position\":1,\"name\":\"Home\",\"item\":\"https:\\\/\\\/survivornet.ca\\\/fr\\\/\"},{\"@type\":\"ListItem\",\"position\":2,\"name\":\"Connectez\",\"item\":\"https:\\\/\\\/survivornet.ca\\\/fr\\\/reliez-vous\\\/\"},{\"@type\":\"ListItem\",\"position\":3,\"name\":\"Partenaires\",\"item\":\"https:\\\/\\\/survivornet.ca\\\/fr\\\/reliez-vous\\\/partenaires\\\/\"},{\"@type\":\"ListItem\",\"position\":4,\"name\":\"AYA CAN\"}]},{\"@type\":\"WebSite\",\"@id\":\"https:\\\/\\\/survivornet.ca\\\/#website\",\"url\":\"https:\\\/\\\/survivornet.ca\\\/\",\"name\":\"Canadian Cancer Survivor Network\",\"description\":\"The Canadian Cancer Survivor Network was created by a group of Canadians concerned about cancer.\",\"publisher\":{\"@id\":\"https:\\\/\\\/survivornet.ca\\\/#organization\"},\"potentialAction\":[{\"@type\":\"SearchAction\",\"target\":{\"@type\":\"EntryPoint\",\"urlTemplate\":\"https:\\\/\\\/survivornet.ca\\\/?s={search_term_string}\"},\"query-input\":{\"@type\":\"PropertyValueSpecification\",\"valueRequired\":true,\"valueName\":\"search_term_string\"}}],\"inLanguage\":\"fr-FR\"},{\"@type\":\"Organization\",\"@id\":\"https:\\\/\\\/survivornet.ca\\\/#organization\",\"name\":\"Canadian Cancer Survivor Network\",\"url\":\"https:\\\/\\\/survivornet.ca\\\/\",\"logo\":{\"@type\":\"ImageObject\",\"inLanguage\":\"fr-FR\",\"@id\":\"https:\\\/\\\/survivornet.ca\\\/#\\\/schema\\\/logo\\\/image\\\/\",\"url\":\"http:\\\/\\\/survivornet.ca\\\/wp-content\\\/uploads\\\/2016\\\/12\\\/CCSN_Logo_EN_SQUARE.png\",\"contentUrl\":\"http:\\\/\\\/survivornet.ca\\\/wp-content\\\/uploads\\\/2016\\\/12\\\/CCSN_Logo_EN_SQUARE.png\",\"width\":1209,\"height\":1007,\"caption\":\"Canadian Cancer Survivor Network\"},\"image\":{\"@id\":\"https:\\\/\\\/survivornet.ca\\\/#\\\/schema\\\/logo\\\/image\\\/\"}}]}<\/script>\n<!-- \/ Yoast SEO plugin. -->","yoast_head_json":{"title":"AYA CAN - Canadian Cancer Survivor Network","robots":{"index":"index","follow":"follow","max-snippet":"max-snippet:-1","max-image-preview":"max-image-preview:large","max-video-preview":"max-video-preview:-1"},"canonical":"https:\/\/survivornet.ca\/fr\/reliez-vous\/partenaires\/aya-can\/","og_locale":"fr_FR","og_type":"article","og_title":"AYA CAN - Canadian Cancer Survivor Network","og_description":"AYA CAN &#8211; Canadian Cancer Advocacy est une organisation nationale qui milite en faveur de soins \u00e9quitables et int\u00e9gratifs pour tous les adolescents et jeunes adultes (AYA = Adolescents and Young Adults)","og_url":"https:\/\/survivornet.ca\/fr\/reliez-vous\/partenaires\/aya-can\/","og_site_name":"Canadian Cancer Survivor Network","article_modified_time":"2024-02-06T16:06:45+00:00","og_image":[{"width":2100,"height":2426,"url":"https:\/\/survivornet.ca\/wp-content\/uploads\/2024\/02\/AYA-Can-Logo.jpg","type":"image\/jpeg"}],"twitter_card":"summary_large_image","twitter_misc":{"Dur\u00e9e de lecture estim\u00e9e":"1 minute"},"schema":{"@context":"https:\/\/schema.org","@graph":[{"@type":"WebPage","@id":"https:\/\/survivornet.ca\/fr\/reliez-vous\/partenaires\/aya-can\/","url":"https:\/\/survivornet.ca\/fr\/reliez-vous\/partenaires\/aya-can\/","name":"AYA CAN - Canadian Cancer Survivor Network","isPartOf":{"@id":"https:\/\/survivornet.ca\/#website"},"primaryImageOfPage":{"@id":"https:\/\/survivornet.ca\/fr\/reliez-vous\/partenaires\/aya-can\/#primaryimage"},"image":{"@id":"https:\/\/survivornet.ca\/fr\/reliez-vous\/partenaires\/aya-can\/#primaryimage"},"thumbnailUrl":"https:\/\/survivornet.ca\/wp-content\/uploads\/2024\/02\/AYA-Can-Logo.jpg","datePublished":"2024-02-06T16:02:39+00:00","dateModified":"2024-02-06T16:06:45+00:00","breadcrumb":{"@id":"https:\/\/survivornet.ca\/fr\/reliez-vous\/partenaires\/aya-can\/#breadcrumb"},"inLanguage":"fr-FR","potentialAction":[{"@type":"ReadAction","target":["https:\/\/survivornet.ca\/fr\/reliez-vous\/partenaires\/aya-can\/"]}]},{"@type":"ImageObject","inLanguage":"fr-FR","@id":"https:\/\/survivornet.ca\/fr\/reliez-vous\/partenaires\/aya-can\/#primaryimage","url":"https:\/\/survivornet.ca\/wp-content\/uploads\/2024\/02\/AYA-Can-Logo.jpg","contentUrl":"https:\/\/survivornet.ca\/wp-content\/uploads\/2024\/02\/AYA-Can-Logo.jpg","width":2100,"height":2426},{"@type":"BreadcrumbList","@id":"https:\/\/survivornet.ca\/fr\/reliez-vous\/partenaires\/aya-can\/#breadcrumb","itemListElement":[{"@type":"ListItem","position":1,"name":"Home","item":"https:\/\/survivornet.ca\/fr\/"},{"@type":"ListItem","position":2,"name":"Connectez","item":"https:\/\/survivornet.ca\/fr\/reliez-vous\/"},{"@type":"ListItem","position":3,"name":"Partenaires","item":"https:\/\/survivornet.ca\/fr\/reliez-vous\/partenaires\/"},{"@type":"ListItem","position":4,"name":"AYA CAN"}]},{"@type":"WebSite","@id":"https:\/\/survivornet.ca\/#website","url":"https:\/\/survivornet.ca\/","name":"Canadian Cancer Survivor Network","description":"The Canadian Cancer Survivor Network was created by a group of Canadians concerned about cancer.","publisher":{"@id":"https:\/\/survivornet.ca\/#organization"},"potentialAction":[{"@type":"SearchAction","target":{"@type":"EntryPoint","urlTemplate":"https:\/\/survivornet.ca\/?s={search_term_string}"},"query-input":{"@type":"PropertyValueSpecification","valueRequired":true,"valueName":"search_term_string"}}],"inLanguage":"fr-FR"},{"@type":"Organization","@id":"https:\/\/survivornet.ca\/#organization","name":"Canadian Cancer Survivor Network","url":"https:\/\/survivornet.ca\/","logo":{"@type":"ImageObject","inLanguage":"fr-FR","@id":"https:\/\/survivornet.ca\/#\/schema\/logo\/image\/","url":"http:\/\/survivornet.ca\/wp-content\/uploads\/2016\/12\/CCSN_Logo_EN_SQUARE.png","contentUrl":"http:\/\/survivornet.ca\/wp-content\/uploads\/2016\/12\/CCSN_Logo_EN_SQUARE.png","width":1209,"height":1007,"caption":"Canadian Cancer Survivor Network"},"image":{"@id":"https:\/\/survivornet.ca\/#\/schema\/logo\/image\/"}}]}},"_links":{"self":[{"href":"https:\/\/survivornet.ca\/fr\/wp-json\/wp\/v2\/pages\/28705","targetHints":{"allow":["GET"]}}],"collection":[{"href":"https:\/\/survivornet.ca\/fr\/wp-json\/wp\/v2\/pages"}],"about":[{"href":"https:\/\/survivornet.ca\/fr\/wp-json\/wp\/v2\/types\/page"}],"author":[{"embeddable":true,"href":"https:\/\/survivornet.ca\/fr\/wp-json\/wp\/v2\/users\/2"}],"replies":[{"embeddable":true,"href":"https:\/\/survivornet.ca\/fr\/wp-json\/wp\/v2\/comments?post=28705"}],"version-history":[{"count":2,"href":"https:\/\/survivornet.ca\/fr\/wp-json\/wp\/v2\/pages\/28705\/revisions"}],"predecessor-version":[{"id":28711,"href":"https:\/\/survivornet.ca\/fr\/wp-json\/wp\/v2\/pages\/28705\/revisions\/28711"}],"up":[{"embeddable":true,"href":"https:\/\/survivornet.ca\/fr\/wp-json\/wp\/v2\/pages\/4484"}],"wp:featuredmedia":[{"embeddable":true,"href":"https:\/\/survivornet.ca\/fr\/wp-json\/wp\/v2\/media\/28706"}],"wp:attachment":[{"href":"https:\/\/survivornet.ca\/fr\/wp-json\/wp\/v2\/media?parent=28705"}],"curies":[{"name":"wp","href":"https:\/\/api.w.org\/{rel}","templated":true}]}}