{"id":28701,"date":"2024-02-06T10:35:03","date_gmt":"2024-02-06T15:35:03","guid":{"rendered":"https:\/\/survivornet.ca\/?page_id=28701"},"modified":"2024-02-06T10:35:03","modified_gmt":"2024-02-06T15:35:03","slug":"au-naturel-solutions-inc","status":"publish","type":"page","link":"https:\/\/survivornet.ca\/fr\/reliez-vous\/partenaires\/au-naturel-solutions-inc\/","title":{"rendered":"Au Naturel Solutions Inc."},"content":{"rendered":"<p><a href=\"http:\/\/survivornet.ca\/wp-content\/uploads\/2024\/02\/Au-Naturel-Solutions-Inc.jpg\"><img loading=\"lazy\" decoding=\"async\" class=\"aligncenter  wp-image-28702\" src=\"http:\/\/survivornet.ca\/wp-content\/uploads\/2024\/02\/Au-Naturel-Solutions-Inc.jpg\" alt=\"\" width=\"616\" height=\"224\" srcset=\"https:\/\/survivornet.ca\/wp-content\/uploads\/2024\/02\/Au-Naturel-Solutions-Inc.jpg 2560w, https:\/\/survivornet.ca\/wp-content\/uploads\/2024\/02\/Au-Naturel-Solutions-Inc-768x279.jpg 768w, https:\/\/survivornet.ca\/wp-content\/uploads\/2024\/02\/Au-Naturel-Solutions-Inc-1536x559.jpg 1536w, https:\/\/survivornet.ca\/wp-content\/uploads\/2024\/02\/Au-Naturel-Solutions-Inc-2048x745.jpg 2048w\" sizes=\"auto, (max-width: 616px) 100vw, 616px\" \/><\/a><\/p>\n<p>Depuis 2019, Simonne Cormier, la fondatrice de Au Naturel Solutions, travaille sans rel\u00e2che afin de r\u00e9pandre le concept d&#8217;une proth\u00e8se mammaire externe enti\u00e8rement naturelle et artisanale et de combler ce besoin grandissant. Simonne a \u00e9tabli un partenariat de fabrication et de cha\u00eene d&#8217;approvisionnement ici m\u00eame au Canada atlantique, fournissant ainsi aux patients un sentiment de confort et une meilleure estime de soi, et leur donnant une libert\u00e9 d\u00e9cisionnelle qui n&#8217;\u00e9tait pas possible auparavant.<\/p>\n<p>&#8211; J&#8217;ai d\u00e9velopp\u00e9 la proth\u00e8se mammaire externe Comfort&#8217;n&#8217;Confidence en me basant sur mon propre besoin, sur ce que je recherchais; elles sont fabriqu\u00e9es \u00e0 partir de fibres v\u00e9g\u00e9tales et animales et poss\u00e8dent les avantages suivants: hypoallerg\u00e9niques, thermor\u00e9gulateurs, sans irritation et l\u00e9g\u00e8res, ce qui veut dire qu&#8217;il y a moins de pression sur les zones sensibles dues \u00e0 la chirurgie. De plus, puisqu&#8217;elles peuvent \u00eatre personnalis\u00e9es, cela permet aux patients de retrouver un certain niveau de contr\u00f4le et un sentiment de retour \u00e0 la normale.<\/p>\n<p>Je consacre mes efforts \u00e0 l&#8217;am\u00e9lioration de la qualit\u00e9 de vie des survivantes du cancer du sein au Canada. Les proth\u00e8ses sont couvertes par des r\u00e9gimes d&#8217;assurance provinciaux et priv\u00e9s.<\/p>\n<p>&#8230;<\/p>\n<p>Pour en savoir plus, visitez notre <a href=\"https:\/\/aunaturelsolutions.com\/\">site web<\/a>, ou contactez-nous par courriel (info@aunaturelsolutions.com) ou par appel t\u00e9l\u00e9phonique (1-866-613-1143)<\/p>\n<p>Vous pouvez \u00e9galement nous suivre sur <a href=\"https:\/\/www.facebook.com\/ComfortBuildsConfidence\">Facebook<\/a> et <a href=\"https:\/\/www.instagram.com\/aunaturelsolutionsinc\/\">Instagram<\/a>.<\/p>\n","protected":false},"excerpt":{"rendered":"<p>Depuis 2019, Simonne Cormier, la fondatrice de Au Naturel Solutions, travaille sans rel\u00e2che afin de r\u00e9pandre le concept d&#8217;une proth\u00e8se mammaire externe enti\u00e8rement naturelle et artisanale et de combler ce besoin grandissant.<\/p>\n","protected":false},"author":2,"featured_media":28702,"parent":4484,"menu_order":0,"comment_status":"closed","ping_status":"closed","template":"","meta":{"_acf_changed":false,"footnotes":""},"class_list":["post-28701","page","type-page","status-publish","has-post-thumbnail","hentry"],"acf":[],"yoast_head":"<!-- This site is optimized with the Yoast SEO plugin v27.4 - https:\/\/yoast.com\/product\/yoast-seo-wordpress\/ -->\n<title>Au Naturel Solutions Inc. - Canadian Cancer Survivor Network<\/title>\n<meta name=\"robots\" content=\"index, follow, max-snippet:-1, max-image-preview:large, max-video-preview:-1\" \/>\n<link rel=\"canonical\" href=\"https:\/\/survivornet.ca\/fr\/reliez-vous\/partenaires\/au-naturel-solutions-inc\/\" \/>\n<meta property=\"og:locale\" content=\"fr_FR\" \/>\n<meta property=\"og:type\" content=\"article\" \/>\n<meta property=\"og:title\" content=\"Au Naturel Solutions Inc. - Canadian Cancer Survivor Network\" \/>\n<meta property=\"og:description\" content=\"Depuis 2019, Simonne Cormier, la fondatrice de Au Naturel Solutions, travaille sans rel\u00e2che afin de r\u00e9pandre le concept d&#8217;une proth\u00e8se mammaire externe enti\u00e8rement naturelle et artisanale et de combler ce besoin grandissant.\" \/>\n<meta property=\"og:url\" content=\"https:\/\/survivornet.ca\/fr\/reliez-vous\/partenaires\/au-naturel-solutions-inc\/\" \/>\n<meta property=\"og:site_name\" content=\"Canadian Cancer Survivor Network\" \/>\n<meta property=\"og:image\" content=\"https:\/\/survivornet.ca\/wp-content\/uploads\/2024\/02\/Au-Naturel-Solutions-Inc.jpg\" \/>\n\t<meta property=\"og:image:width\" content=\"2560\" \/>\n\t<meta property=\"og:image:height\" content=\"931\" \/>\n\t<meta property=\"og:image:type\" content=\"image\/jpeg\" \/>\n<meta name=\"twitter:card\" content=\"summary_large_image\" \/>\n<meta name=\"twitter:label1\" content=\"Dur\u00e9e de lecture estim\u00e9e\" \/>\n\t<meta name=\"twitter:data1\" content=\"1 minute\" \/>\n<script type=\"application\/ld+json\" class=\"yoast-schema-graph\">{\"@context\":\"https:\\\/\\\/schema.org\",\"@graph\":[{\"@type\":\"WebPage\",\"@id\":\"https:\\\/\\\/survivornet.ca\\\/fr\\\/reliez-vous\\\/partenaires\\\/au-naturel-solutions-inc\\\/\",\"url\":\"https:\\\/\\\/survivornet.ca\\\/fr\\\/reliez-vous\\\/partenaires\\\/au-naturel-solutions-inc\\\/\",\"name\":\"Au Naturel Solutions Inc. - Canadian Cancer Survivor Network\",\"isPartOf\":{\"@id\":\"https:\\\/\\\/survivornet.ca\\\/#website\"},\"primaryImageOfPage\":{\"@id\":\"https:\\\/\\\/survivornet.ca\\\/fr\\\/reliez-vous\\\/partenaires\\\/au-naturel-solutions-inc\\\/#primaryimage\"},\"image\":{\"@id\":\"https:\\\/\\\/survivornet.ca\\\/fr\\\/reliez-vous\\\/partenaires\\\/au-naturel-solutions-inc\\\/#primaryimage\"},\"thumbnailUrl\":\"https:\\\/\\\/survivornet.ca\\\/wp-content\\\/uploads\\\/2024\\\/02\\\/Au-Naturel-Solutions-Inc.jpg\",\"datePublished\":\"2024-02-06T15:35:03+00:00\",\"breadcrumb\":{\"@id\":\"https:\\\/\\\/survivornet.ca\\\/fr\\\/reliez-vous\\\/partenaires\\\/au-naturel-solutions-inc\\\/#breadcrumb\"},\"inLanguage\":\"fr-FR\",\"potentialAction\":[{\"@type\":\"ReadAction\",\"target\":[\"https:\\\/\\\/survivornet.ca\\\/fr\\\/reliez-vous\\\/partenaires\\\/au-naturel-solutions-inc\\\/\"]}]},{\"@type\":\"ImageObject\",\"inLanguage\":\"fr-FR\",\"@id\":\"https:\\\/\\\/survivornet.ca\\\/fr\\\/reliez-vous\\\/partenaires\\\/au-naturel-solutions-inc\\\/#primaryimage\",\"url\":\"https:\\\/\\\/survivornet.ca\\\/wp-content\\\/uploads\\\/2024\\\/02\\\/Au-Naturel-Solutions-Inc.jpg\",\"contentUrl\":\"https:\\\/\\\/survivornet.ca\\\/wp-content\\\/uploads\\\/2024\\\/02\\\/Au-Naturel-Solutions-Inc.jpg\",\"width\":2560,\"height\":931},{\"@type\":\"BreadcrumbList\",\"@id\":\"https:\\\/\\\/survivornet.ca\\\/fr\\\/reliez-vous\\\/partenaires\\\/au-naturel-solutions-inc\\\/#breadcrumb\",\"itemListElement\":[{\"@type\":\"ListItem\",\"position\":1,\"name\":\"Home\",\"item\":\"https:\\\/\\\/survivornet.ca\\\/fr\\\/\"},{\"@type\":\"ListItem\",\"position\":2,\"name\":\"Connectez\",\"item\":\"https:\\\/\\\/survivornet.ca\\\/fr\\\/reliez-vous\\\/\"},{\"@type\":\"ListItem\",\"position\":3,\"name\":\"Partenaires\",\"item\":\"https:\\\/\\\/survivornet.ca\\\/fr\\\/reliez-vous\\\/partenaires\\\/\"},{\"@type\":\"ListItem\",\"position\":4,\"name\":\"Au Naturel Solutions Inc.\"}]},{\"@type\":\"WebSite\",\"@id\":\"https:\\\/\\\/survivornet.ca\\\/#website\",\"url\":\"https:\\\/\\\/survivornet.ca\\\/\",\"name\":\"Canadian Cancer Survivor Network\",\"description\":\"The Canadian Cancer Survivor Network was created by a group of Canadians concerned about cancer.\",\"publisher\":{\"@id\":\"https:\\\/\\\/survivornet.ca\\\/#organization\"},\"potentialAction\":[{\"@type\":\"SearchAction\",\"target\":{\"@type\":\"EntryPoint\",\"urlTemplate\":\"https:\\\/\\\/survivornet.ca\\\/?s={search_term_string}\"},\"query-input\":{\"@type\":\"PropertyValueSpecification\",\"valueRequired\":true,\"valueName\":\"search_term_string\"}}],\"inLanguage\":\"fr-FR\"},{\"@type\":\"Organization\",\"@id\":\"https:\\\/\\\/survivornet.ca\\\/#organization\",\"name\":\"Canadian Cancer Survivor Network\",\"url\":\"https:\\\/\\\/survivornet.ca\\\/\",\"logo\":{\"@type\":\"ImageObject\",\"inLanguage\":\"fr-FR\",\"@id\":\"https:\\\/\\\/survivornet.ca\\\/#\\\/schema\\\/logo\\\/image\\\/\",\"url\":\"http:\\\/\\\/survivornet.ca\\\/wp-content\\\/uploads\\\/2016\\\/12\\\/CCSN_Logo_EN_SQUARE.png\",\"contentUrl\":\"http:\\\/\\\/survivornet.ca\\\/wp-content\\\/uploads\\\/2016\\\/12\\\/CCSN_Logo_EN_SQUARE.png\",\"width\":1209,\"height\":1007,\"caption\":\"Canadian Cancer Survivor Network\"},\"image\":{\"@id\":\"https:\\\/\\\/survivornet.ca\\\/#\\\/schema\\\/logo\\\/image\\\/\"}}]}<\/script>\n<!-- \/ Yoast SEO plugin. -->","yoast_head_json":{"title":"Au Naturel Solutions Inc. - Canadian Cancer Survivor Network","robots":{"index":"index","follow":"follow","max-snippet":"max-snippet:-1","max-image-preview":"max-image-preview:large","max-video-preview":"max-video-preview:-1"},"canonical":"https:\/\/survivornet.ca\/fr\/reliez-vous\/partenaires\/au-naturel-solutions-inc\/","og_locale":"fr_FR","og_type":"article","og_title":"Au Naturel Solutions Inc. - Canadian Cancer Survivor Network","og_description":"Depuis 2019, Simonne Cormier, la fondatrice de Au Naturel Solutions, travaille sans rel\u00e2che afin de r\u00e9pandre le concept d&#8217;une proth\u00e8se mammaire externe enti\u00e8rement naturelle et artisanale et de combler ce besoin grandissant.","og_url":"https:\/\/survivornet.ca\/fr\/reliez-vous\/partenaires\/au-naturel-solutions-inc\/","og_site_name":"Canadian Cancer Survivor Network","og_image":[{"width":2560,"height":931,"url":"https:\/\/survivornet.ca\/wp-content\/uploads\/2024\/02\/Au-Naturel-Solutions-Inc.jpg","type":"image\/jpeg"}],"twitter_card":"summary_large_image","twitter_misc":{"Dur\u00e9e de lecture estim\u00e9e":"1 minute"},"schema":{"@context":"https:\/\/schema.org","@graph":[{"@type":"WebPage","@id":"https:\/\/survivornet.ca\/fr\/reliez-vous\/partenaires\/au-naturel-solutions-inc\/","url":"https:\/\/survivornet.ca\/fr\/reliez-vous\/partenaires\/au-naturel-solutions-inc\/","name":"Au Naturel Solutions Inc. - Canadian Cancer Survivor Network","isPartOf":{"@id":"https:\/\/survivornet.ca\/#website"},"primaryImageOfPage":{"@id":"https:\/\/survivornet.ca\/fr\/reliez-vous\/partenaires\/au-naturel-solutions-inc\/#primaryimage"},"image":{"@id":"https:\/\/survivornet.ca\/fr\/reliez-vous\/partenaires\/au-naturel-solutions-inc\/#primaryimage"},"thumbnailUrl":"https:\/\/survivornet.ca\/wp-content\/uploads\/2024\/02\/Au-Naturel-Solutions-Inc.jpg","datePublished":"2024-02-06T15:35:03+00:00","breadcrumb":{"@id":"https:\/\/survivornet.ca\/fr\/reliez-vous\/partenaires\/au-naturel-solutions-inc\/#breadcrumb"},"inLanguage":"fr-FR","potentialAction":[{"@type":"ReadAction","target":["https:\/\/survivornet.ca\/fr\/reliez-vous\/partenaires\/au-naturel-solutions-inc\/"]}]},{"@type":"ImageObject","inLanguage":"fr-FR","@id":"https:\/\/survivornet.ca\/fr\/reliez-vous\/partenaires\/au-naturel-solutions-inc\/#primaryimage","url":"https:\/\/survivornet.ca\/wp-content\/uploads\/2024\/02\/Au-Naturel-Solutions-Inc.jpg","contentUrl":"https:\/\/survivornet.ca\/wp-content\/uploads\/2024\/02\/Au-Naturel-Solutions-Inc.jpg","width":2560,"height":931},{"@type":"BreadcrumbList","@id":"https:\/\/survivornet.ca\/fr\/reliez-vous\/partenaires\/au-naturel-solutions-inc\/#breadcrumb","itemListElement":[{"@type":"ListItem","position":1,"name":"Home","item":"https:\/\/survivornet.ca\/fr\/"},{"@type":"ListItem","position":2,"name":"Connectez","item":"https:\/\/survivornet.ca\/fr\/reliez-vous\/"},{"@type":"ListItem","position":3,"name":"Partenaires","item":"https:\/\/survivornet.ca\/fr\/reliez-vous\/partenaires\/"},{"@type":"ListItem","position":4,"name":"Au Naturel Solutions Inc."}]},{"@type":"WebSite","@id":"https:\/\/survivornet.ca\/#website","url":"https:\/\/survivornet.ca\/","name":"Canadian Cancer Survivor Network","description":"The Canadian Cancer Survivor Network was created by a group of Canadians concerned about cancer.","publisher":{"@id":"https:\/\/survivornet.ca\/#organization"},"potentialAction":[{"@type":"SearchAction","target":{"@type":"EntryPoint","urlTemplate":"https:\/\/survivornet.ca\/?s={search_term_string}"},"query-input":{"@type":"PropertyValueSpecification","valueRequired":true,"valueName":"search_term_string"}}],"inLanguage":"fr-FR"},{"@type":"Organization","@id":"https:\/\/survivornet.ca\/#organization","name":"Canadian Cancer Survivor Network","url":"https:\/\/survivornet.ca\/","logo":{"@type":"ImageObject","inLanguage":"fr-FR","@id":"https:\/\/survivornet.ca\/#\/schema\/logo\/image\/","url":"http:\/\/survivornet.ca\/wp-content\/uploads\/2016\/12\/CCSN_Logo_EN_SQUARE.png","contentUrl":"http:\/\/survivornet.ca\/wp-content\/uploads\/2016\/12\/CCSN_Logo_EN_SQUARE.png","width":1209,"height":1007,"caption":"Canadian Cancer Survivor Network"},"image":{"@id":"https:\/\/survivornet.ca\/#\/schema\/logo\/image\/"}}]}},"_links":{"self":[{"href":"https:\/\/survivornet.ca\/fr\/wp-json\/wp\/v2\/pages\/28701","targetHints":{"allow":["GET"]}}],"collection":[{"href":"https:\/\/survivornet.ca\/fr\/wp-json\/wp\/v2\/pages"}],"about":[{"href":"https:\/\/survivornet.ca\/fr\/wp-json\/wp\/v2\/types\/page"}],"author":[{"embeddable":true,"href":"https:\/\/survivornet.ca\/fr\/wp-json\/wp\/v2\/users\/2"}],"replies":[{"embeddable":true,"href":"https:\/\/survivornet.ca\/fr\/wp-json\/wp\/v2\/comments?post=28701"}],"version-history":[{"count":1,"href":"https:\/\/survivornet.ca\/fr\/wp-json\/wp\/v2\/pages\/28701\/revisions"}],"predecessor-version":[{"id":28704,"href":"https:\/\/survivornet.ca\/fr\/wp-json\/wp\/v2\/pages\/28701\/revisions\/28704"}],"up":[{"embeddable":true,"href":"https:\/\/survivornet.ca\/fr\/wp-json\/wp\/v2\/pages\/4484"}],"wp:featuredmedia":[{"embeddable":true,"href":"https:\/\/survivornet.ca\/fr\/wp-json\/wp\/v2\/media\/28702"}],"wp:attachment":[{"href":"https:\/\/survivornet.ca\/fr\/wp-json\/wp\/v2\/media?parent=28701"}],"curies":[{"name":"wp","href":"https:\/\/api.w.org\/{rel}","templated":true}]}}