{"id":28632,"date":"2024-01-30T14:57:24","date_gmt":"2024-01-30T19:57:24","guid":{"rendered":"https:\/\/survivornet.ca\/?page_id=28632"},"modified":"2024-01-30T14:57:24","modified_gmt":"2024-01-30T19:57:24","slug":"after-breast-cancer","status":"publish","type":"page","link":"https:\/\/survivornet.ca\/fr\/reliez-vous\/partenaires\/after-breast-cancer\/","title":{"rendered":"After Breast Cancer"},"content":{"rendered":"<p><a href=\"http:\/\/survivornet.ca\/wp-content\/uploads\/2024\/01\/after-Breast-Cancer.png\"><img loading=\"lazy\" decoding=\"async\" class=\"aligncenter  wp-image-28633\" src=\"http:\/\/survivornet.ca\/wp-content\/uploads\/2024\/01\/after-Breast-Cancer.png\" alt=\"\" width=\"380\" height=\"232\" srcset=\"https:\/\/survivornet.ca\/wp-content\/uploads\/2024\/01\/after-Breast-Cancer.png 1024w, https:\/\/survivornet.ca\/wp-content\/uploads\/2024\/01\/after-Breast-Cancer-768x468.png 768w\" sizes=\"auto, (max-width: 380px) 100vw, 380px\" \/><\/a><\/p>\n<p>La majorit\u00e9 des gens croient que survivre aux traitements contre le cancer du sein conclut la bataille, mais il s&#8217;agit en fait du tout d\u00e9but du parcours de gu\u00e9rison. Suite au traitement, les individus ayant \u00e9t\u00e9 trait\u00e9s pour le cancer du sein font face \u00e0 de nombreux d\u00e9fis de nature physique, \u00e9motionnelle et financi\u00e8re. D&#8217;innombrables femmes ont de la difficult\u00e9 \u00e0 se r\u00e9int\u00e9grer dans le milieu professionnel tout en g\u00e9rant des troubles de sant\u00e9 chronique r\u00e9sultant des traitements, en impl\u00e9mentant des nouvelles habitudes de vie saine, en combattant des sympt\u00f4mes de d\u00e9pression et en s&#8217;habituant \u00e0 leur nouveau corps.<\/p>\n<p><strong><em>after <\/em>BREAST CANCER\u00a0<\/strong>est une organisation \u00e0 but non lucratif, qui a pour but d&#8217;aider les individus ayant compl\u00e9t\u00e9 des traitements contre le cancer du sein et qui ont des ressources financi\u00e8res limit\u00e9es ainsi qu&#8217;une absence de couverture d&#8217;assurance, \u00e0 r\u00e9pondre \u00e0 leurs besoins de base. Cela se fait de fa\u00e7on gratuite gr\u00e2ce au programme SHE THRIVES. <em><strong>after <\/strong><\/em><strong>BREAST CANCER<\/strong> fournit aux femmes des produits essentiels tels que des soutiens-gorge et des camisoles post-mastectomie, des proth\u00e8ses mammaires et des ateliers \u00e9ducatifs.<\/p>\n<p>Pour en savoir plus, SVP nous contacter par l&#8217;entremise de notre <a href=\"https:\/\/www.afterbreastcancer.ca\/\">site web<\/a> ou par courriel (info@afterbreastcancer.ca).<\/p>\n<p><strong>after\u00a0BREAST CANCER<br \/>\n<\/strong>1292 St. Clair Avenue West<br \/>\nToronto, ON<br \/>\nM6E1C1<\/p>\n<p>T\u00e9l\u00e9phone: 647-342-9217<\/p>\n","protected":false},"excerpt":{"rendered":"<p>La majorit\u00e9 des gens croient que survivre aux traitements contre le cancer du sein conclut la bataille, mais il s&#8217;agit en fait du tout d\u00e9but du parcours de gu\u00e9rison. Suite au traitement,<\/p>\n","protected":false},"author":2,"featured_media":28633,"parent":4484,"menu_order":0,"comment_status":"closed","ping_status":"closed","template":"","meta":{"_acf_changed":false,"footnotes":""},"class_list":["post-28632","page","type-page","status-publish","has-post-thumbnail","hentry"],"acf":[],"yoast_head":"<!-- This site is optimized with the Yoast SEO plugin v27.4 - https:\/\/yoast.com\/product\/yoast-seo-wordpress\/ -->\n<title>After Breast Cancer - Canadian Cancer Survivor Network<\/title>\n<meta name=\"robots\" content=\"index, follow, max-snippet:-1, max-image-preview:large, max-video-preview:-1\" \/>\n<link rel=\"canonical\" href=\"https:\/\/survivornet.ca\/fr\/reliez-vous\/partenaires\/after-breast-cancer\/\" \/>\n<meta property=\"og:locale\" content=\"fr_FR\" \/>\n<meta property=\"og:type\" content=\"article\" \/>\n<meta property=\"og:title\" content=\"After Breast Cancer - Canadian Cancer Survivor Network\" \/>\n<meta property=\"og:description\" content=\"La majorit\u00e9 des gens croient que survivre aux traitements contre le cancer du sein conclut la bataille, mais il s&#8217;agit en fait du tout d\u00e9but du parcours de gu\u00e9rison. Suite au traitement,\" \/>\n<meta property=\"og:url\" content=\"https:\/\/survivornet.ca\/fr\/reliez-vous\/partenaires\/after-breast-cancer\/\" \/>\n<meta property=\"og:site_name\" content=\"Canadian Cancer Survivor Network\" \/>\n<meta property=\"og:image\" content=\"https:\/\/survivornet.ca\/wp-content\/uploads\/2024\/01\/after-Breast-Cancer.png\" \/>\n\t<meta property=\"og:image:width\" content=\"1024\" \/>\n\t<meta property=\"og:image:height\" content=\"624\" \/>\n\t<meta property=\"og:image:type\" content=\"image\/png\" \/>\n<meta name=\"twitter:card\" content=\"summary_large_image\" \/>\n<meta name=\"twitter:label1\" content=\"Dur\u00e9e de lecture estim\u00e9e\" \/>\n\t<meta name=\"twitter:data1\" content=\"1 minute\" \/>\n<script type=\"application\/ld+json\" class=\"yoast-schema-graph\">{\"@context\":\"https:\\\/\\\/schema.org\",\"@graph\":[{\"@type\":\"WebPage\",\"@id\":\"https:\\\/\\\/survivornet.ca\\\/fr\\\/reliez-vous\\\/partenaires\\\/after-breast-cancer\\\/\",\"url\":\"https:\\\/\\\/survivornet.ca\\\/fr\\\/reliez-vous\\\/partenaires\\\/after-breast-cancer\\\/\",\"name\":\"After Breast Cancer - Canadian Cancer Survivor Network\",\"isPartOf\":{\"@id\":\"https:\\\/\\\/survivornet.ca\\\/#website\"},\"primaryImageOfPage\":{\"@id\":\"https:\\\/\\\/survivornet.ca\\\/fr\\\/reliez-vous\\\/partenaires\\\/after-breast-cancer\\\/#primaryimage\"},\"image\":{\"@id\":\"https:\\\/\\\/survivornet.ca\\\/fr\\\/reliez-vous\\\/partenaires\\\/after-breast-cancer\\\/#primaryimage\"},\"thumbnailUrl\":\"https:\\\/\\\/survivornet.ca\\\/wp-content\\\/uploads\\\/2024\\\/01\\\/after-Breast-Cancer.png\",\"datePublished\":\"2024-01-30T19:57:24+00:00\",\"breadcrumb\":{\"@id\":\"https:\\\/\\\/survivornet.ca\\\/fr\\\/reliez-vous\\\/partenaires\\\/after-breast-cancer\\\/#breadcrumb\"},\"inLanguage\":\"fr-FR\",\"potentialAction\":[{\"@type\":\"ReadAction\",\"target\":[\"https:\\\/\\\/survivornet.ca\\\/fr\\\/reliez-vous\\\/partenaires\\\/after-breast-cancer\\\/\"]}]},{\"@type\":\"ImageObject\",\"inLanguage\":\"fr-FR\",\"@id\":\"https:\\\/\\\/survivornet.ca\\\/fr\\\/reliez-vous\\\/partenaires\\\/after-breast-cancer\\\/#primaryimage\",\"url\":\"https:\\\/\\\/survivornet.ca\\\/wp-content\\\/uploads\\\/2024\\\/01\\\/after-Breast-Cancer.png\",\"contentUrl\":\"https:\\\/\\\/survivornet.ca\\\/wp-content\\\/uploads\\\/2024\\\/01\\\/after-Breast-Cancer.png\",\"width\":1024,\"height\":624},{\"@type\":\"BreadcrumbList\",\"@id\":\"https:\\\/\\\/survivornet.ca\\\/fr\\\/reliez-vous\\\/partenaires\\\/after-breast-cancer\\\/#breadcrumb\",\"itemListElement\":[{\"@type\":\"ListItem\",\"position\":1,\"name\":\"Home\",\"item\":\"https:\\\/\\\/survivornet.ca\\\/fr\\\/\"},{\"@type\":\"ListItem\",\"position\":2,\"name\":\"Connectez\",\"item\":\"https:\\\/\\\/survivornet.ca\\\/fr\\\/reliez-vous\\\/\"},{\"@type\":\"ListItem\",\"position\":3,\"name\":\"Partenaires\",\"item\":\"https:\\\/\\\/survivornet.ca\\\/fr\\\/reliez-vous\\\/partenaires\\\/\"},{\"@type\":\"ListItem\",\"position\":4,\"name\":\"After Breast Cancer\"}]},{\"@type\":\"WebSite\",\"@id\":\"https:\\\/\\\/survivornet.ca\\\/#website\",\"url\":\"https:\\\/\\\/survivornet.ca\\\/\",\"name\":\"Canadian Cancer Survivor Network\",\"description\":\"The Canadian Cancer Survivor Network was created by a group of Canadians concerned about cancer.\",\"publisher\":{\"@id\":\"https:\\\/\\\/survivornet.ca\\\/#organization\"},\"potentialAction\":[{\"@type\":\"SearchAction\",\"target\":{\"@type\":\"EntryPoint\",\"urlTemplate\":\"https:\\\/\\\/survivornet.ca\\\/?s={search_term_string}\"},\"query-input\":{\"@type\":\"PropertyValueSpecification\",\"valueRequired\":true,\"valueName\":\"search_term_string\"}}],\"inLanguage\":\"fr-FR\"},{\"@type\":\"Organization\",\"@id\":\"https:\\\/\\\/survivornet.ca\\\/#organization\",\"name\":\"Canadian Cancer Survivor Network\",\"url\":\"https:\\\/\\\/survivornet.ca\\\/\",\"logo\":{\"@type\":\"ImageObject\",\"inLanguage\":\"fr-FR\",\"@id\":\"https:\\\/\\\/survivornet.ca\\\/#\\\/schema\\\/logo\\\/image\\\/\",\"url\":\"http:\\\/\\\/survivornet.ca\\\/wp-content\\\/uploads\\\/2016\\\/12\\\/CCSN_Logo_EN_SQUARE.png\",\"contentUrl\":\"http:\\\/\\\/survivornet.ca\\\/wp-content\\\/uploads\\\/2016\\\/12\\\/CCSN_Logo_EN_SQUARE.png\",\"width\":1209,\"height\":1007,\"caption\":\"Canadian Cancer Survivor Network\"},\"image\":{\"@id\":\"https:\\\/\\\/survivornet.ca\\\/#\\\/schema\\\/logo\\\/image\\\/\"}}]}<\/script>\n<!-- \/ Yoast SEO plugin. -->","yoast_head_json":{"title":"After Breast Cancer - Canadian Cancer Survivor Network","robots":{"index":"index","follow":"follow","max-snippet":"max-snippet:-1","max-image-preview":"max-image-preview:large","max-video-preview":"max-video-preview:-1"},"canonical":"https:\/\/survivornet.ca\/fr\/reliez-vous\/partenaires\/after-breast-cancer\/","og_locale":"fr_FR","og_type":"article","og_title":"After Breast Cancer - Canadian Cancer Survivor Network","og_description":"La majorit\u00e9 des gens croient que survivre aux traitements contre le cancer du sein conclut la bataille, mais il s&#8217;agit en fait du tout d\u00e9but du parcours de gu\u00e9rison. Suite au traitement,","og_url":"https:\/\/survivornet.ca\/fr\/reliez-vous\/partenaires\/after-breast-cancer\/","og_site_name":"Canadian Cancer Survivor Network","og_image":[{"width":1024,"height":624,"url":"https:\/\/survivornet.ca\/wp-content\/uploads\/2024\/01\/after-Breast-Cancer.png","type":"image\/png"}],"twitter_card":"summary_large_image","twitter_misc":{"Dur\u00e9e de lecture estim\u00e9e":"1 minute"},"schema":{"@context":"https:\/\/schema.org","@graph":[{"@type":"WebPage","@id":"https:\/\/survivornet.ca\/fr\/reliez-vous\/partenaires\/after-breast-cancer\/","url":"https:\/\/survivornet.ca\/fr\/reliez-vous\/partenaires\/after-breast-cancer\/","name":"After Breast Cancer - Canadian Cancer Survivor Network","isPartOf":{"@id":"https:\/\/survivornet.ca\/#website"},"primaryImageOfPage":{"@id":"https:\/\/survivornet.ca\/fr\/reliez-vous\/partenaires\/after-breast-cancer\/#primaryimage"},"image":{"@id":"https:\/\/survivornet.ca\/fr\/reliez-vous\/partenaires\/after-breast-cancer\/#primaryimage"},"thumbnailUrl":"https:\/\/survivornet.ca\/wp-content\/uploads\/2024\/01\/after-Breast-Cancer.png","datePublished":"2024-01-30T19:57:24+00:00","breadcrumb":{"@id":"https:\/\/survivornet.ca\/fr\/reliez-vous\/partenaires\/after-breast-cancer\/#breadcrumb"},"inLanguage":"fr-FR","potentialAction":[{"@type":"ReadAction","target":["https:\/\/survivornet.ca\/fr\/reliez-vous\/partenaires\/after-breast-cancer\/"]}]},{"@type":"ImageObject","inLanguage":"fr-FR","@id":"https:\/\/survivornet.ca\/fr\/reliez-vous\/partenaires\/after-breast-cancer\/#primaryimage","url":"https:\/\/survivornet.ca\/wp-content\/uploads\/2024\/01\/after-Breast-Cancer.png","contentUrl":"https:\/\/survivornet.ca\/wp-content\/uploads\/2024\/01\/after-Breast-Cancer.png","width":1024,"height":624},{"@type":"BreadcrumbList","@id":"https:\/\/survivornet.ca\/fr\/reliez-vous\/partenaires\/after-breast-cancer\/#breadcrumb","itemListElement":[{"@type":"ListItem","position":1,"name":"Home","item":"https:\/\/survivornet.ca\/fr\/"},{"@type":"ListItem","position":2,"name":"Connectez","item":"https:\/\/survivornet.ca\/fr\/reliez-vous\/"},{"@type":"ListItem","position":3,"name":"Partenaires","item":"https:\/\/survivornet.ca\/fr\/reliez-vous\/partenaires\/"},{"@type":"ListItem","position":4,"name":"After Breast Cancer"}]},{"@type":"WebSite","@id":"https:\/\/survivornet.ca\/#website","url":"https:\/\/survivornet.ca\/","name":"Canadian Cancer Survivor Network","description":"The Canadian Cancer Survivor Network was created by a group of Canadians concerned about cancer.","publisher":{"@id":"https:\/\/survivornet.ca\/#organization"},"potentialAction":[{"@type":"SearchAction","target":{"@type":"EntryPoint","urlTemplate":"https:\/\/survivornet.ca\/?s={search_term_string}"},"query-input":{"@type":"PropertyValueSpecification","valueRequired":true,"valueName":"search_term_string"}}],"inLanguage":"fr-FR"},{"@type":"Organization","@id":"https:\/\/survivornet.ca\/#organization","name":"Canadian Cancer Survivor Network","url":"https:\/\/survivornet.ca\/","logo":{"@type":"ImageObject","inLanguage":"fr-FR","@id":"https:\/\/survivornet.ca\/#\/schema\/logo\/image\/","url":"http:\/\/survivornet.ca\/wp-content\/uploads\/2016\/12\/CCSN_Logo_EN_SQUARE.png","contentUrl":"http:\/\/survivornet.ca\/wp-content\/uploads\/2016\/12\/CCSN_Logo_EN_SQUARE.png","width":1209,"height":1007,"caption":"Canadian Cancer Survivor Network"},"image":{"@id":"https:\/\/survivornet.ca\/#\/schema\/logo\/image\/"}}]}},"_links":{"self":[{"href":"https:\/\/survivornet.ca\/fr\/wp-json\/wp\/v2\/pages\/28632","targetHints":{"allow":["GET"]}}],"collection":[{"href":"https:\/\/survivornet.ca\/fr\/wp-json\/wp\/v2\/pages"}],"about":[{"href":"https:\/\/survivornet.ca\/fr\/wp-json\/wp\/v2\/types\/page"}],"author":[{"embeddable":true,"href":"https:\/\/survivornet.ca\/fr\/wp-json\/wp\/v2\/users\/2"}],"replies":[{"embeddable":true,"href":"https:\/\/survivornet.ca\/fr\/wp-json\/wp\/v2\/comments?post=28632"}],"version-history":[{"count":1,"href":"https:\/\/survivornet.ca\/fr\/wp-json\/wp\/v2\/pages\/28632\/revisions"}],"predecessor-version":[{"id":28635,"href":"https:\/\/survivornet.ca\/fr\/wp-json\/wp\/v2\/pages\/28632\/revisions\/28635"}],"up":[{"embeddable":true,"href":"https:\/\/survivornet.ca\/fr\/wp-json\/wp\/v2\/pages\/4484"}],"wp:featuredmedia":[{"embeddable":true,"href":"https:\/\/survivornet.ca\/fr\/wp-json\/wp\/v2\/media\/28633"}],"wp:attachment":[{"href":"https:\/\/survivornet.ca\/fr\/wp-json\/wp\/v2\/media?parent=28632"}],"curies":[{"name":"wp","href":"https:\/\/api.w.org\/{rel}","templated":true}]}}