{"id":28538,"date":"2024-01-17T10:01:57","date_gmt":"2024-01-17T15:01:57","guid":{"rendered":"https:\/\/survivornet.ca\/?page_id=28538"},"modified":"2024-01-17T10:01:57","modified_gmt":"2024-01-17T15:01:57","slug":"therapie-par-radioligands","status":"publish","type":"page","link":"https:\/\/survivornet.ca\/fr\/therapie-par-radioligands\/","title":{"rendered":"Th\u00e9rapie par radioligands"},"content":{"rendered":"<p style=\"font-weight: 400;\">Les radioligands sont \u00e0 la pointe des traitements novateurs pour le cancer de la prostate. Ces mol\u00e9cules, ou ligands, ont la remarquable capacit\u00e9 de se lier \u00e0 des r\u00e9cepteurs sp\u00e9cifiques, exer\u00e7ant un effet sur les cellules o\u00f9 r\u00e9sident ces r\u00e9cepteurs. Le marquage radioactif de ces ligands permet aux chercheurs m\u00e9dicaux de suivre leur destination et de surveiller leur comportement dans l\u2019organisme.<\/p>\n<p style=\"font-weight: 400;\">La tomographie par \u00e9mission de positrons (TEP) est transform\u00e9e par l\u2019application de radioligands, qui ont la capacit\u00e9 de se lier de fa\u00e7on sp\u00e9cifique \u00e0 des cellules \u00e0 diff\u00e9rents stades de la progression de la maladie. Cette liaison permet aux chercheurs et aux cliniciens de visualiser la distribution de ces cellules dans l\u2019organisme, transformant le potentiel de d\u00e9tection pr\u00e9coce des maladies d\u2019un horizon vague en une r\u00e9alit\u00e9 tangible.<\/p>\n<p style=\"font-weight: 400;\">Les radioligands th\u00e9rapeutiques radioactifs peuvent se lier \u00e0 des cellules sp\u00e9cifiques qui reconnaissent la maladie pour d\u00e9livrer une dose l\u00e9tale de rayonnement qui entra\u00eenerait la destruction th\u00e9rapeutique de ces cellules. Il est donc possible de cibler et d\u2019\u00e9liminer des maladies d\u00e9vastatrices telles que le cancer avec une pr\u00e9cision sans pr\u00e9c\u00e9dent.<\/p>\n<p style=\"font-weight: 400;\"><strong>Composants cl\u00e9s des radioligands:<\/strong><\/p>\n<ul style=\"font-weight: 400;\">\n<li><em>Radioisotope:<\/em>\u00a0Il s\u2019agit de l\u2019\u00e9l\u00e9ment radioactif int\u00e9gr\u00e9 dans le radioligand. Les isotopes couramment utilis\u00e9s sont le lut\u00e9cium-177 et le gallium-68, connus pour leurs propri\u00e9t\u00e9s th\u00e9rapeutiques et d\u2019imagerie, respectivement.<\/li>\n<li><em>Ligand:<\/em>\u00a0Le ligand est con\u00e7u pour se lier sp\u00e9cifiquement au PSMA, une prot\u00e9ine fortement exprim\u00e9e \u00e0 la surface des cellules canc\u00e9reuses de la prostate. Cette sp\u00e9cificit\u00e9 garantit que le radioligand cible les tissus canc\u00e9reux tout en \u00e9pargnant les cellules saines.<\/li>\n<\/ul>\n<p style=\"font-weight: 400;\"><strong>Applications diagnostiques:<\/strong>\u00a0Les radioligands jouent un r\u00f4le essentiel dans l\u2019imagerie diagnostique, en particulier dans la tomographie par \u00e9mission de positrons (TEP). Le ligand PSMA, associ\u00e9 \u00e0 un radio-isotope comme le Gallium-68, permet de visualiser avec pr\u00e9cision les l\u00e9sions du cancer de la prostate. Cela permet une d\u00e9tection pr\u00e9coce, une stadification pr\u00e9cise et un suivi de la r\u00e9ponse au traitement.<\/p>\n<p style=\"font-weight: 400;\"><strong>Applications th\u00e9rapeutiques:<\/strong>\u00a0Outre leur utilit\u00e9 diagnostique, les radioligands sont utilis\u00e9s dans la th\u00e9rapie cibl\u00e9e du cancer de la prostate. Les ligands PSMA marqu\u00e9s au lut\u00e9cium-177, tels que <em>Pluvicto<\/em>, transmettent des radiations th\u00e9rapeutiques directement aux cellules canc\u00e9reuses de la prostate. Cette approche cibl\u00e9e renforce l\u2019efficacit\u00e9 du traitement tout en minimisant les dommages caus\u00e9s aux tissus sains environnants.<\/p>\n<p style=\"font-weight: 400;\"><strong>Avantages de la th\u00e9rapie par radioligands:<\/strong><\/p>\n<ul style=\"font-weight: 400;\">\n<li><em>Pr\u00e9cision:<\/em>\u00a0Les radioligands ciblent les cellules canc\u00e9reuses, en minimisant les dommages collat\u00e9raux aux tissus sains.<\/li>\n<li><em>Efficacit\u00e9:<\/em>\u00a0L\u2019administration cibl\u00e9e du rayonnement renforce l\u2019impact th\u00e9rapeutique sur les cellules canc\u00e9reuses.<\/li>\n<li><em>Traitement personnalis\u00e9:<\/em>\u00a0La th\u00e9rapie par radioligands peut \u00eatre adapt\u00e9e \u00e0 chaque patient en fonction de l\u2019expression du PSMA dans sa tumeur.<\/li>\n<\/ul>\n<p style=\"font-weight: 400;\"><strong>D\u00e9fis et consid\u00e9rations:<\/strong>\u00a0Bien que les radioligands soient extr\u00eamement prometteurs, il y a des d\u00e9fis \u00e0 relever et des consid\u00e9rations \u00e0 prendre en compte:<\/p>\n<ul style=\"font-weight: 400;\">\n<li><em>Logistique:<\/em>\u00a0En raison de la courte demi-vie de certains radio-isotopes, la th\u00e9rapie par radioligands n\u00e9cessite une coordination minutieuse et son administration doit \u00eatre effectu\u00e9e peu apr\u00e8s la production.<\/li>\n<li><em>Disponibilit\u00e9:<\/em>\u00a0L\u2019acc\u00e8s \u00e0 la th\u00e9rapie par radioligands peut \u00eatre limit\u00e9 dans certaines r\u00e9gions, et des efforts sont en cours pour am\u00e9liorer sa disponibilit\u00e9.<\/li>\n<\/ul>\n<p style=\"font-weight: 400;\"><strong>Recherche en cours et perspective d\u2019avenir:<\/strong>\u00a0Le domaine des radioligands pour le cancer de la prostate est dynamique, avec une exploration continue de nouveaux isotopes, ligands et th\u00e9rapies combin\u00e9es. Les \u00e9tudes exp\u00e9rimentales se concentrent sur l\u2019am\u00e9lioration des r\u00e9sultats du traitement et sur une application plus versatile des radioligands \u00e0 diff\u00e9rents stades du cancer de la prostate.<\/p>\n<p style=\"font-weight: 400;\">Au fur et \u00e0 mesure que la technologie progresse et que les donn\u00e9es cliniques se multiplient, les radioligands continuent d\u2019\u00e9voluer, offrant l\u2019espoir d\u2019une meilleure pr\u00e9cision et d\u2019une efficacit\u00e9 accrue dans le diagnostic et le traitement du cancer de la prostate.<\/p>\n<p style=\"font-weight: 400;\"><strong><em>Pluvicto<\/em><\/strong><strong>, par Novartis<\/strong><\/p>\n<p style=\"font-weight: 400;\">Novartis produit deux th\u00e9rapies diff\u00e9rentes \u00e0 base de radioligands:\u00a0<em>Lutathera<\/em>, qui traite les tumeurs neuroendocrines, une forme rare de cancer du tube digestif, et <em>Pluvicto<\/em>, pour les patients atteints d\u2019un type sp\u00e9cifique de cancer de la prostate. <em>Pluvicto<\/em> a \u00e9t\u00e9 approuv\u00e9 par Sant\u00e9 Canada en septembre 2022 en tant que \u00abpremi\u00e8re th\u00e9rapie cibl\u00e9e par radioligands pour le cancer de la prostate m\u00e9tastatique progressif PSMA positif r\u00e9sistant \u00e0 la castration\u00bb (Novartis).<\/p>\n<p style=\"font-weight: 400;\"><strong>Le <em>Pluvicto <\/em>est-il fait pour moi?<\/strong><\/p>\n<p style=\"font-weight: 400;\"><em>Pluvicto<\/em> (injection de lut\u00e9cium [177Lu] vipivotide t\u00e9trax\u00e9tan) est indiqu\u00e9 pour le traitement des patients adultes atteints d\u2019un cancer de la prostate m\u00e9tastatique r\u00e9sistant \u00e0 la castration (CPRC) avec antig\u00e8ne membranaire sp\u00e9cifique de la prostate (PSMA) positif, qui ont re\u00e7u au moins un inhibiteur de la voie du r\u00e9cepteur des androg\u00e8nes (IVRA) et une chimioth\u00e9rapie \u00e0 base de taxane (gouvernement du Canada).<\/p>\n<p style=\"font-weight: 400;\"><strong>Avertissements<\/strong><\/p>\n<p style=\"font-weight: 400;\">Peut entrainer une suppression de la moelle osseuse grave au point de compromettre la survie ou d\u2019entra\u00eener la mort. Informez imm\u00e9diatement votre m\u00e9decin si vous pr\u00e9sentez l\u2019un des signes et sympt\u00f4mes suivants \u00e0 tout moment du traitement:<\/p>\n<ul style=\"font-weight: 400;\">\n<li>Fatigue, faiblesse et p\u00e2leur de la peau<\/li>\n<li>Essoufflement<\/li>\n<li>Saignements ou ecchymoses survenant plus facilement que d\u2019habitude ou difficult\u00e9s \u00e0 arr\u00eater les saignements<\/li>\n<li>Infections fr\u00e9quentes avec des signes tels que la fi\u00e8vre, le frissonnement, les maux de gorge ou les ulc\u00e8res dans la bouche<\/li>\n<\/ul>\n<p style=\"font-weight: 400;\">Une insuffisance r\u00e9nale peut survenir chez les patients trait\u00e9s par <em>Pluvicto<\/em>. Informez votre m\u00e9decin de toute affection r\u00e9nale avant d\u2019obtenir du <em>Pluvicto<\/em>.<\/p>\n<p style=\"font-weight: 400;\">Pour minimiser l\u2019exposition d\u2019autrui aux rayonnements apr\u00e8s l\u2019administration de <em>Pluvicto<\/em>, il importe de limiter les contacts \u00e9troits (moins d\u2019un m\u00e8tre) avec les personnes dans votre foyer pendant 2\u00a0jours ou avec les enfants et les femmes enceintes pendant 7\u00a0jours, s\u2019abstenir de toute activit\u00e9 sexuelle pendant 7\u00a0jours et dormir dans une chambre s\u00e9par\u00e9e des personnes dans votre foyer pendant 3\u00a0jours, des enfants pendant 7\u00a0jours ou des femmes enceintes pendant 15\u00a0jours.<\/p>\n<p style=\"font-weight: 400;\">Les \u00e9tudes cliniques sur le <em>Pluvicto<\/em> ont toujours indiqu\u00e9 un profil de s\u00e9curit\u00e9 tr\u00e8s favorable. Les effets ind\u00e9sirables restent peu nombreux, principalement de s\u00e9v\u00e9rit\u00e9 l\u00e9g\u00e8re \u00e0 mod\u00e9r\u00e9e, ce qui explique pourquoi ce traitement est consid\u00e9r\u00e9 comme \u00e9tant bien tol\u00e9r\u00e9. Les effets secondaires typiques sont la fatigue, les naus\u00e9es et la s\u00e9cheresse de la bouche, bien qu\u2019ils soient g\u00e9n\u00e9ralement transitoires et ma\u00eetrisables. Les effets secondaires graves ont \u00e9t\u00e9 sporadiques dans la population \u00e9tudi\u00e9e, ce qui t\u00e9moigne de la grande marge de s\u00e9curit\u00e9 du <em>Pluvicto<\/em>.<\/p>\n<p style=\"font-weight: 400;\"><strong>\u00c9tat de la couverture<\/strong><\/p>\n<p style=\"font-weight: 400;\"><strong>ACMTS<\/strong> \u2014 Le Pluvicto devrait \u00eatre rembours\u00e9 par les r\u00e9gimes publics d\u2019assurance-m\u00e9dicaments pour le traitement des patients atteints de CPRCm.<\/p>\n<p style=\"font-weight: 400;\"><strong>INESSS<\/strong> \u2014 Le Pluvicto devrait \u00eatre rembours\u00e9 par les r\u00e9gimes publics d\u2019assurance-m\u00e9dicaments pour le traitement des patients atteints de CPRCm.<\/p>\n<p style=\"font-weight: 400;\">Malgr\u00e9 l\u2019approbation de Sant\u00e9 Canada, le Pluvicto, qui est vendu jusqu\u2019\u00e0 27\u00a0000 dollars la dose pour un cycle de traitement de six doses, est limit\u00e9 en raison des processus nationaux et provinciaux d\u2019examen et de financement des m\u00e9dicaments. Fran\u00e7ois Lamoureux, pr\u00e9sident de l\u2019Association canadienne de m\u00e9decine nucl\u00e9aire, estime que le nombre moyen de traitements sera de 4,5, ce qui signifie que le co\u00fbt moyen au Qu\u00e9bec sera de 120\u00a0000$. Ce chiffre est comparable \u00e0 la fourchette de 135\u00a0000 \u00e0 270\u00a0000 dollars que co\u00fbte une chimioth\u00e9rapie ordinaire.<\/p>\n","protected":false},"excerpt":{"rendered":"<p>Les radioligands sont \u00e0 la pointe des traitements novateurs pour le cancer de la prostate. Ces mol\u00e9cules, ou ligands, ont la remarquable capacit\u00e9 de se lier \u00e0 des r\u00e9cepteurs sp\u00e9cifiques, exer\u00e7ant un<\/p>\n","protected":false},"author":2,"featured_media":0,"parent":0,"menu_order":0,"comment_status":"closed","ping_status":"closed","template":"","meta":{"_acf_changed":false,"footnotes":""},"class_list":["post-28538","page","type-page","status-publish","hentry"],"acf":[],"yoast_head":"<!-- This site is optimized with the Yoast SEO plugin v27.4 - https:\/\/yoast.com\/product\/yoast-seo-wordpress\/ -->\n<title>Th\u00e9rapie par radioligands - Canadian Cancer Survivor Network<\/title>\n<meta name=\"robots\" content=\"index, follow, max-snippet:-1, max-image-preview:large, max-video-preview:-1\" \/>\n<link rel=\"canonical\" href=\"https:\/\/survivornet.ca\/fr\/therapie-par-radioligands\/\" \/>\n<meta property=\"og:locale\" content=\"fr_FR\" \/>\n<meta property=\"og:type\" content=\"article\" \/>\n<meta property=\"og:title\" content=\"Th\u00e9rapie par radioligands - Canadian Cancer Survivor Network\" \/>\n<meta property=\"og:description\" content=\"Les radioligands sont \u00e0 la pointe des traitements novateurs pour le cancer de la prostate. Ces mol\u00e9cules, ou ligands, ont la remarquable capacit\u00e9 de se lier \u00e0 des r\u00e9cepteurs sp\u00e9cifiques, exer\u00e7ant un\" \/>\n<meta property=\"og:url\" content=\"https:\/\/survivornet.ca\/fr\/therapie-par-radioligands\/\" \/>\n<meta property=\"og:site_name\" content=\"Canadian Cancer Survivor Network\" \/>\n<meta name=\"twitter:card\" content=\"summary_large_image\" \/>\n<meta name=\"twitter:label1\" content=\"Dur\u00e9e de lecture estim\u00e9e\" \/>\n\t<meta name=\"twitter:data1\" content=\"6 minutes\" \/>\n<script type=\"application\/ld+json\" class=\"yoast-schema-graph\">{\"@context\":\"https:\\\/\\\/schema.org\",\"@graph\":[{\"@type\":\"WebPage\",\"@id\":\"https:\\\/\\\/survivornet.ca\\\/fr\\\/therapie-par-radioligands\\\/\",\"url\":\"https:\\\/\\\/survivornet.ca\\\/fr\\\/therapie-par-radioligands\\\/\",\"name\":\"Th\u00e9rapie par radioligands - Canadian Cancer Survivor Network\",\"isPartOf\":{\"@id\":\"https:\\\/\\\/survivornet.ca\\\/#website\"},\"datePublished\":\"2024-01-17T15:01:57+00:00\",\"breadcrumb\":{\"@id\":\"https:\\\/\\\/survivornet.ca\\\/fr\\\/therapie-par-radioligands\\\/#breadcrumb\"},\"inLanguage\":\"fr-FR\",\"potentialAction\":[{\"@type\":\"ReadAction\",\"target\":[\"https:\\\/\\\/survivornet.ca\\\/fr\\\/therapie-par-radioligands\\\/\"]}]},{\"@type\":\"BreadcrumbList\",\"@id\":\"https:\\\/\\\/survivornet.ca\\\/fr\\\/therapie-par-radioligands\\\/#breadcrumb\",\"itemListElement\":[{\"@type\":\"ListItem\",\"position\":1,\"name\":\"Home\",\"item\":\"https:\\\/\\\/survivornet.ca\\\/fr\\\/\"},{\"@type\":\"ListItem\",\"position\":2,\"name\":\"Th\u00e9rapie par radioligands\"}]},{\"@type\":\"WebSite\",\"@id\":\"https:\\\/\\\/survivornet.ca\\\/#website\",\"url\":\"https:\\\/\\\/survivornet.ca\\\/\",\"name\":\"Canadian Cancer Survivor Network\",\"description\":\"The Canadian Cancer Survivor Network was created by a group of Canadians concerned about cancer.\",\"publisher\":{\"@id\":\"https:\\\/\\\/survivornet.ca\\\/#organization\"},\"potentialAction\":[{\"@type\":\"SearchAction\",\"target\":{\"@type\":\"EntryPoint\",\"urlTemplate\":\"https:\\\/\\\/survivornet.ca\\\/?s={search_term_string}\"},\"query-input\":{\"@type\":\"PropertyValueSpecification\",\"valueRequired\":true,\"valueName\":\"search_term_string\"}}],\"inLanguage\":\"fr-FR\"},{\"@type\":\"Organization\",\"@id\":\"https:\\\/\\\/survivornet.ca\\\/#organization\",\"name\":\"Canadian Cancer Survivor Network\",\"url\":\"https:\\\/\\\/survivornet.ca\\\/\",\"logo\":{\"@type\":\"ImageObject\",\"inLanguage\":\"fr-FR\",\"@id\":\"https:\\\/\\\/survivornet.ca\\\/#\\\/schema\\\/logo\\\/image\\\/\",\"url\":\"http:\\\/\\\/survivornet.ca\\\/wp-content\\\/uploads\\\/2016\\\/12\\\/CCSN_Logo_EN_SQUARE.png\",\"contentUrl\":\"http:\\\/\\\/survivornet.ca\\\/wp-content\\\/uploads\\\/2016\\\/12\\\/CCSN_Logo_EN_SQUARE.png\",\"width\":1209,\"height\":1007,\"caption\":\"Canadian Cancer Survivor Network\"},\"image\":{\"@id\":\"https:\\\/\\\/survivornet.ca\\\/#\\\/schema\\\/logo\\\/image\\\/\"}}]}<\/script>\n<!-- \/ Yoast SEO plugin. -->","yoast_head_json":{"title":"Th\u00e9rapie par radioligands - Canadian Cancer Survivor Network","robots":{"index":"index","follow":"follow","max-snippet":"max-snippet:-1","max-image-preview":"max-image-preview:large","max-video-preview":"max-video-preview:-1"},"canonical":"https:\/\/survivornet.ca\/fr\/therapie-par-radioligands\/","og_locale":"fr_FR","og_type":"article","og_title":"Th\u00e9rapie par radioligands - Canadian Cancer Survivor Network","og_description":"Les radioligands sont \u00e0 la pointe des traitements novateurs pour le cancer de la prostate. Ces mol\u00e9cules, ou ligands, ont la remarquable capacit\u00e9 de se lier \u00e0 des r\u00e9cepteurs sp\u00e9cifiques, exer\u00e7ant un","og_url":"https:\/\/survivornet.ca\/fr\/therapie-par-radioligands\/","og_site_name":"Canadian Cancer Survivor Network","twitter_card":"summary_large_image","twitter_misc":{"Dur\u00e9e de lecture estim\u00e9e":"6 minutes"},"schema":{"@context":"https:\/\/schema.org","@graph":[{"@type":"WebPage","@id":"https:\/\/survivornet.ca\/fr\/therapie-par-radioligands\/","url":"https:\/\/survivornet.ca\/fr\/therapie-par-radioligands\/","name":"Th\u00e9rapie par radioligands - Canadian Cancer Survivor Network","isPartOf":{"@id":"https:\/\/survivornet.ca\/#website"},"datePublished":"2024-01-17T15:01:57+00:00","breadcrumb":{"@id":"https:\/\/survivornet.ca\/fr\/therapie-par-radioligands\/#breadcrumb"},"inLanguage":"fr-FR","potentialAction":[{"@type":"ReadAction","target":["https:\/\/survivornet.ca\/fr\/therapie-par-radioligands\/"]}]},{"@type":"BreadcrumbList","@id":"https:\/\/survivornet.ca\/fr\/therapie-par-radioligands\/#breadcrumb","itemListElement":[{"@type":"ListItem","position":1,"name":"Home","item":"https:\/\/survivornet.ca\/fr\/"},{"@type":"ListItem","position":2,"name":"Th\u00e9rapie par radioligands"}]},{"@type":"WebSite","@id":"https:\/\/survivornet.ca\/#website","url":"https:\/\/survivornet.ca\/","name":"Canadian Cancer Survivor Network","description":"The Canadian Cancer Survivor Network was created by a group of Canadians concerned about cancer.","publisher":{"@id":"https:\/\/survivornet.ca\/#organization"},"potentialAction":[{"@type":"SearchAction","target":{"@type":"EntryPoint","urlTemplate":"https:\/\/survivornet.ca\/?s={search_term_string}"},"query-input":{"@type":"PropertyValueSpecification","valueRequired":true,"valueName":"search_term_string"}}],"inLanguage":"fr-FR"},{"@type":"Organization","@id":"https:\/\/survivornet.ca\/#organization","name":"Canadian Cancer Survivor Network","url":"https:\/\/survivornet.ca\/","logo":{"@type":"ImageObject","inLanguage":"fr-FR","@id":"https:\/\/survivornet.ca\/#\/schema\/logo\/image\/","url":"http:\/\/survivornet.ca\/wp-content\/uploads\/2016\/12\/CCSN_Logo_EN_SQUARE.png","contentUrl":"http:\/\/survivornet.ca\/wp-content\/uploads\/2016\/12\/CCSN_Logo_EN_SQUARE.png","width":1209,"height":1007,"caption":"Canadian Cancer Survivor Network"},"image":{"@id":"https:\/\/survivornet.ca\/#\/schema\/logo\/image\/"}}]}},"_links":{"self":[{"href":"https:\/\/survivornet.ca\/fr\/wp-json\/wp\/v2\/pages\/28538","targetHints":{"allow":["GET"]}}],"collection":[{"href":"https:\/\/survivornet.ca\/fr\/wp-json\/wp\/v2\/pages"}],"about":[{"href":"https:\/\/survivornet.ca\/fr\/wp-json\/wp\/v2\/types\/page"}],"author":[{"embeddable":true,"href":"https:\/\/survivornet.ca\/fr\/wp-json\/wp\/v2\/users\/2"}],"replies":[{"embeddable":true,"href":"https:\/\/survivornet.ca\/fr\/wp-json\/wp\/v2\/comments?post=28538"}],"version-history":[{"count":3,"href":"https:\/\/survivornet.ca\/fr\/wp-json\/wp\/v2\/pages\/28538\/revisions"}],"predecessor-version":[{"id":28541,"href":"https:\/\/survivornet.ca\/fr\/wp-json\/wp\/v2\/pages\/28538\/revisions\/28541"}],"wp:attachment":[{"href":"https:\/\/survivornet.ca\/fr\/wp-json\/wp\/v2\/media?parent=28538"}],"curies":[{"name":"wp","href":"https:\/\/api.w.org\/{rel}","templated":true}]}}