{"id":26661,"date":"2022-09-30T10:00:54","date_gmt":"2022-09-30T14:00:54","guid":{"rendered":"https:\/\/survivornet.ca\/?page_id=26661"},"modified":"2022-09-30T10:00:54","modified_gmt":"2022-09-30T14:00:54","slug":"reponse-de-catherine-blouin-candidate-pour-la-coalition-avenir-quebec-dans-bonaventure","status":"publish","type":"page","link":"https:\/\/survivornet.ca\/fr\/reponse-de-catherine-blouin-candidate-pour-la-coalition-avenir-quebec-dans-bonaventure\/","title":{"rendered":"R\u00e9ponse de Catherine Blouin, candidate pour la Coalition Avenir Qu\u00e9bec dans Bonaventure"},"content":{"rendered":"<p>Bonjour Jackie,<\/p>\n<p>Merci infiniment pour votre courriel. En tant que jeune m\u00e8re de famille, Catherine Blouin est pleinement consciente du r\u00f4le important que votre organisme joue dans la communaut\u00e9 et des cons\u00e9quences d\u00e9sastreuses de la pand\u00e9mie sur les personnes atteintes de cancer. Vous pouvez \u00e9galement \u00eatre assur\u00e9e qu&#8217;elle prend acte de vos recommandations qui permettront aux personnes atteintes de cancer de ne pas \u00eatre des victimes collat\u00e9rales de la covid 19 \u00e0 l&#8217;avenir.<\/p>\n<p>Si elle a le privil\u00e8ge d&#8217;\u00eatre \u00e9lue, Mme Blouin s&#8217;engage \u00e0 travailler avec les ministres concern\u00e9s afin d&#8217;am\u00e9liorer les choses.<\/p>\n<p>Cordialement,<\/p>\n<p>L&#8217;\u00e9quipe de Catherine Blouin, candidate pour la Coalition Avenir Qu\u00e9bec dans Bonaventure.<\/p>\n","protected":false},"excerpt":{"rendered":"<p>Bonjour Jackie, Merci infiniment pour votre courriel. En tant que jeune m\u00e8re de famille, Catherine Blouin est pleinement consciente du r\u00f4le important que votre organisme joue dans la communaut\u00e9 et des cons\u00e9quences<\/p>\n","protected":false},"author":2,"featured_media":0,"parent":0,"menu_order":0,"comment_status":"closed","ping_status":"closed","template":"","meta":{"_acf_changed":false,"footnotes":""},"class_list":["post-26661","page","type-page","status-publish","hentry"],"acf":[],"yoast_head":"<!-- This site is optimized with the Yoast SEO plugin v27.4 - https:\/\/yoast.com\/product\/yoast-seo-wordpress\/ -->\n<title>R\u00e9ponse de Catherine Blouin, candidate pour la Coalition Avenir Qu\u00e9bec dans Bonaventure - Canadian Cancer Survivor Network<\/title>\n<meta name=\"robots\" content=\"index, follow, max-snippet:-1, max-image-preview:large, max-video-preview:-1\" \/>\n<link rel=\"canonical\" href=\"https:\/\/survivornet.ca\/fr\/reponse-de-catherine-blouin-candidate-pour-la-coalition-avenir-quebec-dans-bonaventure\/\" \/>\n<meta property=\"og:locale\" content=\"fr_FR\" \/>\n<meta property=\"og:type\" content=\"article\" \/>\n<meta property=\"og:title\" content=\"R\u00e9ponse de Catherine Blouin, candidate pour la Coalition Avenir Qu\u00e9bec dans Bonaventure - Canadian Cancer Survivor Network\" \/>\n<meta property=\"og:description\" content=\"Bonjour Jackie, Merci infiniment pour votre courriel. En tant que jeune m\u00e8re de famille, Catherine Blouin est pleinement consciente du r\u00f4le important que votre organisme joue dans la communaut\u00e9 et des cons\u00e9quences\" \/>\n<meta property=\"og:url\" content=\"https:\/\/survivornet.ca\/fr\/reponse-de-catherine-blouin-candidate-pour-la-coalition-avenir-quebec-dans-bonaventure\/\" \/>\n<meta property=\"og:site_name\" content=\"Canadian Cancer Survivor Network\" \/>\n<meta name=\"twitter:card\" content=\"summary_large_image\" \/>\n<meta name=\"twitter:label1\" content=\"Dur\u00e9e de lecture estim\u00e9e\" \/>\n\t<meta name=\"twitter:data1\" content=\"1 minute\" \/>\n<script type=\"application\/ld+json\" class=\"yoast-schema-graph\">{\"@context\":\"https:\\\/\\\/schema.org\",\"@graph\":[{\"@type\":\"WebPage\",\"@id\":\"https:\\\/\\\/survivornet.ca\\\/fr\\\/reponse-de-catherine-blouin-candidate-pour-la-coalition-avenir-quebec-dans-bonaventure\\\/\",\"url\":\"https:\\\/\\\/survivornet.ca\\\/fr\\\/reponse-de-catherine-blouin-candidate-pour-la-coalition-avenir-quebec-dans-bonaventure\\\/\",\"name\":\"R\u00e9ponse de Catherine Blouin, candidate pour la Coalition Avenir Qu\u00e9bec dans Bonaventure - Canadian Cancer Survivor Network\",\"isPartOf\":{\"@id\":\"https:\\\/\\\/survivornet.ca\\\/#website\"},\"datePublished\":\"2022-09-30T14:00:54+00:00\",\"breadcrumb\":{\"@id\":\"https:\\\/\\\/survivornet.ca\\\/fr\\\/reponse-de-catherine-blouin-candidate-pour-la-coalition-avenir-quebec-dans-bonaventure\\\/#breadcrumb\"},\"inLanguage\":\"fr-FR\",\"potentialAction\":[{\"@type\":\"ReadAction\",\"target\":[\"https:\\\/\\\/survivornet.ca\\\/fr\\\/reponse-de-catherine-blouin-candidate-pour-la-coalition-avenir-quebec-dans-bonaventure\\\/\"]}]},{\"@type\":\"BreadcrumbList\",\"@id\":\"https:\\\/\\\/survivornet.ca\\\/fr\\\/reponse-de-catherine-blouin-candidate-pour-la-coalition-avenir-quebec-dans-bonaventure\\\/#breadcrumb\",\"itemListElement\":[{\"@type\":\"ListItem\",\"position\":1,\"name\":\"Home\",\"item\":\"https:\\\/\\\/survivornet.ca\\\/fr\\\/\"},{\"@type\":\"ListItem\",\"position\":2,\"name\":\"R\u00e9ponse de Catherine Blouin, candidate pour la Coalition Avenir Qu\u00e9bec dans Bonaventure\"}]},{\"@type\":\"WebSite\",\"@id\":\"https:\\\/\\\/survivornet.ca\\\/#website\",\"url\":\"https:\\\/\\\/survivornet.ca\\\/\",\"name\":\"Canadian Cancer Survivor Network\",\"description\":\"The Canadian Cancer Survivor Network was created by a group of Canadians concerned about cancer.\",\"publisher\":{\"@id\":\"https:\\\/\\\/survivornet.ca\\\/#organization\"},\"potentialAction\":[{\"@type\":\"SearchAction\",\"target\":{\"@type\":\"EntryPoint\",\"urlTemplate\":\"https:\\\/\\\/survivornet.ca\\\/?s={search_term_string}\"},\"query-input\":{\"@type\":\"PropertyValueSpecification\",\"valueRequired\":true,\"valueName\":\"search_term_string\"}}],\"inLanguage\":\"fr-FR\"},{\"@type\":\"Organization\",\"@id\":\"https:\\\/\\\/survivornet.ca\\\/#organization\",\"name\":\"Canadian Cancer Survivor Network\",\"url\":\"https:\\\/\\\/survivornet.ca\\\/\",\"logo\":{\"@type\":\"ImageObject\",\"inLanguage\":\"fr-FR\",\"@id\":\"https:\\\/\\\/survivornet.ca\\\/#\\\/schema\\\/logo\\\/image\\\/\",\"url\":\"http:\\\/\\\/survivornet.ca\\\/wp-content\\\/uploads\\\/2016\\\/12\\\/CCSN_Logo_EN_SQUARE.png\",\"contentUrl\":\"http:\\\/\\\/survivornet.ca\\\/wp-content\\\/uploads\\\/2016\\\/12\\\/CCSN_Logo_EN_SQUARE.png\",\"width\":1209,\"height\":1007,\"caption\":\"Canadian Cancer Survivor Network\"},\"image\":{\"@id\":\"https:\\\/\\\/survivornet.ca\\\/#\\\/schema\\\/logo\\\/image\\\/\"}}]}<\/script>\n<!-- \/ Yoast SEO plugin. -->","yoast_head_json":{"title":"R\u00e9ponse de Catherine Blouin, candidate pour la Coalition Avenir Qu\u00e9bec dans Bonaventure - Canadian Cancer Survivor Network","robots":{"index":"index","follow":"follow","max-snippet":"max-snippet:-1","max-image-preview":"max-image-preview:large","max-video-preview":"max-video-preview:-1"},"canonical":"https:\/\/survivornet.ca\/fr\/reponse-de-catherine-blouin-candidate-pour-la-coalition-avenir-quebec-dans-bonaventure\/","og_locale":"fr_FR","og_type":"article","og_title":"R\u00e9ponse de Catherine Blouin, candidate pour la Coalition Avenir Qu\u00e9bec dans Bonaventure - Canadian Cancer Survivor Network","og_description":"Bonjour Jackie, Merci infiniment pour votre courriel. En tant que jeune m\u00e8re de famille, Catherine Blouin est pleinement consciente du r\u00f4le important que votre organisme joue dans la communaut\u00e9 et des cons\u00e9quences","og_url":"https:\/\/survivornet.ca\/fr\/reponse-de-catherine-blouin-candidate-pour-la-coalition-avenir-quebec-dans-bonaventure\/","og_site_name":"Canadian Cancer Survivor Network","twitter_card":"summary_large_image","twitter_misc":{"Dur\u00e9e de lecture estim\u00e9e":"1 minute"},"schema":{"@context":"https:\/\/schema.org","@graph":[{"@type":"WebPage","@id":"https:\/\/survivornet.ca\/fr\/reponse-de-catherine-blouin-candidate-pour-la-coalition-avenir-quebec-dans-bonaventure\/","url":"https:\/\/survivornet.ca\/fr\/reponse-de-catherine-blouin-candidate-pour-la-coalition-avenir-quebec-dans-bonaventure\/","name":"R\u00e9ponse de Catherine Blouin, candidate pour la Coalition Avenir Qu\u00e9bec dans Bonaventure - Canadian Cancer Survivor Network","isPartOf":{"@id":"https:\/\/survivornet.ca\/#website"},"datePublished":"2022-09-30T14:00:54+00:00","breadcrumb":{"@id":"https:\/\/survivornet.ca\/fr\/reponse-de-catherine-blouin-candidate-pour-la-coalition-avenir-quebec-dans-bonaventure\/#breadcrumb"},"inLanguage":"fr-FR","potentialAction":[{"@type":"ReadAction","target":["https:\/\/survivornet.ca\/fr\/reponse-de-catherine-blouin-candidate-pour-la-coalition-avenir-quebec-dans-bonaventure\/"]}]},{"@type":"BreadcrumbList","@id":"https:\/\/survivornet.ca\/fr\/reponse-de-catherine-blouin-candidate-pour-la-coalition-avenir-quebec-dans-bonaventure\/#breadcrumb","itemListElement":[{"@type":"ListItem","position":1,"name":"Home","item":"https:\/\/survivornet.ca\/fr\/"},{"@type":"ListItem","position":2,"name":"R\u00e9ponse de Catherine Blouin, candidate pour la Coalition Avenir Qu\u00e9bec dans Bonaventure"}]},{"@type":"WebSite","@id":"https:\/\/survivornet.ca\/#website","url":"https:\/\/survivornet.ca\/","name":"Canadian Cancer Survivor Network","description":"The Canadian Cancer Survivor Network was created by a group of Canadians concerned about cancer.","publisher":{"@id":"https:\/\/survivornet.ca\/#organization"},"potentialAction":[{"@type":"SearchAction","target":{"@type":"EntryPoint","urlTemplate":"https:\/\/survivornet.ca\/?s={search_term_string}"},"query-input":{"@type":"PropertyValueSpecification","valueRequired":true,"valueName":"search_term_string"}}],"inLanguage":"fr-FR"},{"@type":"Organization","@id":"https:\/\/survivornet.ca\/#organization","name":"Canadian Cancer Survivor Network","url":"https:\/\/survivornet.ca\/","logo":{"@type":"ImageObject","inLanguage":"fr-FR","@id":"https:\/\/survivornet.ca\/#\/schema\/logo\/image\/","url":"http:\/\/survivornet.ca\/wp-content\/uploads\/2016\/12\/CCSN_Logo_EN_SQUARE.png","contentUrl":"http:\/\/survivornet.ca\/wp-content\/uploads\/2016\/12\/CCSN_Logo_EN_SQUARE.png","width":1209,"height":1007,"caption":"Canadian Cancer Survivor Network"},"image":{"@id":"https:\/\/survivornet.ca\/#\/schema\/logo\/image\/"}}]}},"_links":{"self":[{"href":"https:\/\/survivornet.ca\/fr\/wp-json\/wp\/v2\/pages\/26661","targetHints":{"allow":["GET"]}}],"collection":[{"href":"https:\/\/survivornet.ca\/fr\/wp-json\/wp\/v2\/pages"}],"about":[{"href":"https:\/\/survivornet.ca\/fr\/wp-json\/wp\/v2\/types\/page"}],"author":[{"embeddable":true,"href":"https:\/\/survivornet.ca\/fr\/wp-json\/wp\/v2\/users\/2"}],"replies":[{"embeddable":true,"href":"https:\/\/survivornet.ca\/fr\/wp-json\/wp\/v2\/comments?post=26661"}],"version-history":[{"count":0,"href":"https:\/\/survivornet.ca\/fr\/wp-json\/wp\/v2\/pages\/26661\/revisions"}],"wp:attachment":[{"href":"https:\/\/survivornet.ca\/fr\/wp-json\/wp\/v2\/media?parent=26661"}],"curies":[{"name":"wp","href":"https:\/\/api.w.org\/{rel}","templated":true}]}}