{"id":26283,"date":"2022-07-21T11:50:47","date_gmt":"2022-07-21T15:50:47","guid":{"rendered":"https:\/\/survivornet.ca\/?page_id=26283"},"modified":"2022-08-23T13:17:45","modified_gmt":"2022-08-23T17:17:45","slug":"sondages-du-rcsc-sur-la-covid-19-et-le-cancer","status":"publish","type":"page","link":"https:\/\/survivornet.ca\/fr\/agissez\/le-cancer-ne-peut-pas-attendre-old\/sondages-du-rcsc-sur-la-covid-19-et-le-cancer\/","title":{"rendered":"Sondages du RCSC sur la COVID-19 et le cancer"},"content":{"rendered":"<p>Le RCSC a mandat\u00e9 la firme L\u00e9ger \u00e0 mener quatre sondages aupr\u00e8s de patients canadiens du cancer, d\u2019aidants et de patients pr\u00e9-diagnostic quant \u00e0 l\u2019impact de la pand\u00e9mie de COVID-19 sur leur vie et leur acc\u00e8s aux soins du cancer. Pour chacun de ces sondages, vous trouverez ci-dessous :<\/p>\n<ul class=\"content-list\">\n<li>Le communiqu\u00e9 de presse<\/li>\n<li>Le lien au webinaire d\u00e9crivant les r\u00e9sultats du sondage<\/li>\n<li>Les diapositives pr\u00e9sent\u00e9es lors du webinaire<\/li>\n<li>Une version plus d\u00e9taill\u00e9e de ces diapositives, avec des tableaux statistiques<\/li>\n<\/ul>\n<p>Veuillez noter que ces webinaires et diapositives ne sont disponibles qu\u2019en anglais. Par contre, <a href=\"https:\/\/word-edit.officeapps.live.com\/we\/wordeditorframe.aspx?ui=en-US&amp;rs=en-CA&amp;hid=gDeekFvCXUiiFelWkcnrFQ.0&amp;wopisrc=https%3A%2F%2Fwopi.onedrive.com%2Fwopi%2Ffiles%2F206809FA2AC5ABBB!117&amp;wdnd=1&amp;wdprevioussession=7560b49a%2Dcac1%2D4a04%2Da2ee%2D2dc8712403df&amp;wdnewandopenct=1658418052476&amp;wdo=4&amp;wdorigin=Unknown&amp;wdpreviouscorrelation=803058ac%2Df0a8%2D43ed%2D88dc%2Dd1d6898c1c4c&amp;wde=docx&amp;sc=host%3D%26qt%3DDefault&amp;mscc=1&amp;wdp=0&amp;uih=OneDrive&amp;jsapi=1&amp;jsapiver=v2&amp;corrid=f594bcf5-1ec1-44a2-829b-a06f2de1572e&amp;usid=f594bcf5-1ec1-44a2-829b-a06f2de1572e&amp;newsession=1&amp;sftc=1&amp;instantedit=1&amp;wopicomplete=1&amp;wdredirectionreason=Unified_SingleFlush#report\">le compte rendu des trois premiers sondages<\/a> est offert en fran\u00e7ais et en anglais.<\/p>\n<h2>Quatri\u00e8me sondage \u2014 Avril-mai 2022<\/h2>\n<ul class=\"content-list\">\n<li><a href=\"https:\/\/survivornet.ca\/fr\/news\/pour-les-patients-du-cancer-la-pandemie-nest-pas-terminee\/\">Communiqu\u00e9 de presse : pour les patients du cancer, la pand\u00e9mie n\u2019est pas termin\u00e9e<\/a><\/li>\n<li><\/li>\n<li><\/li>\n<li><\/li>\n<\/ul>\n<h2>Troisi\u00e8me sondage \u2014 Juin-juillet 2021<\/h2>\n<ul class=\"content-list\">\n<li><a href=\"https:\/\/survivornet.ca\/fr\/agissez\/le-cancer-ne-peut-pas-attendre\/communique-de-presse-une-nouvelle-etude-revele-que-la-covid-19-continue-de-bouleverser-le-traitement-du-cancer-dans-tout-le-canada\/\">Communiqu\u00e9 de presse : une nouvelle \u00e9tude r\u00e9v\u00e8le que la COVID-19 continue de bouleverser le traitement du cancer dans tout le Canada<\/a><\/li>\n<li><\/li>\n<li><\/li>\n<li><\/li>\n<\/ul>\n<h2>Deuxi\u00e8me sondage \u2014 D\u00e9cembre 2020<\/h2>\n<ul class=\"content-list\">\n<li><a href=\"https:\/\/survivornet.ca\/fr\/news\/le-cancer-ne-peut-pas-attendre-le-reseau-canadien-des-survivants-du-cancer-rcsc-demande-aux-provinces-de-donner-la-priorite-aux-patients-atteints-du-cancer-pour-la-vaccination-contre-la-covid-19-a\/\">Communiqu\u00e9 de presse : le RCSC demande aux provinces de donner la priorit\u00e9 aux patients atteints du cancer pour la vaccination contre la COVID-19 afin de sauver des vies<\/a><\/li>\n<li><\/li>\n<li><\/li>\n<li><a href=\"https:\/\/bit.ly\/Full2ndlegerreportforCCSN\">T\u00e9l\u00e9chargez la pr\u00e9sentation d\u00e9taill\u00e9e des r\u00e9sultats du 2e sondage<\/a><\/li>\n<\/ul>\n<h2>Premier sondage\u2014 Mai-juin 2020<\/h2>\n<ul class=\"content-list\">\n<li><a href=\"https:\/\/survivornet.ca\/fr\/news\/les-patients-atteints-du-cancer-font-face-a-un-double-danger-avec-la-covid-19\/\">Communiqu\u00e9 de presse : les patients atteints du cancer font face \u00e0 un double danger avec la COVID-19<\/a><\/li>\n<li><\/li>\n<li><a href=\"https:\/\/bit.ly\/Leger1streportyoutube\">Visionnez le webinaire<\/a><\/li>\n<li><a href=\"https:\/\/bit.ly\/Full1stlegerreportforCCSN\">T\u00e9l\u00e9chargez la pr\u00e9sentation d\u00e9taill\u00e9e des r\u00e9sultats du 1er sondage<\/a><\/li>\n<\/ul>\n<h2>Compte rendu des trois premiers sondages du RCSC<\/h2>\n<h3><a href=\"https:\/\/bit.ly\/rcsc-sacrificies\">Sacrifi\u00e9s! Disruption des soins du cancer au Canada pendant la pand\u00e9mie de COVID-19<\/a><\/h3>\n<p>Le RCSC a publi\u00e9 un compte rendu des r\u00e9sultats des trois premiers sondages L\u00e9ger aupr\u00e8s de patients du cancer, d\u2019aidants et de patients pr\u00e9-diagnostic au Canada, qui d\u00e9montre comment la pand\u00e9mie de COVID-19 a affect\u00e9 leur acc\u00e8s \u00e0 des soins li\u00e9s au cancer et leur bien-\u00eatre physique et mental<\/p>\n","protected":false},"excerpt":{"rendered":"<p>Le RCSC a mandat\u00e9 la firme L\u00e9ger \u00e0 mener quatre sondages aupr\u00e8s de patients canadiens du cancer, d\u2019aidants et de patients pr\u00e9-diagnostic quant \u00e0 l\u2019impact de la pand\u00e9mie de COVID-19 sur leur<\/p>\n","protected":false},"author":2,"featured_media":0,"parent":20817,"menu_order":0,"comment_status":"closed","ping_status":"closed","template":"","meta":{"_acf_changed":false,"footnotes":""},"class_list":["post-26283","page","type-page","status-publish","hentry"],"acf":[],"yoast_head":"<!-- This site is optimized with the Yoast SEO plugin v27.4 - https:\/\/yoast.com\/product\/yoast-seo-wordpress\/ -->\n<title>Sondages du RCSC sur la COVID-19 et le cancer - Canadian Cancer Survivor Network<\/title>\n<meta name=\"robots\" content=\"index, follow, max-snippet:-1, max-image-preview:large, max-video-preview:-1\" \/>\n<link rel=\"canonical\" href=\"https:\/\/survivornet.ca\/fr\/agissez\/le-cancer-ne-peut-pas-attendre-old\/sondages-du-rcsc-sur-la-covid-19-et-le-cancer\/\" \/>\n<meta property=\"og:locale\" content=\"fr_FR\" \/>\n<meta property=\"og:type\" content=\"article\" \/>\n<meta property=\"og:title\" content=\"Sondages du RCSC sur la COVID-19 et le cancer - Canadian Cancer Survivor Network\" \/>\n<meta property=\"og:description\" content=\"Le RCSC a mandat\u00e9 la firme L\u00e9ger \u00e0 mener quatre sondages aupr\u00e8s de patients canadiens du cancer, d\u2019aidants et de patients pr\u00e9-diagnostic quant \u00e0 l\u2019impact de la pand\u00e9mie de COVID-19 sur leur\" \/>\n<meta property=\"og:url\" content=\"https:\/\/survivornet.ca\/fr\/agissez\/le-cancer-ne-peut-pas-attendre-old\/sondages-du-rcsc-sur-la-covid-19-et-le-cancer\/\" \/>\n<meta property=\"og:site_name\" content=\"Canadian Cancer Survivor Network\" \/>\n<meta property=\"article:modified_time\" content=\"2022-08-23T17:17:45+00:00\" \/>\n<meta name=\"twitter:card\" content=\"summary_large_image\" \/>\n<meta name=\"twitter:label1\" content=\"Dur\u00e9e de lecture estim\u00e9e\" \/>\n\t<meta name=\"twitter:data1\" content=\"2 minutes\" \/>\n<script type=\"application\/ld+json\" class=\"yoast-schema-graph\">{\"@context\":\"https:\\\/\\\/schema.org\",\"@graph\":[{\"@type\":\"WebPage\",\"@id\":\"https:\\\/\\\/survivornet.ca\\\/fr\\\/agissez\\\/le-cancer-ne-peut-pas-attendre-old\\\/sondages-du-rcsc-sur-la-covid-19-et-le-cancer\\\/\",\"url\":\"https:\\\/\\\/survivornet.ca\\\/fr\\\/agissez\\\/le-cancer-ne-peut-pas-attendre-old\\\/sondages-du-rcsc-sur-la-covid-19-et-le-cancer\\\/\",\"name\":\"Sondages du RCSC sur la COVID-19 et le cancer - Canadian Cancer Survivor Network\",\"isPartOf\":{\"@id\":\"https:\\\/\\\/survivornet.ca\\\/#website\"},\"datePublished\":\"2022-07-21T15:50:47+00:00\",\"dateModified\":\"2022-08-23T17:17:45+00:00\",\"breadcrumb\":{\"@id\":\"https:\\\/\\\/survivornet.ca\\\/fr\\\/agissez\\\/le-cancer-ne-peut-pas-attendre-old\\\/sondages-du-rcsc-sur-la-covid-19-et-le-cancer\\\/#breadcrumb\"},\"inLanguage\":\"fr-FR\",\"potentialAction\":[{\"@type\":\"ReadAction\",\"target\":[\"https:\\\/\\\/survivornet.ca\\\/fr\\\/agissez\\\/le-cancer-ne-peut-pas-attendre-old\\\/sondages-du-rcsc-sur-la-covid-19-et-le-cancer\\\/\"]}]},{\"@type\":\"BreadcrumbList\",\"@id\":\"https:\\\/\\\/survivornet.ca\\\/fr\\\/agissez\\\/le-cancer-ne-peut-pas-attendre-old\\\/sondages-du-rcsc-sur-la-covid-19-et-le-cancer\\\/#breadcrumb\",\"itemListElement\":[{\"@type\":\"ListItem\",\"position\":1,\"name\":\"Home\",\"item\":\"https:\\\/\\\/survivornet.ca\\\/fr\\\/\"},{\"@type\":\"ListItem\",\"position\":2,\"name\":\"Agissez\",\"item\":\"https:\\\/\\\/survivornet.ca\\\/fr\\\/agissez\\\/\"},{\"@type\":\"ListItem\",\"position\":3,\"name\":\"Le cancer ne peut pas attendre\",\"item\":\"https:\\\/\\\/survivornet.ca\\\/fr\\\/agissez\\\/le-cancer-ne-peut-pas-attendre-old\\\/\"},{\"@type\":\"ListItem\",\"position\":4,\"name\":\"Sondages du RCSC sur la COVID-19 et le cancer\"}]},{\"@type\":\"WebSite\",\"@id\":\"https:\\\/\\\/survivornet.ca\\\/#website\",\"url\":\"https:\\\/\\\/survivornet.ca\\\/\",\"name\":\"Canadian Cancer Survivor Network\",\"description\":\"The Canadian Cancer Survivor Network was created by a group of Canadians concerned about cancer.\",\"publisher\":{\"@id\":\"https:\\\/\\\/survivornet.ca\\\/#organization\"},\"potentialAction\":[{\"@type\":\"SearchAction\",\"target\":{\"@type\":\"EntryPoint\",\"urlTemplate\":\"https:\\\/\\\/survivornet.ca\\\/?s={search_term_string}\"},\"query-input\":{\"@type\":\"PropertyValueSpecification\",\"valueRequired\":true,\"valueName\":\"search_term_string\"}}],\"inLanguage\":\"fr-FR\"},{\"@type\":\"Organization\",\"@id\":\"https:\\\/\\\/survivornet.ca\\\/#organization\",\"name\":\"Canadian Cancer Survivor Network\",\"url\":\"https:\\\/\\\/survivornet.ca\\\/\",\"logo\":{\"@type\":\"ImageObject\",\"inLanguage\":\"fr-FR\",\"@id\":\"https:\\\/\\\/survivornet.ca\\\/#\\\/schema\\\/logo\\\/image\\\/\",\"url\":\"http:\\\/\\\/survivornet.ca\\\/wp-content\\\/uploads\\\/2016\\\/12\\\/CCSN_Logo_EN_SQUARE.png\",\"contentUrl\":\"http:\\\/\\\/survivornet.ca\\\/wp-content\\\/uploads\\\/2016\\\/12\\\/CCSN_Logo_EN_SQUARE.png\",\"width\":1209,\"height\":1007,\"caption\":\"Canadian Cancer Survivor Network\"},\"image\":{\"@id\":\"https:\\\/\\\/survivornet.ca\\\/#\\\/schema\\\/logo\\\/image\\\/\"}}]}<\/script>\n<!-- \/ Yoast SEO plugin. -->","yoast_head_json":{"title":"Sondages du RCSC sur la COVID-19 et le cancer - Canadian Cancer Survivor Network","robots":{"index":"index","follow":"follow","max-snippet":"max-snippet:-1","max-image-preview":"max-image-preview:large","max-video-preview":"max-video-preview:-1"},"canonical":"https:\/\/survivornet.ca\/fr\/agissez\/le-cancer-ne-peut-pas-attendre-old\/sondages-du-rcsc-sur-la-covid-19-et-le-cancer\/","og_locale":"fr_FR","og_type":"article","og_title":"Sondages du RCSC sur la COVID-19 et le cancer - Canadian Cancer Survivor Network","og_description":"Le RCSC a mandat\u00e9 la firme L\u00e9ger \u00e0 mener quatre sondages aupr\u00e8s de patients canadiens du cancer, d\u2019aidants et de patients pr\u00e9-diagnostic quant \u00e0 l\u2019impact de la pand\u00e9mie de COVID-19 sur leur","og_url":"https:\/\/survivornet.ca\/fr\/agissez\/le-cancer-ne-peut-pas-attendre-old\/sondages-du-rcsc-sur-la-covid-19-et-le-cancer\/","og_site_name":"Canadian Cancer Survivor Network","article_modified_time":"2022-08-23T17:17:45+00:00","twitter_card":"summary_large_image","twitter_misc":{"Dur\u00e9e de lecture estim\u00e9e":"2 minutes"},"schema":{"@context":"https:\/\/schema.org","@graph":[{"@type":"WebPage","@id":"https:\/\/survivornet.ca\/fr\/agissez\/le-cancer-ne-peut-pas-attendre-old\/sondages-du-rcsc-sur-la-covid-19-et-le-cancer\/","url":"https:\/\/survivornet.ca\/fr\/agissez\/le-cancer-ne-peut-pas-attendre-old\/sondages-du-rcsc-sur-la-covid-19-et-le-cancer\/","name":"Sondages du RCSC sur la COVID-19 et le cancer - Canadian Cancer Survivor Network","isPartOf":{"@id":"https:\/\/survivornet.ca\/#website"},"datePublished":"2022-07-21T15:50:47+00:00","dateModified":"2022-08-23T17:17:45+00:00","breadcrumb":{"@id":"https:\/\/survivornet.ca\/fr\/agissez\/le-cancer-ne-peut-pas-attendre-old\/sondages-du-rcsc-sur-la-covid-19-et-le-cancer\/#breadcrumb"},"inLanguage":"fr-FR","potentialAction":[{"@type":"ReadAction","target":["https:\/\/survivornet.ca\/fr\/agissez\/le-cancer-ne-peut-pas-attendre-old\/sondages-du-rcsc-sur-la-covid-19-et-le-cancer\/"]}]},{"@type":"BreadcrumbList","@id":"https:\/\/survivornet.ca\/fr\/agissez\/le-cancer-ne-peut-pas-attendre-old\/sondages-du-rcsc-sur-la-covid-19-et-le-cancer\/#breadcrumb","itemListElement":[{"@type":"ListItem","position":1,"name":"Home","item":"https:\/\/survivornet.ca\/fr\/"},{"@type":"ListItem","position":2,"name":"Agissez","item":"https:\/\/survivornet.ca\/fr\/agissez\/"},{"@type":"ListItem","position":3,"name":"Le cancer ne peut pas attendre","item":"https:\/\/survivornet.ca\/fr\/agissez\/le-cancer-ne-peut-pas-attendre-old\/"},{"@type":"ListItem","position":4,"name":"Sondages du RCSC sur la COVID-19 et le cancer"}]},{"@type":"WebSite","@id":"https:\/\/survivornet.ca\/#website","url":"https:\/\/survivornet.ca\/","name":"Canadian Cancer Survivor Network","description":"The Canadian Cancer Survivor Network was created by a group of Canadians concerned about cancer.","publisher":{"@id":"https:\/\/survivornet.ca\/#organization"},"potentialAction":[{"@type":"SearchAction","target":{"@type":"EntryPoint","urlTemplate":"https:\/\/survivornet.ca\/?s={search_term_string}"},"query-input":{"@type":"PropertyValueSpecification","valueRequired":true,"valueName":"search_term_string"}}],"inLanguage":"fr-FR"},{"@type":"Organization","@id":"https:\/\/survivornet.ca\/#organization","name":"Canadian Cancer Survivor Network","url":"https:\/\/survivornet.ca\/","logo":{"@type":"ImageObject","inLanguage":"fr-FR","@id":"https:\/\/survivornet.ca\/#\/schema\/logo\/image\/","url":"http:\/\/survivornet.ca\/wp-content\/uploads\/2016\/12\/CCSN_Logo_EN_SQUARE.png","contentUrl":"http:\/\/survivornet.ca\/wp-content\/uploads\/2016\/12\/CCSN_Logo_EN_SQUARE.png","width":1209,"height":1007,"caption":"Canadian Cancer Survivor Network"},"image":{"@id":"https:\/\/survivornet.ca\/#\/schema\/logo\/image\/"}}]}},"_links":{"self":[{"href":"https:\/\/survivornet.ca\/fr\/wp-json\/wp\/v2\/pages\/26283","targetHints":{"allow":["GET"]}}],"collection":[{"href":"https:\/\/survivornet.ca\/fr\/wp-json\/wp\/v2\/pages"}],"about":[{"href":"https:\/\/survivornet.ca\/fr\/wp-json\/wp\/v2\/types\/page"}],"author":[{"embeddable":true,"href":"https:\/\/survivornet.ca\/fr\/wp-json\/wp\/v2\/users\/2"}],"replies":[{"embeddable":true,"href":"https:\/\/survivornet.ca\/fr\/wp-json\/wp\/v2\/comments?post=26283"}],"version-history":[{"count":0,"href":"https:\/\/survivornet.ca\/fr\/wp-json\/wp\/v2\/pages\/26283\/revisions"}],"up":[{"embeddable":true,"href":"https:\/\/survivornet.ca\/fr\/wp-json\/wp\/v2\/pages\/20817"}],"wp:attachment":[{"href":"https:\/\/survivornet.ca\/fr\/wp-json\/wp\/v2\/media?parent=26283"}],"curies":[{"name":"wp","href":"https:\/\/api.w.org\/{rel}","templated":true}]}}