{"id":25292,"date":"2022-02-19T10:25:16","date_gmt":"2022-02-19T15:25:16","guid":{"rendered":"https:\/\/survivornet.ca\/?page_id=25292"},"modified":"2022-02-19T10:25:16","modified_gmt":"2022-02-19T15:25:16","slug":"lettre-ouverte-envoyee-a-jason-copping-ministre-de-la-sante-de-lalberta","status":"publish","type":"page","link":"https:\/\/survivornet.ca\/fr\/agissez\/le-cancer-ne-peut-pas-attendre-old\/lettre-ouverte-envoyee-a-jason-copping-ministre-de-la-sante-de-lalberta\/","title":{"rendered":"Lettre ouverte envoy\u00e9e \u00e0 Jason Copping, ministre de la Sant\u00e9 de l\u2019Alberta"},"content":{"rendered":"<p>L\u2019honorable Jason\u00a0Copping<br \/>\nMinistre de la Sant\u00e9<br \/>\n201, 1055 \u2013 20 Avenue NW<br \/>\nCalgary, AB,\u00a0 T2M 1E7<br \/>\nCalgary.Varsity@assembly.ab.ca<\/p>\n<p>Monsieur le Ministre,<\/p>\n<p>Les membres du R\u00e9seau canadien des survivants du cancer (RCSC) sont tr\u00e8s pr\u00e9occup\u00e9s parce que, selon <em>Alberta Health Services<\/em> (les services de sant\u00e9 de l\u2019Alberta), la quantit\u00e9 des chirurgies du cancer n\u2019est pas revenue \u00e0 un volume chirurgical normal et les reports et les annulations en raison du variant\u00a0Omicron.<\/p>\n<p>L\u00e9ger a men\u00e9 trois sondages au nom du RCSC au cours des trois premi\u00e8res vagues de COVID-19. Les r\u00e9sultats d\u00e9courageants de ces sondages ont montr\u00e9 que la pand\u00e9mie de COVID-19 a eu une incidence grave sur les patients canadiens atteints du cancer. Ils ont \u00e9galement d\u00e9montr\u00e9 que nous connaissons actuellement une deuxi\u00e8me crise de sant\u00e9 publique.<\/p>\n<p>Par exemple, plus de quatre sur dix patients, sept sur dix proches aidants, et environ six sur dix personnes qui attendent un diagnostic ont vu leurs chirurgies ou leurs proc\u00e9dures annul\u00e9es ou reprogramm\u00e9es durant la pand\u00e9mie. Trois proches aidants sur dix, sept pour cent des patients et 18 pour cent des personnes qui attendent un diagnostic ont vu une chirurgie ou une autre proc\u00e9dure annul\u00e9e. Parmi les personnes dont la chirurgie a \u00e9t\u00e9 annul\u00e9e, plus d\u2019un patient sur quatre, pr\u00e8s d\u2019un proche aidant sur trois et plus d\u2019une personne sur deux qui attendent un diagnostic attendaient toujours que leur proc\u00e9dure soit reprogramm\u00e9e. En moyenne, les patients ont attendu 55\u00a0jours avant d\u2019obtenir une nouvelle date pour leur proc\u00e9dure, tandis que les proches aidants ont attendu en moyenne 36\u00a0jours.<\/p>\n<p>Cependant, <strong>le cancer ne peut pas attendre<\/strong>! Il ne peut pas \u00eatre report\u00e9 ou annul\u00e9! La pand\u00e9mie ne peut pas continuer \u00e0 retarder les tests de diagnostic, les traitements et les soins qui peuvent sauver la vie des patients atteints du cancer. Si la pand\u00e9mie de COVID-19 se poursuit, il en va de m\u00eame pour les soins oncologiques.<\/p>\n<p>Le R\u00e9seau canadien des survivants du cancer demande au gouvernement de l\u2019Alberta de ne pas attendre que la pand\u00e9mie soit d\u00e9clar\u00e9e termin\u00e9e afin de prendre des mesures pour renforcer des soins oncologiques. <strong>Le cancer ne peut pas attendre<\/strong> pour ceux qui ne sont pas certains du diagnostic de leur cancer ou pour ceux dont le cancer a pu \u00e9voluer vers un stade plus avanc\u00e9 durant la pand\u00e9mie. Les d\u00e9cideurs et les administrateurs d\u2019h\u00f4pitaux \u00e0 travers le Canada doivent collaborer pour \u00e9viter ce qui pourrait d\u00e9j\u00e0 \u00eatre une augmentation in\u00e9vitable du nombre de d\u00e9c\u00e8s caus\u00e9s par le cancer.<\/p>\n<p>Sinc\u00e8rement,<\/p>\n<p>Jackie\u00a0Manthorne<\/p>\n<p>Pr\u00e9sidente et PDG<\/p>\n<p>&nbsp;<\/p>\n<p>CC: David\u00a0Shepherd, porte-parole du NPD en mati\u00e8re de sant\u00e9,\u00a0<a href=\"mailto:Edmonton.CityCentre@assembly.ab.ca\">Edmonton.CityCentre@assembly.ab.ca<\/a><\/p>\n<p>L\u2019honorable Jason\u00a0Kenney, premier ministre,\u00a0<a href=\"mailto:premier@gov.ab.ca\">premier@gov.ab.ca<\/a><\/p>\n","protected":false},"excerpt":{"rendered":"<p>L\u2019honorable Jason\u00a0Copping Ministre de la Sant\u00e9 201, 1055 \u2013 20 Avenue NW Calgary, AB,\u00a0 T2M 1E7 Calgary.Varsity@assembly.ab.ca Monsieur le Ministre, Les membres du R\u00e9seau canadien des survivants du cancer (RCSC) sont tr\u00e8s<\/p>\n","protected":false},"author":2,"featured_media":0,"parent":20817,"menu_order":2,"comment_status":"closed","ping_status":"closed","template":"","meta":{"_acf_changed":false,"footnotes":""},"class_list":["post-25292","page","type-page","status-publish","hentry"],"acf":[],"yoast_head":"<!-- This site is optimized with the Yoast SEO plugin v27.1.1 - https:\/\/yoast.com\/product\/yoast-seo-wordpress\/ -->\n<title>Lettre ouverte envoy\u00e9e \u00e0 Jason Copping, ministre de la Sant\u00e9 de l\u2019Alberta - Canadian Cancer Survivor Network<\/title>\n<meta name=\"robots\" content=\"index, follow, max-snippet:-1, max-image-preview:large, max-video-preview:-1\" \/>\n<link rel=\"canonical\" href=\"https:\/\/survivornet.ca\/fr\/agissez\/le-cancer-ne-peut-pas-attendre-old\/lettre-ouverte-envoyee-a-jason-copping-ministre-de-la-sante-de-lalberta\/\" \/>\n<meta property=\"og:locale\" content=\"fr_FR\" \/>\n<meta property=\"og:type\" content=\"article\" \/>\n<meta property=\"og:title\" content=\"Lettre ouverte envoy\u00e9e \u00e0 Jason Copping, ministre de la Sant\u00e9 de l\u2019Alberta - Canadian Cancer Survivor Network\" \/>\n<meta property=\"og:description\" content=\"L\u2019honorable Jason\u00a0Copping Ministre de la Sant\u00e9 201, 1055 \u2013 20 Avenue NW Calgary, AB,\u00a0 T2M 1E7 Calgary.Varsity@assembly.ab.ca Monsieur le Ministre, Les membres du R\u00e9seau canadien des survivants du cancer (RCSC) sont tr\u00e8s\" \/>\n<meta property=\"og:url\" content=\"https:\/\/survivornet.ca\/fr\/agissez\/le-cancer-ne-peut-pas-attendre-old\/lettre-ouverte-envoyee-a-jason-copping-ministre-de-la-sante-de-lalberta\/\" \/>\n<meta property=\"og:site_name\" content=\"Canadian Cancer Survivor Network\" \/>\n<meta name=\"twitter:card\" content=\"summary_large_image\" \/>\n<meta name=\"twitter:label1\" content=\"Dur\u00e9e de lecture estim\u00e9e\" \/>\n\t<meta name=\"twitter:data1\" content=\"2 minutes\" \/>\n<script type=\"application\/ld+json\" class=\"yoast-schema-graph\">{\"@context\":\"https:\/\/schema.org\",\"@graph\":[{\"@type\":\"WebPage\",\"@id\":\"https:\/\/survivornet.ca\/fr\/agissez\/le-cancer-ne-peut-pas-attendre-old\/lettre-ouverte-envoyee-a-jason-copping-ministre-de-la-sante-de-lalberta\/\",\"url\":\"https:\/\/survivornet.ca\/fr\/agissez\/le-cancer-ne-peut-pas-attendre-old\/lettre-ouverte-envoyee-a-jason-copping-ministre-de-la-sante-de-lalberta\/\",\"name\":\"Lettre ouverte envoy\u00e9e \u00e0 Jason Copping, ministre de la Sant\u00e9 de l\u2019Alberta - Canadian Cancer Survivor Network\",\"isPartOf\":{\"@id\":\"https:\/\/survivornet.ca\/#website\"},\"datePublished\":\"2022-02-19T15:25:16+00:00\",\"breadcrumb\":{\"@id\":\"https:\/\/survivornet.ca\/fr\/agissez\/le-cancer-ne-peut-pas-attendre-old\/lettre-ouverte-envoyee-a-jason-copping-ministre-de-la-sante-de-lalberta\/#breadcrumb\"},\"inLanguage\":\"fr-FR\",\"potentialAction\":[{\"@type\":\"ReadAction\",\"target\":[\"https:\/\/survivornet.ca\/fr\/agissez\/le-cancer-ne-peut-pas-attendre-old\/lettre-ouverte-envoyee-a-jason-copping-ministre-de-la-sante-de-lalberta\/\"]}]},{\"@type\":\"BreadcrumbList\",\"@id\":\"https:\/\/survivornet.ca\/fr\/agissez\/le-cancer-ne-peut-pas-attendre-old\/lettre-ouverte-envoyee-a-jason-copping-ministre-de-la-sante-de-lalberta\/#breadcrumb\",\"itemListElement\":[{\"@type\":\"ListItem\",\"position\":1,\"name\":\"Home\",\"item\":\"https:\/\/survivornet.ca\/fr\/\"},{\"@type\":\"ListItem\",\"position\":2,\"name\":\"Agissez\",\"item\":\"https:\/\/survivornet.ca\/fr\/agissez\/\"},{\"@type\":\"ListItem\",\"position\":3,\"name\":\"Le cancer ne peut pas attendre\",\"item\":\"https:\/\/survivornet.ca\/fr\/agissez\/le-cancer-ne-peut-pas-attendre-old\/\"},{\"@type\":\"ListItem\",\"position\":4,\"name\":\"Lettre ouverte envoy\u00e9e \u00e0 Jason Copping, ministre de la Sant\u00e9 de l\u2019Alberta\"}]},{\"@type\":\"WebSite\",\"@id\":\"https:\/\/survivornet.ca\/#website\",\"url\":\"https:\/\/survivornet.ca\/\",\"name\":\"Canadian Cancer Survivor Network\",\"description\":\"The Canadian Cancer Survivor Network was created by a group of Canadians concerned about cancer.\",\"publisher\":{\"@id\":\"https:\/\/survivornet.ca\/#organization\"},\"potentialAction\":[{\"@type\":\"SearchAction\",\"target\":{\"@type\":\"EntryPoint\",\"urlTemplate\":\"https:\/\/survivornet.ca\/?s={search_term_string}\"},\"query-input\":{\"@type\":\"PropertyValueSpecification\",\"valueRequired\":true,\"valueName\":\"search_term_string\"}}],\"inLanguage\":\"fr-FR\"},{\"@type\":\"Organization\",\"@id\":\"https:\/\/survivornet.ca\/#organization\",\"name\":\"Canadian Cancer Survivor Network\",\"url\":\"https:\/\/survivornet.ca\/\",\"logo\":{\"@type\":\"ImageObject\",\"inLanguage\":\"fr-FR\",\"@id\":\"https:\/\/survivornet.ca\/#\/schema\/logo\/image\/\",\"url\":\"http:\/\/survivornet.ca\/wp-content\/uploads\/2016\/12\/CCSN_Logo_EN_SQUARE.png\",\"contentUrl\":\"http:\/\/survivornet.ca\/wp-content\/uploads\/2016\/12\/CCSN_Logo_EN_SQUARE.png\",\"width\":1209,\"height\":1007,\"caption\":\"Canadian Cancer Survivor Network\"},\"image\":{\"@id\":\"https:\/\/survivornet.ca\/#\/schema\/logo\/image\/\"}}]}<\/script>\n<!-- \/ Yoast SEO plugin. -->","yoast_head_json":{"title":"Lettre ouverte envoy\u00e9e \u00e0 Jason Copping, ministre de la Sant\u00e9 de l\u2019Alberta - Canadian Cancer Survivor Network","robots":{"index":"index","follow":"follow","max-snippet":"max-snippet:-1","max-image-preview":"max-image-preview:large","max-video-preview":"max-video-preview:-1"},"canonical":"https:\/\/survivornet.ca\/fr\/agissez\/le-cancer-ne-peut-pas-attendre-old\/lettre-ouverte-envoyee-a-jason-copping-ministre-de-la-sante-de-lalberta\/","og_locale":"fr_FR","og_type":"article","og_title":"Lettre ouverte envoy\u00e9e \u00e0 Jason Copping, ministre de la Sant\u00e9 de l\u2019Alberta - Canadian Cancer Survivor Network","og_description":"L\u2019honorable Jason\u00a0Copping Ministre de la Sant\u00e9 201, 1055 \u2013 20 Avenue NW Calgary, AB,\u00a0 T2M 1E7 Calgary.Varsity@assembly.ab.ca Monsieur le Ministre, Les membres du R\u00e9seau canadien des survivants du cancer (RCSC) sont tr\u00e8s","og_url":"https:\/\/survivornet.ca\/fr\/agissez\/le-cancer-ne-peut-pas-attendre-old\/lettre-ouverte-envoyee-a-jason-copping-ministre-de-la-sante-de-lalberta\/","og_site_name":"Canadian Cancer Survivor Network","twitter_card":"summary_large_image","twitter_misc":{"Dur\u00e9e de lecture estim\u00e9e":"2 minutes"},"schema":{"@context":"https:\/\/schema.org","@graph":[{"@type":"WebPage","@id":"https:\/\/survivornet.ca\/fr\/agissez\/le-cancer-ne-peut-pas-attendre-old\/lettre-ouverte-envoyee-a-jason-copping-ministre-de-la-sante-de-lalberta\/","url":"https:\/\/survivornet.ca\/fr\/agissez\/le-cancer-ne-peut-pas-attendre-old\/lettre-ouverte-envoyee-a-jason-copping-ministre-de-la-sante-de-lalberta\/","name":"Lettre ouverte envoy\u00e9e \u00e0 Jason Copping, ministre de la Sant\u00e9 de l\u2019Alberta - Canadian Cancer Survivor Network","isPartOf":{"@id":"https:\/\/survivornet.ca\/#website"},"datePublished":"2022-02-19T15:25:16+00:00","breadcrumb":{"@id":"https:\/\/survivornet.ca\/fr\/agissez\/le-cancer-ne-peut-pas-attendre-old\/lettre-ouverte-envoyee-a-jason-copping-ministre-de-la-sante-de-lalberta\/#breadcrumb"},"inLanguage":"fr-FR","potentialAction":[{"@type":"ReadAction","target":["https:\/\/survivornet.ca\/fr\/agissez\/le-cancer-ne-peut-pas-attendre-old\/lettre-ouverte-envoyee-a-jason-copping-ministre-de-la-sante-de-lalberta\/"]}]},{"@type":"BreadcrumbList","@id":"https:\/\/survivornet.ca\/fr\/agissez\/le-cancer-ne-peut-pas-attendre-old\/lettre-ouverte-envoyee-a-jason-copping-ministre-de-la-sante-de-lalberta\/#breadcrumb","itemListElement":[{"@type":"ListItem","position":1,"name":"Home","item":"https:\/\/survivornet.ca\/fr\/"},{"@type":"ListItem","position":2,"name":"Agissez","item":"https:\/\/survivornet.ca\/fr\/agissez\/"},{"@type":"ListItem","position":3,"name":"Le cancer ne peut pas attendre","item":"https:\/\/survivornet.ca\/fr\/agissez\/le-cancer-ne-peut-pas-attendre-old\/"},{"@type":"ListItem","position":4,"name":"Lettre ouverte envoy\u00e9e \u00e0 Jason Copping, ministre de la Sant\u00e9 de l\u2019Alberta"}]},{"@type":"WebSite","@id":"https:\/\/survivornet.ca\/#website","url":"https:\/\/survivornet.ca\/","name":"Canadian Cancer Survivor Network","description":"The Canadian Cancer Survivor Network was created by a group of Canadians concerned about cancer.","publisher":{"@id":"https:\/\/survivornet.ca\/#organization"},"potentialAction":[{"@type":"SearchAction","target":{"@type":"EntryPoint","urlTemplate":"https:\/\/survivornet.ca\/?s={search_term_string}"},"query-input":{"@type":"PropertyValueSpecification","valueRequired":true,"valueName":"search_term_string"}}],"inLanguage":"fr-FR"},{"@type":"Organization","@id":"https:\/\/survivornet.ca\/#organization","name":"Canadian Cancer Survivor Network","url":"https:\/\/survivornet.ca\/","logo":{"@type":"ImageObject","inLanguage":"fr-FR","@id":"https:\/\/survivornet.ca\/#\/schema\/logo\/image\/","url":"http:\/\/survivornet.ca\/wp-content\/uploads\/2016\/12\/CCSN_Logo_EN_SQUARE.png","contentUrl":"http:\/\/survivornet.ca\/wp-content\/uploads\/2016\/12\/CCSN_Logo_EN_SQUARE.png","width":1209,"height":1007,"caption":"Canadian Cancer Survivor Network"},"image":{"@id":"https:\/\/survivornet.ca\/#\/schema\/logo\/image\/"}}]}},"_links":{"self":[{"href":"https:\/\/survivornet.ca\/fr\/wp-json\/wp\/v2\/pages\/25292","targetHints":{"allow":["GET"]}}],"collection":[{"href":"https:\/\/survivornet.ca\/fr\/wp-json\/wp\/v2\/pages"}],"about":[{"href":"https:\/\/survivornet.ca\/fr\/wp-json\/wp\/v2\/types\/page"}],"author":[{"embeddable":true,"href":"https:\/\/survivornet.ca\/fr\/wp-json\/wp\/v2\/users\/2"}],"replies":[{"embeddable":true,"href":"https:\/\/survivornet.ca\/fr\/wp-json\/wp\/v2\/comments?post=25292"}],"version-history":[{"count":0,"href":"https:\/\/survivornet.ca\/fr\/wp-json\/wp\/v2\/pages\/25292\/revisions"}],"up":[{"embeddable":true,"href":"https:\/\/survivornet.ca\/fr\/wp-json\/wp\/v2\/pages\/20817"}],"wp:attachment":[{"href":"https:\/\/survivornet.ca\/fr\/wp-json\/wp\/v2\/media?parent=25292"}],"curies":[{"name":"wp","href":"https:\/\/api.w.org\/{rel}","templated":true}]}}