{"id":25224,"date":"2022-02-09T17:09:27","date_gmt":"2022-02-09T22:09:27","guid":{"rendered":"https:\/\/survivornet.ca\/?page_id=25224"},"modified":"2022-03-21T18:30:16","modified_gmt":"2022-03-21T22:30:16","slug":"lettre-ouverte-envoyee-a-audrey-gordon-ministre-de-la-sante-du-manitoba","status":"publish","type":"page","link":"https:\/\/survivornet.ca\/fr\/agissez\/le-cancer-ne-peut-pas-attendre-old\/lettre-ouverte-envoyee-a-audrey-gordon-ministre-de-la-sante-du-manitoba\/","title":{"rendered":"Lettre ouverte envoy\u00e9e \u00e0 Audrey Gordon, ministre de la Sant\u00e9 du Manitoba"},"content":{"rendered":"<p>L\u2019honorable Audrey Gordon<br \/>\nMinistre de la Sant\u00e9<br \/>\nPalais l\u00e9gislatif, bureau 302<br \/>\n450 Broadway<br \/>\nWinnipeg, MB,\u00a0 R3C 0V8<br \/>\n<a href=\"mailto:minhsc@leg.gov.mb.ca\">minhsc@leg.gov.mb.ca<\/a><\/p>\n<p>Madame la Ministre,<\/p>\n<p>Le R\u00e9seau canadien des survivants du cancer (RCSC) s\u2019inqui\u00e8te du fait que la pand\u00e9mie en cours, notamment le variant\u00a0Omicron, entra\u00eene une nouvelle s\u00e9rie d\u2019annulations et de reports de soins oncologiques. Nous demandons donc au gouvernement du Manitoba de veiller \u00e0 ce que toutes les chirurgies et tous les traitements du cancer ainsi que les proc\u00e9dures curatives du cancer soient prioritaires, qu\u2019ils soient consid\u00e9r\u00e9s comme \u00e9lectifs ou non.<\/p>\n<p>L\u00e9ger a men\u00e9 trois sondages au nom du RCSC au cours des trois premi\u00e8res vagues de COVID-19. Les r\u00e9sultats d\u00e9courageants de ces sondages ont montr\u00e9 que la pand\u00e9mie de COVID-19 a eu une incidence grave sur les patients canadiens atteints du cancer. Ils ont \u00e9galement d\u00e9montr\u00e9 que nous connaissons actuellement une deuxi\u00e8me crise de sant\u00e9 publique.<\/p>\n<p>Par exemple, plus de quatre sur dix patients, sept sur dix proches aidants, et environ six sur dix personnes qui attendent un diagnostic ont vu leurs chirurgies ou leurs proc\u00e9dures annul\u00e9es ou reprogramm\u00e9es durant la pand\u00e9mie. Trois proches aidants sur dix, sept pour cent des patients et 18 pour cent des personnes qui attendent un diagnostic ont vu une chirurgie ou une autre proc\u00e9dure annul\u00e9e. Parmi les personnes dont la chirurgie a \u00e9t\u00e9 annul\u00e9e, plus d\u2019un patient sur quatre, pr\u00e8s d\u2019un proche aidant sur trois et plus d\u2019une personne sur deux qui attendent un diagnostic attendaient toujours que leur proc\u00e9dure soit reprogramm\u00e9e. En moyenne, les patients ont attendu 55\u00a0jours avant d\u2019obtenir une nouvelle date pour leur proc\u00e9dure, tandis que les proches aidants ont attendu en moyenne 36\u00a0jours.<\/p>\n<p>Cependant,<strong> le cancer ne peut pas attendre!<\/strong> Il ne peut pas \u00eatre report\u00e9 ou annul\u00e9! La pand\u00e9mie ne peut pas continuer \u00e0 retarder les tests de diagnostic, les traitements et les soins qui peuvent sauver la vie des patients atteints du cancer. Si la pand\u00e9mie de COVID-19 se poursuit, il en va de m\u00eame pour les soins oncologiques.<\/p>\n<p>Le R\u00e9seau canadien des survivants du cancer demande au gouvernement du Manitoba de ne pas attendre que la pand\u00e9mie soit d\u00e9clar\u00e9e termin\u00e9e afin de prendre des mesures pour renforcer des soins oncologiques.<\/p>\n<p><strong>Le cancer ne peut pas attendre<\/strong> pour ceux qui ne sont pas certains du diagnostic de leur cancer ou pour ceux dont le cancer a pu \u00e9voluer vers un stade plus avanc\u00e9 durant la pand\u00e9mie. Les d\u00e9cideurs et les administrateurs d\u2019h\u00f4pitaux \u00e0 travers le Canada doivent collaborer pour \u00e9viter ce qui pourrait d\u00e9j\u00e0 \u00eatre une augmentation in\u00e9vitable du nombre de d\u00e9c\u00e8s caus\u00e9s par le cancer.<\/p>\n<p>Sinc\u00e8rement,<\/p>\n<p>Jackie Manthorne<\/p>\n<p>Pr\u00e9sidente et PDG<\/p>\n<p>&nbsp;<\/p>\n<p>CC: \u00a0\u00a0\u00a0\u00a0\u00a0 Uzoma Asagwara, porte-parole du NPD en mati\u00e8re de sant\u00e9,\u00a0<a href=\"mailto:Uzoma.Asagwara@yourmanitoba.ca\">Uzoma.Asagwara@yourmanitoba.ca<\/a><u><br \/>\n<\/u>Bernadette Smith, porte-parole du NPD en mati\u00e8re de sant\u00e9, <a href=\"mailto:Bernadette.Smith@yourmanitoba.ca\">Bernadette.Smith@yourmanitoba.ca<\/a><br \/>\nL\u2019honorable Heather Stefanson, premier ministre,\u00a0<a href=\"mailto:premier@leg.gov.mb.ca\">premier@leg.gov.mb.ca<\/a><br \/>\nBrent Roussin, administrateur en chef de la sant\u00e9 publique,\u00a0<u>Brent.Roussin@gov.mb.ca<\/u><\/p>\n<h3>R\u00e9ponse d&#8217;Audrey Gordon<\/h3>\n<p style=\"text-align: center;\">MINISTRE<br \/>\nDE LA SANT\u00c9<br \/>\nBureau\u00a0302<br \/>\nPalais l\u00e9gislatif<br \/>\nWinnipeg, Manitoba \u00a0R3C OV8<br \/>\nCANADA<br \/>\n8\u00a0f\u00e9vrier\u00a02022<\/p>\n<p>&nbsp;<\/p>\n<p>&nbsp;<\/p>\n<p>Jackie Manthorne, pr\u00e9sidente et PDG<br \/>\nR\u00e9seau canadien des survivants du cancer<br \/>\nAdresse courriel\u00a0: jmanthorne@survivornet.ca<\/p>\n<p>Bonjour Jackie Manthorne,<\/p>\n<p>Je vous remercie de votre lettre concernant les annulations et les retards dans les soins oncologiques. J\u2019ai le plaisir de vous envoyer une r\u00e9ponse.<\/p>\n<p>Au cours de l\u2019ann\u00e9e \u00e9coul\u00e9e, nous avons subi des r\u00e9percussions sans pr\u00e9c\u00e9dent en raison de la pand\u00e9mie de COVID-19. Nous reconnaissons que les Manitobains ont \u00e9t\u00e9 touch\u00e9s par l\u2019annulation ou le retard de leurs proc\u00e9dures. Par cons\u00e9quent, notre gouvernement a mis en place le Groupe de travail sur le r\u00e9tablissement des services chirurgicaux et de diagnostics pour r\u00e9soudre les retards en mati\u00e8re de diagnostic et de chirurgie. Ce groupe de travail g\u00e9rera les listes d\u2019attentes pour les proc\u00e9dures de diagnostic et chirurgicales, ainsi que les services connexes touch\u00e9s par la pand\u00e9mie de COVID-19. Il cernera \u00e9galement les besoins prioritaires des patients et il mettra en place des services locaux et hors provinces temporaires pour offrir les solutions de soins de sant\u00e9 les plus s\u00fbres et les plus opportunes disponibles.<\/p>\n<p>Le groupe de travail est appuy\u00e9 par des experts de tout le Canada et il est compos\u00e9 de professionnels de la sant\u00e9 locaux tr\u00e8s respect\u00e9s, poss\u00e9dant une grande expertise en mati\u00e8re de services chirurgicaux, de diagnostic, d\u2019analyse, d\u2019\u00e9valuation et de gestion de projet. Ils ont d\u00e9j\u00e0 commenc\u00e9 \u00e0 collaborer \u00e9troitement avec les experts en soins de sant\u00e9 dans l\u2019ensemble du syst\u00e8me pour cerner et mettre en place les solutions \u00e0 court terme et \u00e0 long terme pour g\u00e9rer les listes d\u2019attentes. Pour obtenir de plus amples renseignements, consultez la page https:\/\/www.gov.mb.ca\/health\/dsrecovery\/index.fr.html.<\/p>\n<p>Notre gouvernement s\u2019engage \u00e0 cr\u00e9er un meilleur Manitoba o\u00f9 les services de soins de sant\u00e9 sont offerts \u00e0 ceux qui en ont besoin quand ils en ont besoin. Nous continuons de passer en revue les programmes ainsi que les solutions possibles et d\u2019acqu\u00e9rir les opinions afin de fournir les soins de sant\u00e9 de pointe \u00e0 nos citoyens. Nous cr\u00e9ons des solutions durables, innovantes et utiles pour la prestation des soins de sant\u00e9.<\/p>\n<p>Merci de m\u2019avoir \u00e9crit.<\/p>\n<p>Sinc\u00e8rement,<\/p>\n<p>Audrey Gordon<\/p>\n<p>L\u2019honorable Heather Stefanson, premier ministre<\/p>\n","protected":false},"excerpt":{"rendered":"<p>L\u2019honorable Audrey Gordon Ministre de la Sant\u00e9 Palais l\u00e9gislatif, bureau 302 450 Broadway Winnipeg, MB,\u00a0 R3C 0V8 minhsc@leg.gov.mb.ca Madame la Ministre, Le R\u00e9seau canadien des survivants du cancer (RCSC) s\u2019inqui\u00e8te du fait<\/p>\n","protected":false},"author":2,"featured_media":0,"parent":20817,"menu_order":8,"comment_status":"closed","ping_status":"closed","template":"","meta":{"_acf_changed":false,"footnotes":""},"class_list":["post-25224","page","type-page","status-publish","hentry"],"acf":[],"yoast_head":"<!-- This site is optimized with the Yoast SEO plugin v27.1.1 - https:\/\/yoast.com\/product\/yoast-seo-wordpress\/ -->\n<title>Lettre ouverte envoy\u00e9e \u00e0 Audrey Gordon, ministre de la Sant\u00e9 du Manitoba - Canadian Cancer Survivor Network<\/title>\n<meta name=\"robots\" content=\"index, follow, max-snippet:-1, max-image-preview:large, max-video-preview:-1\" \/>\n<link rel=\"canonical\" href=\"https:\/\/survivornet.ca\/act\/covid-19-cancercantwait-campaign-2\/open-letter-to-manitoba-health-minister-audrey-gordon\/\" \/>\n<meta property=\"og:locale\" content=\"fr_FR\" \/>\n<meta property=\"og:type\" content=\"article\" \/>\n<meta property=\"og:title\" content=\"Lettre ouverte envoy\u00e9e \u00e0 Audrey Gordon, ministre de la Sant\u00e9 du Manitoba - Canadian Cancer Survivor Network\" \/>\n<meta property=\"og:description\" content=\"L\u2019honorable Audrey Gordon Ministre de la Sant\u00e9 Palais l\u00e9gislatif, bureau 302 450 Broadway Winnipeg, MB,\u00a0 R3C 0V8 minhsc@leg.gov.mb.ca Madame la Ministre, Le R\u00e9seau canadien des survivants du cancer (RCSC) s\u2019inqui\u00e8te du fait\" \/>\n<meta property=\"og:url\" content=\"https:\/\/survivornet.ca\/act\/covid-19-cancercantwait-campaign-2\/open-letter-to-manitoba-health-minister-audrey-gordon\/\" \/>\n<meta property=\"og:site_name\" content=\"Canadian Cancer Survivor Network\" \/>\n<meta property=\"article:modified_time\" content=\"2022-03-21T22:30:16+00:00\" \/>\n<meta name=\"twitter:card\" content=\"summary_large_image\" \/>\n<meta name=\"twitter:label1\" content=\"Dur\u00e9e de lecture estim\u00e9e\" \/>\n\t<meta name=\"twitter:data1\" content=\"5 minutes\" \/>\n<script type=\"application\/ld+json\" class=\"yoast-schema-graph\">{\"@context\":\"https:\/\/schema.org\",\"@graph\":[{\"@type\":\"WebPage\",\"@id\":\"https:\/\/survivornet.ca\/act\/covid-19-cancercantwait-campaign-2\/open-letter-to-manitoba-health-minister-audrey-gordon\/\",\"url\":\"https:\/\/survivornet.ca\/act\/covid-19-cancercantwait-campaign-2\/open-letter-to-manitoba-health-minister-audrey-gordon\/\",\"name\":\"Lettre ouverte envoy\u00e9e \u00e0 Audrey Gordon, ministre de la Sant\u00e9 du Manitoba - Canadian Cancer Survivor Network\",\"isPartOf\":{\"@id\":\"https:\/\/survivornet.ca\/#website\"},\"datePublished\":\"2022-02-09T22:09:27+00:00\",\"dateModified\":\"2022-03-21T22:30:16+00:00\",\"breadcrumb\":{\"@id\":\"https:\/\/survivornet.ca\/act\/covid-19-cancercantwait-campaign-2\/open-letter-to-manitoba-health-minister-audrey-gordon\/#breadcrumb\"},\"inLanguage\":\"fr-FR\",\"potentialAction\":[{\"@type\":\"ReadAction\",\"target\":[\"https:\/\/survivornet.ca\/act\/covid-19-cancercantwait-campaign-2\/open-letter-to-manitoba-health-minister-audrey-gordon\/\"]}]},{\"@type\":\"BreadcrumbList\",\"@id\":\"https:\/\/survivornet.ca\/act\/covid-19-cancercantwait-campaign-2\/open-letter-to-manitoba-health-minister-audrey-gordon\/#breadcrumb\",\"itemListElement\":[{\"@type\":\"ListItem\",\"position\":1,\"name\":\"Home\",\"item\":\"https:\/\/survivornet.ca\/fr\/\"},{\"@type\":\"ListItem\",\"position\":2,\"name\":\"Agissez\",\"item\":\"https:\/\/survivornet.ca\/fr\/agissez\/\"},{\"@type\":\"ListItem\",\"position\":3,\"name\":\"Le cancer ne peut pas attendre\",\"item\":\"https:\/\/survivornet.ca\/fr\/agissez\/le-cancer-ne-peut-pas-attendre-old\/\"},{\"@type\":\"ListItem\",\"position\":4,\"name\":\"Lettre ouverte envoy\u00e9e \u00e0 Audrey Gordon, ministre de la Sant\u00e9 du Manitoba\"}]},{\"@type\":\"WebSite\",\"@id\":\"https:\/\/survivornet.ca\/#website\",\"url\":\"https:\/\/survivornet.ca\/\",\"name\":\"Canadian Cancer Survivor Network\",\"description\":\"The Canadian Cancer Survivor Network was created by a group of Canadians concerned about cancer.\",\"publisher\":{\"@id\":\"https:\/\/survivornet.ca\/#organization\"},\"potentialAction\":[{\"@type\":\"SearchAction\",\"target\":{\"@type\":\"EntryPoint\",\"urlTemplate\":\"https:\/\/survivornet.ca\/?s={search_term_string}\"},\"query-input\":{\"@type\":\"PropertyValueSpecification\",\"valueRequired\":true,\"valueName\":\"search_term_string\"}}],\"inLanguage\":\"fr-FR\"},{\"@type\":\"Organization\",\"@id\":\"https:\/\/survivornet.ca\/#organization\",\"name\":\"Canadian Cancer Survivor Network\",\"url\":\"https:\/\/survivornet.ca\/\",\"logo\":{\"@type\":\"ImageObject\",\"inLanguage\":\"fr-FR\",\"@id\":\"https:\/\/survivornet.ca\/#\/schema\/logo\/image\/\",\"url\":\"http:\/\/survivornet.ca\/wp-content\/uploads\/2016\/12\/CCSN_Logo_EN_SQUARE.png\",\"contentUrl\":\"http:\/\/survivornet.ca\/wp-content\/uploads\/2016\/12\/CCSN_Logo_EN_SQUARE.png\",\"width\":1209,\"height\":1007,\"caption\":\"Canadian Cancer Survivor Network\"},\"image\":{\"@id\":\"https:\/\/survivornet.ca\/#\/schema\/logo\/image\/\"}}]}<\/script>\n<!-- \/ Yoast SEO plugin. -->","yoast_head_json":{"title":"Lettre ouverte envoy\u00e9e \u00e0 Audrey Gordon, ministre de la Sant\u00e9 du Manitoba - Canadian Cancer Survivor Network","robots":{"index":"index","follow":"follow","max-snippet":"max-snippet:-1","max-image-preview":"max-image-preview:large","max-video-preview":"max-video-preview:-1"},"canonical":"https:\/\/survivornet.ca\/act\/covid-19-cancercantwait-campaign-2\/open-letter-to-manitoba-health-minister-audrey-gordon\/","og_locale":"fr_FR","og_type":"article","og_title":"Lettre ouverte envoy\u00e9e \u00e0 Audrey Gordon, ministre de la Sant\u00e9 du Manitoba - Canadian Cancer Survivor Network","og_description":"L\u2019honorable Audrey Gordon Ministre de la Sant\u00e9 Palais l\u00e9gislatif, bureau 302 450 Broadway Winnipeg, MB,\u00a0 R3C 0V8 minhsc@leg.gov.mb.ca Madame la Ministre, Le R\u00e9seau canadien des survivants du cancer (RCSC) s\u2019inqui\u00e8te du fait","og_url":"https:\/\/survivornet.ca\/act\/covid-19-cancercantwait-campaign-2\/open-letter-to-manitoba-health-minister-audrey-gordon\/","og_site_name":"Canadian Cancer Survivor Network","article_modified_time":"2022-03-21T22:30:16+00:00","twitter_card":"summary_large_image","twitter_misc":{"Dur\u00e9e de lecture estim\u00e9e":"5 minutes"},"schema":{"@context":"https:\/\/schema.org","@graph":[{"@type":"WebPage","@id":"https:\/\/survivornet.ca\/act\/covid-19-cancercantwait-campaign-2\/open-letter-to-manitoba-health-minister-audrey-gordon\/","url":"https:\/\/survivornet.ca\/act\/covid-19-cancercantwait-campaign-2\/open-letter-to-manitoba-health-minister-audrey-gordon\/","name":"Lettre ouverte envoy\u00e9e \u00e0 Audrey Gordon, ministre de la Sant\u00e9 du Manitoba - Canadian Cancer Survivor Network","isPartOf":{"@id":"https:\/\/survivornet.ca\/#website"},"datePublished":"2022-02-09T22:09:27+00:00","dateModified":"2022-03-21T22:30:16+00:00","breadcrumb":{"@id":"https:\/\/survivornet.ca\/act\/covid-19-cancercantwait-campaign-2\/open-letter-to-manitoba-health-minister-audrey-gordon\/#breadcrumb"},"inLanguage":"fr-FR","potentialAction":[{"@type":"ReadAction","target":["https:\/\/survivornet.ca\/act\/covid-19-cancercantwait-campaign-2\/open-letter-to-manitoba-health-minister-audrey-gordon\/"]}]},{"@type":"BreadcrumbList","@id":"https:\/\/survivornet.ca\/act\/covid-19-cancercantwait-campaign-2\/open-letter-to-manitoba-health-minister-audrey-gordon\/#breadcrumb","itemListElement":[{"@type":"ListItem","position":1,"name":"Home","item":"https:\/\/survivornet.ca\/fr\/"},{"@type":"ListItem","position":2,"name":"Agissez","item":"https:\/\/survivornet.ca\/fr\/agissez\/"},{"@type":"ListItem","position":3,"name":"Le cancer ne peut pas attendre","item":"https:\/\/survivornet.ca\/fr\/agissez\/le-cancer-ne-peut-pas-attendre-old\/"},{"@type":"ListItem","position":4,"name":"Lettre ouverte envoy\u00e9e \u00e0 Audrey Gordon, ministre de la Sant\u00e9 du Manitoba"}]},{"@type":"WebSite","@id":"https:\/\/survivornet.ca\/#website","url":"https:\/\/survivornet.ca\/","name":"Canadian Cancer Survivor Network","description":"The Canadian Cancer Survivor Network was created by a group of Canadians concerned about cancer.","publisher":{"@id":"https:\/\/survivornet.ca\/#organization"},"potentialAction":[{"@type":"SearchAction","target":{"@type":"EntryPoint","urlTemplate":"https:\/\/survivornet.ca\/?s={search_term_string}"},"query-input":{"@type":"PropertyValueSpecification","valueRequired":true,"valueName":"search_term_string"}}],"inLanguage":"fr-FR"},{"@type":"Organization","@id":"https:\/\/survivornet.ca\/#organization","name":"Canadian Cancer Survivor Network","url":"https:\/\/survivornet.ca\/","logo":{"@type":"ImageObject","inLanguage":"fr-FR","@id":"https:\/\/survivornet.ca\/#\/schema\/logo\/image\/","url":"http:\/\/survivornet.ca\/wp-content\/uploads\/2016\/12\/CCSN_Logo_EN_SQUARE.png","contentUrl":"http:\/\/survivornet.ca\/wp-content\/uploads\/2016\/12\/CCSN_Logo_EN_SQUARE.png","width":1209,"height":1007,"caption":"Canadian Cancer Survivor Network"},"image":{"@id":"https:\/\/survivornet.ca\/#\/schema\/logo\/image\/"}}]}},"_links":{"self":[{"href":"https:\/\/survivornet.ca\/fr\/wp-json\/wp\/v2\/pages\/25224","targetHints":{"allow":["GET"]}}],"collection":[{"href":"https:\/\/survivornet.ca\/fr\/wp-json\/wp\/v2\/pages"}],"about":[{"href":"https:\/\/survivornet.ca\/fr\/wp-json\/wp\/v2\/types\/page"}],"author":[{"embeddable":true,"href":"https:\/\/survivornet.ca\/fr\/wp-json\/wp\/v2\/users\/2"}],"replies":[{"embeddable":true,"href":"https:\/\/survivornet.ca\/fr\/wp-json\/wp\/v2\/comments?post=25224"}],"version-history":[{"count":0,"href":"https:\/\/survivornet.ca\/fr\/wp-json\/wp\/v2\/pages\/25224\/revisions"}],"up":[{"embeddable":true,"href":"https:\/\/survivornet.ca\/fr\/wp-json\/wp\/v2\/pages\/20817"}],"wp:attachment":[{"href":"https:\/\/survivornet.ca\/fr\/wp-json\/wp\/v2\/media?parent=25224"}],"curies":[{"name":"wp","href":"https:\/\/api.w.org\/{rel}","templated":true}]}}