{"id":25211,"date":"2022-02-07T19:00:59","date_gmt":"2022-02-08T00:00:59","guid":{"rendered":"https:\/\/survivornet.ca\/?page_id=25211"},"modified":"2022-02-07T19:04:40","modified_gmt":"2022-02-08T00:04:40","slug":"lettre-ouverte-envoyee-au-ministre-de-la-sante-paul-merriman","status":"publish","type":"page","link":"https:\/\/survivornet.ca\/fr\/agissez\/le-cancer-ne-peut-pas-attendre-old\/lettre-ouverte-envoyee-au-ministre-de-la-sante-paul-merriman\/","title":{"rendered":"Lettre ouverte envoy\u00e9e au ministre de la Sant\u00e9 de la Saskatchewan, Paul Merriman"},"content":{"rendered":"<p>L\u2019honorable Paul\u00a0Merriman<br \/>\nMinistre de la Sant\u00e9<br \/>\nBureau 204, Assembl\u00e9e l\u00e9gislative<br \/>\n2405 promenade Legislative<br \/>\nRegina, SK,\u00a0 S4S 0B3<br \/>\n<u>he.minister@gov.sk.ca<\/u><\/p>\n<p>Monsieur le Ministre,<\/p>\n<p>En\u00a0d\u00e9cembre\u00a02021, premier ministre Moe a d\u00e9clar\u00e9 que le gouvernement \u00e9tait conscient que les retards dans les chirurgies et autres proc\u00e9dures ont eu une incidence grave sur la qualit\u00e9 de vie des patients de la Saskatchewan. Il a \u00e9galement expliqu\u00e9 que des mesures seraient prises pour programmer un nombre croissant de proc\u00e9dures retard\u00e9es. Cependant, les membres du R\u00e9seau canadien des survivants du cancer craignent que la pand\u00e9mie en cours, notamment la variante Omicron, entra\u00eene une nouvelle s\u00e9rie d\u2019annulations et de reports dans les soins oncologiques.<\/p>\n<p>L\u00e9ger a men\u00e9 trois sondages au nom du RCSC au cours des trois premi\u00e8res vagues de COVID-19. Les r\u00e9sultats d\u00e9courageants de ces sondages ont montr\u00e9 que la pand\u00e9mie de COVID-19 a eu une incidence grave sur les patients canadiens atteints du cancer. Ils ont \u00e9galement d\u00e9montr\u00e9 que nous connaissons actuellement une deuxi\u00e8me crise de sant\u00e9 publique.<\/p>\n<p>Par exemple, plus de quatre sur dix patients, sept sur dix proches aidants, et environ six sur dix personnes qui attendent un diagnostic ont vu leurs chirurgies ou leurs proc\u00e9dures annul\u00e9es ou reprogramm\u00e9es durant la pand\u00e9mie. Trois proches aidants sur dix, sept pour cent des patients et 18 pour cent des personnes qui attendent un diagnostic ont vu une chirurgie ou une autre proc\u00e9dure annul\u00e9e. Parmi les personnes dont la chirurgie a \u00e9t\u00e9 annul\u00e9e, plus d\u2019un patient sur quatre, pr\u00e8s d\u2019un proche aidant sur trois et plus d\u2019une personne sur deux qui attendent un diagnostic attendaient toujours que leur proc\u00e9dure soit reprogramm\u00e9e. En moyenne, les patients ont attendu 55\u00a0jours avant d\u2019obtenir une nouvelle date pour leur proc\u00e9dure, tandis que les proches aidants ont attendu en moyenne 36\u00a0jours.<\/p>\n<p>Cependant, <strong>le cancer ne peut pas attendre<\/strong>! Il ne peut pas \u00eatre report\u00e9 ou annul\u00e9! La pand\u00e9mie ne peut pas continuer \u00e0 retarder les tests de diagnostic, les traitements et les soins qui peuvent sauver la vie des patients atteints du cancer. Si la pand\u00e9mie de COVID-19 se poursuit, il en va de m\u00eame pour les soins oncologiques. Le R\u00e9seau canadien des survivants du cancer demande au gouvernement de la Saskatchewan de ne pas attendre que la pand\u00e9mie soit d\u00e9clar\u00e9e termin\u00e9e afin de prendre des mesures pour renforcer des soins oncologiques.<\/p>\n<p><strong>Le cancer ne peut pas attendre<\/strong> pour ceux qui ne sont pas certains du diagnostic de leur cancer ou pour ceux dont le cancer a pu \u00e9voluer vers un stade plus avanc\u00e9 durant la pand\u00e9mie. Les d\u00e9cideurs et les administrateurs d\u2019h\u00f4pitaux \u00e0 travers le Canada doivent collaborer pour \u00e9viter ce qui pourrait d\u00e9j\u00e0 \u00eatre une augmentation in\u00e9vitable du nombre de d\u00e9c\u00e8s caus\u00e9s par le cancer.<\/p>\n<p>Sinc\u00e8rement,<\/p>\n<p>Jackie Manthorne<\/p>\n<p>Pr\u00e9sidente et PDG<\/p>\n","protected":false},"excerpt":{"rendered":"<p>L\u2019honorable Paul\u00a0Merriman Ministre de la Sant\u00e9 Bureau 204, Assembl\u00e9e l\u00e9gislative 2405 promenade Legislative Regina, SK,\u00a0 S4S 0B3 he.minister@gov.sk.ca Monsieur le Ministre, En\u00a0d\u00e9cembre\u00a02021, premier ministre Moe a d\u00e9clar\u00e9 que le gouvernement \u00e9tait conscient<\/p>\n","protected":false},"author":2,"featured_media":0,"parent":20817,"menu_order":5,"comment_status":"closed","ping_status":"closed","template":"","meta":{"_acf_changed":false,"footnotes":""},"class_list":["post-25211","page","type-page","status-publish","hentry"],"acf":[],"yoast_head":"<!-- This site is optimized with the Yoast SEO plugin v27.1.1 - https:\/\/yoast.com\/product\/yoast-seo-wordpress\/ -->\n<title>Lettre ouverte envoy\u00e9e au ministre de la Sant\u00e9 de la Saskatchewan, Paul Merriman - Canadian Cancer Survivor Network<\/title>\n<meta name=\"robots\" content=\"index, follow, max-snippet:-1, max-image-preview:large, max-video-preview:-1\" \/>\n<link rel=\"canonical\" href=\"https:\/\/survivornet.ca\/fr\/agissez\/le-cancer-ne-peut-pas-attendre-old\/lettre-ouverte-envoyee-au-ministre-de-la-sante-paul-merriman\/\" \/>\n<meta property=\"og:locale\" content=\"fr_FR\" \/>\n<meta property=\"og:type\" content=\"article\" \/>\n<meta property=\"og:title\" content=\"Lettre ouverte envoy\u00e9e au ministre de la Sant\u00e9 de la Saskatchewan, Paul Merriman - Canadian Cancer Survivor Network\" \/>\n<meta property=\"og:description\" content=\"L\u2019honorable Paul\u00a0Merriman Ministre de la Sant\u00e9 Bureau 204, Assembl\u00e9e l\u00e9gislative 2405 promenade Legislative Regina, SK,\u00a0 S4S 0B3 he.minister@gov.sk.ca Monsieur le Ministre, En\u00a0d\u00e9cembre\u00a02021, premier ministre Moe a d\u00e9clar\u00e9 que le gouvernement \u00e9tait conscient\" \/>\n<meta property=\"og:url\" content=\"https:\/\/survivornet.ca\/fr\/agissez\/le-cancer-ne-peut-pas-attendre-old\/lettre-ouverte-envoyee-au-ministre-de-la-sante-paul-merriman\/\" \/>\n<meta property=\"og:site_name\" content=\"Canadian Cancer Survivor Network\" \/>\n<meta property=\"article:modified_time\" content=\"2022-02-08T00:04:40+00:00\" \/>\n<meta name=\"twitter:card\" content=\"summary_large_image\" \/>\n<meta name=\"twitter:label1\" content=\"Dur\u00e9e de lecture estim\u00e9e\" \/>\n\t<meta name=\"twitter:data1\" content=\"3 minutes\" \/>\n<script type=\"application\/ld+json\" class=\"yoast-schema-graph\">{\"@context\":\"https:\/\/schema.org\",\"@graph\":[{\"@type\":\"WebPage\",\"@id\":\"https:\/\/survivornet.ca\/fr\/agissez\/le-cancer-ne-peut-pas-attendre-old\/lettre-ouverte-envoyee-au-ministre-de-la-sante-paul-merriman\/\",\"url\":\"https:\/\/survivornet.ca\/fr\/agissez\/le-cancer-ne-peut-pas-attendre-old\/lettre-ouverte-envoyee-au-ministre-de-la-sante-paul-merriman\/\",\"name\":\"Lettre ouverte envoy\u00e9e au ministre de la Sant\u00e9 de la Saskatchewan, Paul Merriman - Canadian Cancer Survivor Network\",\"isPartOf\":{\"@id\":\"https:\/\/survivornet.ca\/#website\"},\"datePublished\":\"2022-02-08T00:00:59+00:00\",\"dateModified\":\"2022-02-08T00:04:40+00:00\",\"breadcrumb\":{\"@id\":\"https:\/\/survivornet.ca\/fr\/agissez\/le-cancer-ne-peut-pas-attendre-old\/lettre-ouverte-envoyee-au-ministre-de-la-sante-paul-merriman\/#breadcrumb\"},\"inLanguage\":\"fr-FR\",\"potentialAction\":[{\"@type\":\"ReadAction\",\"target\":[\"https:\/\/survivornet.ca\/fr\/agissez\/le-cancer-ne-peut-pas-attendre-old\/lettre-ouverte-envoyee-au-ministre-de-la-sante-paul-merriman\/\"]}]},{\"@type\":\"BreadcrumbList\",\"@id\":\"https:\/\/survivornet.ca\/fr\/agissez\/le-cancer-ne-peut-pas-attendre-old\/lettre-ouverte-envoyee-au-ministre-de-la-sante-paul-merriman\/#breadcrumb\",\"itemListElement\":[{\"@type\":\"ListItem\",\"position\":1,\"name\":\"Home\",\"item\":\"https:\/\/survivornet.ca\/fr\/\"},{\"@type\":\"ListItem\",\"position\":2,\"name\":\"Agissez\",\"item\":\"https:\/\/survivornet.ca\/fr\/agissez\/\"},{\"@type\":\"ListItem\",\"position\":3,\"name\":\"Le cancer ne peut pas attendre\",\"item\":\"https:\/\/survivornet.ca\/fr\/agissez\/le-cancer-ne-peut-pas-attendre-old\/\"},{\"@type\":\"ListItem\",\"position\":4,\"name\":\"Lettre ouverte envoy\u00e9e au ministre de la Sant\u00e9 de la Saskatchewan, Paul Merriman\"}]},{\"@type\":\"WebSite\",\"@id\":\"https:\/\/survivornet.ca\/#website\",\"url\":\"https:\/\/survivornet.ca\/\",\"name\":\"Canadian Cancer Survivor Network\",\"description\":\"The Canadian Cancer Survivor Network was created by a group of Canadians concerned about cancer.\",\"publisher\":{\"@id\":\"https:\/\/survivornet.ca\/#organization\"},\"potentialAction\":[{\"@type\":\"SearchAction\",\"target\":{\"@type\":\"EntryPoint\",\"urlTemplate\":\"https:\/\/survivornet.ca\/?s={search_term_string}\"},\"query-input\":{\"@type\":\"PropertyValueSpecification\",\"valueRequired\":true,\"valueName\":\"search_term_string\"}}],\"inLanguage\":\"fr-FR\"},{\"@type\":\"Organization\",\"@id\":\"https:\/\/survivornet.ca\/#organization\",\"name\":\"Canadian Cancer Survivor Network\",\"url\":\"https:\/\/survivornet.ca\/\",\"logo\":{\"@type\":\"ImageObject\",\"inLanguage\":\"fr-FR\",\"@id\":\"https:\/\/survivornet.ca\/#\/schema\/logo\/image\/\",\"url\":\"http:\/\/survivornet.ca\/wp-content\/uploads\/2016\/12\/CCSN_Logo_EN_SQUARE.png\",\"contentUrl\":\"http:\/\/survivornet.ca\/wp-content\/uploads\/2016\/12\/CCSN_Logo_EN_SQUARE.png\",\"width\":1209,\"height\":1007,\"caption\":\"Canadian Cancer Survivor Network\"},\"image\":{\"@id\":\"https:\/\/survivornet.ca\/#\/schema\/logo\/image\/\"}}]}<\/script>\n<!-- \/ Yoast SEO plugin. -->","yoast_head_json":{"title":"Lettre ouverte envoy\u00e9e au ministre de la Sant\u00e9 de la Saskatchewan, Paul Merriman - Canadian Cancer Survivor Network","robots":{"index":"index","follow":"follow","max-snippet":"max-snippet:-1","max-image-preview":"max-image-preview:large","max-video-preview":"max-video-preview:-1"},"canonical":"https:\/\/survivornet.ca\/fr\/agissez\/le-cancer-ne-peut-pas-attendre-old\/lettre-ouverte-envoyee-au-ministre-de-la-sante-paul-merriman\/","og_locale":"fr_FR","og_type":"article","og_title":"Lettre ouverte envoy\u00e9e au ministre de la Sant\u00e9 de la Saskatchewan, Paul Merriman - Canadian Cancer Survivor Network","og_description":"L\u2019honorable Paul\u00a0Merriman Ministre de la Sant\u00e9 Bureau 204, Assembl\u00e9e l\u00e9gislative 2405 promenade Legislative Regina, SK,\u00a0 S4S 0B3 he.minister@gov.sk.ca Monsieur le Ministre, En\u00a0d\u00e9cembre\u00a02021, premier ministre Moe a d\u00e9clar\u00e9 que le gouvernement \u00e9tait conscient","og_url":"https:\/\/survivornet.ca\/fr\/agissez\/le-cancer-ne-peut-pas-attendre-old\/lettre-ouverte-envoyee-au-ministre-de-la-sante-paul-merriman\/","og_site_name":"Canadian Cancer Survivor Network","article_modified_time":"2022-02-08T00:04:40+00:00","twitter_card":"summary_large_image","twitter_misc":{"Dur\u00e9e de lecture estim\u00e9e":"3 minutes"},"schema":{"@context":"https:\/\/schema.org","@graph":[{"@type":"WebPage","@id":"https:\/\/survivornet.ca\/fr\/agissez\/le-cancer-ne-peut-pas-attendre-old\/lettre-ouverte-envoyee-au-ministre-de-la-sante-paul-merriman\/","url":"https:\/\/survivornet.ca\/fr\/agissez\/le-cancer-ne-peut-pas-attendre-old\/lettre-ouverte-envoyee-au-ministre-de-la-sante-paul-merriman\/","name":"Lettre ouverte envoy\u00e9e au ministre de la Sant\u00e9 de la Saskatchewan, Paul Merriman - Canadian Cancer Survivor Network","isPartOf":{"@id":"https:\/\/survivornet.ca\/#website"},"datePublished":"2022-02-08T00:00:59+00:00","dateModified":"2022-02-08T00:04:40+00:00","breadcrumb":{"@id":"https:\/\/survivornet.ca\/fr\/agissez\/le-cancer-ne-peut-pas-attendre-old\/lettre-ouverte-envoyee-au-ministre-de-la-sante-paul-merriman\/#breadcrumb"},"inLanguage":"fr-FR","potentialAction":[{"@type":"ReadAction","target":["https:\/\/survivornet.ca\/fr\/agissez\/le-cancer-ne-peut-pas-attendre-old\/lettre-ouverte-envoyee-au-ministre-de-la-sante-paul-merriman\/"]}]},{"@type":"BreadcrumbList","@id":"https:\/\/survivornet.ca\/fr\/agissez\/le-cancer-ne-peut-pas-attendre-old\/lettre-ouverte-envoyee-au-ministre-de-la-sante-paul-merriman\/#breadcrumb","itemListElement":[{"@type":"ListItem","position":1,"name":"Home","item":"https:\/\/survivornet.ca\/fr\/"},{"@type":"ListItem","position":2,"name":"Agissez","item":"https:\/\/survivornet.ca\/fr\/agissez\/"},{"@type":"ListItem","position":3,"name":"Le cancer ne peut pas attendre","item":"https:\/\/survivornet.ca\/fr\/agissez\/le-cancer-ne-peut-pas-attendre-old\/"},{"@type":"ListItem","position":4,"name":"Lettre ouverte envoy\u00e9e au ministre de la Sant\u00e9 de la Saskatchewan, Paul Merriman"}]},{"@type":"WebSite","@id":"https:\/\/survivornet.ca\/#website","url":"https:\/\/survivornet.ca\/","name":"Canadian Cancer Survivor Network","description":"The Canadian Cancer Survivor Network was created by a group of Canadians concerned about cancer.","publisher":{"@id":"https:\/\/survivornet.ca\/#organization"},"potentialAction":[{"@type":"SearchAction","target":{"@type":"EntryPoint","urlTemplate":"https:\/\/survivornet.ca\/?s={search_term_string}"},"query-input":{"@type":"PropertyValueSpecification","valueRequired":true,"valueName":"search_term_string"}}],"inLanguage":"fr-FR"},{"@type":"Organization","@id":"https:\/\/survivornet.ca\/#organization","name":"Canadian Cancer Survivor Network","url":"https:\/\/survivornet.ca\/","logo":{"@type":"ImageObject","inLanguage":"fr-FR","@id":"https:\/\/survivornet.ca\/#\/schema\/logo\/image\/","url":"http:\/\/survivornet.ca\/wp-content\/uploads\/2016\/12\/CCSN_Logo_EN_SQUARE.png","contentUrl":"http:\/\/survivornet.ca\/wp-content\/uploads\/2016\/12\/CCSN_Logo_EN_SQUARE.png","width":1209,"height":1007,"caption":"Canadian Cancer Survivor Network"},"image":{"@id":"https:\/\/survivornet.ca\/#\/schema\/logo\/image\/"}}]}},"_links":{"self":[{"href":"https:\/\/survivornet.ca\/fr\/wp-json\/wp\/v2\/pages\/25211","targetHints":{"allow":["GET"]}}],"collection":[{"href":"https:\/\/survivornet.ca\/fr\/wp-json\/wp\/v2\/pages"}],"about":[{"href":"https:\/\/survivornet.ca\/fr\/wp-json\/wp\/v2\/types\/page"}],"author":[{"embeddable":true,"href":"https:\/\/survivornet.ca\/fr\/wp-json\/wp\/v2\/users\/2"}],"replies":[{"embeddable":true,"href":"https:\/\/survivornet.ca\/fr\/wp-json\/wp\/v2\/comments?post=25211"}],"version-history":[{"count":0,"href":"https:\/\/survivornet.ca\/fr\/wp-json\/wp\/v2\/pages\/25211\/revisions"}],"up":[{"embeddable":true,"href":"https:\/\/survivornet.ca\/fr\/wp-json\/wp\/v2\/pages\/20817"}],"wp:attachment":[{"href":"https:\/\/survivornet.ca\/fr\/wp-json\/wp\/v2\/media?parent=25211"}],"curies":[{"name":"wp","href":"https:\/\/api.w.org\/{rel}","templated":true}]}}