{"id":25183,"date":"2022-02-05T11:10:52","date_gmt":"2022-02-05T16:10:52","guid":{"rendered":"https:\/\/survivornet.ca\/?page_id=25183"},"modified":"2022-03-21T18:24:32","modified_gmt":"2022-03-21T22:24:32","slug":"lettre-ouverte-du-rcsc-envoyee-a-dorothy-shephard-la-ministre-de-la-sante-du-nouveau-brunswick","status":"publish","type":"page","link":"https:\/\/survivornet.ca\/fr\/agissez\/le-cancer-ne-peut-pas-attendre-old\/lettre-ouverte-du-rcsc-envoyee-a-dorothy-shephard-la-ministre-de-la-sante-du-nouveau-brunswick\/","title":{"rendered":"Lettre ouverte du RCSC envoy\u00e9e \u00e0 Dorothy Shephard, la ministre de la Sant\u00e9 du Nouveau-Brunswick"},"content":{"rendered":"<p>L\u2019honorable Dorothy\u00a0Shephard<br \/>\nMinistre de la Sant\u00e9<br \/>\n640, rue Manawagonish, Suite A<br \/>\nSaint-Jean, NB,\u00a0 E2M 3W5<br \/>\nDorothy.Shephard@gnb.ca<\/p>\n<p>Madame la Ministre,<\/p>\n<p>Le R\u00e9seau canadien des survivants du cancer (RCSC) s\u2019inqui\u00e8te du fait que la pand\u00e9mie en cours, notamment le variant\u00a0Omicron, entra\u00eene une nouvelle s\u00e9rie d\u2019annulations et de reports de soins oncologiques. Nous demandons donc au gouvernement du Nouveau-Brunswick de veiller \u00e0 ce que toutes les chirurgies et tous les traitements du cancer ainsi que les proc\u00e9dures curatives du cancer soient prioritaires, qu\u2019ils soient consid\u00e9r\u00e9s comme \u00e9lectifs ou non.<\/p>\n<p>L\u00e9ger a men\u00e9 trois sondages au nom du RCSC au cours des trois premi\u00e8res vagues de COVID-19. Les r\u00e9sultats d\u00e9courageants de ces sondages ont montr\u00e9 que la pand\u00e9mie de COVID-19 a eu une incidence grave sur les patients canadiens atteints du cancer. Ils ont \u00e9galement d\u00e9montr\u00e9 que nous connaissons actuellement une deuxi\u00e8me crise de sant\u00e9 publique.<\/p>\n<p>Par exemple, plus de quatre sur dix patients, sept sur dix proches aidants, et environ six sur dix personnes qui attendent un diagnostic ont vu leurs chirurgies ou leurs proc\u00e9dures annul\u00e9es ou reprogramm\u00e9es durant la pand\u00e9mie. Trois proches aidants sur dix, sept pour cent des patients et 18 pour cent des personnes qui attendent un diagnostic ont vu une chirurgie ou une autre proc\u00e9dure annul\u00e9e. Parmi les personnes dont la chirurgie a \u00e9t\u00e9 annul\u00e9e, plus d\u2019un patient sur quatre, pr\u00e8s d\u2019un proche aidant sur trois et plus d\u2019une personne sur deux qui attendent un diagnostic attendaient toujours que leur proc\u00e9dure soit reprogramm\u00e9e. En moyenne, les patients ont attendu 55\u00a0jours avant d\u2019obtenir une nouvelle date pour leur proc\u00e9dure, tandis que les proches aidants ont attendu en moyenne 36\u00a0jours.<\/p>\n<p>Cependant,<strong> le cancer ne peut pas attendre!<\/strong> Il ne peut pas \u00eatre report\u00e9 ou annul\u00e9! La pand\u00e9mie ne peut pas continuer \u00e0 retarder les tests de diagnostic, les traitements et les soins qui peuvent sauver la vie des patients atteints du cancer. Si la pand\u00e9mie de COVID-19 se poursuit, il en va de m\u00eame pour les soins oncologiques.<\/p>\n<p>Le R\u00e9seau canadien des survivants du cancer demande au gouvernement du Nouveau-Brunswick de ne pas attendre que la pand\u00e9mie soit d\u00e9clar\u00e9e termin\u00e9e afin de prendre des mesures pour renforcer des soins oncologiques.<\/p>\n<p><strong>Le cancer ne peut pas attendre<\/strong> pour ceux qui ne sont pas certains du diagnostic de leur cancer ou pour ceux dont le cancer a pu \u00e9voluer vers un stade plus avanc\u00e9 durant la pand\u00e9mie. Les d\u00e9cideurs et les administrateurs d\u2019h\u00f4pitaux \u00e0 travers le Canada doivent collaborer pour \u00e9viter ce qui pourrait d\u00e9j\u00e0 \u00eatre une augmentation in\u00e9vitable du nombre de d\u00e9c\u00e8s caus\u00e9s par le cancer.<\/p>\n<p>Sinc\u00e8rement,<\/p>\n<p>Jackie Manthorne<\/p>\n<p>Pr\u00e9sidente et PDG<\/p>\n<p>&nbsp;<\/p>\n<p>CC: Jean-Claude D\u2019Amours, porte-parole du Parti lib\u00e9ral en mati\u00e8re de sant\u00e9,\u00a0<a href=\"mailto:JC.Damours@nbliberal.ca\">JC.Damours@nbliberal.ca<\/a><br \/>\nL\u2019honorable Blaine Higgs, premier ministre,\u00a0<a href=\"mailto:Blaine.Higgs@gnb.ca\">Blaine.Higgs@gnb.ca<\/a><br \/>\nJennifer Russell, administratrice en chef de la sant\u00e9 publique du Canada, <a href=\"mailto:jennifer.russell@gnb.ca\">jennifer.russell@gnb.ca<\/a><\/p>\n<h3>R\u00e9ponse de Dorothy Shephard<\/h3>\n<p>9\u00a0f\u00e9vrier\u00a02022<br \/>\nJackie Manthorne<br \/>\nPr\u00e9sidente et PDG<br \/>\nR\u00e9seau canadien des survivants du cancer<br \/>\n(jmanthorne@survivornet.ca)<\/p>\n<p>Bonjour Jackie,<\/p>\n<p>Merci de votre courriel du 13\u00a0janvier\u00a02022 concernant l\u2019acc\u00e8s aux soins oncologiques et aux services de diagnostic du cancer durant la pand\u00e9mie de COVID-19. J\u2019aime \u00eatre inform\u00e9e de l\u2019opinion du R\u00e9seau canadien des survivants du cancer sur ces sujets.<\/p>\n<p>Comme vous le savez peut-\u00eatre, la Saskatchewan Cancer Agency (SCA) est responsable du d\u00e9pistage et des programmes de traitement pour le cancer dans la province. Malgr\u00e9 les nombreux d\u00e9fis pos\u00e9s par la pand\u00e9mie, la SCA continue d\u2019accorder la priorit\u00e9 aux traitements du cancer et elle a veill\u00e9 \u00e0 ce que les traitements de chimioth\u00e9rapie et de radioth\u00e9rapie restent disponibles tout au long de la pand\u00e9mie.<\/p>\n<p>Certains services de diagnostic et de chirurgie ont \u00e9t\u00e9 ralentis durant le d\u00e9but de la pand\u00e9mie en\u00a0mars\u00a02020. Cependant, tous les traitements urgents ont continu\u00e9 \u00e0 \u00eatre effectu\u00e9s. Je peux \u00e9galement confirmer que je n\u2019ai pas l\u2019intention ou un plan de ralentir les programmes de d\u00e9pistage ou de traitement du cancer au cours des futures vagues de la pand\u00e9mie.<\/p>\n<p>Fournir des soins oncologiques de pointe aux r\u00e9sidents de la Saskatchewan est une priorit\u00e9 pour notre gouvernement et la Saskatchewan Cancer Agency. Nous renfor\u00e7ons les services de lutte contre le cancer avec un financement de plus de 204\u00a0millions de dollars pour la Saskatchewan Cancer Agency durant les ann\u00e9es\u00a02021 \u00e0 2022, ce qui repr\u00e9sente une augmentation de 7,6\u00a0millions de dollars par rapport \u00e0 l\u2019ann\u00e9e pr\u00e9c\u00e9dente.<\/p>\n<p>&nbsp;<\/p>\n<p>11\u00a0f\u00e9vrier\u00a02022<br \/>\nMme\u00a0Jackie\u00a0Manthorne<br \/>\nPr\u00e9sidente et PDG<br \/>\nR\u00e9seau canadien des survivants du cancer<br \/>\njmanthorne@survivornet.ca<\/p>\n<p>Bonjour Mme\u00a0Manthorne,<\/p>\n<p>Je vous envoie ce message pour r\u00e9pondre \u00e0 votre courriel dat\u00e9 du 13\u00a0janvier\u00a02022 concernant les soins oncologiques durant la pand\u00e9mie de COVID-19, notamment lorsque la variante Omicron est toujours une pr\u00e9occupation.<\/p>\n<p>Je comprends votre pr\u00e9occupation quant \u00e0 la possibilit\u00e9 que les soins oncologiques soient perturb\u00e9s durant la pand\u00e9mie. Nous reconnaissons l\u2019importance de la prestation de ces soins malgr\u00e9 les conditions extr\u00eamement stressantes de nos h\u00f4pitaux. Les services de soins oncologiques offerts par les deux r\u00e9gies r\u00e9gionales de la sant\u00e9 du Nouveau-Brunswick sont consid\u00e9r\u00e9s comme hautement prioritaires et continuent d\u2019\u00eatre offerts tout au long de la pand\u00e9mie. Merci de m\u2019avoir fait part de vos pr\u00e9occupations.<\/p>\n<p>Sinc\u00e8rement,<br \/>\nK. Dorothy Shephard<br \/>\nMinistre<\/p>\n<p>Cc\u00a0: L\u2019honorable Blaine M. Higgs, premier ministre<br \/>\nMonsieur Jean-Claude D\u2019Amours, d\u00e9put\u00e9 d\u2019Edmundston, Madawaska-Centre<\/p>\n","protected":false},"excerpt":{"rendered":"<p>L\u2019honorable Dorothy\u00a0Shephard Ministre de la Sant\u00e9 640, rue Manawagonish, Suite A Saint-Jean, NB,\u00a0 E2M 3W5 Dorothy.Shephard@gnb.ca Madame la Ministre, Le R\u00e9seau canadien des survivants du cancer (RCSC) s\u2019inqui\u00e8te du fait que la<\/p>\n","protected":false},"author":2,"featured_media":0,"parent":20817,"menu_order":4,"comment_status":"closed","ping_status":"closed","template":"","meta":{"_acf_changed":false,"footnotes":""},"class_list":["post-25183","page","type-page","status-publish","hentry"],"acf":[],"yoast_head":"<!-- This site is optimized with the Yoast SEO plugin v27.1.1 - https:\/\/yoast.com\/product\/yoast-seo-wordpress\/ -->\n<title>Lettre ouverte du RCSC envoy\u00e9e \u00e0 Dorothy Shephard, la ministre de la Sant\u00e9 du Nouveau-Brunswick - Canadian Cancer Survivor Network<\/title>\n<meta name=\"robots\" content=\"index, follow, max-snippet:-1, max-image-preview:large, max-video-preview:-1\" \/>\n<link rel=\"canonical\" href=\"https:\/\/survivornet.ca\/fr\/agissez\/le-cancer-ne-peut-pas-attendre-old\/lettre-ouverte-du-rcsc-envoyee-a-dorothy-shephard-la-ministre-de-la-sante-du-nouveau-brunswick\/\" \/>\n<meta property=\"og:locale\" content=\"fr_FR\" \/>\n<meta property=\"og:type\" content=\"article\" \/>\n<meta property=\"og:title\" content=\"Lettre ouverte du RCSC envoy\u00e9e \u00e0 Dorothy Shephard, la ministre de la Sant\u00e9 du Nouveau-Brunswick - Canadian Cancer Survivor Network\" \/>\n<meta property=\"og:description\" content=\"L\u2019honorable Dorothy\u00a0Shephard Ministre de la Sant\u00e9 640, rue Manawagonish, Suite A Saint-Jean, NB,\u00a0 E2M 3W5 Dorothy.Shephard@gnb.ca Madame la Ministre, Le R\u00e9seau canadien des survivants du cancer (RCSC) s\u2019inqui\u00e8te du fait que la\" \/>\n<meta property=\"og:url\" content=\"https:\/\/survivornet.ca\/fr\/agissez\/le-cancer-ne-peut-pas-attendre-old\/lettre-ouverte-du-rcsc-envoyee-a-dorothy-shephard-la-ministre-de-la-sante-du-nouveau-brunswick\/\" \/>\n<meta property=\"og:site_name\" content=\"Canadian Cancer Survivor Network\" \/>\n<meta property=\"article:modified_time\" content=\"2022-03-21T22:24:32+00:00\" \/>\n<meta name=\"twitter:card\" content=\"summary_large_image\" \/>\n<meta name=\"twitter:label1\" content=\"Dur\u00e9e de lecture estim\u00e9e\" \/>\n\t<meta name=\"twitter:data1\" content=\"5 minutes\" \/>\n<script type=\"application\/ld+json\" class=\"yoast-schema-graph\">{\"@context\":\"https:\/\/schema.org\",\"@graph\":[{\"@type\":\"WebPage\",\"@id\":\"https:\/\/survivornet.ca\/fr\/agissez\/le-cancer-ne-peut-pas-attendre-old\/lettre-ouverte-du-rcsc-envoyee-a-dorothy-shephard-la-ministre-de-la-sante-du-nouveau-brunswick\/\",\"url\":\"https:\/\/survivornet.ca\/fr\/agissez\/le-cancer-ne-peut-pas-attendre-old\/lettre-ouverte-du-rcsc-envoyee-a-dorothy-shephard-la-ministre-de-la-sante-du-nouveau-brunswick\/\",\"name\":\"Lettre ouverte du RCSC envoy\u00e9e \u00e0 Dorothy Shephard, la ministre de la Sant\u00e9 du Nouveau-Brunswick - Canadian Cancer Survivor Network\",\"isPartOf\":{\"@id\":\"https:\/\/survivornet.ca\/#website\"},\"datePublished\":\"2022-02-05T16:10:52+00:00\",\"dateModified\":\"2022-03-21T22:24:32+00:00\",\"breadcrumb\":{\"@id\":\"https:\/\/survivornet.ca\/fr\/agissez\/le-cancer-ne-peut-pas-attendre-old\/lettre-ouverte-du-rcsc-envoyee-a-dorothy-shephard-la-ministre-de-la-sante-du-nouveau-brunswick\/#breadcrumb\"},\"inLanguage\":\"fr-FR\",\"potentialAction\":[{\"@type\":\"ReadAction\",\"target\":[\"https:\/\/survivornet.ca\/fr\/agissez\/le-cancer-ne-peut-pas-attendre-old\/lettre-ouverte-du-rcsc-envoyee-a-dorothy-shephard-la-ministre-de-la-sante-du-nouveau-brunswick\/\"]}]},{\"@type\":\"BreadcrumbList\",\"@id\":\"https:\/\/survivornet.ca\/fr\/agissez\/le-cancer-ne-peut-pas-attendre-old\/lettre-ouverte-du-rcsc-envoyee-a-dorothy-shephard-la-ministre-de-la-sante-du-nouveau-brunswick\/#breadcrumb\",\"itemListElement\":[{\"@type\":\"ListItem\",\"position\":1,\"name\":\"Home\",\"item\":\"https:\/\/survivornet.ca\/fr\/\"},{\"@type\":\"ListItem\",\"position\":2,\"name\":\"Agissez\",\"item\":\"https:\/\/survivornet.ca\/fr\/agissez\/\"},{\"@type\":\"ListItem\",\"position\":3,\"name\":\"Le cancer ne peut pas attendre\",\"item\":\"https:\/\/survivornet.ca\/fr\/agissez\/le-cancer-ne-peut-pas-attendre-old\/\"},{\"@type\":\"ListItem\",\"position\":4,\"name\":\"Lettre ouverte du RCSC envoy\u00e9e \u00e0 Dorothy Shephard, la ministre de la Sant\u00e9 du Nouveau-Brunswick\"}]},{\"@type\":\"WebSite\",\"@id\":\"https:\/\/survivornet.ca\/#website\",\"url\":\"https:\/\/survivornet.ca\/\",\"name\":\"Canadian Cancer Survivor Network\",\"description\":\"The Canadian Cancer Survivor Network was created by a group of Canadians concerned about cancer.\",\"publisher\":{\"@id\":\"https:\/\/survivornet.ca\/#organization\"},\"potentialAction\":[{\"@type\":\"SearchAction\",\"target\":{\"@type\":\"EntryPoint\",\"urlTemplate\":\"https:\/\/survivornet.ca\/?s={search_term_string}\"},\"query-input\":{\"@type\":\"PropertyValueSpecification\",\"valueRequired\":true,\"valueName\":\"search_term_string\"}}],\"inLanguage\":\"fr-FR\"},{\"@type\":\"Organization\",\"@id\":\"https:\/\/survivornet.ca\/#organization\",\"name\":\"Canadian Cancer Survivor Network\",\"url\":\"https:\/\/survivornet.ca\/\",\"logo\":{\"@type\":\"ImageObject\",\"inLanguage\":\"fr-FR\",\"@id\":\"https:\/\/survivornet.ca\/#\/schema\/logo\/image\/\",\"url\":\"http:\/\/survivornet.ca\/wp-content\/uploads\/2016\/12\/CCSN_Logo_EN_SQUARE.png\",\"contentUrl\":\"http:\/\/survivornet.ca\/wp-content\/uploads\/2016\/12\/CCSN_Logo_EN_SQUARE.png\",\"width\":1209,\"height\":1007,\"caption\":\"Canadian Cancer Survivor Network\"},\"image\":{\"@id\":\"https:\/\/survivornet.ca\/#\/schema\/logo\/image\/\"}}]}<\/script>\n<!-- \/ Yoast SEO plugin. -->","yoast_head_json":{"title":"Lettre ouverte du RCSC envoy\u00e9e \u00e0 Dorothy Shephard, la ministre de la Sant\u00e9 du Nouveau-Brunswick - Canadian Cancer Survivor Network","robots":{"index":"index","follow":"follow","max-snippet":"max-snippet:-1","max-image-preview":"max-image-preview:large","max-video-preview":"max-video-preview:-1"},"canonical":"https:\/\/survivornet.ca\/fr\/agissez\/le-cancer-ne-peut-pas-attendre-old\/lettre-ouverte-du-rcsc-envoyee-a-dorothy-shephard-la-ministre-de-la-sante-du-nouveau-brunswick\/","og_locale":"fr_FR","og_type":"article","og_title":"Lettre ouverte du RCSC envoy\u00e9e \u00e0 Dorothy Shephard, la ministre de la Sant\u00e9 du Nouveau-Brunswick - Canadian Cancer Survivor Network","og_description":"L\u2019honorable Dorothy\u00a0Shephard Ministre de la Sant\u00e9 640, rue Manawagonish, Suite A Saint-Jean, NB,\u00a0 E2M 3W5 Dorothy.Shephard@gnb.ca Madame la Ministre, Le R\u00e9seau canadien des survivants du cancer (RCSC) s\u2019inqui\u00e8te du fait que la","og_url":"https:\/\/survivornet.ca\/fr\/agissez\/le-cancer-ne-peut-pas-attendre-old\/lettre-ouverte-du-rcsc-envoyee-a-dorothy-shephard-la-ministre-de-la-sante-du-nouveau-brunswick\/","og_site_name":"Canadian Cancer Survivor Network","article_modified_time":"2022-03-21T22:24:32+00:00","twitter_card":"summary_large_image","twitter_misc":{"Dur\u00e9e de lecture estim\u00e9e":"5 minutes"},"schema":{"@context":"https:\/\/schema.org","@graph":[{"@type":"WebPage","@id":"https:\/\/survivornet.ca\/fr\/agissez\/le-cancer-ne-peut-pas-attendre-old\/lettre-ouverte-du-rcsc-envoyee-a-dorothy-shephard-la-ministre-de-la-sante-du-nouveau-brunswick\/","url":"https:\/\/survivornet.ca\/fr\/agissez\/le-cancer-ne-peut-pas-attendre-old\/lettre-ouverte-du-rcsc-envoyee-a-dorothy-shephard-la-ministre-de-la-sante-du-nouveau-brunswick\/","name":"Lettre ouverte du RCSC envoy\u00e9e \u00e0 Dorothy Shephard, la ministre de la Sant\u00e9 du Nouveau-Brunswick - Canadian Cancer Survivor Network","isPartOf":{"@id":"https:\/\/survivornet.ca\/#website"},"datePublished":"2022-02-05T16:10:52+00:00","dateModified":"2022-03-21T22:24:32+00:00","breadcrumb":{"@id":"https:\/\/survivornet.ca\/fr\/agissez\/le-cancer-ne-peut-pas-attendre-old\/lettre-ouverte-du-rcsc-envoyee-a-dorothy-shephard-la-ministre-de-la-sante-du-nouveau-brunswick\/#breadcrumb"},"inLanguage":"fr-FR","potentialAction":[{"@type":"ReadAction","target":["https:\/\/survivornet.ca\/fr\/agissez\/le-cancer-ne-peut-pas-attendre-old\/lettre-ouverte-du-rcsc-envoyee-a-dorothy-shephard-la-ministre-de-la-sante-du-nouveau-brunswick\/"]}]},{"@type":"BreadcrumbList","@id":"https:\/\/survivornet.ca\/fr\/agissez\/le-cancer-ne-peut-pas-attendre-old\/lettre-ouverte-du-rcsc-envoyee-a-dorothy-shephard-la-ministre-de-la-sante-du-nouveau-brunswick\/#breadcrumb","itemListElement":[{"@type":"ListItem","position":1,"name":"Home","item":"https:\/\/survivornet.ca\/fr\/"},{"@type":"ListItem","position":2,"name":"Agissez","item":"https:\/\/survivornet.ca\/fr\/agissez\/"},{"@type":"ListItem","position":3,"name":"Le cancer ne peut pas attendre","item":"https:\/\/survivornet.ca\/fr\/agissez\/le-cancer-ne-peut-pas-attendre-old\/"},{"@type":"ListItem","position":4,"name":"Lettre ouverte du RCSC envoy\u00e9e \u00e0 Dorothy Shephard, la ministre de la Sant\u00e9 du Nouveau-Brunswick"}]},{"@type":"WebSite","@id":"https:\/\/survivornet.ca\/#website","url":"https:\/\/survivornet.ca\/","name":"Canadian Cancer Survivor Network","description":"The Canadian Cancer Survivor Network was created by a group of Canadians concerned about cancer.","publisher":{"@id":"https:\/\/survivornet.ca\/#organization"},"potentialAction":[{"@type":"SearchAction","target":{"@type":"EntryPoint","urlTemplate":"https:\/\/survivornet.ca\/?s={search_term_string}"},"query-input":{"@type":"PropertyValueSpecification","valueRequired":true,"valueName":"search_term_string"}}],"inLanguage":"fr-FR"},{"@type":"Organization","@id":"https:\/\/survivornet.ca\/#organization","name":"Canadian Cancer Survivor Network","url":"https:\/\/survivornet.ca\/","logo":{"@type":"ImageObject","inLanguage":"fr-FR","@id":"https:\/\/survivornet.ca\/#\/schema\/logo\/image\/","url":"http:\/\/survivornet.ca\/wp-content\/uploads\/2016\/12\/CCSN_Logo_EN_SQUARE.png","contentUrl":"http:\/\/survivornet.ca\/wp-content\/uploads\/2016\/12\/CCSN_Logo_EN_SQUARE.png","width":1209,"height":1007,"caption":"Canadian Cancer Survivor Network"},"image":{"@id":"https:\/\/survivornet.ca\/#\/schema\/logo\/image\/"}}]}},"_links":{"self":[{"href":"https:\/\/survivornet.ca\/fr\/wp-json\/wp\/v2\/pages\/25183","targetHints":{"allow":["GET"]}}],"collection":[{"href":"https:\/\/survivornet.ca\/fr\/wp-json\/wp\/v2\/pages"}],"about":[{"href":"https:\/\/survivornet.ca\/fr\/wp-json\/wp\/v2\/types\/page"}],"author":[{"embeddable":true,"href":"https:\/\/survivornet.ca\/fr\/wp-json\/wp\/v2\/users\/2"}],"replies":[{"embeddable":true,"href":"https:\/\/survivornet.ca\/fr\/wp-json\/wp\/v2\/comments?post=25183"}],"version-history":[{"count":0,"href":"https:\/\/survivornet.ca\/fr\/wp-json\/wp\/v2\/pages\/25183\/revisions"}],"up":[{"embeddable":true,"href":"https:\/\/survivornet.ca\/fr\/wp-json\/wp\/v2\/pages\/20817"}],"wp:attachment":[{"href":"https:\/\/survivornet.ca\/fr\/wp-json\/wp\/v2\/media?parent=25183"}],"curies":[{"name":"wp","href":"https:\/\/api.w.org\/{rel}","templated":true}]}}