{"id":25147,"date":"2022-01-21T19:22:55","date_gmt":"2022-01-22T00:22:55","guid":{"rendered":"https:\/\/survivornet.ca\/?page_id=25147"},"modified":"2022-03-21T18:12:15","modified_gmt":"2022-03-21T22:12:15","slug":"lettre-ouverte-a-la-ministre-de-la-sante-de-la-nouvelle-ecosse-michelle-thompson","status":"publish","type":"page","link":"https:\/\/survivornet.ca\/fr\/agissez\/le-cancer-ne-peut-pas-attendre-old\/lettre-ouverte-a-la-ministre-de-la-sante-de-la-nouvelle-ecosse-michelle-thompson\/","title":{"rendered":"Lettre ouverte \u00e0 la ministre de la Sant\u00e9 de la Nouvelle-\u00c9cosse, Michelle Thompson"},"content":{"rendered":"<p>L\u2019honorable Michelle\u00a0Thompson<br \/>\nMinistre de la Sant\u00e9<br \/>\nCP 972<br \/>\nAntigonish, N.-\u00c9. B2G 2S3<br \/>\nmichellethompsonmla@gmail.com<\/p>\n<p>Madame la Ministre,<\/p>\n<p>Le R\u00e9seau canadien des survivants du cancer (RCSC) s\u2019inqui\u00e8te du fait que la pand\u00e9mie en cours, notamment le variant\u00a0Omicron, entra\u00eene une nouvelle s\u00e9rie d\u2019annulations et de reports de soins oncologiques. Nous demandons donc au gouvernement de la Nouvelle-\u00c9cosse de veiller \u00e0 ce que toutes les chirurgies et tous les traitements du cancer ainsi que les proc\u00e9dures curatives du cancer soient prioritaires, qu\u2019ils soient consid\u00e9r\u00e9s comme \u00e9lectifs ou non.<\/p>\n<p>L\u00e9ger a men\u00e9 trois sondages au nom du RCSC au cours des trois premi\u00e8res vagues de COVID-19. Les r\u00e9sultats d\u00e9courageants de ces sondages ont montr\u00e9 que la pand\u00e9mie de COVID-19 a eu une incidence grave sur les patients canadiens atteints du cancer. Ils ont \u00e9galement d\u00e9montr\u00e9 que nous connaissons actuellement une deuxi\u00e8me crise de sant\u00e9 publique.<\/p>\n<p>Par exemple, plus de quatre sur dix patients, sept sur dix proches aidants, et environ six sur dix personnes qui attendent un diagnostic ont vu leurs chirurgies ou leurs proc\u00e9dures annul\u00e9es ou reprogramm\u00e9es durant la pand\u00e9mie. Trois proches aidants sur dix, sept pour cent des patients et 18 pour cent des personnes qui attendent un diagnostic ont vu une chirurgie ou une autre proc\u00e9dure annul\u00e9e. Parmi les personnes dont la chirurgie a \u00e9t\u00e9 annul\u00e9e, plus d\u2019un patient sur quatre, pr\u00e8s d\u2019un proche aidant sur trois et plus d\u2019une personne sur deux qui attendent un diagnostic attendaient toujours que leur proc\u00e9dure soit reprogramm\u00e9e. En moyenne, les patients ont attendu 55\u00a0jours avant d\u2019obtenir une nouvelle date pour leur proc\u00e9dure, tandis que les proches aidants ont attendu en moyenne 36\u00a0jours.<\/p>\n<p>Cependant, <strong>le cancer ne peut pas attendre<\/strong>! Il ne peut pas \u00eatre report\u00e9 ou annul\u00e9! La pand\u00e9mie ne peut pas continuer \u00e0 retarder les tests de diagnostic, les traitements et les soins qui peuvent sauver la vie des patients atteints du cancer. Si la pand\u00e9mie de COVID-19 se poursuit, il en va de m\u00eame pour les soins oncologiques. Le R\u00e9seau canadien des survivants du cancer demande au gouvernement de la Nouvelle-\u00c9cosse de ne pas attendre que la pand\u00e9mie soit d\u00e9clar\u00e9e termin\u00e9e afin de prendre des mesures pour renforcer des soins oncologiques.<\/p>\n<p><strong>Le cancer ne peut pas attendre<\/strong> pour ceux qui ne sont pas certains du diagnostic de leur cancer ou pour ceux dont le cancer a pu \u00e9voluer vers un stade plus avanc\u00e9 durant la pand\u00e9mie. Les d\u00e9cideurs et les administrateurs d\u2019h\u00f4pitaux \u00e0 travers le Canada doivent collaborer pour \u00e9viter ce qui pourrait d\u00e9j\u00e0 \u00eatre une augmentation in\u00e9vitable du nombre de d\u00e9c\u00e8s caus\u00e9s par le cancer.<\/p>\n<p>Sinc\u00e8rement,<\/p>\n<p>Jackie Manthorne<\/p>\n<p>Pr\u00e9sidente et PDG<\/p>\n<p>&nbsp;<\/p>\n<p>CC: L\u2019honorable Zach Churchill, porte-parole du Parti lib\u00e9ral en mati\u00e8re de sant\u00e9, <a href=\"mailto:ca@zachchurchill.com\">ca@zachchurchill.com<\/a><u><br \/>\n<\/u>Susan Leblanc, porte-parole du NPD en mati\u00e8re de sant\u00e9, <a href=\"mailto:susanleblancMLA@bellaliant.com\">susanleblancMLA@bellaliant.com<\/a><u><br \/>\n<\/u>L\u2019honorable Tim Houston, premier ministre, <a href=\"mailto:premier@novascotia.ca\">premier@novascotia.ca<\/a><br \/>\nLe Dr Robert Strang, administrateur en chef de la sant\u00e9 publique du Canada, <a href=\"mailto:covid19info@novascotia.ca\">covid19info@novascotia.ca<\/a><\/p>\n<h3>R\u00e9ponse de Michelle Thompson<\/h3>\n<p>4\u00a0f\u00e9vrier\u00a02022<br \/>\nJackie Manthorne<br \/>\njmanthorne@survivornet.ca<\/p>\n<p>Re : Soins oncologiques en Nouvelle-\u00c9cosse<\/p>\n<p>Bonjour Jackie Manthorne,<\/p>\n<p>Merci de votre courriel dat\u00e9 du 13\u00a0janvier\u00a02022 concernant les soins oncologiques en Nouvelle-\u00c9cosse durant la pand\u00e9mie de COVID-19.<\/p>\n<p>Nous vous remercions pour tout le travail important que le R\u00e9seau canadien des survivants du cancer fait pour soutenir les survivants du cancer, leurs proches aidants ainsi que les membres de leurs familles et d\u00e9fendre leurs int\u00e9r\u00eats.<\/p>\n<p>Je reconnais que des membres de votre \u00e9quipe ont pris le temps de rencontrer des repr\u00e9sentants dans mon minist\u00e8re pour pr\u00e9senter vos donn\u00e9es et mener une discussion sur l\u2019incidence que la COVID-19 a eue sur les patients atteints du cancer et leurs proches aidants dans tout le pays. \u00c0 la suite de notre r\u00e9union du 17\u00a0d\u00e9cembre, je sais que le directeur ex\u00e9cutif principal, le directeur de projet et l\u2019analyste principal de la politique qui ont assist\u00e9 \u00e0 la r\u00e9union ont confirm\u00e9 notre engagement, en partenariat avec le programme de soins oncologiques de l\u2019Autorit\u00e9 sanitaire de la Nouvelle-\u00c9cosse, \u00e0 faire tout ce qui est en notre pouvoir pour r\u00e9duire les perturbations et les retards pour les patients atteints de cancer. Nous comprenons que tout retard dans les tests ou les traitements est difficile pour les patients atteints d\u2019un cancer ou d\u2019un cancer soup\u00e7onn\u00e9.<\/p>\n<p>La COVID-19 a eu une incidence sur notre province. Cependant, les patients atteints du cancer en Nouvelle-\u00c9cosse ont continu\u00e9 de recevoir des soins oncologiques tout au long des vagues de la pand\u00e9mie, principalement par l\u2019entremise de rendez-vous par t\u00e9l\u00e9phone et par vid\u00e9o lorsque cela \u00e9tait appropri\u00e9. Nous travaillons fort pour nous assurer que les patients atteints ou soup\u00e7onn\u00e9s d\u2019\u00eatre atteints du cancer re\u00e7oivent les soins dont ils ont besoin durant cette p\u00e9riode difficile.<\/p>\n<p>Merci d\u2019avoir pris le temps de me faire part de vos pr\u00e9occupations.<\/p>\n<p>Sinc\u00e8rement,<\/p>\n<p>Michelle Thompson<br \/>\nMinistre de la Sant\u00e9 et du Mieux-\u00eatre<\/p>\n<p>Cc\u00a0: L\u2019honorable Tim Houston, premier ministre, Nouvelle-\u00c9cosse<br \/>\nLe Dr Robert Strang, m\u00e9decin-hygi\u00e9niste en chef, minist\u00e8re de la Sant\u00e9 et Mieux-\u00catre<br \/>\nSusan Leblanc, d\u00e9put\u00e9e de Dartmouth North<br \/>\nL\u2019honorable Zach Churchill, d\u00e9put\u00e9 de Yarmouth<br \/>\nTanya Penney, directrice ex\u00e9cutive principale de la Clinique, de la Sant\u00e9 et du Bien-\u00eatre<\/p>\n","protected":false},"excerpt":{"rendered":"<p>L\u2019honorable Michelle\u00a0Thompson Ministre de la Sant\u00e9 CP 972 Antigonish, N.-\u00c9. B2G 2S3 michellethompsonmla@gmail.com Madame la Ministre, Le R\u00e9seau canadien des survivants du cancer (RCSC) s\u2019inqui\u00e8te du fait que la pand\u00e9mie en cours,<\/p>\n","protected":false},"author":2,"featured_media":0,"parent":20817,"menu_order":3,"comment_status":"closed","ping_status":"closed","template":"","meta":{"_acf_changed":false,"footnotes":""},"class_list":["post-25147","page","type-page","status-publish","hentry"],"acf":[],"yoast_head":"<!-- This site is optimized with the Yoast SEO plugin v27.1.1 - https:\/\/yoast.com\/product\/yoast-seo-wordpress\/ -->\n<title>Lettre ouverte \u00e0 la ministre de la Sant\u00e9 de la Nouvelle-\u00c9cosse, Michelle Thompson - Canadian Cancer Survivor Network<\/title>\n<meta name=\"robots\" content=\"index, follow, max-snippet:-1, max-image-preview:large, max-video-preview:-1\" \/>\n<link rel=\"canonical\" href=\"https:\/\/survivornet.ca\/fr\/agissez\/le-cancer-ne-peut-pas-attendre-old\/lettre-ouverte-a-la-ministre-de-la-sante-de-la-nouvelle-ecosse-michelle-thompson\/\" \/>\n<meta property=\"og:locale\" content=\"fr_FR\" \/>\n<meta property=\"og:type\" content=\"article\" \/>\n<meta property=\"og:title\" content=\"Lettre ouverte \u00e0 la ministre de la Sant\u00e9 de la Nouvelle-\u00c9cosse, Michelle Thompson - Canadian Cancer Survivor Network\" \/>\n<meta property=\"og:description\" content=\"L\u2019honorable Michelle\u00a0Thompson Ministre de la Sant\u00e9 CP 972 Antigonish, N.-\u00c9. B2G 2S3 michellethompsonmla@gmail.com Madame la Ministre, Le R\u00e9seau canadien des survivants du cancer (RCSC) s\u2019inqui\u00e8te du fait que la pand\u00e9mie en cours,\" \/>\n<meta property=\"og:url\" content=\"https:\/\/survivornet.ca\/fr\/agissez\/le-cancer-ne-peut-pas-attendre-old\/lettre-ouverte-a-la-ministre-de-la-sante-de-la-nouvelle-ecosse-michelle-thompson\/\" \/>\n<meta property=\"og:site_name\" content=\"Canadian Cancer Survivor Network\" \/>\n<meta property=\"article:modified_time\" content=\"2022-03-21T22:12:15+00:00\" \/>\n<meta name=\"twitter:card\" content=\"summary_large_image\" \/>\n<meta name=\"twitter:label1\" content=\"Dur\u00e9e de lecture estim\u00e9e\" \/>\n\t<meta name=\"twitter:data1\" content=\"5 minutes\" \/>\n<script type=\"application\/ld+json\" class=\"yoast-schema-graph\">{\"@context\":\"https:\/\/schema.org\",\"@graph\":[{\"@type\":\"WebPage\",\"@id\":\"https:\/\/survivornet.ca\/fr\/agissez\/le-cancer-ne-peut-pas-attendre-old\/lettre-ouverte-a-la-ministre-de-la-sante-de-la-nouvelle-ecosse-michelle-thompson\/\",\"url\":\"https:\/\/survivornet.ca\/fr\/agissez\/le-cancer-ne-peut-pas-attendre-old\/lettre-ouverte-a-la-ministre-de-la-sante-de-la-nouvelle-ecosse-michelle-thompson\/\",\"name\":\"Lettre ouverte \u00e0 la ministre de la Sant\u00e9 de la Nouvelle-\u00c9cosse, Michelle Thompson - Canadian Cancer Survivor Network\",\"isPartOf\":{\"@id\":\"https:\/\/survivornet.ca\/#website\"},\"datePublished\":\"2022-01-22T00:22:55+00:00\",\"dateModified\":\"2022-03-21T22:12:15+00:00\",\"breadcrumb\":{\"@id\":\"https:\/\/survivornet.ca\/fr\/agissez\/le-cancer-ne-peut-pas-attendre-old\/lettre-ouverte-a-la-ministre-de-la-sante-de-la-nouvelle-ecosse-michelle-thompson\/#breadcrumb\"},\"inLanguage\":\"fr-FR\",\"potentialAction\":[{\"@type\":\"ReadAction\",\"target\":[\"https:\/\/survivornet.ca\/fr\/agissez\/le-cancer-ne-peut-pas-attendre-old\/lettre-ouverte-a-la-ministre-de-la-sante-de-la-nouvelle-ecosse-michelle-thompson\/\"]}]},{\"@type\":\"BreadcrumbList\",\"@id\":\"https:\/\/survivornet.ca\/fr\/agissez\/le-cancer-ne-peut-pas-attendre-old\/lettre-ouverte-a-la-ministre-de-la-sante-de-la-nouvelle-ecosse-michelle-thompson\/#breadcrumb\",\"itemListElement\":[{\"@type\":\"ListItem\",\"position\":1,\"name\":\"Home\",\"item\":\"https:\/\/survivornet.ca\/fr\/\"},{\"@type\":\"ListItem\",\"position\":2,\"name\":\"Agissez\",\"item\":\"https:\/\/survivornet.ca\/fr\/agissez\/\"},{\"@type\":\"ListItem\",\"position\":3,\"name\":\"Le cancer ne peut pas attendre\",\"item\":\"https:\/\/survivornet.ca\/fr\/agissez\/le-cancer-ne-peut-pas-attendre-old\/\"},{\"@type\":\"ListItem\",\"position\":4,\"name\":\"Lettre ouverte \u00e0 la ministre de la Sant\u00e9 de la Nouvelle-\u00c9cosse, Michelle Thompson\"}]},{\"@type\":\"WebSite\",\"@id\":\"https:\/\/survivornet.ca\/#website\",\"url\":\"https:\/\/survivornet.ca\/\",\"name\":\"Canadian Cancer Survivor Network\",\"description\":\"The Canadian Cancer Survivor Network was created by a group of Canadians concerned about cancer.\",\"publisher\":{\"@id\":\"https:\/\/survivornet.ca\/#organization\"},\"potentialAction\":[{\"@type\":\"SearchAction\",\"target\":{\"@type\":\"EntryPoint\",\"urlTemplate\":\"https:\/\/survivornet.ca\/?s={search_term_string}\"},\"query-input\":{\"@type\":\"PropertyValueSpecification\",\"valueRequired\":true,\"valueName\":\"search_term_string\"}}],\"inLanguage\":\"fr-FR\"},{\"@type\":\"Organization\",\"@id\":\"https:\/\/survivornet.ca\/#organization\",\"name\":\"Canadian Cancer Survivor Network\",\"url\":\"https:\/\/survivornet.ca\/\",\"logo\":{\"@type\":\"ImageObject\",\"inLanguage\":\"fr-FR\",\"@id\":\"https:\/\/survivornet.ca\/#\/schema\/logo\/image\/\",\"url\":\"http:\/\/survivornet.ca\/wp-content\/uploads\/2016\/12\/CCSN_Logo_EN_SQUARE.png\",\"contentUrl\":\"http:\/\/survivornet.ca\/wp-content\/uploads\/2016\/12\/CCSN_Logo_EN_SQUARE.png\",\"width\":1209,\"height\":1007,\"caption\":\"Canadian Cancer Survivor Network\"},\"image\":{\"@id\":\"https:\/\/survivornet.ca\/#\/schema\/logo\/image\/\"}}]}<\/script>\n<!-- \/ Yoast SEO plugin. -->","yoast_head_json":{"title":"Lettre ouverte \u00e0 la ministre de la Sant\u00e9 de la Nouvelle-\u00c9cosse, Michelle Thompson - Canadian Cancer Survivor Network","robots":{"index":"index","follow":"follow","max-snippet":"max-snippet:-1","max-image-preview":"max-image-preview:large","max-video-preview":"max-video-preview:-1"},"canonical":"https:\/\/survivornet.ca\/fr\/agissez\/le-cancer-ne-peut-pas-attendre-old\/lettre-ouverte-a-la-ministre-de-la-sante-de-la-nouvelle-ecosse-michelle-thompson\/","og_locale":"fr_FR","og_type":"article","og_title":"Lettre ouverte \u00e0 la ministre de la Sant\u00e9 de la Nouvelle-\u00c9cosse, Michelle Thompson - Canadian Cancer Survivor Network","og_description":"L\u2019honorable Michelle\u00a0Thompson Ministre de la Sant\u00e9 CP 972 Antigonish, N.-\u00c9. B2G 2S3 michellethompsonmla@gmail.com Madame la Ministre, Le R\u00e9seau canadien des survivants du cancer (RCSC) s\u2019inqui\u00e8te du fait que la pand\u00e9mie en cours,","og_url":"https:\/\/survivornet.ca\/fr\/agissez\/le-cancer-ne-peut-pas-attendre-old\/lettre-ouverte-a-la-ministre-de-la-sante-de-la-nouvelle-ecosse-michelle-thompson\/","og_site_name":"Canadian Cancer Survivor Network","article_modified_time":"2022-03-21T22:12:15+00:00","twitter_card":"summary_large_image","twitter_misc":{"Dur\u00e9e de lecture estim\u00e9e":"5 minutes"},"schema":{"@context":"https:\/\/schema.org","@graph":[{"@type":"WebPage","@id":"https:\/\/survivornet.ca\/fr\/agissez\/le-cancer-ne-peut-pas-attendre-old\/lettre-ouverte-a-la-ministre-de-la-sante-de-la-nouvelle-ecosse-michelle-thompson\/","url":"https:\/\/survivornet.ca\/fr\/agissez\/le-cancer-ne-peut-pas-attendre-old\/lettre-ouverte-a-la-ministre-de-la-sante-de-la-nouvelle-ecosse-michelle-thompson\/","name":"Lettre ouverte \u00e0 la ministre de la Sant\u00e9 de la Nouvelle-\u00c9cosse, Michelle Thompson - Canadian Cancer Survivor Network","isPartOf":{"@id":"https:\/\/survivornet.ca\/#website"},"datePublished":"2022-01-22T00:22:55+00:00","dateModified":"2022-03-21T22:12:15+00:00","breadcrumb":{"@id":"https:\/\/survivornet.ca\/fr\/agissez\/le-cancer-ne-peut-pas-attendre-old\/lettre-ouverte-a-la-ministre-de-la-sante-de-la-nouvelle-ecosse-michelle-thompson\/#breadcrumb"},"inLanguage":"fr-FR","potentialAction":[{"@type":"ReadAction","target":["https:\/\/survivornet.ca\/fr\/agissez\/le-cancer-ne-peut-pas-attendre-old\/lettre-ouverte-a-la-ministre-de-la-sante-de-la-nouvelle-ecosse-michelle-thompson\/"]}]},{"@type":"BreadcrumbList","@id":"https:\/\/survivornet.ca\/fr\/agissez\/le-cancer-ne-peut-pas-attendre-old\/lettre-ouverte-a-la-ministre-de-la-sante-de-la-nouvelle-ecosse-michelle-thompson\/#breadcrumb","itemListElement":[{"@type":"ListItem","position":1,"name":"Home","item":"https:\/\/survivornet.ca\/fr\/"},{"@type":"ListItem","position":2,"name":"Agissez","item":"https:\/\/survivornet.ca\/fr\/agissez\/"},{"@type":"ListItem","position":3,"name":"Le cancer ne peut pas attendre","item":"https:\/\/survivornet.ca\/fr\/agissez\/le-cancer-ne-peut-pas-attendre-old\/"},{"@type":"ListItem","position":4,"name":"Lettre ouverte \u00e0 la ministre de la Sant\u00e9 de la Nouvelle-\u00c9cosse, Michelle Thompson"}]},{"@type":"WebSite","@id":"https:\/\/survivornet.ca\/#website","url":"https:\/\/survivornet.ca\/","name":"Canadian Cancer Survivor Network","description":"The Canadian Cancer Survivor Network was created by a group of Canadians concerned about cancer.","publisher":{"@id":"https:\/\/survivornet.ca\/#organization"},"potentialAction":[{"@type":"SearchAction","target":{"@type":"EntryPoint","urlTemplate":"https:\/\/survivornet.ca\/?s={search_term_string}"},"query-input":{"@type":"PropertyValueSpecification","valueRequired":true,"valueName":"search_term_string"}}],"inLanguage":"fr-FR"},{"@type":"Organization","@id":"https:\/\/survivornet.ca\/#organization","name":"Canadian Cancer Survivor Network","url":"https:\/\/survivornet.ca\/","logo":{"@type":"ImageObject","inLanguage":"fr-FR","@id":"https:\/\/survivornet.ca\/#\/schema\/logo\/image\/","url":"http:\/\/survivornet.ca\/wp-content\/uploads\/2016\/12\/CCSN_Logo_EN_SQUARE.png","contentUrl":"http:\/\/survivornet.ca\/wp-content\/uploads\/2016\/12\/CCSN_Logo_EN_SQUARE.png","width":1209,"height":1007,"caption":"Canadian Cancer Survivor Network"},"image":{"@id":"https:\/\/survivornet.ca\/#\/schema\/logo\/image\/"}}]}},"_links":{"self":[{"href":"https:\/\/survivornet.ca\/fr\/wp-json\/wp\/v2\/pages\/25147","targetHints":{"allow":["GET"]}}],"collection":[{"href":"https:\/\/survivornet.ca\/fr\/wp-json\/wp\/v2\/pages"}],"about":[{"href":"https:\/\/survivornet.ca\/fr\/wp-json\/wp\/v2\/types\/page"}],"author":[{"embeddable":true,"href":"https:\/\/survivornet.ca\/fr\/wp-json\/wp\/v2\/users\/2"}],"replies":[{"embeddable":true,"href":"https:\/\/survivornet.ca\/fr\/wp-json\/wp\/v2\/comments?post=25147"}],"version-history":[{"count":0,"href":"https:\/\/survivornet.ca\/fr\/wp-json\/wp\/v2\/pages\/25147\/revisions"}],"up":[{"embeddable":true,"href":"https:\/\/survivornet.ca\/fr\/wp-json\/wp\/v2\/pages\/20817"}],"wp:attachment":[{"href":"https:\/\/survivornet.ca\/fr\/wp-json\/wp\/v2\/media?parent=25147"}],"curies":[{"name":"wp","href":"https:\/\/api.w.org\/{rel}","templated":true}]}}