{"id":25144,"date":"2022-01-20T18:54:18","date_gmt":"2022-01-20T23:54:18","guid":{"rendered":"https:\/\/survivornet.ca\/?page_id=25144"},"modified":"2022-01-20T18:54:18","modified_gmt":"2022-01-20T23:54:18","slug":"lettre-ouverte-du-rcsc-envoyee-a-christine-elliott-la-ministre-de-la-sante-de-lontario","status":"publish","type":"page","link":"https:\/\/survivornet.ca\/fr\/agissez\/le-cancer-ne-peut-pas-attendre-old\/lettre-ouverte-du-rcsc-envoyee-a-christine-elliott-la-ministre-de-la-sante-de-lontario\/","title":{"rendered":"Lettre ouverte du RCSC envoy\u00e9e \u00e0 Christine Elliott, la ministre de la Sant\u00e9 de l\u2019Ontario"},"content":{"rendered":"<p>L\u2019honorable\u00a0Christine\u00a0Elliott<br \/>\nVice-premi\u00e8re ministre et ministre de la Sant\u00e9<br \/>\nMinist\u00e8re de la Sant\u00e9<br \/>\n777, rue Bay, 5<sup>e <\/sup>\u00e9tage<br \/>\nToronto, ON M7A\u00a02J3<br \/>\nChristine.elliott@pc.ola.org<\/p>\n<p>Madame la Ministre,<\/p>\n<p>Les membres du R\u00e9seau canadien des survivants du cancer (RCSC) sont tr\u00e8s inquiets que le gouvernement de l\u2019Ontario a demand\u00e9 aux h\u00f4pitaux \u00ab\u00a0de suspendre les proc\u00e9dures et les chirurgies &#8220;non urgentes&#8221; jusqu\u2019au moins le 26\u00a0janvier\u00a02022<a href=\"https:\/\/survivornet.ca\/news\/ccsn-writes-open-letter-to-ontario-health-minister-elliott\/#_ftn1\">[1]<\/a>.\u00a0\u00bb Cela signifie que les soins oncologiques, notamment les proc\u00e9dures et les chirurgies, sont \u00e9galement suspendus.<\/p>\n<p>L\u00e9ger a men\u00e9 trois sondages au nom du RCSC au cours des trois premi\u00e8res vagues de COVID-19. Les r\u00e9sultats d\u00e9courageants de ces sondages ont montr\u00e9 que la pand\u00e9mie de COVID-19 a eu une incidence grave sur les patients canadiens atteints du cancer. Ils ont \u00e9galement d\u00e9montr\u00e9 que nous connaissons actuellement une deuxi\u00e8me crise de sant\u00e9 publique.<\/p>\n<p>Par exemple, plus de quatre sur dix patients, sept sur dix proches aidants, et environ six sur dix personnes qui attendent un diagnostic ont vu leurs chirurgies ou leurs proc\u00e9dures annul\u00e9es ou reprogramm\u00e9es durant la pand\u00e9mie. Trois proches aidants sur dix, sept pour cent des patients et 18 pour cent des personnes qui attendent un diagnostic ont vu une chirurgie ou une autre proc\u00e9dure annul\u00e9e. Parmi les personnes dont la chirurgie a \u00e9t\u00e9 annul\u00e9e, plus d\u2019un patient sur quatre, pr\u00e8s d\u2019un proche aidant sur trois et plus d\u2019une personne sur deux qui attendent un diagnostic attendaient toujours que leur proc\u00e9dure soit reprogramm\u00e9e. En moyenne, les patients ont attendu 55\u00a0jours avant d\u2019obtenir une nouvelle date pour leur proc\u00e9dure, tandis que les proches aidants ont attendu en moyenne 36\u00a0jours.<\/p>\n<p>Cependant, le cancer ne peut pas attendre! Il ne peut pas \u00eatre report\u00e9 ou annul\u00e9! La pand\u00e9mie ne peut pas continuer \u00e0 retarder les tests de diagnostic, les traitements et les soins qui peuvent sauver la vie des patients atteints du cancer. Si la pand\u00e9mie de COVID-19 se poursuit, il en va de m\u00eame pour les soins oncologiques.<\/p>\n<p>Le R\u00e9seau canadien des survivants du cancer demande au minist\u00e8re de la Sant\u00e9 de l\u2019Ontario de ne pas attendre que la pand\u00e9mie soit d\u00e9clar\u00e9e termin\u00e9e afin de prendre des mesures pour renforcer des soins oncologiques. Le cancer ne peut pas attendre pour ceux qui ne sont pas certains du diagnostic de leur cancer ou pour ceux dont le cancer a pu \u00e9voluer vers un stade plus avanc\u00e9 durant la pand\u00e9mie. Les d\u00e9cideurs et les administrateurs d\u2019h\u00f4pitaux \u00e0 travers le Canada doivent collaborer pour \u00e9viter ce qui pourrait d\u00e9j\u00e0 \u00eatre une augmentation in\u00e9vitable du nombre de d\u00e9c\u00e8s caus\u00e9s par le cancer.<\/p>\n<p>Sinc\u00e8rement,<\/p>\n<p>Jackie\u00a0Manthorne<\/p>\n<p>Pr\u00e9sidente et PDG<\/p>\n<p>&nbsp;<\/p>\n<p>CC: \u00a0\u00a0\u00a0\u00a0\u00a0 D\u00e9put\u00e9e France G\u00e9linas, porte-parole du NPD en mati\u00e8re de sant\u00e9, <a href=\"mailto:gelinas-qp@ndp.on.ca\">gelinas-qp@ndp.on.ca<\/a><\/p>\n<p>D\u00e9put\u00e9 John\u00a0Fraser, porte-parole du Parti lib\u00e9ral en mati\u00e8re de sant\u00e9, <a href=\"mailto:jfraser.mpp@liberal.ola.org\">jfraser.mpp@liberal.ola.org<\/a><\/p>\n<p>D\u00e9put\u00e9e Robin\u00a0Martin, adjointe parlementaire, <a href=\"mailto:robin.martin@ontario.ca\">robin.martin@ontario.ca<\/a><br \/>\nPremier ministre Doug\u00a0Ford, <a href=\"mailto:doug.fordco@pc.ola.org\">doug.fordco@pc.ola.org<\/a><\/p>\n<p><a name=\"_ftn1\"><\/a><a href=\"https:\/\/survivornet.ca\/news\/ccsn-writes-open-letter-to-ontario-health-minister-elliott\/#_ftnref1\">[1]<\/a>\u00a0The Ottawa Citizen, \u00ab\u00a0Cancer is not going to wait: Patients frustrated as surgeries postponed due to COVID-19 overload.\u00a0\u00bb 6\u00a0janvier\u00a02022.<\/p>\n","protected":false},"excerpt":{"rendered":"<p>L\u2019honorable\u00a0Christine\u00a0Elliott Vice-premi\u00e8re ministre et ministre de la Sant\u00e9 Minist\u00e8re de la Sant\u00e9 777, rue Bay, 5e \u00e9tage Toronto, ON M7A\u00a02J3 Christine.elliott@pc.ola.org Madame la Ministre, Les membres du R\u00e9seau canadien des survivants du<\/p>\n","protected":false},"author":2,"featured_media":0,"parent":20817,"menu_order":1,"comment_status":"closed","ping_status":"closed","template":"","meta":{"_acf_changed":false,"footnotes":""},"class_list":["post-25144","page","type-page","status-publish","hentry"],"acf":[],"yoast_head":"<!-- This site is optimized with the Yoast SEO plugin v27.1.1 - https:\/\/yoast.com\/product\/yoast-seo-wordpress\/ -->\n<title>Lettre ouverte du RCSC envoy\u00e9e \u00e0 Christine Elliott, la ministre de la Sant\u00e9 de l\u2019Ontario - Canadian Cancer Survivor Network<\/title>\n<meta name=\"robots\" content=\"index, follow, max-snippet:-1, max-image-preview:large, max-video-preview:-1\" \/>\n<link rel=\"canonical\" href=\"https:\/\/survivornet.ca\/fr\/agissez\/le-cancer-ne-peut-pas-attendre-old\/lettre-ouverte-du-rcsc-envoyee-a-christine-elliott-la-ministre-de-la-sante-de-lontario\/\" \/>\n<meta property=\"og:locale\" content=\"fr_FR\" \/>\n<meta property=\"og:type\" content=\"article\" \/>\n<meta property=\"og:title\" content=\"Lettre ouverte du RCSC envoy\u00e9e \u00e0 Christine Elliott, la ministre de la Sant\u00e9 de l\u2019Ontario - Canadian Cancer Survivor Network\" \/>\n<meta property=\"og:description\" content=\"L\u2019honorable\u00a0Christine\u00a0Elliott Vice-premi\u00e8re ministre et ministre de la Sant\u00e9 Minist\u00e8re de la Sant\u00e9 777, rue Bay, 5e \u00e9tage Toronto, ON M7A\u00a02J3 Christine.elliott@pc.ola.org Madame la Ministre, Les membres du R\u00e9seau canadien des survivants du\" \/>\n<meta property=\"og:url\" content=\"https:\/\/survivornet.ca\/fr\/agissez\/le-cancer-ne-peut-pas-attendre-old\/lettre-ouverte-du-rcsc-envoyee-a-christine-elliott-la-ministre-de-la-sante-de-lontario\/\" \/>\n<meta property=\"og:site_name\" content=\"Canadian Cancer Survivor Network\" \/>\n<meta name=\"twitter:card\" content=\"summary_large_image\" \/>\n<meta name=\"twitter:label1\" content=\"Dur\u00e9e de lecture estim\u00e9e\" \/>\n\t<meta name=\"twitter:data1\" content=\"3 minutes\" \/>\n<script type=\"application\/ld+json\" class=\"yoast-schema-graph\">{\"@context\":\"https:\/\/schema.org\",\"@graph\":[{\"@type\":\"WebPage\",\"@id\":\"https:\/\/survivornet.ca\/fr\/agissez\/le-cancer-ne-peut-pas-attendre-old\/lettre-ouverte-du-rcsc-envoyee-a-christine-elliott-la-ministre-de-la-sante-de-lontario\/\",\"url\":\"https:\/\/survivornet.ca\/fr\/agissez\/le-cancer-ne-peut-pas-attendre-old\/lettre-ouverte-du-rcsc-envoyee-a-christine-elliott-la-ministre-de-la-sante-de-lontario\/\",\"name\":\"Lettre ouverte du RCSC envoy\u00e9e \u00e0 Christine Elliott, la ministre de la Sant\u00e9 de l\u2019Ontario - Canadian Cancer Survivor Network\",\"isPartOf\":{\"@id\":\"https:\/\/survivornet.ca\/#website\"},\"datePublished\":\"2022-01-20T23:54:18+00:00\",\"breadcrumb\":{\"@id\":\"https:\/\/survivornet.ca\/fr\/agissez\/le-cancer-ne-peut-pas-attendre-old\/lettre-ouverte-du-rcsc-envoyee-a-christine-elliott-la-ministre-de-la-sante-de-lontario\/#breadcrumb\"},\"inLanguage\":\"fr-FR\",\"potentialAction\":[{\"@type\":\"ReadAction\",\"target\":[\"https:\/\/survivornet.ca\/fr\/agissez\/le-cancer-ne-peut-pas-attendre-old\/lettre-ouverte-du-rcsc-envoyee-a-christine-elliott-la-ministre-de-la-sante-de-lontario\/\"]}]},{\"@type\":\"BreadcrumbList\",\"@id\":\"https:\/\/survivornet.ca\/fr\/agissez\/le-cancer-ne-peut-pas-attendre-old\/lettre-ouverte-du-rcsc-envoyee-a-christine-elliott-la-ministre-de-la-sante-de-lontario\/#breadcrumb\",\"itemListElement\":[{\"@type\":\"ListItem\",\"position\":1,\"name\":\"Home\",\"item\":\"https:\/\/survivornet.ca\/fr\/\"},{\"@type\":\"ListItem\",\"position\":2,\"name\":\"Agissez\",\"item\":\"https:\/\/survivornet.ca\/fr\/agissez\/\"},{\"@type\":\"ListItem\",\"position\":3,\"name\":\"Le cancer ne peut pas attendre\",\"item\":\"https:\/\/survivornet.ca\/fr\/agissez\/le-cancer-ne-peut-pas-attendre-old\/\"},{\"@type\":\"ListItem\",\"position\":4,\"name\":\"Lettre ouverte du RCSC envoy\u00e9e \u00e0 Christine Elliott, la ministre de la Sant\u00e9 de l\u2019Ontario\"}]},{\"@type\":\"WebSite\",\"@id\":\"https:\/\/survivornet.ca\/#website\",\"url\":\"https:\/\/survivornet.ca\/\",\"name\":\"Canadian Cancer Survivor Network\",\"description\":\"The Canadian Cancer Survivor Network was created by a group of Canadians concerned about cancer.\",\"publisher\":{\"@id\":\"https:\/\/survivornet.ca\/#organization\"},\"potentialAction\":[{\"@type\":\"SearchAction\",\"target\":{\"@type\":\"EntryPoint\",\"urlTemplate\":\"https:\/\/survivornet.ca\/?s={search_term_string}\"},\"query-input\":{\"@type\":\"PropertyValueSpecification\",\"valueRequired\":true,\"valueName\":\"search_term_string\"}}],\"inLanguage\":\"fr-FR\"},{\"@type\":\"Organization\",\"@id\":\"https:\/\/survivornet.ca\/#organization\",\"name\":\"Canadian Cancer Survivor Network\",\"url\":\"https:\/\/survivornet.ca\/\",\"logo\":{\"@type\":\"ImageObject\",\"inLanguage\":\"fr-FR\",\"@id\":\"https:\/\/survivornet.ca\/#\/schema\/logo\/image\/\",\"url\":\"http:\/\/survivornet.ca\/wp-content\/uploads\/2016\/12\/CCSN_Logo_EN_SQUARE.png\",\"contentUrl\":\"http:\/\/survivornet.ca\/wp-content\/uploads\/2016\/12\/CCSN_Logo_EN_SQUARE.png\",\"width\":1209,\"height\":1007,\"caption\":\"Canadian Cancer Survivor Network\"},\"image\":{\"@id\":\"https:\/\/survivornet.ca\/#\/schema\/logo\/image\/\"}}]}<\/script>\n<!-- \/ Yoast SEO plugin. -->","yoast_head_json":{"title":"Lettre ouverte du RCSC envoy\u00e9e \u00e0 Christine Elliott, la ministre de la Sant\u00e9 de l\u2019Ontario - Canadian Cancer Survivor Network","robots":{"index":"index","follow":"follow","max-snippet":"max-snippet:-1","max-image-preview":"max-image-preview:large","max-video-preview":"max-video-preview:-1"},"canonical":"https:\/\/survivornet.ca\/fr\/agissez\/le-cancer-ne-peut-pas-attendre-old\/lettre-ouverte-du-rcsc-envoyee-a-christine-elliott-la-ministre-de-la-sante-de-lontario\/","og_locale":"fr_FR","og_type":"article","og_title":"Lettre ouverte du RCSC envoy\u00e9e \u00e0 Christine Elliott, la ministre de la Sant\u00e9 de l\u2019Ontario - Canadian Cancer Survivor Network","og_description":"L\u2019honorable\u00a0Christine\u00a0Elliott Vice-premi\u00e8re ministre et ministre de la Sant\u00e9 Minist\u00e8re de la Sant\u00e9 777, rue Bay, 5e \u00e9tage Toronto, ON M7A\u00a02J3 Christine.elliott@pc.ola.org Madame la Ministre, Les membres du R\u00e9seau canadien des survivants du","og_url":"https:\/\/survivornet.ca\/fr\/agissez\/le-cancer-ne-peut-pas-attendre-old\/lettre-ouverte-du-rcsc-envoyee-a-christine-elliott-la-ministre-de-la-sante-de-lontario\/","og_site_name":"Canadian Cancer Survivor Network","twitter_card":"summary_large_image","twitter_misc":{"Dur\u00e9e de lecture estim\u00e9e":"3 minutes"},"schema":{"@context":"https:\/\/schema.org","@graph":[{"@type":"WebPage","@id":"https:\/\/survivornet.ca\/fr\/agissez\/le-cancer-ne-peut-pas-attendre-old\/lettre-ouverte-du-rcsc-envoyee-a-christine-elliott-la-ministre-de-la-sante-de-lontario\/","url":"https:\/\/survivornet.ca\/fr\/agissez\/le-cancer-ne-peut-pas-attendre-old\/lettre-ouverte-du-rcsc-envoyee-a-christine-elliott-la-ministre-de-la-sante-de-lontario\/","name":"Lettre ouverte du RCSC envoy\u00e9e \u00e0 Christine Elliott, la ministre de la Sant\u00e9 de l\u2019Ontario - Canadian Cancer Survivor Network","isPartOf":{"@id":"https:\/\/survivornet.ca\/#website"},"datePublished":"2022-01-20T23:54:18+00:00","breadcrumb":{"@id":"https:\/\/survivornet.ca\/fr\/agissez\/le-cancer-ne-peut-pas-attendre-old\/lettre-ouverte-du-rcsc-envoyee-a-christine-elliott-la-ministre-de-la-sante-de-lontario\/#breadcrumb"},"inLanguage":"fr-FR","potentialAction":[{"@type":"ReadAction","target":["https:\/\/survivornet.ca\/fr\/agissez\/le-cancer-ne-peut-pas-attendre-old\/lettre-ouverte-du-rcsc-envoyee-a-christine-elliott-la-ministre-de-la-sante-de-lontario\/"]}]},{"@type":"BreadcrumbList","@id":"https:\/\/survivornet.ca\/fr\/agissez\/le-cancer-ne-peut-pas-attendre-old\/lettre-ouverte-du-rcsc-envoyee-a-christine-elliott-la-ministre-de-la-sante-de-lontario\/#breadcrumb","itemListElement":[{"@type":"ListItem","position":1,"name":"Home","item":"https:\/\/survivornet.ca\/fr\/"},{"@type":"ListItem","position":2,"name":"Agissez","item":"https:\/\/survivornet.ca\/fr\/agissez\/"},{"@type":"ListItem","position":3,"name":"Le cancer ne peut pas attendre","item":"https:\/\/survivornet.ca\/fr\/agissez\/le-cancer-ne-peut-pas-attendre-old\/"},{"@type":"ListItem","position":4,"name":"Lettre ouverte du RCSC envoy\u00e9e \u00e0 Christine Elliott, la ministre de la Sant\u00e9 de l\u2019Ontario"}]},{"@type":"WebSite","@id":"https:\/\/survivornet.ca\/#website","url":"https:\/\/survivornet.ca\/","name":"Canadian Cancer Survivor Network","description":"The Canadian Cancer Survivor Network was created by a group of Canadians concerned about cancer.","publisher":{"@id":"https:\/\/survivornet.ca\/#organization"},"potentialAction":[{"@type":"SearchAction","target":{"@type":"EntryPoint","urlTemplate":"https:\/\/survivornet.ca\/?s={search_term_string}"},"query-input":{"@type":"PropertyValueSpecification","valueRequired":true,"valueName":"search_term_string"}}],"inLanguage":"fr-FR"},{"@type":"Organization","@id":"https:\/\/survivornet.ca\/#organization","name":"Canadian Cancer Survivor Network","url":"https:\/\/survivornet.ca\/","logo":{"@type":"ImageObject","inLanguage":"fr-FR","@id":"https:\/\/survivornet.ca\/#\/schema\/logo\/image\/","url":"http:\/\/survivornet.ca\/wp-content\/uploads\/2016\/12\/CCSN_Logo_EN_SQUARE.png","contentUrl":"http:\/\/survivornet.ca\/wp-content\/uploads\/2016\/12\/CCSN_Logo_EN_SQUARE.png","width":1209,"height":1007,"caption":"Canadian Cancer Survivor Network"},"image":{"@id":"https:\/\/survivornet.ca\/#\/schema\/logo\/image\/"}}]}},"_links":{"self":[{"href":"https:\/\/survivornet.ca\/fr\/wp-json\/wp\/v2\/pages\/25144","targetHints":{"allow":["GET"]}}],"collection":[{"href":"https:\/\/survivornet.ca\/fr\/wp-json\/wp\/v2\/pages"}],"about":[{"href":"https:\/\/survivornet.ca\/fr\/wp-json\/wp\/v2\/types\/page"}],"author":[{"embeddable":true,"href":"https:\/\/survivornet.ca\/fr\/wp-json\/wp\/v2\/users\/2"}],"replies":[{"embeddable":true,"href":"https:\/\/survivornet.ca\/fr\/wp-json\/wp\/v2\/comments?post=25144"}],"version-history":[{"count":0,"href":"https:\/\/survivornet.ca\/fr\/wp-json\/wp\/v2\/pages\/25144\/revisions"}],"up":[{"embeddable":true,"href":"https:\/\/survivornet.ca\/fr\/wp-json\/wp\/v2\/pages\/20817"}],"wp:attachment":[{"href":"https:\/\/survivornet.ca\/fr\/wp-json\/wp\/v2\/media?parent=25144"}],"curies":[{"name":"wp","href":"https:\/\/api.w.org\/{rel}","templated":true}]}}