{"id":23235,"date":"2021-09-15T12:59:46","date_gmt":"2021-09-15T16:59:46","guid":{"rendered":"https:\/\/survivornet.ca\/?page_id=23235"},"modified":"2021-09-15T12:59:46","modified_gmt":"2021-09-15T16:59:46","slug":"reponse-deric-abel-baland-candidat-pour-laurentides-labelle","status":"publish","type":"page","link":"https:\/\/survivornet.ca\/fr\/agissez\/campagnes-electorales\/campagne-electorale-2021\/campagne-electorale-federale-2021\/reponse-du-nouveau-parti-democratique-du-canada\/reponse-deric-abel-baland-candidat-pour-laurentides-labelle\/","title":{"rendered":"R\u00e9ponse d&#8217;\u00c9ric-Abel Baland, candidat pour Laurentides-Labelle"},"content":{"rendered":"<p>Je suis tr\u00e8s sensible \u00e0 vos pr\u00e9occupations et missions ayant aussi \u00e9t\u00e9 concern\u00e9 par cette maladie dans ma famille , je contribuer d\u00e9j\u00e0 \u00e0 des organisme d\u2019entre-aide et d\u00e9fendrais vos int\u00e9r\u00eats \u00e0 Ottawa avec passion surtout pour ma circonscription et le Qu\u00e9bec.<\/p>\n","protected":false},"excerpt":{"rendered":"<p>Je suis tr\u00e8s sensible \u00e0 vos pr\u00e9occupations et missions ayant aussi \u00e9t\u00e9 concern\u00e9 par cette maladie dans ma famille , je contribuer d\u00e9j\u00e0 \u00e0 des organisme d\u2019entre-aide et d\u00e9fendrais vos int\u00e9r\u00eats \u00e0<\/p>\n","protected":false},"author":2,"featured_media":0,"parent":23229,"menu_order":0,"comment_status":"closed","ping_status":"closed","template":"","meta":{"_acf_changed":false,"footnotes":""},"class_list":["post-23235","page","type-page","status-publish","hentry"],"acf":[],"yoast_head":"<!-- This site is optimized with the Yoast SEO plugin v27.4 - https:\/\/yoast.com\/product\/yoast-seo-wordpress\/ -->\n<title>R\u00e9ponse d&#039;\u00c9ric-Abel Baland, candidat pour Laurentides-Labelle - Canadian Cancer Survivor Network<\/title>\n<meta name=\"robots\" content=\"index, follow, max-snippet:-1, max-image-preview:large, max-video-preview:-1\" \/>\n<link rel=\"canonical\" href=\"https:\/\/survivornet.ca\/fr\/agissez\/campagnes-electorales\/campagne-electorale-2021\/campagne-electorale-federale-2021\/reponse-du-nouveau-parti-democratique-du-canada\/reponse-deric-abel-baland-candidat-pour-laurentides-labelle\/\" \/>\n<meta property=\"og:locale\" content=\"fr_FR\" \/>\n<meta property=\"og:type\" content=\"article\" \/>\n<meta property=\"og:title\" content=\"R\u00e9ponse d&#039;\u00c9ric-Abel Baland, candidat pour Laurentides-Labelle - Canadian Cancer Survivor Network\" \/>\n<meta property=\"og:description\" content=\"Je suis tr\u00e8s sensible \u00e0 vos pr\u00e9occupations et missions ayant aussi \u00e9t\u00e9 concern\u00e9 par cette maladie dans ma famille , je contribuer d\u00e9j\u00e0 \u00e0 des organisme d\u2019entre-aide et d\u00e9fendrais vos int\u00e9r\u00eats \u00e0\" \/>\n<meta property=\"og:url\" content=\"https:\/\/survivornet.ca\/fr\/agissez\/campagnes-electorales\/campagne-electorale-2021\/campagne-electorale-federale-2021\/reponse-du-nouveau-parti-democratique-du-canada\/reponse-deric-abel-baland-candidat-pour-laurentides-labelle\/\" \/>\n<meta property=\"og:site_name\" content=\"Canadian Cancer Survivor Network\" \/>\n<meta name=\"twitter:card\" content=\"summary_large_image\" \/>\n<script type=\"application\/ld+json\" class=\"yoast-schema-graph\">{\"@context\":\"https:\\\/\\\/schema.org\",\"@graph\":[{\"@type\":\"WebPage\",\"@id\":\"https:\\\/\\\/survivornet.ca\\\/fr\\\/agissez\\\/campagnes-electorales\\\/campagne-electorale-2021\\\/campagne-electorale-federale-2021\\\/reponse-du-nouveau-parti-democratique-du-canada\\\/reponse-deric-abel-baland-candidat-pour-laurentides-labelle\\\/\",\"url\":\"https:\\\/\\\/survivornet.ca\\\/fr\\\/agissez\\\/campagnes-electorales\\\/campagne-electorale-2021\\\/campagne-electorale-federale-2021\\\/reponse-du-nouveau-parti-democratique-du-canada\\\/reponse-deric-abel-baland-candidat-pour-laurentides-labelle\\\/\",\"name\":\"R\u00e9ponse d'\u00c9ric-Abel Baland, candidat pour Laurentides-Labelle - Canadian Cancer Survivor Network\",\"isPartOf\":{\"@id\":\"https:\\\/\\\/survivornet.ca\\\/#website\"},\"datePublished\":\"2021-09-15T16:59:46+00:00\",\"breadcrumb\":{\"@id\":\"https:\\\/\\\/survivornet.ca\\\/fr\\\/agissez\\\/campagnes-electorales\\\/campagne-electorale-2021\\\/campagne-electorale-federale-2021\\\/reponse-du-nouveau-parti-democratique-du-canada\\\/reponse-deric-abel-baland-candidat-pour-laurentides-labelle\\\/#breadcrumb\"},\"inLanguage\":\"fr-FR\",\"potentialAction\":[{\"@type\":\"ReadAction\",\"target\":[\"https:\\\/\\\/survivornet.ca\\\/fr\\\/agissez\\\/campagnes-electorales\\\/campagne-electorale-2021\\\/campagne-electorale-federale-2021\\\/reponse-du-nouveau-parti-democratique-du-canada\\\/reponse-deric-abel-baland-candidat-pour-laurentides-labelle\\\/\"]}]},{\"@type\":\"BreadcrumbList\",\"@id\":\"https:\\\/\\\/survivornet.ca\\\/fr\\\/agissez\\\/campagnes-electorales\\\/campagne-electorale-2021\\\/campagne-electorale-federale-2021\\\/reponse-du-nouveau-parti-democratique-du-canada\\\/reponse-deric-abel-baland-candidat-pour-laurentides-labelle\\\/#breadcrumb\",\"itemListElement\":[{\"@type\":\"ListItem\",\"position\":1,\"name\":\"Home\",\"item\":\"https:\\\/\\\/survivornet.ca\\\/fr\\\/\"},{\"@type\":\"ListItem\",\"position\":2,\"name\":\"Agissez\",\"item\":\"https:\\\/\\\/survivornet.ca\\\/fr\\\/agissez\\\/\"},{\"@type\":\"ListItem\",\"position\":3,\"name\":\"Campagnes \u00e9lectorales\",\"item\":\"https:\\\/\\\/survivornet.ca\\\/fr\\\/agissez\\\/campagnes-electorales\\\/\"},{\"@type\":\"ListItem\",\"position\":4,\"name\":\"Campagne \u00e9lectorale 2021\",\"item\":\"https:\\\/\\\/survivornet.ca\\\/fr\\\/agissez\\\/campagnes-electorales\\\/campagne-electorale-2021\\\/\"},{\"@type\":\"ListItem\",\"position\":5,\"name\":\"Campagne \u00e9lectorale f\u00e9d\u00e9rale 2021\",\"item\":\"https:\\\/\\\/survivornet.ca\\\/fr\\\/agissez\\\/campagnes-electorales\\\/campagne-electorale-2021\\\/campagne-electorale-federale-2021\\\/\"},{\"@type\":\"ListItem\",\"position\":6,\"name\":\"R\u00e9ponse du Nouveau parti d\u00e9mocratique du Canada\",\"item\":\"https:\\\/\\\/survivornet.ca\\\/fr\\\/agissez\\\/campagnes-electorales\\\/campagne-electorale-2021\\\/campagne-electorale-federale-2021\\\/reponse-du-nouveau-parti-democratique-du-canada\\\/\"},{\"@type\":\"ListItem\",\"position\":7,\"name\":\"R\u00e9ponse d&#8217;\u00c9ric-Abel Baland, candidat pour Laurentides-Labelle\"}]},{\"@type\":\"WebSite\",\"@id\":\"https:\\\/\\\/survivornet.ca\\\/#website\",\"url\":\"https:\\\/\\\/survivornet.ca\\\/\",\"name\":\"Canadian Cancer Survivor Network\",\"description\":\"The Canadian Cancer Survivor Network was created by a group of Canadians concerned about cancer.\",\"publisher\":{\"@id\":\"https:\\\/\\\/survivornet.ca\\\/#organization\"},\"potentialAction\":[{\"@type\":\"SearchAction\",\"target\":{\"@type\":\"EntryPoint\",\"urlTemplate\":\"https:\\\/\\\/survivornet.ca\\\/?s={search_term_string}\"},\"query-input\":{\"@type\":\"PropertyValueSpecification\",\"valueRequired\":true,\"valueName\":\"search_term_string\"}}],\"inLanguage\":\"fr-FR\"},{\"@type\":\"Organization\",\"@id\":\"https:\\\/\\\/survivornet.ca\\\/#organization\",\"name\":\"Canadian Cancer Survivor Network\",\"url\":\"https:\\\/\\\/survivornet.ca\\\/\",\"logo\":{\"@type\":\"ImageObject\",\"inLanguage\":\"fr-FR\",\"@id\":\"https:\\\/\\\/survivornet.ca\\\/#\\\/schema\\\/logo\\\/image\\\/\",\"url\":\"http:\\\/\\\/survivornet.ca\\\/wp-content\\\/uploads\\\/2016\\\/12\\\/CCSN_Logo_EN_SQUARE.png\",\"contentUrl\":\"http:\\\/\\\/survivornet.ca\\\/wp-content\\\/uploads\\\/2016\\\/12\\\/CCSN_Logo_EN_SQUARE.png\",\"width\":1209,\"height\":1007,\"caption\":\"Canadian Cancer Survivor Network\"},\"image\":{\"@id\":\"https:\\\/\\\/survivornet.ca\\\/#\\\/schema\\\/logo\\\/image\\\/\"}}]}<\/script>\n<!-- \/ Yoast SEO plugin. -->","yoast_head_json":{"title":"R\u00e9ponse d'\u00c9ric-Abel Baland, candidat pour Laurentides-Labelle - Canadian Cancer Survivor Network","robots":{"index":"index","follow":"follow","max-snippet":"max-snippet:-1","max-image-preview":"max-image-preview:large","max-video-preview":"max-video-preview:-1"},"canonical":"https:\/\/survivornet.ca\/fr\/agissez\/campagnes-electorales\/campagne-electorale-2021\/campagne-electorale-federale-2021\/reponse-du-nouveau-parti-democratique-du-canada\/reponse-deric-abel-baland-candidat-pour-laurentides-labelle\/","og_locale":"fr_FR","og_type":"article","og_title":"R\u00e9ponse d'\u00c9ric-Abel Baland, candidat pour Laurentides-Labelle - Canadian Cancer Survivor Network","og_description":"Je suis tr\u00e8s sensible \u00e0 vos pr\u00e9occupations et missions ayant aussi \u00e9t\u00e9 concern\u00e9 par cette maladie dans ma famille , je contribuer d\u00e9j\u00e0 \u00e0 des organisme d\u2019entre-aide et d\u00e9fendrais vos int\u00e9r\u00eats \u00e0","og_url":"https:\/\/survivornet.ca\/fr\/agissez\/campagnes-electorales\/campagne-electorale-2021\/campagne-electorale-federale-2021\/reponse-du-nouveau-parti-democratique-du-canada\/reponse-deric-abel-baland-candidat-pour-laurentides-labelle\/","og_site_name":"Canadian Cancer Survivor Network","twitter_card":"summary_large_image","schema":{"@context":"https:\/\/schema.org","@graph":[{"@type":"WebPage","@id":"https:\/\/survivornet.ca\/fr\/agissez\/campagnes-electorales\/campagne-electorale-2021\/campagne-electorale-federale-2021\/reponse-du-nouveau-parti-democratique-du-canada\/reponse-deric-abel-baland-candidat-pour-laurentides-labelle\/","url":"https:\/\/survivornet.ca\/fr\/agissez\/campagnes-electorales\/campagne-electorale-2021\/campagne-electorale-federale-2021\/reponse-du-nouveau-parti-democratique-du-canada\/reponse-deric-abel-baland-candidat-pour-laurentides-labelle\/","name":"R\u00e9ponse d'\u00c9ric-Abel Baland, candidat pour Laurentides-Labelle - Canadian Cancer Survivor Network","isPartOf":{"@id":"https:\/\/survivornet.ca\/#website"},"datePublished":"2021-09-15T16:59:46+00:00","breadcrumb":{"@id":"https:\/\/survivornet.ca\/fr\/agissez\/campagnes-electorales\/campagne-electorale-2021\/campagne-electorale-federale-2021\/reponse-du-nouveau-parti-democratique-du-canada\/reponse-deric-abel-baland-candidat-pour-laurentides-labelle\/#breadcrumb"},"inLanguage":"fr-FR","potentialAction":[{"@type":"ReadAction","target":["https:\/\/survivornet.ca\/fr\/agissez\/campagnes-electorales\/campagne-electorale-2021\/campagne-electorale-federale-2021\/reponse-du-nouveau-parti-democratique-du-canada\/reponse-deric-abel-baland-candidat-pour-laurentides-labelle\/"]}]},{"@type":"BreadcrumbList","@id":"https:\/\/survivornet.ca\/fr\/agissez\/campagnes-electorales\/campagne-electorale-2021\/campagne-electorale-federale-2021\/reponse-du-nouveau-parti-democratique-du-canada\/reponse-deric-abel-baland-candidat-pour-laurentides-labelle\/#breadcrumb","itemListElement":[{"@type":"ListItem","position":1,"name":"Home","item":"https:\/\/survivornet.ca\/fr\/"},{"@type":"ListItem","position":2,"name":"Agissez","item":"https:\/\/survivornet.ca\/fr\/agissez\/"},{"@type":"ListItem","position":3,"name":"Campagnes \u00e9lectorales","item":"https:\/\/survivornet.ca\/fr\/agissez\/campagnes-electorales\/"},{"@type":"ListItem","position":4,"name":"Campagne \u00e9lectorale 2021","item":"https:\/\/survivornet.ca\/fr\/agissez\/campagnes-electorales\/campagne-electorale-2021\/"},{"@type":"ListItem","position":5,"name":"Campagne \u00e9lectorale f\u00e9d\u00e9rale 2021","item":"https:\/\/survivornet.ca\/fr\/agissez\/campagnes-electorales\/campagne-electorale-2021\/campagne-electorale-federale-2021\/"},{"@type":"ListItem","position":6,"name":"R\u00e9ponse du Nouveau parti d\u00e9mocratique du Canada","item":"https:\/\/survivornet.ca\/fr\/agissez\/campagnes-electorales\/campagne-electorale-2021\/campagne-electorale-federale-2021\/reponse-du-nouveau-parti-democratique-du-canada\/"},{"@type":"ListItem","position":7,"name":"R\u00e9ponse d&#8217;\u00c9ric-Abel Baland, candidat pour Laurentides-Labelle"}]},{"@type":"WebSite","@id":"https:\/\/survivornet.ca\/#website","url":"https:\/\/survivornet.ca\/","name":"Canadian Cancer Survivor Network","description":"The Canadian Cancer Survivor Network was created by a group of Canadians concerned about cancer.","publisher":{"@id":"https:\/\/survivornet.ca\/#organization"},"potentialAction":[{"@type":"SearchAction","target":{"@type":"EntryPoint","urlTemplate":"https:\/\/survivornet.ca\/?s={search_term_string}"},"query-input":{"@type":"PropertyValueSpecification","valueRequired":true,"valueName":"search_term_string"}}],"inLanguage":"fr-FR"},{"@type":"Organization","@id":"https:\/\/survivornet.ca\/#organization","name":"Canadian Cancer Survivor Network","url":"https:\/\/survivornet.ca\/","logo":{"@type":"ImageObject","inLanguage":"fr-FR","@id":"https:\/\/survivornet.ca\/#\/schema\/logo\/image\/","url":"http:\/\/survivornet.ca\/wp-content\/uploads\/2016\/12\/CCSN_Logo_EN_SQUARE.png","contentUrl":"http:\/\/survivornet.ca\/wp-content\/uploads\/2016\/12\/CCSN_Logo_EN_SQUARE.png","width":1209,"height":1007,"caption":"Canadian Cancer Survivor Network"},"image":{"@id":"https:\/\/survivornet.ca\/#\/schema\/logo\/image\/"}}]}},"_links":{"self":[{"href":"https:\/\/survivornet.ca\/fr\/wp-json\/wp\/v2\/pages\/23235","targetHints":{"allow":["GET"]}}],"collection":[{"href":"https:\/\/survivornet.ca\/fr\/wp-json\/wp\/v2\/pages"}],"about":[{"href":"https:\/\/survivornet.ca\/fr\/wp-json\/wp\/v2\/types\/page"}],"author":[{"embeddable":true,"href":"https:\/\/survivornet.ca\/fr\/wp-json\/wp\/v2\/users\/2"}],"replies":[{"embeddable":true,"href":"https:\/\/survivornet.ca\/fr\/wp-json\/wp\/v2\/comments?post=23235"}],"version-history":[{"count":0,"href":"https:\/\/survivornet.ca\/fr\/wp-json\/wp\/v2\/pages\/23235\/revisions"}],"up":[{"embeddable":true,"href":"https:\/\/survivornet.ca\/fr\/wp-json\/wp\/v2\/pages\/23229"}],"wp:attachment":[{"href":"https:\/\/survivornet.ca\/fr\/wp-json\/wp\/v2\/media?parent=23235"}],"curies":[{"name":"wp","href":"https:\/\/api.w.org\/{rel}","templated":true}]}}