{"id":23216,"date":"2021-09-15T10:15:53","date_gmt":"2021-09-15T14:15:53","guid":{"rendered":"https:\/\/survivornet.ca\/?page_id=23216"},"modified":"2021-09-15T10:20:20","modified_gmt":"2021-09-15T14:20:20","slug":"reponse-du-parti-liberal-du-canada","status":"publish","type":"page","link":"https:\/\/survivornet.ca\/fr\/agissez\/campagnes-electorales\/campagne-electorale-2021\/campagne-electorale-federale-2021\/reponse-du-parti-liberal-du-canada\/","title":{"rendered":"R\u00e9ponse du Parti lib\u00e9ral du Canada"},"content":{"rendered":"<p>September 12, 2021<br \/>\nCanadian Cancer Survivor Network<br \/>\nVia email: jmanthorne@survivornet.ca<\/p>\n<p>Dear Ms. Manthorne,<\/p>\n<p>Thank you for the opportunity to share the Liberal Party of Canada\u2019s platform and positions on the areas<br \/>\nof priority outlined in your letter. We are proud of the track record of the Liberal government in working<br \/>\nto improve our public, universal health care system and are committed to continuing to invest to ensure<br \/>\nCanadians receive the care they need.<\/p>\n<p>From day one of the pandemic, we made significant investments to ensure Canadians could get the health<br \/>\ncare they need. Eight out of every ten dollars spent during the pandemic came from the federal<br \/>\ngovernment. We have made significant investments to support the provinces and territories in delivering<br \/>\nhealth care, including through the $19 billion Safe Restart Agreement, as well as two top-ups to the<br \/>\nCanada Health Transfer, including $4 billion earlier this summer. We also provided $3 billion to the<br \/>\nprovinces and territories in emergency wage boosts for essential workers.<\/p>\n<p>We know that while we have been battling COVID-19, too many Canadians have had their treatments and<br \/>\nhealth needs delayed. To help Canadians who have had their surgeries, procedures and diagnostics put on<br \/>\nhold during the pandemic, we transferred $4 billion to the provinces and territories to eliminate the<br \/>\nCOVID-19 related backlog. A re-elected Liberal government will provide a further $6 billion in 2021-22 to<br \/>\nensure that health care waitlists can be tackled and eliminated. We will negotiate agreements with every<br \/>\nprovince and territory to ensure that Canadians who are waiting for care, including cancer patients, get<br \/>\nthe treatment they need as quickly as possible, and that the primary care system is positioned for the<br \/>\nfuture and able to deliver the care outcomes that Canadians need. This support will help the thousands of<br \/>\nCanadians and their families dealing with critical illnesses including cancer.<\/p>\n<p>We are the only party with a detailed plan to finish the fight against COVID-19, by requiring anyone who<br \/>\ntravels on a plane, train or cruise ship to be fully vaccinated; providing funding to any province or territory<br \/>\nwho establishes a proof of vaccination system; and investing in research into the long-term impacts of<br \/>\nCOVID-19. And we\u2019ll make it illegal to intimidate doctors and nurses, or prevent people from getting the<br \/>\ncare they need, from treatment in hospital to abortion services. And we will undertake a full review of the<br \/>\nneeds of the Public Health Agency of Canada to make sure the lessons of COVID-19 result in meaningful<br \/>\nchange, so that we are prepared for future pandemics and have a health care system that can continue to<br \/>\nrespond to future crises.<\/p>\n<p>We know that one of the most important ways to help Canadians get the care they need is to ensure that<br \/>\nthey don\u2019t have to choose between their health and putting food on the table. That is why when the<br \/>\npandemic hit, we introduced three new temporary Recovery Benefits, to help Canadians who are unable<br \/>\nto work because of COVID-19: the Canada Recovery Benefit, Canada Recovery Sickness Benefit, and the<br \/>\nCanada Recovery Caregiving Benefit. We also temporarily waived the requirement to provide a medical<br \/>\ncertificate to access EI sickness benefits, to make sure benefits were delivered quickly.<\/p>\n<p>The Liberal government also introduced legislation extending EI Sickness Benefits from 15 to 26 weeks,<br \/>\nproviding 169,000 Canadians every year with the additional time and flexibility they need to recover from<br \/>\ntheir illness and return to work. This will permanently extend the EI sickness benefits from 15 to 26<br \/>\nweeks, coming into effect in summer 2022. This support will ensure Canadians can prioritize their health<br \/>\nwhen they need to. And for family members who work so hard to support their loved ones through illness,<br \/>\nwe will expand the Canada Caregiver Credit into a refundable, tax-free benefit. This will help 200,000<br \/>\nmore Canadians qualify, and increase support for 448,000 people, and allow caregivers to receive up to<br \/>\n$1,250 per year.<\/p>\n<p>We have heard the concerns from the health community regarding breast screening practices. A<br \/>\nre-elected Liberal government will review the structure of the Task Force to ensure that it incorporates<br \/>\nthe best advice and scientific evidence into its recommendations and guidelines.<br \/>\nOn behalf of our Leader, Justin Trudeau, and the entire Liberal team, thank you for writing to identify the<br \/>\nmajor concerns of your membership.<\/p>\n<p>We appreciate your interest in the Liberal Party of Canada\u2019s policies as they relate to the issues which<br \/>\naffect you.<\/p>\n<p>Sincerely,<\/p>\n<p>Liberal Party of Canada<\/p>\n","protected":false},"excerpt":{"rendered":"<p>September 12, 2021 Canadian Cancer Survivor Network Via email: jmanthorne@survivornet.ca Dear Ms. Manthorne, Thank you for the opportunity to share the Liberal Party of Canada\u2019s platform and positions on the areas of<\/p>\n","protected":false},"author":2,"featured_media":0,"parent":23133,"menu_order":0,"comment_status":"closed","ping_status":"closed","template":"","meta":{"_acf_changed":false,"footnotes":""},"class_list":["post-23216","page","type-page","status-publish","hentry"],"acf":[],"yoast_head":"<!-- This site is optimized with the Yoast SEO plugin v27.4 - https:\/\/yoast.com\/product\/yoast-seo-wordpress\/ -->\n<title>R\u00e9ponse du Parti lib\u00e9ral du Canada - Canadian Cancer Survivor Network<\/title>\n<meta name=\"robots\" content=\"index, follow, max-snippet:-1, max-image-preview:large, max-video-preview:-1\" \/>\n<link rel=\"canonical\" href=\"https:\/\/survivornet.ca\/fr\/agissez\/campagnes-electorales\/campagne-electorale-2021\/campagne-electorale-federale-2021\/reponse-du-parti-liberal-du-canada\/\" \/>\n<meta property=\"og:locale\" content=\"fr_FR\" \/>\n<meta property=\"og:type\" content=\"article\" \/>\n<meta property=\"og:title\" content=\"R\u00e9ponse du Parti lib\u00e9ral du Canada - Canadian Cancer Survivor Network\" \/>\n<meta property=\"og:description\" content=\"September 12, 2021 Canadian Cancer Survivor Network Via email: jmanthorne@survivornet.ca Dear Ms. Manthorne, Thank you for the opportunity to share the Liberal Party of Canada\u2019s platform and positions on the areas of\" \/>\n<meta property=\"og:url\" content=\"https:\/\/survivornet.ca\/fr\/agissez\/campagnes-electorales\/campagne-electorale-2021\/campagne-electorale-federale-2021\/reponse-du-parti-liberal-du-canada\/\" \/>\n<meta property=\"og:site_name\" content=\"Canadian Cancer Survivor Network\" \/>\n<meta property=\"article:modified_time\" content=\"2021-09-15T14:20:20+00:00\" \/>\n<meta name=\"twitter:card\" content=\"summary_large_image\" \/>\n<meta name=\"twitter:label1\" content=\"Dur\u00e9e de lecture estim\u00e9e\" \/>\n\t<meta name=\"twitter:data1\" content=\"4 minutes\" \/>\n<script type=\"application\/ld+json\" class=\"yoast-schema-graph\">{\"@context\":\"https:\\\/\\\/schema.org\",\"@graph\":[{\"@type\":\"WebPage\",\"@id\":\"https:\\\/\\\/survivornet.ca\\\/fr\\\/agissez\\\/campagnes-electorales\\\/campagne-electorale-2021\\\/campagne-electorale-federale-2021\\\/reponse-du-parti-liberal-du-canada\\\/\",\"url\":\"https:\\\/\\\/survivornet.ca\\\/fr\\\/agissez\\\/campagnes-electorales\\\/campagne-electorale-2021\\\/campagne-electorale-federale-2021\\\/reponse-du-parti-liberal-du-canada\\\/\",\"name\":\"R\u00e9ponse du Parti lib\u00e9ral du Canada - Canadian Cancer Survivor Network\",\"isPartOf\":{\"@id\":\"https:\\\/\\\/survivornet.ca\\\/#website\"},\"datePublished\":\"2021-09-15T14:15:53+00:00\",\"dateModified\":\"2021-09-15T14:20:20+00:00\",\"breadcrumb\":{\"@id\":\"https:\\\/\\\/survivornet.ca\\\/fr\\\/agissez\\\/campagnes-electorales\\\/campagne-electorale-2021\\\/campagne-electorale-federale-2021\\\/reponse-du-parti-liberal-du-canada\\\/#breadcrumb\"},\"inLanguage\":\"fr-FR\",\"potentialAction\":[{\"@type\":\"ReadAction\",\"target\":[\"https:\\\/\\\/survivornet.ca\\\/fr\\\/agissez\\\/campagnes-electorales\\\/campagne-electorale-2021\\\/campagne-electorale-federale-2021\\\/reponse-du-parti-liberal-du-canada\\\/\"]}]},{\"@type\":\"BreadcrumbList\",\"@id\":\"https:\\\/\\\/survivornet.ca\\\/fr\\\/agissez\\\/campagnes-electorales\\\/campagne-electorale-2021\\\/campagne-electorale-federale-2021\\\/reponse-du-parti-liberal-du-canada\\\/#breadcrumb\",\"itemListElement\":[{\"@type\":\"ListItem\",\"position\":1,\"name\":\"Home\",\"item\":\"https:\\\/\\\/survivornet.ca\\\/fr\\\/\"},{\"@type\":\"ListItem\",\"position\":2,\"name\":\"Agissez\",\"item\":\"https:\\\/\\\/survivornet.ca\\\/fr\\\/agissez\\\/\"},{\"@type\":\"ListItem\",\"position\":3,\"name\":\"Campagnes \u00e9lectorales\",\"item\":\"https:\\\/\\\/survivornet.ca\\\/fr\\\/agissez\\\/campagnes-electorales\\\/\"},{\"@type\":\"ListItem\",\"position\":4,\"name\":\"Campagne \u00e9lectorale 2021\",\"item\":\"https:\\\/\\\/survivornet.ca\\\/fr\\\/agissez\\\/campagnes-electorales\\\/campagne-electorale-2021\\\/\"},{\"@type\":\"ListItem\",\"position\":5,\"name\":\"Campagne \u00e9lectorale f\u00e9d\u00e9rale 2021\",\"item\":\"https:\\\/\\\/survivornet.ca\\\/fr\\\/agissez\\\/campagnes-electorales\\\/campagne-electorale-2021\\\/campagne-electorale-federale-2021\\\/\"},{\"@type\":\"ListItem\",\"position\":6,\"name\":\"R\u00e9ponse du Parti lib\u00e9ral du Canada\"}]},{\"@type\":\"WebSite\",\"@id\":\"https:\\\/\\\/survivornet.ca\\\/#website\",\"url\":\"https:\\\/\\\/survivornet.ca\\\/\",\"name\":\"Canadian Cancer Survivor Network\",\"description\":\"The Canadian Cancer Survivor Network was created by a group of Canadians concerned about cancer.\",\"publisher\":{\"@id\":\"https:\\\/\\\/survivornet.ca\\\/#organization\"},\"potentialAction\":[{\"@type\":\"SearchAction\",\"target\":{\"@type\":\"EntryPoint\",\"urlTemplate\":\"https:\\\/\\\/survivornet.ca\\\/?s={search_term_string}\"},\"query-input\":{\"@type\":\"PropertyValueSpecification\",\"valueRequired\":true,\"valueName\":\"search_term_string\"}}],\"inLanguage\":\"fr-FR\"},{\"@type\":\"Organization\",\"@id\":\"https:\\\/\\\/survivornet.ca\\\/#organization\",\"name\":\"Canadian Cancer Survivor Network\",\"url\":\"https:\\\/\\\/survivornet.ca\\\/\",\"logo\":{\"@type\":\"ImageObject\",\"inLanguage\":\"fr-FR\",\"@id\":\"https:\\\/\\\/survivornet.ca\\\/#\\\/schema\\\/logo\\\/image\\\/\",\"url\":\"http:\\\/\\\/survivornet.ca\\\/wp-content\\\/uploads\\\/2016\\\/12\\\/CCSN_Logo_EN_SQUARE.png\",\"contentUrl\":\"http:\\\/\\\/survivornet.ca\\\/wp-content\\\/uploads\\\/2016\\\/12\\\/CCSN_Logo_EN_SQUARE.png\",\"width\":1209,\"height\":1007,\"caption\":\"Canadian Cancer Survivor Network\"},\"image\":{\"@id\":\"https:\\\/\\\/survivornet.ca\\\/#\\\/schema\\\/logo\\\/image\\\/\"}}]}<\/script>\n<!-- \/ Yoast SEO plugin. -->","yoast_head_json":{"title":"R\u00e9ponse du Parti lib\u00e9ral du Canada - Canadian Cancer Survivor Network","robots":{"index":"index","follow":"follow","max-snippet":"max-snippet:-1","max-image-preview":"max-image-preview:large","max-video-preview":"max-video-preview:-1"},"canonical":"https:\/\/survivornet.ca\/fr\/agissez\/campagnes-electorales\/campagne-electorale-2021\/campagne-electorale-federale-2021\/reponse-du-parti-liberal-du-canada\/","og_locale":"fr_FR","og_type":"article","og_title":"R\u00e9ponse du Parti lib\u00e9ral du Canada - Canadian Cancer Survivor Network","og_description":"September 12, 2021 Canadian Cancer Survivor Network Via email: jmanthorne@survivornet.ca Dear Ms. Manthorne, Thank you for the opportunity to share the Liberal Party of Canada\u2019s platform and positions on the areas of","og_url":"https:\/\/survivornet.ca\/fr\/agissez\/campagnes-electorales\/campagne-electorale-2021\/campagne-electorale-federale-2021\/reponse-du-parti-liberal-du-canada\/","og_site_name":"Canadian Cancer Survivor Network","article_modified_time":"2021-09-15T14:20:20+00:00","twitter_card":"summary_large_image","twitter_misc":{"Dur\u00e9e de lecture estim\u00e9e":"4 minutes"},"schema":{"@context":"https:\/\/schema.org","@graph":[{"@type":"WebPage","@id":"https:\/\/survivornet.ca\/fr\/agissez\/campagnes-electorales\/campagne-electorale-2021\/campagne-electorale-federale-2021\/reponse-du-parti-liberal-du-canada\/","url":"https:\/\/survivornet.ca\/fr\/agissez\/campagnes-electorales\/campagne-electorale-2021\/campagne-electorale-federale-2021\/reponse-du-parti-liberal-du-canada\/","name":"R\u00e9ponse du Parti lib\u00e9ral du Canada - Canadian Cancer Survivor Network","isPartOf":{"@id":"https:\/\/survivornet.ca\/#website"},"datePublished":"2021-09-15T14:15:53+00:00","dateModified":"2021-09-15T14:20:20+00:00","breadcrumb":{"@id":"https:\/\/survivornet.ca\/fr\/agissez\/campagnes-electorales\/campagne-electorale-2021\/campagne-electorale-federale-2021\/reponse-du-parti-liberal-du-canada\/#breadcrumb"},"inLanguage":"fr-FR","potentialAction":[{"@type":"ReadAction","target":["https:\/\/survivornet.ca\/fr\/agissez\/campagnes-electorales\/campagne-electorale-2021\/campagne-electorale-federale-2021\/reponse-du-parti-liberal-du-canada\/"]}]},{"@type":"BreadcrumbList","@id":"https:\/\/survivornet.ca\/fr\/agissez\/campagnes-electorales\/campagne-electorale-2021\/campagne-electorale-federale-2021\/reponse-du-parti-liberal-du-canada\/#breadcrumb","itemListElement":[{"@type":"ListItem","position":1,"name":"Home","item":"https:\/\/survivornet.ca\/fr\/"},{"@type":"ListItem","position":2,"name":"Agissez","item":"https:\/\/survivornet.ca\/fr\/agissez\/"},{"@type":"ListItem","position":3,"name":"Campagnes \u00e9lectorales","item":"https:\/\/survivornet.ca\/fr\/agissez\/campagnes-electorales\/"},{"@type":"ListItem","position":4,"name":"Campagne \u00e9lectorale 2021","item":"https:\/\/survivornet.ca\/fr\/agissez\/campagnes-electorales\/campagne-electorale-2021\/"},{"@type":"ListItem","position":5,"name":"Campagne \u00e9lectorale f\u00e9d\u00e9rale 2021","item":"https:\/\/survivornet.ca\/fr\/agissez\/campagnes-electorales\/campagne-electorale-2021\/campagne-electorale-federale-2021\/"},{"@type":"ListItem","position":6,"name":"R\u00e9ponse du Parti lib\u00e9ral du Canada"}]},{"@type":"WebSite","@id":"https:\/\/survivornet.ca\/#website","url":"https:\/\/survivornet.ca\/","name":"Canadian Cancer Survivor Network","description":"The Canadian Cancer Survivor Network was created by a group of Canadians concerned about cancer.","publisher":{"@id":"https:\/\/survivornet.ca\/#organization"},"potentialAction":[{"@type":"SearchAction","target":{"@type":"EntryPoint","urlTemplate":"https:\/\/survivornet.ca\/?s={search_term_string}"},"query-input":{"@type":"PropertyValueSpecification","valueRequired":true,"valueName":"search_term_string"}}],"inLanguage":"fr-FR"},{"@type":"Organization","@id":"https:\/\/survivornet.ca\/#organization","name":"Canadian Cancer Survivor Network","url":"https:\/\/survivornet.ca\/","logo":{"@type":"ImageObject","inLanguage":"fr-FR","@id":"https:\/\/survivornet.ca\/#\/schema\/logo\/image\/","url":"http:\/\/survivornet.ca\/wp-content\/uploads\/2016\/12\/CCSN_Logo_EN_SQUARE.png","contentUrl":"http:\/\/survivornet.ca\/wp-content\/uploads\/2016\/12\/CCSN_Logo_EN_SQUARE.png","width":1209,"height":1007,"caption":"Canadian Cancer Survivor Network"},"image":{"@id":"https:\/\/survivornet.ca\/#\/schema\/logo\/image\/"}}]}},"_links":{"self":[{"href":"https:\/\/survivornet.ca\/fr\/wp-json\/wp\/v2\/pages\/23216","targetHints":{"allow":["GET"]}}],"collection":[{"href":"https:\/\/survivornet.ca\/fr\/wp-json\/wp\/v2\/pages"}],"about":[{"href":"https:\/\/survivornet.ca\/fr\/wp-json\/wp\/v2\/types\/page"}],"author":[{"embeddable":true,"href":"https:\/\/survivornet.ca\/fr\/wp-json\/wp\/v2\/users\/2"}],"replies":[{"embeddable":true,"href":"https:\/\/survivornet.ca\/fr\/wp-json\/wp\/v2\/comments?post=23216"}],"version-history":[{"count":0,"href":"https:\/\/survivornet.ca\/fr\/wp-json\/wp\/v2\/pages\/23216\/revisions"}],"up":[{"embeddable":true,"href":"https:\/\/survivornet.ca\/fr\/wp-json\/wp\/v2\/pages\/23133"}],"wp:attachment":[{"href":"https:\/\/survivornet.ca\/fr\/wp-json\/wp\/v2\/media?parent=23216"}],"curies":[{"name":"wp","href":"https:\/\/api.w.org\/{rel}","templated":true}]}}