{"id":23136,"date":"2021-09-14T10:47:30","date_gmt":"2021-09-14T14:47:30","guid":{"rendered":"https:\/\/survivornet.ca\/?page_id=23136"},"modified":"2021-09-14T13:08:24","modified_gmt":"2021-09-14T17:08:24","slug":"reponse-du-parti-du-bloc-quebecois","status":"publish","type":"page","link":"https:\/\/survivornet.ca\/fr\/agissez\/campagnes-electorales\/campagne-electorale-2021\/campagne-electorale-federale-2021\/reponse-du-parti-du-bloc-quebecois\/","title":{"rendered":"R\u00e9ponse du Parti du Bloc Qu\u00e9b\u00e9cois"},"content":{"rendered":"<p><span style=\"font-weight: 400;\">Montr\u00e9al, le 14 septembre 2021<\/span><span style=\"font-weight: 400;\">\u00a0<\/span><\/p>\n<p><span style=\"font-weight: 400;\">Jackie Manthorne<\/span><span style=\"font-weight: 400;\">\u00a0<\/span><\/p>\n<p><span style=\"font-weight: 400;\">R\u00e9seau canadien des survivants du cancer<\/span><span style=\"font-weight: 400;\">\u00a0<\/span><\/p>\n<p><span style=\"font-weight: 400;\">j<\/span><span style=\"font-weight: 400;\">manthorne@survivornet.ca<\/span><span style=\"font-weight: 400;\">\u00a0<\/span><\/p>\n<p><span style=\"font-weight: 400;\">Madame,\u00a0\u00a0<\/span><\/p>\n<p><span style=\"font-weight: 400;\">Nous vous remercions pour tous les efforts que votre organisme d\u00e9ploie dans la\u00a0 sensibilisation de la population et des diff\u00e9rents paliers de gouvernements face \u00e0 l\u2019enjeu\u00a0 du cancer.\u00a0\u00a0<\/span><\/p>\n<p><span style=\"font-weight: 400;\">Le Bloc Qu\u00e9b\u00e9cois propose d\u2019augmenter substantiellement les transferts canadiens en <\/span><span style=\"font-weight: 400;\">\u00a0<\/span><span style=\"font-weight: 400;\">sant\u00e9 (TCS) sans condition jusqu\u2019\u00e0 couvrir 35 % des co\u00fbts des soins de sant\u00e9, comme <\/span><span style=\"font-weight: 400;\">\u00a0<\/span><span style=\"font-weight: 400;\">l\u2019exigent unanimement le Qu\u00e9bec et les provinces. Il s\u2019agit l\u00e0 de notre principal cheval de <\/span><span style=\"font-weight: 400;\">\u00a0<\/span><span style=\"font-weight: 400;\">bataille pour cette campagne. Gr\u00e2ce \u00e0 ces investissements suppl\u00e9mentaires, le Qu\u00e9bec et <\/span><span style=\"font-weight: 400;\">\u00a0<\/span><span style=\"font-weight: 400;\">les provinces disposeront d\u2019une marge de man\u0153uvre suppl\u00e9mentaire pour investir dans <\/span><span style=\"font-weight: 400;\">\u00a0<\/span><span style=\"font-weight: 400;\">les r\u00e9seaux de la sant\u00e9, diminuer les listes d\u2019attentes pour les traitements contre le cancer, <\/span><span style=\"font-weight: 400;\">\u00a0<\/span><span style=\"font-weight: 400;\">augmenter les ressources consacr\u00e9es au d\u00e9pistage pr\u00e9ventif et faire la promotion de la <\/span><span style=\"font-weight: 400;\">\u00a0<\/span><span style=\"font-weight: 400;\">pr\u00e9vention.<\/span><span style=\"font-weight: 400;\">\u00a0<\/span><\/p>\n<p><span style=\"font-weight: 400;\">Le Bloc Qu\u00e9b\u00e9cois propose de faire passer de 15 (26) \u00e0 50 semaines la dur\u00e9e des\u00a0 prestations de maladie de l\u2019assurance-emploi afin de permettre aux personnes atteintes\u00a0 du cancer de ne pas avoir \u00e0 se soucier de payer les factures tandis que toutes leurs forces\u00a0 devraient se consacrer \u00e0 leur gu\u00e9rison. La Chambre des Communes a adopt\u00e9 unanimement\u00a0 une motion du Bloc Qu\u00e9b\u00e9cois demandant au gouvernement de faire passer de 15 \u00e0 50\u00a0 semaines les prestations de maladie et le Comit\u00e9 permanent des ressources humaines a\u00a0 recommand\u00e9 \u00e0 Emploi et D\u00e9veloppement social Canada d\u2019envisager la prolongation du\u00a0 nombre maximale de semaines de prestations pour le faire passer \u00e0 50 semaines.\u00a0\u00a0<\/span><\/p>\n<p><span style=\"font-weight: 400;\">Le Bloc Qu\u00e9b\u00e9cois est en faveur d\u2019une r\u00e9forme majeure du r\u00e9gime d\u2019assurance-emploi qui\u00a0 irait dans le sens d\u2019un r\u00e9gime v\u00e9ritablement universel et plus g\u00e9n\u00e9reux pour les travailleurs.\u00a0 C\u2019est pourquoi nous proposons :\u00a0<\/span><\/p>\n<ul class=\"content-list\">\n<li><span style=\"font-weight: 400;\">la mise en place d\u2019une caisse v\u00e9ritablement autonome pour qu\u2019Ottawa cesse d\u2019y\u00a0 piger pour \u00e9quilibrer ses comptes;\u00a0<\/span><\/li>\n<li><span style=\"font-weight: 400;\">que le gouvernement abolisse le d\u00e9lai de carence;<\/span><\/li>\n<li><span style=\"font-weight: 400;\">que le gouvernement mette en place un syst\u00e8me d&#8217;appel ind\u00e9pendant, simplifi\u00e9 et\u00a0 accessible;\u00a0<\/span><\/li>\n<li><span style=\"font-weight: 400;\">que le gouvernement aille de l\u2019avant avec une augmentation du taux de prestation\u00a0 de 55 \u00e0 un minimum de 60 % qui permettrait d\u2019augmenter les revenus des\u00a0 prestataires;\u00a0<\/span><\/li>\n<li><span style=\"font-weight: 400;\">que le gouvernement r\u00e9tablisse ses contributions \u00e0 la caisse d\u2019assurance-emploi; <\/span><span style=\"font-weight: 400;\">? <\/span><span style=\"font-weight: 400;\">que le gouvernement \u00e9tende \u00e0 104 semaine la p\u00e9riode de r\u00e9f\u00e9rence pour les jeunes\u00a0 m\u00e8res afin d\u2019\u00e9viter qu\u2019elles ne se retrouvent sans prestations si elles perdent leur\u00a0 emploi;\u00a0<\/span><\/li>\n<li><span style=\"font-weight: 400;\">que le gouvernement mette en place un crit\u00e8re unique d\u2019admissibilit\u00e9 et hybride\u00a0 (heures et semaines) comme le sugg\u00e8rent de nombreux groupes et\u00a0<\/span><\/li>\n<li><span style=\"font-weight: 400;\">que le gouvernement \u00e9tende la couverture du r\u00e9gime d\u2019assurance-emploi aux\u00a0 travailleurs autonomes.\u00a0<\/span><\/li>\n<\/ul>\n<p><span style=\"font-weight: 400;\">Le Bloc Qu\u00e9b\u00e9cois est favorable \u00e0 l&#8217;utilisation optimale de la science et des donn\u00e9es <\/span><span style=\"font-weight: 400;\">\u00a0<\/span><span style=\"font-weight: 400;\">probantes pour maintenir et am\u00e9liorer la sant\u00e9 et le bien-\u00eatre de tous les Qu\u00e9b\u00e9cois et les <\/span><span style=\"font-weight: 400;\">\u00a0<\/span><span style=\"font-weight: 400;\">Qu\u00e9b\u00e9coises, et ce, sans influence politique ou financi\u00e8re externe indue.<\/span><span style=\"font-weight: 400;\">\u00a0<\/span><\/p>\n<p><span style=\"font-weight: 400;\">Le Bloc Qu\u00e9b\u00e9cois reconna\u00eet l&#8217;importance de pr\u00e9venir et de traiter le cancer du sein avec <\/span><span style=\"font-weight: 400;\">\u00a0<\/span><span style=\"font-weight: 400;\">des interventions d\u00e9montr\u00e9es efficaces et s\u00e9curitaire. De plus, le Bloc Qu\u00e9b\u00e9cois est tr\u00e8s <\/span><span style=\"font-weight: 400;\">\u00a0<\/span><span style=\"font-weight: 400;\">sensible aux r\u00e9alit\u00e9s et aux immenses d\u00e9fis v\u00e9cus par les milliers de femmes qui re\u00e7oivent <\/span><span style=\"font-weight: 400;\">\u00a0<\/span><span style=\"font-weight: 400;\">un diagnostic de cancer du sein chaque ann\u00e9e. Par ailleurs, le Bloc Qu\u00e9b\u00e9cois consid\u00e8re <\/span><span style=\"font-weight: 400;\">\u00a0<\/span><span style=\"font-weight: 400;\">que l&#8217;\u00e9tablissement de recommandation en mati\u00e8re de d\u00e9pistage constitue un exercice <\/span><span style=\"font-weight: 400;\">\u00a0<\/span><span style=\"font-weight: 400;\">difficile qui doit s&#8217;appuyer sur une expertise diversifi\u00e9e appropri\u00e9e et exempte de conflits <\/span><span style=\"font-weight: 400;\">\u00a0<\/span><span style=\"font-weight: 400;\">d&#8217;int\u00e9r\u00eats. Compte tenu que ces recommandations peuvent influencer la sant\u00e9 et le bien \u00eatre de groupes entiers de femmes asymptomatiques, dont la majorit\u00e9 ne sont pas <\/span><span style=\"font-weight: 400;\">\u00a0<\/span><span style=\"font-weight: 400;\">atteintes d&#8217;un cancer, il est primordial de s&#8217;assurer que les b\u00e9n\u00e9fices d\u00e9montr\u00e9s du <\/span><span style=\"font-weight: 400;\">\u00a0<\/span><span style=\"font-weight: 400;\">d\u00e9pistage surpassent les torts caus\u00e9s par cette intervention \u00e0 l&#8217;\u00e9chelle de toute la <\/span><span style=\"font-weight: 400;\">\u00a0<\/span><span style=\"font-weight: 400;\">population.<\/span><span style=\"font-weight: 400;\">\u00a0<\/span><\/p>\n<p><span style=\"font-weight: 400;\">Le Bloc Qu\u00e9b\u00e9cois consid\u00e8re que le Groupe d&#8217;\u00e9tude canadien sur les soins de sant\u00e9 <\/span><span style=\"font-weight: 400;\">\u00a0<\/span><span style=\"font-weight: 400;\">pr\u00e9ventifs (GECSSP) est habilet\u00e9 \u00e0 \u00e9mettre des recommandations ind\u00e9pendantes en <\/span><span style=\"font-weight: 400;\">\u00a0<\/span><span style=\"font-weight: 400;\">mati\u00e8re de d\u00e9pistage. Il est constitu\u00e9 de membres ayant des expertises vari\u00e9es essentielles <\/span><span style=\"font-weight: 400;\">\u00a0<\/span><span style=\"font-weight: 400;\">\u00e0 l&#8217;\u00e9tablissement de recommandations sur le sujet, incluant des cliniciens. Il adopte une <\/span><span style=\"font-weight: 400;\">\u00a0<\/span><span style=\"font-weight: 400;\">m\u00e9thodologie syst\u00e9matique et rigoureuse similaire \u00e0 celle adopt\u00e9e par d&#8217;autres <\/span><span style=\"font-weight: 400;\">\u00a0<\/span><span style=\"font-weight: 400;\">organisations reconnues sur la sc\u00e8ne internationale. Ses recommandations en mati\u00e8re de <\/span><span style=\"font-weight: 400;\">\u00a0<\/span><span style=\"font-weight: 400;\">d\u00e9pistage sur le cancer du sein ont aussi re\u00e7u l&#8217;appui de plusieurs organisations cr\u00e9dibles, <\/span><span style=\"font-weight: 400;\">\u00a0<\/span><span style=\"font-weight: 400;\">dont la Soci\u00e9t\u00e9 canadienne du cancer.<\/span><\/p>\n<p><span style=\"font-weight: 400;\">Le Bloc Qu\u00e9b\u00e9cois reconna\u00eet que toutes les institutions sont perfectibles. En ce sens, le <\/span><span style=\"font-weight: 400;\">\u00a0<\/span><span style=\"font-weight: 400;\">Bloc Qu\u00e9b\u00e9cois s&#8217;engage \u00e0 demander \u00e0 ce que le GECSSP continue de s&#8217;assurer qu&#8217;il <\/span><span style=\"font-weight: 400;\">\u00a0<\/span><span style=\"font-weight: 400;\">regroupe en tout temps des membres dont les expertises vari\u00e9es permettent d&#8217;obtenir une <\/span><span style=\"font-weight: 400;\">\u00a0<\/span><span style=\"font-weight: 400;\">vision compl\u00e8te des enjeux entourant le d\u00e9pistage. Il s&#8217;engage aussi \u00e0 demander au <\/span><span style=\"font-weight: 400;\">\u00a0<\/span><span style=\"font-weight: 400;\">GECSSP de continuer \u00e0 am\u00e9liorer l&#8217;int\u00e9gration de la perspectives des personnes <\/span><span style=\"font-weight: 400;\">\u00a0<\/span><span style=\"font-weight: 400;\">asymptomatiques invit\u00e9es \u00e0 un d\u00e9pistage dans ses d\u00e9cisions, la visibilit\u00e9 de ses p\u00e9riodes <\/span><span style=\"font-weight: 400;\">\u00a0<\/span><span style=\"font-weight: 400;\">de consultation et la transparence de ses processus d\u00e9cisionnels.<\/span><span style=\"font-weight: 400;\">\u00a0<\/span><\/p>\n<p><span style=\"font-weight: 400;\">Par ailleurs, il est important de rappeler que la sant\u00e9 est une comp\u00e9tence provinciale. Les <\/span><span style=\"font-weight: 400;\">\u00a0<\/span><span style=\"font-weight: 400;\">d\u00e9cisions en mati\u00e8re de d\u00e9pistage des cancers rel\u00e8vent au final du gouvernement du <\/span><span style=\"font-weight: 400;\">\u00a0<\/span><span style=\"font-weight: 400;\">Qu\u00e9bec qui a l&#8217;enti\u00e8re l\u00e9gitimit\u00e9 d&#8217;appliquer ou non les recommandations du GECSSP.<\/span><span style=\"font-weight: 400;\">\u00a0<\/span><\/p>\n<p><span style=\"font-weight: 400;\">Nous esp\u00e9rons que les r\u00e9ponses fournies vous permettront de mieux comprendre notre\u00a0 action politique. Vous trouverez plus de d\u00e9tails concernant nos politiques sur notre site\u00a0 web : http:\/\/www.blocquebecois.org\/\u00a0<\/span><\/p>\n<p><span style=\"font-weight: 400;\">Nous vous prions, Madame, d\u2019agr\u00e9er l\u2019expression de nos sentiments distingu\u00e9s. <\/span><\/p>\n<p><span style=\"font-weight: 400;\">L&#8217;\u00e9quipe \u00e9lectorale du Bloc Qu\u00e9b\u00e9cois 2021<\/span><\/p>\n","protected":false},"excerpt":{"rendered":"<p>Montr\u00e9al, le 14 septembre 2021\u00a0 Jackie Manthorne\u00a0 R\u00e9seau canadien des survivants du cancer\u00a0 jmanthorne@survivornet.ca\u00a0 Madame,\u00a0\u00a0 Nous vous remercions pour tous les efforts que votre organisme d\u00e9ploie dans la\u00a0 sensibilisation de la population<\/p>\n","protected":false},"author":2,"featured_media":0,"parent":23133,"menu_order":0,"comment_status":"closed","ping_status":"closed","template":"","meta":{"_acf_changed":false,"footnotes":""},"class_list":["post-23136","page","type-page","status-publish","hentry"],"acf":[],"yoast_head":"<!-- This site is optimized with the Yoast SEO plugin v27.4 - https:\/\/yoast.com\/product\/yoast-seo-wordpress\/ -->\n<title>R\u00e9ponse du Parti du Bloc Qu\u00e9b\u00e9cois - Canadian Cancer Survivor Network<\/title>\n<meta name=\"robots\" content=\"index, follow, max-snippet:-1, max-image-preview:large, max-video-preview:-1\" \/>\n<link rel=\"canonical\" href=\"https:\/\/survivornet.ca\/fr\/agissez\/campagnes-electorales\/campagne-electorale-2021\/campagne-electorale-federale-2021\/reponse-du-parti-du-bloc-quebecois\/\" \/>\n<meta property=\"og:locale\" content=\"fr_FR\" \/>\n<meta property=\"og:type\" content=\"article\" \/>\n<meta property=\"og:title\" content=\"R\u00e9ponse du Parti du Bloc Qu\u00e9b\u00e9cois - Canadian Cancer Survivor Network\" \/>\n<meta property=\"og:description\" content=\"Montr\u00e9al, le 14 septembre 2021\u00a0 Jackie Manthorne\u00a0 R\u00e9seau canadien des survivants du cancer\u00a0 jmanthorne@survivornet.ca\u00a0 Madame,\u00a0\u00a0 Nous vous remercions pour tous les efforts que votre organisme d\u00e9ploie dans la\u00a0 sensibilisation de la population\" \/>\n<meta property=\"og:url\" content=\"https:\/\/survivornet.ca\/fr\/agissez\/campagnes-electorales\/campagne-electorale-2021\/campagne-electorale-federale-2021\/reponse-du-parti-du-bloc-quebecois\/\" \/>\n<meta property=\"og:site_name\" content=\"Canadian Cancer Survivor Network\" \/>\n<meta property=\"article:modified_time\" content=\"2021-09-14T17:08:24+00:00\" \/>\n<meta name=\"twitter:card\" content=\"summary_large_image\" \/>\n<meta name=\"twitter:label1\" content=\"Dur\u00e9e de lecture estim\u00e9e\" \/>\n\t<meta name=\"twitter:data1\" content=\"5 minutes\" \/>\n<script type=\"application\/ld+json\" class=\"yoast-schema-graph\">{\"@context\":\"https:\\\/\\\/schema.org\",\"@graph\":[{\"@type\":\"WebPage\",\"@id\":\"https:\\\/\\\/survivornet.ca\\\/fr\\\/agissez\\\/campagnes-electorales\\\/campagne-electorale-2021\\\/campagne-electorale-federale-2021\\\/reponse-du-parti-du-bloc-quebecois\\\/\",\"url\":\"https:\\\/\\\/survivornet.ca\\\/fr\\\/agissez\\\/campagnes-electorales\\\/campagne-electorale-2021\\\/campagne-electorale-federale-2021\\\/reponse-du-parti-du-bloc-quebecois\\\/\",\"name\":\"R\u00e9ponse du Parti du Bloc Qu\u00e9b\u00e9cois - Canadian Cancer Survivor Network\",\"isPartOf\":{\"@id\":\"https:\\\/\\\/survivornet.ca\\\/#website\"},\"datePublished\":\"2021-09-14T14:47:30+00:00\",\"dateModified\":\"2021-09-14T17:08:24+00:00\",\"breadcrumb\":{\"@id\":\"https:\\\/\\\/survivornet.ca\\\/fr\\\/agissez\\\/campagnes-electorales\\\/campagne-electorale-2021\\\/campagne-electorale-federale-2021\\\/reponse-du-parti-du-bloc-quebecois\\\/#breadcrumb\"},\"inLanguage\":\"fr-FR\",\"potentialAction\":[{\"@type\":\"ReadAction\",\"target\":[\"https:\\\/\\\/survivornet.ca\\\/fr\\\/agissez\\\/campagnes-electorales\\\/campagne-electorale-2021\\\/campagne-electorale-federale-2021\\\/reponse-du-parti-du-bloc-quebecois\\\/\"]}]},{\"@type\":\"BreadcrumbList\",\"@id\":\"https:\\\/\\\/survivornet.ca\\\/fr\\\/agissez\\\/campagnes-electorales\\\/campagne-electorale-2021\\\/campagne-electorale-federale-2021\\\/reponse-du-parti-du-bloc-quebecois\\\/#breadcrumb\",\"itemListElement\":[{\"@type\":\"ListItem\",\"position\":1,\"name\":\"Home\",\"item\":\"https:\\\/\\\/survivornet.ca\\\/fr\\\/\"},{\"@type\":\"ListItem\",\"position\":2,\"name\":\"Agissez\",\"item\":\"https:\\\/\\\/survivornet.ca\\\/fr\\\/agissez\\\/\"},{\"@type\":\"ListItem\",\"position\":3,\"name\":\"Campagnes \u00e9lectorales\",\"item\":\"https:\\\/\\\/survivornet.ca\\\/fr\\\/agissez\\\/campagnes-electorales\\\/\"},{\"@type\":\"ListItem\",\"position\":4,\"name\":\"Campagne \u00e9lectorale 2021\",\"item\":\"https:\\\/\\\/survivornet.ca\\\/fr\\\/agissez\\\/campagnes-electorales\\\/campagne-electorale-2021\\\/\"},{\"@type\":\"ListItem\",\"position\":5,\"name\":\"Campagne \u00e9lectorale f\u00e9d\u00e9rale 2021\",\"item\":\"https:\\\/\\\/survivornet.ca\\\/fr\\\/agissez\\\/campagnes-electorales\\\/campagne-electorale-2021\\\/campagne-electorale-federale-2021\\\/\"},{\"@type\":\"ListItem\",\"position\":6,\"name\":\"R\u00e9ponse du Parti du Bloc Qu\u00e9b\u00e9cois\"}]},{\"@type\":\"WebSite\",\"@id\":\"https:\\\/\\\/survivornet.ca\\\/#website\",\"url\":\"https:\\\/\\\/survivornet.ca\\\/\",\"name\":\"Canadian Cancer Survivor Network\",\"description\":\"The Canadian Cancer Survivor Network was created by a group of Canadians concerned about cancer.\",\"publisher\":{\"@id\":\"https:\\\/\\\/survivornet.ca\\\/#organization\"},\"potentialAction\":[{\"@type\":\"SearchAction\",\"target\":{\"@type\":\"EntryPoint\",\"urlTemplate\":\"https:\\\/\\\/survivornet.ca\\\/?s={search_term_string}\"},\"query-input\":{\"@type\":\"PropertyValueSpecification\",\"valueRequired\":true,\"valueName\":\"search_term_string\"}}],\"inLanguage\":\"fr-FR\"},{\"@type\":\"Organization\",\"@id\":\"https:\\\/\\\/survivornet.ca\\\/#organization\",\"name\":\"Canadian Cancer Survivor Network\",\"url\":\"https:\\\/\\\/survivornet.ca\\\/\",\"logo\":{\"@type\":\"ImageObject\",\"inLanguage\":\"fr-FR\",\"@id\":\"https:\\\/\\\/survivornet.ca\\\/#\\\/schema\\\/logo\\\/image\\\/\",\"url\":\"http:\\\/\\\/survivornet.ca\\\/wp-content\\\/uploads\\\/2016\\\/12\\\/CCSN_Logo_EN_SQUARE.png\",\"contentUrl\":\"http:\\\/\\\/survivornet.ca\\\/wp-content\\\/uploads\\\/2016\\\/12\\\/CCSN_Logo_EN_SQUARE.png\",\"width\":1209,\"height\":1007,\"caption\":\"Canadian Cancer Survivor Network\"},\"image\":{\"@id\":\"https:\\\/\\\/survivornet.ca\\\/#\\\/schema\\\/logo\\\/image\\\/\"}}]}<\/script>\n<!-- \/ Yoast SEO plugin. -->","yoast_head_json":{"title":"R\u00e9ponse du Parti du Bloc Qu\u00e9b\u00e9cois - Canadian Cancer Survivor Network","robots":{"index":"index","follow":"follow","max-snippet":"max-snippet:-1","max-image-preview":"max-image-preview:large","max-video-preview":"max-video-preview:-1"},"canonical":"https:\/\/survivornet.ca\/fr\/agissez\/campagnes-electorales\/campagne-electorale-2021\/campagne-electorale-federale-2021\/reponse-du-parti-du-bloc-quebecois\/","og_locale":"fr_FR","og_type":"article","og_title":"R\u00e9ponse du Parti du Bloc Qu\u00e9b\u00e9cois - Canadian Cancer Survivor Network","og_description":"Montr\u00e9al, le 14 septembre 2021\u00a0 Jackie Manthorne\u00a0 R\u00e9seau canadien des survivants du cancer\u00a0 jmanthorne@survivornet.ca\u00a0 Madame,\u00a0\u00a0 Nous vous remercions pour tous les efforts que votre organisme d\u00e9ploie dans la\u00a0 sensibilisation de la population","og_url":"https:\/\/survivornet.ca\/fr\/agissez\/campagnes-electorales\/campagne-electorale-2021\/campagne-electorale-federale-2021\/reponse-du-parti-du-bloc-quebecois\/","og_site_name":"Canadian Cancer Survivor Network","article_modified_time":"2021-09-14T17:08:24+00:00","twitter_card":"summary_large_image","twitter_misc":{"Dur\u00e9e de lecture estim\u00e9e":"5 minutes"},"schema":{"@context":"https:\/\/schema.org","@graph":[{"@type":"WebPage","@id":"https:\/\/survivornet.ca\/fr\/agissez\/campagnes-electorales\/campagne-electorale-2021\/campagne-electorale-federale-2021\/reponse-du-parti-du-bloc-quebecois\/","url":"https:\/\/survivornet.ca\/fr\/agissez\/campagnes-electorales\/campagne-electorale-2021\/campagne-electorale-federale-2021\/reponse-du-parti-du-bloc-quebecois\/","name":"R\u00e9ponse du Parti du Bloc Qu\u00e9b\u00e9cois - Canadian Cancer Survivor Network","isPartOf":{"@id":"https:\/\/survivornet.ca\/#website"},"datePublished":"2021-09-14T14:47:30+00:00","dateModified":"2021-09-14T17:08:24+00:00","breadcrumb":{"@id":"https:\/\/survivornet.ca\/fr\/agissez\/campagnes-electorales\/campagne-electorale-2021\/campagne-electorale-federale-2021\/reponse-du-parti-du-bloc-quebecois\/#breadcrumb"},"inLanguage":"fr-FR","potentialAction":[{"@type":"ReadAction","target":["https:\/\/survivornet.ca\/fr\/agissez\/campagnes-electorales\/campagne-electorale-2021\/campagne-electorale-federale-2021\/reponse-du-parti-du-bloc-quebecois\/"]}]},{"@type":"BreadcrumbList","@id":"https:\/\/survivornet.ca\/fr\/agissez\/campagnes-electorales\/campagne-electorale-2021\/campagne-electorale-federale-2021\/reponse-du-parti-du-bloc-quebecois\/#breadcrumb","itemListElement":[{"@type":"ListItem","position":1,"name":"Home","item":"https:\/\/survivornet.ca\/fr\/"},{"@type":"ListItem","position":2,"name":"Agissez","item":"https:\/\/survivornet.ca\/fr\/agissez\/"},{"@type":"ListItem","position":3,"name":"Campagnes \u00e9lectorales","item":"https:\/\/survivornet.ca\/fr\/agissez\/campagnes-electorales\/"},{"@type":"ListItem","position":4,"name":"Campagne \u00e9lectorale 2021","item":"https:\/\/survivornet.ca\/fr\/agissez\/campagnes-electorales\/campagne-electorale-2021\/"},{"@type":"ListItem","position":5,"name":"Campagne \u00e9lectorale f\u00e9d\u00e9rale 2021","item":"https:\/\/survivornet.ca\/fr\/agissez\/campagnes-electorales\/campagne-electorale-2021\/campagne-electorale-federale-2021\/"},{"@type":"ListItem","position":6,"name":"R\u00e9ponse du Parti du Bloc Qu\u00e9b\u00e9cois"}]},{"@type":"WebSite","@id":"https:\/\/survivornet.ca\/#website","url":"https:\/\/survivornet.ca\/","name":"Canadian Cancer Survivor Network","description":"The Canadian Cancer Survivor Network was created by a group of Canadians concerned about cancer.","publisher":{"@id":"https:\/\/survivornet.ca\/#organization"},"potentialAction":[{"@type":"SearchAction","target":{"@type":"EntryPoint","urlTemplate":"https:\/\/survivornet.ca\/?s={search_term_string}"},"query-input":{"@type":"PropertyValueSpecification","valueRequired":true,"valueName":"search_term_string"}}],"inLanguage":"fr-FR"},{"@type":"Organization","@id":"https:\/\/survivornet.ca\/#organization","name":"Canadian Cancer Survivor Network","url":"https:\/\/survivornet.ca\/","logo":{"@type":"ImageObject","inLanguage":"fr-FR","@id":"https:\/\/survivornet.ca\/#\/schema\/logo\/image\/","url":"http:\/\/survivornet.ca\/wp-content\/uploads\/2016\/12\/CCSN_Logo_EN_SQUARE.png","contentUrl":"http:\/\/survivornet.ca\/wp-content\/uploads\/2016\/12\/CCSN_Logo_EN_SQUARE.png","width":1209,"height":1007,"caption":"Canadian Cancer Survivor Network"},"image":{"@id":"https:\/\/survivornet.ca\/#\/schema\/logo\/image\/"}}]}},"_links":{"self":[{"href":"https:\/\/survivornet.ca\/fr\/wp-json\/wp\/v2\/pages\/23136","targetHints":{"allow":["GET"]}}],"collection":[{"href":"https:\/\/survivornet.ca\/fr\/wp-json\/wp\/v2\/pages"}],"about":[{"href":"https:\/\/survivornet.ca\/fr\/wp-json\/wp\/v2\/types\/page"}],"author":[{"embeddable":true,"href":"https:\/\/survivornet.ca\/fr\/wp-json\/wp\/v2\/users\/2"}],"replies":[{"embeddable":true,"href":"https:\/\/survivornet.ca\/fr\/wp-json\/wp\/v2\/comments?post=23136"}],"version-history":[{"count":0,"href":"https:\/\/survivornet.ca\/fr\/wp-json\/wp\/v2\/pages\/23136\/revisions"}],"up":[{"embeddable":true,"href":"https:\/\/survivornet.ca\/fr\/wp-json\/wp\/v2\/pages\/23133"}],"wp:attachment":[{"href":"https:\/\/survivornet.ca\/fr\/wp-json\/wp\/v2\/media?parent=23136"}],"curies":[{"name":"wp","href":"https:\/\/api.w.org\/{rel}","templated":true}]}}