{"id":23133,"date":"2021-09-14T10:37:36","date_gmt":"2021-09-14T14:37:36","guid":{"rendered":"https:\/\/survivornet.ca\/?page_id=23133"},"modified":"2021-09-15T13:02:47","modified_gmt":"2021-09-15T17:02:47","slug":"campagne-electorale-federale-2021","status":"publish","type":"page","link":"https:\/\/survivornet.ca\/fr\/agissez\/campagnes-electorales\/campagne-electorale-2021\/campagne-electorale-federale-2021\/","title":{"rendered":"Campagne \u00e9lectorale f\u00e9d\u00e9rale 2021"},"content":{"rendered":"<p><img loading=\"lazy\" decoding=\"async\" class=\"alignnone size-full wp-image-22897\" src=\"http:\/\/survivornet.ca\/wp-content\/uploads\/2021\/08\/Screen-Shot-2021-08-30-at-5.54.14-PM.png\" alt=\"\" width=\"899\" height=\"420\" srcset=\"https:\/\/survivornet.ca\/wp-content\/uploads\/2021\/08\/Screen-Shot-2021-08-30-at-5.54.14-PM.png 899w, https:\/\/survivornet.ca\/wp-content\/uploads\/2021\/08\/Screen-Shot-2021-08-30-at-5.54.14-PM-768x359.png 768w\" sizes=\"auto, (max-width: 899px) 100vw, 899px\" \/><\/p>\n<p>Dans le cadre des \u00e9lections f\u00e9d\u00e9rales canadiennes de 2021, le R\u00e9seau canadien des survivants du cancer pose \u00e0 nouveau des questions aux partis et aux candidats. Leurs r\u00e9ponses se trouvent dans cette section.<\/p>\n<p>Nous esp\u00e9rons que ces informations vous aideront lorsque vous adresserez vos pr\u00e9occupations \u00e0 vos repr\u00e9sentants locaux.<\/p>\n<p>Les questions pos\u00e9s aux candidats \u00e9lectorales ainsi que les r\u00e9ponses re\u00e7ues seront diffus\u00e9es dans le language dont elles ont \u00e9t\u00e9s \u00e9crites. Ceci dit, certaines informations sont seulement disponible en anglais.<\/p>\n<p>Pour vous impliquer dans les campagnes de plaidoyer politique du RCSC, veuillez contacter <a href=\"mailto:jmanthorne@survivornet.ca\">jmanthorne@survivornet.ca<\/a>.<\/p>\n<p><strong>R\u00e9ponse des partis et des candidats:<\/strong><\/p>\n<p><a href=\"https:\/\/survivornet.ca\/fr\/reponse-du-parti-liberal-du-canada\/\">R\u00e9ponse du Parti lib\u00e9ral du Canada<\/a><br \/>\nR\u00e9ponse du Parti Vert du Canada<br \/>\n<a href=\"https:\/\/survivornet.ca\/act\/ccsn-election-campaigns\/2021-election-campaigns\/2021-federal-election-campaign\/canadas-new-democratic-party-response\/\">R\u00e9ponse du Nouveau parti d\u00e9mocratique du Canada<\/a><\/p>\n<ul class=\"content-list\">\n<li><a href=\"https:\/\/survivornet.ca\/fr\/agissez\/campagnes-electorales\/campagne-electorale-2021\/campagne-electorale-federale-2021\/reponse-du-nouveau-parti-democratique-du-canada\/reponse-deric-abel-baland-candidat-pour-laurentides-labelle\/\">R\u00e9ponse d&#8217;\u00c9ric-Abel Baland, candidat Laurentides-Labelle<\/a><\/li>\n<\/ul>\n<p>R\u00e9ponse du Parti conservateur du Canada<br \/>\n<a href=\"https:\/\/survivornet.ca\/fr\/agissez\/campagnes-electorales\/campagne-electorale-2021\/campagne-electorale-federale-2021\/reponse-du-parti-du-bloc-quebecois\/\">R\u00e9ponse du Parti du Bloc Qu\u00e9b\u00e9cois<\/a><\/p>\n<p>&nbsp;<\/p>\n","protected":false},"excerpt":{"rendered":"<p>Dans le cadre des \u00e9lections f\u00e9d\u00e9rales canadiennes de 2021, le R\u00e9seau canadien des survivants du cancer pose \u00e0 nouveau des questions aux partis et aux candidats. Leurs r\u00e9ponses se trouvent dans cette<\/p>\n","protected":false},"author":2,"featured_media":0,"parent":23126,"menu_order":0,"comment_status":"closed","ping_status":"closed","template":"","meta":{"_acf_changed":false,"footnotes":""},"class_list":["post-23133","page","type-page","status-publish","hentry"],"acf":[],"yoast_head":"<!-- This site is optimized with the Yoast SEO plugin v27.4 - https:\/\/yoast.com\/product\/yoast-seo-wordpress\/ -->\n<title>Campagne \u00e9lectorale f\u00e9d\u00e9rale 2021 - Canadian Cancer Survivor Network<\/title>\n<meta name=\"robots\" content=\"index, follow, max-snippet:-1, max-image-preview:large, max-video-preview:-1\" \/>\n<link rel=\"canonical\" href=\"https:\/\/survivornet.ca\/fr\/agissez\/campagnes-electorales\/campagne-electorale-2021\/campagne-electorale-federale-2021\/\" \/>\n<meta property=\"og:locale\" content=\"fr_FR\" \/>\n<meta property=\"og:type\" content=\"article\" \/>\n<meta property=\"og:title\" content=\"Campagne \u00e9lectorale f\u00e9d\u00e9rale 2021 - Canadian Cancer Survivor Network\" \/>\n<meta property=\"og:description\" content=\"Dans le cadre des \u00e9lections f\u00e9d\u00e9rales canadiennes de 2021, le R\u00e9seau canadien des survivants du cancer pose \u00e0 nouveau des questions aux partis et aux candidats. Leurs r\u00e9ponses se trouvent dans cette\" \/>\n<meta property=\"og:url\" content=\"https:\/\/survivornet.ca\/fr\/agissez\/campagnes-electorales\/campagne-electorale-2021\/campagne-electorale-federale-2021\/\" \/>\n<meta property=\"og:site_name\" content=\"Canadian Cancer Survivor Network\" \/>\n<meta property=\"article:modified_time\" content=\"2021-09-15T17:02:47+00:00\" \/>\n<meta property=\"og:image\" content=\"http:\/\/survivornet.ca\/wp-content\/uploads\/2021\/08\/Screen-Shot-2021-08-30-at-5.54.14-PM.png\" \/>\n<meta name=\"twitter:card\" content=\"summary_large_image\" \/>\n<meta name=\"twitter:label1\" content=\"Dur\u00e9e de lecture estim\u00e9e\" \/>\n\t<meta name=\"twitter:data1\" content=\"1 minute\" \/>\n<script type=\"application\/ld+json\" class=\"yoast-schema-graph\">{\"@context\":\"https:\\\/\\\/schema.org\",\"@graph\":[{\"@type\":\"WebPage\",\"@id\":\"https:\\\/\\\/survivornet.ca\\\/fr\\\/agissez\\\/campagnes-electorales\\\/campagne-electorale-2021\\\/campagne-electorale-federale-2021\\\/\",\"url\":\"https:\\\/\\\/survivornet.ca\\\/fr\\\/agissez\\\/campagnes-electorales\\\/campagne-electorale-2021\\\/campagne-electorale-federale-2021\\\/\",\"name\":\"Campagne \u00e9lectorale f\u00e9d\u00e9rale 2021 - Canadian Cancer Survivor Network\",\"isPartOf\":{\"@id\":\"https:\\\/\\\/survivornet.ca\\\/#website\"},\"primaryImageOfPage\":{\"@id\":\"https:\\\/\\\/survivornet.ca\\\/fr\\\/agissez\\\/campagnes-electorales\\\/campagne-electorale-2021\\\/campagne-electorale-federale-2021\\\/#primaryimage\"},\"image\":{\"@id\":\"https:\\\/\\\/survivornet.ca\\\/fr\\\/agissez\\\/campagnes-electorales\\\/campagne-electorale-2021\\\/campagne-electorale-federale-2021\\\/#primaryimage\"},\"thumbnailUrl\":\"http:\\\/\\\/survivornet.ca\\\/wp-content\\\/uploads\\\/2021\\\/08\\\/Screen-Shot-2021-08-30-at-5.54.14-PM.png\",\"datePublished\":\"2021-09-14T14:37:36+00:00\",\"dateModified\":\"2021-09-15T17:02:47+00:00\",\"breadcrumb\":{\"@id\":\"https:\\\/\\\/survivornet.ca\\\/fr\\\/agissez\\\/campagnes-electorales\\\/campagne-electorale-2021\\\/campagne-electorale-federale-2021\\\/#breadcrumb\"},\"inLanguage\":\"fr-FR\",\"potentialAction\":[{\"@type\":\"ReadAction\",\"target\":[\"https:\\\/\\\/survivornet.ca\\\/fr\\\/agissez\\\/campagnes-electorales\\\/campagne-electorale-2021\\\/campagne-electorale-federale-2021\\\/\"]}]},{\"@type\":\"ImageObject\",\"inLanguage\":\"fr-FR\",\"@id\":\"https:\\\/\\\/survivornet.ca\\\/fr\\\/agissez\\\/campagnes-electorales\\\/campagne-electorale-2021\\\/campagne-electorale-federale-2021\\\/#primaryimage\",\"url\":\"http:\\\/\\\/survivornet.ca\\\/wp-content\\\/uploads\\\/2021\\\/08\\\/Screen-Shot-2021-08-30-at-5.54.14-PM.png\",\"contentUrl\":\"http:\\\/\\\/survivornet.ca\\\/wp-content\\\/uploads\\\/2021\\\/08\\\/Screen-Shot-2021-08-30-at-5.54.14-PM.png\"},{\"@type\":\"BreadcrumbList\",\"@id\":\"https:\\\/\\\/survivornet.ca\\\/fr\\\/agissez\\\/campagnes-electorales\\\/campagne-electorale-2021\\\/campagne-electorale-federale-2021\\\/#breadcrumb\",\"itemListElement\":[{\"@type\":\"ListItem\",\"position\":1,\"name\":\"Home\",\"item\":\"https:\\\/\\\/survivornet.ca\\\/fr\\\/\"},{\"@type\":\"ListItem\",\"position\":2,\"name\":\"Agissez\",\"item\":\"https:\\\/\\\/survivornet.ca\\\/fr\\\/agissez\\\/\"},{\"@type\":\"ListItem\",\"position\":3,\"name\":\"Campagnes \u00e9lectorales\",\"item\":\"https:\\\/\\\/survivornet.ca\\\/fr\\\/agissez\\\/campagnes-electorales\\\/\"},{\"@type\":\"ListItem\",\"position\":4,\"name\":\"Campagne \u00e9lectorale 2021\",\"item\":\"https:\\\/\\\/survivornet.ca\\\/fr\\\/agissez\\\/campagnes-electorales\\\/campagne-electorale-2021\\\/\"},{\"@type\":\"ListItem\",\"position\":5,\"name\":\"Campagne \u00e9lectorale f\u00e9d\u00e9rale 2021\"}]},{\"@type\":\"WebSite\",\"@id\":\"https:\\\/\\\/survivornet.ca\\\/#website\",\"url\":\"https:\\\/\\\/survivornet.ca\\\/\",\"name\":\"Canadian Cancer Survivor Network\",\"description\":\"The Canadian Cancer Survivor Network was created by a group of Canadians concerned about cancer.\",\"publisher\":{\"@id\":\"https:\\\/\\\/survivornet.ca\\\/#organization\"},\"potentialAction\":[{\"@type\":\"SearchAction\",\"target\":{\"@type\":\"EntryPoint\",\"urlTemplate\":\"https:\\\/\\\/survivornet.ca\\\/?s={search_term_string}\"},\"query-input\":{\"@type\":\"PropertyValueSpecification\",\"valueRequired\":true,\"valueName\":\"search_term_string\"}}],\"inLanguage\":\"fr-FR\"},{\"@type\":\"Organization\",\"@id\":\"https:\\\/\\\/survivornet.ca\\\/#organization\",\"name\":\"Canadian Cancer Survivor Network\",\"url\":\"https:\\\/\\\/survivornet.ca\\\/\",\"logo\":{\"@type\":\"ImageObject\",\"inLanguage\":\"fr-FR\",\"@id\":\"https:\\\/\\\/survivornet.ca\\\/#\\\/schema\\\/logo\\\/image\\\/\",\"url\":\"http:\\\/\\\/survivornet.ca\\\/wp-content\\\/uploads\\\/2016\\\/12\\\/CCSN_Logo_EN_SQUARE.png\",\"contentUrl\":\"http:\\\/\\\/survivornet.ca\\\/wp-content\\\/uploads\\\/2016\\\/12\\\/CCSN_Logo_EN_SQUARE.png\",\"width\":1209,\"height\":1007,\"caption\":\"Canadian Cancer Survivor Network\"},\"image\":{\"@id\":\"https:\\\/\\\/survivornet.ca\\\/#\\\/schema\\\/logo\\\/image\\\/\"}}]}<\/script>\n<!-- \/ Yoast SEO plugin. -->","yoast_head_json":{"title":"Campagne \u00e9lectorale f\u00e9d\u00e9rale 2021 - Canadian Cancer Survivor Network","robots":{"index":"index","follow":"follow","max-snippet":"max-snippet:-1","max-image-preview":"max-image-preview:large","max-video-preview":"max-video-preview:-1"},"canonical":"https:\/\/survivornet.ca\/fr\/agissez\/campagnes-electorales\/campagne-electorale-2021\/campagne-electorale-federale-2021\/","og_locale":"fr_FR","og_type":"article","og_title":"Campagne \u00e9lectorale f\u00e9d\u00e9rale 2021 - Canadian Cancer Survivor Network","og_description":"Dans le cadre des \u00e9lections f\u00e9d\u00e9rales canadiennes de 2021, le R\u00e9seau canadien des survivants du cancer pose \u00e0 nouveau des questions aux partis et aux candidats. Leurs r\u00e9ponses se trouvent dans cette","og_url":"https:\/\/survivornet.ca\/fr\/agissez\/campagnes-electorales\/campagne-electorale-2021\/campagne-electorale-federale-2021\/","og_site_name":"Canadian Cancer Survivor Network","article_modified_time":"2021-09-15T17:02:47+00:00","og_image":[{"url":"http:\/\/survivornet.ca\/wp-content\/uploads\/2021\/08\/Screen-Shot-2021-08-30-at-5.54.14-PM.png","type":"","width":"","height":""}],"twitter_card":"summary_large_image","twitter_misc":{"Dur\u00e9e de lecture estim\u00e9e":"1 minute"},"schema":{"@context":"https:\/\/schema.org","@graph":[{"@type":"WebPage","@id":"https:\/\/survivornet.ca\/fr\/agissez\/campagnes-electorales\/campagne-electorale-2021\/campagne-electorale-federale-2021\/","url":"https:\/\/survivornet.ca\/fr\/agissez\/campagnes-electorales\/campagne-electorale-2021\/campagne-electorale-federale-2021\/","name":"Campagne \u00e9lectorale f\u00e9d\u00e9rale 2021 - Canadian Cancer Survivor Network","isPartOf":{"@id":"https:\/\/survivornet.ca\/#website"},"primaryImageOfPage":{"@id":"https:\/\/survivornet.ca\/fr\/agissez\/campagnes-electorales\/campagne-electorale-2021\/campagne-electorale-federale-2021\/#primaryimage"},"image":{"@id":"https:\/\/survivornet.ca\/fr\/agissez\/campagnes-electorales\/campagne-electorale-2021\/campagne-electorale-federale-2021\/#primaryimage"},"thumbnailUrl":"http:\/\/survivornet.ca\/wp-content\/uploads\/2021\/08\/Screen-Shot-2021-08-30-at-5.54.14-PM.png","datePublished":"2021-09-14T14:37:36+00:00","dateModified":"2021-09-15T17:02:47+00:00","breadcrumb":{"@id":"https:\/\/survivornet.ca\/fr\/agissez\/campagnes-electorales\/campagne-electorale-2021\/campagne-electorale-federale-2021\/#breadcrumb"},"inLanguage":"fr-FR","potentialAction":[{"@type":"ReadAction","target":["https:\/\/survivornet.ca\/fr\/agissez\/campagnes-electorales\/campagne-electorale-2021\/campagne-electorale-federale-2021\/"]}]},{"@type":"ImageObject","inLanguage":"fr-FR","@id":"https:\/\/survivornet.ca\/fr\/agissez\/campagnes-electorales\/campagne-electorale-2021\/campagne-electorale-federale-2021\/#primaryimage","url":"http:\/\/survivornet.ca\/wp-content\/uploads\/2021\/08\/Screen-Shot-2021-08-30-at-5.54.14-PM.png","contentUrl":"http:\/\/survivornet.ca\/wp-content\/uploads\/2021\/08\/Screen-Shot-2021-08-30-at-5.54.14-PM.png"},{"@type":"BreadcrumbList","@id":"https:\/\/survivornet.ca\/fr\/agissez\/campagnes-electorales\/campagne-electorale-2021\/campagne-electorale-federale-2021\/#breadcrumb","itemListElement":[{"@type":"ListItem","position":1,"name":"Home","item":"https:\/\/survivornet.ca\/fr\/"},{"@type":"ListItem","position":2,"name":"Agissez","item":"https:\/\/survivornet.ca\/fr\/agissez\/"},{"@type":"ListItem","position":3,"name":"Campagnes \u00e9lectorales","item":"https:\/\/survivornet.ca\/fr\/agissez\/campagnes-electorales\/"},{"@type":"ListItem","position":4,"name":"Campagne \u00e9lectorale 2021","item":"https:\/\/survivornet.ca\/fr\/agissez\/campagnes-electorales\/campagne-electorale-2021\/"},{"@type":"ListItem","position":5,"name":"Campagne \u00e9lectorale f\u00e9d\u00e9rale 2021"}]},{"@type":"WebSite","@id":"https:\/\/survivornet.ca\/#website","url":"https:\/\/survivornet.ca\/","name":"Canadian Cancer Survivor Network","description":"The Canadian Cancer Survivor Network was created by a group of Canadians concerned about cancer.","publisher":{"@id":"https:\/\/survivornet.ca\/#organization"},"potentialAction":[{"@type":"SearchAction","target":{"@type":"EntryPoint","urlTemplate":"https:\/\/survivornet.ca\/?s={search_term_string}"},"query-input":{"@type":"PropertyValueSpecification","valueRequired":true,"valueName":"search_term_string"}}],"inLanguage":"fr-FR"},{"@type":"Organization","@id":"https:\/\/survivornet.ca\/#organization","name":"Canadian Cancer Survivor Network","url":"https:\/\/survivornet.ca\/","logo":{"@type":"ImageObject","inLanguage":"fr-FR","@id":"https:\/\/survivornet.ca\/#\/schema\/logo\/image\/","url":"http:\/\/survivornet.ca\/wp-content\/uploads\/2016\/12\/CCSN_Logo_EN_SQUARE.png","contentUrl":"http:\/\/survivornet.ca\/wp-content\/uploads\/2016\/12\/CCSN_Logo_EN_SQUARE.png","width":1209,"height":1007,"caption":"Canadian Cancer Survivor Network"},"image":{"@id":"https:\/\/survivornet.ca\/#\/schema\/logo\/image\/"}}]}},"_links":{"self":[{"href":"https:\/\/survivornet.ca\/fr\/wp-json\/wp\/v2\/pages\/23133","targetHints":{"allow":["GET"]}}],"collection":[{"href":"https:\/\/survivornet.ca\/fr\/wp-json\/wp\/v2\/pages"}],"about":[{"href":"https:\/\/survivornet.ca\/fr\/wp-json\/wp\/v2\/types\/page"}],"author":[{"embeddable":true,"href":"https:\/\/survivornet.ca\/fr\/wp-json\/wp\/v2\/users\/2"}],"replies":[{"embeddable":true,"href":"https:\/\/survivornet.ca\/fr\/wp-json\/wp\/v2\/comments?post=23133"}],"version-history":[{"count":0,"href":"https:\/\/survivornet.ca\/fr\/wp-json\/wp\/v2\/pages\/23133\/revisions"}],"up":[{"embeddable":true,"href":"https:\/\/survivornet.ca\/fr\/wp-json\/wp\/v2\/pages\/23126"}],"wp:attachment":[{"href":"https:\/\/survivornet.ca\/fr\/wp-json\/wp\/v2\/media?parent=23133"}],"curies":[{"name":"wp","href":"https:\/\/api.w.org\/{rel}","templated":true}]}}