{"id":22197,"date":"2021-07-16T10:56:22","date_gmt":"2021-07-16T14:56:22","guid":{"rendered":"https:\/\/survivornet.ca\/?page_id=22197"},"modified":"2021-07-16T10:56:22","modified_gmt":"2021-07-16T14:56:22","slug":"la-covid-19-et-le-cancer-ce-quil-faut-savoir","status":"publish","type":"page","link":"https:\/\/survivornet.ca\/fr\/la-covid-19-et-le-cancer-ce-quil-faut-savoir\/","title":{"rendered":"La COVID-19 et le cancer : ce qu\u2019il faut savoir"},"content":{"rendered":"<p><strong>Comment vous prot\u00e9ger contre la COVID-19 :<\/strong><\/p>\n<ul class=\"content-list\">\n<li>Lavez-vous r\u00e9guli\u00e8rement les mains avec du savon et de l\u2019eau pendant au moins 20\u00a0secondes ou utilisez un d\u00e9sinfectant pour les mains contenant au moins 60\u00a0% d\u2019alcool.<\/li>\n<li>\u00c9vitez de toucher votre visage, en particulier vos yeux, votre nez et votre bouche.<\/li>\n<li>Restez \u00e0 la maison. Ne sortez de chez vous que pour vous rendre \u00e0 vos rendez-vous m\u00e9dicaux qui n\u00e9cessitent votre pr\u00e9sence, et pour prendre l\u2019air et faire du sport.<\/li>\n<li>Si vous devez sortir, tenez-vous \u00e0 au moins 2\u00a0m\u00e8tres (6\u00a0pieds) de distance des personnes qui ne vivent pas sous votre toit.<\/li>\n<li>Essayez de vous faire livrer les produits d\u2019\u00e9picerie et les articles m\u00e9nagers \u00e0 votre domicile ou demandez \u00e0 quelqu\u2019un d\u2019autre de les r\u00e9cup\u00e9rer pour vous. Payez les livraisons en ligne ou par t\u00e9l\u00e9phone. Lavez-vous les mains apr\u00e8s avoir r\u00e9cup\u00e9r\u00e9 une livraison.<\/li>\n<li>Bien qu\u2019il ne soit pas n\u00e9cessaire de prendre des pr\u00e9cautions particuli\u00e8res pour la conservation des aliments, lavez-vous les mains apr\u00e8s avoir rang\u00e9 les aliments achet\u00e9s et avant de pr\u00e9parer les aliments. Lavez les fruits et les l\u00e9gumes \u00e0 l\u2019eau potable du robinet.<\/li>\n<li>\u00c9vitez d\u2019\u00eatre en contact avec des personnes malades.<\/li>\n<li>Nettoyez autant que possible les surfaces de contact fr\u00e9quent, telles que les poign\u00e9es de porte, les mains courantes, les t\u00e9l\u00e9phones, les ordinateurs et les tablettes, les t\u00e9l\u00e9commandes et les interrupteurs <sup>1<\/sup>.<\/li>\n<\/ul>\n<p><strong>\u00a0<\/strong><strong>Comment votre traitement du cancer peut changer :<\/strong><\/p>\n<ul class=\"content-list\">\n<li>Votre traitement contre le cancer peut changer au cours de l\u2019\u00e9pid\u00e9mie de la COVID-19 pour vous permettre de rester \u00e0 la maison et de vous tenir \u00e0 distance des endroits tr\u00e8s fr\u00e9quent\u00e9s.<\/li>\n<li>Votre \u00e9quipe de soins de canc\u00e9rologie peut op\u00e9rer des changements \u00e0 votre r\u00e9gime th\u00e9rapeutique, notamment\u00a0:\n<ul class=\"content-list\">\n<li>modifier la date de votre prochaine consultation;<\/li>\n<li>remplacer votre consultation en personne par une consultation t\u00e9l\u00e9phonique ou une vid\u00e9oconf\u00e9rence;<\/li>\n<li>modifier la fr\u00e9quence d\u2019administration de vos traitements ou les reporter \u00e0 une date ult\u00e9rieure;<\/li>\n<li>Changement de traitement, par exemple, un autre type de chimioth\u00e9rapie.<\/li>\n<\/ul>\n<\/li>\n<\/ul>\n<ul class=\"content-list\">\n<li>Il est normal de ressentir de l\u2019anxi\u00e9t\u00e9 et de l\u2019inqui\u00e9tude en cas de changement de votre r\u00e9gime th\u00e9rapeutique. Faites part de vos inqui\u00e9tudes \u00e0 votre \u00e9quipe de soins de canc\u00e9rologie <sup>2<\/sup>.<\/li>\n<\/ul>\n<p><strong>Si vous devez vous rendre \u00e0 une consultation \u00e0 l\u2019h\u00f4pital :<\/strong><\/p>\n<ul class=\"content-list\">\n<li>Vous serez test\u00e9 \u00e0 l\u2019entr\u00e9e de l\u2019h\u00f4pital. Dans le cadre du d\u00e9pistage, on peut vous demander de r\u00e9pondre \u00e0 certaines questions sur votre \u00e9tat de sant\u00e9 g\u00e9n\u00e9ral.<\/li>\n<li>Seuls les patients sont admis \u00e0 l\u2019h\u00f4pital. Vous pouvez apporter votre cellulaire lors de la consultation pour que ceux qui vous accompagnent habituellement puissent \u00e9couter et poser des questions.<\/li>\n<li>Tenez-vous \u00e0 deux\u00a0m\u00e8tres (six\u00a0pieds) de distance des autres patients. Le personnel hospitalier fera de son mieux pour vous y aider.<\/li>\n<li>Lavez-vous r\u00e9guli\u00e8rement les mains ou utilisez souvent un d\u00e9sinfectant pour les mains, surtout si vous avez touch\u00e9 quelque chose \u00e0 l\u2019h\u00f4pital et avant d\u2019entrer et de sortir de l\u2019h\u00f4pital.<\/li>\n<li>Portez un masque en tissu si vous en poss\u00e9dez un. Un masque peut prot\u00e9ger les fournisseurs de soins de sant\u00e9 et les autres patients si vous \u00eates malade sans encore pr\u00e9senter de sympt\u00f4mes <sup>3<\/sup>.<\/li>\n<\/ul>\n<p><strong>Si vous avez besoin de renouveler vos m\u00e9dicaments :<\/strong><\/p>\n<ul class=\"content-list\">\n<li>Appelez votre pharmacie pour leur demander de renouveler votre ordonnance.<\/li>\n<li>Au cours de cette p\u00e9riode, tous les renouvellements d\u2019ordonnance seront pr\u00e9vus pour une r\u00e9serve d\u2019un mois.<\/li>\n<li>Vous pouvez demander un autre renouvellement d\u2019ordonnance lorsque votre r\u00e9serve d\u2019un mois est presque termin\u00e9e (environ une semaine avant de terminer votre r\u00e9serve).<\/li>\n<li>Demandez \u00e0 votre pharmacie si elle peut vous livrer vos m\u00e9dicaments \u00e0 votre domicile ou demandez \u00e0 quelqu\u2019un de vous les r\u00e9cup\u00e9rer <sup>4<\/sup>.<\/li>\n<\/ul>\n<p><strong>\u00a0<\/strong><strong>Mesures \u00e0 prendre si vous ne vous sentez pas bien :<\/strong><\/p>\n<ul class=\"content-list\">\n<li>Si vous recevez actuellement un traitement contre le cancer, appelez tout d\u2019abord votre clinique de canc\u00e9rologie si vous pr\u00e9sentez l\u2019un des sympt\u00f4mes ci-dessous. Continuez \u00e0 communiquer avec eux comme d\u2019habitude si vous manifestez des sympt\u00f4mes li\u00e9s \u00e0 votre cancer ou \u00e0 votre traitement contre le cancer.<\/li>\n<li>Si vous ne recevez pas de traitement contre le cancer \u00e0 l\u2019heure actuelle, ou si vous n\u2019arrivez pas \u00e0 parler \u00e0 votre \u00e9quipe de soins de canc\u00e9rologie, appelez votre fournisseur de soins primaires (m\u00e9decin de famille ou infirmier) ou T\u00e9l\u00e9sant\u00e9 Ontario au\u00a01-866-797-0000.<\/li>\n<li>Restez \u00e0 la maison si vous pr\u00e9sentez les sympt\u00f4mes de la COVID-19 suivants <sup>5<\/sup> :<\/li>\n<\/ul>\n<p>\u2013 Fi\u00e8vre<br \/>\n\u2013 Toux<br \/>\n\u2013 L\u00e9g\u00e8re difficult\u00e9 \u00e0 respirer<br \/>\n\u2013 Douleurs musculaires<br \/>\n\u2013 Fatigue<br \/>\n\u2013 Maux de t\u00eate<br \/>\n\u2013 Mal de gorge<br \/>\n\u2013 \u00c9coulements nasaux<\/p>\n<p><strong>Comment prendre soin de vous au cours de cette p\u00e9riode :<\/strong><\/p>\n<ul class=\"content-list\">\n<li>Votre \u00e9quipe de soins de sant\u00e9 est pr\u00e9sente pour vous. Si vous \u00eates tr\u00e8s inquiet au sujet de la COVID-19, n\u2019h\u00e9sitez pas \u00e0 demander de l\u2019aide.<\/li>\n<li>Si les actualit\u00e9s sur la COVID-19 vous perturbent, essayez de passer moins de temps devant la TV, \u00e0 lire ou \u00e0 \u00e9couter des reportages sur ce sujet.<\/li>\n<li>Prenez soin de votre corps. Mangez sainement, soyez actif et dormez beaucoup.<\/li>\n<li>Prenez le temps de vous d\u00e9tendre et de faire les activit\u00e9s que vous aimez, comme lire, \u00e9couter de la musique, cuisiner ou regarder un film.<\/li>\n<li>Maintenez vos liens avec vos amis et vos proches gr\u00e2ce \u00e0 des conversations t\u00e9l\u00e9phoniques ou vid\u00e9o. On entend par \u00e9loignement social une distance physique entre les gens, et non pas un isolement social.<\/li>\n<li>L\u2019alcool, le tabac et les drogues r\u00e9cr\u00e9atives peuvent aggraver votre sant\u00e9 et votre bien-\u00eatre. Parlez \u00e0 votre \u00e9quipe de soins de sant\u00e9 si vous \u00eates concern\u00e9 <sup>6<\/sup>.<\/li>\n<\/ul>\n<p>&nbsp;<\/p>\n<p><sup>1 2 3 4 5 6\u00a0<\/sup><em>Action Cancer Ontario <\/em><\/p>\n","protected":false},"excerpt":{"rendered":"<p>Comment vous prot\u00e9ger contre la COVID-19 : Lavez-vous r\u00e9guli\u00e8rement les mains avec du savon et de l\u2019eau pendant au moins 20\u00a0secondes ou utilisez un d\u00e9sinfectant pour les mains contenant au moins 60\u00a0%<\/p>\n","protected":false},"author":2,"featured_media":0,"parent":0,"menu_order":0,"comment_status":"closed","ping_status":"closed","template":"","meta":{"_acf_changed":false,"footnotes":""},"class_list":["post-22197","page","type-page","status-publish","hentry"],"acf":[],"yoast_head":"<!-- This site is optimized with the Yoast SEO plugin v27.4 - https:\/\/yoast.com\/product\/yoast-seo-wordpress\/ -->\n<title>La COVID-19 et le cancer : ce qu\u2019il faut savoir - Canadian Cancer Survivor Network<\/title>\n<meta name=\"robots\" content=\"index, follow, max-snippet:-1, max-image-preview:large, max-video-preview:-1\" \/>\n<link rel=\"canonical\" href=\"https:\/\/survivornet.ca\/fr\/la-covid-19-et-le-cancer-ce-quil-faut-savoir\/\" \/>\n<meta property=\"og:locale\" content=\"fr_FR\" \/>\n<meta property=\"og:type\" content=\"article\" \/>\n<meta property=\"og:title\" content=\"La COVID-19 et le cancer : ce qu\u2019il faut savoir - Canadian Cancer Survivor Network\" \/>\n<meta property=\"og:description\" content=\"Comment vous prot\u00e9ger contre la COVID-19 : Lavez-vous r\u00e9guli\u00e8rement les mains avec du savon et de l\u2019eau pendant au moins 20\u00a0secondes ou utilisez un d\u00e9sinfectant pour les mains contenant au moins 60\u00a0%\" \/>\n<meta property=\"og:url\" content=\"https:\/\/survivornet.ca\/fr\/la-covid-19-et-le-cancer-ce-quil-faut-savoir\/\" \/>\n<meta property=\"og:site_name\" content=\"Canadian Cancer Survivor Network\" \/>\n<meta name=\"twitter:card\" content=\"summary_large_image\" \/>\n<meta name=\"twitter:label1\" content=\"Dur\u00e9e de lecture estim\u00e9e\" \/>\n\t<meta name=\"twitter:data1\" content=\"5 minutes\" \/>\n<script type=\"application\/ld+json\" class=\"yoast-schema-graph\">{\"@context\":\"https:\\\/\\\/schema.org\",\"@graph\":[{\"@type\":\"WebPage\",\"@id\":\"https:\\\/\\\/survivornet.ca\\\/fr\\\/la-covid-19-et-le-cancer-ce-quil-faut-savoir\\\/\",\"url\":\"https:\\\/\\\/survivornet.ca\\\/fr\\\/la-covid-19-et-le-cancer-ce-quil-faut-savoir\\\/\",\"name\":\"La COVID-19 et le cancer : ce qu\u2019il faut savoir - Canadian Cancer Survivor Network\",\"isPartOf\":{\"@id\":\"https:\\\/\\\/survivornet.ca\\\/#website\"},\"datePublished\":\"2021-07-16T14:56:22+00:00\",\"breadcrumb\":{\"@id\":\"https:\\\/\\\/survivornet.ca\\\/fr\\\/la-covid-19-et-le-cancer-ce-quil-faut-savoir\\\/#breadcrumb\"},\"inLanguage\":\"fr-FR\",\"potentialAction\":[{\"@type\":\"ReadAction\",\"target\":[\"https:\\\/\\\/survivornet.ca\\\/fr\\\/la-covid-19-et-le-cancer-ce-quil-faut-savoir\\\/\"]}]},{\"@type\":\"BreadcrumbList\",\"@id\":\"https:\\\/\\\/survivornet.ca\\\/fr\\\/la-covid-19-et-le-cancer-ce-quil-faut-savoir\\\/#breadcrumb\",\"itemListElement\":[{\"@type\":\"ListItem\",\"position\":1,\"name\":\"Home\",\"item\":\"https:\\\/\\\/survivornet.ca\\\/fr\\\/\"},{\"@type\":\"ListItem\",\"position\":2,\"name\":\"La COVID-19 et le cancer : ce qu\u2019il faut savoir\"}]},{\"@type\":\"WebSite\",\"@id\":\"https:\\\/\\\/survivornet.ca\\\/#website\",\"url\":\"https:\\\/\\\/survivornet.ca\\\/\",\"name\":\"Canadian Cancer Survivor Network\",\"description\":\"The Canadian Cancer Survivor Network was created by a group of Canadians concerned about cancer.\",\"publisher\":{\"@id\":\"https:\\\/\\\/survivornet.ca\\\/#organization\"},\"potentialAction\":[{\"@type\":\"SearchAction\",\"target\":{\"@type\":\"EntryPoint\",\"urlTemplate\":\"https:\\\/\\\/survivornet.ca\\\/?s={search_term_string}\"},\"query-input\":{\"@type\":\"PropertyValueSpecification\",\"valueRequired\":true,\"valueName\":\"search_term_string\"}}],\"inLanguage\":\"fr-FR\"},{\"@type\":\"Organization\",\"@id\":\"https:\\\/\\\/survivornet.ca\\\/#organization\",\"name\":\"Canadian Cancer Survivor Network\",\"url\":\"https:\\\/\\\/survivornet.ca\\\/\",\"logo\":{\"@type\":\"ImageObject\",\"inLanguage\":\"fr-FR\",\"@id\":\"https:\\\/\\\/survivornet.ca\\\/#\\\/schema\\\/logo\\\/image\\\/\",\"url\":\"http:\\\/\\\/survivornet.ca\\\/wp-content\\\/uploads\\\/2016\\\/12\\\/CCSN_Logo_EN_SQUARE.png\",\"contentUrl\":\"http:\\\/\\\/survivornet.ca\\\/wp-content\\\/uploads\\\/2016\\\/12\\\/CCSN_Logo_EN_SQUARE.png\",\"width\":1209,\"height\":1007,\"caption\":\"Canadian Cancer Survivor Network\"},\"image\":{\"@id\":\"https:\\\/\\\/survivornet.ca\\\/#\\\/schema\\\/logo\\\/image\\\/\"}}]}<\/script>\n<!-- \/ Yoast SEO plugin. -->","yoast_head_json":{"title":"La COVID-19 et le cancer : ce qu\u2019il faut savoir - Canadian Cancer Survivor Network","robots":{"index":"index","follow":"follow","max-snippet":"max-snippet:-1","max-image-preview":"max-image-preview:large","max-video-preview":"max-video-preview:-1"},"canonical":"https:\/\/survivornet.ca\/fr\/la-covid-19-et-le-cancer-ce-quil-faut-savoir\/","og_locale":"fr_FR","og_type":"article","og_title":"La COVID-19 et le cancer : ce qu\u2019il faut savoir - Canadian Cancer Survivor Network","og_description":"Comment vous prot\u00e9ger contre la COVID-19 : Lavez-vous r\u00e9guli\u00e8rement les mains avec du savon et de l\u2019eau pendant au moins 20\u00a0secondes ou utilisez un d\u00e9sinfectant pour les mains contenant au moins 60\u00a0%","og_url":"https:\/\/survivornet.ca\/fr\/la-covid-19-et-le-cancer-ce-quil-faut-savoir\/","og_site_name":"Canadian Cancer Survivor Network","twitter_card":"summary_large_image","twitter_misc":{"Dur\u00e9e de lecture estim\u00e9e":"5 minutes"},"schema":{"@context":"https:\/\/schema.org","@graph":[{"@type":"WebPage","@id":"https:\/\/survivornet.ca\/fr\/la-covid-19-et-le-cancer-ce-quil-faut-savoir\/","url":"https:\/\/survivornet.ca\/fr\/la-covid-19-et-le-cancer-ce-quil-faut-savoir\/","name":"La COVID-19 et le cancer : ce qu\u2019il faut savoir - Canadian Cancer Survivor Network","isPartOf":{"@id":"https:\/\/survivornet.ca\/#website"},"datePublished":"2021-07-16T14:56:22+00:00","breadcrumb":{"@id":"https:\/\/survivornet.ca\/fr\/la-covid-19-et-le-cancer-ce-quil-faut-savoir\/#breadcrumb"},"inLanguage":"fr-FR","potentialAction":[{"@type":"ReadAction","target":["https:\/\/survivornet.ca\/fr\/la-covid-19-et-le-cancer-ce-quil-faut-savoir\/"]}]},{"@type":"BreadcrumbList","@id":"https:\/\/survivornet.ca\/fr\/la-covid-19-et-le-cancer-ce-quil-faut-savoir\/#breadcrumb","itemListElement":[{"@type":"ListItem","position":1,"name":"Home","item":"https:\/\/survivornet.ca\/fr\/"},{"@type":"ListItem","position":2,"name":"La COVID-19 et le cancer : ce qu\u2019il faut savoir"}]},{"@type":"WebSite","@id":"https:\/\/survivornet.ca\/#website","url":"https:\/\/survivornet.ca\/","name":"Canadian Cancer Survivor Network","description":"The Canadian Cancer Survivor Network was created by a group of Canadians concerned about cancer.","publisher":{"@id":"https:\/\/survivornet.ca\/#organization"},"potentialAction":[{"@type":"SearchAction","target":{"@type":"EntryPoint","urlTemplate":"https:\/\/survivornet.ca\/?s={search_term_string}"},"query-input":{"@type":"PropertyValueSpecification","valueRequired":true,"valueName":"search_term_string"}}],"inLanguage":"fr-FR"},{"@type":"Organization","@id":"https:\/\/survivornet.ca\/#organization","name":"Canadian Cancer Survivor Network","url":"https:\/\/survivornet.ca\/","logo":{"@type":"ImageObject","inLanguage":"fr-FR","@id":"https:\/\/survivornet.ca\/#\/schema\/logo\/image\/","url":"http:\/\/survivornet.ca\/wp-content\/uploads\/2016\/12\/CCSN_Logo_EN_SQUARE.png","contentUrl":"http:\/\/survivornet.ca\/wp-content\/uploads\/2016\/12\/CCSN_Logo_EN_SQUARE.png","width":1209,"height":1007,"caption":"Canadian Cancer Survivor Network"},"image":{"@id":"https:\/\/survivornet.ca\/#\/schema\/logo\/image\/"}}]}},"_links":{"self":[{"href":"https:\/\/survivornet.ca\/fr\/wp-json\/wp\/v2\/pages\/22197","targetHints":{"allow":["GET"]}}],"collection":[{"href":"https:\/\/survivornet.ca\/fr\/wp-json\/wp\/v2\/pages"}],"about":[{"href":"https:\/\/survivornet.ca\/fr\/wp-json\/wp\/v2\/types\/page"}],"author":[{"embeddable":true,"href":"https:\/\/survivornet.ca\/fr\/wp-json\/wp\/v2\/users\/2"}],"replies":[{"embeddable":true,"href":"https:\/\/survivornet.ca\/fr\/wp-json\/wp\/v2\/comments?post=22197"}],"version-history":[{"count":0,"href":"https:\/\/survivornet.ca\/fr\/wp-json\/wp\/v2\/pages\/22197\/revisions"}],"wp:attachment":[{"href":"https:\/\/survivornet.ca\/fr\/wp-json\/wp\/v2\/media?parent=22197"}],"curies":[{"name":"wp","href":"https:\/\/api.w.org\/{rel}","templated":true}]}}