{"id":22195,"date":"2021-07-16T09:53:56","date_gmt":"2021-07-16T13:53:56","guid":{"rendered":"https:\/\/survivornet.ca\/?page_id=22195"},"modified":"2021-07-16T09:53:56","modified_gmt":"2021-07-16T13:53:56","slug":"ressources-generales-concernant-la-covid-19","status":"publish","type":"page","link":"https:\/\/survivornet.ca\/fr\/ressources-generales-concernant-la-covid-19\/","title":{"rendered":"Ressources g\u00e9n\u00e9rales concernant la COVID-19"},"content":{"rendered":"<p><strong>Qu\u2019est-ce que la COVID-19?<\/strong><\/p>\n<p>La COVID-19 est une maladie caus\u00e9e par un coronavirus nouveau qui a \u00e9t\u00e9 identifi\u00e9 en d\u00e9cembre 2019. Le 11 mars 2020, l\u2019Organisation mondiale de la sant\u00e9 a d\u00e9clar\u00e9 une pand\u00e9mie de COVID-19. La COVID-19 continue \u00e0 \u00eatre une menace de sant\u00e9 s\u00e9rieuse en 2021. Les coronavirus humains constituent une grande famille de virus. Ils sont communs et causent souvent des maladies b\u00e9nignes, comme le rhume. En revanche, ils peuvent aussi provoquer des maladies plus graves. Pour obtenir les informations les plus r\u00e9centes sur l&#8217;\u00e9pid\u00e9mie de COVID-19 au Canada, consultez le site canada.ca\/coronavirus<sup>1<\/sup>.<\/p>\n<p><strong>Les personnes atteintes de cancer risquent-elles plus d\u2019attraper la COVID-19?<\/strong><\/p>\n<p>Si vous \u00eates atteint de cancer et que vous attrapez la COVID-19, vous risquez davantage d\u2019avoir des complications plus graves. On consid\u00e8re que le cancer est une affection m\u00e9dicale sous-jacente. De plus, certains traitements du cancer, comme la chirurgie, la chimioth\u00e9rapie, l\u2019immunoth\u00e9rapie et la radioth\u00e9rapie, peuvent affaiblir votre syst\u00e8me immunitaire, faisant ainsi qu\u2019il vous sera plus difficile de combattre les\u00a0infections.<\/p>\n<p>Si vous \u00eates pr\u00e9occup\u00e9 par votre risque d\u2019attraper la COVID-19 parce que vous recevez actuellement ou avez d\u00e9j\u00e0 re\u00e7u un traitement du cancer, parlez-en avec votre m\u00e9decin ou avec les membres de votre \u00e9quipe soignante. Ils repr\u00e9sentent la meilleure source d\u2019information qui soit si vous vous posez des questions sur votre risque en fonction de votre lieu de r\u00e9sidence au Canada ou de vos ant\u00e9c\u00e9dents m\u00e9dicaux. Ils vous tiendront \u00e9galement inform\u00e9 de tout changement possible \u00e0 vos traitements du cancer au cours de l\u2019\u00e9closion de la COVID-19<sup> 2<\/sup>.<\/p>\n<p><strong>Quelles pr\u00e9cautions additionnelles dois-je prendre si je suis atteint d\u2019un cancer?<\/strong><\/p>\n<p>M\u00eame si les personnes atteintes de cancer, leurs familles ou leurs aidants n\u2019ont pas de pr\u00e9cautions particuli\u00e8res \u00e0 prendre, les mesures suivantes peuvent \u00eatre utiles.<\/p>\n<ul class=\"content-list\">\n<li>Achetez ce dont vous auriez besoin si vous deviez rester \u00e0 la maison pendant quelques semaines, comme des denr\u00e9es alimentaires, de la nourriture pour animaux et des produits de nettoyage.<\/li>\n<li>Discutez avec votre m\u00e9decin ou votre \u00e9quipe soignante des moyens de vous prot\u00e9ger. Assurez-vous d\u2019avoir suffisamment de m\u00e9dicaments d&#8217;ordonnance et de fournitures m\u00e9dicales, ou ayez un plan pour vous les procurer.<\/li>\n<li>Organisez-vous pour rester en contact avec les autres par t\u00e9l\u00e9phone, courriel ou vid\u00e9oclavardage.<\/li>\n<li>Prenez soin de votre corps. Essayez de manger sainement, d\u2019\u00eatre actif et de dormir amplement.<\/li>\n<li>Demandez \u00e0 un membre de la famille, \u00e0 un voisin ou \u00e0 un ami de s\u2019occuper de vos courses essentielles (par exemple, aller faire l\u2019\u00e9picerie).<\/li>\n<li>Informez-vous \u00e0 propos des services offrant la livraison de nourriture ou de m\u00e9dicaments \u00e0 domicile.<\/li>\n<li>Surveillez votre \u00e9tat de sant\u00e9 pour d\u00e9tecter l&#8217;apparition de sympt\u00f4mes <sup>3<\/sup>.<\/li>\n<\/ul>\n<p><strong>Comment la COVID-19 se propage-t-elle?<\/strong><\/p>\n<p>Le virus qui cause la COVID-19 se propage le plus souvent d\u2019une personne infect\u00e9e :<\/p>\n<ul class=\"content-list\">\n<li>par les gouttelettes respiratoires \u00e9vacu\u00e9es de son nez ou de sa bouche quand elle tousse ou \u00e9ternue;<\/li>\n<li>par les a\u00e9rosols cr\u00e9\u00e9s lorsque la personne tousse, \u00e9ternue, chante, crie ou parle;<\/li>\n<li>par contact personnel \u00e9troit, comme une accolade ou une poign\u00e9e de main;<\/li>\n<li>par contact avec une chose sur laquelle des gouttelettes respiratoires se sont d\u00e9pos\u00e9es, suivi du contact de la main avec vos yeux, votre nez ou votre bouche avant de vous laver les mains.<\/li>\n<\/ul>\n<p>La COVID-19 est une nouvelle maladie et nous continuons d\u2019en apprendre sur ses autres modes de propagation. Une personne infect\u00e9e qui ne pr\u00e9sente pas de sympt\u00f4mes peut transmettre le virus. Cela comprend les personnes qui sont infect\u00e9es mais qui ne pr\u00e9sentent pas encore de sympt\u00f4mes (pr\u00e9symptomatiques) de m\u00eame que celles qui sont infect\u00e9es et qui ne pr\u00e9senteront jamais de sympt\u00f4mes (asymptomatiques). Ce type de propagation survient chez les personnes qui ont des contacts \u00e9troits ou qui sont dans des lieux ferm\u00e9s ou achaland\u00e9s <sup>4<\/sup>.<\/p>\n<p><strong>Auto-\u00e9valuation pour la COVID-19<\/strong><\/p>\n<p>Si vous pensez que vous \u00eates peut-\u00eatre atteint de la COVID-19, vous pouvez utiliser <a href=\"https:\/\/www.canada.ca\/fr\/sante-publique\/services\/maladies\/2019-nouveau-coronavirus\/symptomes\/ressources-provinces-territoires-covid-19.html\">l\u2019outil d\u2019auto-\u00e9valuation\u00a0de l\u2019Agence de la sant\u00e9 publique du Canada<\/a> afin de savoir quoi faire <sup>5<\/sup>.<\/p>\n<p>&nbsp;<\/p>\n<p><em><sup>1 2 3 4 5\u00a0<\/sup><\/em><em>La Soci\u00e9t\u00e9 canadienne du cancer<\/em><\/p>\n","protected":false},"excerpt":{"rendered":"<p>Qu\u2019est-ce que la COVID-19? La COVID-19 est une maladie caus\u00e9e par un coronavirus nouveau qui a \u00e9t\u00e9 identifi\u00e9 en d\u00e9cembre 2019. Le 11 mars 2020, l\u2019Organisation mondiale de la sant\u00e9 a d\u00e9clar\u00e9<\/p>\n","protected":false},"author":2,"featured_media":0,"parent":0,"menu_order":0,"comment_status":"closed","ping_status":"closed","template":"","meta":{"_acf_changed":false,"footnotes":""},"class_list":["post-22195","page","type-page","status-publish","hentry"],"acf":[],"yoast_head":"<!-- This site is optimized with the Yoast SEO plugin v27.4 - https:\/\/yoast.com\/product\/yoast-seo-wordpress\/ -->\n<title>Ressources g\u00e9n\u00e9rales concernant la COVID-19 - Canadian Cancer Survivor Network<\/title>\n<meta name=\"robots\" content=\"index, follow, max-snippet:-1, max-image-preview:large, max-video-preview:-1\" \/>\n<link rel=\"canonical\" href=\"https:\/\/survivornet.ca\/fr\/ressources-generales-concernant-la-covid-19\/\" \/>\n<meta property=\"og:locale\" content=\"fr_FR\" \/>\n<meta property=\"og:type\" content=\"article\" \/>\n<meta property=\"og:title\" content=\"Ressources g\u00e9n\u00e9rales concernant la COVID-19 - Canadian Cancer Survivor Network\" \/>\n<meta property=\"og:description\" content=\"Qu\u2019est-ce que la COVID-19? La COVID-19 est une maladie caus\u00e9e par un coronavirus nouveau qui a \u00e9t\u00e9 identifi\u00e9 en d\u00e9cembre 2019. Le 11 mars 2020, l\u2019Organisation mondiale de la sant\u00e9 a d\u00e9clar\u00e9\" \/>\n<meta property=\"og:url\" content=\"https:\/\/survivornet.ca\/fr\/ressources-generales-concernant-la-covid-19\/\" \/>\n<meta property=\"og:site_name\" content=\"Canadian Cancer Survivor Network\" \/>\n<meta name=\"twitter:card\" content=\"summary_large_image\" \/>\n<meta name=\"twitter:label1\" content=\"Dur\u00e9e de lecture estim\u00e9e\" \/>\n\t<meta name=\"twitter:data1\" content=\"4 minutes\" \/>\n<script type=\"application\/ld+json\" class=\"yoast-schema-graph\">{\"@context\":\"https:\\\/\\\/schema.org\",\"@graph\":[{\"@type\":\"WebPage\",\"@id\":\"https:\\\/\\\/survivornet.ca\\\/fr\\\/ressources-generales-concernant-la-covid-19\\\/\",\"url\":\"https:\\\/\\\/survivornet.ca\\\/fr\\\/ressources-generales-concernant-la-covid-19\\\/\",\"name\":\"Ressources g\u00e9n\u00e9rales concernant la COVID-19 - Canadian Cancer Survivor Network\",\"isPartOf\":{\"@id\":\"https:\\\/\\\/survivornet.ca\\\/#website\"},\"datePublished\":\"2021-07-16T13:53:56+00:00\",\"breadcrumb\":{\"@id\":\"https:\\\/\\\/survivornet.ca\\\/fr\\\/ressources-generales-concernant-la-covid-19\\\/#breadcrumb\"},\"inLanguage\":\"fr-FR\",\"potentialAction\":[{\"@type\":\"ReadAction\",\"target\":[\"https:\\\/\\\/survivornet.ca\\\/fr\\\/ressources-generales-concernant-la-covid-19\\\/\"]}]},{\"@type\":\"BreadcrumbList\",\"@id\":\"https:\\\/\\\/survivornet.ca\\\/fr\\\/ressources-generales-concernant-la-covid-19\\\/#breadcrumb\",\"itemListElement\":[{\"@type\":\"ListItem\",\"position\":1,\"name\":\"Home\",\"item\":\"https:\\\/\\\/survivornet.ca\\\/fr\\\/\"},{\"@type\":\"ListItem\",\"position\":2,\"name\":\"Ressources g\u00e9n\u00e9rales concernant la COVID-19\"}]},{\"@type\":\"WebSite\",\"@id\":\"https:\\\/\\\/survivornet.ca\\\/#website\",\"url\":\"https:\\\/\\\/survivornet.ca\\\/\",\"name\":\"Canadian Cancer Survivor Network\",\"description\":\"The Canadian Cancer Survivor Network was created by a group of Canadians concerned about cancer.\",\"publisher\":{\"@id\":\"https:\\\/\\\/survivornet.ca\\\/#organization\"},\"potentialAction\":[{\"@type\":\"SearchAction\",\"target\":{\"@type\":\"EntryPoint\",\"urlTemplate\":\"https:\\\/\\\/survivornet.ca\\\/?s={search_term_string}\"},\"query-input\":{\"@type\":\"PropertyValueSpecification\",\"valueRequired\":true,\"valueName\":\"search_term_string\"}}],\"inLanguage\":\"fr-FR\"},{\"@type\":\"Organization\",\"@id\":\"https:\\\/\\\/survivornet.ca\\\/#organization\",\"name\":\"Canadian Cancer Survivor Network\",\"url\":\"https:\\\/\\\/survivornet.ca\\\/\",\"logo\":{\"@type\":\"ImageObject\",\"inLanguage\":\"fr-FR\",\"@id\":\"https:\\\/\\\/survivornet.ca\\\/#\\\/schema\\\/logo\\\/image\\\/\",\"url\":\"http:\\\/\\\/survivornet.ca\\\/wp-content\\\/uploads\\\/2016\\\/12\\\/CCSN_Logo_EN_SQUARE.png\",\"contentUrl\":\"http:\\\/\\\/survivornet.ca\\\/wp-content\\\/uploads\\\/2016\\\/12\\\/CCSN_Logo_EN_SQUARE.png\",\"width\":1209,\"height\":1007,\"caption\":\"Canadian Cancer Survivor Network\"},\"image\":{\"@id\":\"https:\\\/\\\/survivornet.ca\\\/#\\\/schema\\\/logo\\\/image\\\/\"}}]}<\/script>\n<!-- \/ Yoast SEO plugin. -->","yoast_head_json":{"title":"Ressources g\u00e9n\u00e9rales concernant la COVID-19 - Canadian Cancer Survivor Network","robots":{"index":"index","follow":"follow","max-snippet":"max-snippet:-1","max-image-preview":"max-image-preview:large","max-video-preview":"max-video-preview:-1"},"canonical":"https:\/\/survivornet.ca\/fr\/ressources-generales-concernant-la-covid-19\/","og_locale":"fr_FR","og_type":"article","og_title":"Ressources g\u00e9n\u00e9rales concernant la COVID-19 - Canadian Cancer Survivor Network","og_description":"Qu\u2019est-ce que la COVID-19? La COVID-19 est une maladie caus\u00e9e par un coronavirus nouveau qui a \u00e9t\u00e9 identifi\u00e9 en d\u00e9cembre 2019. Le 11 mars 2020, l\u2019Organisation mondiale de la sant\u00e9 a d\u00e9clar\u00e9","og_url":"https:\/\/survivornet.ca\/fr\/ressources-generales-concernant-la-covid-19\/","og_site_name":"Canadian Cancer Survivor Network","twitter_card":"summary_large_image","twitter_misc":{"Dur\u00e9e de lecture estim\u00e9e":"4 minutes"},"schema":{"@context":"https:\/\/schema.org","@graph":[{"@type":"WebPage","@id":"https:\/\/survivornet.ca\/fr\/ressources-generales-concernant-la-covid-19\/","url":"https:\/\/survivornet.ca\/fr\/ressources-generales-concernant-la-covid-19\/","name":"Ressources g\u00e9n\u00e9rales concernant la COVID-19 - Canadian Cancer Survivor Network","isPartOf":{"@id":"https:\/\/survivornet.ca\/#website"},"datePublished":"2021-07-16T13:53:56+00:00","breadcrumb":{"@id":"https:\/\/survivornet.ca\/fr\/ressources-generales-concernant-la-covid-19\/#breadcrumb"},"inLanguage":"fr-FR","potentialAction":[{"@type":"ReadAction","target":["https:\/\/survivornet.ca\/fr\/ressources-generales-concernant-la-covid-19\/"]}]},{"@type":"BreadcrumbList","@id":"https:\/\/survivornet.ca\/fr\/ressources-generales-concernant-la-covid-19\/#breadcrumb","itemListElement":[{"@type":"ListItem","position":1,"name":"Home","item":"https:\/\/survivornet.ca\/fr\/"},{"@type":"ListItem","position":2,"name":"Ressources g\u00e9n\u00e9rales concernant la COVID-19"}]},{"@type":"WebSite","@id":"https:\/\/survivornet.ca\/#website","url":"https:\/\/survivornet.ca\/","name":"Canadian Cancer Survivor Network","description":"The Canadian Cancer Survivor Network was created by a group of Canadians concerned about cancer.","publisher":{"@id":"https:\/\/survivornet.ca\/#organization"},"potentialAction":[{"@type":"SearchAction","target":{"@type":"EntryPoint","urlTemplate":"https:\/\/survivornet.ca\/?s={search_term_string}"},"query-input":{"@type":"PropertyValueSpecification","valueRequired":true,"valueName":"search_term_string"}}],"inLanguage":"fr-FR"},{"@type":"Organization","@id":"https:\/\/survivornet.ca\/#organization","name":"Canadian Cancer Survivor Network","url":"https:\/\/survivornet.ca\/","logo":{"@type":"ImageObject","inLanguage":"fr-FR","@id":"https:\/\/survivornet.ca\/#\/schema\/logo\/image\/","url":"http:\/\/survivornet.ca\/wp-content\/uploads\/2016\/12\/CCSN_Logo_EN_SQUARE.png","contentUrl":"http:\/\/survivornet.ca\/wp-content\/uploads\/2016\/12\/CCSN_Logo_EN_SQUARE.png","width":1209,"height":1007,"caption":"Canadian Cancer Survivor Network"},"image":{"@id":"https:\/\/survivornet.ca\/#\/schema\/logo\/image\/"}}]}},"_links":{"self":[{"href":"https:\/\/survivornet.ca\/fr\/wp-json\/wp\/v2\/pages\/22195","targetHints":{"allow":["GET"]}}],"collection":[{"href":"https:\/\/survivornet.ca\/fr\/wp-json\/wp\/v2\/pages"}],"about":[{"href":"https:\/\/survivornet.ca\/fr\/wp-json\/wp\/v2\/types\/page"}],"author":[{"embeddable":true,"href":"https:\/\/survivornet.ca\/fr\/wp-json\/wp\/v2\/users\/2"}],"replies":[{"embeddable":true,"href":"https:\/\/survivornet.ca\/fr\/wp-json\/wp\/v2\/comments?post=22195"}],"version-history":[{"count":0,"href":"https:\/\/survivornet.ca\/fr\/wp-json\/wp\/v2\/pages\/22195\/revisions"}],"wp:attachment":[{"href":"https:\/\/survivornet.ca\/fr\/wp-json\/wp\/v2\/media?parent=22195"}],"curies":[{"name":"wp","href":"https:\/\/api.w.org\/{rel}","templated":true}]}}