{"id":22189,"date":"2021-07-16T09:12:38","date_gmt":"2021-07-16T13:12:38","guid":{"rendered":"https:\/\/survivornet.ca\/?page_id=22189"},"modified":"2021-07-16T09:12:38","modified_gmt":"2021-07-16T13:12:38","slug":"ressources-financieres","status":"publish","type":"page","link":"https:\/\/survivornet.ca\/fr\/ressources-financieres\/","title":{"rendered":"Ressources Financi\u00e8res"},"content":{"rendered":"<p><a href=\"https:\/\/www.canada.ca\/fr\/emploi-developpement-social.html\">Le coronavirus (COVID-19) &#8211; Emploi et D\u00e9veloppement social Canada<\/a><sup>1<\/sup><\/p>\n<p>Emploi et D\u00e9veloppement social Canada (EDSC) travaille \u00e0 am\u00e9liorer le niveau de vie et la qualit\u00e9 de vie de tous les Canadiens en faisant la promotion d&#8217;une main-d&#8217;\u0153uvre mobile et hautement sp\u00e9cialis\u00e9e ainsi que d&#8217;un march\u00e9 du travail efficace et favorable \u00e0 l&#8217;inclusion.<\/p>\n<p>&nbsp;<\/p>\n<p><a href=\"https:\/\/www.canada.ca\/fr\/ministere-finances\/plan-intervention-economique.html\">Plan d&#8217;intervention \u00e9conomique du Canada pour r\u00e9pondre \u00e0 la COVID-19 de la Minist\u00e8re des Finances Canada<\/a><sup>2<\/sup><\/p>\n<p>Le gouvernement du Canada prend des mesures imm\u00e9diates, importantes et d\u00e9cisives pour appuyer les Canadiens et les entreprises qui sont aux prises avec des difficult\u00e9s en raison de l&#8217;\u00e9closion de la COVID-19.<\/p>\n<p>&nbsp;<\/p>\n<p>Sur cette page ;<br \/>\n\u2013 <a href=\"https:\/\/www.canada.ca\/fr\/ministere-finances\/plan-intervention-economique.html#particuliers\">Soutien aux individus<\/a><br \/>\n\u2013 <a href=\"https:\/\/www.canada.ca\/fr\/ministere-finances\/plan-intervention-economique.html#entreprises\">Soutien aux entreprises<\/a><br \/>\n\u2013 <a href=\"https:\/\/www.canada.ca\/fr\/ministere-finances\/plan-intervention-economique.html#secteurs\">Soutien aux secteurs<\/a><br \/>\n\u2013 <a href=\"https:\/\/www.canada.ca\/fr\/ministere-finances\/plan-intervention-economique.html#organisme_aide_canadiens\">Soutien aux organismes venant en aide aux individus<\/a><br \/>\n\u2013 <a href=\"https:\/\/www.canada.ca\/fr\/ministere-finances\/plan-intervention-economique\/autres-mesures-repondre-covid-19.html\">Autres mesures<\/a><br \/>\n\u2013 <a href=\"https:\/\/www.canada.ca\/fr\/ministere-finances\/plan-intervention-economique\/mesures-realisees-reponse-covid-19.html\">Mesures r\u00e9alis\u00e9es<\/a><\/p>\n<p>&nbsp;<\/p>\n<p>&nbsp;<\/p>\n<p><sup>1 2 <\/sup><em>Le gouvernement du Canada<\/em><\/p>\n","protected":false},"excerpt":{"rendered":"<p>Le coronavirus (COVID-19) &#8211; Emploi et D\u00e9veloppement social Canada1 Emploi et D\u00e9veloppement social Canada (EDSC) travaille \u00e0 am\u00e9liorer le niveau de vie et la qualit\u00e9 de vie de tous les Canadiens en<\/p>\n","protected":false},"author":2,"featured_media":0,"parent":0,"menu_order":0,"comment_status":"closed","ping_status":"closed","template":"","meta":{"_acf_changed":false,"footnotes":""},"class_list":["post-22189","page","type-page","status-publish","hentry"],"acf":[],"yoast_head":"<!-- This site is optimized with the Yoast SEO plugin v27.4 - https:\/\/yoast.com\/product\/yoast-seo-wordpress\/ -->\n<title>Ressources Financi\u00e8res - Canadian Cancer Survivor Network<\/title>\n<meta name=\"robots\" content=\"index, follow, max-snippet:-1, max-image-preview:large, max-video-preview:-1\" \/>\n<link rel=\"canonical\" href=\"https:\/\/survivornet.ca\/fr\/ressources-financieres\/\" \/>\n<meta property=\"og:locale\" content=\"fr_FR\" \/>\n<meta property=\"og:type\" content=\"article\" \/>\n<meta property=\"og:title\" content=\"Ressources Financi\u00e8res - Canadian Cancer Survivor Network\" \/>\n<meta property=\"og:description\" content=\"Le coronavirus (COVID-19) &#8211; Emploi et D\u00e9veloppement social Canada1 Emploi et D\u00e9veloppement social Canada (EDSC) travaille \u00e0 am\u00e9liorer le niveau de vie et la qualit\u00e9 de vie de tous les Canadiens en\" \/>\n<meta property=\"og:url\" content=\"https:\/\/survivornet.ca\/fr\/ressources-financieres\/\" \/>\n<meta property=\"og:site_name\" content=\"Canadian Cancer Survivor Network\" \/>\n<meta name=\"twitter:card\" content=\"summary_large_image\" \/>\n<meta name=\"twitter:label1\" content=\"Dur\u00e9e de lecture estim\u00e9e\" \/>\n\t<meta name=\"twitter:data1\" content=\"1 minute\" \/>\n<script type=\"application\/ld+json\" class=\"yoast-schema-graph\">{\"@context\":\"https:\\\/\\\/schema.org\",\"@graph\":[{\"@type\":\"WebPage\",\"@id\":\"https:\\\/\\\/survivornet.ca\\\/fr\\\/ressources-financieres\\\/\",\"url\":\"https:\\\/\\\/survivornet.ca\\\/fr\\\/ressources-financieres\\\/\",\"name\":\"Ressources Financi\u00e8res - Canadian Cancer Survivor Network\",\"isPartOf\":{\"@id\":\"https:\\\/\\\/survivornet.ca\\\/#website\"},\"datePublished\":\"2021-07-16T13:12:38+00:00\",\"breadcrumb\":{\"@id\":\"https:\\\/\\\/survivornet.ca\\\/fr\\\/ressources-financieres\\\/#breadcrumb\"},\"inLanguage\":\"fr-FR\",\"potentialAction\":[{\"@type\":\"ReadAction\",\"target\":[\"https:\\\/\\\/survivornet.ca\\\/fr\\\/ressources-financieres\\\/\"]}]},{\"@type\":\"BreadcrumbList\",\"@id\":\"https:\\\/\\\/survivornet.ca\\\/fr\\\/ressources-financieres\\\/#breadcrumb\",\"itemListElement\":[{\"@type\":\"ListItem\",\"position\":1,\"name\":\"Home\",\"item\":\"https:\\\/\\\/survivornet.ca\\\/fr\\\/\"},{\"@type\":\"ListItem\",\"position\":2,\"name\":\"Ressources Financi\u00e8res\"}]},{\"@type\":\"WebSite\",\"@id\":\"https:\\\/\\\/survivornet.ca\\\/#website\",\"url\":\"https:\\\/\\\/survivornet.ca\\\/\",\"name\":\"Canadian Cancer Survivor Network\",\"description\":\"The Canadian Cancer Survivor Network was created by a group of Canadians concerned about cancer.\",\"publisher\":{\"@id\":\"https:\\\/\\\/survivornet.ca\\\/#organization\"},\"potentialAction\":[{\"@type\":\"SearchAction\",\"target\":{\"@type\":\"EntryPoint\",\"urlTemplate\":\"https:\\\/\\\/survivornet.ca\\\/?s={search_term_string}\"},\"query-input\":{\"@type\":\"PropertyValueSpecification\",\"valueRequired\":true,\"valueName\":\"search_term_string\"}}],\"inLanguage\":\"fr-FR\"},{\"@type\":\"Organization\",\"@id\":\"https:\\\/\\\/survivornet.ca\\\/#organization\",\"name\":\"Canadian Cancer Survivor Network\",\"url\":\"https:\\\/\\\/survivornet.ca\\\/\",\"logo\":{\"@type\":\"ImageObject\",\"inLanguage\":\"fr-FR\",\"@id\":\"https:\\\/\\\/survivornet.ca\\\/#\\\/schema\\\/logo\\\/image\\\/\",\"url\":\"http:\\\/\\\/survivornet.ca\\\/wp-content\\\/uploads\\\/2016\\\/12\\\/CCSN_Logo_EN_SQUARE.png\",\"contentUrl\":\"http:\\\/\\\/survivornet.ca\\\/wp-content\\\/uploads\\\/2016\\\/12\\\/CCSN_Logo_EN_SQUARE.png\",\"width\":1209,\"height\":1007,\"caption\":\"Canadian Cancer Survivor Network\"},\"image\":{\"@id\":\"https:\\\/\\\/survivornet.ca\\\/#\\\/schema\\\/logo\\\/image\\\/\"}}]}<\/script>\n<!-- \/ Yoast SEO plugin. -->","yoast_head_json":{"title":"Ressources Financi\u00e8res - Canadian Cancer Survivor Network","robots":{"index":"index","follow":"follow","max-snippet":"max-snippet:-1","max-image-preview":"max-image-preview:large","max-video-preview":"max-video-preview:-1"},"canonical":"https:\/\/survivornet.ca\/fr\/ressources-financieres\/","og_locale":"fr_FR","og_type":"article","og_title":"Ressources Financi\u00e8res - Canadian Cancer Survivor Network","og_description":"Le coronavirus (COVID-19) &#8211; Emploi et D\u00e9veloppement social Canada1 Emploi et D\u00e9veloppement social Canada (EDSC) travaille \u00e0 am\u00e9liorer le niveau de vie et la qualit\u00e9 de vie de tous les Canadiens en","og_url":"https:\/\/survivornet.ca\/fr\/ressources-financieres\/","og_site_name":"Canadian Cancer Survivor Network","twitter_card":"summary_large_image","twitter_misc":{"Dur\u00e9e de lecture estim\u00e9e":"1 minute"},"schema":{"@context":"https:\/\/schema.org","@graph":[{"@type":"WebPage","@id":"https:\/\/survivornet.ca\/fr\/ressources-financieres\/","url":"https:\/\/survivornet.ca\/fr\/ressources-financieres\/","name":"Ressources Financi\u00e8res - Canadian Cancer Survivor Network","isPartOf":{"@id":"https:\/\/survivornet.ca\/#website"},"datePublished":"2021-07-16T13:12:38+00:00","breadcrumb":{"@id":"https:\/\/survivornet.ca\/fr\/ressources-financieres\/#breadcrumb"},"inLanguage":"fr-FR","potentialAction":[{"@type":"ReadAction","target":["https:\/\/survivornet.ca\/fr\/ressources-financieres\/"]}]},{"@type":"BreadcrumbList","@id":"https:\/\/survivornet.ca\/fr\/ressources-financieres\/#breadcrumb","itemListElement":[{"@type":"ListItem","position":1,"name":"Home","item":"https:\/\/survivornet.ca\/fr\/"},{"@type":"ListItem","position":2,"name":"Ressources Financi\u00e8res"}]},{"@type":"WebSite","@id":"https:\/\/survivornet.ca\/#website","url":"https:\/\/survivornet.ca\/","name":"Canadian Cancer Survivor Network","description":"The Canadian Cancer Survivor Network was created by a group of Canadians concerned about cancer.","publisher":{"@id":"https:\/\/survivornet.ca\/#organization"},"potentialAction":[{"@type":"SearchAction","target":{"@type":"EntryPoint","urlTemplate":"https:\/\/survivornet.ca\/?s={search_term_string}"},"query-input":{"@type":"PropertyValueSpecification","valueRequired":true,"valueName":"search_term_string"}}],"inLanguage":"fr-FR"},{"@type":"Organization","@id":"https:\/\/survivornet.ca\/#organization","name":"Canadian Cancer Survivor Network","url":"https:\/\/survivornet.ca\/","logo":{"@type":"ImageObject","inLanguage":"fr-FR","@id":"https:\/\/survivornet.ca\/#\/schema\/logo\/image\/","url":"http:\/\/survivornet.ca\/wp-content\/uploads\/2016\/12\/CCSN_Logo_EN_SQUARE.png","contentUrl":"http:\/\/survivornet.ca\/wp-content\/uploads\/2016\/12\/CCSN_Logo_EN_SQUARE.png","width":1209,"height":1007,"caption":"Canadian Cancer Survivor Network"},"image":{"@id":"https:\/\/survivornet.ca\/#\/schema\/logo\/image\/"}}]}},"_links":{"self":[{"href":"https:\/\/survivornet.ca\/fr\/wp-json\/wp\/v2\/pages\/22189","targetHints":{"allow":["GET"]}}],"collection":[{"href":"https:\/\/survivornet.ca\/fr\/wp-json\/wp\/v2\/pages"}],"about":[{"href":"https:\/\/survivornet.ca\/fr\/wp-json\/wp\/v2\/types\/page"}],"author":[{"embeddable":true,"href":"https:\/\/survivornet.ca\/fr\/wp-json\/wp\/v2\/users\/2"}],"replies":[{"embeddable":true,"href":"https:\/\/survivornet.ca\/fr\/wp-json\/wp\/v2\/comments?post=22189"}],"version-history":[{"count":0,"href":"https:\/\/survivornet.ca\/fr\/wp-json\/wp\/v2\/pages\/22189\/revisions"}],"wp:attachment":[{"href":"https:\/\/survivornet.ca\/fr\/wp-json\/wp\/v2\/media?parent=22189"}],"curies":[{"name":"wp","href":"https:\/\/api.w.org\/{rel}","templated":true}]}}