{"id":22119,"date":"2021-06-30T14:49:18","date_gmt":"2021-06-30T18:49:18","guid":{"rendered":"https:\/\/survivornet.ca\/?page_id=22119"},"modified":"2021-06-30T15:11:12","modified_gmt":"2021-06-30T19:11:12","slug":"lettre-adressee-au-ministre-churchill","status":"publish","type":"page","link":"https:\/\/survivornet.ca\/fr\/agissez\/le-cancer-ne-peut-pas-attendre-old\/lettre-adressee-au-ministre-churchill\/","title":{"rendered":"Lettre adress\u00e9e au ministre Churchill"},"content":{"rendered":"<p><span style=\"color: #333333;\"><span style=\"font-family: Helvetica Neue, serif;\"><span style=\"font-size: medium;\"><span lang=\"fr-FR\">Le 24 mars 2021<br \/>\nMinistre Zach Churchill<br \/>\n<\/span><\/span><\/span><\/span><span style=\"color: #333333;\"><span style=\"font-family: Helvetica Neue, serif;\"><span style=\"font-size: medium;\"><span lang=\"fr-FR\">Ministre de la Sant\u00e9 et du Mieux-\u00catre<br \/>\nBarrington Tower, 1894 rue Barrington<br \/>\nC.P. 488<br \/>\nHalifax, Nouvelle-\u00c9cosse, B3J 2R8\u00a0 \u00a0 \u00a0 \u00a0 \u00a0 \u00a0 \u00a0 \u00a0 \u00a0 \u00a0 \u00a0 \u00a0 \u00a0 \u00a0 \u00a0 \u00a0 \u00a0\u00a0<\/span><\/span><\/span><\/span><\/p>\n<p><span style=\"color: #333333;\"><span style=\"font-family: Helvetica Neue, serif;\"><span style=\"font-size: medium;\">Monsieur le Ministre,<\/span><\/span><\/span><\/p>\n<p><span style=\"color: #333333;\"><span style=\"font-family: Helvetica Neue, serif;\"><span style=\"font-size: medium;\"><span lang=\"fr-CA\">Nous vous \u00e9crivons aujourd\u2019hui au sujet de votre plan int\u00e9gr\u00e9 d\u2019\u00e9tablissement des priorit\u00e9s pour l\u2019immunisation \u00e0 la COVID-19. Notre pr\u00e9occupation principale est que votre province n\u2019a pas encore explicitement donn\u00e9 la priorit\u00e9 aux patients atteints du cancer ou de maladies respiratoires dans vos plans de vaccination contre la COVID-19. Nous reconnaissons que cela peut \u00eatre attribuable au fait que le Comit\u00e9 consultatif national de l\u2019immunisation n\u2019ait pas formul\u00e9 de recommandations claires sur le moment et la mani\u00e8re de vacciner les populations atteintes de maladies sous-jacentes. En revanche, presque toutes les autres provinces du Canada ont reconnu l\u2019importance de donner la priorit\u00e9 aux personnes atteintes de maladies sous-jacentes qui rendent les patients plus vuln\u00e9rables aux maladies graves et \u00e0 la mort, et elles ont d\u00e9cid\u00e9 d\u2019inclure ces populations \u00e0 haut risque dans leurs plans int\u00e9gr\u00e9s d\u2019\u00e9tablissement des priorit\u00e9s. En tant qu\u2019organisations repr\u00e9sentant les patients canadiens atteints du cancer et les personnes atteintes de maladies respiratoires, nous exhortons votre gouvernement \u00e0 suivre l\u2019exemple des autres provinces et \u00e0 mettre \u00e0 jour vos plans de d\u00e9ploiement afin de donner la priorit\u00e9 aux patients atteints du cancer et aux personnes atteintes de maladies respiratoires chroniques.<\/span><\/span><\/span><\/span><\/p>\n<p lang=\"fr-CA\"><span style=\"color: #333333;\"><span style=\"font-family: Helvetica Neue, serif;\"><span style=\"font-size: medium;\">Bien que les personnes atteintes de maladies sous-jacentes puissent ne pas r\u00e9pondre aussi bien aux vaccinations, elles peuvent \u00e9galement \u00eatre plus susceptibles d\u2019avoir une r\u00e9action grave \u00e0 la COVID-19. Ainsi, m\u00eame un degr\u00e9 de protection moindre est d\u2019une haute importance pour les personnes pr\u00e9sentant des maladies \u00e0 risque \u00e9lev\u00e9. Les patients atteints du cancer et ceux qui atteint de maladies respiratoires chroniques sont particuli\u00e8rement vuln\u00e9rables aux complications graves de la COVID-19, et pr\u00e9sentent un risque \u00e9lev\u00e9 de mortalit\u00e9. Les traitements contre le cancer, tels que les chimioth\u00e9rapies et les immunoth\u00e9rapies, peuvent affaiblir le syst\u00e8me immunitaire et rendre plus difficile la lutte contre l\u2019infection \u00e0 la COVID-19. <\/span><\/span><\/span><\/p>\n<p><span style=\"color: #333333;\"><span style=\"font-family: Helvetica Neue, serif;\"><span style=\"font-size: medium;\"><span lang=\"fr-CA\">En outre, il y a des preuves importantes qui d\u00e9montrent que ceux qui sont atteints de maladies respiratoires comme la maladie pulmonaire obstructive chronique ont un risque beaucoup plus \u00e9lev\u00e9 de d\u00e9velopper une maladie grave.<\/span><\/span><\/span><\/span><\/p>\n<p lang=\"fr-CA\"><span style=\"color: #333333;\"><span style=\"font-family: Helvetica Neue, serif;\"><span style=\"font-size: medium;\">Il est \u00e9galement important de noter que le fardeau de la sant\u00e9 mentale que la pand\u00e9mie fait peser sur les populations de patients est immense. Les patients et les proches aidants vivent dans un \u00e9tat d\u2019anxi\u00e9t\u00e9 constant avec les craintes qu\u2019eux-m\u00eames, ou leurs proches, contractent la COVID-19. Une pr\u00e9valence accrue de sympt\u00f4mes tels que l\u2019humeur d\u00e9pressive, l\u2019anxi\u00e9t\u00e9 et l\u2019insomnie a \u00e9t\u00e9 constat\u00e9e chez les patients dont plusieurs indiquent qu\u2019ils ont \u00e9vit\u00e9 de rechercher des soins en personne par crainte de contracter la COVID-19. Si ces personnes avaient l\u2019occasion de recevoir les vaccins, cela contribuerait \u00e0 r\u00e9duire une partie du fardeau de la sant\u00e9 mentale et permettrait aux patients de se concentrer sur leurs traitements et leurs soins. <\/span><\/span><\/span><\/p>\n<p lang=\"fr-CA\"><span style=\"color: #333333;\"><span style=\"font-family: Helvetica Neue, serif;\"><span style=\"font-size: medium;\">Conform\u00e9ment \u00e0 l&#8217;objectif de sant\u00e9 publique visant \u00e0 minimiser les maladies graves et le nombre total de d\u00e9c\u00e8s r\u00e9sultant de la pand\u00e9mie de COVID-19, nous sugg\u00e9rons que les patients atteints du cancer et de maladies respiratoires chroniques soient prioritaires par rapport \u00e0 la population g\u00e9n\u00e9rale.<\/span><\/span><\/span><\/p>\n<p lang=\"fr-CA\"><span style=\"color: #333333;\"><span style=\"font-family: Helvetica Neue, serif;\"><span style=\"font-size: medium;\">Nous appr\u00e9cions l\u2019attention que vous portez \u00e0 cette question importante et nous vous prions d&#8217;accepter l&#8217;expression de nos meilleures salutations.<\/span><\/span><\/span><\/p>\n<p style=\"text-align: left;\"><span style=\"color: #333333;\"><span style=\"font-family: Helvetica Neue, serif;\"><span style=\"font-size: medium;\">Peter Glazier<br \/>\nvice-pr\u00e9sident ex\u00e9cutif<br \/>\nLung Health Foundation\u00a0 \u00a0 \u00a0 \u00a0 \u00a0 \u00a0 \u00a0 \u00a0 \u00a0 \u00a0 \u00a0 \u00a0 \u00a0 \u00a0 \u00a0 \u00a0 \u00a0 \u00a0 \u00a0 \u00a0 \u00a0 \u00a0 \u00a0 \u00a0 \u00a0 \u00a0 \u00a0 \u00a0 \u00a0 \u00a0 \u00a0 \u00a0 \u00a0 \u00a0 \u00a0 \u00a0 \u00a0 \u00a0 \u00a0 \u00a0 \u00a0 \u00a0 \u00a0 \u00a0 \u00a0 \u00a0 \u00a0 \u00a0 \u00a0 \u00a0 \u00a0 \u00a0 \u00a0 \u00a0 \u00a0 \u00a0 \u00a0 \u00a0 \u00a0 \u00a0 \u00a0 \u00a0 \u00a0 \u00a0 \u00a0 \u00a0 \u00a0 \u00a0 \u00a0\u00a0<\/span><\/span><\/span><\/p>\n<p style=\"text-align: left;\"><span style=\"color: #333333;\"><span style=\"font-family: Helvetica Neue, serif;\"><span style=\"font-size: medium;\">Jackie Manthorne<br \/>\npr\u00e9sidente &amp; PDG<br \/>\nR\u00e9seau canadien des survivants du cancer <\/span><\/span><\/span><\/p>\n<h2 class=\"western\" lang=\"fr-CA\"><span style=\"color: #0d3c50;\"><span style=\"font-family: Helvetica Neue, serif;\"><span style=\"font-size: x-large;\">R\u00e9ponse des repr\u00e9sentants de la sant\u00e9 de la Nouvelle-\u00c9cosse :<\/span><\/span><\/span><\/h2>\n<p><span style=\"color: #333333;\"><span style=\"font-family: Helvetica Neue, serif;\"><span style=\"font-size: medium;\">Madame,<\/span><\/span><\/span><\/p>\n<p><span style=\"color: #333333;\"><span style=\"font-family: Helvetica Neue, serif;\"><span style=\"font-size: medium;\">Monsieur,<\/span><\/span><\/span><\/p>\n<p lang=\"fr-CA\"><span style=\"color: #333333;\"><span style=\"font-family: Helvetica Neue, serif;\"><span style=\"font-size: medium;\">Je vous remercie de votre lettre du 24 mars 2021 concernant le d\u00e9ploiement de la vaccination contre la COVID-19. \u00c0 titre de directrice ex\u00e9cutive principale, responsable de la Sant\u00e9 publique, de la Sant\u00e9 mentale, des D\u00e9pendances, et des Soins actifs en Nouvelle-\u00c9cosse, le ministre m\u2019a demand\u00e9 de r\u00e9pondre en son nom. <\/span><\/span><\/span><\/p>\n<p lang=\"fr-CA\"><span style=\"color: #333333;\"><span style=\"font-family: Helvetica Neue, serif;\"><span style=\"font-size: medium;\">Je comprends tr\u00e8s bien les pr\u00e9occupations des personnes atteintes de maladies sous-jacentes et des membres de leur famille concernant le moment o\u00f9 ils peuvent recevoir la vaccination contre la COVID. Le gouvernement de la Nouvelle-\u00c9cosse d\u00e9ploie rapidement la vaccination contre la COVID-19 dans toute la province, et le d\u00e9ploiement est bas\u00e9 sur deux principes cl\u00e9s :<\/span><\/span><\/span><\/p>\n<ul class=\"content-list\">\n<li>\n<p lang=\"fr-CA\"><span style=\"color: #333333;\"><span style=\"font-family: Helvetica Neue, serif;\"><span style=\"font-size: medium;\">L&#8217;acc\u00e8s \u00e0 la vaccination au plus grand nombre de personnes possible afin de d\u00e9velopper une immunit\u00e9 de la population aussi rapidement que possible, parce que cela prot\u00e9gera toute la population, qu\u2019elle ait re\u00e7u ou non la vaccination contre la COVID-19?;<\/span><\/span><\/span><\/p>\n<\/li>\n<li>\n<p lang=\"fr-CA\"><span style=\"color: #333333;\"><span style=\"font-family: Helvetica Neue, serif;\"><span style=\"font-size: medium;\">La s\u00e9quence d\u2019admissibilit\u00e9 pour la vaccination bas\u00e9e sur l\u2019\u00e2ge, qui est le principal facteur de risque pour la maladie grave, l\u2019hospitalisation et les d\u00e9c\u00e8s de la COVID-19. <\/span><\/span><\/span><\/p>\n<\/li>\n<\/ul>\n<p><span style=\"color: #333333;\"><span style=\"font-family: Helvetica Neue, serif;\"><span style=\"font-size: medium;\"><span lang=\"fr-CA\">Si nous donnons la priorit\u00e9 \u00e0 des maladies sp\u00e9cifiques, le renforcement de l\u2019immunit\u00e9 de la population sera beaucoup plus lent. Ceux qui sont plus \u00e2g\u00e9s sont \u00e0 un plus grand risque d\u2019avoir des sympt\u00f4mes graves caus\u00e9s par la COVID. Le programme d\u2019immunisation de la Nouvelle-\u00c9cosse vise \u00e0 immuniser le plus grand nombre de personnes, aussi vite que possible, et \u00e0 prot\u00e9ger les personnes les plus vuln\u00e9rables. La disponibilit\u00e9 de la vaccination en fonction de l\u2019\u00e2ge est \u00e9galement l\u2019approche la plus efficace pour la vaccination de masse, ce qui permettra \u00e0 un plus grand nombre de N\u00e9o-\u00c9cossais de recevoir la vaccination plus t\u00f4t. L\u2019acc\u00e8s \u00e0 la vaccination au plus grand nombre de personnes possible permettra de renforcer plus rapidement l\u2019immunit\u00e9 de la population, parce que cela prot\u00e9gera l\u2019ensemble de la population, qu\u2019elle ait re\u00e7u ou non la vaccination contre la COVID-19. Par cons\u00e9quent, pour le bien collectif de tous les N\u00e9o-\u00c9cossais, nous avons choisi de suivre une approche fond\u00e9e sur l\u2019\u00e2ge pour l\u2019admissibilit\u00e9 \u00e0 la vaccination contre la COVID-19 de la grande majorit\u00e9 des N\u00e9o-\u00c9cossais. <\/span><\/span><\/span><\/span><\/p>\n<p><span style=\"color: #333333;\"><span style=\"font-family: Helvetica Neue, serif;\"><span style=\"font-size: medium;\"><span lang=\"fr-CA\">Le gouvernement de la Nouvelle-\u00c9cosse d\u00e9ploie rapidement la vaccination contre la COVID-19 \u00e0 travers la province. Une liste des groupes qui seront vaccin\u00e9s dans les phases 1 et 2 est disponible sur notre site Web : <\/span><\/span><\/span><\/span><a href=\"https:\/\/novascotia.ca\/coronavirus\/vaccine\/fr\/\"><span style=\"font-family: Helvetica Neue, serif;\"><span style=\"font-size: medium;\"><span lang=\"fr-CA\">Coronavirus (COVID-19) : vaccin \u2013 gouvernement de la Nouvelle-\u00c9cosse, Canada<\/span><\/span><\/span><\/a><span style=\"color: #333333;\"><span style=\"font-family: Helvetica Neue, serif;\"><span style=\"font-size: medium;\"><span lang=\"fr-CA\">. Les N\u00e9o-\u00c9cossais qui n\u2019ont pas re\u00e7u leur vaccin lors des phases1 ou 2 le recevront lors de la phase 3, quelle que soit leur condition de sant\u00e9 sous-jacente. Il y aura des communiqu\u00e9s publics r\u00e9guliers au fur et \u00e0 mesure du d\u00e9ploiement de la vaccination afin que les N\u00e9o-\u00c9cossais sachent quand ils pourront se faire vacciner. Vous trouverez des informations suppl\u00e9mentaires \u00e0 l\u2019adresse : <\/span><\/span><\/span><\/span><a href=\"https:\/\/novascotia.ca\/coronavirus\/vaccine\/fr\/\"><span style=\"font-family: Helvetica Neue, serif;\"><span style=\"font-size: medium;\"><span lang=\"fr-CA\">https:\/\/novascotia.ca\/coronavirus\/vaccine\/fr\/<\/span><\/span><\/span><\/a><\/p>\n<p lang=\"fr-CA\"><span style=\"color: #333333;\"><span style=\"font-family: Helvetica Neue, serif;\"><span style=\"font-size: medium;\">Dans l\u2019intervalle, nous demandons \u00e0 tout le monde d\u2019\u00eatre patient et de suivre les mises \u00e0 jour. En outre, nous demandons aux N\u00e9o-\u00c9cossais de continuer d\u2019\u00eatre vigilant sur les questions de sant\u00e9 publique. Au moins pour les premi\u00e8res phases du d\u00e9ploiement de la vaccination, nous avons toujours besoin de porter un masque, de garder une distance de 2 m\u00e8tres\/6 pieds des autres, de pratiquer une bonne hygi\u00e8ne, de suivre des limites pour des rassemblements et de rester \u00e0 la maison si on est malade. <\/span><\/span><\/span><\/p>\n<p lang=\"fr-CA\"><span style=\"color: #333333;\"><span style=\"font-family: Helvetica Neue, serif;\"><span style=\"font-size: medium;\">Je vous remercie d\u2019avoir pris le temps de partager vos pr\u00e9occupations et je vous transmets nos meilleures salutations.<\/span><\/span><\/span><\/p>\n<p lang=\"fr-CA\"><span style=\"color: #333333;\"><span style=\"font-family: Helvetica Neue, serif;\"><span style=\"font-size: medium;\">Vanessa Chouinard<br \/>\nDirectrice ex\u00e9cutive principale<br \/>\nSant\u00e9 publique, Sant\u00e9 mentale, D\u00e9pendances et Soins Actifs Minist\u00e8re de la Sant\u00e9 et du Mieux-\u00catre<\/span><\/span><\/span><\/p>\n<p lang=\"fr-CA\">\n","protected":false},"excerpt":{"rendered":"<p>Le 24 mars 2021 Ministre Zach Churchill Ministre de la Sant\u00e9 et du Mieux-\u00catre Barrington Tower, 1894 rue Barrington C.P. 488 Halifax, Nouvelle-\u00c9cosse, B3J 2R8\u00a0 \u00a0 \u00a0 \u00a0 \u00a0 \u00a0 \u00a0 \u00a0<\/p>\n","protected":false},"author":2,"featured_media":0,"parent":20817,"menu_order":0,"comment_status":"closed","ping_status":"closed","template":"","meta":{"_acf_changed":false,"footnotes":""},"class_list":["post-22119","page","type-page","status-publish","hentry"],"acf":[],"yoast_head":"<!-- This site is optimized with the Yoast SEO plugin v27.1.1 - https:\/\/yoast.com\/product\/yoast-seo-wordpress\/ -->\n<title>Lettre adress\u00e9e au ministre Churchill - Canadian Cancer Survivor Network<\/title>\n<meta name=\"robots\" content=\"index, follow, max-snippet:-1, max-image-preview:large, max-video-preview:-1\" \/>\n<link rel=\"canonical\" href=\"https:\/\/survivornet.ca\/fr\/agissez\/le-cancer-ne-peut-pas-attendre-old\/lettre-adressee-au-ministre-churchill\/\" \/>\n<meta property=\"og:locale\" content=\"fr_FR\" \/>\n<meta property=\"og:type\" content=\"article\" \/>\n<meta property=\"og:title\" content=\"Lettre adress\u00e9e au ministre Churchill - Canadian Cancer Survivor Network\" \/>\n<meta property=\"og:description\" content=\"Le 24 mars 2021 Ministre Zach Churchill Ministre de la Sant\u00e9 et du Mieux-\u00catre Barrington Tower, 1894 rue Barrington C.P. 488 Halifax, Nouvelle-\u00c9cosse, B3J 2R8\u00a0 \u00a0 \u00a0 \u00a0 \u00a0 \u00a0 \u00a0 \u00a0\" \/>\n<meta property=\"og:url\" content=\"https:\/\/survivornet.ca\/fr\/agissez\/le-cancer-ne-peut-pas-attendre-old\/lettre-adressee-au-ministre-churchill\/\" \/>\n<meta property=\"og:site_name\" content=\"Canadian Cancer Survivor Network\" \/>\n<meta property=\"article:modified_time\" content=\"2021-06-30T19:11:12+00:00\" \/>\n<meta name=\"twitter:card\" content=\"summary_large_image\" \/>\n<meta name=\"twitter:label1\" content=\"Dur\u00e9e de lecture estim\u00e9e\" \/>\n\t<meta name=\"twitter:data1\" content=\"6 minutes\" \/>\n<script type=\"application\/ld+json\" class=\"yoast-schema-graph\">{\"@context\":\"https:\/\/schema.org\",\"@graph\":[{\"@type\":\"WebPage\",\"@id\":\"https:\/\/survivornet.ca\/fr\/agissez\/le-cancer-ne-peut-pas-attendre-old\/lettre-adressee-au-ministre-churchill\/\",\"url\":\"https:\/\/survivornet.ca\/fr\/agissez\/le-cancer-ne-peut-pas-attendre-old\/lettre-adressee-au-ministre-churchill\/\",\"name\":\"Lettre adress\u00e9e au ministre Churchill - Canadian Cancer Survivor Network\",\"isPartOf\":{\"@id\":\"https:\/\/survivornet.ca\/#website\"},\"datePublished\":\"2021-06-30T18:49:18+00:00\",\"dateModified\":\"2021-06-30T19:11:12+00:00\",\"breadcrumb\":{\"@id\":\"https:\/\/survivornet.ca\/fr\/agissez\/le-cancer-ne-peut-pas-attendre-old\/lettre-adressee-au-ministre-churchill\/#breadcrumb\"},\"inLanguage\":\"fr-FR\",\"potentialAction\":[{\"@type\":\"ReadAction\",\"target\":[\"https:\/\/survivornet.ca\/fr\/agissez\/le-cancer-ne-peut-pas-attendre-old\/lettre-adressee-au-ministre-churchill\/\"]}]},{\"@type\":\"BreadcrumbList\",\"@id\":\"https:\/\/survivornet.ca\/fr\/agissez\/le-cancer-ne-peut-pas-attendre-old\/lettre-adressee-au-ministre-churchill\/#breadcrumb\",\"itemListElement\":[{\"@type\":\"ListItem\",\"position\":1,\"name\":\"Home\",\"item\":\"https:\/\/survivornet.ca\/fr\/\"},{\"@type\":\"ListItem\",\"position\":2,\"name\":\"Agissez\",\"item\":\"https:\/\/survivornet.ca\/fr\/agissez\/\"},{\"@type\":\"ListItem\",\"position\":3,\"name\":\"Le cancer ne peut pas attendre\",\"item\":\"https:\/\/survivornet.ca\/fr\/agissez\/le-cancer-ne-peut-pas-attendre-old\/\"},{\"@type\":\"ListItem\",\"position\":4,\"name\":\"Lettre adress\u00e9e au ministre Churchill\"}]},{\"@type\":\"WebSite\",\"@id\":\"https:\/\/survivornet.ca\/#website\",\"url\":\"https:\/\/survivornet.ca\/\",\"name\":\"Canadian Cancer Survivor Network\",\"description\":\"The Canadian Cancer Survivor Network was created by a group of Canadians concerned about cancer.\",\"publisher\":{\"@id\":\"https:\/\/survivornet.ca\/#organization\"},\"potentialAction\":[{\"@type\":\"SearchAction\",\"target\":{\"@type\":\"EntryPoint\",\"urlTemplate\":\"https:\/\/survivornet.ca\/?s={search_term_string}\"},\"query-input\":{\"@type\":\"PropertyValueSpecification\",\"valueRequired\":true,\"valueName\":\"search_term_string\"}}],\"inLanguage\":\"fr-FR\"},{\"@type\":\"Organization\",\"@id\":\"https:\/\/survivornet.ca\/#organization\",\"name\":\"Canadian Cancer Survivor Network\",\"url\":\"https:\/\/survivornet.ca\/\",\"logo\":{\"@type\":\"ImageObject\",\"inLanguage\":\"fr-FR\",\"@id\":\"https:\/\/survivornet.ca\/#\/schema\/logo\/image\/\",\"url\":\"http:\/\/survivornet.ca\/wp-content\/uploads\/2016\/12\/CCSN_Logo_EN_SQUARE.png\",\"contentUrl\":\"http:\/\/survivornet.ca\/wp-content\/uploads\/2016\/12\/CCSN_Logo_EN_SQUARE.png\",\"width\":1209,\"height\":1007,\"caption\":\"Canadian Cancer Survivor Network\"},\"image\":{\"@id\":\"https:\/\/survivornet.ca\/#\/schema\/logo\/image\/\"}}]}<\/script>\n<!-- \/ Yoast SEO plugin. -->","yoast_head_json":{"title":"Lettre adress\u00e9e au ministre Churchill - Canadian Cancer Survivor Network","robots":{"index":"index","follow":"follow","max-snippet":"max-snippet:-1","max-image-preview":"max-image-preview:large","max-video-preview":"max-video-preview:-1"},"canonical":"https:\/\/survivornet.ca\/fr\/agissez\/le-cancer-ne-peut-pas-attendre-old\/lettre-adressee-au-ministre-churchill\/","og_locale":"fr_FR","og_type":"article","og_title":"Lettre adress\u00e9e au ministre Churchill - Canadian Cancer Survivor Network","og_description":"Le 24 mars 2021 Ministre Zach Churchill Ministre de la Sant\u00e9 et du Mieux-\u00catre Barrington Tower, 1894 rue Barrington C.P. 488 Halifax, Nouvelle-\u00c9cosse, B3J 2R8\u00a0 \u00a0 \u00a0 \u00a0 \u00a0 \u00a0 \u00a0 \u00a0","og_url":"https:\/\/survivornet.ca\/fr\/agissez\/le-cancer-ne-peut-pas-attendre-old\/lettre-adressee-au-ministre-churchill\/","og_site_name":"Canadian Cancer Survivor Network","article_modified_time":"2021-06-30T19:11:12+00:00","twitter_card":"summary_large_image","twitter_misc":{"Dur\u00e9e de lecture estim\u00e9e":"6 minutes"},"schema":{"@context":"https:\/\/schema.org","@graph":[{"@type":"WebPage","@id":"https:\/\/survivornet.ca\/fr\/agissez\/le-cancer-ne-peut-pas-attendre-old\/lettre-adressee-au-ministre-churchill\/","url":"https:\/\/survivornet.ca\/fr\/agissez\/le-cancer-ne-peut-pas-attendre-old\/lettre-adressee-au-ministre-churchill\/","name":"Lettre adress\u00e9e au ministre Churchill - Canadian Cancer Survivor Network","isPartOf":{"@id":"https:\/\/survivornet.ca\/#website"},"datePublished":"2021-06-30T18:49:18+00:00","dateModified":"2021-06-30T19:11:12+00:00","breadcrumb":{"@id":"https:\/\/survivornet.ca\/fr\/agissez\/le-cancer-ne-peut-pas-attendre-old\/lettre-adressee-au-ministre-churchill\/#breadcrumb"},"inLanguage":"fr-FR","potentialAction":[{"@type":"ReadAction","target":["https:\/\/survivornet.ca\/fr\/agissez\/le-cancer-ne-peut-pas-attendre-old\/lettre-adressee-au-ministre-churchill\/"]}]},{"@type":"BreadcrumbList","@id":"https:\/\/survivornet.ca\/fr\/agissez\/le-cancer-ne-peut-pas-attendre-old\/lettre-adressee-au-ministre-churchill\/#breadcrumb","itemListElement":[{"@type":"ListItem","position":1,"name":"Home","item":"https:\/\/survivornet.ca\/fr\/"},{"@type":"ListItem","position":2,"name":"Agissez","item":"https:\/\/survivornet.ca\/fr\/agissez\/"},{"@type":"ListItem","position":3,"name":"Le cancer ne peut pas attendre","item":"https:\/\/survivornet.ca\/fr\/agissez\/le-cancer-ne-peut-pas-attendre-old\/"},{"@type":"ListItem","position":4,"name":"Lettre adress\u00e9e au ministre Churchill"}]},{"@type":"WebSite","@id":"https:\/\/survivornet.ca\/#website","url":"https:\/\/survivornet.ca\/","name":"Canadian Cancer Survivor Network","description":"The Canadian Cancer Survivor Network was created by a group of Canadians concerned about cancer.","publisher":{"@id":"https:\/\/survivornet.ca\/#organization"},"potentialAction":[{"@type":"SearchAction","target":{"@type":"EntryPoint","urlTemplate":"https:\/\/survivornet.ca\/?s={search_term_string}"},"query-input":{"@type":"PropertyValueSpecification","valueRequired":true,"valueName":"search_term_string"}}],"inLanguage":"fr-FR"},{"@type":"Organization","@id":"https:\/\/survivornet.ca\/#organization","name":"Canadian Cancer Survivor Network","url":"https:\/\/survivornet.ca\/","logo":{"@type":"ImageObject","inLanguage":"fr-FR","@id":"https:\/\/survivornet.ca\/#\/schema\/logo\/image\/","url":"http:\/\/survivornet.ca\/wp-content\/uploads\/2016\/12\/CCSN_Logo_EN_SQUARE.png","contentUrl":"http:\/\/survivornet.ca\/wp-content\/uploads\/2016\/12\/CCSN_Logo_EN_SQUARE.png","width":1209,"height":1007,"caption":"Canadian Cancer Survivor Network"},"image":{"@id":"https:\/\/survivornet.ca\/#\/schema\/logo\/image\/"}}]}},"_links":{"self":[{"href":"https:\/\/survivornet.ca\/fr\/wp-json\/wp\/v2\/pages\/22119","targetHints":{"allow":["GET"]}}],"collection":[{"href":"https:\/\/survivornet.ca\/fr\/wp-json\/wp\/v2\/pages"}],"about":[{"href":"https:\/\/survivornet.ca\/fr\/wp-json\/wp\/v2\/types\/page"}],"author":[{"embeddable":true,"href":"https:\/\/survivornet.ca\/fr\/wp-json\/wp\/v2\/users\/2"}],"replies":[{"embeddable":true,"href":"https:\/\/survivornet.ca\/fr\/wp-json\/wp\/v2\/comments?post=22119"}],"version-history":[{"count":0,"href":"https:\/\/survivornet.ca\/fr\/wp-json\/wp\/v2\/pages\/22119\/revisions"}],"up":[{"embeddable":true,"href":"https:\/\/survivornet.ca\/fr\/wp-json\/wp\/v2\/pages\/20817"}],"wp:attachment":[{"href":"https:\/\/survivornet.ca\/fr\/wp-json\/wp\/v2\/media?parent=22119"}],"curies":[{"name":"wp","href":"https:\/\/api.w.org\/{rel}","templated":true}]}}