{"id":21637,"date":"2021-03-31T13:53:27","date_gmt":"2021-03-31T17:53:27","guid":{"rendered":"https:\/\/survivornet.ca\/?page_id=21637"},"modified":"2021-06-30T15:10:32","modified_gmt":"2021-06-30T19:10:32","slug":"lettre-adressee-au-ministre-dube","status":"publish","type":"page","link":"https:\/\/survivornet.ca\/fr\/agissez\/le-cancer-ne-peut-pas-attendre-old\/lettre-adressee-au-ministre-dube\/","title":{"rendered":"Lettre adress\u00e9e au Ministre Dub\u00e9\u00a0"},"content":{"rendered":"<p><span style=\"font-weight: 400;\">Le R\u00e9seau canadien des survivants du cancer et la <em>Lung Health Fondation<\/em> ont \u00e9crit une lettre au Ministre qu\u00e9b\u00e9cois de la Sant\u00e9 et des Service Sociaux afin de plaider la cause de l&#8217;acc\u00e8s au vaccin contre la COVID-19 pour des patients atteint de cancer. Les deux organismes s&#8217;entendent pour dire que les patients atteints de cancer devraient \u00eatre prioris\u00e9s par la campagne provinciale de vaccination.<\/span><\/p>\n<p>24 March 2021<br \/>\n<span style=\"font-weight: 400;\">Minist<\/span><span style=\"font-weight: 400;\">re Christian Dub\u00e9<\/span><span style=\"font-weight: 400;\"><br \/>\n<\/span><span style=\"font-weight: 400;\">Minist<\/span><span style=\"font-weight: 400;\">\u00e8re de la Sant\u00e9 et des Services Sociaux<\/span><span style=\"font-weight: 400;\"><br \/>\n<\/span>\u00c9difice Catherine-De Longpr\u00e9<br \/>\n1075, chemin Sainte-Foy<br \/>\nQu\u00e9bec (Quebec) G1S 2M1<\/p>\n<p><span style=\"font-weight: 400;\">Monsieur le Ministre,<\/span><\/p>\n<p><span style=\"color: #333333;\"><span style=\"font-family: Helvetica Neue, serif;\"><span style=\"font-size: medium;\"><span lang=\"fr-CA\">Nous vous \u00e9crivons aujourd\u2019hui au sujet de votre plan int\u00e9gr\u00e9 d\u2019\u00e9tablissement des priorit\u00e9s pour l\u2019immunisation \u00e0 la COVID-19. Notre pr\u00e9occupation principale est que votre province n\u2019a pas encore explicitement donn\u00e9 la priorit\u00e9 aux patients atteints du cancer ou de maladies respiratoires dans vos plans de vaccination contre la COVID-19. Nous reconnaissons que cela peut \u00eatre attribuable au fait que le Comit\u00e9 consultatif national de l\u2019immunisation n\u2019ait pas formul\u00e9 de recommandations claires sur le moment et la mani\u00e8re de vacciner les populations atteintes de maladies sous-jacentes. <\/span><\/span><\/span><\/span><\/p>\n<p><span style=\"color: #333333;\"><span style=\"font-family: Helvetica Neue, serif;\"><span style=\"font-size: medium;\"><span lang=\"fr-CA\">En revanche, presque toutes les autres provinces du Canada ont reconnu l\u2019importance de donner la priorit\u00e9 aux personnes atteintes de maladies sous-jacentes qui rendent les patients plus vuln\u00e9rables aux maladies graves et \u00e0 la mort, et elles ont d\u00e9cid\u00e9 d\u2019inclure ces populations \u00e0 haut risque dans leurs plans int\u00e9gr\u00e9s d\u2019\u00e9tablissement des priorit\u00e9s. En tant qu\u2019organisations repr\u00e9sentant les patients canadiens atteints du cancer et les personnes atteintes de maladies respiratoires, nous exhortons votre gouvernement \u00e0 suivre l\u2019exemple des autres provinces et \u00e0 mettre \u00e0 jour vos plans de d\u00e9ploiement afin de donner la priorit\u00e9 aux patients atteints du cancer et aux personnes atteintes de maladies respiratoires chroniques.<\/span><\/span><\/span><\/span><\/p>\n<p lang=\"fr-CA\"><span style=\"color: #333333;\"><span style=\"font-family: Helvetica Neue, serif;\"><span style=\"font-size: medium;\">Bien que les personnes atteintes de maladies sous-jacentes puissent ne pas r\u00e9pondre aussi bien aux vaccinations, elles peuvent \u00e9galement \u00eatre plus susceptibles d\u2019avoir une r\u00e9action grave \u00e0 la COVID-19. Ainsi, m\u00eame un degr\u00e9 de protection moindre est d\u2019une haute importance pour les personnes pr\u00e9sentant des maladies \u00e0 risque \u00e9lev\u00e9. Les patients atteints du cancer et ceux qui atteint de maladies respiratoires chroniques sont particuli\u00e8rement vuln\u00e9rables aux complications graves de la COVID-19, et pr\u00e9sentent un risque \u00e9lev\u00e9 de mortalit\u00e9. Les traitements contre le cancer, tels que les chimioth\u00e9rapies et les immunoth\u00e9rapies, peuvent affaiblir le syst\u00e8me immunitaire et rendre plus difficile la lutte contre l\u2019infection \u00e0 la COVID-19. <\/span><\/span><\/span><span style=\"color: #333333;\"><span style=\"font-family: Helvetica Neue, serif;\"><span style=\"font-size: medium;\"><span lang=\"fr-CA\">En outre, il y a des preuves importantes qui d\u00e9montrent que ceux qui sont atteints de maladies respiratoires comme la maladie pulmonaire obstructive chronique ont un risque beaucoup plus \u00e9lev\u00e9 de d\u00e9velopper une maladie grave.<\/span><\/span><\/span><\/span><\/p>\n<p lang=\"fr-CA\"><span style=\"color: #333333;\"><span style=\"font-family: Helvetica Neue, serif;\"><span style=\"font-size: medium;\">Il est \u00e9galement important de noter que le fardeau de la sant\u00e9 mentale que la pand\u00e9mie fait peser sur les populations de patients est immense. Les patients et les proches aidants vivent dans un \u00e9tat d\u2019anxi\u00e9t\u00e9 constant avec les craintes qu\u2019eux-m\u00eames, ou leurs proches, contractent la COVID-19. Une pr\u00e9valence accrue de sympt\u00f4mes tels que l\u2019humeur d\u00e9pressive, l\u2019anxi\u00e9t\u00e9 et l\u2019insomnie a \u00e9t\u00e9 constat\u00e9e chez les patients dont plusieurs indiquent qu\u2019ils ont \u00e9vit\u00e9 de rechercher des soins en personne par crainte de contracter la COVID-19. Si ces personnes avaient l\u2019occasion de recevoir les vaccins, cela contribuerait \u00e0 r\u00e9duire une partie du fardeau de la sant\u00e9 mentale et permettrait aux patients de se concentrer sur leurs traitements et leurs soins. <\/span><\/span><\/span><\/p>\n<p lang=\"fr-CA\"><span style=\"color: #333333;\"><span style=\"font-family: Helvetica Neue, serif;\"><span style=\"font-size: medium;\">Conform\u00e9ment \u00e0 l&#8217;objectif de sant\u00e9 publique visant \u00e0 minimiser les maladies graves et le nombre total de d\u00e9c\u00e8s r\u00e9sultant de la pand\u00e9mie de COVID-19, nous sugg\u00e9rons que les patients atteints du cancer et de maladies respiratoires chroniques soient prioritaires par rapport \u00e0 la population g\u00e9n\u00e9rale.<\/span><\/span><\/span><\/p>\n<p lang=\"fr-CA\"><span style=\"color: #333333;\"><span style=\"font-family: Helvetica Neue, serif;\"><span style=\"font-size: medium;\">Nous appr\u00e9cions l\u2019attention que vous portez \u00e0 cette question importante. <\/span><\/span><\/span><\/p>\n<p lang=\"fr-CA\"><span style=\"color: #333333;\"><span style=\"font-family: Helvetica Neue, serif;\"><span style=\"font-size: medium;\">Sinc\u00e8rement,<\/span><\/span><\/span><\/p>\n<p><span style=\"color: #333333;\"><span style=\"font-family: Helvetica Neue, serif;\"><span style=\"font-size: medium;\">Peter Glazier<br \/>\n<\/span><\/span><\/span><span style=\"color: #333333;\"><span style=\"font-family: Helvetica Neue, serif;\"><span style=\"font-size: medium;\">vice-pr\u00e9sident ex\u00e9cutif<br \/>\nLung Health Foundation<\/span><\/span><\/span><\/p>\n<p><span style=\"color: #333333;\"><span style=\"font-family: Helvetica Neue, serif;\"><span style=\"font-size: medium;\">Jackie Manthorne<br \/>\npr\u00e9sidente &amp; PDG<br \/>\nR\u00e9seau canadien des survivants du cancer <\/span><\/span><\/span><\/p>\n<p>&nbsp;<\/p>\n","protected":false},"excerpt":{"rendered":"<p>Le R\u00e9seau canadien des survivants du cancer et la Lung Health Fondation ont \u00e9crit une lettre au Ministre qu\u00e9b\u00e9cois de la Sant\u00e9 et des Service Sociaux afin de plaider la cause de<\/p>\n","protected":false},"author":2,"featured_media":0,"parent":20817,"menu_order":0,"comment_status":"closed","ping_status":"closed","template":"","meta":{"_acf_changed":false,"footnotes":""},"class_list":["post-21637","page","type-page","status-publish","hentry"],"acf":[],"yoast_head":"<!-- This site is optimized with the Yoast SEO plugin v27.1.1 - https:\/\/yoast.com\/product\/yoast-seo-wordpress\/ -->\n<title>Lettre adress\u00e9e au Ministre Dub\u00e9\u00a0 - Canadian Cancer Survivor Network<\/title>\n<meta name=\"robots\" content=\"index, follow, max-snippet:-1, max-image-preview:large, max-video-preview:-1\" \/>\n<link rel=\"canonical\" href=\"https:\/\/survivornet.ca\/fr\/agissez\/le-cancer-ne-peut-pas-attendre-old\/lettre-adressee-au-ministre-dube\/\" \/>\n<meta property=\"og:locale\" content=\"fr_FR\" \/>\n<meta property=\"og:type\" content=\"article\" \/>\n<meta property=\"og:title\" content=\"Lettre adress\u00e9e au Ministre Dub\u00e9\u00a0 - Canadian Cancer Survivor Network\" \/>\n<meta property=\"og:description\" content=\"Le R\u00e9seau canadien des survivants du cancer et la Lung Health Fondation ont \u00e9crit une lettre au Ministre qu\u00e9b\u00e9cois de la Sant\u00e9 et des Service Sociaux afin de plaider la cause de\" \/>\n<meta property=\"og:url\" content=\"https:\/\/survivornet.ca\/fr\/agissez\/le-cancer-ne-peut-pas-attendre-old\/lettre-adressee-au-ministre-dube\/\" \/>\n<meta property=\"og:site_name\" content=\"Canadian Cancer Survivor Network\" \/>\n<meta property=\"article:modified_time\" content=\"2021-06-30T19:10:32+00:00\" \/>\n<meta name=\"twitter:card\" content=\"summary_large_image\" \/>\n<meta name=\"twitter:label1\" content=\"Dur\u00e9e de lecture estim\u00e9e\" \/>\n\t<meta name=\"twitter:data1\" content=\"3 minutes\" \/>\n<script type=\"application\/ld+json\" class=\"yoast-schema-graph\">{\"@context\":\"https:\/\/schema.org\",\"@graph\":[{\"@type\":\"WebPage\",\"@id\":\"https:\/\/survivornet.ca\/fr\/agissez\/le-cancer-ne-peut-pas-attendre-old\/lettre-adressee-au-ministre-dube\/\",\"url\":\"https:\/\/survivornet.ca\/fr\/agissez\/le-cancer-ne-peut-pas-attendre-old\/lettre-adressee-au-ministre-dube\/\",\"name\":\"Lettre adress\u00e9e au Ministre Dub\u00e9\u00a0 - Canadian Cancer Survivor Network\",\"isPartOf\":{\"@id\":\"https:\/\/survivornet.ca\/#website\"},\"datePublished\":\"2021-03-31T17:53:27+00:00\",\"dateModified\":\"2021-06-30T19:10:32+00:00\",\"breadcrumb\":{\"@id\":\"https:\/\/survivornet.ca\/fr\/agissez\/le-cancer-ne-peut-pas-attendre-old\/lettre-adressee-au-ministre-dube\/#breadcrumb\"},\"inLanguage\":\"fr-FR\",\"potentialAction\":[{\"@type\":\"ReadAction\",\"target\":[\"https:\/\/survivornet.ca\/fr\/agissez\/le-cancer-ne-peut-pas-attendre-old\/lettre-adressee-au-ministre-dube\/\"]}]},{\"@type\":\"BreadcrumbList\",\"@id\":\"https:\/\/survivornet.ca\/fr\/agissez\/le-cancer-ne-peut-pas-attendre-old\/lettre-adressee-au-ministre-dube\/#breadcrumb\",\"itemListElement\":[{\"@type\":\"ListItem\",\"position\":1,\"name\":\"Home\",\"item\":\"https:\/\/survivornet.ca\/fr\/\"},{\"@type\":\"ListItem\",\"position\":2,\"name\":\"Agissez\",\"item\":\"https:\/\/survivornet.ca\/fr\/agissez\/\"},{\"@type\":\"ListItem\",\"position\":3,\"name\":\"Le cancer ne peut pas attendre\",\"item\":\"https:\/\/survivornet.ca\/fr\/agissez\/le-cancer-ne-peut-pas-attendre-old\/\"},{\"@type\":\"ListItem\",\"position\":4,\"name\":\"Lettre adress\u00e9e au Ministre Dub\u00e9\u00a0\"}]},{\"@type\":\"WebSite\",\"@id\":\"https:\/\/survivornet.ca\/#website\",\"url\":\"https:\/\/survivornet.ca\/\",\"name\":\"Canadian Cancer Survivor Network\",\"description\":\"The Canadian Cancer Survivor Network was created by a group of Canadians concerned about cancer.\",\"publisher\":{\"@id\":\"https:\/\/survivornet.ca\/#organization\"},\"potentialAction\":[{\"@type\":\"SearchAction\",\"target\":{\"@type\":\"EntryPoint\",\"urlTemplate\":\"https:\/\/survivornet.ca\/?s={search_term_string}\"},\"query-input\":{\"@type\":\"PropertyValueSpecification\",\"valueRequired\":true,\"valueName\":\"search_term_string\"}}],\"inLanguage\":\"fr-FR\"},{\"@type\":\"Organization\",\"@id\":\"https:\/\/survivornet.ca\/#organization\",\"name\":\"Canadian Cancer Survivor Network\",\"url\":\"https:\/\/survivornet.ca\/\",\"logo\":{\"@type\":\"ImageObject\",\"inLanguage\":\"fr-FR\",\"@id\":\"https:\/\/survivornet.ca\/#\/schema\/logo\/image\/\",\"url\":\"http:\/\/survivornet.ca\/wp-content\/uploads\/2016\/12\/CCSN_Logo_EN_SQUARE.png\",\"contentUrl\":\"http:\/\/survivornet.ca\/wp-content\/uploads\/2016\/12\/CCSN_Logo_EN_SQUARE.png\",\"width\":1209,\"height\":1007,\"caption\":\"Canadian Cancer Survivor Network\"},\"image\":{\"@id\":\"https:\/\/survivornet.ca\/#\/schema\/logo\/image\/\"}}]}<\/script>\n<!-- \/ Yoast SEO plugin. -->","yoast_head_json":{"title":"Lettre adress\u00e9e au Ministre Dub\u00e9\u00a0 - Canadian Cancer Survivor Network","robots":{"index":"index","follow":"follow","max-snippet":"max-snippet:-1","max-image-preview":"max-image-preview:large","max-video-preview":"max-video-preview:-1"},"canonical":"https:\/\/survivornet.ca\/fr\/agissez\/le-cancer-ne-peut-pas-attendre-old\/lettre-adressee-au-ministre-dube\/","og_locale":"fr_FR","og_type":"article","og_title":"Lettre adress\u00e9e au Ministre Dub\u00e9\u00a0 - Canadian Cancer Survivor Network","og_description":"Le R\u00e9seau canadien des survivants du cancer et la Lung Health Fondation ont \u00e9crit une lettre au Ministre qu\u00e9b\u00e9cois de la Sant\u00e9 et des Service Sociaux afin de plaider la cause de","og_url":"https:\/\/survivornet.ca\/fr\/agissez\/le-cancer-ne-peut-pas-attendre-old\/lettre-adressee-au-ministre-dube\/","og_site_name":"Canadian Cancer Survivor Network","article_modified_time":"2021-06-30T19:10:32+00:00","twitter_card":"summary_large_image","twitter_misc":{"Dur\u00e9e de lecture estim\u00e9e":"3 minutes"},"schema":{"@context":"https:\/\/schema.org","@graph":[{"@type":"WebPage","@id":"https:\/\/survivornet.ca\/fr\/agissez\/le-cancer-ne-peut-pas-attendre-old\/lettre-adressee-au-ministre-dube\/","url":"https:\/\/survivornet.ca\/fr\/agissez\/le-cancer-ne-peut-pas-attendre-old\/lettre-adressee-au-ministre-dube\/","name":"Lettre adress\u00e9e au Ministre Dub\u00e9\u00a0 - Canadian Cancer Survivor Network","isPartOf":{"@id":"https:\/\/survivornet.ca\/#website"},"datePublished":"2021-03-31T17:53:27+00:00","dateModified":"2021-06-30T19:10:32+00:00","breadcrumb":{"@id":"https:\/\/survivornet.ca\/fr\/agissez\/le-cancer-ne-peut-pas-attendre-old\/lettre-adressee-au-ministre-dube\/#breadcrumb"},"inLanguage":"fr-FR","potentialAction":[{"@type":"ReadAction","target":["https:\/\/survivornet.ca\/fr\/agissez\/le-cancer-ne-peut-pas-attendre-old\/lettre-adressee-au-ministre-dube\/"]}]},{"@type":"BreadcrumbList","@id":"https:\/\/survivornet.ca\/fr\/agissez\/le-cancer-ne-peut-pas-attendre-old\/lettre-adressee-au-ministre-dube\/#breadcrumb","itemListElement":[{"@type":"ListItem","position":1,"name":"Home","item":"https:\/\/survivornet.ca\/fr\/"},{"@type":"ListItem","position":2,"name":"Agissez","item":"https:\/\/survivornet.ca\/fr\/agissez\/"},{"@type":"ListItem","position":3,"name":"Le cancer ne peut pas attendre","item":"https:\/\/survivornet.ca\/fr\/agissez\/le-cancer-ne-peut-pas-attendre-old\/"},{"@type":"ListItem","position":4,"name":"Lettre adress\u00e9e au Ministre Dub\u00e9\u00a0"}]},{"@type":"WebSite","@id":"https:\/\/survivornet.ca\/#website","url":"https:\/\/survivornet.ca\/","name":"Canadian Cancer Survivor Network","description":"The Canadian Cancer Survivor Network was created by a group of Canadians concerned about cancer.","publisher":{"@id":"https:\/\/survivornet.ca\/#organization"},"potentialAction":[{"@type":"SearchAction","target":{"@type":"EntryPoint","urlTemplate":"https:\/\/survivornet.ca\/?s={search_term_string}"},"query-input":{"@type":"PropertyValueSpecification","valueRequired":true,"valueName":"search_term_string"}}],"inLanguage":"fr-FR"},{"@type":"Organization","@id":"https:\/\/survivornet.ca\/#organization","name":"Canadian Cancer Survivor Network","url":"https:\/\/survivornet.ca\/","logo":{"@type":"ImageObject","inLanguage":"fr-FR","@id":"https:\/\/survivornet.ca\/#\/schema\/logo\/image\/","url":"http:\/\/survivornet.ca\/wp-content\/uploads\/2016\/12\/CCSN_Logo_EN_SQUARE.png","contentUrl":"http:\/\/survivornet.ca\/wp-content\/uploads\/2016\/12\/CCSN_Logo_EN_SQUARE.png","width":1209,"height":1007,"caption":"Canadian Cancer Survivor Network"},"image":{"@id":"https:\/\/survivornet.ca\/#\/schema\/logo\/image\/"}}]}},"_links":{"self":[{"href":"https:\/\/survivornet.ca\/fr\/wp-json\/wp\/v2\/pages\/21637","targetHints":{"allow":["GET"]}}],"collection":[{"href":"https:\/\/survivornet.ca\/fr\/wp-json\/wp\/v2\/pages"}],"about":[{"href":"https:\/\/survivornet.ca\/fr\/wp-json\/wp\/v2\/types\/page"}],"author":[{"embeddable":true,"href":"https:\/\/survivornet.ca\/fr\/wp-json\/wp\/v2\/users\/2"}],"replies":[{"embeddable":true,"href":"https:\/\/survivornet.ca\/fr\/wp-json\/wp\/v2\/comments?post=21637"}],"version-history":[{"count":0,"href":"https:\/\/survivornet.ca\/fr\/wp-json\/wp\/v2\/pages\/21637\/revisions"}],"up":[{"embeddable":true,"href":"https:\/\/survivornet.ca\/fr\/wp-json\/wp\/v2\/pages\/20817"}],"wp:attachment":[{"href":"https:\/\/survivornet.ca\/fr\/wp-json\/wp\/v2\/media?parent=21637"}],"curies":[{"name":"wp","href":"https:\/\/api.w.org\/{rel}","templated":true}]}}