{"id":21598,"date":"2021-03-29T14:55:10","date_gmt":"2021-03-29T18:55:10","guid":{"rendered":"https:\/\/survivornet.ca\/?page_id=21598"},"modified":"2021-03-29T15:27:09","modified_gmt":"2021-03-29T19:27:09","slug":"alex-chevrette-membre","status":"publish","type":"page","link":"https:\/\/survivornet.ca\/fr\/propos\/notre-equipe-2\/conseil-dadministration\/alex-chevrette-membre\/","title":{"rendered":"Alex Chevrette, Membre"},"content":{"rendered":"<p><a href=\"https:\/\/survivornet.ca\/connect\/about-us\/our-team\/board-of-directors\/alex-chevrette-member\/alex-picture-1\/\" rel=\"attachment wp-att-15260\"><img loading=\"lazy\" decoding=\"async\" class=\"alignleft wp-image-15260 size-medium\" src=\"http:\/\/survivornet.ca\/wp-content\/uploads\/2019\/11\/Alex-picture-1-295x300.jpg\" alt=\"\" width=\"295\" height=\"300\" srcset=\"https:\/\/survivornet.ca\/wp-content\/uploads\/2019\/11\/Alex-picture-1-295x300.jpg 295w, https:\/\/survivornet.ca\/wp-content\/uploads\/2019\/11\/Alex-picture-1-768x780.jpg 768w, https:\/\/survivornet.ca\/wp-content\/uploads\/2019\/11\/Alex-picture-1-1008x1024.jpg 1008w, https:\/\/survivornet.ca\/wp-content\/uploads\/2019\/11\/Alex-picture-1-80x80.jpg 80w, https:\/\/survivornet.ca\/wp-content\/uploads\/2019\/11\/Alex-picture-1-375x381.jpg 375w\" sizes=\"auto, (max-width: 295px) 100vw, 295px\" \/><\/a><\/p>\n<p><span style=\"font-weight: 400;\">Alex est un professionnel des finances sp\u00e9cialis\u00e9 dans l&#8217;analyse des march\u00e9s publics. Il a occup\u00e9 divers postes dans le domaine des finances et de la comptabilit\u00e9, autant dans le secteur priv\u00e9 que public. Plus r\u00e9cemment, il a rejoint une soci\u00e9t\u00e9 d&#8217;investissement priv\u00e9e sp\u00e9cialis\u00e9e dans l&#8217;investissement et la gestion de patrimoine pour une client\u00e8le fortun\u00e9e.<\/span><\/p>\n<p><span style=\"font-weight: 400;\">Lorsqu&#8217;il n&#8217;\u00e9tudie pas les march\u00e9s, Alex joue au golf, fait du ski ou voyage.<\/span><\/p>\n","protected":false},"excerpt":{"rendered":"<p>Alex est un professionnel des finances sp\u00e9cialis\u00e9 dans l&#8217;analyse des march\u00e9s publics. Il a occup\u00e9 divers postes dans le domaine des finances et de la comptabilit\u00e9, autant dans le secteur priv\u00e9 que<\/p>\n","protected":false},"author":2,"featured_media":0,"parent":4515,"menu_order":9,"comment_status":"closed","ping_status":"closed","template":"","meta":{"_acf_changed":false,"footnotes":""},"class_list":["post-21598","page","type-page","status-publish","hentry"],"acf":[],"yoast_head":"<!-- This site is optimized with the Yoast SEO plugin v27.4 - https:\/\/yoast.com\/product\/yoast-seo-wordpress\/ -->\n<title>Alex Chevrette, Membre - Canadian Cancer Survivor Network<\/title>\n<meta name=\"robots\" content=\"index, follow, max-snippet:-1, max-image-preview:large, max-video-preview:-1\" \/>\n<link rel=\"canonical\" href=\"https:\/\/survivornet.ca\/fr\/propos\/notre-equipe-2\/conseil-dadministration\/alex-chevrette-membre\/\" \/>\n<meta property=\"og:locale\" content=\"fr_FR\" \/>\n<meta property=\"og:type\" content=\"article\" \/>\n<meta property=\"og:title\" content=\"Alex Chevrette, Membre - Canadian Cancer Survivor Network\" \/>\n<meta property=\"og:description\" content=\"Alex est un professionnel des finances sp\u00e9cialis\u00e9 dans l&#8217;analyse des march\u00e9s publics. Il a occup\u00e9 divers postes dans le domaine des finances et de la comptabilit\u00e9, autant dans le secteur priv\u00e9 que\" \/>\n<meta property=\"og:url\" content=\"https:\/\/survivornet.ca\/fr\/propos\/notre-equipe-2\/conseil-dadministration\/alex-chevrette-membre\/\" \/>\n<meta property=\"og:site_name\" content=\"Canadian Cancer Survivor Network\" \/>\n<meta property=\"article:modified_time\" content=\"2021-03-29T19:27:09+00:00\" \/>\n<meta property=\"og:image\" content=\"http:\/\/survivornet.ca\/wp-content\/uploads\/2019\/11\/Alex-picture-1-295x300.jpg\" \/>\n<meta name=\"twitter:card\" content=\"summary_large_image\" \/>\n<script type=\"application\/ld+json\" class=\"yoast-schema-graph\">{\"@context\":\"https:\\\/\\\/schema.org\",\"@graph\":[{\"@type\":\"WebPage\",\"@id\":\"https:\\\/\\\/survivornet.ca\\\/fr\\\/propos\\\/notre-equipe-2\\\/conseil-dadministration\\\/alex-chevrette-membre\\\/\",\"url\":\"https:\\\/\\\/survivornet.ca\\\/fr\\\/propos\\\/notre-equipe-2\\\/conseil-dadministration\\\/alex-chevrette-membre\\\/\",\"name\":\"Alex Chevrette, Membre - Canadian Cancer Survivor Network\",\"isPartOf\":{\"@id\":\"https:\\\/\\\/survivornet.ca\\\/#website\"},\"primaryImageOfPage\":{\"@id\":\"https:\\\/\\\/survivornet.ca\\\/fr\\\/propos\\\/notre-equipe-2\\\/conseil-dadministration\\\/alex-chevrette-membre\\\/#primaryimage\"},\"image\":{\"@id\":\"https:\\\/\\\/survivornet.ca\\\/fr\\\/propos\\\/notre-equipe-2\\\/conseil-dadministration\\\/alex-chevrette-membre\\\/#primaryimage\"},\"thumbnailUrl\":\"http:\\\/\\\/survivornet.ca\\\/wp-content\\\/uploads\\\/2019\\\/11\\\/Alex-picture-1-295x300.jpg\",\"datePublished\":\"2021-03-29T18:55:10+00:00\",\"dateModified\":\"2021-03-29T19:27:09+00:00\",\"breadcrumb\":{\"@id\":\"https:\\\/\\\/survivornet.ca\\\/fr\\\/propos\\\/notre-equipe-2\\\/conseil-dadministration\\\/alex-chevrette-membre\\\/#breadcrumb\"},\"inLanguage\":\"fr-FR\",\"potentialAction\":[{\"@type\":\"ReadAction\",\"target\":[\"https:\\\/\\\/survivornet.ca\\\/fr\\\/propos\\\/notre-equipe-2\\\/conseil-dadministration\\\/alex-chevrette-membre\\\/\"]}]},{\"@type\":\"ImageObject\",\"inLanguage\":\"fr-FR\",\"@id\":\"https:\\\/\\\/survivornet.ca\\\/fr\\\/propos\\\/notre-equipe-2\\\/conseil-dadministration\\\/alex-chevrette-membre\\\/#primaryimage\",\"url\":\"http:\\\/\\\/survivornet.ca\\\/wp-content\\\/uploads\\\/2019\\\/11\\\/Alex-picture-1-295x300.jpg\",\"contentUrl\":\"http:\\\/\\\/survivornet.ca\\\/wp-content\\\/uploads\\\/2019\\\/11\\\/Alex-picture-1-295x300.jpg\"},{\"@type\":\"BreadcrumbList\",\"@id\":\"https:\\\/\\\/survivornet.ca\\\/fr\\\/propos\\\/notre-equipe-2\\\/conseil-dadministration\\\/alex-chevrette-membre\\\/#breadcrumb\",\"itemListElement\":[{\"@type\":\"ListItem\",\"position\":1,\"name\":\"Home\",\"item\":\"https:\\\/\\\/survivornet.ca\\\/fr\\\/\"},{\"@type\":\"ListItem\",\"position\":2,\"name\":\"\u00c0 propos\",\"item\":\"https:\\\/\\\/survivornet.ca\\\/fr\\\/propos\\\/\"},{\"@type\":\"ListItem\",\"position\":3,\"name\":\"Notre \u00c9quipe\",\"item\":\"https:\\\/\\\/survivornet.ca\\\/fr\\\/propos\\\/notre-equipe-2\\\/\"},{\"@type\":\"ListItem\",\"position\":4,\"name\":\"Conseil d&#8217;administration\",\"item\":\"https:\\\/\\\/survivornet.ca\\\/fr\\\/propos\\\/notre-equipe-2\\\/conseil-dadministration\\\/\"},{\"@type\":\"ListItem\",\"position\":5,\"name\":\"Alex Chevrette, Membre\"}]},{\"@type\":\"WebSite\",\"@id\":\"https:\\\/\\\/survivornet.ca\\\/#website\",\"url\":\"https:\\\/\\\/survivornet.ca\\\/\",\"name\":\"Canadian Cancer Survivor Network\",\"description\":\"The Canadian Cancer Survivor Network was created by a group of Canadians concerned about cancer.\",\"publisher\":{\"@id\":\"https:\\\/\\\/survivornet.ca\\\/#organization\"},\"potentialAction\":[{\"@type\":\"SearchAction\",\"target\":{\"@type\":\"EntryPoint\",\"urlTemplate\":\"https:\\\/\\\/survivornet.ca\\\/?s={search_term_string}\"},\"query-input\":{\"@type\":\"PropertyValueSpecification\",\"valueRequired\":true,\"valueName\":\"search_term_string\"}}],\"inLanguage\":\"fr-FR\"},{\"@type\":\"Organization\",\"@id\":\"https:\\\/\\\/survivornet.ca\\\/#organization\",\"name\":\"Canadian Cancer Survivor Network\",\"url\":\"https:\\\/\\\/survivornet.ca\\\/\",\"logo\":{\"@type\":\"ImageObject\",\"inLanguage\":\"fr-FR\",\"@id\":\"https:\\\/\\\/survivornet.ca\\\/#\\\/schema\\\/logo\\\/image\\\/\",\"url\":\"http:\\\/\\\/survivornet.ca\\\/wp-content\\\/uploads\\\/2016\\\/12\\\/CCSN_Logo_EN_SQUARE.png\",\"contentUrl\":\"http:\\\/\\\/survivornet.ca\\\/wp-content\\\/uploads\\\/2016\\\/12\\\/CCSN_Logo_EN_SQUARE.png\",\"width\":1209,\"height\":1007,\"caption\":\"Canadian Cancer Survivor Network\"},\"image\":{\"@id\":\"https:\\\/\\\/survivornet.ca\\\/#\\\/schema\\\/logo\\\/image\\\/\"}}]}<\/script>\n<!-- \/ Yoast SEO plugin. -->","yoast_head_json":{"title":"Alex Chevrette, Membre - Canadian Cancer Survivor Network","robots":{"index":"index","follow":"follow","max-snippet":"max-snippet:-1","max-image-preview":"max-image-preview:large","max-video-preview":"max-video-preview:-1"},"canonical":"https:\/\/survivornet.ca\/fr\/propos\/notre-equipe-2\/conseil-dadministration\/alex-chevrette-membre\/","og_locale":"fr_FR","og_type":"article","og_title":"Alex Chevrette, Membre - Canadian Cancer Survivor Network","og_description":"Alex est un professionnel des finances sp\u00e9cialis\u00e9 dans l&#8217;analyse des march\u00e9s publics. Il a occup\u00e9 divers postes dans le domaine des finances et de la comptabilit\u00e9, autant dans le secteur priv\u00e9 que","og_url":"https:\/\/survivornet.ca\/fr\/propos\/notre-equipe-2\/conseil-dadministration\/alex-chevrette-membre\/","og_site_name":"Canadian Cancer Survivor Network","article_modified_time":"2021-03-29T19:27:09+00:00","og_image":[{"url":"http:\/\/survivornet.ca\/wp-content\/uploads\/2019\/11\/Alex-picture-1-295x300.jpg","type":"","width":"","height":""}],"twitter_card":"summary_large_image","schema":{"@context":"https:\/\/schema.org","@graph":[{"@type":"WebPage","@id":"https:\/\/survivornet.ca\/fr\/propos\/notre-equipe-2\/conseil-dadministration\/alex-chevrette-membre\/","url":"https:\/\/survivornet.ca\/fr\/propos\/notre-equipe-2\/conseil-dadministration\/alex-chevrette-membre\/","name":"Alex Chevrette, Membre - Canadian Cancer Survivor Network","isPartOf":{"@id":"https:\/\/survivornet.ca\/#website"},"primaryImageOfPage":{"@id":"https:\/\/survivornet.ca\/fr\/propos\/notre-equipe-2\/conseil-dadministration\/alex-chevrette-membre\/#primaryimage"},"image":{"@id":"https:\/\/survivornet.ca\/fr\/propos\/notre-equipe-2\/conseil-dadministration\/alex-chevrette-membre\/#primaryimage"},"thumbnailUrl":"http:\/\/survivornet.ca\/wp-content\/uploads\/2019\/11\/Alex-picture-1-295x300.jpg","datePublished":"2021-03-29T18:55:10+00:00","dateModified":"2021-03-29T19:27:09+00:00","breadcrumb":{"@id":"https:\/\/survivornet.ca\/fr\/propos\/notre-equipe-2\/conseil-dadministration\/alex-chevrette-membre\/#breadcrumb"},"inLanguage":"fr-FR","potentialAction":[{"@type":"ReadAction","target":["https:\/\/survivornet.ca\/fr\/propos\/notre-equipe-2\/conseil-dadministration\/alex-chevrette-membre\/"]}]},{"@type":"ImageObject","inLanguage":"fr-FR","@id":"https:\/\/survivornet.ca\/fr\/propos\/notre-equipe-2\/conseil-dadministration\/alex-chevrette-membre\/#primaryimage","url":"http:\/\/survivornet.ca\/wp-content\/uploads\/2019\/11\/Alex-picture-1-295x300.jpg","contentUrl":"http:\/\/survivornet.ca\/wp-content\/uploads\/2019\/11\/Alex-picture-1-295x300.jpg"},{"@type":"BreadcrumbList","@id":"https:\/\/survivornet.ca\/fr\/propos\/notre-equipe-2\/conseil-dadministration\/alex-chevrette-membre\/#breadcrumb","itemListElement":[{"@type":"ListItem","position":1,"name":"Home","item":"https:\/\/survivornet.ca\/fr\/"},{"@type":"ListItem","position":2,"name":"\u00c0 propos","item":"https:\/\/survivornet.ca\/fr\/propos\/"},{"@type":"ListItem","position":3,"name":"Notre \u00c9quipe","item":"https:\/\/survivornet.ca\/fr\/propos\/notre-equipe-2\/"},{"@type":"ListItem","position":4,"name":"Conseil d&#8217;administration","item":"https:\/\/survivornet.ca\/fr\/propos\/notre-equipe-2\/conseil-dadministration\/"},{"@type":"ListItem","position":5,"name":"Alex Chevrette, Membre"}]},{"@type":"WebSite","@id":"https:\/\/survivornet.ca\/#website","url":"https:\/\/survivornet.ca\/","name":"Canadian Cancer Survivor Network","description":"The Canadian Cancer Survivor Network was created by a group of Canadians concerned about cancer.","publisher":{"@id":"https:\/\/survivornet.ca\/#organization"},"potentialAction":[{"@type":"SearchAction","target":{"@type":"EntryPoint","urlTemplate":"https:\/\/survivornet.ca\/?s={search_term_string}"},"query-input":{"@type":"PropertyValueSpecification","valueRequired":true,"valueName":"search_term_string"}}],"inLanguage":"fr-FR"},{"@type":"Organization","@id":"https:\/\/survivornet.ca\/#organization","name":"Canadian Cancer Survivor Network","url":"https:\/\/survivornet.ca\/","logo":{"@type":"ImageObject","inLanguage":"fr-FR","@id":"https:\/\/survivornet.ca\/#\/schema\/logo\/image\/","url":"http:\/\/survivornet.ca\/wp-content\/uploads\/2016\/12\/CCSN_Logo_EN_SQUARE.png","contentUrl":"http:\/\/survivornet.ca\/wp-content\/uploads\/2016\/12\/CCSN_Logo_EN_SQUARE.png","width":1209,"height":1007,"caption":"Canadian Cancer Survivor Network"},"image":{"@id":"https:\/\/survivornet.ca\/#\/schema\/logo\/image\/"}}]}},"_links":{"self":[{"href":"https:\/\/survivornet.ca\/fr\/wp-json\/wp\/v2\/pages\/21598","targetHints":{"allow":["GET"]}}],"collection":[{"href":"https:\/\/survivornet.ca\/fr\/wp-json\/wp\/v2\/pages"}],"about":[{"href":"https:\/\/survivornet.ca\/fr\/wp-json\/wp\/v2\/types\/page"}],"author":[{"embeddable":true,"href":"https:\/\/survivornet.ca\/fr\/wp-json\/wp\/v2\/users\/2"}],"replies":[{"embeddable":true,"href":"https:\/\/survivornet.ca\/fr\/wp-json\/wp\/v2\/comments?post=21598"}],"version-history":[{"count":0,"href":"https:\/\/survivornet.ca\/fr\/wp-json\/wp\/v2\/pages\/21598\/revisions"}],"up":[{"embeddable":true,"href":"https:\/\/survivornet.ca\/fr\/wp-json\/wp\/v2\/pages\/4515"}],"wp:attachment":[{"href":"https:\/\/survivornet.ca\/fr\/wp-json\/wp\/v2\/media?parent=21598"}],"curies":[{"name":"wp","href":"https:\/\/api.w.org\/{rel}","templated":true}]}}