{"id":21596,"date":"2021-03-29T14:40:02","date_gmt":"2021-03-29T18:40:02","guid":{"rendered":"https:\/\/survivornet.ca\/?page_id=21596"},"modified":"2021-03-29T14:40:02","modified_gmt":"2021-03-29T18:40:02","slug":"arushi-sharma-fraelic-membre","status":"publish","type":"page","link":"https:\/\/survivornet.ca\/fr\/propos\/notre-equipe-2\/conseil-dadministration\/arushi-sharma-fraelic-membre\/","title":{"rendered":"Arushi Sharma Fraelic, Membre"},"content":{"rendered":"<p><span style=\"font-weight: 400;\">Arushi Fraelic est membre du Conseil d&#8217;administration du R\u00e9seau canadien des survivants du cancer.\u00a0<\/span><\/p>\n<p><span style=\"font-weight: 400;\">Elle est une gestionnaire de l\u2019engagement avec plus de 15 ans d&#8217;exp\u00e9rience dans le domaine des soins de sant\u00e9 et elle travaille actuellement en oncologie, acc\u00e8s \u00e0 la sant\u00e9 et r\u00e9sultats, chez IQVIA Canada.<br \/>\n<\/span><span style=\"font-weight: 400;\"><br \/>\n<\/span><span style=\"font-weight: 400;\">Auparavant, Arushi a pass\u00e9 dix ans en tant que directrice produits senior chez Brogan Inc, un leader du march\u00e9 qui fournit des services aux gouvernements, aux assureurs et aux sp\u00e9cialistes du marketing pharmaceutique.<br \/>\n<\/span><span style=\"font-weight: 400;\"><br \/>\nAvant de travailler pour Brogan Inc., Arushi a pass\u00e9 trois ans en tant qu&#8217;analyste des \u00e9tudes de march\u00e9 chez Pharmascience, un leader dans la fabrication de m\u00e9dicaments g\u00e9n\u00e9riques.<\/span><\/p>\n<p><span style=\"font-weight: 400;\">Elle est titulaire d&#8217;un baccalaur\u00e9at en communications de l&#8217;Universit\u00e9 d&#8217;Ottawa.<\/span><\/p>\n<p>&nbsp;<\/p>\n","protected":false},"excerpt":{"rendered":"<p>Arushi Fraelic est membre du Conseil d&#8217;administration du R\u00e9seau canadien des survivants du cancer.\u00a0 Elle est une gestionnaire de l\u2019engagement avec plus de 15 ans d&#8217;exp\u00e9rience dans le domaine des soins de<\/p>\n","protected":false},"author":2,"featured_media":0,"parent":4515,"menu_order":5,"comment_status":"closed","ping_status":"closed","template":"","meta":{"_acf_changed":false,"footnotes":""},"class_list":["post-21596","page","type-page","status-publish","hentry"],"acf":[],"yoast_head":"<!-- This site is optimized with the Yoast SEO plugin v27.4 - https:\/\/yoast.com\/product\/yoast-seo-wordpress\/ -->\n<title>Arushi Sharma Fraelic, Membre - Canadian Cancer Survivor Network<\/title>\n<meta name=\"robots\" content=\"index, follow, max-snippet:-1, max-image-preview:large, max-video-preview:-1\" \/>\n<link rel=\"canonical\" href=\"https:\/\/survivornet.ca\/fr\/propos\/notre-equipe-2\/conseil-dadministration\/arushi-sharma-fraelic-membre\/\" \/>\n<meta property=\"og:locale\" content=\"fr_FR\" \/>\n<meta property=\"og:type\" content=\"article\" \/>\n<meta property=\"og:title\" content=\"Arushi Sharma Fraelic, Membre - Canadian Cancer Survivor Network\" \/>\n<meta property=\"og:description\" content=\"Arushi Fraelic est membre du Conseil d&#8217;administration du R\u00e9seau canadien des survivants du cancer.\u00a0 Elle est une gestionnaire de l\u2019engagement avec plus de 15 ans d&#8217;exp\u00e9rience dans le domaine des soins de\" \/>\n<meta property=\"og:url\" content=\"https:\/\/survivornet.ca\/fr\/propos\/notre-equipe-2\/conseil-dadministration\/arushi-sharma-fraelic-membre\/\" \/>\n<meta property=\"og:site_name\" content=\"Canadian Cancer Survivor Network\" \/>\n<meta name=\"twitter:card\" content=\"summary_large_image\" \/>\n<meta name=\"twitter:label1\" content=\"Dur\u00e9e de lecture estim\u00e9e\" \/>\n\t<meta name=\"twitter:data1\" content=\"1 minute\" \/>\n<script type=\"application\/ld+json\" class=\"yoast-schema-graph\">{\"@context\":\"https:\\\/\\\/schema.org\",\"@graph\":[{\"@type\":\"WebPage\",\"@id\":\"https:\\\/\\\/survivornet.ca\\\/fr\\\/propos\\\/notre-equipe-2\\\/conseil-dadministration\\\/arushi-sharma-fraelic-membre\\\/\",\"url\":\"https:\\\/\\\/survivornet.ca\\\/fr\\\/propos\\\/notre-equipe-2\\\/conseil-dadministration\\\/arushi-sharma-fraelic-membre\\\/\",\"name\":\"Arushi Sharma Fraelic, Membre - Canadian Cancer Survivor Network\",\"isPartOf\":{\"@id\":\"https:\\\/\\\/survivornet.ca\\\/#website\"},\"datePublished\":\"2021-03-29T18:40:02+00:00\",\"breadcrumb\":{\"@id\":\"https:\\\/\\\/survivornet.ca\\\/fr\\\/propos\\\/notre-equipe-2\\\/conseil-dadministration\\\/arushi-sharma-fraelic-membre\\\/#breadcrumb\"},\"inLanguage\":\"fr-FR\",\"potentialAction\":[{\"@type\":\"ReadAction\",\"target\":[\"https:\\\/\\\/survivornet.ca\\\/fr\\\/propos\\\/notre-equipe-2\\\/conseil-dadministration\\\/arushi-sharma-fraelic-membre\\\/\"]}]},{\"@type\":\"BreadcrumbList\",\"@id\":\"https:\\\/\\\/survivornet.ca\\\/fr\\\/propos\\\/notre-equipe-2\\\/conseil-dadministration\\\/arushi-sharma-fraelic-membre\\\/#breadcrumb\",\"itemListElement\":[{\"@type\":\"ListItem\",\"position\":1,\"name\":\"Home\",\"item\":\"https:\\\/\\\/survivornet.ca\\\/fr\\\/\"},{\"@type\":\"ListItem\",\"position\":2,\"name\":\"\u00c0 propos\",\"item\":\"https:\\\/\\\/survivornet.ca\\\/fr\\\/propos\\\/\"},{\"@type\":\"ListItem\",\"position\":3,\"name\":\"Notre \u00c9quipe\",\"item\":\"https:\\\/\\\/survivornet.ca\\\/fr\\\/propos\\\/notre-equipe-2\\\/\"},{\"@type\":\"ListItem\",\"position\":4,\"name\":\"Conseil d&#8217;administration\",\"item\":\"https:\\\/\\\/survivornet.ca\\\/fr\\\/propos\\\/notre-equipe-2\\\/conseil-dadministration\\\/\"},{\"@type\":\"ListItem\",\"position\":5,\"name\":\"Arushi Sharma Fraelic, Membre\"}]},{\"@type\":\"WebSite\",\"@id\":\"https:\\\/\\\/survivornet.ca\\\/#website\",\"url\":\"https:\\\/\\\/survivornet.ca\\\/\",\"name\":\"Canadian Cancer Survivor Network\",\"description\":\"The Canadian Cancer Survivor Network was created by a group of Canadians concerned about cancer.\",\"publisher\":{\"@id\":\"https:\\\/\\\/survivornet.ca\\\/#organization\"},\"potentialAction\":[{\"@type\":\"SearchAction\",\"target\":{\"@type\":\"EntryPoint\",\"urlTemplate\":\"https:\\\/\\\/survivornet.ca\\\/?s={search_term_string}\"},\"query-input\":{\"@type\":\"PropertyValueSpecification\",\"valueRequired\":true,\"valueName\":\"search_term_string\"}}],\"inLanguage\":\"fr-FR\"},{\"@type\":\"Organization\",\"@id\":\"https:\\\/\\\/survivornet.ca\\\/#organization\",\"name\":\"Canadian Cancer Survivor Network\",\"url\":\"https:\\\/\\\/survivornet.ca\\\/\",\"logo\":{\"@type\":\"ImageObject\",\"inLanguage\":\"fr-FR\",\"@id\":\"https:\\\/\\\/survivornet.ca\\\/#\\\/schema\\\/logo\\\/image\\\/\",\"url\":\"http:\\\/\\\/survivornet.ca\\\/wp-content\\\/uploads\\\/2016\\\/12\\\/CCSN_Logo_EN_SQUARE.png\",\"contentUrl\":\"http:\\\/\\\/survivornet.ca\\\/wp-content\\\/uploads\\\/2016\\\/12\\\/CCSN_Logo_EN_SQUARE.png\",\"width\":1209,\"height\":1007,\"caption\":\"Canadian Cancer Survivor Network\"},\"image\":{\"@id\":\"https:\\\/\\\/survivornet.ca\\\/#\\\/schema\\\/logo\\\/image\\\/\"}}]}<\/script>\n<!-- \/ Yoast SEO plugin. -->","yoast_head_json":{"title":"Arushi Sharma Fraelic, Membre - Canadian Cancer Survivor Network","robots":{"index":"index","follow":"follow","max-snippet":"max-snippet:-1","max-image-preview":"max-image-preview:large","max-video-preview":"max-video-preview:-1"},"canonical":"https:\/\/survivornet.ca\/fr\/propos\/notre-equipe-2\/conseil-dadministration\/arushi-sharma-fraelic-membre\/","og_locale":"fr_FR","og_type":"article","og_title":"Arushi Sharma Fraelic, Membre - Canadian Cancer Survivor Network","og_description":"Arushi Fraelic est membre du Conseil d&#8217;administration du R\u00e9seau canadien des survivants du cancer.\u00a0 Elle est une gestionnaire de l\u2019engagement avec plus de 15 ans d&#8217;exp\u00e9rience dans le domaine des soins de","og_url":"https:\/\/survivornet.ca\/fr\/propos\/notre-equipe-2\/conseil-dadministration\/arushi-sharma-fraelic-membre\/","og_site_name":"Canadian Cancer Survivor Network","twitter_card":"summary_large_image","twitter_misc":{"Dur\u00e9e de lecture estim\u00e9e":"1 minute"},"schema":{"@context":"https:\/\/schema.org","@graph":[{"@type":"WebPage","@id":"https:\/\/survivornet.ca\/fr\/propos\/notre-equipe-2\/conseil-dadministration\/arushi-sharma-fraelic-membre\/","url":"https:\/\/survivornet.ca\/fr\/propos\/notre-equipe-2\/conseil-dadministration\/arushi-sharma-fraelic-membre\/","name":"Arushi Sharma Fraelic, Membre - Canadian Cancer Survivor Network","isPartOf":{"@id":"https:\/\/survivornet.ca\/#website"},"datePublished":"2021-03-29T18:40:02+00:00","breadcrumb":{"@id":"https:\/\/survivornet.ca\/fr\/propos\/notre-equipe-2\/conseil-dadministration\/arushi-sharma-fraelic-membre\/#breadcrumb"},"inLanguage":"fr-FR","potentialAction":[{"@type":"ReadAction","target":["https:\/\/survivornet.ca\/fr\/propos\/notre-equipe-2\/conseil-dadministration\/arushi-sharma-fraelic-membre\/"]}]},{"@type":"BreadcrumbList","@id":"https:\/\/survivornet.ca\/fr\/propos\/notre-equipe-2\/conseil-dadministration\/arushi-sharma-fraelic-membre\/#breadcrumb","itemListElement":[{"@type":"ListItem","position":1,"name":"Home","item":"https:\/\/survivornet.ca\/fr\/"},{"@type":"ListItem","position":2,"name":"\u00c0 propos","item":"https:\/\/survivornet.ca\/fr\/propos\/"},{"@type":"ListItem","position":3,"name":"Notre \u00c9quipe","item":"https:\/\/survivornet.ca\/fr\/propos\/notre-equipe-2\/"},{"@type":"ListItem","position":4,"name":"Conseil d&#8217;administration","item":"https:\/\/survivornet.ca\/fr\/propos\/notre-equipe-2\/conseil-dadministration\/"},{"@type":"ListItem","position":5,"name":"Arushi Sharma Fraelic, Membre"}]},{"@type":"WebSite","@id":"https:\/\/survivornet.ca\/#website","url":"https:\/\/survivornet.ca\/","name":"Canadian Cancer Survivor Network","description":"The Canadian Cancer Survivor Network was created by a group of Canadians concerned about cancer.","publisher":{"@id":"https:\/\/survivornet.ca\/#organization"},"potentialAction":[{"@type":"SearchAction","target":{"@type":"EntryPoint","urlTemplate":"https:\/\/survivornet.ca\/?s={search_term_string}"},"query-input":{"@type":"PropertyValueSpecification","valueRequired":true,"valueName":"search_term_string"}}],"inLanguage":"fr-FR"},{"@type":"Organization","@id":"https:\/\/survivornet.ca\/#organization","name":"Canadian Cancer Survivor Network","url":"https:\/\/survivornet.ca\/","logo":{"@type":"ImageObject","inLanguage":"fr-FR","@id":"https:\/\/survivornet.ca\/#\/schema\/logo\/image\/","url":"http:\/\/survivornet.ca\/wp-content\/uploads\/2016\/12\/CCSN_Logo_EN_SQUARE.png","contentUrl":"http:\/\/survivornet.ca\/wp-content\/uploads\/2016\/12\/CCSN_Logo_EN_SQUARE.png","width":1209,"height":1007,"caption":"Canadian Cancer Survivor Network"},"image":{"@id":"https:\/\/survivornet.ca\/#\/schema\/logo\/image\/"}}]}},"_links":{"self":[{"href":"https:\/\/survivornet.ca\/fr\/wp-json\/wp\/v2\/pages\/21596","targetHints":{"allow":["GET"]}}],"collection":[{"href":"https:\/\/survivornet.ca\/fr\/wp-json\/wp\/v2\/pages"}],"about":[{"href":"https:\/\/survivornet.ca\/fr\/wp-json\/wp\/v2\/types\/page"}],"author":[{"embeddable":true,"href":"https:\/\/survivornet.ca\/fr\/wp-json\/wp\/v2\/users\/2"}],"replies":[{"embeddable":true,"href":"https:\/\/survivornet.ca\/fr\/wp-json\/wp\/v2\/comments?post=21596"}],"version-history":[{"count":0,"href":"https:\/\/survivornet.ca\/fr\/wp-json\/wp\/v2\/pages\/21596\/revisions"}],"up":[{"embeddable":true,"href":"https:\/\/survivornet.ca\/fr\/wp-json\/wp\/v2\/pages\/4515"}],"wp:attachment":[{"href":"https:\/\/survivornet.ca\/fr\/wp-json\/wp\/v2\/media?parent=21596"}],"curies":[{"name":"wp","href":"https:\/\/api.w.org\/{rel}","templated":true}]}}