{"id":21585,"date":"2021-03-26T15:13:33","date_gmt":"2021-03-26T19:13:33","guid":{"rendered":"https:\/\/survivornet.ca\/?page_id=21585"},"modified":"2021-03-26T15:21:48","modified_gmt":"2021-03-26T19:21:48","slug":"ella-forbes-chilibeck-member","status":"publish","type":"page","link":"https:\/\/survivornet.ca\/fr\/propos\/notre-equipe-2\/conseil-dadministration\/ella-forbes-chilibeck-member\/","title":{"rendered":"Ella Forbes-Chilibeck, Membre"},"content":{"rendered":"<p><span style=\"font-weight: 400;\">Apr\u00e8s avoir pass\u00e9 plus de dix ans dans en pratique sp\u00e9cialis\u00e9e, Ella Forbes-Chilibeck a ouvert son propre cabinet de droit ou elle conseille et repr\u00e9sente des employ\u00e9s et employeurs dans plusieurs domaines, notamment le droit du travail, les droits humains et les questions touchant les personnes handicap\u00e9es, devant les tribunaux et autres conseils de r\u00e9glementations f\u00e9d\u00e9raux et provinciaux en Ontario et au Nunavut. Ella travaille en \u00e9troite collaboration avec des employ\u00e9es et employeurs pour faciliter l\u2019acc\u00e8s, et la prolongation, aux prestations d&#8217;invalidit\u00e9 de courte et longue dur\u00e9e ou pour \u00e9tablir des plans d\u2019adaptation afin d\u2019assurer un retour au travaille sans probl\u00e8me suite \u00e0 un cong\u00e9 d&#8217;invalidit\u00e9. Ella est \u00e9galement une enqu\u00eatrice certifi\u00e9e et m\u00e9diatrice en lieu de travail certifi\u00e9e.<\/span><\/p>\n<p><span style=\"font-weight: 400;\">Ella est membre \u00e0 titre personnel de la Section du droit du travail et de l&#8217;emploi de l\u2019ABO depuis plusieurs ann\u00e9es. Elle y participe activement \u00e0 l&#8217;\u00e9laboration, \u00e0 l&#8217;organisation et \u00e0 la promotion d&#8217;\u00e9v\u00e9nements de formation continue, avec pour objectif d&#8217;encourager la participation d&#8217;un groupe plus large d&#8217;experts en droit du travail et de l&#8217;emploi de toute la province \u00e0 ces \u00e9v\u00e9nements.<\/span><\/p>\n<p><span style=\"font-weight: 400;\">Ella continue \u00e0 \u00e9crire, \u00e0 parler et \u00e0 participer \u00e0 des \u00e9v\u00e9nements \u00e0 travers la province et \u00e0 \u00e9chelle internationale sur des sujets li\u00e9s au droit du travail, y compris les mesures d&#8217;adaptation, l\u2019acc\u00e8s aux prestations d\u2019invalidit\u00e9, le harc\u00e8lement et la discrimination au travail. Ella a \u00e9galement publi\u00e9 dans plusieurs publications universitaires, notamment le <\/span><i><span style=\"font-weight: 400;\">Health Law Journal <\/span><\/i><span style=\"font-weight: 400;\">et le <\/span><i><span style=\"font-weight: 400;\">Journal of Canadian Woman Studies.\u00a0 <\/span><\/i><\/p>\n","protected":false},"excerpt":{"rendered":"<p>Apr\u00e8s avoir pass\u00e9 plus de dix ans dans en pratique sp\u00e9cialis\u00e9e, Ella Forbes-Chilibeck a ouvert son propre cabinet de droit ou elle conseille et repr\u00e9sente des employ\u00e9s et employeurs dans plusieurs domaines,<\/p>\n","protected":false},"author":2,"featured_media":0,"parent":4515,"menu_order":4,"comment_status":"closed","ping_status":"closed","template":"","meta":{"_acf_changed":false,"footnotes":""},"class_list":["post-21585","page","type-page","status-publish","hentry"],"acf":[],"yoast_head":"<!-- This site is optimized with the Yoast SEO plugin v27.4 - https:\/\/yoast.com\/product\/yoast-seo-wordpress\/ -->\n<title>Ella Forbes-Chilibeck, Membre - Canadian Cancer Survivor Network<\/title>\n<meta name=\"robots\" content=\"index, follow, max-snippet:-1, max-image-preview:large, max-video-preview:-1\" \/>\n<link rel=\"canonical\" href=\"https:\/\/survivornet.ca\/fr\/propos\/notre-equipe-2\/conseil-dadministration\/ella-forbes-chilibeck-member\/\" \/>\n<meta property=\"og:locale\" content=\"fr_FR\" \/>\n<meta property=\"og:type\" content=\"article\" \/>\n<meta property=\"og:title\" content=\"Ella Forbes-Chilibeck, Membre - Canadian Cancer Survivor Network\" \/>\n<meta property=\"og:description\" content=\"Apr\u00e8s avoir pass\u00e9 plus de dix ans dans en pratique sp\u00e9cialis\u00e9e, Ella Forbes-Chilibeck a ouvert son propre cabinet de droit ou elle conseille et repr\u00e9sente des employ\u00e9s et employeurs dans plusieurs domaines,\" \/>\n<meta property=\"og:url\" content=\"https:\/\/survivornet.ca\/fr\/propos\/notre-equipe-2\/conseil-dadministration\/ella-forbes-chilibeck-member\/\" \/>\n<meta property=\"og:site_name\" content=\"Canadian Cancer Survivor Network\" \/>\n<meta property=\"article:modified_time\" content=\"2021-03-26T19:21:48+00:00\" \/>\n<meta name=\"twitter:card\" content=\"summary_large_image\" \/>\n<meta name=\"twitter:label1\" content=\"Dur\u00e9e de lecture estim\u00e9e\" \/>\n\t<meta name=\"twitter:data1\" content=\"1 minute\" \/>\n<script type=\"application\/ld+json\" class=\"yoast-schema-graph\">{\"@context\":\"https:\\\/\\\/schema.org\",\"@graph\":[{\"@type\":\"WebPage\",\"@id\":\"https:\\\/\\\/survivornet.ca\\\/fr\\\/propos\\\/notre-equipe-2\\\/conseil-dadministration\\\/ella-forbes-chilibeck-member\\\/\",\"url\":\"https:\\\/\\\/survivornet.ca\\\/fr\\\/propos\\\/notre-equipe-2\\\/conseil-dadministration\\\/ella-forbes-chilibeck-member\\\/\",\"name\":\"Ella Forbes-Chilibeck, Membre - Canadian Cancer Survivor Network\",\"isPartOf\":{\"@id\":\"https:\\\/\\\/survivornet.ca\\\/#website\"},\"datePublished\":\"2021-03-26T19:13:33+00:00\",\"dateModified\":\"2021-03-26T19:21:48+00:00\",\"breadcrumb\":{\"@id\":\"https:\\\/\\\/survivornet.ca\\\/fr\\\/propos\\\/notre-equipe-2\\\/conseil-dadministration\\\/ella-forbes-chilibeck-member\\\/#breadcrumb\"},\"inLanguage\":\"fr-FR\",\"potentialAction\":[{\"@type\":\"ReadAction\",\"target\":[\"https:\\\/\\\/survivornet.ca\\\/fr\\\/propos\\\/notre-equipe-2\\\/conseil-dadministration\\\/ella-forbes-chilibeck-member\\\/\"]}]},{\"@type\":\"BreadcrumbList\",\"@id\":\"https:\\\/\\\/survivornet.ca\\\/fr\\\/propos\\\/notre-equipe-2\\\/conseil-dadministration\\\/ella-forbes-chilibeck-member\\\/#breadcrumb\",\"itemListElement\":[{\"@type\":\"ListItem\",\"position\":1,\"name\":\"Home\",\"item\":\"https:\\\/\\\/survivornet.ca\\\/fr\\\/\"},{\"@type\":\"ListItem\",\"position\":2,\"name\":\"\u00c0 propos\",\"item\":\"https:\\\/\\\/survivornet.ca\\\/fr\\\/propos\\\/\"},{\"@type\":\"ListItem\",\"position\":3,\"name\":\"Notre \u00c9quipe\",\"item\":\"https:\\\/\\\/survivornet.ca\\\/fr\\\/propos\\\/notre-equipe-2\\\/\"},{\"@type\":\"ListItem\",\"position\":4,\"name\":\"Conseil d&#8217;administration\",\"item\":\"https:\\\/\\\/survivornet.ca\\\/fr\\\/propos\\\/notre-equipe-2\\\/conseil-dadministration\\\/\"},{\"@type\":\"ListItem\",\"position\":5,\"name\":\"Ella Forbes-Chilibeck, Membre\"}]},{\"@type\":\"WebSite\",\"@id\":\"https:\\\/\\\/survivornet.ca\\\/#website\",\"url\":\"https:\\\/\\\/survivornet.ca\\\/\",\"name\":\"Canadian Cancer Survivor Network\",\"description\":\"The Canadian Cancer Survivor Network was created by a group of Canadians concerned about cancer.\",\"publisher\":{\"@id\":\"https:\\\/\\\/survivornet.ca\\\/#organization\"},\"potentialAction\":[{\"@type\":\"SearchAction\",\"target\":{\"@type\":\"EntryPoint\",\"urlTemplate\":\"https:\\\/\\\/survivornet.ca\\\/?s={search_term_string}\"},\"query-input\":{\"@type\":\"PropertyValueSpecification\",\"valueRequired\":true,\"valueName\":\"search_term_string\"}}],\"inLanguage\":\"fr-FR\"},{\"@type\":\"Organization\",\"@id\":\"https:\\\/\\\/survivornet.ca\\\/#organization\",\"name\":\"Canadian Cancer Survivor Network\",\"url\":\"https:\\\/\\\/survivornet.ca\\\/\",\"logo\":{\"@type\":\"ImageObject\",\"inLanguage\":\"fr-FR\",\"@id\":\"https:\\\/\\\/survivornet.ca\\\/#\\\/schema\\\/logo\\\/image\\\/\",\"url\":\"http:\\\/\\\/survivornet.ca\\\/wp-content\\\/uploads\\\/2016\\\/12\\\/CCSN_Logo_EN_SQUARE.png\",\"contentUrl\":\"http:\\\/\\\/survivornet.ca\\\/wp-content\\\/uploads\\\/2016\\\/12\\\/CCSN_Logo_EN_SQUARE.png\",\"width\":1209,\"height\":1007,\"caption\":\"Canadian Cancer Survivor Network\"},\"image\":{\"@id\":\"https:\\\/\\\/survivornet.ca\\\/#\\\/schema\\\/logo\\\/image\\\/\"}}]}<\/script>\n<!-- \/ Yoast SEO plugin. -->","yoast_head_json":{"title":"Ella Forbes-Chilibeck, Membre - Canadian Cancer Survivor Network","robots":{"index":"index","follow":"follow","max-snippet":"max-snippet:-1","max-image-preview":"max-image-preview:large","max-video-preview":"max-video-preview:-1"},"canonical":"https:\/\/survivornet.ca\/fr\/propos\/notre-equipe-2\/conseil-dadministration\/ella-forbes-chilibeck-member\/","og_locale":"fr_FR","og_type":"article","og_title":"Ella Forbes-Chilibeck, Membre - Canadian Cancer Survivor Network","og_description":"Apr\u00e8s avoir pass\u00e9 plus de dix ans dans en pratique sp\u00e9cialis\u00e9e, Ella Forbes-Chilibeck a ouvert son propre cabinet de droit ou elle conseille et repr\u00e9sente des employ\u00e9s et employeurs dans plusieurs domaines,","og_url":"https:\/\/survivornet.ca\/fr\/propos\/notre-equipe-2\/conseil-dadministration\/ella-forbes-chilibeck-member\/","og_site_name":"Canadian Cancer Survivor Network","article_modified_time":"2021-03-26T19:21:48+00:00","twitter_card":"summary_large_image","twitter_misc":{"Dur\u00e9e de lecture estim\u00e9e":"1 minute"},"schema":{"@context":"https:\/\/schema.org","@graph":[{"@type":"WebPage","@id":"https:\/\/survivornet.ca\/fr\/propos\/notre-equipe-2\/conseil-dadministration\/ella-forbes-chilibeck-member\/","url":"https:\/\/survivornet.ca\/fr\/propos\/notre-equipe-2\/conseil-dadministration\/ella-forbes-chilibeck-member\/","name":"Ella Forbes-Chilibeck, Membre - Canadian Cancer Survivor Network","isPartOf":{"@id":"https:\/\/survivornet.ca\/#website"},"datePublished":"2021-03-26T19:13:33+00:00","dateModified":"2021-03-26T19:21:48+00:00","breadcrumb":{"@id":"https:\/\/survivornet.ca\/fr\/propos\/notre-equipe-2\/conseil-dadministration\/ella-forbes-chilibeck-member\/#breadcrumb"},"inLanguage":"fr-FR","potentialAction":[{"@type":"ReadAction","target":["https:\/\/survivornet.ca\/fr\/propos\/notre-equipe-2\/conseil-dadministration\/ella-forbes-chilibeck-member\/"]}]},{"@type":"BreadcrumbList","@id":"https:\/\/survivornet.ca\/fr\/propos\/notre-equipe-2\/conseil-dadministration\/ella-forbes-chilibeck-member\/#breadcrumb","itemListElement":[{"@type":"ListItem","position":1,"name":"Home","item":"https:\/\/survivornet.ca\/fr\/"},{"@type":"ListItem","position":2,"name":"\u00c0 propos","item":"https:\/\/survivornet.ca\/fr\/propos\/"},{"@type":"ListItem","position":3,"name":"Notre \u00c9quipe","item":"https:\/\/survivornet.ca\/fr\/propos\/notre-equipe-2\/"},{"@type":"ListItem","position":4,"name":"Conseil d&#8217;administration","item":"https:\/\/survivornet.ca\/fr\/propos\/notre-equipe-2\/conseil-dadministration\/"},{"@type":"ListItem","position":5,"name":"Ella Forbes-Chilibeck, Membre"}]},{"@type":"WebSite","@id":"https:\/\/survivornet.ca\/#website","url":"https:\/\/survivornet.ca\/","name":"Canadian Cancer Survivor Network","description":"The Canadian Cancer Survivor Network was created by a group of Canadians concerned about cancer.","publisher":{"@id":"https:\/\/survivornet.ca\/#organization"},"potentialAction":[{"@type":"SearchAction","target":{"@type":"EntryPoint","urlTemplate":"https:\/\/survivornet.ca\/?s={search_term_string}"},"query-input":{"@type":"PropertyValueSpecification","valueRequired":true,"valueName":"search_term_string"}}],"inLanguage":"fr-FR"},{"@type":"Organization","@id":"https:\/\/survivornet.ca\/#organization","name":"Canadian Cancer Survivor Network","url":"https:\/\/survivornet.ca\/","logo":{"@type":"ImageObject","inLanguage":"fr-FR","@id":"https:\/\/survivornet.ca\/#\/schema\/logo\/image\/","url":"http:\/\/survivornet.ca\/wp-content\/uploads\/2016\/12\/CCSN_Logo_EN_SQUARE.png","contentUrl":"http:\/\/survivornet.ca\/wp-content\/uploads\/2016\/12\/CCSN_Logo_EN_SQUARE.png","width":1209,"height":1007,"caption":"Canadian Cancer Survivor Network"},"image":{"@id":"https:\/\/survivornet.ca\/#\/schema\/logo\/image\/"}}]}},"_links":{"self":[{"href":"https:\/\/survivornet.ca\/fr\/wp-json\/wp\/v2\/pages\/21585","targetHints":{"allow":["GET"]}}],"collection":[{"href":"https:\/\/survivornet.ca\/fr\/wp-json\/wp\/v2\/pages"}],"about":[{"href":"https:\/\/survivornet.ca\/fr\/wp-json\/wp\/v2\/types\/page"}],"author":[{"embeddable":true,"href":"https:\/\/survivornet.ca\/fr\/wp-json\/wp\/v2\/users\/2"}],"replies":[{"embeddable":true,"href":"https:\/\/survivornet.ca\/fr\/wp-json\/wp\/v2\/comments?post=21585"}],"version-history":[{"count":0,"href":"https:\/\/survivornet.ca\/fr\/wp-json\/wp\/v2\/pages\/21585\/revisions"}],"up":[{"embeddable":true,"href":"https:\/\/survivornet.ca\/fr\/wp-json\/wp\/v2\/pages\/4515"}],"wp:attachment":[{"href":"https:\/\/survivornet.ca\/fr\/wp-json\/wp\/v2\/media?parent=21585"}],"curies":[{"name":"wp","href":"https:\/\/api.w.org\/{rel}","templated":true}]}}