{"id":21543,"date":"2021-03-24T13:46:44","date_gmt":"2021-03-24T17:46:44","guid":{"rendered":"https:\/\/survivornet.ca\/?page_id=21543"},"modified":"2021-03-24T15:30:53","modified_gmt":"2021-03-24T19:30:53","slug":"traitements-agnostiques-des-tumeurs-et-diagnostics-compagnons","status":"publish","type":"page","link":"https:\/\/survivornet.ca\/fr\/apprenez\/health-concerns-for-cancer-patients\/traitements-agnostiques-des-tumeurs-et-diagnostics-compagnons\/","title":{"rendered":"Traitements agnostiques des tumeurs et diagnostics compagnons"},"content":{"rendered":"<p>L\u2019essor de la m\u00e9decine de pr\u00e9cision au Canada a suscit\u00e9 le d\u00e9sir de disposer de m\u00e9thodes fiables et pr\u00e9cises pour identifier les patients qui b\u00e9n\u00e9ficieront des m\u00e9dicaments propos\u00e9s dans le cadre de th\u00e9rapies oncologiques en pratique clinique. La m\u00e9decine de pr\u00e9cision vise \u00e0 administrer le bon m\u00e9dicament au bon patient au bon moment, promettant une utilisation plus efficace des ressources du syst\u00e8me de sant\u00e9 en ciblant les patients les plus susceptibles de b\u00e9n\u00e9ficier de la th\u00e9rapie. La m\u00e9decine de pr\u00e9cision peut identifier des donn\u00e9es biologiques (g\u00e8nes, ARN\/ADN ou prot\u00e9ines) afin de stratifier les patients, en ciblant ceux qui sont les plus susceptibles de b\u00e9n\u00e9ficier d\u2019un traitement sp\u00e9cifique. En m\u00e9decine de pr\u00e9cision, le diagnostic et le traitement sont intrins\u00e8quement li\u00e9s.<\/p>\n<ul class=\"content-list\">\n<li><a href=\"https:\/\/survivornet.ca\/fr\/apprenez\/health-concerns-for-cancer-patients\/traitements-agnostiques-des-tumeurs-et-diagnostics-compagnons\/des-diagnostics-companion-en-medicine-de-precision\/\">Les diagnostics compagnons en medicine de precision<\/a><\/li>\n<li><a href=\"http:\/\/survivornet.ca\/wp-content\/uploads\/2021\/03\/Tumour-Agnostic-Infographic_French_Mar-2021-1.pdf\">Infographique Tumeurs Agnostiques\u00a0<\/a><\/li>\n<\/ul>\n","protected":false},"excerpt":{"rendered":"<p>L\u2019essor de la m\u00e9decine de pr\u00e9cision au Canada a suscit\u00e9 le d\u00e9sir de disposer de m\u00e9thodes fiables et pr\u00e9cises pour identifier les patients qui b\u00e9n\u00e9ficieront des m\u00e9dicaments propos\u00e9s dans le cadre de<\/p>\n","protected":false},"author":2,"featured_media":0,"parent":18357,"menu_order":14,"comment_status":"closed","ping_status":"closed","template":"","meta":{"_acf_changed":false,"footnotes":""},"class_list":["post-21543","page","type-page","status-publish","hentry"],"acf":[],"yoast_head":"<!-- This site is optimized with the Yoast SEO plugin v27.4 - https:\/\/yoast.com\/product\/yoast-seo-wordpress\/ -->\n<title>Traitements agnostiques des tumeurs et diagnostics compagnons - Canadian Cancer Survivor Network<\/title>\n<meta name=\"robots\" content=\"index, follow, max-snippet:-1, max-image-preview:large, max-video-preview:-1\" \/>\n<link rel=\"canonical\" href=\"https:\/\/survivornet.ca\/fr\/apprenez\/health-concerns-for-cancer-patients\/traitements-agnostiques-des-tumeurs-et-diagnostics-compagnons\/\" \/>\n<meta property=\"og:locale\" content=\"fr_FR\" \/>\n<meta property=\"og:type\" content=\"article\" \/>\n<meta property=\"og:title\" content=\"Traitements agnostiques des tumeurs et diagnostics compagnons - Canadian Cancer Survivor Network\" \/>\n<meta property=\"og:description\" content=\"L\u2019essor de la m\u00e9decine de pr\u00e9cision au Canada a suscit\u00e9 le d\u00e9sir de disposer de m\u00e9thodes fiables et pr\u00e9cises pour identifier les patients qui b\u00e9n\u00e9ficieront des m\u00e9dicaments propos\u00e9s dans le cadre de\" \/>\n<meta property=\"og:url\" content=\"https:\/\/survivornet.ca\/fr\/apprenez\/health-concerns-for-cancer-patients\/traitements-agnostiques-des-tumeurs-et-diagnostics-compagnons\/\" \/>\n<meta property=\"og:site_name\" content=\"Canadian Cancer Survivor Network\" \/>\n<meta property=\"article:modified_time\" content=\"2021-03-24T19:30:53+00:00\" \/>\n<meta name=\"twitter:card\" content=\"summary_large_image\" \/>\n<meta name=\"twitter:label1\" content=\"Dur\u00e9e de lecture estim\u00e9e\" \/>\n\t<meta name=\"twitter:data1\" content=\"1 minute\" \/>\n<script type=\"application\/ld+json\" class=\"yoast-schema-graph\">{\"@context\":\"https:\\\/\\\/schema.org\",\"@graph\":[{\"@type\":\"WebPage\",\"@id\":\"https:\\\/\\\/survivornet.ca\\\/fr\\\/apprenez\\\/health-concerns-for-cancer-patients\\\/traitements-agnostiques-des-tumeurs-et-diagnostics-compagnons\\\/\",\"url\":\"https:\\\/\\\/survivornet.ca\\\/fr\\\/apprenez\\\/health-concerns-for-cancer-patients\\\/traitements-agnostiques-des-tumeurs-et-diagnostics-compagnons\\\/\",\"name\":\"Traitements agnostiques des tumeurs et diagnostics compagnons - Canadian Cancer Survivor Network\",\"isPartOf\":{\"@id\":\"https:\\\/\\\/survivornet.ca\\\/#website\"},\"datePublished\":\"2021-03-24T17:46:44+00:00\",\"dateModified\":\"2021-03-24T19:30:53+00:00\",\"breadcrumb\":{\"@id\":\"https:\\\/\\\/survivornet.ca\\\/fr\\\/apprenez\\\/health-concerns-for-cancer-patients\\\/traitements-agnostiques-des-tumeurs-et-diagnostics-compagnons\\\/#breadcrumb\"},\"inLanguage\":\"fr-FR\",\"potentialAction\":[{\"@type\":\"ReadAction\",\"target\":[\"https:\\\/\\\/survivornet.ca\\\/fr\\\/apprenez\\\/health-concerns-for-cancer-patients\\\/traitements-agnostiques-des-tumeurs-et-diagnostics-compagnons\\\/\"]}]},{\"@type\":\"BreadcrumbList\",\"@id\":\"https:\\\/\\\/survivornet.ca\\\/fr\\\/apprenez\\\/health-concerns-for-cancer-patients\\\/traitements-agnostiques-des-tumeurs-et-diagnostics-compagnons\\\/#breadcrumb\",\"itemListElement\":[{\"@type\":\"ListItem\",\"position\":1,\"name\":\"Home\",\"item\":\"https:\\\/\\\/survivornet.ca\\\/fr\\\/\"},{\"@type\":\"ListItem\",\"position\":2,\"name\":\"Apprenez\",\"item\":\"https:\\\/\\\/survivornet.ca\\\/fr\\\/apprenez\\\/\"},{\"@type\":\"ListItem\",\"position\":3,\"name\":\"Enjeux affectants les patients atteints de cancer\",\"item\":\"https:\\\/\\\/survivornet.ca\\\/fr\\\/apprenez\\\/health-concerns-for-cancer-patients\\\/\"},{\"@type\":\"ListItem\",\"position\":4,\"name\":\"Traitements agnostiques des tumeurs et diagnostics compagnons\"}]},{\"@type\":\"WebSite\",\"@id\":\"https:\\\/\\\/survivornet.ca\\\/#website\",\"url\":\"https:\\\/\\\/survivornet.ca\\\/\",\"name\":\"Canadian Cancer Survivor Network\",\"description\":\"The Canadian Cancer Survivor Network was created by a group of Canadians concerned about cancer.\",\"publisher\":{\"@id\":\"https:\\\/\\\/survivornet.ca\\\/#organization\"},\"potentialAction\":[{\"@type\":\"SearchAction\",\"target\":{\"@type\":\"EntryPoint\",\"urlTemplate\":\"https:\\\/\\\/survivornet.ca\\\/?s={search_term_string}\"},\"query-input\":{\"@type\":\"PropertyValueSpecification\",\"valueRequired\":true,\"valueName\":\"search_term_string\"}}],\"inLanguage\":\"fr-FR\"},{\"@type\":\"Organization\",\"@id\":\"https:\\\/\\\/survivornet.ca\\\/#organization\",\"name\":\"Canadian Cancer Survivor Network\",\"url\":\"https:\\\/\\\/survivornet.ca\\\/\",\"logo\":{\"@type\":\"ImageObject\",\"inLanguage\":\"fr-FR\",\"@id\":\"https:\\\/\\\/survivornet.ca\\\/#\\\/schema\\\/logo\\\/image\\\/\",\"url\":\"http:\\\/\\\/survivornet.ca\\\/wp-content\\\/uploads\\\/2016\\\/12\\\/CCSN_Logo_EN_SQUARE.png\",\"contentUrl\":\"http:\\\/\\\/survivornet.ca\\\/wp-content\\\/uploads\\\/2016\\\/12\\\/CCSN_Logo_EN_SQUARE.png\",\"width\":1209,\"height\":1007,\"caption\":\"Canadian Cancer Survivor Network\"},\"image\":{\"@id\":\"https:\\\/\\\/survivornet.ca\\\/#\\\/schema\\\/logo\\\/image\\\/\"}}]}<\/script>\n<!-- \/ Yoast SEO plugin. -->","yoast_head_json":{"title":"Traitements agnostiques des tumeurs et diagnostics compagnons - Canadian Cancer Survivor Network","robots":{"index":"index","follow":"follow","max-snippet":"max-snippet:-1","max-image-preview":"max-image-preview:large","max-video-preview":"max-video-preview:-1"},"canonical":"https:\/\/survivornet.ca\/fr\/apprenez\/health-concerns-for-cancer-patients\/traitements-agnostiques-des-tumeurs-et-diagnostics-compagnons\/","og_locale":"fr_FR","og_type":"article","og_title":"Traitements agnostiques des tumeurs et diagnostics compagnons - Canadian Cancer Survivor Network","og_description":"L\u2019essor de la m\u00e9decine de pr\u00e9cision au Canada a suscit\u00e9 le d\u00e9sir de disposer de m\u00e9thodes fiables et pr\u00e9cises pour identifier les patients qui b\u00e9n\u00e9ficieront des m\u00e9dicaments propos\u00e9s dans le cadre de","og_url":"https:\/\/survivornet.ca\/fr\/apprenez\/health-concerns-for-cancer-patients\/traitements-agnostiques-des-tumeurs-et-diagnostics-compagnons\/","og_site_name":"Canadian Cancer Survivor Network","article_modified_time":"2021-03-24T19:30:53+00:00","twitter_card":"summary_large_image","twitter_misc":{"Dur\u00e9e de lecture estim\u00e9e":"1 minute"},"schema":{"@context":"https:\/\/schema.org","@graph":[{"@type":"WebPage","@id":"https:\/\/survivornet.ca\/fr\/apprenez\/health-concerns-for-cancer-patients\/traitements-agnostiques-des-tumeurs-et-diagnostics-compagnons\/","url":"https:\/\/survivornet.ca\/fr\/apprenez\/health-concerns-for-cancer-patients\/traitements-agnostiques-des-tumeurs-et-diagnostics-compagnons\/","name":"Traitements agnostiques des tumeurs et diagnostics compagnons - Canadian Cancer Survivor Network","isPartOf":{"@id":"https:\/\/survivornet.ca\/#website"},"datePublished":"2021-03-24T17:46:44+00:00","dateModified":"2021-03-24T19:30:53+00:00","breadcrumb":{"@id":"https:\/\/survivornet.ca\/fr\/apprenez\/health-concerns-for-cancer-patients\/traitements-agnostiques-des-tumeurs-et-diagnostics-compagnons\/#breadcrumb"},"inLanguage":"fr-FR","potentialAction":[{"@type":"ReadAction","target":["https:\/\/survivornet.ca\/fr\/apprenez\/health-concerns-for-cancer-patients\/traitements-agnostiques-des-tumeurs-et-diagnostics-compagnons\/"]}]},{"@type":"BreadcrumbList","@id":"https:\/\/survivornet.ca\/fr\/apprenez\/health-concerns-for-cancer-patients\/traitements-agnostiques-des-tumeurs-et-diagnostics-compagnons\/#breadcrumb","itemListElement":[{"@type":"ListItem","position":1,"name":"Home","item":"https:\/\/survivornet.ca\/fr\/"},{"@type":"ListItem","position":2,"name":"Apprenez","item":"https:\/\/survivornet.ca\/fr\/apprenez\/"},{"@type":"ListItem","position":3,"name":"Enjeux affectants les patients atteints de cancer","item":"https:\/\/survivornet.ca\/fr\/apprenez\/health-concerns-for-cancer-patients\/"},{"@type":"ListItem","position":4,"name":"Traitements agnostiques des tumeurs et diagnostics compagnons"}]},{"@type":"WebSite","@id":"https:\/\/survivornet.ca\/#website","url":"https:\/\/survivornet.ca\/","name":"Canadian Cancer Survivor Network","description":"The Canadian Cancer Survivor Network was created by a group of Canadians concerned about cancer.","publisher":{"@id":"https:\/\/survivornet.ca\/#organization"},"potentialAction":[{"@type":"SearchAction","target":{"@type":"EntryPoint","urlTemplate":"https:\/\/survivornet.ca\/?s={search_term_string}"},"query-input":{"@type":"PropertyValueSpecification","valueRequired":true,"valueName":"search_term_string"}}],"inLanguage":"fr-FR"},{"@type":"Organization","@id":"https:\/\/survivornet.ca\/#organization","name":"Canadian Cancer Survivor Network","url":"https:\/\/survivornet.ca\/","logo":{"@type":"ImageObject","inLanguage":"fr-FR","@id":"https:\/\/survivornet.ca\/#\/schema\/logo\/image\/","url":"http:\/\/survivornet.ca\/wp-content\/uploads\/2016\/12\/CCSN_Logo_EN_SQUARE.png","contentUrl":"http:\/\/survivornet.ca\/wp-content\/uploads\/2016\/12\/CCSN_Logo_EN_SQUARE.png","width":1209,"height":1007,"caption":"Canadian Cancer Survivor Network"},"image":{"@id":"https:\/\/survivornet.ca\/#\/schema\/logo\/image\/"}}]}},"_links":{"self":[{"href":"https:\/\/survivornet.ca\/fr\/wp-json\/wp\/v2\/pages\/21543","targetHints":{"allow":["GET"]}}],"collection":[{"href":"https:\/\/survivornet.ca\/fr\/wp-json\/wp\/v2\/pages"}],"about":[{"href":"https:\/\/survivornet.ca\/fr\/wp-json\/wp\/v2\/types\/page"}],"author":[{"embeddable":true,"href":"https:\/\/survivornet.ca\/fr\/wp-json\/wp\/v2\/users\/2"}],"replies":[{"embeddable":true,"href":"https:\/\/survivornet.ca\/fr\/wp-json\/wp\/v2\/comments?post=21543"}],"version-history":[{"count":0,"href":"https:\/\/survivornet.ca\/fr\/wp-json\/wp\/v2\/pages\/21543\/revisions"}],"up":[{"embeddable":true,"href":"https:\/\/survivornet.ca\/fr\/wp-json\/wp\/v2\/pages\/18357"}],"wp:attachment":[{"href":"https:\/\/survivornet.ca\/fr\/wp-json\/wp\/v2\/media?parent=21543"}],"curies":[{"name":"wp","href":"https:\/\/api.w.org\/{rel}","templated":true}]}}