{"id":21500,"date":"2021-03-22T15:21:44","date_gmt":"2021-03-22T19:21:44","guid":{"rendered":"https:\/\/survivornet.ca\/?page_id=21500"},"modified":"2021-03-23T14:25:25","modified_gmt":"2021-03-23T18:25:25","slug":"dr-terry-hill","status":"publish","type":"page","link":"https:\/\/survivornet.ca\/fr\/reliez-vous\/le-comite-medical-consultatif\/dr-terry-hill\/","title":{"rendered":"Dr. Terry Hill"},"content":{"rendered":"<p><img loading=\"lazy\" decoding=\"async\" class=\"alignleft size-full wp-image-1506\" src=\"http:\/\/survivornet.ca\/wp-content\/uploads\/2017\/02\/Dr_-Terry-Hill.jpg\" alt=\"\" width=\"200\" height=\"200\" srcset=\"https:\/\/survivornet.ca\/wp-content\/uploads\/2017\/02\/Dr_-Terry-Hill.jpg 200w, https:\/\/survivornet.ca\/wp-content\/uploads\/2017\/02\/Dr_-Terry-Hill-150x150.jpg 150w\" sizes=\"auto, (max-width: 200px) 100vw, 200px\" \/><span style=\"font-weight: 400;\">Le Dr Terry Hill, M. \u00c9d., M. A., Ph. D., a pass\u00e9 12 ans dans la haute direction en mati\u00e8re de soins de sant\u00e9, 16 ans dans l&#8217;enseignement universitaire et coll\u00e9gial et 10 ans dans le d\u00e9veloppement communautaire et en tant que consultant. Il s&#8217;int\u00e9resse au cancer de la prostate, \u00e0 l&#8217;atrophie musculaire spinale, \u00e0 l&#8217;\u00e9thique professionnelle dans les soins de sant\u00e9, \u00e0 l&#8217;image corporelle et au processus de vieillissement. Ses activit\u00e9s d&#8217;intervention appliqu\u00e9e s&#8217;\u00e9tendent au d\u00e9veloppement communautaire et \u00e0 la formation dans divers domaines des soins de sant\u00e9, et ses int\u00e9r\u00eats en philosophie sociale portent sur l&#8217;\u00e9volution morale, la th\u00e9orie des syst\u00e8mes humains utopiques et l&#8217;humanisme. <\/span><\/p>\n<p><span style=\"font-weight: 400;\">Il se sp\u00e9cialise dans le r\u00e9seautage, l&#8217;analyse politique, l&#8217;\u00e9dition, les accords d&#8217;affiliation, la recherche en sociologie m\u00e9dicale, l&#8217;enseignement et le changement social appliqu\u00e9.<\/span><\/p>\n<p><span style=\"font-weight: 400;\">Le Dr. Hill est actuellement directeur de l&#8217;\u00e9ducation chez Everest Canada. Auparavant, il a \u00e9t\u00e9 sp\u00e9cialiste de la mission communautaire \u00e0 la Fondation des maladies du c\u0153ur ; charg\u00e9 de cours, professeur adjoint et professeur au <\/span><i><span style=\"font-weight: 400;\">Confederation College<\/span><\/i><span style=\"font-weight: 400;\"> de l&#8217;Universit\u00e9 Lakehead ; directeur int\u00e9rimaire du <\/span><i><span style=\"font-weight: 400;\">Northern Educational Centre for Aging and Health<\/span><\/i><span style=\"font-weight: 400;\"> ; et directeur et professeur adjoint du d\u00e9partement d&#8217;\u00e9ducation postdoctorale et continue du <\/span><i><span style=\"font-weight: 400;\">Canadian Memorial Chiropractic College.<\/span><\/i><\/p>\n<p><span style=\"font-weight: 400;\">En tant que b\u00e9n\u00e9vole, il est pr\u00e9sident et membre du conseil d&#8217;administration du<\/span><i><span style=\"font-weight: 400;\"> Prostate Cancer Network (PCCN) <\/span><\/i><span style=\"font-weight: 400;\">du nord-ouest de l\u2019Ontario, de la Fondation des maladies du c\u0153ur, du <\/span><i><span style=\"font-weight: 400;\">Council for Adult and Experiential Learning<\/span><\/i><span style=\"font-weight: 400;\">, de Business sans fronti\u00e8res et du<\/span><i><span style=\"font-weight: 400;\"> Adult Education Action Group.<\/span><\/i><\/p>\n","protected":false},"excerpt":{"rendered":"<p>Le Dr Terry Hill, M. \u00c9d., M. A., Ph. D., a pass\u00e9 12 ans dans la haute direction en mati\u00e8re de soins de sant\u00e9, 16 ans dans l&#8217;enseignement universitaire et coll\u00e9gial et<\/p>\n","protected":false},"author":2,"featured_media":0,"parent":4521,"menu_order":3,"comment_status":"closed","ping_status":"closed","template":"","meta":{"_acf_changed":false,"footnotes":""},"class_list":["post-21500","page","type-page","status-publish","hentry"],"acf":[],"yoast_head":"<!-- This site is optimized with the Yoast SEO plugin v27.1.1 - https:\/\/yoast.com\/product\/yoast-seo-wordpress\/ -->\n<title>Dr. Terry Hill - Canadian Cancer Survivor Network<\/title>\n<meta name=\"robots\" content=\"index, follow, max-snippet:-1, max-image-preview:large, max-video-preview:-1\" \/>\n<link rel=\"canonical\" href=\"https:\/\/survivornet.ca\/connect\/medical-advisory-committee\/dr-terry-hill\/\" \/>\n<meta property=\"og:locale\" content=\"fr_FR\" \/>\n<meta property=\"og:type\" content=\"article\" \/>\n<meta property=\"og:title\" content=\"Dr. Terry Hill - Canadian Cancer Survivor Network\" \/>\n<meta property=\"og:description\" content=\"Le Dr Terry Hill, M. \u00c9d., M. A., Ph. D., a pass\u00e9 12 ans dans la haute direction en mati\u00e8re de soins de sant\u00e9, 16 ans dans l&#8217;enseignement universitaire et coll\u00e9gial et\" \/>\n<meta property=\"og:url\" content=\"https:\/\/survivornet.ca\/connect\/medical-advisory-committee\/dr-terry-hill\/\" \/>\n<meta property=\"og:site_name\" content=\"Canadian Cancer Survivor Network\" \/>\n<meta property=\"article:modified_time\" content=\"2021-03-23T18:25:25+00:00\" \/>\n<meta property=\"og:image\" content=\"http:\/\/survivornet.ca\/wp-content\/uploads\/2017\/02\/Dr_-Terry-Hill.jpg\" \/>\n<meta name=\"twitter:card\" content=\"summary_large_image\" \/>\n<meta name=\"twitter:label1\" content=\"Dur\u00e9e de lecture estim\u00e9e\" \/>\n\t<meta name=\"twitter:data1\" content=\"1 minute\" \/>\n<script type=\"application\/ld+json\" class=\"yoast-schema-graph\">{\"@context\":\"https:\/\/schema.org\",\"@graph\":[{\"@type\":\"WebPage\",\"@id\":\"https:\/\/survivornet.ca\/connect\/medical-advisory-committee\/dr-terry-hill\/\",\"url\":\"https:\/\/survivornet.ca\/connect\/medical-advisory-committee\/dr-terry-hill\/\",\"name\":\"Dr. Terry Hill - Canadian Cancer Survivor Network\",\"isPartOf\":{\"@id\":\"https:\/\/survivornet.ca\/#website\"},\"primaryImageOfPage\":{\"@id\":\"https:\/\/survivornet.ca\/connect\/medical-advisory-committee\/dr-terry-hill\/#primaryimage\"},\"image\":{\"@id\":\"https:\/\/survivornet.ca\/connect\/medical-advisory-committee\/dr-terry-hill\/#primaryimage\"},\"thumbnailUrl\":\"http:\/\/survivornet.ca\/wp-content\/uploads\/2017\/02\/Dr_-Terry-Hill.jpg\",\"datePublished\":\"2021-03-22T19:21:44+00:00\",\"dateModified\":\"2021-03-23T18:25:25+00:00\",\"breadcrumb\":{\"@id\":\"https:\/\/survivornet.ca\/connect\/medical-advisory-committee\/dr-terry-hill\/#breadcrumb\"},\"inLanguage\":\"fr-FR\",\"potentialAction\":[{\"@type\":\"ReadAction\",\"target\":[\"https:\/\/survivornet.ca\/connect\/medical-advisory-committee\/dr-terry-hill\/\"]}]},{\"@type\":\"ImageObject\",\"inLanguage\":\"fr-FR\",\"@id\":\"https:\/\/survivornet.ca\/connect\/medical-advisory-committee\/dr-terry-hill\/#primaryimage\",\"url\":\"http:\/\/survivornet.ca\/wp-content\/uploads\/2017\/02\/Dr_-Terry-Hill.jpg\",\"contentUrl\":\"http:\/\/survivornet.ca\/wp-content\/uploads\/2017\/02\/Dr_-Terry-Hill.jpg\"},{\"@type\":\"BreadcrumbList\",\"@id\":\"https:\/\/survivornet.ca\/connect\/medical-advisory-committee\/dr-terry-hill\/#breadcrumb\",\"itemListElement\":[{\"@type\":\"ListItem\",\"position\":1,\"name\":\"Home\",\"item\":\"https:\/\/survivornet.ca\/fr\/\"},{\"@type\":\"ListItem\",\"position\":2,\"name\":\"Connectez\",\"item\":\"https:\/\/survivornet.ca\/fr\/reliez-vous\/\"},{\"@type\":\"ListItem\",\"position\":3,\"name\":\"Le comit\u00e9 m\u00e9dical consultatif\",\"item\":\"https:\/\/survivornet.ca\/fr\/reliez-vous\/le-comite-medical-consultatif\/\"},{\"@type\":\"ListItem\",\"position\":4,\"name\":\"Dr. Terry Hill\"}]},{\"@type\":\"WebSite\",\"@id\":\"https:\/\/survivornet.ca\/#website\",\"url\":\"https:\/\/survivornet.ca\/\",\"name\":\"Canadian Cancer Survivor Network\",\"description\":\"The Canadian Cancer Survivor Network was created by a group of Canadians concerned about cancer.\",\"publisher\":{\"@id\":\"https:\/\/survivornet.ca\/#organization\"},\"potentialAction\":[{\"@type\":\"SearchAction\",\"target\":{\"@type\":\"EntryPoint\",\"urlTemplate\":\"https:\/\/survivornet.ca\/?s={search_term_string}\"},\"query-input\":{\"@type\":\"PropertyValueSpecification\",\"valueRequired\":true,\"valueName\":\"search_term_string\"}}],\"inLanguage\":\"fr-FR\"},{\"@type\":\"Organization\",\"@id\":\"https:\/\/survivornet.ca\/#organization\",\"name\":\"Canadian Cancer Survivor Network\",\"url\":\"https:\/\/survivornet.ca\/\",\"logo\":{\"@type\":\"ImageObject\",\"inLanguage\":\"fr-FR\",\"@id\":\"https:\/\/survivornet.ca\/#\/schema\/logo\/image\/\",\"url\":\"http:\/\/survivornet.ca\/wp-content\/uploads\/2016\/12\/CCSN_Logo_EN_SQUARE.png\",\"contentUrl\":\"http:\/\/survivornet.ca\/wp-content\/uploads\/2016\/12\/CCSN_Logo_EN_SQUARE.png\",\"width\":1209,\"height\":1007,\"caption\":\"Canadian Cancer Survivor Network\"},\"image\":{\"@id\":\"https:\/\/survivornet.ca\/#\/schema\/logo\/image\/\"}}]}<\/script>\n<!-- \/ Yoast SEO plugin. -->","yoast_head_json":{"title":"Dr. Terry Hill - Canadian Cancer Survivor Network","robots":{"index":"index","follow":"follow","max-snippet":"max-snippet:-1","max-image-preview":"max-image-preview:large","max-video-preview":"max-video-preview:-1"},"canonical":"https:\/\/survivornet.ca\/connect\/medical-advisory-committee\/dr-terry-hill\/","og_locale":"fr_FR","og_type":"article","og_title":"Dr. Terry Hill - Canadian Cancer Survivor Network","og_description":"Le Dr Terry Hill, M. \u00c9d., M. A., Ph. D., a pass\u00e9 12 ans dans la haute direction en mati\u00e8re de soins de sant\u00e9, 16 ans dans l&#8217;enseignement universitaire et coll\u00e9gial et","og_url":"https:\/\/survivornet.ca\/connect\/medical-advisory-committee\/dr-terry-hill\/","og_site_name":"Canadian Cancer Survivor Network","article_modified_time":"2021-03-23T18:25:25+00:00","og_image":[{"url":"http:\/\/survivornet.ca\/wp-content\/uploads\/2017\/02\/Dr_-Terry-Hill.jpg","type":"","width":"","height":""}],"twitter_card":"summary_large_image","twitter_misc":{"Dur\u00e9e de lecture estim\u00e9e":"1 minute"},"schema":{"@context":"https:\/\/schema.org","@graph":[{"@type":"WebPage","@id":"https:\/\/survivornet.ca\/connect\/medical-advisory-committee\/dr-terry-hill\/","url":"https:\/\/survivornet.ca\/connect\/medical-advisory-committee\/dr-terry-hill\/","name":"Dr. Terry Hill - Canadian Cancer Survivor Network","isPartOf":{"@id":"https:\/\/survivornet.ca\/#website"},"primaryImageOfPage":{"@id":"https:\/\/survivornet.ca\/connect\/medical-advisory-committee\/dr-terry-hill\/#primaryimage"},"image":{"@id":"https:\/\/survivornet.ca\/connect\/medical-advisory-committee\/dr-terry-hill\/#primaryimage"},"thumbnailUrl":"http:\/\/survivornet.ca\/wp-content\/uploads\/2017\/02\/Dr_-Terry-Hill.jpg","datePublished":"2021-03-22T19:21:44+00:00","dateModified":"2021-03-23T18:25:25+00:00","breadcrumb":{"@id":"https:\/\/survivornet.ca\/connect\/medical-advisory-committee\/dr-terry-hill\/#breadcrumb"},"inLanguage":"fr-FR","potentialAction":[{"@type":"ReadAction","target":["https:\/\/survivornet.ca\/connect\/medical-advisory-committee\/dr-terry-hill\/"]}]},{"@type":"ImageObject","inLanguage":"fr-FR","@id":"https:\/\/survivornet.ca\/connect\/medical-advisory-committee\/dr-terry-hill\/#primaryimage","url":"http:\/\/survivornet.ca\/wp-content\/uploads\/2017\/02\/Dr_-Terry-Hill.jpg","contentUrl":"http:\/\/survivornet.ca\/wp-content\/uploads\/2017\/02\/Dr_-Terry-Hill.jpg"},{"@type":"BreadcrumbList","@id":"https:\/\/survivornet.ca\/connect\/medical-advisory-committee\/dr-terry-hill\/#breadcrumb","itemListElement":[{"@type":"ListItem","position":1,"name":"Home","item":"https:\/\/survivornet.ca\/fr\/"},{"@type":"ListItem","position":2,"name":"Connectez","item":"https:\/\/survivornet.ca\/fr\/reliez-vous\/"},{"@type":"ListItem","position":3,"name":"Le comit\u00e9 m\u00e9dical consultatif","item":"https:\/\/survivornet.ca\/fr\/reliez-vous\/le-comite-medical-consultatif\/"},{"@type":"ListItem","position":4,"name":"Dr. Terry Hill"}]},{"@type":"WebSite","@id":"https:\/\/survivornet.ca\/#website","url":"https:\/\/survivornet.ca\/","name":"Canadian Cancer Survivor Network","description":"The Canadian Cancer Survivor Network was created by a group of Canadians concerned about cancer.","publisher":{"@id":"https:\/\/survivornet.ca\/#organization"},"potentialAction":[{"@type":"SearchAction","target":{"@type":"EntryPoint","urlTemplate":"https:\/\/survivornet.ca\/?s={search_term_string}"},"query-input":{"@type":"PropertyValueSpecification","valueRequired":true,"valueName":"search_term_string"}}],"inLanguage":"fr-FR"},{"@type":"Organization","@id":"https:\/\/survivornet.ca\/#organization","name":"Canadian Cancer Survivor Network","url":"https:\/\/survivornet.ca\/","logo":{"@type":"ImageObject","inLanguage":"fr-FR","@id":"https:\/\/survivornet.ca\/#\/schema\/logo\/image\/","url":"http:\/\/survivornet.ca\/wp-content\/uploads\/2016\/12\/CCSN_Logo_EN_SQUARE.png","contentUrl":"http:\/\/survivornet.ca\/wp-content\/uploads\/2016\/12\/CCSN_Logo_EN_SQUARE.png","width":1209,"height":1007,"caption":"Canadian Cancer Survivor Network"},"image":{"@id":"https:\/\/survivornet.ca\/#\/schema\/logo\/image\/"}}]}},"_links":{"self":[{"href":"https:\/\/survivornet.ca\/fr\/wp-json\/wp\/v2\/pages\/21500","targetHints":{"allow":["GET"]}}],"collection":[{"href":"https:\/\/survivornet.ca\/fr\/wp-json\/wp\/v2\/pages"}],"about":[{"href":"https:\/\/survivornet.ca\/fr\/wp-json\/wp\/v2\/types\/page"}],"author":[{"embeddable":true,"href":"https:\/\/survivornet.ca\/fr\/wp-json\/wp\/v2\/users\/2"}],"replies":[{"embeddable":true,"href":"https:\/\/survivornet.ca\/fr\/wp-json\/wp\/v2\/comments?post=21500"}],"version-history":[{"count":0,"href":"https:\/\/survivornet.ca\/fr\/wp-json\/wp\/v2\/pages\/21500\/revisions"}],"up":[{"embeddable":true,"href":"https:\/\/survivornet.ca\/fr\/wp-json\/wp\/v2\/pages\/4521"}],"wp:attachment":[{"href":"https:\/\/survivornet.ca\/fr\/wp-json\/wp\/v2\/media?parent=21500"}],"curies":[{"name":"wp","href":"https:\/\/api.w.org\/{rel}","templated":true}]}}