{"id":21494,"date":"2021-03-22T11:21:47","date_gmt":"2021-03-22T15:21:47","guid":{"rendered":"https:\/\/survivornet.ca\/?page_id=21494"},"modified":"2021-03-22T14:26:27","modified_gmt":"2021-03-22T18:26:27","slug":"dr-ambreen-sayani","status":"publish","type":"page","link":"https:\/\/survivornet.ca\/fr\/reliez-vous\/le-comite-medical-consultatif\/dr-ambreen-sayani\/","title":{"rendered":"Dr. Ambreen Sayani"},"content":{"rendered":"<p><img loading=\"lazy\" decoding=\"async\" class=\"alignleft wp-image-16697 size-full\" src=\"http:\/\/survivornet.ca\/wp-content\/uploads\/2020\/02\/ambreen.png\" alt=\"Dr. Ambreen Sayani\" width=\"215\" height=\"201\" \/>Dr. Ambreen Sayani, M.D., M. Sc., Ph. D., est passionn\u00e9e par la d\u00e9fense des droits des patients et a men\u00e9 des recherches sur le cancer en laboratoire et au chevet des patients dans le but d\u2019am\u00e9liorer les traitements et fournir des soins socialement justes. Elle a occup\u00e9 des postes de direction dans plusieurs secteurs de la sant\u00e9 et a \u00e9t\u00e9 consultante pour des organisations du secteur priv\u00e9 et gouvernementales. \u00c0 l&#8217;heure actuelle, les recherches de Dr. Sayani sont ax\u00e9es sur le lien entre l&#8217;\u00e9quit\u00e9 sociale et l&#8217;\u00e9quit\u00e9 en mati\u00e8re de sant\u00e9 et son impact sur le risque de cancer, les traitements et la survie. Elle a fait des pr\u00e9sentations \u00e0 de nombreuses conf\u00e9rences au Canada et \u00e0 l&#8217;\u00e9tranger, a publi\u00e9 plusieurs articles dans des publications revues par les pairs et a re\u00e7u des prix de leadership et de recherche.<\/p>\n<p><span style=\"font-weight: 400;\">Ambreen est membre du comit\u00e9 consultatif sur l&#8217;\u00e9quit\u00e9 du Partenariat canadien contre le cancer, membre du comit\u00e9 m\u00e9dical consultatif du R\u00e9seau canadien des survivants du cancer et ambassadrice communautaire de la Charte de la diversit\u00e9, de l&#8217;\u00e9quit\u00e9 et de l&#8217;inclusion de la r\u00e9gion de Peel. \u00c0 l\u2019heure actuelle, elle est titulaire d&#8217;une bourse de recherche financ\u00e9e par l\u2019Institut de recherche en sant\u00e9 du Canada pour de la recherche ax\u00e9e sur les patients au<\/span><i><span style=\"font-weight: 400;\"> Women&#8217;s College Hospital<\/span><\/i><span style=\"font-weight: 400;\"> de Toronto et est une adjointe de recherche au <\/span><i><span style=\"font-weight: 400;\">MAP-Centre for Urban Health Solutions<\/span><\/i><span style=\"font-weight: 400;\"> de l&#8217;h\u00f4pital St. Michael.\u00a0<\/span><\/p>\n","protected":false},"excerpt":{"rendered":"<p>Dr. Ambreen Sayani, M.D., M. Sc., Ph. D., est passionn\u00e9e par la d\u00e9fense des droits des patients et a men\u00e9 des recherches sur le cancer en laboratoire et au chevet des patients<\/p>\n","protected":false},"author":2,"featured_media":0,"parent":4521,"menu_order":6,"comment_status":"closed","ping_status":"closed","template":"","meta":{"_acf_changed":false,"footnotes":""},"class_list":["post-21494","page","type-page","status-publish","hentry"],"acf":[],"yoast_head":"<!-- This site is optimized with the Yoast SEO plugin v27.4 - https:\/\/yoast.com\/product\/yoast-seo-wordpress\/ -->\n<title>Dr. Ambreen Sayani - Canadian Cancer Survivor Network<\/title>\n<meta name=\"robots\" content=\"index, follow, max-snippet:-1, max-image-preview:large, max-video-preview:-1\" \/>\n<link rel=\"canonical\" href=\"https:\/\/survivornet.ca\/fr\/reliez-vous\/le-comite-medical-consultatif\/dr-ambreen-sayani\/\" \/>\n<meta property=\"og:locale\" content=\"fr_FR\" \/>\n<meta property=\"og:type\" content=\"article\" \/>\n<meta property=\"og:title\" content=\"Dr. Ambreen Sayani - Canadian Cancer Survivor Network\" \/>\n<meta property=\"og:description\" content=\"Dr. Ambreen Sayani, M.D., M. Sc., Ph. D., est passionn\u00e9e par la d\u00e9fense des droits des patients et a men\u00e9 des recherches sur le cancer en laboratoire et au chevet des patients\" \/>\n<meta property=\"og:url\" content=\"https:\/\/survivornet.ca\/fr\/reliez-vous\/le-comite-medical-consultatif\/dr-ambreen-sayani\/\" \/>\n<meta property=\"og:site_name\" content=\"Canadian Cancer Survivor Network\" \/>\n<meta property=\"article:modified_time\" content=\"2021-03-22T18:26:27+00:00\" \/>\n<meta property=\"og:image\" content=\"http:\/\/survivornet.ca\/wp-content\/uploads\/2020\/02\/ambreen.png\" \/>\n<meta name=\"twitter:card\" content=\"summary_large_image\" \/>\n<meta name=\"twitter:label1\" content=\"Dur\u00e9e de lecture estim\u00e9e\" \/>\n\t<meta name=\"twitter:data1\" content=\"1 minute\" \/>\n<script type=\"application\/ld+json\" class=\"yoast-schema-graph\">{\"@context\":\"https:\\\/\\\/schema.org\",\"@graph\":[{\"@type\":\"WebPage\",\"@id\":\"https:\\\/\\\/survivornet.ca\\\/fr\\\/reliez-vous\\\/le-comite-medical-consultatif\\\/dr-ambreen-sayani\\\/\",\"url\":\"https:\\\/\\\/survivornet.ca\\\/fr\\\/reliez-vous\\\/le-comite-medical-consultatif\\\/dr-ambreen-sayani\\\/\",\"name\":\"Dr. Ambreen Sayani - Canadian Cancer Survivor Network\",\"isPartOf\":{\"@id\":\"https:\\\/\\\/survivornet.ca\\\/#website\"},\"primaryImageOfPage\":{\"@id\":\"https:\\\/\\\/survivornet.ca\\\/fr\\\/reliez-vous\\\/le-comite-medical-consultatif\\\/dr-ambreen-sayani\\\/#primaryimage\"},\"image\":{\"@id\":\"https:\\\/\\\/survivornet.ca\\\/fr\\\/reliez-vous\\\/le-comite-medical-consultatif\\\/dr-ambreen-sayani\\\/#primaryimage\"},\"thumbnailUrl\":\"http:\\\/\\\/survivornet.ca\\\/wp-content\\\/uploads\\\/2020\\\/02\\\/ambreen.png\",\"datePublished\":\"2021-03-22T15:21:47+00:00\",\"dateModified\":\"2021-03-22T18:26:27+00:00\",\"breadcrumb\":{\"@id\":\"https:\\\/\\\/survivornet.ca\\\/fr\\\/reliez-vous\\\/le-comite-medical-consultatif\\\/dr-ambreen-sayani\\\/#breadcrumb\"},\"inLanguage\":\"fr-FR\",\"potentialAction\":[{\"@type\":\"ReadAction\",\"target\":[\"https:\\\/\\\/survivornet.ca\\\/fr\\\/reliez-vous\\\/le-comite-medical-consultatif\\\/dr-ambreen-sayani\\\/\"]}]},{\"@type\":\"ImageObject\",\"inLanguage\":\"fr-FR\",\"@id\":\"https:\\\/\\\/survivornet.ca\\\/fr\\\/reliez-vous\\\/le-comite-medical-consultatif\\\/dr-ambreen-sayani\\\/#primaryimage\",\"url\":\"http:\\\/\\\/survivornet.ca\\\/wp-content\\\/uploads\\\/2020\\\/02\\\/ambreen.png\",\"contentUrl\":\"http:\\\/\\\/survivornet.ca\\\/wp-content\\\/uploads\\\/2020\\\/02\\\/ambreen.png\"},{\"@type\":\"BreadcrumbList\",\"@id\":\"https:\\\/\\\/survivornet.ca\\\/fr\\\/reliez-vous\\\/le-comite-medical-consultatif\\\/dr-ambreen-sayani\\\/#breadcrumb\",\"itemListElement\":[{\"@type\":\"ListItem\",\"position\":1,\"name\":\"Home\",\"item\":\"https:\\\/\\\/survivornet.ca\\\/fr\\\/\"},{\"@type\":\"ListItem\",\"position\":2,\"name\":\"Connectez\",\"item\":\"https:\\\/\\\/survivornet.ca\\\/fr\\\/reliez-vous\\\/\"},{\"@type\":\"ListItem\",\"position\":3,\"name\":\"Le comit\u00e9 m\u00e9dical consultatif\",\"item\":\"https:\\\/\\\/survivornet.ca\\\/fr\\\/reliez-vous\\\/le-comite-medical-consultatif\\\/\"},{\"@type\":\"ListItem\",\"position\":4,\"name\":\"Dr. Ambreen Sayani\"}]},{\"@type\":\"WebSite\",\"@id\":\"https:\\\/\\\/survivornet.ca\\\/#website\",\"url\":\"https:\\\/\\\/survivornet.ca\\\/\",\"name\":\"Canadian Cancer Survivor Network\",\"description\":\"The Canadian Cancer Survivor Network was created by a group of Canadians concerned about cancer.\",\"publisher\":{\"@id\":\"https:\\\/\\\/survivornet.ca\\\/#organization\"},\"potentialAction\":[{\"@type\":\"SearchAction\",\"target\":{\"@type\":\"EntryPoint\",\"urlTemplate\":\"https:\\\/\\\/survivornet.ca\\\/?s={search_term_string}\"},\"query-input\":{\"@type\":\"PropertyValueSpecification\",\"valueRequired\":true,\"valueName\":\"search_term_string\"}}],\"inLanguage\":\"fr-FR\"},{\"@type\":\"Organization\",\"@id\":\"https:\\\/\\\/survivornet.ca\\\/#organization\",\"name\":\"Canadian Cancer Survivor Network\",\"url\":\"https:\\\/\\\/survivornet.ca\\\/\",\"logo\":{\"@type\":\"ImageObject\",\"inLanguage\":\"fr-FR\",\"@id\":\"https:\\\/\\\/survivornet.ca\\\/#\\\/schema\\\/logo\\\/image\\\/\",\"url\":\"http:\\\/\\\/survivornet.ca\\\/wp-content\\\/uploads\\\/2016\\\/12\\\/CCSN_Logo_EN_SQUARE.png\",\"contentUrl\":\"http:\\\/\\\/survivornet.ca\\\/wp-content\\\/uploads\\\/2016\\\/12\\\/CCSN_Logo_EN_SQUARE.png\",\"width\":1209,\"height\":1007,\"caption\":\"Canadian Cancer Survivor Network\"},\"image\":{\"@id\":\"https:\\\/\\\/survivornet.ca\\\/#\\\/schema\\\/logo\\\/image\\\/\"}}]}<\/script>\n<!-- \/ Yoast SEO plugin. -->","yoast_head_json":{"title":"Dr. Ambreen Sayani - Canadian Cancer Survivor Network","robots":{"index":"index","follow":"follow","max-snippet":"max-snippet:-1","max-image-preview":"max-image-preview:large","max-video-preview":"max-video-preview:-1"},"canonical":"https:\/\/survivornet.ca\/fr\/reliez-vous\/le-comite-medical-consultatif\/dr-ambreen-sayani\/","og_locale":"fr_FR","og_type":"article","og_title":"Dr. Ambreen Sayani - Canadian Cancer Survivor Network","og_description":"Dr. Ambreen Sayani, M.D., M. Sc., Ph. D., est passionn\u00e9e par la d\u00e9fense des droits des patients et a men\u00e9 des recherches sur le cancer en laboratoire et au chevet des patients","og_url":"https:\/\/survivornet.ca\/fr\/reliez-vous\/le-comite-medical-consultatif\/dr-ambreen-sayani\/","og_site_name":"Canadian Cancer Survivor Network","article_modified_time":"2021-03-22T18:26:27+00:00","og_image":[{"url":"http:\/\/survivornet.ca\/wp-content\/uploads\/2020\/02\/ambreen.png","type":"","width":"","height":""}],"twitter_card":"summary_large_image","twitter_misc":{"Dur\u00e9e de lecture estim\u00e9e":"1 minute"},"schema":{"@context":"https:\/\/schema.org","@graph":[{"@type":"WebPage","@id":"https:\/\/survivornet.ca\/fr\/reliez-vous\/le-comite-medical-consultatif\/dr-ambreen-sayani\/","url":"https:\/\/survivornet.ca\/fr\/reliez-vous\/le-comite-medical-consultatif\/dr-ambreen-sayani\/","name":"Dr. Ambreen Sayani - Canadian Cancer Survivor Network","isPartOf":{"@id":"https:\/\/survivornet.ca\/#website"},"primaryImageOfPage":{"@id":"https:\/\/survivornet.ca\/fr\/reliez-vous\/le-comite-medical-consultatif\/dr-ambreen-sayani\/#primaryimage"},"image":{"@id":"https:\/\/survivornet.ca\/fr\/reliez-vous\/le-comite-medical-consultatif\/dr-ambreen-sayani\/#primaryimage"},"thumbnailUrl":"http:\/\/survivornet.ca\/wp-content\/uploads\/2020\/02\/ambreen.png","datePublished":"2021-03-22T15:21:47+00:00","dateModified":"2021-03-22T18:26:27+00:00","breadcrumb":{"@id":"https:\/\/survivornet.ca\/fr\/reliez-vous\/le-comite-medical-consultatif\/dr-ambreen-sayani\/#breadcrumb"},"inLanguage":"fr-FR","potentialAction":[{"@type":"ReadAction","target":["https:\/\/survivornet.ca\/fr\/reliez-vous\/le-comite-medical-consultatif\/dr-ambreen-sayani\/"]}]},{"@type":"ImageObject","inLanguage":"fr-FR","@id":"https:\/\/survivornet.ca\/fr\/reliez-vous\/le-comite-medical-consultatif\/dr-ambreen-sayani\/#primaryimage","url":"http:\/\/survivornet.ca\/wp-content\/uploads\/2020\/02\/ambreen.png","contentUrl":"http:\/\/survivornet.ca\/wp-content\/uploads\/2020\/02\/ambreen.png"},{"@type":"BreadcrumbList","@id":"https:\/\/survivornet.ca\/fr\/reliez-vous\/le-comite-medical-consultatif\/dr-ambreen-sayani\/#breadcrumb","itemListElement":[{"@type":"ListItem","position":1,"name":"Home","item":"https:\/\/survivornet.ca\/fr\/"},{"@type":"ListItem","position":2,"name":"Connectez","item":"https:\/\/survivornet.ca\/fr\/reliez-vous\/"},{"@type":"ListItem","position":3,"name":"Le comit\u00e9 m\u00e9dical consultatif","item":"https:\/\/survivornet.ca\/fr\/reliez-vous\/le-comite-medical-consultatif\/"},{"@type":"ListItem","position":4,"name":"Dr. Ambreen Sayani"}]},{"@type":"WebSite","@id":"https:\/\/survivornet.ca\/#website","url":"https:\/\/survivornet.ca\/","name":"Canadian Cancer Survivor Network","description":"The Canadian Cancer Survivor Network was created by a group of Canadians concerned about cancer.","publisher":{"@id":"https:\/\/survivornet.ca\/#organization"},"potentialAction":[{"@type":"SearchAction","target":{"@type":"EntryPoint","urlTemplate":"https:\/\/survivornet.ca\/?s={search_term_string}"},"query-input":{"@type":"PropertyValueSpecification","valueRequired":true,"valueName":"search_term_string"}}],"inLanguage":"fr-FR"},{"@type":"Organization","@id":"https:\/\/survivornet.ca\/#organization","name":"Canadian Cancer Survivor Network","url":"https:\/\/survivornet.ca\/","logo":{"@type":"ImageObject","inLanguage":"fr-FR","@id":"https:\/\/survivornet.ca\/#\/schema\/logo\/image\/","url":"http:\/\/survivornet.ca\/wp-content\/uploads\/2016\/12\/CCSN_Logo_EN_SQUARE.png","contentUrl":"http:\/\/survivornet.ca\/wp-content\/uploads\/2016\/12\/CCSN_Logo_EN_SQUARE.png","width":1209,"height":1007,"caption":"Canadian Cancer Survivor Network"},"image":{"@id":"https:\/\/survivornet.ca\/#\/schema\/logo\/image\/"}}]}},"_links":{"self":[{"href":"https:\/\/survivornet.ca\/fr\/wp-json\/wp\/v2\/pages\/21494","targetHints":{"allow":["GET"]}}],"collection":[{"href":"https:\/\/survivornet.ca\/fr\/wp-json\/wp\/v2\/pages"}],"about":[{"href":"https:\/\/survivornet.ca\/fr\/wp-json\/wp\/v2\/types\/page"}],"author":[{"embeddable":true,"href":"https:\/\/survivornet.ca\/fr\/wp-json\/wp\/v2\/users\/2"}],"replies":[{"embeddable":true,"href":"https:\/\/survivornet.ca\/fr\/wp-json\/wp\/v2\/comments?post=21494"}],"version-history":[{"count":0,"href":"https:\/\/survivornet.ca\/fr\/wp-json\/wp\/v2\/pages\/21494\/revisions"}],"up":[{"embeddable":true,"href":"https:\/\/survivornet.ca\/fr\/wp-json\/wp\/v2\/pages\/4521"}],"wp:attachment":[{"href":"https:\/\/survivornet.ca\/fr\/wp-json\/wp\/v2\/media?parent=21494"}],"curies":[{"name":"wp","href":"https:\/\/api.w.org\/{rel}","templated":true}]}}