{"id":21479,"date":"2021-03-19T15:49:26","date_gmt":"2021-03-19T19:49:26","guid":{"rendered":"https:\/\/survivornet.ca\/?page_id=21479"},"modified":"2021-03-19T15:49:26","modified_gmt":"2021-03-19T19:49:26","slug":"laveena-kamboj","status":"publish","type":"page","link":"https:\/\/survivornet.ca\/fr\/reliez-vous\/le-comite-medical-consultatif\/laveena-kamboj\/","title":{"rendered":"Laveena Kamboj"},"content":{"rendered":"<p><img loading=\"lazy\" decoding=\"async\" class=\"alignleft size-full wp-image-1509\" src=\"http:\/\/survivornet.ca\/wp-content\/uploads\/2017\/02\/Laveena-Kamboj-Medical-Advisory-Committee.jpg\" alt=\"\" width=\"200\" height=\"200\" srcset=\"https:\/\/survivornet.ca\/wp-content\/uploads\/2017\/02\/Laveena-Kamboj-Medical-Advisory-Committee.jpg 200w, https:\/\/survivornet.ca\/wp-content\/uploads\/2017\/02\/Laveena-Kamboj-Medical-Advisory-Committee-150x150.jpg 150w\" sizes=\"auto, (max-width: 200px) 100vw, 200px\" \/><span style=\"font-weight: 400;\">Laveena Kamboj est une candidate au doctorat qui se sp\u00e9cialise en \u00e9valuation des technologies de la sant\u00e9 (ETS)\u00a0 \u00e0 l\u2019Universit\u00e9 McMaster. Sa th\u00e8se de doctorat porte sur la participation des membres du public et des patients dans le processus d&#8217;examen des m\u00e9dicaments chez les agences d\u2019ETS. Elle d\u00e9tient une ma\u00eetrise en m\u00e9thodologie de la recherche en sant\u00e9 de l\u2019Universit\u00e9 McMaster et un baccalaur\u00e9at en toxicologie de l\u2019Universit\u00e9 de Toronto. <\/span><\/p>\n<p><span style=\"font-weight: 400;\">Elle est Directrice associ\u00e9e, Acc\u00e8s aux march\u00e9s et affaires gouvernementales, chez Eisai o\u00f9 elle m\u00e8ne le d\u00e9veloppement et l\u2019impl\u00e9mentation de strat\u00e9gies de soutien pour le remboursement des m\u00e9dicaments. Cela comprend le d\u00e9veloppement et la r\u00e9alisation d\u2019analyses \u00e9conomiques en sant\u00e9 et d\u2019\u00e9tudes de recherches. Elle fut \u00e9galement Assistante en recherche au <\/span><i><span style=\"font-weight: 400;\">Centre for Evaluation and Medicines (CEM)<\/span><\/i><span style=\"font-weight: 400;\"> de l&#8217;h\u00f4pital St-Joseph \u00e0 Hamilton, o\u00f9 elle a \u00e9tudi\u00e9 la mani\u00e8re dont les d\u00e9cideurs en mati\u00e8re de soins de sant\u00e9 interpr\u00e8tent le co\u00fbt suppl\u00e9mentaire de l&#8217;ann\u00e9e de vie pond\u00e9r\u00e9e par la qualit\u00e9. <\/span><\/p>\n","protected":false},"excerpt":{"rendered":"<p>Laveena Kamboj est une candidate au doctorat qui se sp\u00e9cialise en \u00e9valuation des technologies de la sant\u00e9 (ETS)\u00a0 \u00e0 l\u2019Universit\u00e9 McMaster. Sa th\u00e8se de doctorat porte sur la participation des membres du<\/p>\n","protected":false},"author":2,"featured_media":0,"parent":4521,"menu_order":2,"comment_status":"closed","ping_status":"closed","template":"","meta":{"_acf_changed":false,"footnotes":""},"class_list":["post-21479","page","type-page","status-publish","hentry"],"acf":[],"yoast_head":"<!-- This site is optimized with the Yoast SEO plugin v27.1.1 - https:\/\/yoast.com\/product\/yoast-seo-wordpress\/ -->\n<title>Laveena Kamboj - Canadian Cancer Survivor Network<\/title>\n<meta name=\"robots\" content=\"index, follow, max-snippet:-1, max-image-preview:large, max-video-preview:-1\" \/>\n<link rel=\"canonical\" href=\"https:\/\/survivornet.ca\/connect\/medical-advisory-committee\/laveena-kamboj\/\" \/>\n<meta property=\"og:locale\" content=\"fr_FR\" \/>\n<meta property=\"og:type\" content=\"article\" \/>\n<meta property=\"og:title\" content=\"Laveena Kamboj - Canadian Cancer Survivor Network\" \/>\n<meta property=\"og:description\" content=\"Laveena Kamboj est une candidate au doctorat qui se sp\u00e9cialise en \u00e9valuation des technologies de la sant\u00e9 (ETS)\u00a0 \u00e0 l\u2019Universit\u00e9 McMaster. Sa th\u00e8se de doctorat porte sur la participation des membres du\" \/>\n<meta property=\"og:url\" content=\"https:\/\/survivornet.ca\/connect\/medical-advisory-committee\/laveena-kamboj\/\" \/>\n<meta property=\"og:site_name\" content=\"Canadian Cancer Survivor Network\" \/>\n<meta property=\"og:image\" content=\"http:\/\/survivornet.ca\/wp-content\/uploads\/2017\/02\/Laveena-Kamboj-Medical-Advisory-Committee.jpg\" \/>\n<meta name=\"twitter:card\" content=\"summary_large_image\" \/>\n<meta name=\"twitter:label1\" content=\"Dur\u00e9e de lecture estim\u00e9e\" \/>\n\t<meta name=\"twitter:data1\" content=\"1 minute\" \/>\n<script type=\"application\/ld+json\" class=\"yoast-schema-graph\">{\"@context\":\"https:\/\/schema.org\",\"@graph\":[{\"@type\":\"WebPage\",\"@id\":\"https:\/\/survivornet.ca\/connect\/medical-advisory-committee\/laveena-kamboj\/\",\"url\":\"https:\/\/survivornet.ca\/connect\/medical-advisory-committee\/laveena-kamboj\/\",\"name\":\"Laveena Kamboj - Canadian Cancer Survivor Network\",\"isPartOf\":{\"@id\":\"https:\/\/survivornet.ca\/#website\"},\"primaryImageOfPage\":{\"@id\":\"https:\/\/survivornet.ca\/connect\/medical-advisory-committee\/laveena-kamboj\/#primaryimage\"},\"image\":{\"@id\":\"https:\/\/survivornet.ca\/connect\/medical-advisory-committee\/laveena-kamboj\/#primaryimage\"},\"thumbnailUrl\":\"http:\/\/survivornet.ca\/wp-content\/uploads\/2017\/02\/Laveena-Kamboj-Medical-Advisory-Committee.jpg\",\"datePublished\":\"2021-03-19T19:49:26+00:00\",\"breadcrumb\":{\"@id\":\"https:\/\/survivornet.ca\/connect\/medical-advisory-committee\/laveena-kamboj\/#breadcrumb\"},\"inLanguage\":\"fr-FR\",\"potentialAction\":[{\"@type\":\"ReadAction\",\"target\":[\"https:\/\/survivornet.ca\/connect\/medical-advisory-committee\/laveena-kamboj\/\"]}]},{\"@type\":\"ImageObject\",\"inLanguage\":\"fr-FR\",\"@id\":\"https:\/\/survivornet.ca\/connect\/medical-advisory-committee\/laveena-kamboj\/#primaryimage\",\"url\":\"http:\/\/survivornet.ca\/wp-content\/uploads\/2017\/02\/Laveena-Kamboj-Medical-Advisory-Committee.jpg\",\"contentUrl\":\"http:\/\/survivornet.ca\/wp-content\/uploads\/2017\/02\/Laveena-Kamboj-Medical-Advisory-Committee.jpg\"},{\"@type\":\"BreadcrumbList\",\"@id\":\"https:\/\/survivornet.ca\/connect\/medical-advisory-committee\/laveena-kamboj\/#breadcrumb\",\"itemListElement\":[{\"@type\":\"ListItem\",\"position\":1,\"name\":\"Home\",\"item\":\"https:\/\/survivornet.ca\/fr\/\"},{\"@type\":\"ListItem\",\"position\":2,\"name\":\"Connectez\",\"item\":\"https:\/\/survivornet.ca\/fr\/reliez-vous\/\"},{\"@type\":\"ListItem\",\"position\":3,\"name\":\"Le comit\u00e9 m\u00e9dical consultatif\",\"item\":\"https:\/\/survivornet.ca\/fr\/reliez-vous\/le-comite-medical-consultatif\/\"},{\"@type\":\"ListItem\",\"position\":4,\"name\":\"Laveena Kamboj\"}]},{\"@type\":\"WebSite\",\"@id\":\"https:\/\/survivornet.ca\/#website\",\"url\":\"https:\/\/survivornet.ca\/\",\"name\":\"Canadian Cancer Survivor Network\",\"description\":\"The Canadian Cancer Survivor Network was created by a group of Canadians concerned about cancer.\",\"publisher\":{\"@id\":\"https:\/\/survivornet.ca\/#organization\"},\"potentialAction\":[{\"@type\":\"SearchAction\",\"target\":{\"@type\":\"EntryPoint\",\"urlTemplate\":\"https:\/\/survivornet.ca\/?s={search_term_string}\"},\"query-input\":{\"@type\":\"PropertyValueSpecification\",\"valueRequired\":true,\"valueName\":\"search_term_string\"}}],\"inLanguage\":\"fr-FR\"},{\"@type\":\"Organization\",\"@id\":\"https:\/\/survivornet.ca\/#organization\",\"name\":\"Canadian Cancer Survivor Network\",\"url\":\"https:\/\/survivornet.ca\/\",\"logo\":{\"@type\":\"ImageObject\",\"inLanguage\":\"fr-FR\",\"@id\":\"https:\/\/survivornet.ca\/#\/schema\/logo\/image\/\",\"url\":\"http:\/\/survivornet.ca\/wp-content\/uploads\/2016\/12\/CCSN_Logo_EN_SQUARE.png\",\"contentUrl\":\"http:\/\/survivornet.ca\/wp-content\/uploads\/2016\/12\/CCSN_Logo_EN_SQUARE.png\",\"width\":1209,\"height\":1007,\"caption\":\"Canadian Cancer Survivor Network\"},\"image\":{\"@id\":\"https:\/\/survivornet.ca\/#\/schema\/logo\/image\/\"}}]}<\/script>\n<!-- \/ Yoast SEO plugin. -->","yoast_head_json":{"title":"Laveena Kamboj - Canadian Cancer Survivor Network","robots":{"index":"index","follow":"follow","max-snippet":"max-snippet:-1","max-image-preview":"max-image-preview:large","max-video-preview":"max-video-preview:-1"},"canonical":"https:\/\/survivornet.ca\/connect\/medical-advisory-committee\/laveena-kamboj\/","og_locale":"fr_FR","og_type":"article","og_title":"Laveena Kamboj - Canadian Cancer Survivor Network","og_description":"Laveena Kamboj est une candidate au doctorat qui se sp\u00e9cialise en \u00e9valuation des technologies de la sant\u00e9 (ETS)\u00a0 \u00e0 l\u2019Universit\u00e9 McMaster. Sa th\u00e8se de doctorat porte sur la participation des membres du","og_url":"https:\/\/survivornet.ca\/connect\/medical-advisory-committee\/laveena-kamboj\/","og_site_name":"Canadian Cancer Survivor Network","og_image":[{"url":"http:\/\/survivornet.ca\/wp-content\/uploads\/2017\/02\/Laveena-Kamboj-Medical-Advisory-Committee.jpg","type":"","width":"","height":""}],"twitter_card":"summary_large_image","twitter_misc":{"Dur\u00e9e de lecture estim\u00e9e":"1 minute"},"schema":{"@context":"https:\/\/schema.org","@graph":[{"@type":"WebPage","@id":"https:\/\/survivornet.ca\/connect\/medical-advisory-committee\/laveena-kamboj\/","url":"https:\/\/survivornet.ca\/connect\/medical-advisory-committee\/laveena-kamboj\/","name":"Laveena Kamboj - Canadian Cancer Survivor Network","isPartOf":{"@id":"https:\/\/survivornet.ca\/#website"},"primaryImageOfPage":{"@id":"https:\/\/survivornet.ca\/connect\/medical-advisory-committee\/laveena-kamboj\/#primaryimage"},"image":{"@id":"https:\/\/survivornet.ca\/connect\/medical-advisory-committee\/laveena-kamboj\/#primaryimage"},"thumbnailUrl":"http:\/\/survivornet.ca\/wp-content\/uploads\/2017\/02\/Laveena-Kamboj-Medical-Advisory-Committee.jpg","datePublished":"2021-03-19T19:49:26+00:00","breadcrumb":{"@id":"https:\/\/survivornet.ca\/connect\/medical-advisory-committee\/laveena-kamboj\/#breadcrumb"},"inLanguage":"fr-FR","potentialAction":[{"@type":"ReadAction","target":["https:\/\/survivornet.ca\/connect\/medical-advisory-committee\/laveena-kamboj\/"]}]},{"@type":"ImageObject","inLanguage":"fr-FR","@id":"https:\/\/survivornet.ca\/connect\/medical-advisory-committee\/laveena-kamboj\/#primaryimage","url":"http:\/\/survivornet.ca\/wp-content\/uploads\/2017\/02\/Laveena-Kamboj-Medical-Advisory-Committee.jpg","contentUrl":"http:\/\/survivornet.ca\/wp-content\/uploads\/2017\/02\/Laveena-Kamboj-Medical-Advisory-Committee.jpg"},{"@type":"BreadcrumbList","@id":"https:\/\/survivornet.ca\/connect\/medical-advisory-committee\/laveena-kamboj\/#breadcrumb","itemListElement":[{"@type":"ListItem","position":1,"name":"Home","item":"https:\/\/survivornet.ca\/fr\/"},{"@type":"ListItem","position":2,"name":"Connectez","item":"https:\/\/survivornet.ca\/fr\/reliez-vous\/"},{"@type":"ListItem","position":3,"name":"Le comit\u00e9 m\u00e9dical consultatif","item":"https:\/\/survivornet.ca\/fr\/reliez-vous\/le-comite-medical-consultatif\/"},{"@type":"ListItem","position":4,"name":"Laveena Kamboj"}]},{"@type":"WebSite","@id":"https:\/\/survivornet.ca\/#website","url":"https:\/\/survivornet.ca\/","name":"Canadian Cancer Survivor Network","description":"The Canadian Cancer Survivor Network was created by a group of Canadians concerned about cancer.","publisher":{"@id":"https:\/\/survivornet.ca\/#organization"},"potentialAction":[{"@type":"SearchAction","target":{"@type":"EntryPoint","urlTemplate":"https:\/\/survivornet.ca\/?s={search_term_string}"},"query-input":{"@type":"PropertyValueSpecification","valueRequired":true,"valueName":"search_term_string"}}],"inLanguage":"fr-FR"},{"@type":"Organization","@id":"https:\/\/survivornet.ca\/#organization","name":"Canadian Cancer Survivor Network","url":"https:\/\/survivornet.ca\/","logo":{"@type":"ImageObject","inLanguage":"fr-FR","@id":"https:\/\/survivornet.ca\/#\/schema\/logo\/image\/","url":"http:\/\/survivornet.ca\/wp-content\/uploads\/2016\/12\/CCSN_Logo_EN_SQUARE.png","contentUrl":"http:\/\/survivornet.ca\/wp-content\/uploads\/2016\/12\/CCSN_Logo_EN_SQUARE.png","width":1209,"height":1007,"caption":"Canadian Cancer Survivor Network"},"image":{"@id":"https:\/\/survivornet.ca\/#\/schema\/logo\/image\/"}}]}},"_links":{"self":[{"href":"https:\/\/survivornet.ca\/fr\/wp-json\/wp\/v2\/pages\/21479","targetHints":{"allow":["GET"]}}],"collection":[{"href":"https:\/\/survivornet.ca\/fr\/wp-json\/wp\/v2\/pages"}],"about":[{"href":"https:\/\/survivornet.ca\/fr\/wp-json\/wp\/v2\/types\/page"}],"author":[{"embeddable":true,"href":"https:\/\/survivornet.ca\/fr\/wp-json\/wp\/v2\/users\/2"}],"replies":[{"embeddable":true,"href":"https:\/\/survivornet.ca\/fr\/wp-json\/wp\/v2\/comments?post=21479"}],"version-history":[{"count":0,"href":"https:\/\/survivornet.ca\/fr\/wp-json\/wp\/v2\/pages\/21479\/revisions"}],"up":[{"embeddable":true,"href":"https:\/\/survivornet.ca\/fr\/wp-json\/wp\/v2\/pages\/4521"}],"wp:attachment":[{"href":"https:\/\/survivornet.ca\/fr\/wp-json\/wp\/v2\/media?parent=21479"}],"curies":[{"name":"wp","href":"https:\/\/api.w.org\/{rel}","templated":true}]}}