{"id":21472,"date":"2021-03-19T14:26:32","date_gmt":"2021-03-19T18:26:32","guid":{"rendered":"https:\/\/survivornet.ca\/?page_id=21472"},"modified":"2021-03-19T14:26:32","modified_gmt":"2021-03-19T18:26:32","slug":"dr-andrew-feifer","status":"publish","type":"page","link":"https:\/\/survivornet.ca\/fr\/reliez-vous\/le-comite-medical-consultatif\/dr-andrew-feifer\/","title":{"rendered":"Dr. Andrew Feifer"},"content":{"rendered":"<p><img loading=\"lazy\" decoding=\"async\" class=\"alignleft size-full wp-image-1487\" src=\"http:\/\/survivornet.ca\/wp-content\/uploads\/2017\/02\/Dr_-Andrew-Feifer-photo-Medical-Advisory-Committee.jpg\" alt=\"\" width=\"264\" height=\"191\" \/><span style=\"font-weight: 400;\">Le Dr Andrew Feifer est un urologue et chirurgien \u00e9tabli \u00e0 Mississauga qui traite les cancers g\u00e9nito-urinaires au centre <em>Fidani Cancer Centre<\/em> du <em>Trillium Health Partners<\/em> \u00e0 l&#8217;h\u00f4pital Credit Valley et est un chercheur associ\u00e9 en oncologie urologique \u00e0 l\u2019<em>University Health Network.<\/em><\/span><\/p>\n<p><span style=\"font-weight: 400;\">Il \u00e9tait pr\u00e9c\u00e9demment chirurgien en oncologie urologique au <em>Memorial Sloan-Kettering Cancer Center<\/em> et <\/span><span style=\"font-weight: 400;\">fellow en r\u00e9sultats pour la sant\u00e9 <\/span><span style=\"font-weight: 400;\">au <em>Sloan-Kettering<\/em>. Il a \u00e9tudi\u00e9 \u00e0 l&#8217;universit\u00e9 McGill et \u00e0 l&#8217;\u00e9cole de sant\u00e9 publique de l&#8217;universit\u00e9 Harvard.\u00a0 <\/span><\/p>\n","protected":false},"excerpt":{"rendered":"<p>Le Dr Andrew Feifer est un urologue et chirurgien \u00e9tabli \u00e0 Mississauga qui traite les cancers g\u00e9nito-urinaires au centre Fidani Cancer Centre du Trillium Health Partners \u00e0 l&#8217;h\u00f4pital Credit Valley et est<\/p>\n","protected":false},"author":2,"featured_media":0,"parent":4521,"menu_order":1,"comment_status":"closed","ping_status":"closed","template":"","meta":{"_acf_changed":false,"footnotes":""},"class_list":["post-21472","page","type-page","status-publish","hentry"],"acf":[],"yoast_head":"<!-- This site is optimized with the Yoast SEO plugin v27.1.1 - https:\/\/yoast.com\/product\/yoast-seo-wordpress\/ -->\n<title>Dr. Andrew Feifer - Canadian Cancer Survivor Network<\/title>\n<meta name=\"robots\" content=\"index, follow, max-snippet:-1, max-image-preview:large, max-video-preview:-1\" \/>\n<link rel=\"canonical\" href=\"https:\/\/survivornet.ca\/fr\/reliez-vous\/le-comite-medical-consultatif\/dr-andrew-feifer\/\" \/>\n<meta property=\"og:locale\" content=\"fr_FR\" \/>\n<meta property=\"og:type\" content=\"article\" \/>\n<meta property=\"og:title\" content=\"Dr. Andrew Feifer - Canadian Cancer Survivor Network\" \/>\n<meta property=\"og:description\" content=\"Le Dr Andrew Feifer est un urologue et chirurgien \u00e9tabli \u00e0 Mississauga qui traite les cancers g\u00e9nito-urinaires au centre Fidani Cancer Centre du Trillium Health Partners \u00e0 l&#8217;h\u00f4pital Credit Valley et est\" \/>\n<meta property=\"og:url\" content=\"https:\/\/survivornet.ca\/fr\/reliez-vous\/le-comite-medical-consultatif\/dr-andrew-feifer\/\" \/>\n<meta property=\"og:site_name\" content=\"Canadian Cancer Survivor Network\" \/>\n<meta property=\"og:image\" content=\"http:\/\/survivornet.ca\/wp-content\/uploads\/2017\/02\/Dr_-Andrew-Feifer-photo-Medical-Advisory-Committee.jpg\" \/>\n<meta name=\"twitter:card\" content=\"summary_large_image\" \/>\n<script type=\"application\/ld+json\" class=\"yoast-schema-graph\">{\"@context\":\"https:\/\/schema.org\",\"@graph\":[{\"@type\":\"WebPage\",\"@id\":\"https:\/\/survivornet.ca\/fr\/reliez-vous\/le-comite-medical-consultatif\/dr-andrew-feifer\/\",\"url\":\"https:\/\/survivornet.ca\/fr\/reliez-vous\/le-comite-medical-consultatif\/dr-andrew-feifer\/\",\"name\":\"Dr. Andrew Feifer - Canadian Cancer Survivor Network\",\"isPartOf\":{\"@id\":\"https:\/\/survivornet.ca\/#website\"},\"primaryImageOfPage\":{\"@id\":\"https:\/\/survivornet.ca\/fr\/reliez-vous\/le-comite-medical-consultatif\/dr-andrew-feifer\/#primaryimage\"},\"image\":{\"@id\":\"https:\/\/survivornet.ca\/fr\/reliez-vous\/le-comite-medical-consultatif\/dr-andrew-feifer\/#primaryimage\"},\"thumbnailUrl\":\"http:\/\/survivornet.ca\/wp-content\/uploads\/2017\/02\/Dr_-Andrew-Feifer-photo-Medical-Advisory-Committee.jpg\",\"datePublished\":\"2021-03-19T18:26:32+00:00\",\"breadcrumb\":{\"@id\":\"https:\/\/survivornet.ca\/fr\/reliez-vous\/le-comite-medical-consultatif\/dr-andrew-feifer\/#breadcrumb\"},\"inLanguage\":\"fr-FR\",\"potentialAction\":[{\"@type\":\"ReadAction\",\"target\":[\"https:\/\/survivornet.ca\/fr\/reliez-vous\/le-comite-medical-consultatif\/dr-andrew-feifer\/\"]}]},{\"@type\":\"ImageObject\",\"inLanguage\":\"fr-FR\",\"@id\":\"https:\/\/survivornet.ca\/fr\/reliez-vous\/le-comite-medical-consultatif\/dr-andrew-feifer\/#primaryimage\",\"url\":\"http:\/\/survivornet.ca\/wp-content\/uploads\/2017\/02\/Dr_-Andrew-Feifer-photo-Medical-Advisory-Committee.jpg\",\"contentUrl\":\"http:\/\/survivornet.ca\/wp-content\/uploads\/2017\/02\/Dr_-Andrew-Feifer-photo-Medical-Advisory-Committee.jpg\"},{\"@type\":\"BreadcrumbList\",\"@id\":\"https:\/\/survivornet.ca\/fr\/reliez-vous\/le-comite-medical-consultatif\/dr-andrew-feifer\/#breadcrumb\",\"itemListElement\":[{\"@type\":\"ListItem\",\"position\":1,\"name\":\"Home\",\"item\":\"https:\/\/survivornet.ca\/fr\/\"},{\"@type\":\"ListItem\",\"position\":2,\"name\":\"Connectez\",\"item\":\"https:\/\/survivornet.ca\/fr\/reliez-vous\/\"},{\"@type\":\"ListItem\",\"position\":3,\"name\":\"Le comit\u00e9 m\u00e9dical consultatif\",\"item\":\"https:\/\/survivornet.ca\/fr\/reliez-vous\/le-comite-medical-consultatif\/\"},{\"@type\":\"ListItem\",\"position\":4,\"name\":\"Dr. Andrew Feifer\"}]},{\"@type\":\"WebSite\",\"@id\":\"https:\/\/survivornet.ca\/#website\",\"url\":\"https:\/\/survivornet.ca\/\",\"name\":\"Canadian Cancer Survivor Network\",\"description\":\"The Canadian Cancer Survivor Network was created by a group of Canadians concerned about cancer.\",\"publisher\":{\"@id\":\"https:\/\/survivornet.ca\/#organization\"},\"potentialAction\":[{\"@type\":\"SearchAction\",\"target\":{\"@type\":\"EntryPoint\",\"urlTemplate\":\"https:\/\/survivornet.ca\/?s={search_term_string}\"},\"query-input\":{\"@type\":\"PropertyValueSpecification\",\"valueRequired\":true,\"valueName\":\"search_term_string\"}}],\"inLanguage\":\"fr-FR\"},{\"@type\":\"Organization\",\"@id\":\"https:\/\/survivornet.ca\/#organization\",\"name\":\"Canadian Cancer Survivor Network\",\"url\":\"https:\/\/survivornet.ca\/\",\"logo\":{\"@type\":\"ImageObject\",\"inLanguage\":\"fr-FR\",\"@id\":\"https:\/\/survivornet.ca\/#\/schema\/logo\/image\/\",\"url\":\"http:\/\/survivornet.ca\/wp-content\/uploads\/2016\/12\/CCSN_Logo_EN_SQUARE.png\",\"contentUrl\":\"http:\/\/survivornet.ca\/wp-content\/uploads\/2016\/12\/CCSN_Logo_EN_SQUARE.png\",\"width\":1209,\"height\":1007,\"caption\":\"Canadian Cancer Survivor Network\"},\"image\":{\"@id\":\"https:\/\/survivornet.ca\/#\/schema\/logo\/image\/\"}}]}<\/script>\n<!-- \/ Yoast SEO plugin. -->","yoast_head_json":{"title":"Dr. Andrew Feifer - Canadian Cancer Survivor Network","robots":{"index":"index","follow":"follow","max-snippet":"max-snippet:-1","max-image-preview":"max-image-preview:large","max-video-preview":"max-video-preview:-1"},"canonical":"https:\/\/survivornet.ca\/fr\/reliez-vous\/le-comite-medical-consultatif\/dr-andrew-feifer\/","og_locale":"fr_FR","og_type":"article","og_title":"Dr. Andrew Feifer - Canadian Cancer Survivor Network","og_description":"Le Dr Andrew Feifer est un urologue et chirurgien \u00e9tabli \u00e0 Mississauga qui traite les cancers g\u00e9nito-urinaires au centre Fidani Cancer Centre du Trillium Health Partners \u00e0 l&#8217;h\u00f4pital Credit Valley et est","og_url":"https:\/\/survivornet.ca\/fr\/reliez-vous\/le-comite-medical-consultatif\/dr-andrew-feifer\/","og_site_name":"Canadian Cancer Survivor Network","og_image":[{"url":"http:\/\/survivornet.ca\/wp-content\/uploads\/2017\/02\/Dr_-Andrew-Feifer-photo-Medical-Advisory-Committee.jpg","type":"","width":"","height":""}],"twitter_card":"summary_large_image","schema":{"@context":"https:\/\/schema.org","@graph":[{"@type":"WebPage","@id":"https:\/\/survivornet.ca\/fr\/reliez-vous\/le-comite-medical-consultatif\/dr-andrew-feifer\/","url":"https:\/\/survivornet.ca\/fr\/reliez-vous\/le-comite-medical-consultatif\/dr-andrew-feifer\/","name":"Dr. Andrew Feifer - Canadian Cancer Survivor Network","isPartOf":{"@id":"https:\/\/survivornet.ca\/#website"},"primaryImageOfPage":{"@id":"https:\/\/survivornet.ca\/fr\/reliez-vous\/le-comite-medical-consultatif\/dr-andrew-feifer\/#primaryimage"},"image":{"@id":"https:\/\/survivornet.ca\/fr\/reliez-vous\/le-comite-medical-consultatif\/dr-andrew-feifer\/#primaryimage"},"thumbnailUrl":"http:\/\/survivornet.ca\/wp-content\/uploads\/2017\/02\/Dr_-Andrew-Feifer-photo-Medical-Advisory-Committee.jpg","datePublished":"2021-03-19T18:26:32+00:00","breadcrumb":{"@id":"https:\/\/survivornet.ca\/fr\/reliez-vous\/le-comite-medical-consultatif\/dr-andrew-feifer\/#breadcrumb"},"inLanguage":"fr-FR","potentialAction":[{"@type":"ReadAction","target":["https:\/\/survivornet.ca\/fr\/reliez-vous\/le-comite-medical-consultatif\/dr-andrew-feifer\/"]}]},{"@type":"ImageObject","inLanguage":"fr-FR","@id":"https:\/\/survivornet.ca\/fr\/reliez-vous\/le-comite-medical-consultatif\/dr-andrew-feifer\/#primaryimage","url":"http:\/\/survivornet.ca\/wp-content\/uploads\/2017\/02\/Dr_-Andrew-Feifer-photo-Medical-Advisory-Committee.jpg","contentUrl":"http:\/\/survivornet.ca\/wp-content\/uploads\/2017\/02\/Dr_-Andrew-Feifer-photo-Medical-Advisory-Committee.jpg"},{"@type":"BreadcrumbList","@id":"https:\/\/survivornet.ca\/fr\/reliez-vous\/le-comite-medical-consultatif\/dr-andrew-feifer\/#breadcrumb","itemListElement":[{"@type":"ListItem","position":1,"name":"Home","item":"https:\/\/survivornet.ca\/fr\/"},{"@type":"ListItem","position":2,"name":"Connectez","item":"https:\/\/survivornet.ca\/fr\/reliez-vous\/"},{"@type":"ListItem","position":3,"name":"Le comit\u00e9 m\u00e9dical consultatif","item":"https:\/\/survivornet.ca\/fr\/reliez-vous\/le-comite-medical-consultatif\/"},{"@type":"ListItem","position":4,"name":"Dr. Andrew Feifer"}]},{"@type":"WebSite","@id":"https:\/\/survivornet.ca\/#website","url":"https:\/\/survivornet.ca\/","name":"Canadian Cancer Survivor Network","description":"The Canadian Cancer Survivor Network was created by a group of Canadians concerned about cancer.","publisher":{"@id":"https:\/\/survivornet.ca\/#organization"},"potentialAction":[{"@type":"SearchAction","target":{"@type":"EntryPoint","urlTemplate":"https:\/\/survivornet.ca\/?s={search_term_string}"},"query-input":{"@type":"PropertyValueSpecification","valueRequired":true,"valueName":"search_term_string"}}],"inLanguage":"fr-FR"},{"@type":"Organization","@id":"https:\/\/survivornet.ca\/#organization","name":"Canadian Cancer Survivor Network","url":"https:\/\/survivornet.ca\/","logo":{"@type":"ImageObject","inLanguage":"fr-FR","@id":"https:\/\/survivornet.ca\/#\/schema\/logo\/image\/","url":"http:\/\/survivornet.ca\/wp-content\/uploads\/2016\/12\/CCSN_Logo_EN_SQUARE.png","contentUrl":"http:\/\/survivornet.ca\/wp-content\/uploads\/2016\/12\/CCSN_Logo_EN_SQUARE.png","width":1209,"height":1007,"caption":"Canadian Cancer Survivor Network"},"image":{"@id":"https:\/\/survivornet.ca\/#\/schema\/logo\/image\/"}}]}},"_links":{"self":[{"href":"https:\/\/survivornet.ca\/fr\/wp-json\/wp\/v2\/pages\/21472","targetHints":{"allow":["GET"]}}],"collection":[{"href":"https:\/\/survivornet.ca\/fr\/wp-json\/wp\/v2\/pages"}],"about":[{"href":"https:\/\/survivornet.ca\/fr\/wp-json\/wp\/v2\/types\/page"}],"author":[{"embeddable":true,"href":"https:\/\/survivornet.ca\/fr\/wp-json\/wp\/v2\/users\/2"}],"replies":[{"embeddable":true,"href":"https:\/\/survivornet.ca\/fr\/wp-json\/wp\/v2\/comments?post=21472"}],"version-history":[{"count":0,"href":"https:\/\/survivornet.ca\/fr\/wp-json\/wp\/v2\/pages\/21472\/revisions"}],"up":[{"embeddable":true,"href":"https:\/\/survivornet.ca\/fr\/wp-json\/wp\/v2\/pages\/4521"}],"wp:attachment":[{"href":"https:\/\/survivornet.ca\/fr\/wp-json\/wp\/v2\/media?parent=21472"}],"curies":[{"name":"wp","href":"https:\/\/api.w.org\/{rel}","templated":true}]}}