{"id":21420,"date":"2021-03-15T14:24:49","date_gmt":"2021-03-15T18:24:49","guid":{"rendered":"https:\/\/survivornet.ca\/?page_id=21420"},"modified":"2026-03-05T12:27:44","modified_gmt":"2026-03-05T17:27:44","slug":"ccsn-webinar-series","status":"publish","type":"page","link":"https:\/\/survivornet.ca\/fr\/apprenez\/ccsn-webinar-series\/","title":{"rendered":"Webinaires du RCSC"},"content":{"rendered":"<div class=\"wpb-content-wrapper\"><p>[vc_row][vc_column width=&#8221;2\/3&#8243; offset=&#8221;vc_col-md-12&#8243;][vc_column_text]<\/p>\n<h2>D\u00e9couvrir des initiatives, s\u2019instruire et changer les choses<\/h2>\n<p>Les webinaires du RCSC ont pour but d\u2019inspirer et d\u2019informer les patients, les survivants, les proches aidants et toute autre personne ayant \u00e0 c\u0153ur l\u2019am\u00e9lioration des soins contre le cancer ainsi que la favorisation d\u2019une meilleure qualit\u00e9 de vie pour tous.<br \/>\nExplorez des sujets vous permettant de venir en soutien \u00e0 vos proches et de plaider en faveur de changements positifs bien au-del\u00e0 de la fin des traitements.<\/p>\n<p>[\/vc_column_text][\/vc_column][\/vc_row][vc_row css=&#8221;.vc_custom_1742418124429{margin-right: 0px !important;margin-left: 0px !important;}&#8221;][vc_column width=&#8221;1\/3&#8243; css=&#8221;.vc_custom_1739476357118{padding-top: 60px !important;padding-right: 50px !important;padding-bottom: 60px !important;padding-left: 50px !important;background-color: #c9ede6 !important;}&#8221;][vc_single_image image=&#8221;31302&#8243; alignment=&#8221;center&#8221;][vc_column_text]<\/p>\n<h3 style=\"text-align: center;\"><span style=\"color: #123446;\">Webinaires \u00e0 venir<\/span><\/h3>\n<p style=\"text-align: center;\">Ne manquez pas notre prochain webinaire! Inscrivez-vous \u00e0 des webinaires, source d\u2019empowerment pour les patients, survivants et fournisseurs de soins.<\/p>\n<p>[\/vc_column_text][vc_btn title=&#8221;Explorer les webinaires&#8221; align=&#8221;center&#8221; css=&#8221;.vc_custom_1744746884168{margin-bottom: 0px !important;}&#8221; link=&#8221;url:%2Flearn%2Fccsn-webinar-series%2Fupcoming-free-webinars%2F&#8221;][\/vc_column][vc_column width=&#8221;1\/3&#8243; css=&#8221;.vc_custom_1739477757612{padding-top: 60px !important;padding-right: 50px !important;padding-bottom: 60px !important;padding-left: 50px !important;background-color: #c3d9a3 !important;}&#8221;][vc_single_image image=&#8221;31300&#8243; alignment=&#8221;center&#8221;][vc_column_text]<\/p>\n<h3 style=\"text-align: center;\"><span style=\"color: #123446;\">S\u00e9rie financi\u00e8re<\/span><\/h3>\n<p style=\"text-align: center;\">Passer d\u2019un survivant du cancer \u00e0 un survivant financier : Acquerrez des outils pratiques et des ressources pouvant vous aider \u00e0 naviguer les enjeux financiers se rattachant au cancer.<\/p>\n<p>[\/vc_column_text][vc_btn title=&#8221;En savoir davantage&#8221; align=&#8221;center&#8221; css=&#8221;.vc_custom_1744747093241{margin-bottom: 0px !important;}&#8221; link=&#8221;url:%2Fcancer-survivor-to-financial-survivor%2F|title:Learn%20more&#8221;][\/vc_column][vc_column width=&#8221;1\/3&#8243; css=&#8221;.vc_custom_1739477832424{padding-top: 60px !important;padding-right: 50px !important;padding-bottom: 60px !important;padding-left: 50px !important;background-color: #fbbab5 !important;}&#8221;][vc_single_image image=&#8221;31298&#8243; alignment=&#8221;center&#8221;][vc_column_text]<\/p>\n<h3 style=\"text-align: center;\"><span style=\"color: #123446;\">Proposer un sujet<\/span><\/h3>\n<p style=\"text-align: center;\">Vous avez une id\u00e9e pour un webinaire? Aidez-nous \u00e0 couvrir des sujets qui ont une grande importance pour vous et le reste de la communaut\u00e9 touch\u00e9e par le cancer.<\/p>\n<p>[\/vc_column_text][vc_btn title=&#8221;Contactez-nous&#8221; align=&#8221;center&#8221; css=&#8221;.vc_custom_1744747052718{margin-bottom: 0px !important;}&#8221; link=&#8221;url:https%3A%2F%2Fsurvivornet.ca%2Ffr%2Fpropos%2Fcontactez-nous%2F|title:Contact%20us&#8221;][\/vc_column][\/vc_row][vc_row][vc_column][vc_empty_space height=&#8221;60px&#8221;][\/vc_column][vc_column][\/vc_column][\/vc_row][vc_row disable_element=&#8221;yes&#8221;][vc_column width=&#8221;2\/3&#8243; offset=&#8221;vc_col-md-12&#8243;][vc_column_text]<\/p>\n<h2>Featured webinars<\/h2>\n<p>[\/vc_column_text][\/vc_column][\/vc_row][vc_row gap=&#8221;25&#8243; disable_element=&#8221;yes&#8221;][vc_column width=&#8221;1\/2&#8243;][vc_single_image image=&#8221;31438&#8243; img_size=&#8221;full&#8221;][vc_column_text]<\/p>\n<h6>Can\/will the USA \u201cpillage\u201d the supply of prescription drugs for Canadians?<\/h6>\n<p>John Adams takes a dive behind the headlines, news stories and media releases to better understand any real threats to Canadian patients getting the prescription drugs they need.<\/p>\n<p><a href=\"\/learn\/ccsn-webinar-series\/ccsn-2025-webinar-series\/\" target=\"_blank\" rel=\"noopener\">View the video<\/a>[\/vc_column_text][\/vc_column][vc_column width=&#8221;1\/2&#8243;][vc_single_image image=&#8221;31440&#8243; img_size=&#8221;full&#8221;][vc_column_text]<\/p>\n<h6>Pancreatic Cancer: An Overview<\/h6>\n<p>Learn about pancreatic cancer symptoms, diagnosis, treatment options, statistics, supports and barriers. The presentation will also include some helpful tools that can improve quality of life for those with pancreatic cancer.<\/p>\n<p><a href=\"\/learn\/ccsn-webinar-series\/ccsn-2025-webinar-series\/\" target=\"_blank\" rel=\"noopener\">View the video<\/a>[\/vc_column_text][\/vc_column][\/vc_row][vc_row][vc_column][vc_raw_html]JTNDZGl2JTIwY2xhc3MlM0QlMjJ3ZWJpbmFyLXNlcmllcy1jYXJkLWxpc3QlMjBoaWRlLXdlYmluYXItc2VyaWVzLW9uLW1vYmlsZSUyMiUzRSUwQSUyMCUyMCUyMCUyMCUzQ2ElMjBocmVmJTNEJTIyJTJGbGVhcm4lMkZjY3NuLXdlYmluYXItc2VyaWVzJTJGMjAyNC13ZWJpbmFyLXNlcmllcyUyRiUyMiUyMGNsYXNzJTNEJTIyd2ViaW5hci1zZXJpZXMtY2FyZCUyMiUzRSUwQSUyMCUyMCUyMCUyMCUyMCUyMCUyMCUyMCUzQ2gzJTIwY2xhc3MlM0QlMjJ3ZWJpbmFyLXNlcmllcy1jYXJkX195ZWFyJTIyJTNFMjAyNCUzQyUyRmgzJTNFJTBBJTIwJTIwJTIwJTIwJTIwJTIwJTIwJTIwJTNDcCUyMGNsYXNzJTNEJTIyd2ViaW5hci1zZXJpZXMtY2FyZF9fdGV4dCUyMiUzRVdlYmluYXIlMjBTZXJpZXMlM0MlMkZwJTNFJTBBJTIwJTIwJTIwJTIwJTNDJTJGYSUzRSUwQSUyMCUyMCUyMCUyMCUzQ2ElMjBocmVmJTNEJTIyJTJGbGVhcm4lMkZjY3NuLXdlYmluYXItc2VyaWVzJTJGMjAyMy13ZWJpbmFyLXNlcmllcyUyRiUyMiUyMGNsYXNzJTNEJTIyd2ViaW5hci1zZXJpZXMtY2FyZCUyMiUzRSUwQSUyMCUyMCUyMCUyMCUyMCUyMCUyMCUyMCUzQ2gzJTIwY2xhc3MlM0QlMjJ3ZWJpbmFyLXNlcmllcy1jYXJkX195ZWFyJTIyJTNFMjAyMyUzQyUyRmgzJTNFJTBBJTIwJTIwJTIwJTIwJTIwJTIwJTIwJTIwJTNDcCUyMGNsYXNzJTNEJTIyd2ViaW5hci1zZXJpZXMtY2FyZF9fdGV4dCUyMiUzRVdlYmluYXIlMjBTZXJpZXMlM0MlMkZwJTNFJTBBJTIwJTIwJTIwJTIwJTNDJTJGYSUzRSUwQSUyMCUyMCUyMCUyMCUzQ2ElMjBocmVmJTNEJTIyJTJGbGVhcm4lMkZjY3NuLXdlYmluYXItc2VyaWVzJTJGMjAyMi13ZWJpbmFyLXNlcmllcyUyRiUyMiUyMGNsYXNzJTNEJTIyd2ViaW5hci1zZXJpZXMtY2FyZCUyMiUzRSUwQSUyMCUyMCUyMCUyMCUyMCUyMCUyMCUyMCUzQ2gzJTIwY2xhc3MlM0QlMjJ3ZWJpbmFyLXNlcmllcy1jYXJkX195ZWFyJTIyJTNFMjAyMiUzQyUyRmgzJTNFJTBBJTIwJTIwJTIwJTIwJTIwJTIwJTIwJTIwJTNDcCUyMGNsYXNzJTNEJTIyd2ViaW5hci1zZXJpZXMtY2FyZF9fdGV4dCUyMiUzRVdlYmluYXIlMjBTZXJpZXMlM0MlMkZwJTNFJTBBJTIwJTIwJTIwJTIwJTNDJTJGYSUzRSUwQSUyMCUyMCUyMCUyMCUzQ2ElMjBocmVmJTNEJTIyJTJGbGVhcm4lMkZjY3NuLXdlYmluYXItc2VyaWVzJTJGMjAyMS13ZWJpbmFyLXNlcmllcyUyRiUyMiUyMGNsYXNzJTNEJTIyd2ViaW5hci1zZXJpZXMtY2FyZCUyMiUzRSUwQSUyMCUyMCUyMCUyMCUyMCUyMCUyMCUyMCUzQ2gzJTIwY2xhc3MlM0QlMjJ3ZWJpbmFyLXNlcmllcy1jYXJkX195ZWFyJTIyJTNFMjAyMSUzQyUyRmgzJTNFJTBBJTIwJTIwJTIwJTIwJTIwJTIwJTIwJTIwJTNDcCUyMGNsYXNzJTNEJTIyd2ViaW5hci1zZXJpZXMtY2FyZF9fdGV4dCUyMiUzRVdlYmluYXIlMjBTZXJpZXMlM0MlMkZwJTNFJTBBJTIwJTIwJTIwJTIwJTNDJTJGYSUzRSUwQSUyMCUyMCUyMCUyMCUzQ2ElMjBocmVmJTNEJTIyJTJGbGVhcm4lMkZjY3NuLXdlYmluYXItc2VyaWVzJTJGMjAyMC13ZWJpbmFyLXNlcmllcyUyRiUyMiUyMGNsYXNzJTNEJTIyd2ViaW5hci1zZXJpZXMtY2FyZCUyMiUzRSUwQSUyMCUyMCUyMCUyMCUyMCUyMCUyMCUyMCUzQ2gzJTIwY2xhc3MlM0QlMjJ3ZWJpbmFyLXNlcmllcy1jYXJkX195ZWFyJTIyJTNFMjAyMCUzQyUyRmgzJTNFJTBBJTIwJTIwJTIwJTIwJTIwJTIwJTIwJTIwJTNDcCUyMGNsYXNzJTNEJTIyd2ViaW5hci1zZXJpZXMtY2FyZF9fdGV4dCUyMiUzRVdlYmluYXIlMjBTZXJpZXMlM0MlMkZwJTNFJTBBJTIwJTIwJTIwJTIwJTNDJTJGYSUzRSUwQSUyMCUyMCUyMCUyMCUzQ2ElMjBocmVmJTNEJTIyJTJGbGVhcm4lMkZjY3NuLXdlYmluYXItc2VyaWVzJTJGMjAxOS13ZWJpbmFyLXNlcmllcyUyRiUyMiUyMGNsYXNzJTNEJTIyd2ViaW5hci1zZXJpZXMtY2FyZCUyMiUzRSUwQSUyMCUyMCUyMCUyMCUyMCUyMCUyMCUyMCUzQ2gzJTIwY2xhc3MlM0QlMjJ3ZWJpbmFyLXNlcmllcy1jYXJkX195ZWFyJTIyJTNFMjAxOSUzQyUyRmgzJTNFJTBBJTIwJTIwJTIwJTIwJTIwJTIwJTIwJTIwJTNDcCUyMGNsYXNzJTNEJTIyd2ViaW5hci1zZXJpZXMtY2FyZF9fdGV4dCUyMiUzRVdlYmluYXIlMjBTZXJpZXMlM0MlMkZwJTNFJTBBJTIwJTIwJTIwJTIwJTNDJTJGYSUzRSUwQSUyMCUyMCUyMCUyMCUzQ2ElMjBocmVmJTNEJTIyJTJGbGVhcm4lMkZjY3NuLXdlYmluYXItc2VyaWVzJTJGMjAxOC13ZWJpbmFyLXNlcmllcyUyRiUyMiUyMGNsYXNzJTNEJTIyd2ViaW5hci1zZXJpZXMtY2FyZCUyMiUzRSUwQSUyMCUyMCUyMCUyMCUyMCUyMCUyMCUyMCUzQ2gzJTIwY2xhc3MlM0QlMjJ3ZWJpbmFyLXNlcmllcy1jYXJkX195ZWFyJTIyJTNFMjAxOCUzQyUyRmgzJTNFJTBBJTIwJTIwJTIwJTIwJTIwJTIwJTIwJTIwJTNDcCUyMGNsYXNzJTNEJTIyd2ViaW5hci1zZXJpZXMtY2FyZF9fdGV4dCUyMiUzRVdlYmluYXIlMjBTZXJpZXMlM0MlMkZwJTNFJTBBJTIwJTIwJTIwJTIwJTNDJTJGYSUzRSUwQSUyMCUyMCUyMCUyMCUzQ2ElMjBocmVmJTNEJTIyJTJGbGVhcm4lMkZjY3NuLXdlYmluYXItc2VyaWVzJTJGd2ViaW5hci1zZXJpZXMlMkYlMjIlMjBjbGFzcyUzRCUyMndlYmluYXItc2VyaWVzLWNhcmQlMjIlM0UlMEElMjAlMjAlMjAlMjAlMjAlMjAlMjAlMjAlM0NoMyUyMGNsYXNzJTNEJTIyd2ViaW5hci1zZXJpZXMtY2FyZF9feWVhciUyMiUzRTIwMTclM0MlMkZoMyUzRSUwQSUyMCUyMCUyMCUyMCUyMCUyMCUyMCUyMCUzQ3AlMjBjbGFzcyUzRCUyMndlYmluYXItc2VyaWVzLWNhcmRfX3RleHQlMjIlM0VXZWJpbmFyJTIwU2VyaWVzJTNDJTJGcCUzRSUwQSUyMCUyMCUyMCUyMCUzQyUyRmElM0UlMEElMjAlMjAlMjAlMjAlM0NhJTIwaHJlZiUzRCUyMiUyRmxlYXJuJTJGY2Nzbi13ZWJpbmFyLXNlcmllcyUyRjIwMTYtd2ViaW5hcnMtb24tZGVtYW5kJTJGJTIyJTIwY2xhc3MlM0QlMjJ3ZWJpbmFyLXNlcmllcy1jYXJkJTIyJTNFJTBBJTIwJTIwJTIwJTIwJTIwJTIwJTIwJTIwJTNDaDMlMjBjbGFzcyUzRCUyMndlYmluYXItc2VyaWVzLWNhcmRfX3llYXIlMjIlM0UyMDE2JTNDJTJGaDMlM0UlMEElMjAlMjAlMjAlMjAlMjAlMjAlMjAlMjAlM0NwJTIwY2xhc3MlM0QlMjJ3ZWJpbmFyLXNlcmllcy1jYXJkX190ZXh0JTIyJTNFV2ViaW5hciUyMFNlcmllcyUzQyUyRnAlM0UlMEElMjAlMjAlMjAlMjAlM0MlMkZhJTNFJTBBJTIwJTIwJTIwJTIwJTNDYSUyMGhyZWYlM0QlMjIlMkZsZWFybiUyRmNjc24td2ViaW5hci1zZXJpZXMlMkYyMDE1LXdlYmluYXJzLW9uLWRlbWFuZCUyRiUyMiUyMGNsYXNzJTNEJTIyd2ViaW5hci1zZXJpZXMtY2FyZCUyMiUzRSUwQSUyMCUyMCUyMCUyMCUyMCUyMCUyMCUyMCUzQ2gzJTIwY2xhc3MlM0QlMjJ3ZWJpbmFyLXNlcmllcy1jYXJkX195ZWFyJTIyJTNFMjAxNSUzQyUyRmgzJTNFJTBBJTIwJTIwJTIwJTIwJTIwJTIwJTIwJTIwJTNDcCUyMGNsYXNzJTNEJTIyd2ViaW5hci1zZXJpZXMtY2FyZF9fdGV4dCUyMiUzRVdlYmluYXIlMjBTZXJpZXMlM0MlMkZwJTNFJTBBJTIwJTIwJTIwJTIwJTNDJTJGYSUzRSUwQSUzQyUyRmRpdiUzRSUwQQ==[\/vc_raw_html][\/vc_column][\/vc_row][vc_row][vc_column][vc_btn title=&#8221;See more&#8221; align=&#8221;center&#8221; css=&#8221;.vc_custom_1741211125119{margin-top: 40px !important;}&#8221; button_block=&#8221;true&#8221; link=&#8221;url:%23&#8243; el_class=&#8221;js-display-more-webinar-series&#8221;][vc_column_text css=&#8221;&#8221;]Webinaires en Francais<\/p>\n<p><img loading=\"lazy\" decoding=\"async\" class=\"aligncenter size-full wp-image-32856\" src=\"https:\/\/survivornet.ca\/wp-content\/uploads\/2025\/09\/Webinar-2025-25-09.png\" alt=\"\" width=\"1200\" height=\"631\" srcset=\"https:\/\/survivornet.ca\/wp-content\/uploads\/2025\/09\/Webinar-2025-25-09.png 1200w, https:\/\/survivornet.ca\/wp-content\/uploads\/2025\/09\/Webinar-2025-25-09-768x404.png 768w\" sizes=\"auto, (max-width: 1200px) 100vw, 1200px\" \/><\/p>\n<p><strong>Description:<\/strong> Dans cette conf\u00e9rence sous forme de dialogue, Nathalie Stoltz, b\u00e9n\u00e9vole \u00e0 la Fondation et ancienne patiente, partagera son parcours personnel : du diagnostic de son cancer \u00e0 son retour au travail, en passant par les d\u00e9fis physiques, \u00e9motionnels et professionnels qu\u2019elle a d\u00fb relever. \u00c0 ses c\u00f4t\u00e9s, France pr\u00e9sentera comment la Fondation soutient les personnes touch\u00e9es par le cancer \u00e0 chaque \u00e9tape de leur parcours, notamment gr\u00e2ce \u00e0 un programme d\u2019accompagnement sp\u00e9cifique au retour \u00e0 l\u2019emploi. Un \u00e9change humain et inspirant, porteur d\u2019espoir et d\u2019outils concrets pour celles et ceux qui traversent une situation similaire.<\/p>\n<p><strong>\u00c0 propos des conf\u00e9renci\u00e8res:<\/strong><\/p>\n<p>France Locas<\/p>\n<p>Issue du monde du d\u00e9veloppement des affaires et du marketing, France Locas a entrepris sa carri\u00e8re en philanthropie en 2005. Depuis 15 ans d\u00e9j\u00e0, France travaille \u00e0 la Fondation qu\u00e9b\u00e9coise du cancer. Inspir\u00e9e par les besoins de la client\u00e8le, elle \u0153uvre au d\u00e9veloppement du programme de soutien en entreprise depuis les 8 derni\u00e8res ann\u00e9es. Son exp\u00e9rience lui permet d\u2019accompagner les gens d\u2019affaires face au cancer en milieu de travail, en abordant des th\u00e8mes tels que la peur, l\u2019espoir, et l\u2019importance du soutien.<\/p>\n<p>Nathalie Stoltz<\/p>\n<p>Apr\u00e8s une carri\u00e8re de 28 ans dans la restauration, dont 14 ans en tant que propri\u00e9taire, Nathalie Stoltz d\u00e9cide de tout quitter pour faire des \u00e9tudes universitaires. \u00c0 44 ans et avec un baccalaur\u00e9at en \u00e9tudes internationales en poche, elle s\u2019envole pour le Chili o\u00f9 elle repr\u00e9sente une entreprise de L\u2019Islet (Qu\u00e9bec). En 2020, \u00e0 l\u2019\u00e2ge de 50 ans, sa vie prend un tournant inattendu : elle re\u00e7oit un diagnostic de cancer colorectal. Pendant un an, elle affronte l\u2019incertitude de ce que l\u2019avenir lui r\u00e9serve. Deux ans plus tard, en r\u00e9mission et forte de son exp\u00e9rience, elle s\u2019engage b\u00e9n\u00e9volement au service de jumelage t\u00e9l\u00e9phonique de la Fondation \u00e0 Qu\u00e9bec, puis comme ambassadrice.<\/p>\n<p>La s\u00e9rie de webinaires CCSN 2025 a \u00e9t\u00e9 rendue possible gr\u00e2ce aux subventions d&#8217;Abbvie, Amgen, Astellas, AstraZeneca, Eisai, Bristol-Myers Squibb, Jansen et Merck. C&#8217;est gr\u00e2ce \u00e0 leur soutien continu que nous pouvons organiser cette s\u00e9rie de webinaires CCSN, et nous les remercions de leur engagement envers nos initiatives \u00e9ducatives.<\/p>\n<p><a href=\"https:\/\/youtu.be\/Yj6GnRN7R3I\"><strong>Visionner le webinaire<\/strong><\/a><\/p>\n<p><a href=\"https:\/\/www.slideshare.net\/slideshow\/ccsn-pp-webinaire-fondation-25-09-2025-pptx\/283561693\"><strong>Voir les diapositives<\/strong><\/a>[\/vc_column_text][\/vc_column][\/vc_row]<\/p>\n<\/div>","protected":false},"excerpt":{"rendered":"<p>[vc_row][vc_column width=&#8221;2\/3&#8243; offset=&#8221;vc_col-md-12&#8243;][vc_column_text] D\u00e9couvrir des initiatives, s\u2019instruire et changer les choses Les webinaires du RCSC ont pour but d\u2019inspirer et d\u2019informer les patients, les survivants, les proches aidants et toute autre personne<\/p>\n","protected":false},"author":2,"featured_media":0,"parent":4511,"menu_order":40,"comment_status":"closed","ping_status":"closed","template":"","meta":{"_acf_changed":false,"footnotes":""},"class_list":["post-21420","page","type-page","status-publish","hentry"],"acf":[],"yoast_head":"<!-- This site is optimized with the Yoast SEO plugin v27.4 - https:\/\/yoast.com\/product\/yoast-seo-wordpress\/ -->\n<title>Webinaires du RCSC - Canadian Cancer Survivor Network<\/title>\n<meta name=\"robots\" content=\"index, follow, max-snippet:-1, max-image-preview:large, max-video-preview:-1\" \/>\n<link rel=\"canonical\" href=\"https:\/\/survivornet.ca\/fr\/apprenez\/ccsn-webinar-series\/\" \/>\n<meta property=\"og:locale\" content=\"fr_FR\" \/>\n<meta property=\"og:type\" content=\"article\" \/>\n<meta property=\"og:title\" content=\"Webinaires du RCSC - Canadian Cancer Survivor Network\" \/>\n<meta property=\"og:description\" content=\"[vc_row][vc_column width=&#8221;2\/3&#8243; offset=&#8221;vc_col-md-12&#8243;][vc_column_text] D\u00e9couvrir des initiatives, s\u2019instruire et changer les choses Les webinaires du RCSC ont pour but d\u2019inspirer et d\u2019informer les patients, les survivants, les proches aidants et toute autre personne\" \/>\n<meta property=\"og:url\" content=\"https:\/\/survivornet.ca\/fr\/apprenez\/ccsn-webinar-series\/\" \/>\n<meta property=\"og:site_name\" content=\"Canadian Cancer Survivor Network\" \/>\n<meta property=\"article:modified_time\" content=\"2026-03-05T17:27:44+00:00\" \/>\n<meta property=\"og:image\" content=\"https:\/\/survivornet.ca\/wp-content\/uploads\/2025\/09\/Webinar-2025-25-09.png\" \/>\n<meta name=\"twitter:card\" content=\"summary_large_image\" \/>\n<meta name=\"twitter:label1\" content=\"Dur\u00e9e de lecture estim\u00e9e\" \/>\n\t<meta name=\"twitter:data1\" content=\"5 minutes\" \/>\n<script type=\"application\/ld+json\" class=\"yoast-schema-graph\">{\"@context\":\"https:\\\/\\\/schema.org\",\"@graph\":[{\"@type\":\"WebPage\",\"@id\":\"https:\\\/\\\/survivornet.ca\\\/fr\\\/apprenez\\\/ccsn-webinar-series\\\/\",\"url\":\"https:\\\/\\\/survivornet.ca\\\/fr\\\/apprenez\\\/ccsn-webinar-series\\\/\",\"name\":\"Webinaires du RCSC - Canadian Cancer Survivor Network\",\"isPartOf\":{\"@id\":\"https:\\\/\\\/survivornet.ca\\\/#website\"},\"primaryImageOfPage\":{\"@id\":\"https:\\\/\\\/survivornet.ca\\\/fr\\\/apprenez\\\/ccsn-webinar-series\\\/#primaryimage\"},\"image\":{\"@id\":\"https:\\\/\\\/survivornet.ca\\\/fr\\\/apprenez\\\/ccsn-webinar-series\\\/#primaryimage\"},\"thumbnailUrl\":\"https:\\\/\\\/survivornet.ca\\\/wp-content\\\/uploads\\\/2025\\\/09\\\/Webinar-2025-25-09.png\",\"datePublished\":\"2021-03-15T18:24:49+00:00\",\"dateModified\":\"2026-03-05T17:27:44+00:00\",\"breadcrumb\":{\"@id\":\"https:\\\/\\\/survivornet.ca\\\/fr\\\/apprenez\\\/ccsn-webinar-series\\\/#breadcrumb\"},\"inLanguage\":\"fr-FR\",\"potentialAction\":[{\"@type\":\"ReadAction\",\"target\":[\"https:\\\/\\\/survivornet.ca\\\/fr\\\/apprenez\\\/ccsn-webinar-series\\\/\"]}]},{\"@type\":\"ImageObject\",\"inLanguage\":\"fr-FR\",\"@id\":\"https:\\\/\\\/survivornet.ca\\\/fr\\\/apprenez\\\/ccsn-webinar-series\\\/#primaryimage\",\"url\":\"https:\\\/\\\/survivornet.ca\\\/wp-content\\\/uploads\\\/2025\\\/09\\\/Webinar-2025-25-09.png\",\"contentUrl\":\"https:\\\/\\\/survivornet.ca\\\/wp-content\\\/uploads\\\/2025\\\/09\\\/Webinar-2025-25-09.png\"},{\"@type\":\"BreadcrumbList\",\"@id\":\"https:\\\/\\\/survivornet.ca\\\/fr\\\/apprenez\\\/ccsn-webinar-series\\\/#breadcrumb\",\"itemListElement\":[{\"@type\":\"ListItem\",\"position\":1,\"name\":\"Home\",\"item\":\"https:\\\/\\\/survivornet.ca\\\/fr\\\/\"},{\"@type\":\"ListItem\",\"position\":2,\"name\":\"Apprenez\",\"item\":\"https:\\\/\\\/survivornet.ca\\\/fr\\\/apprenez\\\/\"},{\"@type\":\"ListItem\",\"position\":3,\"name\":\"Webinaires du RCSC\"}]},{\"@type\":\"WebSite\",\"@id\":\"https:\\\/\\\/survivornet.ca\\\/#website\",\"url\":\"https:\\\/\\\/survivornet.ca\\\/\",\"name\":\"Canadian Cancer Survivor Network\",\"description\":\"The Canadian Cancer Survivor Network was created by a group of Canadians concerned about cancer.\",\"publisher\":{\"@id\":\"https:\\\/\\\/survivornet.ca\\\/#organization\"},\"potentialAction\":[{\"@type\":\"SearchAction\",\"target\":{\"@type\":\"EntryPoint\",\"urlTemplate\":\"https:\\\/\\\/survivornet.ca\\\/?s={search_term_string}\"},\"query-input\":{\"@type\":\"PropertyValueSpecification\",\"valueRequired\":true,\"valueName\":\"search_term_string\"}}],\"inLanguage\":\"fr-FR\"},{\"@type\":\"Organization\",\"@id\":\"https:\\\/\\\/survivornet.ca\\\/#organization\",\"name\":\"Canadian Cancer Survivor Network\",\"url\":\"https:\\\/\\\/survivornet.ca\\\/\",\"logo\":{\"@type\":\"ImageObject\",\"inLanguage\":\"fr-FR\",\"@id\":\"https:\\\/\\\/survivornet.ca\\\/#\\\/schema\\\/logo\\\/image\\\/\",\"url\":\"http:\\\/\\\/survivornet.ca\\\/wp-content\\\/uploads\\\/2016\\\/12\\\/CCSN_Logo_EN_SQUARE.png\",\"contentUrl\":\"http:\\\/\\\/survivornet.ca\\\/wp-content\\\/uploads\\\/2016\\\/12\\\/CCSN_Logo_EN_SQUARE.png\",\"width\":1209,\"height\":1007,\"caption\":\"Canadian Cancer Survivor Network\"},\"image\":{\"@id\":\"https:\\\/\\\/survivornet.ca\\\/#\\\/schema\\\/logo\\\/image\\\/\"}}]}<\/script>\n<!-- \/ Yoast SEO plugin. -->","yoast_head_json":{"title":"Webinaires du RCSC - Canadian Cancer Survivor Network","robots":{"index":"index","follow":"follow","max-snippet":"max-snippet:-1","max-image-preview":"max-image-preview:large","max-video-preview":"max-video-preview:-1"},"canonical":"https:\/\/survivornet.ca\/fr\/apprenez\/ccsn-webinar-series\/","og_locale":"fr_FR","og_type":"article","og_title":"Webinaires du RCSC - Canadian Cancer Survivor Network","og_description":"[vc_row][vc_column width=&#8221;2\/3&#8243; offset=&#8221;vc_col-md-12&#8243;][vc_column_text] D\u00e9couvrir des initiatives, s\u2019instruire et changer les choses Les webinaires du RCSC ont pour but d\u2019inspirer et d\u2019informer les patients, les survivants, les proches aidants et toute autre personne","og_url":"https:\/\/survivornet.ca\/fr\/apprenez\/ccsn-webinar-series\/","og_site_name":"Canadian Cancer Survivor Network","article_modified_time":"2026-03-05T17:27:44+00:00","og_image":[{"url":"https:\/\/survivornet.ca\/wp-content\/uploads\/2025\/09\/Webinar-2025-25-09.png","type":"","width":"","height":""}],"twitter_card":"summary_large_image","twitter_misc":{"Dur\u00e9e de lecture estim\u00e9e":"5 minutes"},"schema":{"@context":"https:\/\/schema.org","@graph":[{"@type":"WebPage","@id":"https:\/\/survivornet.ca\/fr\/apprenez\/ccsn-webinar-series\/","url":"https:\/\/survivornet.ca\/fr\/apprenez\/ccsn-webinar-series\/","name":"Webinaires du RCSC - Canadian Cancer Survivor Network","isPartOf":{"@id":"https:\/\/survivornet.ca\/#website"},"primaryImageOfPage":{"@id":"https:\/\/survivornet.ca\/fr\/apprenez\/ccsn-webinar-series\/#primaryimage"},"image":{"@id":"https:\/\/survivornet.ca\/fr\/apprenez\/ccsn-webinar-series\/#primaryimage"},"thumbnailUrl":"https:\/\/survivornet.ca\/wp-content\/uploads\/2025\/09\/Webinar-2025-25-09.png","datePublished":"2021-03-15T18:24:49+00:00","dateModified":"2026-03-05T17:27:44+00:00","breadcrumb":{"@id":"https:\/\/survivornet.ca\/fr\/apprenez\/ccsn-webinar-series\/#breadcrumb"},"inLanguage":"fr-FR","potentialAction":[{"@type":"ReadAction","target":["https:\/\/survivornet.ca\/fr\/apprenez\/ccsn-webinar-series\/"]}]},{"@type":"ImageObject","inLanguage":"fr-FR","@id":"https:\/\/survivornet.ca\/fr\/apprenez\/ccsn-webinar-series\/#primaryimage","url":"https:\/\/survivornet.ca\/wp-content\/uploads\/2025\/09\/Webinar-2025-25-09.png","contentUrl":"https:\/\/survivornet.ca\/wp-content\/uploads\/2025\/09\/Webinar-2025-25-09.png"},{"@type":"BreadcrumbList","@id":"https:\/\/survivornet.ca\/fr\/apprenez\/ccsn-webinar-series\/#breadcrumb","itemListElement":[{"@type":"ListItem","position":1,"name":"Home","item":"https:\/\/survivornet.ca\/fr\/"},{"@type":"ListItem","position":2,"name":"Apprenez","item":"https:\/\/survivornet.ca\/fr\/apprenez\/"},{"@type":"ListItem","position":3,"name":"Webinaires du RCSC"}]},{"@type":"WebSite","@id":"https:\/\/survivornet.ca\/#website","url":"https:\/\/survivornet.ca\/","name":"Canadian Cancer Survivor Network","description":"The Canadian Cancer Survivor Network was created by a group of Canadians concerned about cancer.","publisher":{"@id":"https:\/\/survivornet.ca\/#organization"},"potentialAction":[{"@type":"SearchAction","target":{"@type":"EntryPoint","urlTemplate":"https:\/\/survivornet.ca\/?s={search_term_string}"},"query-input":{"@type":"PropertyValueSpecification","valueRequired":true,"valueName":"search_term_string"}}],"inLanguage":"fr-FR"},{"@type":"Organization","@id":"https:\/\/survivornet.ca\/#organization","name":"Canadian Cancer Survivor Network","url":"https:\/\/survivornet.ca\/","logo":{"@type":"ImageObject","inLanguage":"fr-FR","@id":"https:\/\/survivornet.ca\/#\/schema\/logo\/image\/","url":"http:\/\/survivornet.ca\/wp-content\/uploads\/2016\/12\/CCSN_Logo_EN_SQUARE.png","contentUrl":"http:\/\/survivornet.ca\/wp-content\/uploads\/2016\/12\/CCSN_Logo_EN_SQUARE.png","width":1209,"height":1007,"caption":"Canadian Cancer Survivor Network"},"image":{"@id":"https:\/\/survivornet.ca\/#\/schema\/logo\/image\/"}}]}},"_links":{"self":[{"href":"https:\/\/survivornet.ca\/fr\/wp-json\/wp\/v2\/pages\/21420","targetHints":{"allow":["GET"]}}],"collection":[{"href":"https:\/\/survivornet.ca\/fr\/wp-json\/wp\/v2\/pages"}],"about":[{"href":"https:\/\/survivornet.ca\/fr\/wp-json\/wp\/v2\/types\/page"}],"author":[{"embeddable":true,"href":"https:\/\/survivornet.ca\/fr\/wp-json\/wp\/v2\/users\/2"}],"replies":[{"embeddable":true,"href":"https:\/\/survivornet.ca\/fr\/wp-json\/wp\/v2\/comments?post=21420"}],"version-history":[{"count":14,"href":"https:\/\/survivornet.ca\/fr\/wp-json\/wp\/v2\/pages\/21420\/revisions"}],"predecessor-version":[{"id":33704,"href":"https:\/\/survivornet.ca\/fr\/wp-json\/wp\/v2\/pages\/21420\/revisions\/33704"}],"up":[{"embeddable":true,"href":"https:\/\/survivornet.ca\/fr\/wp-json\/wp\/v2\/pages\/4511"}],"wp:attachment":[{"href":"https:\/\/survivornet.ca\/fr\/wp-json\/wp\/v2\/media?parent=21420"}],"curies":[{"name":"wp","href":"https:\/\/api.w.org\/{rel}","templated":true}]}}