{"id":20968,"date":"2021-02-07T08:48:39","date_gmt":"2021-02-07T13:48:39","guid":{"rendered":"https:\/\/survivornet.ca\/?page_id=20968"},"modified":"2021-02-08T12:11:49","modified_gmt":"2021-02-08T17:11:49","slug":"nouvelle-normalite-meme-cancer","status":"publish","type":"page","link":"https:\/\/survivornet.ca\/fr\/agissez\/nouvelle-normalite-meme-cancer\/","title":{"rendered":"Nouvelle Normalit\u00e9 M\u00eame Cancer"},"content":{"rendered":"<p><span style=\"font-weight: 400;\">80 % des oncologues canadiens disent que la #COVID19 nuit aux soins contre le #cancer, mais celui-ci n\u2019attendra pas que les choses reviennent \u00e0 la normale. Communiquez avec votre \u00e9quipe soignante. Faites-vous \u00e9valuer.\u00a0<\/span><\/p>\n<p><a href=\"http:\/\/survivornet.ca\/wp-content\/uploads\/2021\/02\/Nouvelle-Normalite-Meme-Cancer-Press-Release.pdf\">Nouvelle Normalite Meme Cancer Press Release<\/a><\/p>\n<div style=\"width: 640px;\" class=\"wp-video\"><video class=\"wp-video-shortcode\" id=\"video-20968-1\" width=\"640\" height=\"360\" preload=\"metadata\" controls=\"controls\"><source type=\"video\/mp4\" src=\"http:\/\/survivornet.ca\/wp-content\/uploads\/2021\/02\/30s-FR-NEW-NORMAL-SAME-CANCER_withPAGlogos.mp4?_=1\" \/><a href=\"http:\/\/survivornet.ca\/wp-content\/uploads\/2021\/02\/30s-FR-NEW-NORMAL-SAME-CANCER_withPAGlogos.mp4\">http:\/\/survivornet.ca\/wp-content\/uploads\/2021\/02\/30s-FR-NEW-NORMAL-SAME-CANCER_withPAGlogos.mp4<\/a><\/video><\/div>\n","protected":false},"excerpt":{"rendered":"<p>80 % des oncologues canadiens disent que la #COVID19 nuit aux soins contre le #cancer, mais celui-ci n\u2019attendra pas que les choses reviennent \u00e0 la normale. Communiquez avec votre \u00e9quipe soignante. Faites-vous<\/p>\n","protected":false},"author":2,"featured_media":0,"parent":4480,"menu_order":0,"comment_status":"closed","ping_status":"closed","template":"","meta":{"_acf_changed":false,"footnotes":""},"class_list":["post-20968","page","type-page","status-publish","hentry"],"acf":[],"yoast_head":"<!-- This site is optimized with the Yoast SEO plugin v27.4 - https:\/\/yoast.com\/product\/yoast-seo-wordpress\/ -->\n<title>Nouvelle Normalit\u00e9 M\u00eame Cancer - Canadian Cancer Survivor Network<\/title>\n<meta name=\"robots\" content=\"index, follow, max-snippet:-1, max-image-preview:large, max-video-preview:-1\" \/>\n<link rel=\"canonical\" href=\"https:\/\/survivornet.ca\/fr\/agissez\/nouvelle-normalite-meme-cancer\/\" \/>\n<meta property=\"og:locale\" content=\"fr_FR\" \/>\n<meta property=\"og:type\" content=\"article\" \/>\n<meta property=\"og:title\" content=\"Nouvelle Normalit\u00e9 M\u00eame Cancer - Canadian Cancer Survivor Network\" \/>\n<meta property=\"og:description\" content=\"80 % des oncologues canadiens disent que la #COVID19 nuit aux soins contre le #cancer, mais celui-ci n\u2019attendra pas que les choses reviennent \u00e0 la normale. Communiquez avec votre \u00e9quipe soignante. Faites-vous\" \/>\n<meta property=\"og:url\" content=\"https:\/\/survivornet.ca\/fr\/agissez\/nouvelle-normalite-meme-cancer\/\" \/>\n<meta property=\"og:site_name\" content=\"Canadian Cancer Survivor Network\" \/>\n<meta property=\"article:modified_time\" content=\"2021-02-08T17:11:49+00:00\" \/>\n<meta name=\"twitter:card\" content=\"summary_large_image\" \/>\n<script type=\"application\/ld+json\" class=\"yoast-schema-graph\">{\"@context\":\"https:\\\/\\\/schema.org\",\"@graph\":[{\"@type\":\"WebPage\",\"@id\":\"https:\\\/\\\/survivornet.ca\\\/fr\\\/agissez\\\/nouvelle-normalite-meme-cancer\\\/\",\"url\":\"https:\\\/\\\/survivornet.ca\\\/fr\\\/agissez\\\/nouvelle-normalite-meme-cancer\\\/\",\"name\":\"Nouvelle Normalit\u00e9 M\u00eame Cancer - Canadian Cancer Survivor Network\",\"isPartOf\":{\"@id\":\"https:\\\/\\\/survivornet.ca\\\/#website\"},\"datePublished\":\"2021-02-07T13:48:39+00:00\",\"dateModified\":\"2021-02-08T17:11:49+00:00\",\"breadcrumb\":{\"@id\":\"https:\\\/\\\/survivornet.ca\\\/fr\\\/agissez\\\/nouvelle-normalite-meme-cancer\\\/#breadcrumb\"},\"inLanguage\":\"fr-FR\",\"potentialAction\":[{\"@type\":\"ReadAction\",\"target\":[\"https:\\\/\\\/survivornet.ca\\\/fr\\\/agissez\\\/nouvelle-normalite-meme-cancer\\\/\"]}]},{\"@type\":\"BreadcrumbList\",\"@id\":\"https:\\\/\\\/survivornet.ca\\\/fr\\\/agissez\\\/nouvelle-normalite-meme-cancer\\\/#breadcrumb\",\"itemListElement\":[{\"@type\":\"ListItem\",\"position\":1,\"name\":\"Home\",\"item\":\"https:\\\/\\\/survivornet.ca\\\/fr\\\/\"},{\"@type\":\"ListItem\",\"position\":2,\"name\":\"Agissez\",\"item\":\"https:\\\/\\\/survivornet.ca\\\/fr\\\/agissez\\\/\"},{\"@type\":\"ListItem\",\"position\":3,\"name\":\"Nouvelle Normalit\u00e9 M\u00eame Cancer\"}]},{\"@type\":\"WebSite\",\"@id\":\"https:\\\/\\\/survivornet.ca\\\/#website\",\"url\":\"https:\\\/\\\/survivornet.ca\\\/\",\"name\":\"Canadian Cancer Survivor Network\",\"description\":\"The Canadian Cancer Survivor Network was created by a group of Canadians concerned about cancer.\",\"publisher\":{\"@id\":\"https:\\\/\\\/survivornet.ca\\\/#organization\"},\"potentialAction\":[{\"@type\":\"SearchAction\",\"target\":{\"@type\":\"EntryPoint\",\"urlTemplate\":\"https:\\\/\\\/survivornet.ca\\\/?s={search_term_string}\"},\"query-input\":{\"@type\":\"PropertyValueSpecification\",\"valueRequired\":true,\"valueName\":\"search_term_string\"}}],\"inLanguage\":\"fr-FR\"},{\"@type\":\"Organization\",\"@id\":\"https:\\\/\\\/survivornet.ca\\\/#organization\",\"name\":\"Canadian Cancer Survivor Network\",\"url\":\"https:\\\/\\\/survivornet.ca\\\/\",\"logo\":{\"@type\":\"ImageObject\",\"inLanguage\":\"fr-FR\",\"@id\":\"https:\\\/\\\/survivornet.ca\\\/#\\\/schema\\\/logo\\\/image\\\/\",\"url\":\"http:\\\/\\\/survivornet.ca\\\/wp-content\\\/uploads\\\/2016\\\/12\\\/CCSN_Logo_EN_SQUARE.png\",\"contentUrl\":\"http:\\\/\\\/survivornet.ca\\\/wp-content\\\/uploads\\\/2016\\\/12\\\/CCSN_Logo_EN_SQUARE.png\",\"width\":1209,\"height\":1007,\"caption\":\"Canadian Cancer Survivor Network\"},\"image\":{\"@id\":\"https:\\\/\\\/survivornet.ca\\\/#\\\/schema\\\/logo\\\/image\\\/\"}}]}<\/script>\n<!-- \/ Yoast SEO plugin. -->","yoast_head_json":{"title":"Nouvelle Normalit\u00e9 M\u00eame Cancer - Canadian Cancer Survivor Network","robots":{"index":"index","follow":"follow","max-snippet":"max-snippet:-1","max-image-preview":"max-image-preview:large","max-video-preview":"max-video-preview:-1"},"canonical":"https:\/\/survivornet.ca\/fr\/agissez\/nouvelle-normalite-meme-cancer\/","og_locale":"fr_FR","og_type":"article","og_title":"Nouvelle Normalit\u00e9 M\u00eame Cancer - Canadian Cancer Survivor Network","og_description":"80 % des oncologues canadiens disent que la #COVID19 nuit aux soins contre le #cancer, mais celui-ci n\u2019attendra pas que les choses reviennent \u00e0 la normale. Communiquez avec votre \u00e9quipe soignante. Faites-vous","og_url":"https:\/\/survivornet.ca\/fr\/agissez\/nouvelle-normalite-meme-cancer\/","og_site_name":"Canadian Cancer Survivor Network","article_modified_time":"2021-02-08T17:11:49+00:00","twitter_card":"summary_large_image","schema":{"@context":"https:\/\/schema.org","@graph":[{"@type":"WebPage","@id":"https:\/\/survivornet.ca\/fr\/agissez\/nouvelle-normalite-meme-cancer\/","url":"https:\/\/survivornet.ca\/fr\/agissez\/nouvelle-normalite-meme-cancer\/","name":"Nouvelle Normalit\u00e9 M\u00eame Cancer - Canadian Cancer Survivor Network","isPartOf":{"@id":"https:\/\/survivornet.ca\/#website"},"datePublished":"2021-02-07T13:48:39+00:00","dateModified":"2021-02-08T17:11:49+00:00","breadcrumb":{"@id":"https:\/\/survivornet.ca\/fr\/agissez\/nouvelle-normalite-meme-cancer\/#breadcrumb"},"inLanguage":"fr-FR","potentialAction":[{"@type":"ReadAction","target":["https:\/\/survivornet.ca\/fr\/agissez\/nouvelle-normalite-meme-cancer\/"]}]},{"@type":"BreadcrumbList","@id":"https:\/\/survivornet.ca\/fr\/agissez\/nouvelle-normalite-meme-cancer\/#breadcrumb","itemListElement":[{"@type":"ListItem","position":1,"name":"Home","item":"https:\/\/survivornet.ca\/fr\/"},{"@type":"ListItem","position":2,"name":"Agissez","item":"https:\/\/survivornet.ca\/fr\/agissez\/"},{"@type":"ListItem","position":3,"name":"Nouvelle Normalit\u00e9 M\u00eame Cancer"}]},{"@type":"WebSite","@id":"https:\/\/survivornet.ca\/#website","url":"https:\/\/survivornet.ca\/","name":"Canadian Cancer Survivor Network","description":"The Canadian Cancer Survivor Network was created by a group of Canadians concerned about cancer.","publisher":{"@id":"https:\/\/survivornet.ca\/#organization"},"potentialAction":[{"@type":"SearchAction","target":{"@type":"EntryPoint","urlTemplate":"https:\/\/survivornet.ca\/?s={search_term_string}"},"query-input":{"@type":"PropertyValueSpecification","valueRequired":true,"valueName":"search_term_string"}}],"inLanguage":"fr-FR"},{"@type":"Organization","@id":"https:\/\/survivornet.ca\/#organization","name":"Canadian Cancer Survivor Network","url":"https:\/\/survivornet.ca\/","logo":{"@type":"ImageObject","inLanguage":"fr-FR","@id":"https:\/\/survivornet.ca\/#\/schema\/logo\/image\/","url":"http:\/\/survivornet.ca\/wp-content\/uploads\/2016\/12\/CCSN_Logo_EN_SQUARE.png","contentUrl":"http:\/\/survivornet.ca\/wp-content\/uploads\/2016\/12\/CCSN_Logo_EN_SQUARE.png","width":1209,"height":1007,"caption":"Canadian Cancer Survivor Network"},"image":{"@id":"https:\/\/survivornet.ca\/#\/schema\/logo\/image\/"}}]}},"_links":{"self":[{"href":"https:\/\/survivornet.ca\/fr\/wp-json\/wp\/v2\/pages\/20968","targetHints":{"allow":["GET"]}}],"collection":[{"href":"https:\/\/survivornet.ca\/fr\/wp-json\/wp\/v2\/pages"}],"about":[{"href":"https:\/\/survivornet.ca\/fr\/wp-json\/wp\/v2\/types\/page"}],"author":[{"embeddable":true,"href":"https:\/\/survivornet.ca\/fr\/wp-json\/wp\/v2\/users\/2"}],"replies":[{"embeddable":true,"href":"https:\/\/survivornet.ca\/fr\/wp-json\/wp\/v2\/comments?post=20968"}],"version-history":[{"count":0,"href":"https:\/\/survivornet.ca\/fr\/wp-json\/wp\/v2\/pages\/20968\/revisions"}],"up":[{"embeddable":true,"href":"https:\/\/survivornet.ca\/fr\/wp-json\/wp\/v2\/pages\/4480"}],"wp:attachment":[{"href":"https:\/\/survivornet.ca\/fr\/wp-json\/wp\/v2\/media?parent=20968"}],"curies":[{"name":"wp","href":"https:\/\/api.w.org\/{rel}","templated":true}]}}