{"id":20817,"date":"2021-02-01T15:27:01","date_gmt":"2021-02-01T20:27:01","guid":{"rendered":"https:\/\/survivornet.ca\/?page_id=20817"},"modified":"2025-04-29T13:51:13","modified_gmt":"2025-04-29T17:51:13","slug":"le-cancer-ne-peut-pas-attendre-old","status":"publish","type":"page","link":"https:\/\/survivornet.ca\/fr\/agissez\/le-cancer-ne-peut-pas-attendre-old\/","title":{"rendered":"Le cancer ne peut pas attendre"},"content":{"rendered":"<h2>Sacrifi\u00e9s ! Bouleversement des soins du cancer au Canada pendant la pand\u00e9mie de COVID-19<\/h2>\n<div class=\"page\" title=\"Page 2\">\n<div class=\"section\">\n<div class=\"layoutArea\">\n<div class=\"column\">\n<p>Les trois sondages du RCSC mesurant l\u2019impact de la pand\u00e9mie de COVID-19 sur les soins du cancer au Canada se sont av\u00e9r\u00e9s particuli\u00e8rement informatifs et ont donn\u00e9 mati\u00e8re \u00e0 r\u00e9flexion. <a href=\"http:\/\/survivornet.ca\/wp-content\/uploads\/2022\/06\/Cancer-Cant-Wait-Final-Report-French-FINAL.docx.pdf\">Le RCSC vient de publier un rapport<\/a> qui rassemble les conclusions de ces sondages, combinant les statistiques avec les t\u00e9moignages des patients et des proches pour dresser un tableau de leur exp\u00e9rience pendant la pand\u00e9mie.<\/p>\n<p><b><a href=\"http:\/\/survivornet.ca\/wp-content\/uploads\/2022\/06\/Cancer-Cant-Wait-Final-Report-French-FINAL.docx.pdf\">Lisez le rapport!<\/a><\/b><\/p>\n<p><strong><a href=\"http:\/\/survivornet.ca\/wp-content\/uploads\/2023\/10\/Fourth-Leger-survey-report-\u2013-FINAL-E-Francais.docx\">Pour les patients du cancer et les proches aidants, la pand\u00e9mie n\u2019est pas termin\u00e9e<\/a><\/strong><\/p>\n<p><a href=\"http:\/\/survivornet.ca\/wp-content\/uploads\/2023\/10\/Long-COVID-and-cancer-report-FInal-francais-1.pdf\"><strong>\u00abMa qualit\u00e9 de vie a diminu\u00e9 de moiti\u00e9\u00bb L\u2019impact de la COVID longue sur les patients atteints de cancer au Canada<\/strong><\/a><\/p>\n<\/div>\n<\/div>\n<\/div>\n<\/div>\n<h2>Rapport complet du Conference Board du Canada<\/h2>\n<ul class=\"content-list\">\n<li><a href=\"http:\/\/survivornet.ca\/wp-content\/uploads\/2022\/02\/V2-26117-issue-briefing-tomorrow-cant-wait-FR.pdf\">Conference Board du Canada &#8211; Demain n&#8217;attend pas : tous les Canadiens m\u00e9ritent d&#8217;avoir acc\u00e8s aux traitements novateurs contre le cancer<\/a><\/li>\n<\/ul>\n<h2>Le cancer ne peut pas attendre:\u00a0\u00a0lettre ouverte \u00e0 tous les d\u00e9cisionnaires des gouvernements et du domaine de la sant\u00e9 au Canada<\/h2>\n<h3>Lettres ouvertes envoy\u00e9es aux ministres provinciaux de la Sant\u00e9<\/h3>\n<ul class=\"content-list\">\n<li><a href=\"https:\/\/survivornet.ca\/fr\/agissez\/le-cancer-ne-peut-pas-attendre\/lettre-ouverte-du-rcsc-envoyee-a-christine-elliott-la-ministre-de-la-sante-de-lontario\/\">Lettre ouverte du RCSC envoy\u00e9e \u00e0 Christine Elliott, la ministre de la Sant\u00e9 de l\u2019Ontario<\/a><\/li>\n<li><a href=\"https:\/\/survivornet.ca\/fr\/agissez\/le-cancer-ne-peut-pas-attendre\/lettre-ouverte-envoyee-a-jason-copping-ministre-de-la-sante-de-lalberta\/\">Lettre ouverte du RCSC envoy\u00e9e \u00e0 Jason Copping, le ministre de la Sant\u00e9 de l\u2019Alberta<\/a><\/li>\n<li><a href=\"https:\/\/survivornet.ca\/fr\/agissez\/le-cancer-ne-peut-pas-attendre\/lettre-ouverte-a-la-ministre-de-la-sante-de-la-nouvelle-ecosse-michelle-thompson\/\">Lettre ouverte du RCSC envoy\u00e9e \u00e0 Michelle Thompson, la ministre de la Sant\u00e9 de la Nouvelle-\u00c9cosse (et sa r\u00e9ponse)<\/a><\/li>\n<li><a href=\"https:\/\/survivornet.ca\/fr\/agissez\/le-cancer-ne-peut-pas-attendre\/lettre-ouverte-du-rcsc-envoyee-a-dorothy-shephard-la-ministre-de-la-sante-du-nouveau-brunswick\/\">Lettre ouverte du RCSC envoy\u00e9e \u00e0 Dorothy Shephard, la ministre de la Sant\u00e9 du Nouveau-Brunswick (et sa r\u00e9ponse)<\/a><\/li>\n<li><a href=\"https:\/\/survivornet.ca\/fr\/agissez\/le-cancer-ne-peut-pas-attendre\/lettre-ouverte-envoyee-au-ministre-de-la-sante-paul-merriman\/\">Lettre ouverte du RCSC envoy\u00e9e \u00e0 Paul Merriman, le ministre de la Sant\u00e9 de la Saskatchewan<\/a><\/li>\n<li><a href=\"https:\/\/survivornet.ca\/fr\/agissez\/le-cancer-ne-peut-pas-attendre\/lettre-ouverte-envoyee-a-ernie-hudson-le-ministre-de-la-sante-de-lile-du-prince-edouard\/\">Lettre ouverte du RCSC envoy\u00e9e \u00e0 Ernie Hudson, le ministre de la Sant\u00e9 de l\u2019\u00cele-du-Prince-\u00c9douard<\/a><\/li>\n<li><a href=\"https:\/\/survivornet.ca\/fr\/agissez\/le-cancer-ne-peut-pas-attendre\/lettre-ouverte-envoyee-a-john-haggie-ministre-de-la-sante-de-de-terre-neuve-et-labrador\/\">Lettre ouverte du RCSC envoy\u00e9e \u00e0 John Haggie, le ministre de la Sant\u00e9 du Terre-Neuve-et-Labrador<\/a><\/li>\n<li><a href=\"https:\/\/survivornet.ca\/fr\/agissez\/le-cancer-ne-peut-pas-attendre\/lettre-ouverte-envoyee-a-audrey-gordon-ministre-de-la-sante-du-manitoba\/\">Lettre ouverte du RCSC envoy\u00e9e \u00e0 Audrey Gordon, la ministre de la Sant\u00e9 du Manitoba (et sa r\u00e9ponse)<\/a><\/li>\n<li><a href=\"https:\/\/survivornet.ca\/fr\/agissez\/le-cancer-ne-peut-pas-attendre\/lettre-ouverte-envoyee-a-adrian-dix-ministre-de-la-sante-de-la-colombie-brittanique\/\">Lettre ouverte du RCSC envoy\u00e9e \u00e0 Adrian Dix, le ministre de la Sant\u00e9 de la Colombie-Britannique<\/a><\/li>\n<\/ul>\n<p>La moiti\u00e9 de tous les Canadiens subiront un cancer.\u00a0Il faut se doter d\u2019un plan pour leur\u00a0fournir des\u00a0soins<br \/>\npendant la prochaine crise nationale.<\/p>\n<p>La lettre ci-dessous est parue dans The Globe and Mail et Le Devoir le 4 f\u00e9vrier 2021 pour l&#8217;occasion de la Journ\u00e9e mondiale contre le cancer. Nous accueillons vos r\u00e9ponses au info@survivornet.ca.<\/p>\n<ul class=\"content-list\">\n<li><a href=\"http:\/\/survivornet.ca\/wp-content\/uploads\/2021\/02\/Le-Cancer-Ne-Peut-Pas-Attendre-1.pdf\">Le cancer ne peut pas attendre<\/a><\/li>\n<li><a href=\"https:\/\/survivornet.ca\/fr\/agissez\/le-cancer-ne-peut-pas-attendre\/communique-de-presse-une-nouvelle-etude-revele-que-la-covid-19-continue-de-bouleverser-le-traitement-du-cancer-dans-tout-le-canada\/\" target=\"_blank\" rel=\"noopener noreferrer\">Communiqu\u00e9 de presse: une nouvelle \u00e9tude r\u00e9v\u00e8le que la COVID-19 continue de bouleverser le traitement du cancer dans tout le Canada<\/a><\/li>\n<li><a href=\"https:\/\/survivornet.ca\/fr\/agissez\/le-cancer-ne-peut-pas-attendre\/les-soins-virtuels-peuvent-completer-les-soins-en-personne-mais-ne-peuvent-pas-les-remplacer\/\">Les soins virtuels peuvent compl\u00e9ter les soins en personne, mais ne peuvent pas les remplacer<\/a><\/li>\n<li><a href=\"http:\/\/survivornet.ca\/wp-content\/uploads\/2021\/06\/Communique-de-presse-du-RCSC.pdf\">Le Communiqu\u00e9 de presse du R\u00e9seau canadien des survivants du cancer<\/a><\/li>\n<li><a href=\"https:\/\/survivornet.ca\/fr\/news\/la-covid-19-la-sante-mentale\/\">La COVID-19 &amp; la sant\u00e9 mentale\u00a0<\/a><\/li>\n<li><a href=\"https:\/\/survivornet.ca\/fr\/agissez\/le-cancer-ne-peut-pas-attendre\/lettre-adressee-au-ministre-churchill\/\">Une lettre adress\u00e9e au ministre Churchill<\/a><\/li>\n<li><a href=\"https:\/\/survivornet.ca\/fr\/agissez\/le-cancer-ne-peut-pas-attendre\/lettre-adressee-au-ministre-dube\/\">Une lettre adress\u00e9e au ministre Dub\u00e9<\/a><\/li>\n<li><a href=\"https:\/\/survivornet.ca\/fr\/news\/la-lettre-ouverte-du-rcsc-les-patients-atteints-du-cancer-ont-besoin-detre-la-priorite-pour-la-vaccin-de-la-covid-19\/\">La lettre ouverte du RCSC : les patients atteints du cancer ont besoin d&#8217;\u00eatre la priorit\u00e9 pour la vaccination de la COVID-19<\/a><a href=\"http:\/\/survivornet.ca\/wp-content\/uploads\/2021\/02\/French-Website-Slide-e1612290598407.png\"><img loading=\"lazy\" decoding=\"async\" class=\"alignnone wp-image-20837 size-full\" src=\"http:\/\/survivornet.ca\/wp-content\/uploads\/2021\/02\/French-Website-Slide-e1612290598407.png\" alt=\"\" width=\"600\" height=\"315\" \/><\/a><\/li>\n<\/ul>\n<p>&nbsp;<\/p>\n<p><a href=\"https:\/\/survivornet.ca\/fr\/news\/lanxiete-des-patients-atteints-du-cancer-et-des-proches-aidants-concernant-les-rendez-vous-telephoniques-et-virtuels-pendant-la-pandemie\/\">L\u2019anxi\u00e9t\u00e9 des patients atteints du cancer <\/a><a href=\"https:\/\/survivornet.ca\/fr\/news\/lanxiete-des-patients-atteints-du-cancer-et-des-proches-aidants-concernant-les-rendez-vous-telephoniques-et-virtuels-pendant-la-pandemie\/\">et des proches aidants concernant les rendez-vous t\u00e9l\u00e9phoniques et virtuels pendant la pand\u00e9mie<\/a><\/p>\n<p><img loading=\"lazy\" decoding=\"async\" class=\"alignnone size-medium wp-image-22077\" src=\"http:\/\/survivornet.ca\/wp-content\/uploads\/2021\/06\/anxieties-of-cancer-patients-picture-300x199.png\" alt=\"\" width=\"300\" height=\"199\" srcset=\"https:\/\/survivornet.ca\/wp-content\/uploads\/2021\/06\/anxieties-of-cancer-patients-picture-300x199.png 300w, https:\/\/survivornet.ca\/wp-content\/uploads\/2021\/06\/anxieties-of-cancer-patients-picture-768x509.png 768w, https:\/\/survivornet.ca\/wp-content\/uploads\/2021\/06\/anxieties-of-cancer-patients-picture.png 936w\" sizes=\"auto, (max-width: 300px) 100vw, 300px\" \/><\/p>\n<p><a href=\"https:\/\/survivornet.ca\/fr\/news\/les-patients-atteints-du-cancer-font-face-a-un-double-danger-avec-la-covid-19\/\">Les patients atteints du cancer font face \u00e0 un double danger avec la COVID-19<\/a><\/p>\n<p><img loading=\"lazy\" decoding=\"async\" class=\"alignnone size-medium wp-image-19666\" src=\"http:\/\/survivornet.ca\/wp-content\/uploads\/2020\/11\/Cancer-patients-face-double-jeopardy-1-300x199.png\" alt=\"\" width=\"300\" height=\"199\" srcset=\"https:\/\/survivornet.ca\/wp-content\/uploads\/2020\/11\/Cancer-patients-face-double-jeopardy-1-300x199.png 300w, https:\/\/survivornet.ca\/wp-content\/uploads\/2020\/11\/Cancer-patients-face-double-jeopardy-1.png 339w\" sizes=\"auto, (max-width: 300px) 100vw, 300px\" \/><\/p>\n<p><a href=\"https:\/\/survivornet.ca\/fr\/news\/le-cancer-attend-toujours\/\">Le cancer attend toujours<\/a><\/p>\n<p><img loading=\"lazy\" decoding=\"async\" class=\"alignnone size-medium wp-image-22208\" src=\"http:\/\/survivornet.ca\/wp-content\/uploads\/2021\/07\/cancer-still-waiting-300x199.png\" alt=\"\" width=\"300\" height=\"199\" srcset=\"https:\/\/survivornet.ca\/wp-content\/uploads\/2021\/07\/cancer-still-waiting-300x199.png 300w, https:\/\/survivornet.ca\/wp-content\/uploads\/2021\/07\/cancer-still-waiting.png 339w\" sizes=\"auto, (max-width: 300px) 100vw, 300px\" \/><\/p>\n<p><a href=\"https:\/\/survivornet.ca\/fr\/news\/les-patients-atteints-du-cancer-du-poumon-et-les-proches-aidants-craignent-detre-vulnerables-a-la-covid-19\/\">Les patients atteints du cancer du poumon et les proches aidants craignent d&#8217;\u00eatre vuln\u00e9rables \u00e0 la COVID-19<\/a><\/p>\n<p><img loading=\"lazy\" decoding=\"async\" class=\"alignnone size-medium wp-image-22230\" src=\"http:\/\/survivornet.ca\/wp-content\/uploads\/2021\/07\/covid-19-and-lung-cancer-300x199.png\" alt=\"\" width=\"300\" height=\"199\" srcset=\"https:\/\/survivornet.ca\/wp-content\/uploads\/2021\/07\/covid-19-and-lung-cancer-300x199.png 300w, https:\/\/survivornet.ca\/wp-content\/uploads\/2021\/07\/covid-19-and-lung-cancer.png 339w\" sizes=\"auto, (max-width: 300px) 100vw, 300px\" \/><\/p>\n","protected":false},"excerpt":{"rendered":"<p>Sacrifi\u00e9s ! Bouleversement des soins du cancer au Canada pendant la pand\u00e9mie de COVID-19 Les trois sondages du RCSC mesurant l\u2019impact de la pand\u00e9mie de COVID-19 sur les soins du cancer au<\/p>\n","protected":false},"author":2,"featured_media":0,"parent":4480,"menu_order":2,"comment_status":"closed","ping_status":"closed","template":"","meta":{"_acf_changed":false,"footnotes":""},"class_list":["post-20817","page","type-page","status-publish","hentry"],"acf":[],"yoast_head":"<!-- This site is optimized with the Yoast SEO plugin v27.1.1 - https:\/\/yoast.com\/product\/yoast-seo-wordpress\/ -->\n<title>Le cancer ne peut pas attendre - Canadian Cancer Survivor Network<\/title>\n<meta name=\"robots\" content=\"index, follow, max-snippet:-1, max-image-preview:large, max-video-preview:-1\" \/>\n<link rel=\"canonical\" href=\"https:\/\/survivornet.ca\/fr\/agissez\/le-cancer-ne-peut-pas-attendre-old\/\" \/>\n<meta property=\"og:locale\" content=\"fr_FR\" \/>\n<meta property=\"og:type\" content=\"article\" \/>\n<meta property=\"og:title\" content=\"Le cancer ne peut pas attendre - Canadian Cancer Survivor Network\" \/>\n<meta property=\"og:description\" content=\"Sacrifi\u00e9s ! Bouleversement des soins du cancer au Canada pendant la pand\u00e9mie de COVID-19 Les trois sondages du RCSC mesurant l\u2019impact de la pand\u00e9mie de COVID-19 sur les soins du cancer au\" \/>\n<meta property=\"og:url\" content=\"https:\/\/survivornet.ca\/fr\/agissez\/le-cancer-ne-peut-pas-attendre-old\/\" \/>\n<meta property=\"og:site_name\" content=\"Canadian Cancer Survivor Network\" \/>\n<meta property=\"article:modified_time\" content=\"2025-04-29T17:51:13+00:00\" \/>\n<meta property=\"og:image\" content=\"http:\/\/survivornet.ca\/wp-content\/uploads\/2021\/02\/French-Website-Slide-e1612290598407.png\" \/>\n<meta name=\"twitter:card\" content=\"summary_large_image\" \/>\n<meta name=\"twitter:label1\" content=\"Dur\u00e9e de lecture estim\u00e9e\" \/>\n\t<meta name=\"twitter:data1\" content=\"3 minutes\" \/>\n<script type=\"application\/ld+json\" class=\"yoast-schema-graph\">{\"@context\":\"https:\/\/schema.org\",\"@graph\":[{\"@type\":\"WebPage\",\"@id\":\"https:\/\/survivornet.ca\/fr\/agissez\/le-cancer-ne-peut-pas-attendre-old\/\",\"url\":\"https:\/\/survivornet.ca\/fr\/agissez\/le-cancer-ne-peut-pas-attendre-old\/\",\"name\":\"Le cancer ne peut pas attendre - Canadian Cancer Survivor Network\",\"isPartOf\":{\"@id\":\"https:\/\/survivornet.ca\/#website\"},\"primaryImageOfPage\":{\"@id\":\"https:\/\/survivornet.ca\/fr\/agissez\/le-cancer-ne-peut-pas-attendre-old\/#primaryimage\"},\"image\":{\"@id\":\"https:\/\/survivornet.ca\/fr\/agissez\/le-cancer-ne-peut-pas-attendre-old\/#primaryimage\"},\"thumbnailUrl\":\"http:\/\/survivornet.ca\/wp-content\/uploads\/2021\/02\/French-Website-Slide-e1612290598407.png\",\"datePublished\":\"2021-02-01T20:27:01+00:00\",\"dateModified\":\"2025-04-29T17:51:13+00:00\",\"breadcrumb\":{\"@id\":\"https:\/\/survivornet.ca\/fr\/agissez\/le-cancer-ne-peut-pas-attendre-old\/#breadcrumb\"},\"inLanguage\":\"fr-FR\",\"potentialAction\":[{\"@type\":\"ReadAction\",\"target\":[\"https:\/\/survivornet.ca\/fr\/agissez\/le-cancer-ne-peut-pas-attendre-old\/\"]}]},{\"@type\":\"ImageObject\",\"inLanguage\":\"fr-FR\",\"@id\":\"https:\/\/survivornet.ca\/fr\/agissez\/le-cancer-ne-peut-pas-attendre-old\/#primaryimage\",\"url\":\"http:\/\/survivornet.ca\/wp-content\/uploads\/2021\/02\/French-Website-Slide-e1612290598407.png\",\"contentUrl\":\"http:\/\/survivornet.ca\/wp-content\/uploads\/2021\/02\/French-Website-Slide-e1612290598407.png\"},{\"@type\":\"BreadcrumbList\",\"@id\":\"https:\/\/survivornet.ca\/fr\/agissez\/le-cancer-ne-peut-pas-attendre-old\/#breadcrumb\",\"itemListElement\":[{\"@type\":\"ListItem\",\"position\":1,\"name\":\"Home\",\"item\":\"https:\/\/survivornet.ca\/fr\/\"},{\"@type\":\"ListItem\",\"position\":2,\"name\":\"Agissez\",\"item\":\"https:\/\/survivornet.ca\/fr\/agissez\/\"},{\"@type\":\"ListItem\",\"position\":3,\"name\":\"Le cancer ne peut pas attendre\"}]},{\"@type\":\"WebSite\",\"@id\":\"https:\/\/survivornet.ca\/#website\",\"url\":\"https:\/\/survivornet.ca\/\",\"name\":\"Canadian Cancer Survivor Network\",\"description\":\"The Canadian Cancer Survivor Network was created by a group of Canadians concerned about cancer.\",\"publisher\":{\"@id\":\"https:\/\/survivornet.ca\/#organization\"},\"potentialAction\":[{\"@type\":\"SearchAction\",\"target\":{\"@type\":\"EntryPoint\",\"urlTemplate\":\"https:\/\/survivornet.ca\/?s={search_term_string}\"},\"query-input\":{\"@type\":\"PropertyValueSpecification\",\"valueRequired\":true,\"valueName\":\"search_term_string\"}}],\"inLanguage\":\"fr-FR\"},{\"@type\":\"Organization\",\"@id\":\"https:\/\/survivornet.ca\/#organization\",\"name\":\"Canadian Cancer Survivor Network\",\"url\":\"https:\/\/survivornet.ca\/\",\"logo\":{\"@type\":\"ImageObject\",\"inLanguage\":\"fr-FR\",\"@id\":\"https:\/\/survivornet.ca\/#\/schema\/logo\/image\/\",\"url\":\"http:\/\/survivornet.ca\/wp-content\/uploads\/2016\/12\/CCSN_Logo_EN_SQUARE.png\",\"contentUrl\":\"http:\/\/survivornet.ca\/wp-content\/uploads\/2016\/12\/CCSN_Logo_EN_SQUARE.png\",\"width\":1209,\"height\":1007,\"caption\":\"Canadian Cancer Survivor Network\"},\"image\":{\"@id\":\"https:\/\/survivornet.ca\/#\/schema\/logo\/image\/\"}}]}<\/script>\n<!-- \/ Yoast SEO plugin. -->","yoast_head_json":{"title":"Le cancer ne peut pas attendre - Canadian Cancer Survivor Network","robots":{"index":"index","follow":"follow","max-snippet":"max-snippet:-1","max-image-preview":"max-image-preview:large","max-video-preview":"max-video-preview:-1"},"canonical":"https:\/\/survivornet.ca\/fr\/agissez\/le-cancer-ne-peut-pas-attendre-old\/","og_locale":"fr_FR","og_type":"article","og_title":"Le cancer ne peut pas attendre - Canadian Cancer Survivor Network","og_description":"Sacrifi\u00e9s ! Bouleversement des soins du cancer au Canada pendant la pand\u00e9mie de COVID-19 Les trois sondages du RCSC mesurant l\u2019impact de la pand\u00e9mie de COVID-19 sur les soins du cancer au","og_url":"https:\/\/survivornet.ca\/fr\/agissez\/le-cancer-ne-peut-pas-attendre-old\/","og_site_name":"Canadian Cancer Survivor Network","article_modified_time":"2025-04-29T17:51:13+00:00","og_image":[{"url":"http:\/\/survivornet.ca\/wp-content\/uploads\/2021\/02\/French-Website-Slide-e1612290598407.png","type":"","width":"","height":""}],"twitter_card":"summary_large_image","twitter_misc":{"Dur\u00e9e de lecture estim\u00e9e":"3 minutes"},"schema":{"@context":"https:\/\/schema.org","@graph":[{"@type":"WebPage","@id":"https:\/\/survivornet.ca\/fr\/agissez\/le-cancer-ne-peut-pas-attendre-old\/","url":"https:\/\/survivornet.ca\/fr\/agissez\/le-cancer-ne-peut-pas-attendre-old\/","name":"Le cancer ne peut pas attendre - Canadian Cancer Survivor Network","isPartOf":{"@id":"https:\/\/survivornet.ca\/#website"},"primaryImageOfPage":{"@id":"https:\/\/survivornet.ca\/fr\/agissez\/le-cancer-ne-peut-pas-attendre-old\/#primaryimage"},"image":{"@id":"https:\/\/survivornet.ca\/fr\/agissez\/le-cancer-ne-peut-pas-attendre-old\/#primaryimage"},"thumbnailUrl":"http:\/\/survivornet.ca\/wp-content\/uploads\/2021\/02\/French-Website-Slide-e1612290598407.png","datePublished":"2021-02-01T20:27:01+00:00","dateModified":"2025-04-29T17:51:13+00:00","breadcrumb":{"@id":"https:\/\/survivornet.ca\/fr\/agissez\/le-cancer-ne-peut-pas-attendre-old\/#breadcrumb"},"inLanguage":"fr-FR","potentialAction":[{"@type":"ReadAction","target":["https:\/\/survivornet.ca\/fr\/agissez\/le-cancer-ne-peut-pas-attendre-old\/"]}]},{"@type":"ImageObject","inLanguage":"fr-FR","@id":"https:\/\/survivornet.ca\/fr\/agissez\/le-cancer-ne-peut-pas-attendre-old\/#primaryimage","url":"http:\/\/survivornet.ca\/wp-content\/uploads\/2021\/02\/French-Website-Slide-e1612290598407.png","contentUrl":"http:\/\/survivornet.ca\/wp-content\/uploads\/2021\/02\/French-Website-Slide-e1612290598407.png"},{"@type":"BreadcrumbList","@id":"https:\/\/survivornet.ca\/fr\/agissez\/le-cancer-ne-peut-pas-attendre-old\/#breadcrumb","itemListElement":[{"@type":"ListItem","position":1,"name":"Home","item":"https:\/\/survivornet.ca\/fr\/"},{"@type":"ListItem","position":2,"name":"Agissez","item":"https:\/\/survivornet.ca\/fr\/agissez\/"},{"@type":"ListItem","position":3,"name":"Le cancer ne peut pas attendre"}]},{"@type":"WebSite","@id":"https:\/\/survivornet.ca\/#website","url":"https:\/\/survivornet.ca\/","name":"Canadian Cancer Survivor Network","description":"The Canadian Cancer Survivor Network was created by a group of Canadians concerned about cancer.","publisher":{"@id":"https:\/\/survivornet.ca\/#organization"},"potentialAction":[{"@type":"SearchAction","target":{"@type":"EntryPoint","urlTemplate":"https:\/\/survivornet.ca\/?s={search_term_string}"},"query-input":{"@type":"PropertyValueSpecification","valueRequired":true,"valueName":"search_term_string"}}],"inLanguage":"fr-FR"},{"@type":"Organization","@id":"https:\/\/survivornet.ca\/#organization","name":"Canadian Cancer Survivor Network","url":"https:\/\/survivornet.ca\/","logo":{"@type":"ImageObject","inLanguage":"fr-FR","@id":"https:\/\/survivornet.ca\/#\/schema\/logo\/image\/","url":"http:\/\/survivornet.ca\/wp-content\/uploads\/2016\/12\/CCSN_Logo_EN_SQUARE.png","contentUrl":"http:\/\/survivornet.ca\/wp-content\/uploads\/2016\/12\/CCSN_Logo_EN_SQUARE.png","width":1209,"height":1007,"caption":"Canadian Cancer Survivor Network"},"image":{"@id":"https:\/\/survivornet.ca\/#\/schema\/logo\/image\/"}}]}},"_links":{"self":[{"href":"https:\/\/survivornet.ca\/fr\/wp-json\/wp\/v2\/pages\/20817","targetHints":{"allow":["GET"]}}],"collection":[{"href":"https:\/\/survivornet.ca\/fr\/wp-json\/wp\/v2\/pages"}],"about":[{"href":"https:\/\/survivornet.ca\/fr\/wp-json\/wp\/v2\/types\/page"}],"author":[{"embeddable":true,"href":"https:\/\/survivornet.ca\/fr\/wp-json\/wp\/v2\/users\/2"}],"replies":[{"embeddable":true,"href":"https:\/\/survivornet.ca\/fr\/wp-json\/wp\/v2\/comments?post=20817"}],"version-history":[{"count":4,"href":"https:\/\/survivornet.ca\/fr\/wp-json\/wp\/v2\/pages\/20817\/revisions"}],"predecessor-version":[{"id":28299,"href":"https:\/\/survivornet.ca\/fr\/wp-json\/wp\/v2\/pages\/20817\/revisions\/28299"}],"up":[{"embeddable":true,"href":"https:\/\/survivornet.ca\/fr\/wp-json\/wp\/v2\/pages\/4480"}],"wp:attachment":[{"href":"https:\/\/survivornet.ca\/fr\/wp-json\/wp\/v2\/media?parent=20817"}],"curies":[{"name":"wp","href":"https:\/\/api.w.org\/{rel}","templated":true}]}}