{"id":20153,"date":"2020-12-22T14:08:56","date_gmt":"2020-12-22T19:08:56","guid":{"rendered":"https:\/\/survivornet.ca\/?page_id=20153"},"modified":"2020-12-22T14:08:56","modified_gmt":"2020-12-22T19:08:56","slug":"ressources-pour-les-nausees-et-vomissements-provoques-par-la-chimiotherapie-nvpc","status":"publish","type":"page","link":"https:\/\/survivornet.ca\/fr\/apprenez\/health-concerns-for-cancer-patients\/nausees-et-vomissements-provoques-par-la-chimiotherapie\/ressources-pour-les-nausees-et-vomissements-provoques-par-la-chimiotherapie-nvpc\/","title":{"rendered":"Ressources pour les naus\u00e9es et vomissements provoqu\u00e9s par la chimioth\u00e9rapie (NVPC)"},"content":{"rendered":"<p><span style=\"font-weight: 400;\">Cette section contient de l\u2019information sur les endroits o\u00f9 vous pouvez trouver des ressources sur les naus\u00e9es et vomissements provoqu\u00e9es par la chimioth\u00e9rapie (NVPC), y compris une liste d\u2019organisations au Canada, aux \u00c9tats-Unis et au Royaume-Uni.\u00a0<\/span><\/p>\n<p><span style=\"font-weight: 400;\">Veuillez nous contacter \u00e0 l&#8217;adresse <a href=\"mailto:info@survivornet.ca\">info@survivornet.ca<\/a> si vous connaissez d&#8217;autres sites web, brochures ou vid\u00e9os concernant les NVPC.\u00a0<\/span><\/p>\n<p><span style=\"font-weight: 400;\">Pour de l\u2019information g\u00e9n\u00e9rale sur les naus\u00e9es et vomissements provoqu\u00e9s par la chimioth\u00e9rapie, veuillez visiter le <\/span><a href=\"https:\/\/www.cancer.ca\/fr-ca\/cancer-information\/diagnosis-and-treatment\/managing-side-effects\/nausea-and-vomiting\/?region=qc\"><span style=\"font-weight: 400;\">site web de la Soci\u00e9t\u00e9 canadienne du cancer.\u00a0<\/span><\/a><\/p>\n<h4><b>Cancer Support Community<\/b><\/h4>\n<p><span style=\"font-weight: 400;\">Le site <\/span><a href=\"https:\/\/www.cancersupportcommunity.org\/\"><i><span style=\"font-weight: 400;\">Cancer Support Community<\/span><\/i><\/a><span style=\"font-weight: 400;\"> (anglais seulement) offre de <\/span><a href=\"https:\/\/www.cancersupportcommunity.org\/cancer-treatment\"><span style=\"font-weight: 400;\">l\u2019information sur les NVPC<\/span><\/a><span style=\"font-weight: 400;\">, incluant des d\u00e9finitions des diff\u00e9rents types de NVPC et des conseils pour les g\u00e9rer.\u00a0<\/span><\/p>\n<p><span style=\"font-weight: 400;\">Ce site contient \u00e9galement de l\u2019information sur les autres effets secondaires des traitements, notamment l&#8217;an\u00e9mie, la constipation, la diarrh\u00e9e, la fatigue, les infections, les changements dans la bouche et la gorge, les perturbations du syst\u00e8me nerveux, la douleur, la prise de poids r\u00e9cente, les probl\u00e8mes de sommeil, ainsi que la nutrition et le cancer, l&#8217;image corporelle et les sentiments concernant votre apparence.\u00a0<\/span><\/p>\n<h4><b>National Cancer Institute<\/b><\/h4>\n<p><span style=\"font-weight: 400;\">Le site web du <\/span><a href=\"https:\/\/www.cancer.gov\/\"><i><span style=\"font-weight: 400;\">National Cancer Institute <\/span><\/i><\/a><span style=\"font-weight: 400;\">offre une copie \u00e9lectronique du livre <\/span><a href=\"https:\/\/www.cancer.gov\/publications\/patient-education\/chemo-and-you\"><i><span style=\"font-weight: 400;\">Chemotherapy and You<\/span><\/i><\/a><i><span style=\"font-weight: 400;\"> (anglais seulement) <\/span><\/i><span style=\"font-weight: 400;\">pour les patients qui vont recevoir ou qui re\u00e7oivent actuellement des traitements de chimioth\u00e9rapie contre le cancer. Votre famille, vos amis et vos proches pourraient \u00e9galement \u00eatre int\u00e9ress\u00e9s par ce livre. Il contient un guide auquel vous pouvez vous r\u00e9f\u00e9rer tout au long de votre traitement de chimioth\u00e9rapie, ainsi que de l\u2019information sur la chimioth\u00e9rapie et ses effets secondaires et souligne \u00e9galement des moyens de prendre soin de vous avant, pendant et apr\u00e8s les traitements.<\/span><span style=\"font-weight: 400;\"><br \/>\n<\/span><span style=\"font-weight: 400;\"><br \/>\n<\/span><span style=\"font-weight: 400;\">Ce livre contient :\u00a0<\/span><\/p>\n<ul class=\"content-list\">\n<li style=\"font-weight: 400;\"><b>Questions et r\u00e9ponses au sujet de la chimioth\u00e9rapie. <\/b><span style=\"font-weight: 400;\">Cette section r\u00e9pond aux questions courantes au sujet de la chimioth\u00e9rapie et sur la fa\u00e7on dont elle affecte les cellules canc\u00e9reuses.\u00a0<\/span><\/li>\n<li style=\"font-weight: 400;\"><b>Les effets secondaires et les moyens de les g\u00e9rer.<\/b><span style=\"font-weight: 400;\"> Cette section explique les effets secondaires et autres probl\u00e8mes li\u00e9s \u00e0 la chimioth\u00e9rapie. Elle pr\u00e9sente \u00e9galement des strat\u00e9gies pour vous et votre m\u00e9decin, ou infirmi\u00e8re, pour g\u00e9rer ces effets secondaires.<\/span><\/li>\n<li style=\"font-weight: 400;\"><b>Conseils pour rencontrer votre m\u00e9decin ou votre infirmi\u00e8re.<\/b><span style=\"font-weight: 400;\"> Cette section comprend des questions \u00e0 consid\u00e9rer et que vous pouvez discuter avec votre m\u00e9decin, votre infirmi\u00e8re ou d&#8217;autres membres de votre \u00e9quipe de soin.\u00a0<\/span><\/li>\n<li style=\"font-weight: 400;\"><b>Comment en savoir plus.<\/b><span style=\"font-weight: 400;\"> Cette section liste des moyens d&#8217;obtenir plus d&#8217;informations sur la chimioth\u00e9rapie et les autres sujets abord\u00e9s dans ce livre, soit dans d\u2019autres publications, en ligne ou par t\u00e9l\u00e9phone.\u00a0<\/span><\/li>\n<\/ul>\n<h4><b>American Cancer Society<\/b><\/h4>\n<p><span style=\"font-weight: 400;\">Le site web de l&#8217;<\/span><a href=\"https:\/\/www.cancer.org\/\"><i><span style=\"font-weight: 400;\">American Cancer Society<\/span><\/i><\/a><span style=\"font-weight: 400;\"> (anglais seulement) comporte une section sur les NVPC ainsi qu&#8217;un document PDF intitul\u00e9 <\/span><a href=\"https:\/\/www.cancer.org\/content\/dam\/cancer-org\/cancer-control\/en\/booklets-flyers\/getting-help-for-nausea-and-vomiting-english.pdf\"><i><span style=\"font-weight: 400;\">Getting Help for Nausea and Vomiting<\/span><\/i><\/a><span style=\"font-weight: 400;\"> qui contient des conseils sur la mani\u00e8re de r\u00e9duire les naus\u00e9es et les vomissements et sur ce que vous pouvez faire et manger pendant les traitements.<\/span><\/p>\n<p><span style=\"font-weight: 400;\">Il existe \u00e9galement une section intitul\u00e9e <\/span><a href=\"https:\/\/www.cancer.org\/treatment\/treatments-and-side-effects\/physical-side-effects\/nausea-and-vomiting\/nausea-and-vomiting.html\"><i><span style=\"font-weight: 400;\">Managing Nausea and Vomiting at Home<\/span><\/i><\/a><span style=\"font-weight: 400;\"> qui contient de l\u2019information sur ce que les proches aidants peuvent faire pour aider \u00e0 pr\u00e9venir ou traiter les NVPC. <\/span><span style=\"font-weight: 400;\"><br \/>\n<\/span><span style=\"font-weight: 400;\"><br \/>\n<\/span><span style=\"font-weight: 400;\">Cette section contient \u00e9galement de l\u2019information sur les diff\u00e9rents types de m\u00e9dicaments et traitements qui peuvent aider \u00e0 g\u00e9rer les NVPC. Cependant, veuillez noter que ces m\u00e9dicaments peuvent ne pas \u00eatre disponibles au Canada ou dans votre province. Parlez-en avec votre m\u00e9decin.\u00a0<\/span><\/p>\n<h4><b>MacMillan Cancer Support<\/b><\/h4>\n<p><span style=\"font-weight: 400;\">Le site web <\/span><a href=\"https:\/\/www.macmillan.org.uk\/\"><i><span style=\"font-weight: 400;\">MacMillan Cancer Support<\/span><\/i><\/a><span style=\"font-weight: 400;\"> (anglais seulement), bas\u00e9 au Royaume-Uni, contient une section sur la gestion des <\/span><a href=\"https:\/\/www.macmillan.org.uk\/cancer-information-and-support\/impacts-of-cancer\/nausea-and-vomiting\"><span style=\"font-weight: 400;\">naus\u00e9es et vomissements provoqu\u00e9s par la chimioth\u00e9rapie.<\/span><\/a><span style=\"font-weight: 400;\">\u00a0<\/span><\/p>\n<p><span style=\"font-weight: 400;\">Cette information inclut :\u00a0\u00a0<\/span><\/p>\n<ul class=\"content-list\">\n<li style=\"font-weight: 400;\"><span style=\"font-weight: 400;\">L\u2019origine des naus\u00e9es et vomissements\u00a0<\/span><\/li>\n<li style=\"font-weight: 400;\"><span style=\"font-weight: 400;\">Comment fonctionnent les m\u00e9dicaments anti\u00e9m\u00e9tiques\u00a0<\/span><\/li>\n<li style=\"font-weight: 400;\"><span style=\"font-weight: 400;\">Comment les m\u00e9dicaments anti\u00e9m\u00e9tiques sont administr\u00e9s<\/span><\/li>\n<li style=\"font-weight: 400;\"><span style=\"font-weight: 400;\">Les types de m\u00e9dicaments anti\u00e9m\u00e9tiques\u00a0<\/span><\/li>\n<li style=\"font-weight: 400;\"><span style=\"font-weight: 400;\">Les effets secondaires potentiels des m\u00e9dicaments anti\u00e9m\u00e9tiques\u00a0<\/span><\/li>\n<li style=\"font-weight: 400;\"><span style=\"font-weight: 400;\">Comment g\u00e9rer les NVPC par soi-m\u00eame\u00a0\u00a0<\/span><\/li>\n<\/ul>\n<h4><b>Cancer Council NSW<\/b><\/h4>\n<p><span style=\"font-weight: 400;\">Le site web du <\/span><a href=\"https:\/\/www.cancercouncil.com.au\/\"><i><span style=\"font-weight: 400;\">Cancer Council NSW<\/span><\/i><\/a><span style=\"font-weight: 400;\"> (anglais seulement) a un article tr\u00e8s informatif sur l&#8217;alimentation et le cancer : <\/span><a href=\"https:\/\/www.cancercouncil.com.au\/cancer-information\/living-well\/nutrition-and-cancer\/treatment-side-effects-and-nutrition\/nausea-and-vomiting\/\"><i><span style=\"font-weight: 400;\">Food and Cancer: Feeling Sick and Vomiting<\/span><\/i><\/a><span style=\"font-weight: 400;\">, qui d\u00e9crit des moyens pour faire face aux naus\u00e9es et aux vomissements et les \u00e9tapes \u00e0 suivre pour recommencer \u00e0 manger apr\u00e8s les vomissements.<\/span><\/p>\n","protected":false},"excerpt":{"rendered":"<p>Cette section contient de l\u2019information sur les endroits o\u00f9 vous pouvez trouver des ressources sur les naus\u00e9es et vomissements provoqu\u00e9es par la chimioth\u00e9rapie (NVPC), y compris une liste d\u2019organisations au Canada, aux<\/p>\n","protected":false},"author":2,"featured_media":0,"parent":19940,"menu_order":1,"comment_status":"closed","ping_status":"closed","template":"","meta":{"_acf_changed":false,"footnotes":""},"class_list":["post-20153","page","type-page","status-publish","hentry"],"acf":[],"yoast_head":"<!-- This site is optimized with the Yoast SEO plugin v27.4 - https:\/\/yoast.com\/product\/yoast-seo-wordpress\/ -->\n<title>Ressources pour les naus\u00e9es et vomissements provoqu\u00e9s par la chimioth\u00e9rapie (NVPC) - Canadian Cancer Survivor Network<\/title>\n<meta name=\"robots\" content=\"index, follow, max-snippet:-1, max-image-preview:large, max-video-preview:-1\" \/>\n<link rel=\"canonical\" href=\"https:\/\/survivornet.ca\/fr\/apprenez\/health-concerns-for-cancer-patients\/nausees-et-vomissements-provoques-par-la-chimiotherapie\/ressources-pour-les-nausees-et-vomissements-provoques-par-la-chimiotherapie-nvpc\/\" \/>\n<meta property=\"og:locale\" content=\"fr_FR\" \/>\n<meta property=\"og:type\" content=\"article\" \/>\n<meta property=\"og:title\" content=\"Ressources pour les naus\u00e9es et vomissements provoqu\u00e9s par la chimioth\u00e9rapie (NVPC) - Canadian Cancer Survivor Network\" \/>\n<meta property=\"og:description\" content=\"Cette section contient de l\u2019information sur les endroits o\u00f9 vous pouvez trouver des ressources sur les naus\u00e9es et vomissements provoqu\u00e9es par la chimioth\u00e9rapie (NVPC), y compris une liste d\u2019organisations au Canada, aux\" \/>\n<meta property=\"og:url\" content=\"https:\/\/survivornet.ca\/fr\/apprenez\/health-concerns-for-cancer-patients\/nausees-et-vomissements-provoques-par-la-chimiotherapie\/ressources-pour-les-nausees-et-vomissements-provoques-par-la-chimiotherapie-nvpc\/\" \/>\n<meta property=\"og:site_name\" content=\"Canadian Cancer Survivor Network\" \/>\n<meta name=\"twitter:card\" content=\"summary_large_image\" \/>\n<meta name=\"twitter:label1\" content=\"Dur\u00e9e de lecture estim\u00e9e\" \/>\n\t<meta name=\"twitter:data1\" content=\"4 minutes\" \/>\n<script type=\"application\/ld+json\" class=\"yoast-schema-graph\">{\"@context\":\"https:\\\/\\\/schema.org\",\"@graph\":[{\"@type\":\"WebPage\",\"@id\":\"https:\\\/\\\/survivornet.ca\\\/fr\\\/apprenez\\\/health-concerns-for-cancer-patients\\\/nausees-et-vomissements-provoques-par-la-chimiotherapie\\\/ressources-pour-les-nausees-et-vomissements-provoques-par-la-chimiotherapie-nvpc\\\/\",\"url\":\"https:\\\/\\\/survivornet.ca\\\/fr\\\/apprenez\\\/health-concerns-for-cancer-patients\\\/nausees-et-vomissements-provoques-par-la-chimiotherapie\\\/ressources-pour-les-nausees-et-vomissements-provoques-par-la-chimiotherapie-nvpc\\\/\",\"name\":\"Ressources pour les naus\u00e9es et vomissements provoqu\u00e9s par la chimioth\u00e9rapie (NVPC) - Canadian Cancer Survivor Network\",\"isPartOf\":{\"@id\":\"https:\\\/\\\/survivornet.ca\\\/#website\"},\"datePublished\":\"2020-12-22T19:08:56+00:00\",\"breadcrumb\":{\"@id\":\"https:\\\/\\\/survivornet.ca\\\/fr\\\/apprenez\\\/health-concerns-for-cancer-patients\\\/nausees-et-vomissements-provoques-par-la-chimiotherapie\\\/ressources-pour-les-nausees-et-vomissements-provoques-par-la-chimiotherapie-nvpc\\\/#breadcrumb\"},\"inLanguage\":\"fr-FR\",\"potentialAction\":[{\"@type\":\"ReadAction\",\"target\":[\"https:\\\/\\\/survivornet.ca\\\/fr\\\/apprenez\\\/health-concerns-for-cancer-patients\\\/nausees-et-vomissements-provoques-par-la-chimiotherapie\\\/ressources-pour-les-nausees-et-vomissements-provoques-par-la-chimiotherapie-nvpc\\\/\"]}]},{\"@type\":\"BreadcrumbList\",\"@id\":\"https:\\\/\\\/survivornet.ca\\\/fr\\\/apprenez\\\/health-concerns-for-cancer-patients\\\/nausees-et-vomissements-provoques-par-la-chimiotherapie\\\/ressources-pour-les-nausees-et-vomissements-provoques-par-la-chimiotherapie-nvpc\\\/#breadcrumb\",\"itemListElement\":[{\"@type\":\"ListItem\",\"position\":1,\"name\":\"Home\",\"item\":\"https:\\\/\\\/survivornet.ca\\\/fr\\\/\"},{\"@type\":\"ListItem\",\"position\":2,\"name\":\"Apprenez\",\"item\":\"https:\\\/\\\/survivornet.ca\\\/fr\\\/apprenez\\\/\"},{\"@type\":\"ListItem\",\"position\":3,\"name\":\"Enjeux affectants les patients atteints de cancer\",\"item\":\"https:\\\/\\\/survivornet.ca\\\/fr\\\/apprenez\\\/health-concerns-for-cancer-patients\\\/\"},{\"@type\":\"ListItem\",\"position\":4,\"name\":\"Naus\u00e9es et vomissements provoqu\u00e9s par la chimioth\u00e9rapie\u00a0\u00a0\",\"item\":\"https:\\\/\\\/survivornet.ca\\\/fr\\\/apprenez\\\/health-concerns-for-cancer-patients\\\/nausees-et-vomissements-provoques-par-la-chimiotherapie\\\/\"},{\"@type\":\"ListItem\",\"position\":5,\"name\":\"Ressources pour les naus\u00e9es et vomissements provoqu\u00e9s par la chimioth\u00e9rapie (NVPC)\"}]},{\"@type\":\"WebSite\",\"@id\":\"https:\\\/\\\/survivornet.ca\\\/#website\",\"url\":\"https:\\\/\\\/survivornet.ca\\\/\",\"name\":\"Canadian Cancer Survivor Network\",\"description\":\"The Canadian Cancer Survivor Network was created by a group of Canadians concerned about cancer.\",\"publisher\":{\"@id\":\"https:\\\/\\\/survivornet.ca\\\/#organization\"},\"potentialAction\":[{\"@type\":\"SearchAction\",\"target\":{\"@type\":\"EntryPoint\",\"urlTemplate\":\"https:\\\/\\\/survivornet.ca\\\/?s={search_term_string}\"},\"query-input\":{\"@type\":\"PropertyValueSpecification\",\"valueRequired\":true,\"valueName\":\"search_term_string\"}}],\"inLanguage\":\"fr-FR\"},{\"@type\":\"Organization\",\"@id\":\"https:\\\/\\\/survivornet.ca\\\/#organization\",\"name\":\"Canadian Cancer Survivor Network\",\"url\":\"https:\\\/\\\/survivornet.ca\\\/\",\"logo\":{\"@type\":\"ImageObject\",\"inLanguage\":\"fr-FR\",\"@id\":\"https:\\\/\\\/survivornet.ca\\\/#\\\/schema\\\/logo\\\/image\\\/\",\"url\":\"http:\\\/\\\/survivornet.ca\\\/wp-content\\\/uploads\\\/2016\\\/12\\\/CCSN_Logo_EN_SQUARE.png\",\"contentUrl\":\"http:\\\/\\\/survivornet.ca\\\/wp-content\\\/uploads\\\/2016\\\/12\\\/CCSN_Logo_EN_SQUARE.png\",\"width\":1209,\"height\":1007,\"caption\":\"Canadian Cancer Survivor Network\"},\"image\":{\"@id\":\"https:\\\/\\\/survivornet.ca\\\/#\\\/schema\\\/logo\\\/image\\\/\"}}]}<\/script>\n<!-- \/ Yoast SEO plugin. -->","yoast_head_json":{"title":"Ressources pour les naus\u00e9es et vomissements provoqu\u00e9s par la chimioth\u00e9rapie (NVPC) - Canadian Cancer Survivor Network","robots":{"index":"index","follow":"follow","max-snippet":"max-snippet:-1","max-image-preview":"max-image-preview:large","max-video-preview":"max-video-preview:-1"},"canonical":"https:\/\/survivornet.ca\/fr\/apprenez\/health-concerns-for-cancer-patients\/nausees-et-vomissements-provoques-par-la-chimiotherapie\/ressources-pour-les-nausees-et-vomissements-provoques-par-la-chimiotherapie-nvpc\/","og_locale":"fr_FR","og_type":"article","og_title":"Ressources pour les naus\u00e9es et vomissements provoqu\u00e9s par la chimioth\u00e9rapie (NVPC) - Canadian Cancer Survivor Network","og_description":"Cette section contient de l\u2019information sur les endroits o\u00f9 vous pouvez trouver des ressources sur les naus\u00e9es et vomissements provoqu\u00e9es par la chimioth\u00e9rapie (NVPC), y compris une liste d\u2019organisations au Canada, aux","og_url":"https:\/\/survivornet.ca\/fr\/apprenez\/health-concerns-for-cancer-patients\/nausees-et-vomissements-provoques-par-la-chimiotherapie\/ressources-pour-les-nausees-et-vomissements-provoques-par-la-chimiotherapie-nvpc\/","og_site_name":"Canadian Cancer Survivor Network","twitter_card":"summary_large_image","twitter_misc":{"Dur\u00e9e de lecture estim\u00e9e":"4 minutes"},"schema":{"@context":"https:\/\/schema.org","@graph":[{"@type":"WebPage","@id":"https:\/\/survivornet.ca\/fr\/apprenez\/health-concerns-for-cancer-patients\/nausees-et-vomissements-provoques-par-la-chimiotherapie\/ressources-pour-les-nausees-et-vomissements-provoques-par-la-chimiotherapie-nvpc\/","url":"https:\/\/survivornet.ca\/fr\/apprenez\/health-concerns-for-cancer-patients\/nausees-et-vomissements-provoques-par-la-chimiotherapie\/ressources-pour-les-nausees-et-vomissements-provoques-par-la-chimiotherapie-nvpc\/","name":"Ressources pour les naus\u00e9es et vomissements provoqu\u00e9s par la chimioth\u00e9rapie (NVPC) - Canadian Cancer Survivor Network","isPartOf":{"@id":"https:\/\/survivornet.ca\/#website"},"datePublished":"2020-12-22T19:08:56+00:00","breadcrumb":{"@id":"https:\/\/survivornet.ca\/fr\/apprenez\/health-concerns-for-cancer-patients\/nausees-et-vomissements-provoques-par-la-chimiotherapie\/ressources-pour-les-nausees-et-vomissements-provoques-par-la-chimiotherapie-nvpc\/#breadcrumb"},"inLanguage":"fr-FR","potentialAction":[{"@type":"ReadAction","target":["https:\/\/survivornet.ca\/fr\/apprenez\/health-concerns-for-cancer-patients\/nausees-et-vomissements-provoques-par-la-chimiotherapie\/ressources-pour-les-nausees-et-vomissements-provoques-par-la-chimiotherapie-nvpc\/"]}]},{"@type":"BreadcrumbList","@id":"https:\/\/survivornet.ca\/fr\/apprenez\/health-concerns-for-cancer-patients\/nausees-et-vomissements-provoques-par-la-chimiotherapie\/ressources-pour-les-nausees-et-vomissements-provoques-par-la-chimiotherapie-nvpc\/#breadcrumb","itemListElement":[{"@type":"ListItem","position":1,"name":"Home","item":"https:\/\/survivornet.ca\/fr\/"},{"@type":"ListItem","position":2,"name":"Apprenez","item":"https:\/\/survivornet.ca\/fr\/apprenez\/"},{"@type":"ListItem","position":3,"name":"Enjeux affectants les patients atteints de cancer","item":"https:\/\/survivornet.ca\/fr\/apprenez\/health-concerns-for-cancer-patients\/"},{"@type":"ListItem","position":4,"name":"Naus\u00e9es et vomissements provoqu\u00e9s par la chimioth\u00e9rapie\u00a0\u00a0","item":"https:\/\/survivornet.ca\/fr\/apprenez\/health-concerns-for-cancer-patients\/nausees-et-vomissements-provoques-par-la-chimiotherapie\/"},{"@type":"ListItem","position":5,"name":"Ressources pour les naus\u00e9es et vomissements provoqu\u00e9s par la chimioth\u00e9rapie (NVPC)"}]},{"@type":"WebSite","@id":"https:\/\/survivornet.ca\/#website","url":"https:\/\/survivornet.ca\/","name":"Canadian Cancer Survivor Network","description":"The Canadian Cancer Survivor Network was created by a group of Canadians concerned about cancer.","publisher":{"@id":"https:\/\/survivornet.ca\/#organization"},"potentialAction":[{"@type":"SearchAction","target":{"@type":"EntryPoint","urlTemplate":"https:\/\/survivornet.ca\/?s={search_term_string}"},"query-input":{"@type":"PropertyValueSpecification","valueRequired":true,"valueName":"search_term_string"}}],"inLanguage":"fr-FR"},{"@type":"Organization","@id":"https:\/\/survivornet.ca\/#organization","name":"Canadian Cancer Survivor Network","url":"https:\/\/survivornet.ca\/","logo":{"@type":"ImageObject","inLanguage":"fr-FR","@id":"https:\/\/survivornet.ca\/#\/schema\/logo\/image\/","url":"http:\/\/survivornet.ca\/wp-content\/uploads\/2016\/12\/CCSN_Logo_EN_SQUARE.png","contentUrl":"http:\/\/survivornet.ca\/wp-content\/uploads\/2016\/12\/CCSN_Logo_EN_SQUARE.png","width":1209,"height":1007,"caption":"Canadian Cancer Survivor Network"},"image":{"@id":"https:\/\/survivornet.ca\/#\/schema\/logo\/image\/"}}]}},"_links":{"self":[{"href":"https:\/\/survivornet.ca\/fr\/wp-json\/wp\/v2\/pages\/20153","targetHints":{"allow":["GET"]}}],"collection":[{"href":"https:\/\/survivornet.ca\/fr\/wp-json\/wp\/v2\/pages"}],"about":[{"href":"https:\/\/survivornet.ca\/fr\/wp-json\/wp\/v2\/types\/page"}],"author":[{"embeddable":true,"href":"https:\/\/survivornet.ca\/fr\/wp-json\/wp\/v2\/users\/2"}],"replies":[{"embeddable":true,"href":"https:\/\/survivornet.ca\/fr\/wp-json\/wp\/v2\/comments?post=20153"}],"version-history":[{"count":0,"href":"https:\/\/survivornet.ca\/fr\/wp-json\/wp\/v2\/pages\/20153\/revisions"}],"up":[{"embeddable":true,"href":"https:\/\/survivornet.ca\/fr\/wp-json\/wp\/v2\/pages\/19940"}],"wp:attachment":[{"href":"https:\/\/survivornet.ca\/fr\/wp-json\/wp\/v2\/media?parent=20153"}],"curies":[{"name":"wp","href":"https:\/\/api.w.org\/{rel}","templated":true}]}}