{"id":19835,"date":"2020-11-24T09:54:26","date_gmt":"2020-11-24T14:54:26","guid":{"rendered":"https:\/\/survivornet.ca\/?page_id=19835"},"modified":"2020-11-24T09:54:26","modified_gmt":"2020-11-24T14:54:26","slug":"la-securite-des-medicaments-au-canada","status":"publish","type":"page","link":"https:\/\/survivornet.ca\/fr\/apprenez\/health-concerns-for-cancer-patients\/la-securite-des-medicaments-au-canada\/","title":{"rendered":"La s\u00e9curit\u00e9 des m\u00e9dicaments au Canada"},"content":{"rendered":"<p><span style=\"font-weight: 400;\">Si vous \u00eates un patient, un proche aidant ou un survivant du cancer, votre vie ou celle de votre proche d\u00e9pend des m\u00e9dicaments, des appareils m\u00e9dicaux et des autres produits de sant\u00e9. Vous devez \u00eatre assur\u00e9 que ces produits sont \u00e0 la fois s\u00fbrs et efficaces, et que vous en connaissez les risques potentiels. Vous trouverez ci-dessous un aper\u00e7u des probl\u00e8mes que peuvent poser les m\u00e9dicaments, ainsi qu&#8217;une liste des organisations qui assument la responsabilit\u00e9 de les pr\u00e9venir.\u00a0<\/span><\/p>\n<h2><b>Les diff\u00e9rents probl\u00e8mes de s\u00e9curit\u00e9 des m\u00e9dicaments\u00a0<\/b><\/h2>\n<p><span style=\"font-weight: 400;\">Il y deux principaux probl\u00e8mes li\u00e9s \u00e0 la s\u00e9curit\u00e9 des m\u00e9dicaments qui peuvent survenir.\u00a0\u00a0<\/span><\/p>\n<h3><b>Les r\u00e9actions et les effets secondaires<\/b><\/h3>\n<p><span style=\"font-weight: 400;\">Un de ces probl\u00e8mes survient lorsque vous avez une r\u00e9action ou un effet inattendu et non d\u00e9sir\u00e9 caus\u00e9 par un m\u00e9dicament (lorsqu&#8217;il est utilis\u00e9 selon les instructions), par exemple, une \u00e9ruption cutan\u00e9e, des naus\u00e9es, des \u00e9tourdissements ; des effets plus graves peuvent \u00e9galement se produire. Ces r\u00e9actions peuvent \u00e9galement \u00eatre appel\u00e9es effets ind\u00e9sirables des m\u00e9dicaments (EIM). Les effets secondaires inattendus ne peuvent g\u00e9n\u00e9ralement pas \u00eatre \u00e9vit\u00e9s, car ils ne sont pas caus\u00e9s par une erreur.<\/span><span style=\"font-weight: 400;\"><br \/>\n<\/span><span style=\"font-weight: 400;\"><br \/>\n<\/span><span style=\"font-weight: 400;\">Parlez \u00e0 votre m\u00e9decin si vous avez des effets secondaires suite \u00e0 la prise d\u2019un m\u00e9dicament. Vous pouvez aussi le signaler \u00e0 <\/span><a href=\"https:\/\/www.canada.ca\/fr\/sante-canada\/services\/medicaments-produits-sante\/medeffet-canada\/declaration-effets-indesirables.html\"><span style=\"font-weight: 400;\">Sant\u00e9 Canada<\/span><\/a><span style=\"font-weight: 400;\"> ou \u00e0 <\/span><a href=\"https:\/\/www.mederror.ca\/\"><span style=\"font-weight: 400;\">mederror.ca<\/span><\/a><span style=\"font-weight: 400;\"> (anglais seulement), un site web cr\u00e9\u00e9 par l\u2019Institut pour la s\u00e9curit\u00e9 des m\u00e9dicaments aux patients du Canada, un organisme qui g\u00e8re les pratiques s\u00e9curitaires en mati\u00e8re de m\u00e9dicaments au Canada.\u00a0\u00a0<\/span><\/p>\n<h3><b>Les incidents ou les erreurs de m\u00e9dication<\/b><\/h3>\n<p><span style=\"font-weight: 400;\">Il s&#8217;agit de tout type d&#8217;erreurs \u00e9vitables concernant les m\u00e9dicaments. Par exemple, si vous recevez la mauvaise dose, le mauvais m\u00e9dicament ou s&#8217;il a \u00e9t\u00e9 mal administr\u00e9, il s&#8217;agit d&#8217;une erreur de m\u00e9dication. Environ un Canadien sur dix ayant des probl\u00e8mes de sant\u00e9 d\u00e9clare avoir re\u00e7u une mauvaise dose ou un mauvais m\u00e9dicament au cours des deux derni\u00e8res ann\u00e9es.\u00a0<\/span><\/p>\n<p><span style=\"font-weight: 400;\">Si vous pensez qu&#8217;il y a eu une erreur avec vos m\u00e9dicaments, vous devriez en parler \u00e0 un m\u00e9decin. Vous pouvez \u00e9galement le signaler \u00e0 <\/span><a href=\"https:\/\/www.mederror.ca\/\"><span style=\"font-weight: 400;\">mederror.ca<\/span><\/a><span style=\"font-weight: 400;\">. Les rapports sont transmis au <\/span><a href=\"https:\/\/www.cmirps-scdpim.ca\/?p=14&amp;lang=fr\"><span style=\"font-weight: 400;\">Syst\u00e8me canadien de d\u00e9claration et de pr\u00e9vention des incidents m\u00e9dicamenteux<\/span><\/a><span style=\"font-weight: 400;\"> (SCDPIM), qui travaille en collaboration avec Sant\u00e9 Canada, l&#8217;ISMP et l&#8217;ICSP.<\/span><\/p>\n<h2><b>Organisations<\/b><\/h2>\n<p><span style=\"font-weight: 400;\">Au Canada, il existe plusieurs organismes qui font la promotion de la s\u00e9curit\u00e9 des m\u00e9dicaments. Sant\u00e9 Canada est l&#8217;organisme de r\u00e9glementation f\u00e9d\u00e9ral. D&#8217;autres, comme l&#8217;ICSP, sont des organismes sans but lucratif qui travaillent en collaboration avec les patients et d&#8217;autres organisations, et d&#8217;autres encore, comme le RIEM, sont des r\u00e9seaux de recherche.<\/span><\/p>\n<h3><a href=\"https:\/\/www.canada.ca\/fr\/sante-canada\/services\/medicaments-produits-sante.html\"><b>Sant\u00e9 Canada\u00a0<\/b><\/a><\/h3>\n<p><span style=\"font-weight: 400;\">Sant\u00e9 Canada r\u00e9glemente les m\u00e9dicaments et les produits de sant\u00e9 pour s&#8217;assurer qu&#8217;ils sont s\u00fbrs, efficaces et de bonne qualit\u00e9. Par le biais de la Loi sur les aliments et drogues, Sant\u00e9 Canada a le pouvoir de cr\u00e9er et d&#8217;appliquer des r\u00e8glements sur les m\u00e9dicaments et les produits de sant\u00e9.<\/span><span style=\"font-weight: 400;\"><br \/>\n<\/span><span style=\"font-weight: 400;\"><br \/>\n<\/span><span style=\"font-weight: 400;\">Voici quelques-unes des fa\u00e7ons dont Sant\u00e9 Canada assure la s\u00e9curit\u00e9 des patients :\u00a0<\/span><\/p>\n<ul class=\"content-list\">\n<li style=\"font-weight: 400;\"><b>Revue des nouveaux m\u00e9dicaments pour s\u2019assurer qu&#8217;ils sont s\u00e9curitaires et efficaces.<\/b><span style=\"font-weight: 400;\"> Ces examens s&#8217;appuient sur des preuves de haute qualit\u00e9 provenant des essais cliniques. Vous pouvez en apprendre plus sur la r\u00e9glementation des m\u00e9dicaments <\/span><a href=\"https:\/\/www.canada.ca\/fr\/sante-canada\/services\/medicaments-produits-sante\/medicaments.html\"><span style=\"font-weight: 400;\">ici<\/span><\/a><span style=\"font-weight: 400;\">.\u00a0\u00a0<\/span><\/li>\n<li style=\"font-weight: 400;\"><b>Surveillance des effets secondaires des m\u00e9dicaments et des produits de sant\u00e9.<\/b><span style=\"font-weight: 400;\"> Vous pouvez signaler un effet secondaire<\/span><a href=\"https:\/\/www.canada.ca\/fr\/sante-canada\/services\/medicaments-produits-sante\/medeffet-canada\/declaration-effets-indesirables.html\"><span style=\"font-weight: 400;\"> ici.<\/span><\/a><\/li>\n<li style=\"font-weight: 400;\"><b>Rapport des questions de s\u00e9curit\u00e9 et des effets secondaires ind\u00e9sirables. <\/b><span style=\"font-weight: 400;\">Ils peuvent rappeler un m\u00e9dicament ou un produit de sant\u00e9 si l&#8217;on d\u00e9couvre qu&#8217;il pr\u00e9sente des risques graves. Vous trouverez <\/span><a href=\"https:\/\/www.canada.ca\/fr\/sante-canada\/services\/medicaments-produits-sante\/medeffet-canada\/avis-mises-garde-retraits.html\"><span style=\"font-weight: 400;\">ici les avis et les rappels de m\u00e9dicaments.<\/span><\/a><\/li>\n<li style=\"font-weight: 400;\"><b>R\u00e9glementation sur la mani\u00e8re dont les m\u00e9dicaments sont \u00e9tiquet\u00e9s<\/b><span style=\"font-weight: 400;\">, afin qu&#8217;ils puissent \u00eatre facilement distingu\u00e9s et qu\u2019ils affichent clairement leurs usages, leurs risques et leurs avantages.<\/span><\/li>\n<li style=\"font-weight: 400;\"><b>Surveillance des incidents li\u00e9s aux m\u00e9dicaments.<\/b><span style=\"font-weight: 400;\"> Par exemple, lorsqu&#8217;une personne re\u00e7oit par erreur un mauvais m\u00e9dicament ou un mauvais dosage. Pour en savoir plus sur la pr\u00e9vention des incidents m\u00e9dicamenteux, <\/span><a href=\"https:\/\/www.canada.ca\/fr\/sante-canada\/services\/medicaments-produits-sante\/medeffet-canada\/medeffet-canada-role-gestion-prevention-incidents-medicamenteux-nefastes.html\"><span style=\"font-weight: 400;\">cliquez ici<\/span><\/a><span style=\"font-weight: 400;\">.<\/span><\/li>\n<\/ul>\n<h3><b>L\u2019Institut canadien pour la s\u00e9curit\u00e9 des patients (ICSP)<\/b><\/h3>\n<p><span style=\"font-weight: 400;\">L&#8217;ICSP a \u00e9t\u00e9 cr\u00e9\u00e9 par Sant\u00e9 Canada en 2003 \u00e0 la suite d&#8217;un rapport, de 2002, du Comit\u00e9 directeur national sur la s\u00e9curit\u00e9 des patients. Il g\u00e8re divers programmes visant \u00e0 am\u00e9liorer la s\u00e9curit\u00e9 des patients. Son travail s&#8217;inscrit dans plusieurs domaines, notamment:\u00a0<\/span><\/p>\n<ul class=\"content-list\">\n<li style=\"font-weight: 400;\"><span style=\"font-weight: 400;\">D\u00e9velopper des cadres politiques auxquels <\/span><b>les gouvernements<\/b><span style=\"font-weight: 400;\"> peuvent se r\u00e9f\u00e9rer lorsqu&#8217;ils veulent faire progresser la cause de la s\u00e9curit\u00e9 des patients.<\/span><\/li>\n<li style=\"font-weight: 400;\"><span style=\"font-weight: 400;\">Sensibiliser les fournisseurs de soins et leur fournir des ressources pour les aider \u00e0 assurer la s\u00e9curit\u00e9 de leurs patients.<\/span><\/li>\n<li style=\"font-weight: 400;\"><span style=\"font-weight: 400;\">Donner aux <\/span><b>patients<\/b><span style=\"font-weight: 400;\"> les moyens de poser les bonnes questions \u00e0 leurs fournisseurs de soins et de d\u00e9fendre leur propre s\u00e9curit\u00e9.<\/span><\/li>\n<\/ul>\n<p><span style=\"font-weight: 400;\">Le ICSP plusieurs programmes pour chacun de ces domaines ; consultez le <\/span><a href=\"https:\/\/www.patientsafetyinstitute.ca\/fr\/pages\/default.aspx\"><span style=\"font-weight: 400;\">site web du ICPS<\/span><\/a><span style=\"font-weight: 400;\"> pour plus d&#8217;informations sur chacun de ces programmes. Il offre notamment de nombreuses ressources sur <\/span><a href=\"https:\/\/www.patientsafetyinstitute.ca\/fr\/topic\/pages\/improving-medication-safety.aspx\"><span style=\"font-weight: 400;\">l&#8217;am\u00e9lioration de la s\u00e9curit\u00e9 des m\u00e9dicaments. <\/span><span style=\"font-weight: 400;\"><br \/>\n<\/span><span style=\"font-weight: 400;\"><br \/>\n<\/span><\/a><span style=\"font-weight: 400;\">Le 1er octobre 2020, l&#8217;ICSP a fusionn\u00e9 avec la<\/span><a href=\"https:\/\/www.fcass-cfhi.ca\/home\"><span style=\"font-weight: 400;\"> Fondation canadienne pour l&#8217;am\u00e9lioration des services de sant\u00e9 <\/span><\/a><span style=\"font-weight: 400;\">(FCASS). La direction de la nouvelle organisation fusionn\u00e9e a \u00e9t\u00e9 <\/span><a href=\"https:\/\/www.fcass-cfhi.ca\/about\/news-and-stories\/news-detail\/2020\/10\/26\/board-and-leadership-announced-for-new-pan-canadian-healthcare-quality-and-safety-organization\"><span style=\"font-weight: 400;\">annonc\u00e9e le 26 octobre.<\/span><\/a><\/p>\n<h3><a href=\"https:\/\/www.ismp-canada.org\/fr\/index.html\"><b>Institut pour la s\u00e9curit\u00e9 des m\u00e9dicaments aux patients du Canada<\/b><\/a><\/h3>\n<p><span style=\"font-weight: 400;\">L&#8217;Institut pour la s\u00e9curit\u00e9 des m\u00e9dicaments aux patients du Canada (ISMP) est une organisation nationale ind\u00e9pendante qui se consacre \u00e0 la promotion de pratiques s\u00fbres li\u00e9es aux m\u00e9dicaments. Il collabore avec Sant\u00e9 Canada, des partenaires locaux du secteur de la sant\u00e9, des fabricants de m\u00e9dicaments et des organismes de s\u00e9curit\u00e9 des patients. Il poursuit son objectif de z\u00e9ro pr\u00e9judice \u00e9vitable d\u00fb aux m\u00e9dicaments en :\u00a0<\/span><\/p>\n<ul class=\"content-list\">\n<li style=\"font-weight: 400;\"><span style=\"font-weight: 400;\">identifiant des risques li\u00e9s aux m\u00e9dicaments<\/span><\/li>\n<li style=\"font-weight: 400;\"><span style=\"font-weight: 400;\">analysant les incidents li\u00e9s aux m\u00e9dicaments\u00a0<\/span><\/li>\n<li style=\"font-weight: 400;\"><span style=\"font-weight: 400;\">recommandant des moyens d&#8217;\u00e9viter les incidents futurs et d&#8217;att\u00e9nuer les risques<\/span><\/li>\n<li style=\"font-weight: 400;\"><span style=\"font-weight: 400;\">distribuant de l\u2019information et du mat\u00e9riel \u00e9ducatif sur la s\u00e9curit\u00e9 des m\u00e9dicaments<\/span><\/li>\n<\/ul>\n<p><span style=\"font-weight: 400;\">L&#8217;ISMP re\u00e7oit les d\u00e9clarations d&#8217;incidents li\u00e9s aux m\u00e9dicaments par le biais du Syst\u00e8me canadien de d\u00e9claration et de pr\u00e9vention des incidents m\u00e9dicamenteux (SCDPIM), qui est une initiative de collaboration entre l&#8217;ISMP, l&#8217;Institut canadien d&#8217;information sur la sant\u00e9 (ICIS), Sant\u00e9 Canada et l&#8217;Institut canadien pour la s\u00e9curit\u00e9 des patients (ICSP).<\/span><\/p>\n<h3><a href=\"https:\/\/cihr-irsc.gc.ca\/f\/40269.html\"><b>R\u00e9seau sur l&#8217;innocuit\u00e9 et l&#8217;efficacit\u00e9 des m\u00e9dicaments (RIEM)\u00a0\u00a0<\/b><\/a><\/h3>\n<p><span style=\"font-weight: 400;\">Le R\u00e9seau sur l&#8217;innocuit\u00e9 et l&#8217;efficacit\u00e9 des m\u00e9dicaments (RIEM) est un r\u00e9seau de chercheurs dont l&#8217;objectif est d&#8217;\u00e9tudier la s\u00e9curit\u00e9 et l&#8217;efficacit\u00e9 des m\u00e9dicaments en dehors des essais cliniques, une fois qu&#8217;ils sont vendus et prescrits. Il s&#8217;agit de preuves \u00ab r\u00e9elles \u00bb, par opposition aux preuves fournies par les essais cliniques. Il y a un grand besoin, pr\u00e9sentement non satisfait, d\u2019avoir des preuves de l&#8217;efficacit\u00e9 et de la s\u00e9curit\u00e9 des m\u00e9dicaments provenant du monde r\u00e9el.<\/span><span style=\"font-weight: 400;\"><br \/>\n<\/span><span style=\"font-weight: 400;\"><br \/>\n<\/span><span style=\"font-weight: 400;\">Les essais cliniques sont largement utilis\u00e9s comme preuves pour l&#8217;approbation d&#8217;un m\u00e9dicament, mais ils ne peuvent pas tout dire, car ils sont conduits dans un environnement contr\u00f4l\u00e9. Les participants \u00e0 un essai clinique ne peuvent jamais \u00eatre v\u00e9ritablement repr\u00e9sentatifs de la population canadienne susceptible de recevoir un jour le m\u00e9dicament, donc il y a toujours la possibilit\u00e9 de probl\u00e8mes de s\u00e9curit\u00e9 et d&#8217;effets secondaires impr\u00e9vus. Le travail du RIEM consiste \u00e0 mener des recherches en r\u00e9ponse aux demandes des agences de sant\u00e9 gouvernementales ou des organismes de sant\u00e9 mandat\u00e9s par le gouvernement. Le RIEM est un projet des <\/span><a href=\"https:\/\/cihr-irsc.gc.ca\/f\/193.html\"><span style=\"font-weight: 400;\">Instituts de recherche en sant\u00e9 du Canada<\/span><\/a><span style=\"font-weight: 400;\">, financ\u00e9 par Sant\u00e9 Canada.\u00a0<\/span><\/p>\n<h3><a href=\"http:\/\/cpnds.ubc.ca\/about\/what-is-cpnds\"><b>R\u00e9seau canadien de pharmacog\u00e9nomique pour la s\u00e9curit\u00e9 des m\u00e9dicaments<\/b><\/a><\/h3>\n<p><span style=\"font-weight: 400;\">Le R\u00e9seau canadien de pharmacog\u00e9nomique pour la s\u00e9curit\u00e9 des m\u00e9dicaments est un r\u00e9seau national de recherche qui vise \u00e0 comprendre et \u00e0 pr\u00e9venir les effets ind\u00e9sirables des m\u00e9dicaments (effets secondaires) chez les enfants. Certaines r\u00e9actions ind\u00e9sirables aux m\u00e9dicaments sont si graves qu&#8217;elles peuvent entra\u00eener une invalidit\u00e9 de longue dur\u00e9e et m\u00eame la mort. Ce r\u00e9seau vise \u00e0 r\u00e9duire l&#8217;incidence de ces r\u00e9actions graves en \u00e9tudiant les variations g\u00e9n\u00e9tiques comme cause potentielle.<\/span><span style=\"font-weight: 400;\"><br \/>\n<\/span><span style=\"font-weight: 400;\"><br \/>\n<\/span><span style=\"font-weight: 400;\">Le R\u00e9seau canadien de pharmacog\u00e9nomique pour la s\u00e9curit\u00e9 des m\u00e9dicaments surveille les effets ind\u00e9sirables des m\u00e9dicaments chez les enfants dans tout le Canada, en collaboration avec les professionnels de sant\u00e9 locaux, et collecte des \u00e9chantillons d&#8217;ADN. Il recueille \u00e9galement des \u00e9chantillons d&#8217;ADN d&#8217;enfants qui ont re\u00e7u le m\u00eame m\u00e9dicament mais qui n&#8217;ont pas subi d&#8217;effets ind\u00e9sirables. Ces \u00e9chantillons sont ensuite analys\u00e9s et l\u2019information est utilis\u00e9e pour d\u00e9velopper des tests g\u00e9n\u00e9tiques qui pr\u00e9disent, en fonction de l\u2019ADN, si une personne r\u00e9agira n\u00e9gativement \u00e0 un m\u00e9dicament.<\/span><span style=\"font-weight: 400;\"><br \/>\n<\/span><span style=\"font-weight: 400;\"><br \/>\n<\/span><span style=\"font-weight: 400;\">Le R\u00e9seau est un partenaire de recherche du RIEM.\u00a0<\/span><\/p>\n<p><span style=\"font-weight: 400;\">\u00a0<\/span><\/p>\n","protected":false},"excerpt":{"rendered":"<p>Si vous \u00eates un patient, un proche aidant ou un survivant du cancer, votre vie ou celle de votre proche d\u00e9pend des m\u00e9dicaments, des appareils m\u00e9dicaux et des autres produits de sant\u00e9.<\/p>\n","protected":false},"author":2,"featured_media":0,"parent":18357,"menu_order":7,"comment_status":"closed","ping_status":"closed","template":"","meta":{"_acf_changed":false,"footnotes":""},"class_list":["post-19835","page","type-page","status-publish","hentry"],"acf":[],"yoast_head":"<!-- This site is optimized with the Yoast SEO plugin v27.4 - https:\/\/yoast.com\/product\/yoast-seo-wordpress\/ -->\n<title>La s\u00e9curit\u00e9 des m\u00e9dicaments au Canada - Canadian Cancer Survivor Network<\/title>\n<meta name=\"robots\" content=\"index, follow, max-snippet:-1, max-image-preview:large, max-video-preview:-1\" \/>\n<link rel=\"canonical\" href=\"https:\/\/survivornet.ca\/fr\/apprenez\/health-concerns-for-cancer-patients\/la-securite-des-medicaments-au-canada\/\" \/>\n<meta property=\"og:locale\" content=\"fr_FR\" \/>\n<meta property=\"og:type\" content=\"article\" \/>\n<meta property=\"og:title\" content=\"La s\u00e9curit\u00e9 des m\u00e9dicaments au Canada - Canadian Cancer Survivor Network\" \/>\n<meta property=\"og:description\" content=\"Si vous \u00eates un patient, un proche aidant ou un survivant du cancer, votre vie ou celle de votre proche d\u00e9pend des m\u00e9dicaments, des appareils m\u00e9dicaux et des autres produits de sant\u00e9.\" \/>\n<meta property=\"og:url\" content=\"https:\/\/survivornet.ca\/fr\/apprenez\/health-concerns-for-cancer-patients\/la-securite-des-medicaments-au-canada\/\" \/>\n<meta property=\"og:site_name\" content=\"Canadian Cancer Survivor Network\" \/>\n<meta name=\"twitter:card\" content=\"summary_large_image\" \/>\n<meta name=\"twitter:label1\" content=\"Dur\u00e9e de lecture estim\u00e9e\" \/>\n\t<meta name=\"twitter:data1\" content=\"8 minutes\" \/>\n<script type=\"application\/ld+json\" class=\"yoast-schema-graph\">{\"@context\":\"https:\\\/\\\/schema.org\",\"@graph\":[{\"@type\":\"WebPage\",\"@id\":\"https:\\\/\\\/survivornet.ca\\\/fr\\\/apprenez\\\/health-concerns-for-cancer-patients\\\/la-securite-des-medicaments-au-canada\\\/\",\"url\":\"https:\\\/\\\/survivornet.ca\\\/fr\\\/apprenez\\\/health-concerns-for-cancer-patients\\\/la-securite-des-medicaments-au-canada\\\/\",\"name\":\"La s\u00e9curit\u00e9 des m\u00e9dicaments au Canada - Canadian Cancer Survivor Network\",\"isPartOf\":{\"@id\":\"https:\\\/\\\/survivornet.ca\\\/#website\"},\"datePublished\":\"2020-11-24T14:54:26+00:00\",\"breadcrumb\":{\"@id\":\"https:\\\/\\\/survivornet.ca\\\/fr\\\/apprenez\\\/health-concerns-for-cancer-patients\\\/la-securite-des-medicaments-au-canada\\\/#breadcrumb\"},\"inLanguage\":\"fr-FR\",\"potentialAction\":[{\"@type\":\"ReadAction\",\"target\":[\"https:\\\/\\\/survivornet.ca\\\/fr\\\/apprenez\\\/health-concerns-for-cancer-patients\\\/la-securite-des-medicaments-au-canada\\\/\"]}]},{\"@type\":\"BreadcrumbList\",\"@id\":\"https:\\\/\\\/survivornet.ca\\\/fr\\\/apprenez\\\/health-concerns-for-cancer-patients\\\/la-securite-des-medicaments-au-canada\\\/#breadcrumb\",\"itemListElement\":[{\"@type\":\"ListItem\",\"position\":1,\"name\":\"Home\",\"item\":\"https:\\\/\\\/survivornet.ca\\\/fr\\\/\"},{\"@type\":\"ListItem\",\"position\":2,\"name\":\"Apprenez\",\"item\":\"https:\\\/\\\/survivornet.ca\\\/fr\\\/apprenez\\\/\"},{\"@type\":\"ListItem\",\"position\":3,\"name\":\"Enjeux affectants les patients atteints de cancer\",\"item\":\"https:\\\/\\\/survivornet.ca\\\/fr\\\/apprenez\\\/health-concerns-for-cancer-patients\\\/\"},{\"@type\":\"ListItem\",\"position\":4,\"name\":\"La s\u00e9curit\u00e9 des m\u00e9dicaments au Canada\"}]},{\"@type\":\"WebSite\",\"@id\":\"https:\\\/\\\/survivornet.ca\\\/#website\",\"url\":\"https:\\\/\\\/survivornet.ca\\\/\",\"name\":\"Canadian Cancer Survivor Network\",\"description\":\"The Canadian Cancer Survivor Network was created by a group of Canadians concerned about cancer.\",\"publisher\":{\"@id\":\"https:\\\/\\\/survivornet.ca\\\/#organization\"},\"potentialAction\":[{\"@type\":\"SearchAction\",\"target\":{\"@type\":\"EntryPoint\",\"urlTemplate\":\"https:\\\/\\\/survivornet.ca\\\/?s={search_term_string}\"},\"query-input\":{\"@type\":\"PropertyValueSpecification\",\"valueRequired\":true,\"valueName\":\"search_term_string\"}}],\"inLanguage\":\"fr-FR\"},{\"@type\":\"Organization\",\"@id\":\"https:\\\/\\\/survivornet.ca\\\/#organization\",\"name\":\"Canadian Cancer Survivor Network\",\"url\":\"https:\\\/\\\/survivornet.ca\\\/\",\"logo\":{\"@type\":\"ImageObject\",\"inLanguage\":\"fr-FR\",\"@id\":\"https:\\\/\\\/survivornet.ca\\\/#\\\/schema\\\/logo\\\/image\\\/\",\"url\":\"http:\\\/\\\/survivornet.ca\\\/wp-content\\\/uploads\\\/2016\\\/12\\\/CCSN_Logo_EN_SQUARE.png\",\"contentUrl\":\"http:\\\/\\\/survivornet.ca\\\/wp-content\\\/uploads\\\/2016\\\/12\\\/CCSN_Logo_EN_SQUARE.png\",\"width\":1209,\"height\":1007,\"caption\":\"Canadian Cancer Survivor Network\"},\"image\":{\"@id\":\"https:\\\/\\\/survivornet.ca\\\/#\\\/schema\\\/logo\\\/image\\\/\"}}]}<\/script>\n<!-- \/ Yoast SEO plugin. -->","yoast_head_json":{"title":"La s\u00e9curit\u00e9 des m\u00e9dicaments au Canada - Canadian Cancer Survivor Network","robots":{"index":"index","follow":"follow","max-snippet":"max-snippet:-1","max-image-preview":"max-image-preview:large","max-video-preview":"max-video-preview:-1"},"canonical":"https:\/\/survivornet.ca\/fr\/apprenez\/health-concerns-for-cancer-patients\/la-securite-des-medicaments-au-canada\/","og_locale":"fr_FR","og_type":"article","og_title":"La s\u00e9curit\u00e9 des m\u00e9dicaments au Canada - Canadian Cancer Survivor Network","og_description":"Si vous \u00eates un patient, un proche aidant ou un survivant du cancer, votre vie ou celle de votre proche d\u00e9pend des m\u00e9dicaments, des appareils m\u00e9dicaux et des autres produits de sant\u00e9.","og_url":"https:\/\/survivornet.ca\/fr\/apprenez\/health-concerns-for-cancer-patients\/la-securite-des-medicaments-au-canada\/","og_site_name":"Canadian Cancer Survivor Network","twitter_card":"summary_large_image","twitter_misc":{"Dur\u00e9e de lecture estim\u00e9e":"8 minutes"},"schema":{"@context":"https:\/\/schema.org","@graph":[{"@type":"WebPage","@id":"https:\/\/survivornet.ca\/fr\/apprenez\/health-concerns-for-cancer-patients\/la-securite-des-medicaments-au-canada\/","url":"https:\/\/survivornet.ca\/fr\/apprenez\/health-concerns-for-cancer-patients\/la-securite-des-medicaments-au-canada\/","name":"La s\u00e9curit\u00e9 des m\u00e9dicaments au Canada - Canadian Cancer Survivor Network","isPartOf":{"@id":"https:\/\/survivornet.ca\/#website"},"datePublished":"2020-11-24T14:54:26+00:00","breadcrumb":{"@id":"https:\/\/survivornet.ca\/fr\/apprenez\/health-concerns-for-cancer-patients\/la-securite-des-medicaments-au-canada\/#breadcrumb"},"inLanguage":"fr-FR","potentialAction":[{"@type":"ReadAction","target":["https:\/\/survivornet.ca\/fr\/apprenez\/health-concerns-for-cancer-patients\/la-securite-des-medicaments-au-canada\/"]}]},{"@type":"BreadcrumbList","@id":"https:\/\/survivornet.ca\/fr\/apprenez\/health-concerns-for-cancer-patients\/la-securite-des-medicaments-au-canada\/#breadcrumb","itemListElement":[{"@type":"ListItem","position":1,"name":"Home","item":"https:\/\/survivornet.ca\/fr\/"},{"@type":"ListItem","position":2,"name":"Apprenez","item":"https:\/\/survivornet.ca\/fr\/apprenez\/"},{"@type":"ListItem","position":3,"name":"Enjeux affectants les patients atteints de cancer","item":"https:\/\/survivornet.ca\/fr\/apprenez\/health-concerns-for-cancer-patients\/"},{"@type":"ListItem","position":4,"name":"La s\u00e9curit\u00e9 des m\u00e9dicaments au Canada"}]},{"@type":"WebSite","@id":"https:\/\/survivornet.ca\/#website","url":"https:\/\/survivornet.ca\/","name":"Canadian Cancer Survivor Network","description":"The Canadian Cancer Survivor Network was created by a group of Canadians concerned about cancer.","publisher":{"@id":"https:\/\/survivornet.ca\/#organization"},"potentialAction":[{"@type":"SearchAction","target":{"@type":"EntryPoint","urlTemplate":"https:\/\/survivornet.ca\/?s={search_term_string}"},"query-input":{"@type":"PropertyValueSpecification","valueRequired":true,"valueName":"search_term_string"}}],"inLanguage":"fr-FR"},{"@type":"Organization","@id":"https:\/\/survivornet.ca\/#organization","name":"Canadian Cancer Survivor Network","url":"https:\/\/survivornet.ca\/","logo":{"@type":"ImageObject","inLanguage":"fr-FR","@id":"https:\/\/survivornet.ca\/#\/schema\/logo\/image\/","url":"http:\/\/survivornet.ca\/wp-content\/uploads\/2016\/12\/CCSN_Logo_EN_SQUARE.png","contentUrl":"http:\/\/survivornet.ca\/wp-content\/uploads\/2016\/12\/CCSN_Logo_EN_SQUARE.png","width":1209,"height":1007,"caption":"Canadian Cancer Survivor Network"},"image":{"@id":"https:\/\/survivornet.ca\/#\/schema\/logo\/image\/"}}]}},"_links":{"self":[{"href":"https:\/\/survivornet.ca\/fr\/wp-json\/wp\/v2\/pages\/19835","targetHints":{"allow":["GET"]}}],"collection":[{"href":"https:\/\/survivornet.ca\/fr\/wp-json\/wp\/v2\/pages"}],"about":[{"href":"https:\/\/survivornet.ca\/fr\/wp-json\/wp\/v2\/types\/page"}],"author":[{"embeddable":true,"href":"https:\/\/survivornet.ca\/fr\/wp-json\/wp\/v2\/users\/2"}],"replies":[{"embeddable":true,"href":"https:\/\/survivornet.ca\/fr\/wp-json\/wp\/v2\/comments?post=19835"}],"version-history":[{"count":0,"href":"https:\/\/survivornet.ca\/fr\/wp-json\/wp\/v2\/pages\/19835\/revisions"}],"up":[{"embeddable":true,"href":"https:\/\/survivornet.ca\/fr\/wp-json\/wp\/v2\/pages\/18357"}],"wp:attachment":[{"href":"https:\/\/survivornet.ca\/fr\/wp-json\/wp\/v2\/media?parent=19835"}],"curies":[{"name":"wp","href":"https:\/\/api.w.org\/{rel}","templated":true}]}}