{"id":19644,"date":"2021-02-24T20:38:20","date_gmt":"2021-02-25T01:38:20","guid":{"rendered":"https:\/\/survivornet.ca\/?page_id=19644"},"modified":"2025-05-20T13:56:01","modified_gmt":"2025-05-20T17:56:01","slug":"cours-en-ligne-la-science-du-cancer","status":"publish","type":"page","link":"https:\/\/survivornet.ca\/fr\/cours-en-ligne-la-science-du-cancer\/","title":{"rendered":"Cours en ligne: La science du cancer"},"content":{"rendered":"<div class=\"wpb-content-wrapper\"><p>[vc_row][vc_column width=&#8221;5\/6&#8243; css=&#8221;.vc_custom_1582730666348{background-color: #f7f7f7 !important;}&#8221;][vc_single_image image=&#8221;21221&#8243; img_size=&#8221;full&#8221; alignment=&#8221;center&#8221;][vc_row_inner][vc_column_inner width=&#8221;1\/2&#8243;][vc_cta h2=&#8221;Inscription&#8221; add_button=&#8221;bottom&#8221; btn_title=&#8221;Inscrivez-vous d\u00e8s maintenant !&#8221; btn_align=&#8221;left&#8221; css=&#8221;&#8221; btn_shape=&#8221;round&#8221; btn_size=&#8221;sm&#8221; btn_link=&#8221;url:https%3A%2F%2Fsurvivornet.ca%2Ffr%2Finscription-au-cours-en-ligne-sur-la-science-du-cancer%2F|title:Inscription%20au%20cours%20en%20ligne%20sur%20la%20science%20du%20cancer&#8221;][\/vc_cta][\/vc_column_inner][vc_column_inner width=&#8221;1\/2&#8243;][vc_cta h2=&#8221;Connexion&#8221; css=&#8221;.vc_custom_1747763757669{border-radius: 2px !important;}&#8221;]<\/p>\n<div class=\"learndash-wrapper\"><a class=\"ld-login ld-login ld-login-text ld-login-button ld-button\" href=\"#login\"><span class=\"ld-icon ld-icon-login ld-icon-left\"><\/span>Logowanie<\/a><\/div>[\/vc_cta][\/vc_column_inner][\/vc_row_inner][vc_custom_heading text=&#8221;Informations sur les cours&#8221; google_fonts=&#8221;font_family:Montserrat%3Aregular%2C700|font_style:400%20regular%3A400%3Anormal&#8221;][vc_column_text]Le RCSC a con\u00e7u un cours en ligne qui vous aidera \u00e0 vous pr\u00e9parer \u00e0 une foule d&#8217;occasions passionnantes pour faire entendre votre voix dans les discours et les pratiques en soins de sant\u00e9. Votre position d&#8217;initi\u00e9(e) au sein du syst\u00e8me de sant\u00e9 vous permettra d&#8217;apporter un point de vue unique sur les politiques, la recherche et la pratique en mati\u00e8re de soins de sant\u00e9, ce qui, en fin de compte, va am\u00e9liorer le fonctionnement du syst\u00e8me.<\/p>\n<p><strong>La science du cancer<\/strong> fournit aux personnes aux prises avec le cancer les outils, les comp\u00e9tences et les connaissances de base n\u00e9cessaires pour participer en toute confiance \u00e0 des comit\u00e9s de financement de la recherche, \u00e0 des conseils consultatifs de patients et de familles et \u00e0 d&#8217;autres organismes de ce type o\u00f9 des d\u00e9cisions importantes sont prises concernant le diagnostic, le traitement et le financement de la recherche sur le cancer.<\/p>\n<p>\u00c0 l&#8217;issue de ce cours, les participant(e)s recevront un certificat et seront ajout\u00e9(e)s \u00e0 une liste de personnes susceptibles d&#8217;\u00eatre recommand\u00e9es par le RCSC pour des possibilit\u00e9s d&#8217;engagement des patients au sein de leur communaut\u00e9 ou dans le syst\u00e8me de sant\u00e9 canadien en g\u00e9n\u00e9ral.[\/vc_column_text][vc_custom_heading text=&#8221;Co\u00fbt&#8221; google_fonts=&#8221;font_family:Montserrat%3Aregular%2C700|font_style:400%20regular%3A400%3Anormal&#8221;][vc_column_text]Ce cours est GRATUIT pour les Canadien(ne)s qui r\u00e9pondent aux exigences du cours ![\/vc_column_text][vc_custom_heading text=&#8221;Dur\u00e9e&#8221; google_fonts=&#8221;font_family:Montserrat%3Aregular%2C700|font_style:400%20regular%3A400%3Anormal&#8221;][vc_column_text]Chaque personne apprend \u00e0 un rythme diff\u00e9rent, mais nous pr\u00e9voyons qu&#8217;il vous faudra environ 8 heures pour terminer tous les modules. Il n&#8217;y a pas de date limite et le cours est enti\u00e8rement en ligne. Vous \u00eates donc libre de travailler \u00e0 votre propre rythme quand cela vous convient.[\/vc_column_text][vc_custom_heading text=&#8221;Pr\u00e9requis du cours&#8221; google_fonts=&#8221;font_family:Montserrat%3Aregular%2C700|font_style:400%20regular%3A400%3Anormal&#8221;][vc_column_text]<\/p>\n<ul class=\"content-list\">\n<li>Un d\u00e9sir d&#8217;am\u00e9liorer la vie des patient(e)s et des survivant(e)s du cancer partout au pays<\/li>\n<li>\u00catre r\u00e9sident(e) du Canada, \u00e2g\u00e9(e) de 18 ans ou plus<\/li>\n<li>Dipl\u00f4me d\u2019\u00e9tudes secondaires<\/li>\n<li>Connexion internet \u00e0 haut d\u00e9bit (un ordinateur portable ou de bureau vous offrira la meilleure exp\u00e9rience)<\/li>\n<li>Un lien personnel avec le cancer (patient, survivant ou soignant)<\/li>\n<\/ul>\n<p>[\/vc_column_text][vc_custom_heading text=&#8221;Modules&#8221; google_fonts=&#8221;font_family:Montserrat%3Aregular%2C700|font_style:400%20regular%3A400%3Anormal&#8221;][vc_column_text]<\/p>\n<ol class=\"content-list\">\n<li>D\u00e9terminants sociaux de la sant\u00e9<\/li>\n<li>Concepts fondamentaux en recherche scientifique<\/li>\n<li>Introduction \u00e0 la biologie cellulaire<\/li>\n<li>G\u00e9n\u00e9tique<\/li>\n<li>Signalisation alt\u00e9r\u00e9e et tumorigen\u00e8se<\/li>\n<li>\u00c9pid\u00e9miologie<\/li>\n<li>D\u00e9veloppement de m\u00e9dicaments<\/li>\n<li>Immunoth\u00e9rapie<\/li>\n<li>Essais cliniques<\/li>\n<li>Examen des r\u00e9sultats scientifiques<\/li>\n<\/ol>\n<p>[\/vc_column_text][\/vc_column][vc_column width=&#8221;1\/6&#8243;][vc_column_text]Nous remercions les donateurs suivants d\u2019avoir rendu ce cours possible.[\/vc_column_text][vc_separator][vc_single_image image=&#8221;16786&#8243; img_size=&#8221;medium&#8221; onclick=&#8221;custom_link&#8221; link=&#8221;https:\/\/www.abbvie.ca\/&#8221;][vc_single_image image=&#8221;16788&#8243; img_size=&#8221;medium&#8221; alignment=&#8221;center&#8221; onclick=&#8221;custom_link&#8221; link=&#8221;https:\/\/www.amgen.ca\/&#8221;][vc_single_image image=&#8221;16790&#8243; img_size=&#8221;medium&#8221; onclick=&#8221;custom_link&#8221; link=&#8221;https:\/\/www.astellas.com\/&#8221;][vc_single_image image=&#8221;16792&#8243; img_size=&#8221;medium&#8221; onclick=&#8221;custom_link&#8221; link=&#8221;https:\/\/www.astrazeneca.ca\/&#8221;][vc_single_image image=&#8221;16794&#8243; img_size=&#8221;medium&#8221; onclick=&#8221;custom_link&#8221; link=&#8221;https:\/\/www.bayer.com\/&#8221;][vc_single_image image=&#8221;16796&#8243; img_size=&#8221;medium&#8221; onclick=&#8221;custom_link&#8221; link=&#8221;https:\/\/www.boehringer-ingelheim.ca\/&#8221;][vc_single_image image=&#8221;16798&#8243; img_size=&#8221;medium&#8221; onclick=&#8221;custom_link&#8221; link=&#8221;https:\/\/www.bms.com\/&#8221;][vc_single_image image=&#8221;16800&#8243; img_size=&#8221;medium&#8221; onclick=&#8221;custom_link&#8221; link=&#8221;https:\/\/www.eisai.com\/index.html&#8221;][vc_single_image image=&#8221;16802&#8243; img_size=&#8221;medium&#8221; onclick=&#8221;custom_link&#8221; link=&#8221;http:\/\/innovativemedicines.ca\/&#8221;][vc_single_image image=&#8221;16804&#8243; img_size=&#8221;medium&#8221; alignment=&#8221;center&#8221; onclick=&#8221;custom_link&#8221; link=&#8221;https:\/\/www.janssen.com\/&#8221;][vc_single_image image=&#8221;16806&#8243; img_size=&#8221;medium&#8221; onclick=&#8221;custom_link&#8221; link=&#8221;https:\/\/www.lilly.ca\/&#8221;][vc_single_image image=&#8221;16825&#8243; img_size=&#8221;medium&#8221; alignment=&#8221;center&#8221; onclick=&#8221;custom_link&#8221; link=&#8221;https:\/\/www.merck.com\/index.html&#8221;][vc_single_image image=&#8221;16810&#8243; img_size=&#8221;medium&#8221; onclick=&#8221;custom_link&#8221; link=&#8221;https:\/\/www.novartis.ca\/&#8221;][vc_single_image image=&#8221;16812&#8243; img_size=&#8221;medium&#8221; onclick=&#8221;custom_link&#8221; link=&#8221;https:\/\/www.roche.com\/&#8221;][vc_single_image image=&#8221;16814&#8243; img_size=&#8221;medium&#8221; onclick=&#8221;custom_link&#8221; link=&#8221;https:\/\/www.takeda.com\/&#8221;][\/vc_column][\/vc_row][vc_row][vc_column width=&#8221;1\/2&#8243;][\/vc_column][vc_column width=&#8221;1\/2&#8243;][\/vc_column][\/vc_row]<\/p>\n<\/div>","protected":false},"excerpt":{"rendered":"<p>[vc_row][vc_column width=&#8221;5\/6&#8243; css=&#8221;.vc_custom_1582730666348{background-color: #f7f7f7 !important;}&#8221;][vc_single_image image=&#8221;21221&#8243; img_size=&#8221;full&#8221; alignment=&#8221;center&#8221;][vc_row_inner][vc_column_inner width=&#8221;1\/2&#8243;][vc_cta h2=&#8221;Inscription&#8221; add_button=&#8221;bottom&#8221; btn_title=&#8221;Inscrivez-vous d\u00e8s maintenant !&#8221; btn_align=&#8221;left&#8221; css=&#8221;&#8221; btn_shape=&#8221;round&#8221; btn_size=&#8221;sm&#8221; btn_link=&#8221;url:https%3A%2F%2Fsurvivornet.ca%2Ffr%2Finscription-au-cours-en-ligne-sur-la-science-du-cancer%2F|title:Inscription%20au%20cours%20en%20ligne%20sur%20la%20science%20du%20cancer&#8221;][\/vc_cta][\/vc_column_inner][vc_column_inner width=&#8221;1\/2&#8243;][vc_cta h2=&#8221;Connexion&#8221; css=&#8221;.vc_custom_1747763757669{border-radius: 2px !important;}&#8221;] [\/vc_cta][\/vc_column_inner][\/vc_row_inner][vc_custom_heading text=&#8221;Informations sur les cours&#8221; google_fonts=&#8221;font_family:Montserrat%3Aregular%2C700|font_style:400%20regular%3A400%3Anormal&#8221;][vc_column_text]Le RCSC<\/p>\n","protected":false},"author":2,"featured_media":0,"parent":0,"menu_order":0,"comment_status":"closed","ping_status":"closed","template":"","meta":{"_acf_changed":false,"footnotes":""},"class_list":["post-19644","page","type-page","status-publish","hentry"],"acf":[],"yoast_head":"<!-- This site is optimized with the Yoast SEO plugin v27.4 - https:\/\/yoast.com\/product\/yoast-seo-wordpress\/ -->\n<title>Cours en ligne: La science du cancer - Canadian Cancer Survivor Network<\/title>\n<meta name=\"robots\" content=\"index, follow, max-snippet:-1, max-image-preview:large, max-video-preview:-1\" \/>\n<link rel=\"canonical\" href=\"https:\/\/survivornet.ca\/fr\/cours-en-ligne-la-science-du-cancer\/\" \/>\n<meta property=\"og:locale\" content=\"fr_FR\" \/>\n<meta property=\"og:type\" content=\"article\" \/>\n<meta property=\"og:title\" content=\"Cours en ligne: La science du cancer - Canadian Cancer Survivor Network\" \/>\n<meta property=\"og:description\" content=\"[vc_row][vc_column width=&#8221;5\/6&#8243; css=&#8221;.vc_custom_1582730666348{background-color: #f7f7f7 !important;}&#8221;][vc_single_image image=&#8221;21221&#8243; img_size=&#8221;full&#8221; alignment=&#8221;center&#8221;][vc_row_inner][vc_column_inner width=&#8221;1\/2&#8243;][vc_cta h2=&#8221;Inscription&#8221; add_button=&#8221;bottom&#8221; btn_title=&#8221;Inscrivez-vous d\u00e8s maintenant !&#8221; btn_align=&#8221;left&#8221; css=&#8221;&#8221; btn_shape=&#8221;round&#8221; btn_size=&#8221;sm&#8221; btn_link=&#8221;url:https%3A%2F%2Fsurvivornet.ca%2Ffr%2Finscription-au-cours-en-ligne-sur-la-science-du-cancer%2F|title:Inscription%20au%20cours%20en%20ligne%20sur%20la%20science%20du%20cancer&#8221;][\/vc_cta][\/vc_column_inner][vc_column_inner width=&#8221;1\/2&#8243;][vc_cta h2=&#8221;Connexion&#8221; css=&#8221;.vc_custom_1747763757669{border-radius: 2px !important;}&#8221;] [\/vc_cta][\/vc_column_inner][\/vc_row_inner][vc_custom_heading text=&#8221;Informations sur les cours&#8221; google_fonts=&#8221;font_family:Montserrat%3Aregular%2C700|font_style:400%20regular%3A400%3Anormal&#8221;][vc_column_text]Le RCSC\" \/>\n<meta property=\"og:url\" content=\"https:\/\/survivornet.ca\/fr\/cours-en-ligne-la-science-du-cancer\/\" \/>\n<meta property=\"og:site_name\" content=\"Canadian Cancer Survivor Network\" \/>\n<meta property=\"article:modified_time\" content=\"2025-05-20T17:56:01+00:00\" \/>\n<meta name=\"twitter:card\" content=\"summary_large_image\" \/>\n<meta name=\"twitter:label1\" content=\"Dur\u00e9e de lecture estim\u00e9e\" \/>\n\t<meta name=\"twitter:data1\" content=\"4 minutes\" \/>\n<script type=\"application\/ld+json\" class=\"yoast-schema-graph\">{\"@context\":\"https:\\\/\\\/schema.org\",\"@graph\":[{\"@type\":\"WebPage\",\"@id\":\"https:\\\/\\\/survivornet.ca\\\/fr\\\/cours-en-ligne-la-science-du-cancer\\\/\",\"url\":\"https:\\\/\\\/survivornet.ca\\\/fr\\\/cours-en-ligne-la-science-du-cancer\\\/\",\"name\":\"Cours en ligne: La science du cancer - Canadian Cancer Survivor Network\",\"isPartOf\":{\"@id\":\"https:\\\/\\\/survivornet.ca\\\/#website\"},\"datePublished\":\"2021-02-25T01:38:20+00:00\",\"dateModified\":\"2025-05-20T17:56:01+00:00\",\"breadcrumb\":{\"@id\":\"https:\\\/\\\/survivornet.ca\\\/fr\\\/cours-en-ligne-la-science-du-cancer\\\/#breadcrumb\"},\"inLanguage\":\"fr-FR\",\"potentialAction\":[{\"@type\":\"ReadAction\",\"target\":[\"https:\\\/\\\/survivornet.ca\\\/fr\\\/cours-en-ligne-la-science-du-cancer\\\/\"]}]},{\"@type\":\"BreadcrumbList\",\"@id\":\"https:\\\/\\\/survivornet.ca\\\/fr\\\/cours-en-ligne-la-science-du-cancer\\\/#breadcrumb\",\"itemListElement\":[{\"@type\":\"ListItem\",\"position\":1,\"name\":\"Home\",\"item\":\"https:\\\/\\\/survivornet.ca\\\/fr\\\/\"},{\"@type\":\"ListItem\",\"position\":2,\"name\":\"Cours en ligne: La science du cancer\"}]},{\"@type\":\"WebSite\",\"@id\":\"https:\\\/\\\/survivornet.ca\\\/#website\",\"url\":\"https:\\\/\\\/survivornet.ca\\\/\",\"name\":\"Canadian Cancer Survivor Network\",\"description\":\"The Canadian Cancer Survivor Network was created by a group of Canadians concerned about cancer.\",\"publisher\":{\"@id\":\"https:\\\/\\\/survivornet.ca\\\/#organization\"},\"potentialAction\":[{\"@type\":\"SearchAction\",\"target\":{\"@type\":\"EntryPoint\",\"urlTemplate\":\"https:\\\/\\\/survivornet.ca\\\/?s={search_term_string}\"},\"query-input\":{\"@type\":\"PropertyValueSpecification\",\"valueRequired\":true,\"valueName\":\"search_term_string\"}}],\"inLanguage\":\"fr-FR\"},{\"@type\":\"Organization\",\"@id\":\"https:\\\/\\\/survivornet.ca\\\/#organization\",\"name\":\"Canadian Cancer Survivor Network\",\"url\":\"https:\\\/\\\/survivornet.ca\\\/\",\"logo\":{\"@type\":\"ImageObject\",\"inLanguage\":\"fr-FR\",\"@id\":\"https:\\\/\\\/survivornet.ca\\\/#\\\/schema\\\/logo\\\/image\\\/\",\"url\":\"http:\\\/\\\/survivornet.ca\\\/wp-content\\\/uploads\\\/2016\\\/12\\\/CCSN_Logo_EN_SQUARE.png\",\"contentUrl\":\"http:\\\/\\\/survivornet.ca\\\/wp-content\\\/uploads\\\/2016\\\/12\\\/CCSN_Logo_EN_SQUARE.png\",\"width\":1209,\"height\":1007,\"caption\":\"Canadian Cancer Survivor Network\"},\"image\":{\"@id\":\"https:\\\/\\\/survivornet.ca\\\/#\\\/schema\\\/logo\\\/image\\\/\"}}]}<\/script>\n<!-- \/ Yoast SEO plugin. -->","yoast_head_json":{"title":"Cours en ligne: La science du cancer - Canadian Cancer Survivor Network","robots":{"index":"index","follow":"follow","max-snippet":"max-snippet:-1","max-image-preview":"max-image-preview:large","max-video-preview":"max-video-preview:-1"},"canonical":"https:\/\/survivornet.ca\/fr\/cours-en-ligne-la-science-du-cancer\/","og_locale":"fr_FR","og_type":"article","og_title":"Cours en ligne: La science du cancer - Canadian Cancer Survivor Network","og_description":"[vc_row][vc_column width=&#8221;5\/6&#8243; css=&#8221;.vc_custom_1582730666348{background-color: #f7f7f7 !important;}&#8221;][vc_single_image image=&#8221;21221&#8243; img_size=&#8221;full&#8221; alignment=&#8221;center&#8221;][vc_row_inner][vc_column_inner width=&#8221;1\/2&#8243;][vc_cta h2=&#8221;Inscription&#8221; add_button=&#8221;bottom&#8221; btn_title=&#8221;Inscrivez-vous d\u00e8s maintenant !&#8221; btn_align=&#8221;left&#8221; css=&#8221;&#8221; btn_shape=&#8221;round&#8221; btn_size=&#8221;sm&#8221; btn_link=&#8221;url:https%3A%2F%2Fsurvivornet.ca%2Ffr%2Finscription-au-cours-en-ligne-sur-la-science-du-cancer%2F|title:Inscription%20au%20cours%20en%20ligne%20sur%20la%20science%20du%20cancer&#8221;][\/vc_cta][\/vc_column_inner][vc_column_inner width=&#8221;1\/2&#8243;][vc_cta h2=&#8221;Connexion&#8221; css=&#8221;.vc_custom_1747763757669{border-radius: 2px !important;}&#8221;] [\/vc_cta][\/vc_column_inner][\/vc_row_inner][vc_custom_heading text=&#8221;Informations sur les cours&#8221; google_fonts=&#8221;font_family:Montserrat%3Aregular%2C700|font_style:400%20regular%3A400%3Anormal&#8221;][vc_column_text]Le RCSC","og_url":"https:\/\/survivornet.ca\/fr\/cours-en-ligne-la-science-du-cancer\/","og_site_name":"Canadian Cancer Survivor Network","article_modified_time":"2025-05-20T17:56:01+00:00","twitter_card":"summary_large_image","twitter_misc":{"Dur\u00e9e de lecture estim\u00e9e":"4 minutes"},"schema":{"@context":"https:\/\/schema.org","@graph":[{"@type":"WebPage","@id":"https:\/\/survivornet.ca\/fr\/cours-en-ligne-la-science-du-cancer\/","url":"https:\/\/survivornet.ca\/fr\/cours-en-ligne-la-science-du-cancer\/","name":"Cours en ligne: La science du cancer - Canadian Cancer Survivor Network","isPartOf":{"@id":"https:\/\/survivornet.ca\/#website"},"datePublished":"2021-02-25T01:38:20+00:00","dateModified":"2025-05-20T17:56:01+00:00","breadcrumb":{"@id":"https:\/\/survivornet.ca\/fr\/cours-en-ligne-la-science-du-cancer\/#breadcrumb"},"inLanguage":"fr-FR","potentialAction":[{"@type":"ReadAction","target":["https:\/\/survivornet.ca\/fr\/cours-en-ligne-la-science-du-cancer\/"]}]},{"@type":"BreadcrumbList","@id":"https:\/\/survivornet.ca\/fr\/cours-en-ligne-la-science-du-cancer\/#breadcrumb","itemListElement":[{"@type":"ListItem","position":1,"name":"Home","item":"https:\/\/survivornet.ca\/fr\/"},{"@type":"ListItem","position":2,"name":"Cours en ligne: La science du cancer"}]},{"@type":"WebSite","@id":"https:\/\/survivornet.ca\/#website","url":"https:\/\/survivornet.ca\/","name":"Canadian Cancer Survivor Network","description":"The Canadian Cancer Survivor Network was created by a group of Canadians concerned about cancer.","publisher":{"@id":"https:\/\/survivornet.ca\/#organization"},"potentialAction":[{"@type":"SearchAction","target":{"@type":"EntryPoint","urlTemplate":"https:\/\/survivornet.ca\/?s={search_term_string}"},"query-input":{"@type":"PropertyValueSpecification","valueRequired":true,"valueName":"search_term_string"}}],"inLanguage":"fr-FR"},{"@type":"Organization","@id":"https:\/\/survivornet.ca\/#organization","name":"Canadian Cancer Survivor Network","url":"https:\/\/survivornet.ca\/","logo":{"@type":"ImageObject","inLanguage":"fr-FR","@id":"https:\/\/survivornet.ca\/#\/schema\/logo\/image\/","url":"http:\/\/survivornet.ca\/wp-content\/uploads\/2016\/12\/CCSN_Logo_EN_SQUARE.png","contentUrl":"http:\/\/survivornet.ca\/wp-content\/uploads\/2016\/12\/CCSN_Logo_EN_SQUARE.png","width":1209,"height":1007,"caption":"Canadian Cancer Survivor Network"},"image":{"@id":"https:\/\/survivornet.ca\/#\/schema\/logo\/image\/"}}]}},"_links":{"self":[{"href":"https:\/\/survivornet.ca\/fr\/wp-json\/wp\/v2\/pages\/19644","targetHints":{"allow":["GET"]}}],"collection":[{"href":"https:\/\/survivornet.ca\/fr\/wp-json\/wp\/v2\/pages"}],"about":[{"href":"https:\/\/survivornet.ca\/fr\/wp-json\/wp\/v2\/types\/page"}],"author":[{"embeddable":true,"href":"https:\/\/survivornet.ca\/fr\/wp-json\/wp\/v2\/users\/2"}],"replies":[{"embeddable":true,"href":"https:\/\/survivornet.ca\/fr\/wp-json\/wp\/v2\/comments?post=19644"}],"version-history":[{"count":3,"href":"https:\/\/survivornet.ca\/fr\/wp-json\/wp\/v2\/pages\/19644\/revisions"}],"predecessor-version":[{"id":31983,"href":"https:\/\/survivornet.ca\/fr\/wp-json\/wp\/v2\/pages\/19644\/revisions\/31983"}],"wp:attachment":[{"href":"https:\/\/survivornet.ca\/fr\/wp-json\/wp\/v2\/media?parent=19644"}],"curies":[{"name":"wp","href":"https:\/\/api.w.org\/{rel}","templated":true}]}}