{"id":19029,"date":"2020-10-07T10:32:54","date_gmt":"2020-10-07T14:32:54","guid":{"rendered":"https:\/\/survivornet.ca\/?page_id=19029"},"modified":"2020-10-07T10:49:17","modified_gmt":"2020-10-07T14:49:17","slug":"lexposition-a-lamiante","status":"publish","type":"page","link":"https:\/\/survivornet.ca\/fr\/apprenez\/health-concerns-for-cancer-patients\/lamiante-et-les-maladies-liees-a-lamiante\/lexposition-a-lamiante\/","title":{"rendered":"L\u2019exposition \u00e0 l\u2019amiante\u00a0"},"content":{"rendered":"<p><span style=\"font-weight: 400;\">L\u2019amiante est un carcinog\u00e8ne qui est dangereux lorsqu\u2019il est inhal\u00e9 ou ing\u00e9r\u00e9. Quand l\u2019amiante est touch\u00e9 ou manipul\u00e9, ses fibres sont rel\u00e2ch\u00e9es dans l\u2019air. Ce sont ces\u00a0 fibres qui s&#8217;incrustent dans les poumons et entra\u00eenent le d\u00e9veloppement de maladies telles que l&#8217;amiantose et le m\u00e9soth\u00e9liome.\u00a0<\/span><\/p>\n<p><span style=\"font-weight: 400;\">La grande vari\u00e9t\u00e9 des usages de l\u2019amiante signifie qu\u2019il y a plusieurs fa\u00e7ons dont une personne peut \u00eatre expos\u00e9e. Il est possible d&#8217;\u00eatre expos\u00e9 au travail, \u00e0 la maison, ou \u00e0 proximit\u00e9 d\u2019un environnement contamin\u00e9.[1] De plus, le fait d\u2019\u00eatre fumeur accro\u00eet le risque de d\u00e9velopper une maladie li\u00e9e \u00e0 l\u2019amiante une fois expos\u00e9. <\/span><span style=\"font-weight: 400;\"><br \/>\n<\/span><span style=\"font-weight: 400;\"><br \/>\n<\/span><b>Exposition professionnelle<\/b><b><br \/>\n<\/b><span style=\"font-weight: 400;\">L\u2019exposition professionnelle est la cause principale des maladies li\u00e9es \u00e0 l\u2019amiante. L\u2019Organisation mondiale de la sant\u00e9 estime que, \u00e0 l\u2019\u00e9chelle mondiale, la moiti\u00e9 des d\u00e9c\u00e8s suite \u00e0 un cancer professionnel sont caus\u00e9s par l\u2019amiante.[2] Au Canada, les travailleurs dans les mines et les usines d\u2019amiante y furent beaucoup expos\u00e9s, et, inconscients des risques, n\u2019\u00e9taient pas en mesure de se prot\u00e9ger. <\/span><span style=\"font-weight: 400;\"><br \/>\n<\/span><span style=\"font-weight: 400;\"><br \/>\n<\/span><span style=\"font-weight: 400;\">Les familles de ces travailleurs sont aussi \u00e0 risque d\u2019\u00eatre expos\u00e9es. Les fibres d\u2019amiante s\u2019accrochent aux cheveux et aux v\u00eatements des travailleurs, qui ensuite retournent du travail et r\u00e9pandent ces fibres dans leur lieu d\u2019habitation. Les enfants expos\u00e9s \u00e0 l\u2019amiante risquent alors de d\u00e9velopper des probl\u00e8mes de sant\u00e9 li\u00e9s \u00e0 l\u2019amiante plus tard dans leur vie. Cela signifie\u00a0 qu&#8217;une seconde g\u00e9n\u00e9ration de personnes affect\u00e9es par l\u2019exposition \u00e0 l\u2019amiante va\u00a0 s\u00fbrement \u00e9ventuellement \u00e9merger, cette fois \u00e0 cause d&#8217;une exposition secondaire.\u00a0<\/span><\/p>\n<p><span style=\"font-weight: 400;\">L\u2019amiante fut largement utilis\u00e9 durant les deux Guerres mondiales, notamment dans les navires de guerre. \u00c0 cause de son utilisation dans chaque branche de l\u2019arm\u00e9e, une grande partie des v\u00e9t\u00e9rans qui ont servi entre les ann\u00e9es \u201830 et les ann\u00e9es \u201870 furent expos\u00e9s et ensuite affect\u00e9s. De nos jours, il y a un grand danger pour les travailleurs de la construction, qui sont \u00e0 risque d\u2019\u00eatre expos\u00e9s s&#8217;ils ne re\u00e7oivent pas les formations et les \u00e9quipements de protection n\u00e9cessaires.[5]\u00a0<\/span><\/p>\n<p><b>Exposition dans les habitations <\/b><b><br \/>\n<\/b><span style=\"font-weight: 400;\">Bien que, au Canada, on ait cess\u00e9 en grande partie d\u2019utiliser l\u2019amiante dans les ann\u00e9es 1990 (et que son utilisation est ill\u00e9gale depuis 2018), l\u2019amiante fut autrefois utilis\u00e9 comme mat\u00e9riau de construction. <\/span><span style=\"font-weight: 400;\"><br \/>\n<\/span><span style=\"font-weight: 400;\">Il n\u2019est pas rare de retrouver dans des vieilles maisons de l\u2019amiante dans l\u2019isolation ou dans d\u2019autres composantes. Le plus grand danger survient lorsqu\u2019une de ces habitations est r\u00e9nov\u00e9e ou d\u00e9molie; les fibres d\u2019amiante sont alors d\u00e9rang\u00e9es et se r\u00e9pandent dans l\u2019air. Si les personnes impliqu\u00e9es ne prennent pas les mesures de s\u00e9curit\u00e9 n\u00e9cessaires, elles risques d\u2019\u00eatre expos\u00e9es. C\u2019est pourquoi tout b\u00e2timent construit avant l\u2019an 2000 devrait \u00eatre inspect\u00e9 pour d\u00e9tecter la pr\u00e9sence d\u2019amiante avant que des r\u00e9novations soient effectu\u00e9es. De plus, il est possible d\u2019\u00eatre expos\u00e9 \u00e0 l\u2019amiante en buvant de l\u2019eau provenant d\u2019un syst\u00e8me de tuyaux fait d\u2019un m\u00e9lange de ciment et d\u2019amiante. [3]<\/span><\/p>\n<p><span style=\"font-weight: 400;\">Il est important que seuls les travailleurs sp\u00e9cialis\u00e9s en d\u00e9samiantage travaillent dans les lieux o\u00f9 l\u2019amiante est pr\u00e9sent.[4] Il est souvent difficile d\u2019\u00e9viter l\u2019exposition \u00e0 l\u2019amiante, car sa pr\u00e9sence peut \u00eatre difficile \u00e0 d\u00e9tecter; il est souvent m\u00e9lang\u00e9 \u00e0 d\u2019autres mat\u00e9riaux, comme le b\u00e9ton, les tuiles, les bardeaux et les mat\u00e9riaux de toiture. La seule fa\u00e7on de confirmer la pr\u00e9sence d\u2019amiante est d\u2019analyser en laboratoires des \u00e9chantillons des mat\u00e9riaux. <\/span><span style=\"font-weight: 400;\"><br \/>\n<\/span><span style=\"font-weight: 400;\"><br \/>\n<\/span><span style=\"font-weight: 400;\">Les personnes qui habitent ou qui travaillent dans les b\u00e2timents contenant de l\u2019amiante sont \u00e0 risque d\u2019\u00eatre expos\u00e9es si les mat\u00e9riaux qui contiennent l\u2019amiante commencent \u00e0 se d\u00e9grader et se r\u00e9pandent dans l\u2019air. Cependant, si l\u2019amiante est scell\u00e9 et reste intact, il n\u2019y a pas de risque qu\u2019il\u00a0 contamine l\u2019air. <\/span><span style=\"font-weight: 400;\"><br \/>\n<\/span><span style=\"font-weight: 400;\"><br \/>\n<\/span><b>Exposition environnementale <\/b><b><br \/>\n<\/b><span style=\"font-weight: 400;\">L\u2019exposition environnementale est une autre forme d\u2019exposition \u00e0 l\u2019amiante. Si une mine n\u2019a pas \u00e9t\u00e9 ferm\u00e9e correctement ou si une usine d\u2019amiante a d\u00e9vers\u00e9 ses d\u00e9chets dans l&#8217;environnement, les habitants de la r\u00e9gion sont \u00e0 risque d&#8217;\u00eatre expos\u00e9s. Si les r\u00e9sidus d\u2019amiante s\u2019incrustent dans le sol, ils pourraient ensuite \u00eatre d\u00e9rang\u00e9s lors de travaux de construction et ainsi accro\u00eetre le risque d\u2019y \u00eatre expos\u00e9.\u00a0<\/span><\/p>\n<p><span style=\"font-weight: 400;\">Il y a un risque accru d\u2019exposition \u00e0 l\u2019amiante lorsque des b\u00e2timents sont d\u00e9truits, par exemple, lors d\u2019un d\u00e9sastre naturel ou en temps de guerre. Les fibres d\u2019amiante contenues dans les b\u00e2timents sont alors rel\u00e2ch\u00e9es dans l&#8217;atmosph\u00e8re. Lors des attentats du 11 septembre 2001, de grandes quantit\u00e9s de contaminants furent rel\u00e2ch\u00e9es dans l\u2019air, incluant l\u2019amiante pr\u00e9sent dans les mat\u00e9riaux de construction des tours jumelles. La population environnante est donc \u00e0 risque d\u2019avoir \u00e9t\u00e9 expos\u00e9e et de d\u00e9velopper des probl\u00e8mes de sant\u00e9 respiratoires dans l\u2019avenir, m\u00eame si l\u2019Agence de protection environnementale affirmait \u00e0 l\u2019\u00e9poque que le taux d\u2019amiante dans l\u2019air \u00e9tait tr\u00e8s bas. [6]\u00a0<\/span><\/p>\n<p><span style=\"font-weight: 400;\">R\u00e9f\u00e9rences:<\/span><\/p>\n<ol class=\"content-list\">\n<li><span style=\"font-weight: 400;\"> The Canadian Society of Asbestos Victims. (2012). Exposure. Retrieved June 2013 from <\/span><a href=\"http:\/\/cansav.ca\/asbestos\/exposure\"><span style=\"font-weight: 400;\">http:\/\/cansav.ca\/asbestos\/exposure<\/span><\/a><span style=\"font-weight: 400;\">.<\/span><\/li>\n<li><span style=\"font-weight: 400;\"> World Health Organization. (2018). Asbestos: elimination of asbestos-related diseases. Retrieved August 2020 from <\/span><a href=\"https:\/\/www.who.int\/en\/news-room\/fact-sheets\/detail\/asbestos-elimination-of-asbestos-related-diseases\"><span style=\"font-weight: 400;\">https:\/\/www.who.int\/en\/news-room\/fact-sheets\/detail\/asbestos-elimination-of-asbestos-related-diseases<\/span><\/a><span style=\"font-weight: 400;\">.<\/span><\/li>\n<li><span style=\"font-weight: 400;\"> US Environmental Protection Agency. (ND). National Primary Drinking Water Regulations. Retrieved August 2020 from <\/span><a href=\"https:\/\/www.epa.gov\/ground-water-and-drinking-water\/national-primary-drinking-water-regulations#Inorganic\"><span style=\"font-weight: 400;\">https:\/\/www.epa.gov\/ground-water-and-drinking-water\/national-primary-drinking-water-regulations#Inorganic<\/span><\/a><span style=\"font-weight: 400;\">.<\/span><\/li>\n<li><span style=\"font-weight: 400;\"> Health Canada (2018). Health Risks of Asbestos. Retrieved August 2020 from <\/span><a href=\"https:\/\/www.canada.ca\/en\/health-canada\/services\/air-quality\/indoor-air-contaminants\/health-risks-asbestos.html\"><span style=\"font-weight: 400;\">https:\/\/www.canada.ca\/en\/health-canada\/services\/air-quality\/indoor-air-contaminants\/health-risks-asbestos.html<\/span><\/a><\/li>\n<li><span style=\"font-weight: 400;\"> Mesothelioma &amp; Asbestos Awareness Center. (ND). Occupational Asbestos Exposure. Retrieved August 2020 from <\/span><a href=\"http:\/\/www.maacenter.org\/asbestos\/occupational-exposure\/\"><span style=\"font-weight: 400;\">http:\/\/www.maacenter.org\/asbestos\/occupational-exposure\/<\/span><\/a><span style=\"font-weight: 400;\">.<\/span><\/li>\n<li><span style=\"font-weight: 400;\"> Mesothelioma Guide. (2020). The 9\/11 Asbestos Risk. Retrieved August 2020 from <\/span><a href=\"https:\/\/www.mesotheliomaguide.com\/mesothelioma\/causes\/911-asbestos-risk\/\"><span style=\"font-weight: 400;\">https:\/\/www.mesotheliomaguide.com\/mesothelioma\/causes\/911-asbestos-risk\/<\/span><\/a><\/li>\n<\/ol>\n","protected":false},"excerpt":{"rendered":"<p>L\u2019amiante est un carcinog\u00e8ne qui est dangereux lorsqu\u2019il est inhal\u00e9 ou ing\u00e9r\u00e9. Quand l\u2019amiante est touch\u00e9 ou manipul\u00e9, ses fibres sont rel\u00e2ch\u00e9es dans l\u2019air. Ce sont ces\u00a0 fibres qui s&#8217;incrustent dans les<\/p>\n","protected":false},"author":2,"featured_media":0,"parent":18358,"menu_order":3,"comment_status":"closed","ping_status":"closed","template":"","meta":{"_acf_changed":false,"footnotes":""},"class_list":["post-19029","page","type-page","status-publish","hentry"],"acf":[],"yoast_head":"<!-- This site is optimized with the Yoast SEO plugin v27.4 - https:\/\/yoast.com\/product\/yoast-seo-wordpress\/ -->\n<title>L\u2019exposition \u00e0 l\u2019amiante\u00a0 - Canadian Cancer Survivor Network<\/title>\n<meta name=\"robots\" content=\"index, follow, max-snippet:-1, max-image-preview:large, max-video-preview:-1\" \/>\n<link rel=\"canonical\" href=\"https:\/\/survivornet.ca\/fr\/apprenez\/health-concerns-for-cancer-patients\/lamiante-et-les-maladies-liees-a-lamiante\/lexposition-a-lamiante\/\" \/>\n<meta property=\"og:locale\" content=\"fr_FR\" \/>\n<meta property=\"og:type\" content=\"article\" \/>\n<meta property=\"og:title\" content=\"L\u2019exposition \u00e0 l\u2019amiante\u00a0 - Canadian Cancer Survivor Network\" \/>\n<meta property=\"og:description\" content=\"L\u2019amiante est un carcinog\u00e8ne qui est dangereux lorsqu\u2019il est inhal\u00e9 ou ing\u00e9r\u00e9. Quand l\u2019amiante est touch\u00e9 ou manipul\u00e9, ses fibres sont rel\u00e2ch\u00e9es dans l\u2019air. Ce sont ces\u00a0 fibres qui s&#8217;incrustent dans les\" \/>\n<meta property=\"og:url\" content=\"https:\/\/survivornet.ca\/fr\/apprenez\/health-concerns-for-cancer-patients\/lamiante-et-les-maladies-liees-a-lamiante\/lexposition-a-lamiante\/\" \/>\n<meta property=\"og:site_name\" content=\"Canadian Cancer Survivor Network\" \/>\n<meta property=\"article:modified_time\" content=\"2020-10-07T14:49:17+00:00\" \/>\n<meta name=\"twitter:card\" content=\"summary_large_image\" \/>\n<meta name=\"twitter:label1\" content=\"Dur\u00e9e de lecture estim\u00e9e\" \/>\n\t<meta name=\"twitter:data1\" content=\"5 minutes\" \/>\n<script type=\"application\/ld+json\" class=\"yoast-schema-graph\">{\"@context\":\"https:\\\/\\\/schema.org\",\"@graph\":[{\"@type\":\"WebPage\",\"@id\":\"https:\\\/\\\/survivornet.ca\\\/fr\\\/apprenez\\\/health-concerns-for-cancer-patients\\\/lamiante-et-les-maladies-liees-a-lamiante\\\/lexposition-a-lamiante\\\/\",\"url\":\"https:\\\/\\\/survivornet.ca\\\/fr\\\/apprenez\\\/health-concerns-for-cancer-patients\\\/lamiante-et-les-maladies-liees-a-lamiante\\\/lexposition-a-lamiante\\\/\",\"name\":\"L\u2019exposition \u00e0 l\u2019amiante\u00a0 - Canadian Cancer Survivor Network\",\"isPartOf\":{\"@id\":\"https:\\\/\\\/survivornet.ca\\\/#website\"},\"datePublished\":\"2020-10-07T14:32:54+00:00\",\"dateModified\":\"2020-10-07T14:49:17+00:00\",\"breadcrumb\":{\"@id\":\"https:\\\/\\\/survivornet.ca\\\/fr\\\/apprenez\\\/health-concerns-for-cancer-patients\\\/lamiante-et-les-maladies-liees-a-lamiante\\\/lexposition-a-lamiante\\\/#breadcrumb\"},\"inLanguage\":\"fr-FR\",\"potentialAction\":[{\"@type\":\"ReadAction\",\"target\":[\"https:\\\/\\\/survivornet.ca\\\/fr\\\/apprenez\\\/health-concerns-for-cancer-patients\\\/lamiante-et-les-maladies-liees-a-lamiante\\\/lexposition-a-lamiante\\\/\"]}]},{\"@type\":\"BreadcrumbList\",\"@id\":\"https:\\\/\\\/survivornet.ca\\\/fr\\\/apprenez\\\/health-concerns-for-cancer-patients\\\/lamiante-et-les-maladies-liees-a-lamiante\\\/lexposition-a-lamiante\\\/#breadcrumb\",\"itemListElement\":[{\"@type\":\"ListItem\",\"position\":1,\"name\":\"Home\",\"item\":\"https:\\\/\\\/survivornet.ca\\\/fr\\\/\"},{\"@type\":\"ListItem\",\"position\":2,\"name\":\"Apprenez\",\"item\":\"https:\\\/\\\/survivornet.ca\\\/fr\\\/apprenez\\\/\"},{\"@type\":\"ListItem\",\"position\":3,\"name\":\"Enjeux affectants les patients atteints de cancer\",\"item\":\"https:\\\/\\\/survivornet.ca\\\/fr\\\/apprenez\\\/health-concerns-for-cancer-patients\\\/\"},{\"@type\":\"ListItem\",\"position\":4,\"name\":\"L\u2019amiante et les maladies li\u00e9es \u00e0 l\u2019amiante\",\"item\":\"https:\\\/\\\/survivornet.ca\\\/fr\\\/apprenez\\\/health-concerns-for-cancer-patients\\\/lamiante-et-les-maladies-liees-a-lamiante\\\/\"},{\"@type\":\"ListItem\",\"position\":5,\"name\":\"L\u2019exposition \u00e0 l\u2019amiante\u00a0\"}]},{\"@type\":\"WebSite\",\"@id\":\"https:\\\/\\\/survivornet.ca\\\/#website\",\"url\":\"https:\\\/\\\/survivornet.ca\\\/\",\"name\":\"Canadian Cancer Survivor Network\",\"description\":\"The Canadian Cancer Survivor Network was created by a group of Canadians concerned about cancer.\",\"publisher\":{\"@id\":\"https:\\\/\\\/survivornet.ca\\\/#organization\"},\"potentialAction\":[{\"@type\":\"SearchAction\",\"target\":{\"@type\":\"EntryPoint\",\"urlTemplate\":\"https:\\\/\\\/survivornet.ca\\\/?s={search_term_string}\"},\"query-input\":{\"@type\":\"PropertyValueSpecification\",\"valueRequired\":true,\"valueName\":\"search_term_string\"}}],\"inLanguage\":\"fr-FR\"},{\"@type\":\"Organization\",\"@id\":\"https:\\\/\\\/survivornet.ca\\\/#organization\",\"name\":\"Canadian Cancer Survivor Network\",\"url\":\"https:\\\/\\\/survivornet.ca\\\/\",\"logo\":{\"@type\":\"ImageObject\",\"inLanguage\":\"fr-FR\",\"@id\":\"https:\\\/\\\/survivornet.ca\\\/#\\\/schema\\\/logo\\\/image\\\/\",\"url\":\"http:\\\/\\\/survivornet.ca\\\/wp-content\\\/uploads\\\/2016\\\/12\\\/CCSN_Logo_EN_SQUARE.png\",\"contentUrl\":\"http:\\\/\\\/survivornet.ca\\\/wp-content\\\/uploads\\\/2016\\\/12\\\/CCSN_Logo_EN_SQUARE.png\",\"width\":1209,\"height\":1007,\"caption\":\"Canadian Cancer Survivor Network\"},\"image\":{\"@id\":\"https:\\\/\\\/survivornet.ca\\\/#\\\/schema\\\/logo\\\/image\\\/\"}}]}<\/script>\n<!-- \/ Yoast SEO plugin. -->","yoast_head_json":{"title":"L\u2019exposition \u00e0 l\u2019amiante\u00a0 - Canadian Cancer Survivor Network","robots":{"index":"index","follow":"follow","max-snippet":"max-snippet:-1","max-image-preview":"max-image-preview:large","max-video-preview":"max-video-preview:-1"},"canonical":"https:\/\/survivornet.ca\/fr\/apprenez\/health-concerns-for-cancer-patients\/lamiante-et-les-maladies-liees-a-lamiante\/lexposition-a-lamiante\/","og_locale":"fr_FR","og_type":"article","og_title":"L\u2019exposition \u00e0 l\u2019amiante\u00a0 - Canadian Cancer Survivor Network","og_description":"L\u2019amiante est un carcinog\u00e8ne qui est dangereux lorsqu\u2019il est inhal\u00e9 ou ing\u00e9r\u00e9. Quand l\u2019amiante est touch\u00e9 ou manipul\u00e9, ses fibres sont rel\u00e2ch\u00e9es dans l\u2019air. Ce sont ces\u00a0 fibres qui s&#8217;incrustent dans les","og_url":"https:\/\/survivornet.ca\/fr\/apprenez\/health-concerns-for-cancer-patients\/lamiante-et-les-maladies-liees-a-lamiante\/lexposition-a-lamiante\/","og_site_name":"Canadian Cancer Survivor Network","article_modified_time":"2020-10-07T14:49:17+00:00","twitter_card":"summary_large_image","twitter_misc":{"Dur\u00e9e de lecture estim\u00e9e":"5 minutes"},"schema":{"@context":"https:\/\/schema.org","@graph":[{"@type":"WebPage","@id":"https:\/\/survivornet.ca\/fr\/apprenez\/health-concerns-for-cancer-patients\/lamiante-et-les-maladies-liees-a-lamiante\/lexposition-a-lamiante\/","url":"https:\/\/survivornet.ca\/fr\/apprenez\/health-concerns-for-cancer-patients\/lamiante-et-les-maladies-liees-a-lamiante\/lexposition-a-lamiante\/","name":"L\u2019exposition \u00e0 l\u2019amiante\u00a0 - Canadian Cancer Survivor Network","isPartOf":{"@id":"https:\/\/survivornet.ca\/#website"},"datePublished":"2020-10-07T14:32:54+00:00","dateModified":"2020-10-07T14:49:17+00:00","breadcrumb":{"@id":"https:\/\/survivornet.ca\/fr\/apprenez\/health-concerns-for-cancer-patients\/lamiante-et-les-maladies-liees-a-lamiante\/lexposition-a-lamiante\/#breadcrumb"},"inLanguage":"fr-FR","potentialAction":[{"@type":"ReadAction","target":["https:\/\/survivornet.ca\/fr\/apprenez\/health-concerns-for-cancer-patients\/lamiante-et-les-maladies-liees-a-lamiante\/lexposition-a-lamiante\/"]}]},{"@type":"BreadcrumbList","@id":"https:\/\/survivornet.ca\/fr\/apprenez\/health-concerns-for-cancer-patients\/lamiante-et-les-maladies-liees-a-lamiante\/lexposition-a-lamiante\/#breadcrumb","itemListElement":[{"@type":"ListItem","position":1,"name":"Home","item":"https:\/\/survivornet.ca\/fr\/"},{"@type":"ListItem","position":2,"name":"Apprenez","item":"https:\/\/survivornet.ca\/fr\/apprenez\/"},{"@type":"ListItem","position":3,"name":"Enjeux affectants les patients atteints de cancer","item":"https:\/\/survivornet.ca\/fr\/apprenez\/health-concerns-for-cancer-patients\/"},{"@type":"ListItem","position":4,"name":"L\u2019amiante et les maladies li\u00e9es \u00e0 l\u2019amiante","item":"https:\/\/survivornet.ca\/fr\/apprenez\/health-concerns-for-cancer-patients\/lamiante-et-les-maladies-liees-a-lamiante\/"},{"@type":"ListItem","position":5,"name":"L\u2019exposition \u00e0 l\u2019amiante\u00a0"}]},{"@type":"WebSite","@id":"https:\/\/survivornet.ca\/#website","url":"https:\/\/survivornet.ca\/","name":"Canadian Cancer Survivor Network","description":"The Canadian Cancer Survivor Network was created by a group of Canadians concerned about cancer.","publisher":{"@id":"https:\/\/survivornet.ca\/#organization"},"potentialAction":[{"@type":"SearchAction","target":{"@type":"EntryPoint","urlTemplate":"https:\/\/survivornet.ca\/?s={search_term_string}"},"query-input":{"@type":"PropertyValueSpecification","valueRequired":true,"valueName":"search_term_string"}}],"inLanguage":"fr-FR"},{"@type":"Organization","@id":"https:\/\/survivornet.ca\/#organization","name":"Canadian Cancer Survivor Network","url":"https:\/\/survivornet.ca\/","logo":{"@type":"ImageObject","inLanguage":"fr-FR","@id":"https:\/\/survivornet.ca\/#\/schema\/logo\/image\/","url":"http:\/\/survivornet.ca\/wp-content\/uploads\/2016\/12\/CCSN_Logo_EN_SQUARE.png","contentUrl":"http:\/\/survivornet.ca\/wp-content\/uploads\/2016\/12\/CCSN_Logo_EN_SQUARE.png","width":1209,"height":1007,"caption":"Canadian Cancer Survivor Network"},"image":{"@id":"https:\/\/survivornet.ca\/#\/schema\/logo\/image\/"}}]}},"_links":{"self":[{"href":"https:\/\/survivornet.ca\/fr\/wp-json\/wp\/v2\/pages\/19029","targetHints":{"allow":["GET"]}}],"collection":[{"href":"https:\/\/survivornet.ca\/fr\/wp-json\/wp\/v2\/pages"}],"about":[{"href":"https:\/\/survivornet.ca\/fr\/wp-json\/wp\/v2\/types\/page"}],"author":[{"embeddable":true,"href":"https:\/\/survivornet.ca\/fr\/wp-json\/wp\/v2\/users\/2"}],"replies":[{"embeddable":true,"href":"https:\/\/survivornet.ca\/fr\/wp-json\/wp\/v2\/comments?post=19029"}],"version-history":[{"count":0,"href":"https:\/\/survivornet.ca\/fr\/wp-json\/wp\/v2\/pages\/19029\/revisions"}],"up":[{"embeddable":true,"href":"https:\/\/survivornet.ca\/fr\/wp-json\/wp\/v2\/pages\/18358"}],"wp:attachment":[{"href":"https:\/\/survivornet.ca\/fr\/wp-json\/wp\/v2\/media?parent=19029"}],"curies":[{"name":"wp","href":"https:\/\/api.w.org\/{rel}","templated":true}]}}