{"id":19019,"date":"2020-10-07T10:10:30","date_gmt":"2020-10-07T14:10:30","guid":{"rendered":"https:\/\/survivornet.ca\/?page_id=19019"},"modified":"2020-10-07T10:34:08","modified_gmt":"2020-10-07T14:34:08","slug":"labc-de-lamiante","status":"publish","type":"page","link":"https:\/\/survivornet.ca\/fr\/apprenez\/health-concerns-for-cancer-patients\/lamiante-et-les-maladies-liees-a-lamiante\/labc-de-lamiante\/","title":{"rendered":"L\u2019ABC de l\u2019amiante"},"content":{"rendered":"<p><span style=\"font-weight: 400;\">Vous trouverez dans la prochaine section de l&#8217;information sur l\u2019histoire de l\u2019amiante, sa production et ses usages, les enjeux de l\u2019amiante au Canada et les probl\u00e8mes de sant\u00e9 qui lui sont li\u00e9s, comme le cancer du poumon, le m\u00e9soth\u00e9liome et d\u2019autres probl\u00e8mes respiratoires.\u00a0<\/span><\/p>\n<h3><span style=\"font-weight: 400;\">Qu\u2019est-ce que l\u2019amiante?\u00a0<\/span><\/h3>\n<p><b>Introduction <\/b><b><br \/>\n<\/b><span style=\"font-weight: 400;\">L\u2019amiante est une mati\u00e8re qui a de nombreuses propri\u00e9t\u00e9s avantageuses, ainsi que plusieurs usages commerciaux et industriels. Il est extr\u00eamement r\u00e9sistant, ininflammable et constitue un excellent isolant. C\u2019est pourquoi on en a fait l\u2019extraction \u00e0 tr\u00e8s grande \u00e9chelle et on l\u2019a utilis\u00e9 dans une multitude de produits manufactur\u00e9s. En effet, on retrouvait l&#8217;amiante dans plus de 3 000 produits et mat\u00e9riaux dans l\u2019\u00e8re moderne. [1]<\/span><\/p>\n<p><span style=\"font-weight: 400;\">Malgr\u00e9 son c\u00f4t\u00e9 pratique, l\u2019amiante sous toutes ses formes est un produit carcinog\u00e8ne dangereux. Cela signifie que toute personne expos\u00e9e \u00e0 l\u2019amiante peut potentiellement d\u00e9velopper un cancer.[2] L\u2019amiante peut aussi entra\u00eener des maladies non-canc\u00e9reuses, comme l\u2019amiantose.\u00a0<\/span><\/p>\n<p><b>D\u00e9finition \u00ab d\u2019amiante \u00bb<\/b><b><br \/>\n<\/b><span style=\"font-weight: 400;\">Le terme amiante d\u00e9signe plusieurs types de min\u00e9raux fibreux. Ces min\u00e9raux ont plusieurs caract\u00e9ristiques communes : ils sont des silicates qui se forment dans les filons de roches m\u00e9tamorphiques ou ign\u00e9es. On classifie les min\u00e9raux d&#8217;amiante en deux cat\u00e9gories : serpentinique et amphibolique. <\/span><span style=\"font-weight: 400;\"><br \/>\n<\/span><\/p>\n<p><b>Amiante chrysotile <\/b><b><br \/>\n<\/b><span style=\"font-weight: 400;\">Le chrysotile est le type d\u2019amiante le plus utilis\u00e9. En Am\u00e9rique du Nord, si un b\u00e2timent contient de l\u2019amiante, il y a 95 % de chances qu&#8217;il s&#8217;agisse de chrysotile, car ce type d\u2019amiante \u00e9tait extrait au Canada, principalement au Qu\u00e9bec. Au Canada, on a ferm\u00e9 les derni\u00e8res mines d\u2019amiante en 2011.\u00a0<\/span><\/p>\n<p><span style=\"font-weight: 400;\">Les lobbyistes de l\u2019industrie ont fait la promotion de l&#8217;amiante chrysotile comme \u00e9tant une alternative \u00abplus s\u00fbre\u00bb \u00e0 l&#8217;amiante amphibolique. Ils pr\u00e9tendaient que l\u2019amiante chrysotile pr\u00e9sentait peu de risques pour la sant\u00e9 lorsqu&#8217;il est manipul\u00e9 avec pr\u00e9caution, m\u00eame si l\u2019Organisation mondiale de la sant\u00e9 classifie tous les types d\u2019amiante comme \u00e9tant carcinog\u00e8nes, m\u00eame le chrysotile.[7] Au Canada, toutes les formes d\u2019amiante, incluant le chrysotile, furent bannies le 30 d\u00e9cembre 2018.\u00a0 [2]<\/span><span style=\"font-weight: 400;\"><br \/>\n<\/span><b><br \/>\n<\/b><b>Caract\u00e9ristiques des fibres d\u2019amiante <\/b><b><br \/>\n<\/b><span style=\"font-weight: 400;\">Les fibres d\u2019amiante sont inodores et insipides et elles sont trop petites pour \u00eatre vues \u00e0 l\u2019oeil nu. [1] Les fibres sont coll\u00e9es l\u2019une contre l\u2019autre, ce qui cr\u00e9e l&#8217;apparence d\u2019une roche fibreuse.\u00a0\u00a0<\/span><\/p>\n<p><span style=\"font-weight: 400;\">Les fibres d\u2019amiante semblent \u00eatre fragiles, mais elles sont plus r\u00e9sistantes que l\u2019acier. Le fait qu\u2019elles soient aussi r\u00e9sistantes, en plus d\u2019\u00eatre durables, ininflammables, flexibles, solides dans l&#8217;eau, inertes et isolantes fait en sorte que ces fibres ont une multitude d\u2019usages, cela, comme nous le savons maintenant, au d\u00e9triment de la sant\u00e9 de tous. [4] <\/span><span style=\"font-weight: 400;\"><br \/>\n<\/span><b><br \/>\n<\/b><b>Comment l&#8217;amiante est-il extrait et trait\u00e9 ?<\/b><b><br \/>\n<\/b><span style=\"font-weight: 400;\">On trouve des d\u00e9p\u00f4ts d\u2019amiante partout \u00e0 travers le monde. Il y en a au Canada, particuli\u00e8rement au Qu\u00e9bec. \u00c0 l\u2019\u00e9chelle mondiale, la Russie, le Kazakhstan, la Chine, le Br\u00e9sil et le Zimbabwe \u00e9taient les plus gros producteurs d\u2019amiante en 2019. .[5]<\/span><\/p>\n<p><span style=\"font-weight: 400;\">L&#8217;amiante est extrait de mines \u00e0 ciel ouvert et de mines souterraines, puis on l\u2019\u00e9crase pour le s\u00e9parer de la roche. Une machine coupe ensuite les fibres sur leur longueur. [6] \u00c0 la fin du processus, la majorit\u00e9 des brins de fibre ont 1 cm de longueur ou moins.\u00a0<\/span><\/p>\n<p><span style=\"font-weight: 400;\">Les fibres sont ensuite transport\u00e9es \u00e0 une usine de transformation, o\u00f9 elles sont alors utilis\u00e9es pour fabriquer une multitude de produits manufactur\u00e9s tels que des mat\u00e9riaux de construction, des plaques de freins ou du tissu ignifuges.\u00a0\u00a0<\/span><\/p>\n<p><span style=\"font-weight: 400;\">Il est difficile de r\u00e9clamer l\u2019abolition de la production, de l\u2019importation et de l\u2019exportation de l&#8217;amiante, car c\u2019est une ressource encore utilis\u00e9e \u00e0 l&#8217;\u00e9chelle mondiale. C\u2019est pourquoi il est important qu\u2019il soit banni dans chaque pays. En 2017, plus de 55 pays avaient banni l\u2019importation et l\u2019exportation de l\u2019amiante. .[7]\u00a0<\/span><\/p>\n<p><span style=\"font-weight: 400;\">Les nombreux usages de l\u2019amiante <\/span><span style=\"font-weight: 400;\"><br \/>\n<\/span><span style=\"font-weight: 400;\">L\u2019amiante a de nombreux usages en raison de ses qualit\u00e9s naturelles. L\u2019amiante, qui est solide, durable et flexible, est utilis\u00e9 comme isolant car il ne conduit pas la chaleur ; de plus, il est inerte, ou non r\u00e9actif. Ces nombreuses qualit\u00e9s et usages lui donnent une grande valeur commerciale. <\/span><span style=\"font-weight: 400;\"><br \/>\n<\/span><span style=\"font-weight: 400;\"><br \/>\n<\/span><span style=\"font-weight: 400;\">Dans le pass\u00e9, l\u2019amiante \u00e9tait une curiosit\u00e9. Charlemagne avait une nappe de table, semble-t-il, faite d\u2019amiante, avec laquelle il surprenait ses invit\u00e9s. Le grand empereur \u00ab nettoyait \u00bb la nappe en la jetant dans le feu, puis il la r\u00e9cup\u00e9rait encore indemne. Les fibres d\u2019amiante \u00e9taient aussi utilis\u00e9es comme d\u00e9corations dans les r\u00e9sidences et m\u00eame dans la bijouterie. Dans l\u2019Antiquit\u00e9, les \u00c9gyptiens, les Perses, les Romains et les Grecs se servaient de linceuls fun\u00e9raires faits d\u2019amiante pour couvrir le corps des d\u00e9funts.\u00a0<\/span><\/p>\n<p><span style=\"font-weight: 400;\">Le d\u00e9veloppement de l\u2019industrialisation rendit l\u2019usage de l\u2019amiante encore plus r\u00e9pandu. Avec l\u2019arriv\u00e9e de nouvelles technologies, comme la machine \u00e0 vapeur, surgit un besoin pour des produits d\u2019isolation thermique. L\u2019usage de l&#8217;amiante a atteint son sommet dans les ann\u00e9es 1950, \u00e9poque durant laquelle on le retrouvait dans plus de 3 000 produits. <\/span><span style=\"font-weight: 400;\"><br \/>\n<\/span><span style=\"font-weight: 400;\"><br \/>\n<\/span><span style=\"font-weight: 400;\">On conna\u00eet les effets n\u00e9fastes de l\u2019amiante depuis plus d\u2019un si\u00e8cle, mais ces pr\u00e9occupations furent largement ignor\u00e9es pendant de nombreuses ann\u00e9es en raison de sa rentabilit\u00e9 et sa polyvalence. Lorsque les cons\u00e9quences sur la sant\u00e9 devinrent impossibles \u00e0 ignorer, l\u2019utilisation de l\u2019amiante diminua et un effort fut mit en place pour l&#8217;interdire. Aujourd\u2019hui, l\u2019amiante est encore utilis\u00e9 dans les pays en voie de d\u00e9veloppement, et m\u00eame dans certains pays d\u00e9velopp\u00e9s comme les \u00c9tats-Unis. L\u2019amiante reste pr\u00e9sent dans tous les pays o\u00f9 il a \u00e9t\u00e9 utilis\u00e9, m\u00eame dans les pays qui l\u2019ont banni, comme le Canada. On le retrouve, par exemple, dans les b\u00e2timents et pi\u00e8ces d\u2019automobile.\u00a0<\/span><\/p>\n<p><b>O\u00f9 est utilis\u00e9 l\u2019amiante :\u00a0<\/b><\/p>\n<ul class=\"content-list\">\n<li style=\"font-weight: 400;\"><b>Isolant autour des fen\u00eatres, des joints, des tuyaux, des fournaises, etc.<\/b><span style=\"font-weight: 400;\"> \u2013 Les fibres d\u2019amiante sont utilis\u00e9es comme isolant thermique, \u00e9lectrique et acoustique. C\u2019est pourquoi l\u2019amiante est utilis\u00e9 pour isoler les maisons, les fournaises et les moteurs, entre autres. Il est \u00e9galement utilis\u00e9 comme produit scellant autour des joints et fen\u00eatres dans plusieurs types de b\u00e2timents. L&#8217;amiante a aussi \u00e9t\u00e9 utilis\u00e9 dans des secteurs militaires : de nombreux v\u00e9t\u00e9rans y ont \u00e9t\u00e9 expos\u00e9s et ont d\u00e9velopp\u00e9 des maladies li\u00e9es \u00e0 l&#8217;amiante.<\/span><\/li>\n<li style=\"font-weight: 400;\"><b>Mat\u00e9riaux de construction<\/b><span style=\"font-weight: 400;\"> \u2013 La durabilit\u00e9 de l\u2019amiante signifie qu\u2019il fut utilis\u00e9 dans de nombreux mat\u00e9riaux de construction tels que les tuiles de plafond et de plancher, les cloisons s\u00e8ches, les rev\u00eatements de maison et les produits \u00e0 base de ciment.\u00a0<\/span><\/li>\n<li style=\"font-weight: 400;\"><b>Les produits ignifuges\u00a0 <\/b><span style=\"font-weight: 400;\">\u2013 L\u2019amiante \u00e9tait utilis\u00e9 dans les couvertures anti-feu et dans les tenues de pompier pour les prot\u00e9ger de la chaleur et des flammes. Il est \u00e9galement utilis\u00e9 comme mat\u00e9riau ignifuge dans les maisons et autres b\u00e2timents publics, tels que les \u00e9coles, les \u00e9difices municipaux et les h\u00f4pitaux, afin de les rendre \u00ab ininflammables \u00bb. L\u2019amiante \u00e9tait m\u00eame commercialis\u00e9 comme \u00e9tant un \u00ab min\u00e9ral miracle \u00bb qui pourrait sauver des vies avec ses qualit\u00e9s ignifuges.\u00a0<\/span><\/li>\n<li style=\"font-weight: 400;\"><b>Pi\u00e8ces automobiles <\/b><span style=\"font-weight: 400;\">\u2013 L\u2019amiante est aussi utilis\u00e9 dans la fabrication de pi\u00e8ce d\u2019automobiles telle que les freins, les transmissions et les embrayages afin de les rendre plus durables.\u00a0<\/span><\/li>\n<\/ul>\n<p><b>O\u00f9 se trouve l\u2019amiante dans les r\u00e9sidences? <\/b><span style=\"font-weight: 400;\"><br \/>\n<\/span><span style=\"font-weight: 400;\">Tout b\u00e2timent d\u2019habitation construit avant l\u2019an 2000 devrait \u00eatre inspect\u00e9 avant toute r\u00e9novation afin de d\u00e9tecter la pr\u00e9sence potentielle d\u2019amiante. Le fait de toucher ou d&#8217;endommager l\u2019amiante sans que les pr\u00e9cautions n\u00e9cessaires soient prises peut avoir de graves cons\u00e9quences sur la sant\u00e9.\u00a0<\/span><\/p>\n<p><span style=\"font-weight: 400;\">Pour plus d\u2019information sur les risques pour la sant\u00e9 associ\u00e9s \u00e0 l\u2019amiante, veuillez visiter le <\/span><a href=\"https:\/\/www.canada.ca\/fr\/sante-canada\/services\/qualite-air\/contaminants-air-interieur\/risques-pour-sante-associes-amiante.html\"><span style=\"font-weight: 400;\">site de Sant\u00e9 Canada.\u00a0<\/span><\/a><\/p>\n<p><span style=\"font-weight: 400;\">Resources<\/span><\/p>\n<p><span style=\"font-weight: 400;\">[1] Barbalace, Roberta A. (2004). Asbestos, its Physical and Chemical Properties. Retrieved June 2013 from <\/span><a href=\"http:\/\/environmentalchemistry.com\/yogi\/environmental\/asbestosproperties2004.html\"><span style=\"font-weight: 400;\">http:\/\/environmentalchemistry.com\/yogi\/environmental\/asbestosproperties2004.html<\/span><\/a><span style=\"font-weight: 400;\">.<\/span><\/p>\n<p><span style=\"font-weight: 400;\">[2] Environment and Climate Change Canada (2018). Toxic substances list: asbestos. Retrieved August 2020 from <\/span><a href=\"https:\/\/www.canada.ca\/en\/environment-climate-change\/services\/management-toxic-substances\/list-canadian-environmental-protection-act\/asbestos.html\"><span style=\"font-weight: 400;\">https:\/\/www.canada.ca\/en\/environment-climate-change\/services\/management-toxic-substances\/list-canadian-environmental-protection-act\/asbestos.html<\/span><\/a><\/p>\n<p><span style=\"font-weight: 400;\">[3] WHO. (2006). Elimination of Asbestos-Related Disease. Retrieved June 2013 from <\/span><a href=\"http:\/\/whqlibdoc.who.int\/hq\/2006\/WHO_SDE_OEH_06.03_eng.pdf\"><span style=\"font-weight: 400;\">http:\/\/whqlibdoc.who.int\/hq\/2006\/WHO_SDE_OEH_06.03_eng.pdf<\/span><\/a><span style=\"font-weight: 400;\">.<\/span><\/p>\n<p><span style=\"font-weight: 400;\">[4] United States Department of the Interior. (ND). Asbestos: Geology, Mineralogy, Mining, and Uses. Retrieved June 2013 from <\/span><a href=\"http:\/\/pubs.usgs.gov\/of\/2002\/of02-149\/of02-149.pdf\"><span style=\"font-weight: 400;\">http:\/\/pubs.usgs.gov\/of\/2002\/of02-149\/of02-149.pdf<\/span><\/a><span style=\"font-weight: 400;\">.<\/span><\/p>\n<p><span style=\"font-weight: 400;\">[5] United States Geological Survey. (2020). Asbestos. Retrieved August 2020 from <\/span><a href=\"https:\/\/pubs.usgs.gov\/periodicals\/mcs2020\/mcs2020-asbestos.pdf\"><span style=\"font-weight: 400;\">https:\/\/pubs.usgs.gov\/periodicals\/mcs2020\/mcs2020-asbestos.pdf<\/span><\/a><span style=\"font-weight: 400;\">.<\/span><\/p>\n<p><span style=\"font-weight: 400;\">[6] How Stuff Works. (2013). Asbestos. Retrieved June 2013 from<\/span><a href=\"http:\/\/science.howstuffworks.com\/environmental\/earth\/geology\/asbestos-info.htm\"><span style=\"font-weight: 400;\"> http:\/\/science.howstuffworks.com\/environmental\/earth\/geology\/asbestos-info.htm<\/span><\/a><span style=\"font-weight: 400;\">.<\/span><\/p>\n<p><span style=\"font-weight: 400;\">[7] King, Anthony. (2017). Asbestos, explained. Retrieved August 2020 from <\/span><a href=\"https:\/\/www.chemistryworld.com\/news\/why-asbestos-is-still-used-around-the-world\/3007504.article#\/\"><span style=\"font-weight: 400;\">https:\/\/www.chemistryworld.com\/news\/why-asbestos-is-still-used-around-the-world\/3007504.article#\/<\/span><span style=\"font-weight: 400;\"><br \/>\n<\/span><\/a><\/p>\n","protected":false},"excerpt":{"rendered":"<p>Vous trouverez dans la prochaine section de l&#8217;information sur l\u2019histoire de l\u2019amiante, sa production et ses usages, les enjeux de l\u2019amiante au Canada et les probl\u00e8mes de sant\u00e9 qui lui sont li\u00e9s,<\/p>\n","protected":false},"author":2,"featured_media":0,"parent":18358,"menu_order":0,"comment_status":"closed","ping_status":"closed","template":"","meta":{"_acf_changed":false,"footnotes":""},"class_list":["post-19019","page","type-page","status-publish","hentry"],"acf":[],"yoast_head":"<!-- This site is optimized with the Yoast SEO plugin v27.4 - https:\/\/yoast.com\/product\/yoast-seo-wordpress\/ -->\n<title>L\u2019ABC de l\u2019amiante - Canadian Cancer Survivor Network<\/title>\n<meta name=\"robots\" content=\"index, follow, max-snippet:-1, max-image-preview:large, max-video-preview:-1\" \/>\n<link rel=\"canonical\" href=\"https:\/\/survivornet.ca\/fr\/apprenez\/health-concerns-for-cancer-patients\/lamiante-et-les-maladies-liees-a-lamiante\/labc-de-lamiante\/\" \/>\n<meta property=\"og:locale\" content=\"fr_FR\" \/>\n<meta property=\"og:type\" content=\"article\" \/>\n<meta property=\"og:title\" content=\"L\u2019ABC de l\u2019amiante - Canadian Cancer Survivor Network\" \/>\n<meta property=\"og:description\" content=\"Vous trouverez dans la prochaine section de l&#8217;information sur l\u2019histoire de l\u2019amiante, sa production et ses usages, les enjeux de l\u2019amiante au Canada et les probl\u00e8mes de sant\u00e9 qui lui sont li\u00e9s,\" \/>\n<meta property=\"og:url\" content=\"https:\/\/survivornet.ca\/fr\/apprenez\/health-concerns-for-cancer-patients\/lamiante-et-les-maladies-liees-a-lamiante\/labc-de-lamiante\/\" \/>\n<meta property=\"og:site_name\" content=\"Canadian Cancer Survivor Network\" \/>\n<meta property=\"article:modified_time\" content=\"2020-10-07T14:34:08+00:00\" \/>\n<meta name=\"twitter:card\" content=\"summary_large_image\" \/>\n<meta name=\"twitter:label1\" content=\"Dur\u00e9e de lecture estim\u00e9e\" \/>\n\t<meta name=\"twitter:data1\" content=\"7 minutes\" \/>\n<script type=\"application\/ld+json\" class=\"yoast-schema-graph\">{\"@context\":\"https:\\\/\\\/schema.org\",\"@graph\":[{\"@type\":\"WebPage\",\"@id\":\"https:\\\/\\\/survivornet.ca\\\/fr\\\/apprenez\\\/health-concerns-for-cancer-patients\\\/lamiante-et-les-maladies-liees-a-lamiante\\\/labc-de-lamiante\\\/\",\"url\":\"https:\\\/\\\/survivornet.ca\\\/fr\\\/apprenez\\\/health-concerns-for-cancer-patients\\\/lamiante-et-les-maladies-liees-a-lamiante\\\/labc-de-lamiante\\\/\",\"name\":\"L\u2019ABC de l\u2019amiante - Canadian Cancer Survivor Network\",\"isPartOf\":{\"@id\":\"https:\\\/\\\/survivornet.ca\\\/#website\"},\"datePublished\":\"2020-10-07T14:10:30+00:00\",\"dateModified\":\"2020-10-07T14:34:08+00:00\",\"breadcrumb\":{\"@id\":\"https:\\\/\\\/survivornet.ca\\\/fr\\\/apprenez\\\/health-concerns-for-cancer-patients\\\/lamiante-et-les-maladies-liees-a-lamiante\\\/labc-de-lamiante\\\/#breadcrumb\"},\"inLanguage\":\"fr-FR\",\"potentialAction\":[{\"@type\":\"ReadAction\",\"target\":[\"https:\\\/\\\/survivornet.ca\\\/fr\\\/apprenez\\\/health-concerns-for-cancer-patients\\\/lamiante-et-les-maladies-liees-a-lamiante\\\/labc-de-lamiante\\\/\"]}]},{\"@type\":\"BreadcrumbList\",\"@id\":\"https:\\\/\\\/survivornet.ca\\\/fr\\\/apprenez\\\/health-concerns-for-cancer-patients\\\/lamiante-et-les-maladies-liees-a-lamiante\\\/labc-de-lamiante\\\/#breadcrumb\",\"itemListElement\":[{\"@type\":\"ListItem\",\"position\":1,\"name\":\"Home\",\"item\":\"https:\\\/\\\/survivornet.ca\\\/fr\\\/\"},{\"@type\":\"ListItem\",\"position\":2,\"name\":\"Apprenez\",\"item\":\"https:\\\/\\\/survivornet.ca\\\/fr\\\/apprenez\\\/\"},{\"@type\":\"ListItem\",\"position\":3,\"name\":\"Enjeux affectants les patients atteints de cancer\",\"item\":\"https:\\\/\\\/survivornet.ca\\\/fr\\\/apprenez\\\/health-concerns-for-cancer-patients\\\/\"},{\"@type\":\"ListItem\",\"position\":4,\"name\":\"L\u2019amiante et les maladies li\u00e9es \u00e0 l\u2019amiante\",\"item\":\"https:\\\/\\\/survivornet.ca\\\/fr\\\/apprenez\\\/health-concerns-for-cancer-patients\\\/lamiante-et-les-maladies-liees-a-lamiante\\\/\"},{\"@type\":\"ListItem\",\"position\":5,\"name\":\"L\u2019ABC de l\u2019amiante\"}]},{\"@type\":\"WebSite\",\"@id\":\"https:\\\/\\\/survivornet.ca\\\/#website\",\"url\":\"https:\\\/\\\/survivornet.ca\\\/\",\"name\":\"Canadian Cancer Survivor Network\",\"description\":\"The Canadian Cancer Survivor Network was created by a group of Canadians concerned about cancer.\",\"publisher\":{\"@id\":\"https:\\\/\\\/survivornet.ca\\\/#organization\"},\"potentialAction\":[{\"@type\":\"SearchAction\",\"target\":{\"@type\":\"EntryPoint\",\"urlTemplate\":\"https:\\\/\\\/survivornet.ca\\\/?s={search_term_string}\"},\"query-input\":{\"@type\":\"PropertyValueSpecification\",\"valueRequired\":true,\"valueName\":\"search_term_string\"}}],\"inLanguage\":\"fr-FR\"},{\"@type\":\"Organization\",\"@id\":\"https:\\\/\\\/survivornet.ca\\\/#organization\",\"name\":\"Canadian Cancer Survivor Network\",\"url\":\"https:\\\/\\\/survivornet.ca\\\/\",\"logo\":{\"@type\":\"ImageObject\",\"inLanguage\":\"fr-FR\",\"@id\":\"https:\\\/\\\/survivornet.ca\\\/#\\\/schema\\\/logo\\\/image\\\/\",\"url\":\"http:\\\/\\\/survivornet.ca\\\/wp-content\\\/uploads\\\/2016\\\/12\\\/CCSN_Logo_EN_SQUARE.png\",\"contentUrl\":\"http:\\\/\\\/survivornet.ca\\\/wp-content\\\/uploads\\\/2016\\\/12\\\/CCSN_Logo_EN_SQUARE.png\",\"width\":1209,\"height\":1007,\"caption\":\"Canadian Cancer Survivor Network\"},\"image\":{\"@id\":\"https:\\\/\\\/survivornet.ca\\\/#\\\/schema\\\/logo\\\/image\\\/\"}}]}<\/script>\n<!-- \/ Yoast SEO plugin. -->","yoast_head_json":{"title":"L\u2019ABC de l\u2019amiante - Canadian Cancer Survivor Network","robots":{"index":"index","follow":"follow","max-snippet":"max-snippet:-1","max-image-preview":"max-image-preview:large","max-video-preview":"max-video-preview:-1"},"canonical":"https:\/\/survivornet.ca\/fr\/apprenez\/health-concerns-for-cancer-patients\/lamiante-et-les-maladies-liees-a-lamiante\/labc-de-lamiante\/","og_locale":"fr_FR","og_type":"article","og_title":"L\u2019ABC de l\u2019amiante - Canadian Cancer Survivor Network","og_description":"Vous trouverez dans la prochaine section de l&#8217;information sur l\u2019histoire de l\u2019amiante, sa production et ses usages, les enjeux de l\u2019amiante au Canada et les probl\u00e8mes de sant\u00e9 qui lui sont li\u00e9s,","og_url":"https:\/\/survivornet.ca\/fr\/apprenez\/health-concerns-for-cancer-patients\/lamiante-et-les-maladies-liees-a-lamiante\/labc-de-lamiante\/","og_site_name":"Canadian Cancer Survivor Network","article_modified_time":"2020-10-07T14:34:08+00:00","twitter_card":"summary_large_image","twitter_misc":{"Dur\u00e9e de lecture estim\u00e9e":"7 minutes"},"schema":{"@context":"https:\/\/schema.org","@graph":[{"@type":"WebPage","@id":"https:\/\/survivornet.ca\/fr\/apprenez\/health-concerns-for-cancer-patients\/lamiante-et-les-maladies-liees-a-lamiante\/labc-de-lamiante\/","url":"https:\/\/survivornet.ca\/fr\/apprenez\/health-concerns-for-cancer-patients\/lamiante-et-les-maladies-liees-a-lamiante\/labc-de-lamiante\/","name":"L\u2019ABC de l\u2019amiante - Canadian Cancer Survivor Network","isPartOf":{"@id":"https:\/\/survivornet.ca\/#website"},"datePublished":"2020-10-07T14:10:30+00:00","dateModified":"2020-10-07T14:34:08+00:00","breadcrumb":{"@id":"https:\/\/survivornet.ca\/fr\/apprenez\/health-concerns-for-cancer-patients\/lamiante-et-les-maladies-liees-a-lamiante\/labc-de-lamiante\/#breadcrumb"},"inLanguage":"fr-FR","potentialAction":[{"@type":"ReadAction","target":["https:\/\/survivornet.ca\/fr\/apprenez\/health-concerns-for-cancer-patients\/lamiante-et-les-maladies-liees-a-lamiante\/labc-de-lamiante\/"]}]},{"@type":"BreadcrumbList","@id":"https:\/\/survivornet.ca\/fr\/apprenez\/health-concerns-for-cancer-patients\/lamiante-et-les-maladies-liees-a-lamiante\/labc-de-lamiante\/#breadcrumb","itemListElement":[{"@type":"ListItem","position":1,"name":"Home","item":"https:\/\/survivornet.ca\/fr\/"},{"@type":"ListItem","position":2,"name":"Apprenez","item":"https:\/\/survivornet.ca\/fr\/apprenez\/"},{"@type":"ListItem","position":3,"name":"Enjeux affectants les patients atteints de cancer","item":"https:\/\/survivornet.ca\/fr\/apprenez\/health-concerns-for-cancer-patients\/"},{"@type":"ListItem","position":4,"name":"L\u2019amiante et les maladies li\u00e9es \u00e0 l\u2019amiante","item":"https:\/\/survivornet.ca\/fr\/apprenez\/health-concerns-for-cancer-patients\/lamiante-et-les-maladies-liees-a-lamiante\/"},{"@type":"ListItem","position":5,"name":"L\u2019ABC de l\u2019amiante"}]},{"@type":"WebSite","@id":"https:\/\/survivornet.ca\/#website","url":"https:\/\/survivornet.ca\/","name":"Canadian Cancer Survivor Network","description":"The Canadian Cancer Survivor Network was created by a group of Canadians concerned about cancer.","publisher":{"@id":"https:\/\/survivornet.ca\/#organization"},"potentialAction":[{"@type":"SearchAction","target":{"@type":"EntryPoint","urlTemplate":"https:\/\/survivornet.ca\/?s={search_term_string}"},"query-input":{"@type":"PropertyValueSpecification","valueRequired":true,"valueName":"search_term_string"}}],"inLanguage":"fr-FR"},{"@type":"Organization","@id":"https:\/\/survivornet.ca\/#organization","name":"Canadian Cancer Survivor Network","url":"https:\/\/survivornet.ca\/","logo":{"@type":"ImageObject","inLanguage":"fr-FR","@id":"https:\/\/survivornet.ca\/#\/schema\/logo\/image\/","url":"http:\/\/survivornet.ca\/wp-content\/uploads\/2016\/12\/CCSN_Logo_EN_SQUARE.png","contentUrl":"http:\/\/survivornet.ca\/wp-content\/uploads\/2016\/12\/CCSN_Logo_EN_SQUARE.png","width":1209,"height":1007,"caption":"Canadian Cancer Survivor Network"},"image":{"@id":"https:\/\/survivornet.ca\/#\/schema\/logo\/image\/"}}]}},"_links":{"self":[{"href":"https:\/\/survivornet.ca\/fr\/wp-json\/wp\/v2\/pages\/19019","targetHints":{"allow":["GET"]}}],"collection":[{"href":"https:\/\/survivornet.ca\/fr\/wp-json\/wp\/v2\/pages"}],"about":[{"href":"https:\/\/survivornet.ca\/fr\/wp-json\/wp\/v2\/types\/page"}],"author":[{"embeddable":true,"href":"https:\/\/survivornet.ca\/fr\/wp-json\/wp\/v2\/users\/2"}],"replies":[{"embeddable":true,"href":"https:\/\/survivornet.ca\/fr\/wp-json\/wp\/v2\/comments?post=19019"}],"version-history":[{"count":0,"href":"https:\/\/survivornet.ca\/fr\/wp-json\/wp\/v2\/pages\/19019\/revisions"}],"up":[{"embeddable":true,"href":"https:\/\/survivornet.ca\/fr\/wp-json\/wp\/v2\/pages\/18358"}],"wp:attachment":[{"href":"https:\/\/survivornet.ca\/fr\/wp-json\/wp\/v2\/media?parent=19019"}],"curies":[{"name":"wp","href":"https:\/\/api.w.org\/{rel}","templated":true}]}}