{"id":18460,"date":"2020-09-02T11:37:45","date_gmt":"2020-09-02T15:37:45","guid":{"rendered":"https:\/\/survivornet.ca\/?page_id=18460"},"modified":"2020-09-02T12:02:08","modified_gmt":"2020-09-02T16:02:08","slug":"campagne-electorale-2020-nouveau-brunswick","status":"publish","type":"page","link":"https:\/\/survivornet.ca\/fr\/agissez\/campagnes-electorales\/campagne-electorale-2020-nouveau-brunswick\/","title":{"rendered":"Campagne \u00e9lectorale 2020 Nouveau-Brunswick"},"content":{"rendered":"<p><a href=\"http:\/\/survivornet.ca\/wp-content\/uploads\/2020\/09\/ENB_Home2.png\"><img loading=\"lazy\" decoding=\"async\" class=\"size-full wp-image-18451 alignleft\" src=\"http:\/\/survivornet.ca\/wp-content\/uploads\/2020\/09\/ENB_Home2.png\" alt=\"\" width=\"310\" height=\"106\" srcset=\"https:\/\/survivornet.ca\/wp-content\/uploads\/2020\/09\/ENB_Home2.png 310w, https:\/\/survivornet.ca\/wp-content\/uploads\/2020\/09\/ENB_Home2-300x103.png 300w\" sizes=\"auto, (max-width: 310px) 100vw, 310px\" \/><\/a><\/p>\n<p>&nbsp;<\/p>\n<p>&nbsp;<\/p>\n<p>&nbsp;<\/p>\n<p>&nbsp;<\/p>\n<p>Le R\u00e9seau canadien des survivants du cancer (RCSC) travaille \u00e0 relier les patient-e-s, les survivant-e-s et d\u2019autres organisations concern\u00e9es avec les d\u00e9cideurs et la communaut\u00e9 au sens large, afin de les int\u00e9resser \u00e0 des discussions et de mettre en \u0153uvre les meilleures pratiques, fond\u00e9es sur des donn\u00e9es probantes. Notre priorit\u00e9 est d\u2019all\u00e9ger les co\u00fbts m\u00e9dicaux, \u00e9motionnels, financiers et sociaux du cancer et de favoriser la recherche sur des moyens de surmonter les obstacles \u00e0 des soins optimaux de cancer et de suivi pour ses victimes au Canada.<\/p>\n<p>Le gouvernement du Nouveau-Brunswick a un r\u00f4le crucial \u00e0 jouer pour veiller \u00e0 ce que chaque personne chez qui l\u2019on diagnostique un cancer acc\u00e8de en bon temps aux m\u00e9dicaments dont elle a besoin, ne subisse pas de d\u00e9lais dangereusement longs de diagnostic et de traitement, et b\u00e9n\u00e9ficie d\u2019un soutien financier suffisant en cours de diagnostic et de traitement.<\/p>\n<p><a href=\"https:\/\/survivornet.ca\/fr\/ccsn-questions-aux-partis-et-aux-candidats\/?preview_id=18464&amp;preview_nonce=1501f36205&amp;_thumbnail_id=-1&amp;preview=true\">Cliquez-ici pour les questions du R\u00e9seau aux parties et candidat-e-s<\/a><\/p>\n<p><a href=\"https:\/\/survivornet.ca\/act\/ccsn-election-campaigns\/new-brunswick-2020-election-campaign\/\">Click here for the English website<\/a><\/p>\n<p>&nbsp;<\/p>\n<p>PLATEFORMES OFFICIELLES:<\/p>\n<p class=\"post-headline\"><a href=\"https:\/\/nbliberal.ca\/fr\/\">Parti lib\u00e9ral du Nouveau-Brunswick<\/a><\/p>\n<p><a href=\"https:\/\/www.pcnb.ca\/fr\/a-propos\">Parti PC du Nouveau-Brunswick<\/a><\/p>\n<p><a href=\"https:\/\/nbndp.ca\/\">NPD Nouveau-Brunswick<\/a><\/p>\n<p><a href=\"http:\/\/www.greenpartynb.ca\/\">Parti Vert N.B.<\/a><\/p>\n<p><a href=\"http:\/\/www.peoplesalliance.ca\/index.php\">L&#8217;Alliance des gens du Nouveau-Brunswick<\/a><\/p>\n","protected":false},"excerpt":{"rendered":"<p>&nbsp; &nbsp; &nbsp; &nbsp; Le R\u00e9seau canadien des survivants du cancer (RCSC) travaille \u00e0 relier les patient-e-s, les survivant-e-s et d\u2019autres organisations concern\u00e9es avec les d\u00e9cideurs et la communaut\u00e9 au sens large,<\/p>\n","protected":false},"author":2,"featured_media":0,"parent":5194,"menu_order":0,"comment_status":"closed","ping_status":"closed","template":"","meta":{"_acf_changed":false,"footnotes":""},"class_list":["post-18460","page","type-page","status-publish","hentry"],"acf":[],"yoast_head":"<!-- This site is optimized with the Yoast SEO plugin v27.4 - https:\/\/yoast.com\/product\/yoast-seo-wordpress\/ -->\n<title>Campagne \u00e9lectorale 2020 Nouveau-Brunswick - Canadian Cancer Survivor Network<\/title>\n<meta name=\"robots\" content=\"index, follow, max-snippet:-1, max-image-preview:large, max-video-preview:-1\" \/>\n<link rel=\"canonical\" href=\"https:\/\/survivornet.ca\/fr\/agissez\/campagnes-electorales\/campagne-electorale-2020-nouveau-brunswick\/\" \/>\n<meta property=\"og:locale\" content=\"fr_FR\" \/>\n<meta property=\"og:type\" content=\"article\" \/>\n<meta property=\"og:title\" content=\"Campagne \u00e9lectorale 2020 Nouveau-Brunswick - Canadian Cancer Survivor Network\" \/>\n<meta property=\"og:description\" content=\"&nbsp; &nbsp; &nbsp; &nbsp; Le R\u00e9seau canadien des survivants du cancer (RCSC) travaille \u00e0 relier les patient-e-s, les survivant-e-s et d\u2019autres organisations concern\u00e9es avec les d\u00e9cideurs et la communaut\u00e9 au sens large,\" \/>\n<meta property=\"og:url\" content=\"https:\/\/survivornet.ca\/fr\/agissez\/campagnes-electorales\/campagne-electorale-2020-nouveau-brunswick\/\" \/>\n<meta property=\"og:site_name\" content=\"Canadian Cancer Survivor Network\" \/>\n<meta property=\"article:modified_time\" content=\"2020-09-02T16:02:08+00:00\" \/>\n<meta property=\"og:image\" content=\"http:\/\/survivornet.ca\/wp-content\/uploads\/2020\/09\/ENB_Home2.png\" \/>\n<meta name=\"twitter:card\" content=\"summary_large_image\" \/>\n<meta name=\"twitter:label1\" content=\"Dur\u00e9e de lecture estim\u00e9e\" \/>\n\t<meta name=\"twitter:data1\" content=\"1 minute\" \/>\n<script type=\"application\/ld+json\" class=\"yoast-schema-graph\">{\"@context\":\"https:\\\/\\\/schema.org\",\"@graph\":[{\"@type\":\"WebPage\",\"@id\":\"https:\\\/\\\/survivornet.ca\\\/fr\\\/agissez\\\/campagnes-electorales\\\/campagne-electorale-2020-nouveau-brunswick\\\/\",\"url\":\"https:\\\/\\\/survivornet.ca\\\/fr\\\/agissez\\\/campagnes-electorales\\\/campagne-electorale-2020-nouveau-brunswick\\\/\",\"name\":\"Campagne \u00e9lectorale 2020 Nouveau-Brunswick - Canadian Cancer Survivor Network\",\"isPartOf\":{\"@id\":\"https:\\\/\\\/survivornet.ca\\\/#website\"},\"primaryImageOfPage\":{\"@id\":\"https:\\\/\\\/survivornet.ca\\\/fr\\\/agissez\\\/campagnes-electorales\\\/campagne-electorale-2020-nouveau-brunswick\\\/#primaryimage\"},\"image\":{\"@id\":\"https:\\\/\\\/survivornet.ca\\\/fr\\\/agissez\\\/campagnes-electorales\\\/campagne-electorale-2020-nouveau-brunswick\\\/#primaryimage\"},\"thumbnailUrl\":\"http:\\\/\\\/survivornet.ca\\\/wp-content\\\/uploads\\\/2020\\\/09\\\/ENB_Home2.png\",\"datePublished\":\"2020-09-02T15:37:45+00:00\",\"dateModified\":\"2020-09-02T16:02:08+00:00\",\"breadcrumb\":{\"@id\":\"https:\\\/\\\/survivornet.ca\\\/fr\\\/agissez\\\/campagnes-electorales\\\/campagne-electorale-2020-nouveau-brunswick\\\/#breadcrumb\"},\"inLanguage\":\"fr-FR\",\"potentialAction\":[{\"@type\":\"ReadAction\",\"target\":[\"https:\\\/\\\/survivornet.ca\\\/fr\\\/agissez\\\/campagnes-electorales\\\/campagne-electorale-2020-nouveau-brunswick\\\/\"]}]},{\"@type\":\"ImageObject\",\"inLanguage\":\"fr-FR\",\"@id\":\"https:\\\/\\\/survivornet.ca\\\/fr\\\/agissez\\\/campagnes-electorales\\\/campagne-electorale-2020-nouveau-brunswick\\\/#primaryimage\",\"url\":\"http:\\\/\\\/survivornet.ca\\\/wp-content\\\/uploads\\\/2020\\\/09\\\/ENB_Home2.png\",\"contentUrl\":\"http:\\\/\\\/survivornet.ca\\\/wp-content\\\/uploads\\\/2020\\\/09\\\/ENB_Home2.png\"},{\"@type\":\"BreadcrumbList\",\"@id\":\"https:\\\/\\\/survivornet.ca\\\/fr\\\/agissez\\\/campagnes-electorales\\\/campagne-electorale-2020-nouveau-brunswick\\\/#breadcrumb\",\"itemListElement\":[{\"@type\":\"ListItem\",\"position\":1,\"name\":\"Home\",\"item\":\"https:\\\/\\\/survivornet.ca\\\/fr\\\/\"},{\"@type\":\"ListItem\",\"position\":2,\"name\":\"Agissez\",\"item\":\"https:\\\/\\\/survivornet.ca\\\/fr\\\/agissez\\\/\"},{\"@type\":\"ListItem\",\"position\":3,\"name\":\"Campagnes \u00e9lectorales\",\"item\":\"https:\\\/\\\/survivornet.ca\\\/fr\\\/agissez\\\/campagnes-electorales\\\/\"},{\"@type\":\"ListItem\",\"position\":4,\"name\":\"Campagne \u00e9lectorale 2020 Nouveau-Brunswick\"}]},{\"@type\":\"WebSite\",\"@id\":\"https:\\\/\\\/survivornet.ca\\\/#website\",\"url\":\"https:\\\/\\\/survivornet.ca\\\/\",\"name\":\"Canadian Cancer Survivor Network\",\"description\":\"The Canadian Cancer Survivor Network was created by a group of Canadians concerned about cancer.\",\"publisher\":{\"@id\":\"https:\\\/\\\/survivornet.ca\\\/#organization\"},\"potentialAction\":[{\"@type\":\"SearchAction\",\"target\":{\"@type\":\"EntryPoint\",\"urlTemplate\":\"https:\\\/\\\/survivornet.ca\\\/?s={search_term_string}\"},\"query-input\":{\"@type\":\"PropertyValueSpecification\",\"valueRequired\":true,\"valueName\":\"search_term_string\"}}],\"inLanguage\":\"fr-FR\"},{\"@type\":\"Organization\",\"@id\":\"https:\\\/\\\/survivornet.ca\\\/#organization\",\"name\":\"Canadian Cancer Survivor Network\",\"url\":\"https:\\\/\\\/survivornet.ca\\\/\",\"logo\":{\"@type\":\"ImageObject\",\"inLanguage\":\"fr-FR\",\"@id\":\"https:\\\/\\\/survivornet.ca\\\/#\\\/schema\\\/logo\\\/image\\\/\",\"url\":\"http:\\\/\\\/survivornet.ca\\\/wp-content\\\/uploads\\\/2016\\\/12\\\/CCSN_Logo_EN_SQUARE.png\",\"contentUrl\":\"http:\\\/\\\/survivornet.ca\\\/wp-content\\\/uploads\\\/2016\\\/12\\\/CCSN_Logo_EN_SQUARE.png\",\"width\":1209,\"height\":1007,\"caption\":\"Canadian Cancer Survivor Network\"},\"image\":{\"@id\":\"https:\\\/\\\/survivornet.ca\\\/#\\\/schema\\\/logo\\\/image\\\/\"}}]}<\/script>\n<!-- \/ Yoast SEO plugin. -->","yoast_head_json":{"title":"Campagne \u00e9lectorale 2020 Nouveau-Brunswick - Canadian Cancer Survivor Network","robots":{"index":"index","follow":"follow","max-snippet":"max-snippet:-1","max-image-preview":"max-image-preview:large","max-video-preview":"max-video-preview:-1"},"canonical":"https:\/\/survivornet.ca\/fr\/agissez\/campagnes-electorales\/campagne-electorale-2020-nouveau-brunswick\/","og_locale":"fr_FR","og_type":"article","og_title":"Campagne \u00e9lectorale 2020 Nouveau-Brunswick - Canadian Cancer Survivor Network","og_description":"&nbsp; &nbsp; &nbsp; &nbsp; Le R\u00e9seau canadien des survivants du cancer (RCSC) travaille \u00e0 relier les patient-e-s, les survivant-e-s et d\u2019autres organisations concern\u00e9es avec les d\u00e9cideurs et la communaut\u00e9 au sens large,","og_url":"https:\/\/survivornet.ca\/fr\/agissez\/campagnes-electorales\/campagne-electorale-2020-nouveau-brunswick\/","og_site_name":"Canadian Cancer Survivor Network","article_modified_time":"2020-09-02T16:02:08+00:00","og_image":[{"url":"http:\/\/survivornet.ca\/wp-content\/uploads\/2020\/09\/ENB_Home2.png","type":"","width":"","height":""}],"twitter_card":"summary_large_image","twitter_misc":{"Dur\u00e9e de lecture estim\u00e9e":"1 minute"},"schema":{"@context":"https:\/\/schema.org","@graph":[{"@type":"WebPage","@id":"https:\/\/survivornet.ca\/fr\/agissez\/campagnes-electorales\/campagne-electorale-2020-nouveau-brunswick\/","url":"https:\/\/survivornet.ca\/fr\/agissez\/campagnes-electorales\/campagne-electorale-2020-nouveau-brunswick\/","name":"Campagne \u00e9lectorale 2020 Nouveau-Brunswick - Canadian Cancer Survivor Network","isPartOf":{"@id":"https:\/\/survivornet.ca\/#website"},"primaryImageOfPage":{"@id":"https:\/\/survivornet.ca\/fr\/agissez\/campagnes-electorales\/campagne-electorale-2020-nouveau-brunswick\/#primaryimage"},"image":{"@id":"https:\/\/survivornet.ca\/fr\/agissez\/campagnes-electorales\/campagne-electorale-2020-nouveau-brunswick\/#primaryimage"},"thumbnailUrl":"http:\/\/survivornet.ca\/wp-content\/uploads\/2020\/09\/ENB_Home2.png","datePublished":"2020-09-02T15:37:45+00:00","dateModified":"2020-09-02T16:02:08+00:00","breadcrumb":{"@id":"https:\/\/survivornet.ca\/fr\/agissez\/campagnes-electorales\/campagne-electorale-2020-nouveau-brunswick\/#breadcrumb"},"inLanguage":"fr-FR","potentialAction":[{"@type":"ReadAction","target":["https:\/\/survivornet.ca\/fr\/agissez\/campagnes-electorales\/campagne-electorale-2020-nouveau-brunswick\/"]}]},{"@type":"ImageObject","inLanguage":"fr-FR","@id":"https:\/\/survivornet.ca\/fr\/agissez\/campagnes-electorales\/campagne-electorale-2020-nouveau-brunswick\/#primaryimage","url":"http:\/\/survivornet.ca\/wp-content\/uploads\/2020\/09\/ENB_Home2.png","contentUrl":"http:\/\/survivornet.ca\/wp-content\/uploads\/2020\/09\/ENB_Home2.png"},{"@type":"BreadcrumbList","@id":"https:\/\/survivornet.ca\/fr\/agissez\/campagnes-electorales\/campagne-electorale-2020-nouveau-brunswick\/#breadcrumb","itemListElement":[{"@type":"ListItem","position":1,"name":"Home","item":"https:\/\/survivornet.ca\/fr\/"},{"@type":"ListItem","position":2,"name":"Agissez","item":"https:\/\/survivornet.ca\/fr\/agissez\/"},{"@type":"ListItem","position":3,"name":"Campagnes \u00e9lectorales","item":"https:\/\/survivornet.ca\/fr\/agissez\/campagnes-electorales\/"},{"@type":"ListItem","position":4,"name":"Campagne \u00e9lectorale 2020 Nouveau-Brunswick"}]},{"@type":"WebSite","@id":"https:\/\/survivornet.ca\/#website","url":"https:\/\/survivornet.ca\/","name":"Canadian Cancer Survivor Network","description":"The Canadian Cancer Survivor Network was created by a group of Canadians concerned about cancer.","publisher":{"@id":"https:\/\/survivornet.ca\/#organization"},"potentialAction":[{"@type":"SearchAction","target":{"@type":"EntryPoint","urlTemplate":"https:\/\/survivornet.ca\/?s={search_term_string}"},"query-input":{"@type":"PropertyValueSpecification","valueRequired":true,"valueName":"search_term_string"}}],"inLanguage":"fr-FR"},{"@type":"Organization","@id":"https:\/\/survivornet.ca\/#organization","name":"Canadian Cancer Survivor Network","url":"https:\/\/survivornet.ca\/","logo":{"@type":"ImageObject","inLanguage":"fr-FR","@id":"https:\/\/survivornet.ca\/#\/schema\/logo\/image\/","url":"http:\/\/survivornet.ca\/wp-content\/uploads\/2016\/12\/CCSN_Logo_EN_SQUARE.png","contentUrl":"http:\/\/survivornet.ca\/wp-content\/uploads\/2016\/12\/CCSN_Logo_EN_SQUARE.png","width":1209,"height":1007,"caption":"Canadian Cancer Survivor Network"},"image":{"@id":"https:\/\/survivornet.ca\/#\/schema\/logo\/image\/"}}]}},"_links":{"self":[{"href":"https:\/\/survivornet.ca\/fr\/wp-json\/wp\/v2\/pages\/18460","targetHints":{"allow":["GET"]}}],"collection":[{"href":"https:\/\/survivornet.ca\/fr\/wp-json\/wp\/v2\/pages"}],"about":[{"href":"https:\/\/survivornet.ca\/fr\/wp-json\/wp\/v2\/types\/page"}],"author":[{"embeddable":true,"href":"https:\/\/survivornet.ca\/fr\/wp-json\/wp\/v2\/users\/2"}],"replies":[{"embeddable":true,"href":"https:\/\/survivornet.ca\/fr\/wp-json\/wp\/v2\/comments?post=18460"}],"version-history":[{"count":0,"href":"https:\/\/survivornet.ca\/fr\/wp-json\/wp\/v2\/pages\/18460\/revisions"}],"up":[{"embeddable":true,"href":"https:\/\/survivornet.ca\/fr\/wp-json\/wp\/v2\/pages\/5194"}],"wp:attachment":[{"href":"https:\/\/survivornet.ca\/fr\/wp-json\/wp\/v2\/media?parent=18460"}],"curies":[{"name":"wp","href":"https:\/\/api.w.org\/{rel}","templated":true}]}}