{"id":18357,"date":"2017-03-03T15:37:26","date_gmt":"2017-03-03T15:37:26","guid":{"rendered":"https:\/\/survivornet.ca\/apprenez\/health-concerns-for-cancer-patients\/"},"modified":"2020-09-11T11:52:20","modified_gmt":"2020-09-11T15:52:20","slug":"health-concerns-for-cancer-patients","status":"publish","type":"page","link":"https:\/\/survivornet.ca\/fr\/apprenez\/health-concerns-for-cancer-patients\/","title":{"rendered":"Enjeux affectants les patients atteints de cancer"},"content":{"rendered":"<p><span style=\"font-weight: 400;\">Cette section fournit de l\u2019information sur les pr\u00e9occupations qui affectent les patients atteint de cancer. Vous y trouverez de l\u2019information claire et concise ainsi que des liens pour des ressources suppl\u00e9mentaires.\u00a0<\/span><\/p>\n<p>Si vous aimeriez que nous abordions d&#8217;autres sujets, veuillez-nous <a href=\"https:\/\/survivornet.ca\/fr\/reliez-vous\/contactez-nous\/\">contacter<\/a>.<\/p>\n<p>Cette section est pr\u00e9sentement en construction. Les liens fran\u00e7ais seront ajout\u00e9s sous peu.<\/p>\n<ul class=\"content-list\">\n<li class=\"page_item page-item-3377 page_item_has_children toggle\"><a href=\"https:\/\/survivornet.ca\/fr\/?page_id=18358\">L&#8217;amiante et le m\u00e9soth\u00e9liome<\/a><\/li>\n<li class=\"page_item page-item-3416\"><a href=\"https:\/\/survivornet.ca\/fr\/apprenez\/health-concerns-for-cancer-patients\/les-caillots-sanguins-et-le-cancer\/\">Les caillots sanguins et le cancer<\/a><\/li>\n<li class=\"page_item page-item-3424\"><a href=\"https:\/\/survivornet.ca\/fr\/apprenez\/health-concerns-for-cancer-patients\/les-metastases-osseuses\/\">Les m\u00e9tastases osseuses <\/a><\/li>\n<li class=\"page_item page-item-5760 page_item_has_children toggle\"><a href=\"https:\/\/survivornet.ca\/fr\/apprenez\/health-concerns-for-cancer-patients\/les-proches-aidants\/\">Les proches aidants\u00a0<\/a><\/li>\n<li class=\"page_item page-item-3426 page_item_has_children toggle\"><a href=\"\/?page_id=3426\">Les naus\u00e9es et les vomissements Chimio-induits (NVCI)<\/a><\/li>\n<li class=\"page_item page-item-3449\"><a href=\"https:\/\/survivornet.ca\/fr\/apprenez\/health-concerns-for-cancer-patients\/essais-cliniques\/\">Les essais cliniques\u00a0<\/a><\/li>\n<li class=\"page_item page-item-2929 page_item_has_children toggle\"><a href=\"\/?page_id=2929\">L&#8217;approbation des m\u00e9dicaments au Canada<\/a><\/li>\n<li class=\"page_item page-item-6367\"><a href=\"\/?page_id=6367\">La s\u00e9curit\u00e9 m\u00e9dicamenteuse au Canada<\/a><\/li>\n<li class=\"page_item page-item-2961 page_item_has_children toggle\"><a href=\"\/?page_id=2961\">Les co\u00fbts associ\u00e9s au cancer<\/a><\/li>\n<li class=\"page_item page-item-3459 page_item_has_children toggle\"><a href=\"\/?page_id=3459\">Les tests g\u00e9n\u00e9tiques<\/a><\/li>\n<li class=\"page_item page-item-3902\"><a href=\"\/?page_id=3902\">La neutrop\u00e9nie f\u00e9brile\u00a0<\/a><\/li>\n<li class=\"page_item page-item-3489 page_item_has_children toggle\"><a href=\"\/?page_id=3489\">Le VPH et le cancer<\/a><\/li>\n<li class=\"page_item page-item-2926\"><a href=\"\/?page_id=2926\">Les assurances et le cancer<\/a><\/li>\n<li class=\"page_item page-item-3505 page_item_has_children toggle\"><a href=\"https:\/\/survivornet.ca\/fr\/apprenez\/health-concerns-for-cancer-patients\/le-lymphoedeme\/\">Le lymphoed\u00e8me<\/a><\/li>\n<li class=\"page_item page-item-3516 page_item_has_children toggle\"><a href=\"\/?page_id=3516\">Le cannabis \u00e0 des fins m\u00e9dicales<\/a><\/li>\n<li class=\"page_item page-item-8429\"><a href=\"\/?page_id=8429\">Le bien-\u00eatre psycologique\u00a0<\/a><\/li>\n<li class=\"page_item page-item-6902 page_item_has_children toggle\"><a href=\"\/?page_id=6902\">Les nouveaux traitements<\/a><\/li>\n<li class=\"page_item page-item-8444\"><a href=\"\/?page_id=8444\">Les soins palliatifs Palliative care<\/a><\/li>\n<li class=\"page_item page-item-3003 page_item_has_children toggle\"><a href=\"\/?page_id=3003\">La pr\u00e9vention<\/a><\/li>\n<li class=\"page_item page-item-3025 page_item_has_children current_page_ancestor current_page_parent toggle\"><a href=\"\/?page_id=3025\">Les temps d&#8217;attente au Canada<\/a><\/li>\n<\/ul>\n","protected":false},"excerpt":{"rendered":"<p>Cette section fournit de l\u2019information sur les pr\u00e9occupations qui affectent les patients atteint de cancer. Vous y trouverez de l\u2019information claire et concise ainsi que des liens pour des ressources suppl\u00e9mentaires.\u00a0 Si<\/p>\n","protected":false},"author":2,"featured_media":0,"parent":4511,"menu_order":0,"comment_status":"closed","ping_status":"closed","template":"","meta":{"_acf_changed":false,"footnotes":""},"class_list":["post-18357","page","type-page","status-publish","hentry"],"acf":[],"yoast_head":"<!-- This site is optimized with the Yoast SEO plugin v27.4 - https:\/\/yoast.com\/product\/yoast-seo-wordpress\/ -->\n<title>Enjeux affectants les patients atteints de cancer - Canadian Cancer Survivor Network<\/title>\n<meta name=\"robots\" content=\"index, follow, max-snippet:-1, max-image-preview:large, max-video-preview:-1\" \/>\n<link rel=\"canonical\" href=\"https:\/\/survivornet.ca\/fr\/apprenez\/health-concerns-for-cancer-patients\/\" \/>\n<meta property=\"og:locale\" content=\"fr_FR\" \/>\n<meta property=\"og:type\" content=\"article\" \/>\n<meta property=\"og:title\" content=\"Enjeux affectants les patients atteints de cancer - Canadian Cancer Survivor Network\" \/>\n<meta property=\"og:description\" content=\"Cette section fournit de l\u2019information sur les pr\u00e9occupations qui affectent les patients atteint de cancer. Vous y trouverez de l\u2019information claire et concise ainsi que des liens pour des ressources suppl\u00e9mentaires.\u00a0 Si\" \/>\n<meta property=\"og:url\" content=\"https:\/\/survivornet.ca\/fr\/apprenez\/health-concerns-for-cancer-patients\/\" \/>\n<meta property=\"og:site_name\" content=\"Canadian Cancer Survivor Network\" \/>\n<meta property=\"article:modified_time\" content=\"2020-09-11T15:52:20+00:00\" \/>\n<meta name=\"twitter:card\" content=\"summary_large_image\" \/>\n<meta name=\"twitter:label1\" content=\"Dur\u00e9e de lecture estim\u00e9e\" \/>\n\t<meta name=\"twitter:data1\" content=\"1 minute\" \/>\n<script type=\"application\/ld+json\" class=\"yoast-schema-graph\">{\"@context\":\"https:\\\/\\\/schema.org\",\"@graph\":[{\"@type\":\"WebPage\",\"@id\":\"https:\\\/\\\/survivornet.ca\\\/fr\\\/apprenez\\\/health-concerns-for-cancer-patients\\\/\",\"url\":\"https:\\\/\\\/survivornet.ca\\\/fr\\\/apprenez\\\/health-concerns-for-cancer-patients\\\/\",\"name\":\"Enjeux affectants les patients atteints de cancer - Canadian Cancer Survivor Network\",\"isPartOf\":{\"@id\":\"https:\\\/\\\/survivornet.ca\\\/#website\"},\"datePublished\":\"2017-03-03T15:37:26+00:00\",\"dateModified\":\"2020-09-11T15:52:20+00:00\",\"breadcrumb\":{\"@id\":\"https:\\\/\\\/survivornet.ca\\\/fr\\\/apprenez\\\/health-concerns-for-cancer-patients\\\/#breadcrumb\"},\"inLanguage\":\"fr-FR\",\"potentialAction\":[{\"@type\":\"ReadAction\",\"target\":[\"https:\\\/\\\/survivornet.ca\\\/fr\\\/apprenez\\\/health-concerns-for-cancer-patients\\\/\"]}]},{\"@type\":\"BreadcrumbList\",\"@id\":\"https:\\\/\\\/survivornet.ca\\\/fr\\\/apprenez\\\/health-concerns-for-cancer-patients\\\/#breadcrumb\",\"itemListElement\":[{\"@type\":\"ListItem\",\"position\":1,\"name\":\"Home\",\"item\":\"https:\\\/\\\/survivornet.ca\\\/fr\\\/\"},{\"@type\":\"ListItem\",\"position\":2,\"name\":\"Apprenez\",\"item\":\"https:\\\/\\\/survivornet.ca\\\/fr\\\/apprenez\\\/\"},{\"@type\":\"ListItem\",\"position\":3,\"name\":\"Enjeux affectants les patients atteints de cancer\"}]},{\"@type\":\"WebSite\",\"@id\":\"https:\\\/\\\/survivornet.ca\\\/#website\",\"url\":\"https:\\\/\\\/survivornet.ca\\\/\",\"name\":\"Canadian Cancer Survivor Network\",\"description\":\"The Canadian Cancer Survivor Network was created by a group of Canadians concerned about cancer.\",\"publisher\":{\"@id\":\"https:\\\/\\\/survivornet.ca\\\/#organization\"},\"potentialAction\":[{\"@type\":\"SearchAction\",\"target\":{\"@type\":\"EntryPoint\",\"urlTemplate\":\"https:\\\/\\\/survivornet.ca\\\/?s={search_term_string}\"},\"query-input\":{\"@type\":\"PropertyValueSpecification\",\"valueRequired\":true,\"valueName\":\"search_term_string\"}}],\"inLanguage\":\"fr-FR\"},{\"@type\":\"Organization\",\"@id\":\"https:\\\/\\\/survivornet.ca\\\/#organization\",\"name\":\"Canadian Cancer Survivor Network\",\"url\":\"https:\\\/\\\/survivornet.ca\\\/\",\"logo\":{\"@type\":\"ImageObject\",\"inLanguage\":\"fr-FR\",\"@id\":\"https:\\\/\\\/survivornet.ca\\\/#\\\/schema\\\/logo\\\/image\\\/\",\"url\":\"http:\\\/\\\/survivornet.ca\\\/wp-content\\\/uploads\\\/2016\\\/12\\\/CCSN_Logo_EN_SQUARE.png\",\"contentUrl\":\"http:\\\/\\\/survivornet.ca\\\/wp-content\\\/uploads\\\/2016\\\/12\\\/CCSN_Logo_EN_SQUARE.png\",\"width\":1209,\"height\":1007,\"caption\":\"Canadian Cancer Survivor Network\"},\"image\":{\"@id\":\"https:\\\/\\\/survivornet.ca\\\/#\\\/schema\\\/logo\\\/image\\\/\"}}]}<\/script>\n<!-- \/ Yoast SEO plugin. -->","yoast_head_json":{"title":"Enjeux affectants les patients atteints de cancer - Canadian Cancer Survivor Network","robots":{"index":"index","follow":"follow","max-snippet":"max-snippet:-1","max-image-preview":"max-image-preview:large","max-video-preview":"max-video-preview:-1"},"canonical":"https:\/\/survivornet.ca\/fr\/apprenez\/health-concerns-for-cancer-patients\/","og_locale":"fr_FR","og_type":"article","og_title":"Enjeux affectants les patients atteints de cancer - Canadian Cancer Survivor Network","og_description":"Cette section fournit de l\u2019information sur les pr\u00e9occupations qui affectent les patients atteint de cancer. Vous y trouverez de l\u2019information claire et concise ainsi que des liens pour des ressources suppl\u00e9mentaires.\u00a0 Si","og_url":"https:\/\/survivornet.ca\/fr\/apprenez\/health-concerns-for-cancer-patients\/","og_site_name":"Canadian Cancer Survivor Network","article_modified_time":"2020-09-11T15:52:20+00:00","twitter_card":"summary_large_image","twitter_misc":{"Dur\u00e9e de lecture estim\u00e9e":"1 minute"},"schema":{"@context":"https:\/\/schema.org","@graph":[{"@type":"WebPage","@id":"https:\/\/survivornet.ca\/fr\/apprenez\/health-concerns-for-cancer-patients\/","url":"https:\/\/survivornet.ca\/fr\/apprenez\/health-concerns-for-cancer-patients\/","name":"Enjeux affectants les patients atteints de cancer - Canadian Cancer Survivor Network","isPartOf":{"@id":"https:\/\/survivornet.ca\/#website"},"datePublished":"2017-03-03T15:37:26+00:00","dateModified":"2020-09-11T15:52:20+00:00","breadcrumb":{"@id":"https:\/\/survivornet.ca\/fr\/apprenez\/health-concerns-for-cancer-patients\/#breadcrumb"},"inLanguage":"fr-FR","potentialAction":[{"@type":"ReadAction","target":["https:\/\/survivornet.ca\/fr\/apprenez\/health-concerns-for-cancer-patients\/"]}]},{"@type":"BreadcrumbList","@id":"https:\/\/survivornet.ca\/fr\/apprenez\/health-concerns-for-cancer-patients\/#breadcrumb","itemListElement":[{"@type":"ListItem","position":1,"name":"Home","item":"https:\/\/survivornet.ca\/fr\/"},{"@type":"ListItem","position":2,"name":"Apprenez","item":"https:\/\/survivornet.ca\/fr\/apprenez\/"},{"@type":"ListItem","position":3,"name":"Enjeux affectants les patients atteints de cancer"}]},{"@type":"WebSite","@id":"https:\/\/survivornet.ca\/#website","url":"https:\/\/survivornet.ca\/","name":"Canadian Cancer Survivor Network","description":"The Canadian Cancer Survivor Network was created by a group of Canadians concerned about cancer.","publisher":{"@id":"https:\/\/survivornet.ca\/#organization"},"potentialAction":[{"@type":"SearchAction","target":{"@type":"EntryPoint","urlTemplate":"https:\/\/survivornet.ca\/?s={search_term_string}"},"query-input":{"@type":"PropertyValueSpecification","valueRequired":true,"valueName":"search_term_string"}}],"inLanguage":"fr-FR"},{"@type":"Organization","@id":"https:\/\/survivornet.ca\/#organization","name":"Canadian Cancer Survivor Network","url":"https:\/\/survivornet.ca\/","logo":{"@type":"ImageObject","inLanguage":"fr-FR","@id":"https:\/\/survivornet.ca\/#\/schema\/logo\/image\/","url":"http:\/\/survivornet.ca\/wp-content\/uploads\/2016\/12\/CCSN_Logo_EN_SQUARE.png","contentUrl":"http:\/\/survivornet.ca\/wp-content\/uploads\/2016\/12\/CCSN_Logo_EN_SQUARE.png","width":1209,"height":1007,"caption":"Canadian Cancer Survivor Network"},"image":{"@id":"https:\/\/survivornet.ca\/#\/schema\/logo\/image\/"}}]}},"_links":{"self":[{"href":"https:\/\/survivornet.ca\/fr\/wp-json\/wp\/v2\/pages\/18357","targetHints":{"allow":["GET"]}}],"collection":[{"href":"https:\/\/survivornet.ca\/fr\/wp-json\/wp\/v2\/pages"}],"about":[{"href":"https:\/\/survivornet.ca\/fr\/wp-json\/wp\/v2\/types\/page"}],"author":[{"embeddable":true,"href":"https:\/\/survivornet.ca\/fr\/wp-json\/wp\/v2\/users\/2"}],"replies":[{"embeddable":true,"href":"https:\/\/survivornet.ca\/fr\/wp-json\/wp\/v2\/comments?post=18357"}],"version-history":[{"count":0,"href":"https:\/\/survivornet.ca\/fr\/wp-json\/wp\/v2\/pages\/18357\/revisions"}],"up":[{"embeddable":true,"href":"https:\/\/survivornet.ca\/fr\/wp-json\/wp\/v2\/pages\/4511"}],"wp:attachment":[{"href":"https:\/\/survivornet.ca\/fr\/wp-json\/wp\/v2\/media?parent=18357"}],"curies":[{"name":"wp","href":"https:\/\/api.w.org\/{rel}","templated":true}]}}