{"id":14296,"date":"2019-07-12T19:37:22","date_gmt":"2019-07-12T19:37:22","guid":{"rendered":"https:\/\/survivornet.ca\/?page_id=14296\/"},"modified":"2024-02-07T16:15:55","modified_gmt":"2024-02-07T21:15:55","slug":"don-de-cheveux-ottawa","status":"publish","type":"page","link":"https:\/\/survivornet.ca\/fr\/reliez-vous\/partenaires\/don-de-cheveux-ottawa\/","title":{"rendered":"Dons de cheveux Ottawa"},"content":{"rendered":"<p><a href=\"http:\/\/survivornet.ca\/wp-content\/uploads\/2024\/02\/Don-de-cheveux-ottawa-CHEO.png\"><img loading=\"lazy\" decoding=\"async\" class=\"aligncenter  wp-image-28781\" src=\"http:\/\/survivornet.ca\/wp-content\/uploads\/2024\/02\/Don-de-cheveux-ottawa-CHEO.png\" alt=\"\" width=\"433\" height=\"303\" \/><\/a><\/p>\n<p><strong><span style=\"text-decoration: underline;\">Faites en sorte que votre coupe compte en tout temps!<\/span><\/strong><\/p>\n<p>Dons de cheveux Ottawa est devenu une collecte de fonds qui se d\u00e9roule toute l\u2019ann\u00e9e et qui vous permet de faire une diff\u00e9rence dans la vie des enfants et des adolescents de notre communaut\u00e9 aux prises avec le cancer.?Faites don de vos cheveux ou de votre barbe et amassez des fonds pour la recherche r\u00e9volutionnaire sur le cancer au CHEO. Donnez de l\u2019autonomie aux enfants et aux adolescents qui subissent un traitement contre le cancer et appuyez les initiatives de durabilit\u00e9 environnementale!<\/p>\n<p><strong><span style=\"text-decoration: underline;\">Voici comment les fonds amass\u00e9s seront employ\u00e9s:<\/span><\/strong><\/p>\n<ul class=\"content-list\">\n<li>Pour effectuer de la recherche innovatrice en mati\u00e8re d\u2019oncologie \u00e0 l\u2019Institut de recherche du CHEO;<\/li>\n<li>Pour offrir gratuitement des perruques aux enfants et aux adolescents de la r\u00e9gion qui en ont besoin en partenariat avec <em>The Hairapy Shop Ottawa<\/em>;<\/li>\n<li>Pour contribuer aux efforts environnementaux des salons Green Circle. Ils utilisent les cheveux pour fabriquer des produits comme des bacs de recyclage en bioplastique, des filtres et de l\u2019isolation pour les eaux de pluie ou des filets de cheveux qui servent \u00e0 nettoyer nos oc\u00e9ans, nos lacs et nos rivi\u00e8res. Aucun cheveu n\u2019est gaspill\u00e9. Tout le monde y gagne!<\/li>\n<\/ul>\n<p>Pour en savoir plus, consultez notre <a href=\"https:\/\/cheofoundation.com\/fr\/donsdecheveuxottawa\/\">site web<\/a>.<\/p>\n<p>Soyez des n\u00f4tres pour appuyer la recherche en oncologie et merci d\u2019\u00eatre un #H\u00e9rosPourLeCHEO<\/p>\n<p>415 Smyth Road<br \/>\nOttawa, ON K1H 8M8<br \/>\n613-737-2780<\/p>\n","protected":false},"excerpt":{"rendered":"<p>Faites en sorte que votre coupe compte en tout temps! Dons de cheveux Ottawa est devenu une collecte de fonds qui se d\u00e9roule toute l\u2019ann\u00e9e et qui vous permet de faire une<\/p>\n","protected":false},"author":2,"featured_media":28781,"parent":4484,"menu_order":0,"comment_status":"closed","ping_status":"closed","template":"","meta":{"_acf_changed":false,"footnotes":""},"class_list":["post-14296","page","type-page","status-publish","has-post-thumbnail","hentry"],"acf":[],"yoast_head":"<!-- This site is optimized with the Yoast SEO plugin v27.4 - https:\/\/yoast.com\/product\/yoast-seo-wordpress\/ -->\n<title>Dons de cheveux Ottawa - Canadian Cancer Survivor Network<\/title>\n<meta name=\"robots\" content=\"index, follow, max-snippet:-1, max-image-preview:large, max-video-preview:-1\" \/>\n<link rel=\"canonical\" href=\"https:\/\/survivornet.ca\/fr\/reliez-vous\/partenaires\/don-de-cheveux-ottawa\/\" \/>\n<meta property=\"og:locale\" content=\"fr_FR\" \/>\n<meta property=\"og:type\" content=\"article\" \/>\n<meta property=\"og:title\" content=\"Dons de cheveux Ottawa - Canadian Cancer Survivor Network\" \/>\n<meta property=\"og:description\" content=\"Faites en sorte que votre coupe compte en tout temps! Dons de cheveux Ottawa est devenu une collecte de fonds qui se d\u00e9roule toute l\u2019ann\u00e9e et qui vous permet de faire une\" \/>\n<meta property=\"og:url\" content=\"https:\/\/survivornet.ca\/fr\/reliez-vous\/partenaires\/don-de-cheveux-ottawa\/\" \/>\n<meta property=\"og:site_name\" content=\"Canadian Cancer Survivor Network\" \/>\n<meta property=\"article:modified_time\" content=\"2024-02-07T21:15:55+00:00\" \/>\n<meta property=\"og:image\" content=\"https:\/\/survivornet.ca\/wp-content\/uploads\/2024\/02\/Don-de-cheveux-ottawa-CHEO.png\" \/>\n\t<meta property=\"og:image:width\" content=\"768\" \/>\n\t<meta property=\"og:image:height\" content=\"538\" \/>\n\t<meta property=\"og:image:type\" content=\"image\/png\" \/>\n<meta name=\"twitter:card\" content=\"summary_large_image\" \/>\n<meta name=\"twitter:label1\" content=\"Dur\u00e9e de lecture estim\u00e9e\" \/>\n\t<meta name=\"twitter:data1\" content=\"1 minute\" \/>\n<script type=\"application\/ld+json\" class=\"yoast-schema-graph\">{\"@context\":\"https:\\\/\\\/schema.org\",\"@graph\":[{\"@type\":\"WebPage\",\"@id\":\"https:\\\/\\\/survivornet.ca\\\/fr\\\/reliez-vous\\\/partenaires\\\/don-de-cheveux-ottawa\\\/\",\"url\":\"https:\\\/\\\/survivornet.ca\\\/fr\\\/reliez-vous\\\/partenaires\\\/don-de-cheveux-ottawa\\\/\",\"name\":\"Dons de cheveux Ottawa - Canadian Cancer Survivor Network\",\"isPartOf\":{\"@id\":\"https:\\\/\\\/survivornet.ca\\\/#website\"},\"primaryImageOfPage\":{\"@id\":\"https:\\\/\\\/survivornet.ca\\\/fr\\\/reliez-vous\\\/partenaires\\\/don-de-cheveux-ottawa\\\/#primaryimage\"},\"image\":{\"@id\":\"https:\\\/\\\/survivornet.ca\\\/fr\\\/reliez-vous\\\/partenaires\\\/don-de-cheveux-ottawa\\\/#primaryimage\"},\"thumbnailUrl\":\"https:\\\/\\\/survivornet.ca\\\/wp-content\\\/uploads\\\/2024\\\/02\\\/Don-de-cheveux-ottawa-CHEO.png\",\"datePublished\":\"2019-07-12T19:37:22+00:00\",\"dateModified\":\"2024-02-07T21:15:55+00:00\",\"breadcrumb\":{\"@id\":\"https:\\\/\\\/survivornet.ca\\\/fr\\\/reliez-vous\\\/partenaires\\\/don-de-cheveux-ottawa\\\/#breadcrumb\"},\"inLanguage\":\"fr-FR\",\"potentialAction\":[{\"@type\":\"ReadAction\",\"target\":[\"https:\\\/\\\/survivornet.ca\\\/fr\\\/reliez-vous\\\/partenaires\\\/don-de-cheveux-ottawa\\\/\"]}]},{\"@type\":\"ImageObject\",\"inLanguage\":\"fr-FR\",\"@id\":\"https:\\\/\\\/survivornet.ca\\\/fr\\\/reliez-vous\\\/partenaires\\\/don-de-cheveux-ottawa\\\/#primaryimage\",\"url\":\"https:\\\/\\\/survivornet.ca\\\/wp-content\\\/uploads\\\/2024\\\/02\\\/Don-de-cheveux-ottawa-CHEO.png\",\"contentUrl\":\"https:\\\/\\\/survivornet.ca\\\/wp-content\\\/uploads\\\/2024\\\/02\\\/Don-de-cheveux-ottawa-CHEO.png\",\"width\":768,\"height\":538},{\"@type\":\"BreadcrumbList\",\"@id\":\"https:\\\/\\\/survivornet.ca\\\/fr\\\/reliez-vous\\\/partenaires\\\/don-de-cheveux-ottawa\\\/#breadcrumb\",\"itemListElement\":[{\"@type\":\"ListItem\",\"position\":1,\"name\":\"Home\",\"item\":\"https:\\\/\\\/survivornet.ca\\\/fr\\\/\"},{\"@type\":\"ListItem\",\"position\":2,\"name\":\"Connectez\",\"item\":\"https:\\\/\\\/survivornet.ca\\\/fr\\\/reliez-vous\\\/\"},{\"@type\":\"ListItem\",\"position\":3,\"name\":\"Partenaires\",\"item\":\"https:\\\/\\\/survivornet.ca\\\/fr\\\/reliez-vous\\\/partenaires\\\/\"},{\"@type\":\"ListItem\",\"position\":4,\"name\":\"Dons de cheveux Ottawa\"}]},{\"@type\":\"WebSite\",\"@id\":\"https:\\\/\\\/survivornet.ca\\\/#website\",\"url\":\"https:\\\/\\\/survivornet.ca\\\/\",\"name\":\"Canadian Cancer Survivor Network\",\"description\":\"The Canadian Cancer Survivor Network was created by a group of Canadians concerned about cancer.\",\"publisher\":{\"@id\":\"https:\\\/\\\/survivornet.ca\\\/#organization\"},\"potentialAction\":[{\"@type\":\"SearchAction\",\"target\":{\"@type\":\"EntryPoint\",\"urlTemplate\":\"https:\\\/\\\/survivornet.ca\\\/?s={search_term_string}\"},\"query-input\":{\"@type\":\"PropertyValueSpecification\",\"valueRequired\":true,\"valueName\":\"search_term_string\"}}],\"inLanguage\":\"fr-FR\"},{\"@type\":\"Organization\",\"@id\":\"https:\\\/\\\/survivornet.ca\\\/#organization\",\"name\":\"Canadian Cancer Survivor Network\",\"url\":\"https:\\\/\\\/survivornet.ca\\\/\",\"logo\":{\"@type\":\"ImageObject\",\"inLanguage\":\"fr-FR\",\"@id\":\"https:\\\/\\\/survivornet.ca\\\/#\\\/schema\\\/logo\\\/image\\\/\",\"url\":\"http:\\\/\\\/survivornet.ca\\\/wp-content\\\/uploads\\\/2016\\\/12\\\/CCSN_Logo_EN_SQUARE.png\",\"contentUrl\":\"http:\\\/\\\/survivornet.ca\\\/wp-content\\\/uploads\\\/2016\\\/12\\\/CCSN_Logo_EN_SQUARE.png\",\"width\":1209,\"height\":1007,\"caption\":\"Canadian Cancer Survivor Network\"},\"image\":{\"@id\":\"https:\\\/\\\/survivornet.ca\\\/#\\\/schema\\\/logo\\\/image\\\/\"}}]}<\/script>\n<!-- \/ Yoast SEO plugin. -->","yoast_head_json":{"title":"Dons de cheveux Ottawa - Canadian Cancer Survivor Network","robots":{"index":"index","follow":"follow","max-snippet":"max-snippet:-1","max-image-preview":"max-image-preview:large","max-video-preview":"max-video-preview:-1"},"canonical":"https:\/\/survivornet.ca\/fr\/reliez-vous\/partenaires\/don-de-cheveux-ottawa\/","og_locale":"fr_FR","og_type":"article","og_title":"Dons de cheveux Ottawa - Canadian Cancer Survivor Network","og_description":"Faites en sorte que votre coupe compte en tout temps! Dons de cheveux Ottawa est devenu une collecte de fonds qui se d\u00e9roule toute l\u2019ann\u00e9e et qui vous permet de faire une","og_url":"https:\/\/survivornet.ca\/fr\/reliez-vous\/partenaires\/don-de-cheveux-ottawa\/","og_site_name":"Canadian Cancer Survivor Network","article_modified_time":"2024-02-07T21:15:55+00:00","og_image":[{"width":768,"height":538,"url":"https:\/\/survivornet.ca\/wp-content\/uploads\/2024\/02\/Don-de-cheveux-ottawa-CHEO.png","type":"image\/png"}],"twitter_card":"summary_large_image","twitter_misc":{"Dur\u00e9e de lecture estim\u00e9e":"1 minute"},"schema":{"@context":"https:\/\/schema.org","@graph":[{"@type":"WebPage","@id":"https:\/\/survivornet.ca\/fr\/reliez-vous\/partenaires\/don-de-cheveux-ottawa\/","url":"https:\/\/survivornet.ca\/fr\/reliez-vous\/partenaires\/don-de-cheveux-ottawa\/","name":"Dons de cheveux Ottawa - Canadian Cancer Survivor Network","isPartOf":{"@id":"https:\/\/survivornet.ca\/#website"},"primaryImageOfPage":{"@id":"https:\/\/survivornet.ca\/fr\/reliez-vous\/partenaires\/don-de-cheveux-ottawa\/#primaryimage"},"image":{"@id":"https:\/\/survivornet.ca\/fr\/reliez-vous\/partenaires\/don-de-cheveux-ottawa\/#primaryimage"},"thumbnailUrl":"https:\/\/survivornet.ca\/wp-content\/uploads\/2024\/02\/Don-de-cheveux-ottawa-CHEO.png","datePublished":"2019-07-12T19:37:22+00:00","dateModified":"2024-02-07T21:15:55+00:00","breadcrumb":{"@id":"https:\/\/survivornet.ca\/fr\/reliez-vous\/partenaires\/don-de-cheveux-ottawa\/#breadcrumb"},"inLanguage":"fr-FR","potentialAction":[{"@type":"ReadAction","target":["https:\/\/survivornet.ca\/fr\/reliez-vous\/partenaires\/don-de-cheveux-ottawa\/"]}]},{"@type":"ImageObject","inLanguage":"fr-FR","@id":"https:\/\/survivornet.ca\/fr\/reliez-vous\/partenaires\/don-de-cheveux-ottawa\/#primaryimage","url":"https:\/\/survivornet.ca\/wp-content\/uploads\/2024\/02\/Don-de-cheveux-ottawa-CHEO.png","contentUrl":"https:\/\/survivornet.ca\/wp-content\/uploads\/2024\/02\/Don-de-cheveux-ottawa-CHEO.png","width":768,"height":538},{"@type":"BreadcrumbList","@id":"https:\/\/survivornet.ca\/fr\/reliez-vous\/partenaires\/don-de-cheveux-ottawa\/#breadcrumb","itemListElement":[{"@type":"ListItem","position":1,"name":"Home","item":"https:\/\/survivornet.ca\/fr\/"},{"@type":"ListItem","position":2,"name":"Connectez","item":"https:\/\/survivornet.ca\/fr\/reliez-vous\/"},{"@type":"ListItem","position":3,"name":"Partenaires","item":"https:\/\/survivornet.ca\/fr\/reliez-vous\/partenaires\/"},{"@type":"ListItem","position":4,"name":"Dons de cheveux Ottawa"}]},{"@type":"WebSite","@id":"https:\/\/survivornet.ca\/#website","url":"https:\/\/survivornet.ca\/","name":"Canadian Cancer Survivor Network","description":"The Canadian Cancer Survivor Network was created by a group of Canadians concerned about cancer.","publisher":{"@id":"https:\/\/survivornet.ca\/#organization"},"potentialAction":[{"@type":"SearchAction","target":{"@type":"EntryPoint","urlTemplate":"https:\/\/survivornet.ca\/?s={search_term_string}"},"query-input":{"@type":"PropertyValueSpecification","valueRequired":true,"valueName":"search_term_string"}}],"inLanguage":"fr-FR"},{"@type":"Organization","@id":"https:\/\/survivornet.ca\/#organization","name":"Canadian Cancer Survivor Network","url":"https:\/\/survivornet.ca\/","logo":{"@type":"ImageObject","inLanguage":"fr-FR","@id":"https:\/\/survivornet.ca\/#\/schema\/logo\/image\/","url":"http:\/\/survivornet.ca\/wp-content\/uploads\/2016\/12\/CCSN_Logo_EN_SQUARE.png","contentUrl":"http:\/\/survivornet.ca\/wp-content\/uploads\/2016\/12\/CCSN_Logo_EN_SQUARE.png","width":1209,"height":1007,"caption":"Canadian Cancer Survivor Network"},"image":{"@id":"https:\/\/survivornet.ca\/#\/schema\/logo\/image\/"}}]}},"_links":{"self":[{"href":"https:\/\/survivornet.ca\/fr\/wp-json\/wp\/v2\/pages\/14296","targetHints":{"allow":["GET"]}}],"collection":[{"href":"https:\/\/survivornet.ca\/fr\/wp-json\/wp\/v2\/pages"}],"about":[{"href":"https:\/\/survivornet.ca\/fr\/wp-json\/wp\/v2\/types\/page"}],"author":[{"embeddable":true,"href":"https:\/\/survivornet.ca\/fr\/wp-json\/wp\/v2\/users\/2"}],"replies":[{"embeddable":true,"href":"https:\/\/survivornet.ca\/fr\/wp-json\/wp\/v2\/comments?post=14296"}],"version-history":[{"count":2,"href":"https:\/\/survivornet.ca\/fr\/wp-json\/wp\/v2\/pages\/14296\/revisions"}],"predecessor-version":[{"id":28783,"href":"https:\/\/survivornet.ca\/fr\/wp-json\/wp\/v2\/pages\/14296\/revisions\/28783"}],"up":[{"embeddable":true,"href":"https:\/\/survivornet.ca\/fr\/wp-json\/wp\/v2\/pages\/4484"}],"wp:featuredmedia":[{"embeddable":true,"href":"https:\/\/survivornet.ca\/fr\/wp-json\/wp\/v2\/media\/28781"}],"wp:attachment":[{"href":"https:\/\/survivornet.ca\/fr\/wp-json\/wp\/v2\/media?parent=14296"}],"curies":[{"name":"wp","href":"https:\/\/api.w.org\/{rel}","templated":true}]}}