{"id":14288,"date":"2019-07-12T18:42:48","date_gmt":"2019-07-12T18:42:48","guid":{"rendered":"https:\/\/survivornet.ca\/?page_id=14288\/"},"modified":"2024-02-22T14:33:38","modified_gmt":"2024-02-22T19:33:38","slug":"cancertitude","status":"publish","type":"page","link":"https:\/\/survivornet.ca\/fr\/reliez-vous\/partenaires\/cancertitude\/","title":{"rendered":"CanCertitude"},"content":{"rendered":"<p><img loading=\"lazy\" decoding=\"async\" class=\"aligncenter wp-image-29114\" src=\"http:\/\/survivornet.ca\/wp-content\/uploads\/2024\/02\/CanCertitude-logo.jpg\" alt=\"\" width=\"289\" height=\"166\" \/><\/p>\n<p>Les patients atteints du cancer en Ontario et dans les Maritimes sont syst\u00e9matiquement victimes de discrimination lorsque leur traitement anticanc\u00e9reux est administr\u00e9 par la bouche (pilules en pharmacie), plut\u00f4t que par le bras (intraveineuse dispens\u00e9e \u00e0 l\u2019h\u00f4pital).<\/p>\n<p>Il est essentiel de mettre fin \u00e0 cette injustice en mettant en place un financement universel des traitements oraux anticanc\u00e9reux.<\/p>\n<p>Il est temps de mettre fin aux longs d\u00e9lais et aux solutions de bouts de chandelle qui placent certains patients et leurs familles dans l\u2019obligation de d\u00e9bourser des sommes importantes en frais de quote-part et de franchise pour le remboursement de leur traitement anticanc\u00e9reux. Les quatre provinces de l\u2019Ouest et le Qu\u00e9bec offrent \u00e0 tous leurs citoyens une couverture compl\u00e8te pour les traitements du cancer par voie orale. Il est temps que l\u2019Ontario et les provinces de l\u2019Atlantique en fassent autant.<\/p>\n<p>Nous vous invitons \u00e0 participer \u00e0 CanCertitude, notre campagne pour l\u2019\u00e9quit\u00e9. Il est en effet temps de mettre fin \u00e0 l\u2019incertitude et d\u2019offrir \u00e0 tous les Canadiens dont la vie est touch\u00e9e par le cancer l\u2019assurance que leur traitement sera rembours\u00e9!<\/p>\n<p>En travaillant ensemble, nous pouvons r\u00e9soudre ce probl\u00e8me pour tous les Canadiens. Manifestez votre appui d\u00e8s maintenant.<\/p>\n<p>Envoyez-nous un\u00a0<a title=\"Message\" href=\"mailto:info@cancertaintyforall.ca\">message<\/a>,\u00a0<a title=\"Racontez-nous votre histoire\" href=\"http:\/\/www.cancertaintyforall.ca\/patient_story\" target=\"_self\" rel=\"noopener noreferrer\">racontez-nous votre histoire<\/a>,\u00a0<a title=\"Gazouillez-nous\" href=\"https:\/\/www.twitter.com\/cancertainty\" target=\"_blank\" rel=\"noopener noreferrer\">gazouillez-nous<\/a>\u00a0ou\u00a0<a title=\"Suivez-nous sur Facebook\" href=\"https:\/\/www.facebook.com\/pages\/Cancertainty\/559572064121241\" target=\"_blank\" rel=\"noopener noreferrer\">suivez-nous sur Facebook<\/a>.<\/p>\n<p>Pour en savoir plus, vous pouvez \u00e9galement consulter notre <a href=\"https:\/\/www.cancertaintyforall.ca\/francais\">site web<\/a>.<\/p>\n","protected":false},"excerpt":{"rendered":"<p>Les patients atteints du cancer en Ontario et dans les Maritimes sont syst\u00e9matiquement victimes de discrimination lorsque leur traitement anticanc\u00e9reux est administr\u00e9 par la bouche (pilules en pharmacie), plut\u00f4t que par le<\/p>\n","protected":false},"author":2,"featured_media":14294,"parent":4484,"menu_order":0,"comment_status":"closed","ping_status":"closed","template":"","meta":{"_acf_changed":false,"footnotes":""},"class_list":["post-14288","page","type-page","status-publish","has-post-thumbnail","hentry"],"acf":[],"yoast_head":"<!-- This site is optimized with the Yoast SEO plugin v27.4 - https:\/\/yoast.com\/product\/yoast-seo-wordpress\/ -->\n<title>CanCertitude - Canadian Cancer Survivor Network<\/title>\n<meta name=\"robots\" content=\"index, follow, max-snippet:-1, max-image-preview:large, max-video-preview:-1\" \/>\n<link rel=\"canonical\" href=\"https:\/\/survivornet.ca\/fr\/reliez-vous\/partenaires\/cancertitude\/\" \/>\n<meta property=\"og:locale\" content=\"fr_FR\" \/>\n<meta property=\"og:type\" content=\"article\" \/>\n<meta property=\"og:title\" content=\"CanCertitude - Canadian Cancer Survivor Network\" \/>\n<meta property=\"og:description\" content=\"Les patients atteints du cancer en Ontario et dans les Maritimes sont syst\u00e9matiquement victimes de discrimination lorsque leur traitement anticanc\u00e9reux est administr\u00e9 par la bouche (pilules en pharmacie), plut\u00f4t que par le\" \/>\n<meta property=\"og:url\" content=\"https:\/\/survivornet.ca\/fr\/reliez-vous\/partenaires\/cancertitude\/\" \/>\n<meta property=\"og:site_name\" content=\"Canadian Cancer Survivor Network\" \/>\n<meta property=\"article:modified_time\" content=\"2024-02-22T19:33:38+00:00\" \/>\n<meta property=\"og:image\" content=\"https:\/\/survivornet.ca\/wp-content\/uploads\/2019\/07\/CANCERtitude_Full_Logo_FR.jpg\" \/>\n\t<meta property=\"og:image:width\" content=\"219\" \/>\n\t<meta property=\"og:image:height\" content=\"126\" \/>\n\t<meta property=\"og:image:type\" content=\"image\/jpeg\" \/>\n<meta name=\"twitter:card\" content=\"summary_large_image\" \/>\n<meta name=\"twitter:label1\" content=\"Dur\u00e9e de lecture estim\u00e9e\" \/>\n\t<meta name=\"twitter:data1\" content=\"1 minute\" \/>\n<script type=\"application\/ld+json\" class=\"yoast-schema-graph\">{\"@context\":\"https:\\\/\\\/schema.org\",\"@graph\":[{\"@type\":\"WebPage\",\"@id\":\"https:\\\/\\\/survivornet.ca\\\/fr\\\/reliez-vous\\\/partenaires\\\/cancertitude\\\/\",\"url\":\"https:\\\/\\\/survivornet.ca\\\/fr\\\/reliez-vous\\\/partenaires\\\/cancertitude\\\/\",\"name\":\"CanCertitude - Canadian Cancer Survivor Network\",\"isPartOf\":{\"@id\":\"https:\\\/\\\/survivornet.ca\\\/#website\"},\"primaryImageOfPage\":{\"@id\":\"https:\\\/\\\/survivornet.ca\\\/fr\\\/reliez-vous\\\/partenaires\\\/cancertitude\\\/#primaryimage\"},\"image\":{\"@id\":\"https:\\\/\\\/survivornet.ca\\\/fr\\\/reliez-vous\\\/partenaires\\\/cancertitude\\\/#primaryimage\"},\"thumbnailUrl\":\"https:\\\/\\\/survivornet.ca\\\/wp-content\\\/uploads\\\/2019\\\/07\\\/CANCERtitude_Full_Logo_FR.jpg\",\"datePublished\":\"2019-07-12T18:42:48+00:00\",\"dateModified\":\"2024-02-22T19:33:38+00:00\",\"breadcrumb\":{\"@id\":\"https:\\\/\\\/survivornet.ca\\\/fr\\\/reliez-vous\\\/partenaires\\\/cancertitude\\\/#breadcrumb\"},\"inLanguage\":\"fr-FR\",\"potentialAction\":[{\"@type\":\"ReadAction\",\"target\":[\"https:\\\/\\\/survivornet.ca\\\/fr\\\/reliez-vous\\\/partenaires\\\/cancertitude\\\/\"]}]},{\"@type\":\"ImageObject\",\"inLanguage\":\"fr-FR\",\"@id\":\"https:\\\/\\\/survivornet.ca\\\/fr\\\/reliez-vous\\\/partenaires\\\/cancertitude\\\/#primaryimage\",\"url\":\"https:\\\/\\\/survivornet.ca\\\/wp-content\\\/uploads\\\/2019\\\/07\\\/CANCERtitude_Full_Logo_FR.jpg\",\"contentUrl\":\"https:\\\/\\\/survivornet.ca\\\/wp-content\\\/uploads\\\/2019\\\/07\\\/CANCERtitude_Full_Logo_FR.jpg\",\"width\":219,\"height\":126},{\"@type\":\"BreadcrumbList\",\"@id\":\"https:\\\/\\\/survivornet.ca\\\/fr\\\/reliez-vous\\\/partenaires\\\/cancertitude\\\/#breadcrumb\",\"itemListElement\":[{\"@type\":\"ListItem\",\"position\":1,\"name\":\"Home\",\"item\":\"https:\\\/\\\/survivornet.ca\\\/fr\\\/\"},{\"@type\":\"ListItem\",\"position\":2,\"name\":\"Connectez\",\"item\":\"https:\\\/\\\/survivornet.ca\\\/fr\\\/reliez-vous\\\/\"},{\"@type\":\"ListItem\",\"position\":3,\"name\":\"Partenaires\",\"item\":\"https:\\\/\\\/survivornet.ca\\\/fr\\\/reliez-vous\\\/partenaires\\\/\"},{\"@type\":\"ListItem\",\"position\":4,\"name\":\"CanCertitude\"}]},{\"@type\":\"WebSite\",\"@id\":\"https:\\\/\\\/survivornet.ca\\\/#website\",\"url\":\"https:\\\/\\\/survivornet.ca\\\/\",\"name\":\"Canadian Cancer Survivor Network\",\"description\":\"The Canadian Cancer Survivor Network was created by a group of Canadians concerned about cancer.\",\"publisher\":{\"@id\":\"https:\\\/\\\/survivornet.ca\\\/#organization\"},\"potentialAction\":[{\"@type\":\"SearchAction\",\"target\":{\"@type\":\"EntryPoint\",\"urlTemplate\":\"https:\\\/\\\/survivornet.ca\\\/?s={search_term_string}\"},\"query-input\":{\"@type\":\"PropertyValueSpecification\",\"valueRequired\":true,\"valueName\":\"search_term_string\"}}],\"inLanguage\":\"fr-FR\"},{\"@type\":\"Organization\",\"@id\":\"https:\\\/\\\/survivornet.ca\\\/#organization\",\"name\":\"Canadian Cancer Survivor Network\",\"url\":\"https:\\\/\\\/survivornet.ca\\\/\",\"logo\":{\"@type\":\"ImageObject\",\"inLanguage\":\"fr-FR\",\"@id\":\"https:\\\/\\\/survivornet.ca\\\/#\\\/schema\\\/logo\\\/image\\\/\",\"url\":\"http:\\\/\\\/survivornet.ca\\\/wp-content\\\/uploads\\\/2016\\\/12\\\/CCSN_Logo_EN_SQUARE.png\",\"contentUrl\":\"http:\\\/\\\/survivornet.ca\\\/wp-content\\\/uploads\\\/2016\\\/12\\\/CCSN_Logo_EN_SQUARE.png\",\"width\":1209,\"height\":1007,\"caption\":\"Canadian Cancer Survivor Network\"},\"image\":{\"@id\":\"https:\\\/\\\/survivornet.ca\\\/#\\\/schema\\\/logo\\\/image\\\/\"}}]}<\/script>\n<!-- \/ Yoast SEO plugin. -->","yoast_head_json":{"title":"CanCertitude - Canadian Cancer Survivor Network","robots":{"index":"index","follow":"follow","max-snippet":"max-snippet:-1","max-image-preview":"max-image-preview:large","max-video-preview":"max-video-preview:-1"},"canonical":"https:\/\/survivornet.ca\/fr\/reliez-vous\/partenaires\/cancertitude\/","og_locale":"fr_FR","og_type":"article","og_title":"CanCertitude - Canadian Cancer Survivor Network","og_description":"Les patients atteints du cancer en Ontario et dans les Maritimes sont syst\u00e9matiquement victimes de discrimination lorsque leur traitement anticanc\u00e9reux est administr\u00e9 par la bouche (pilules en pharmacie), plut\u00f4t que par le","og_url":"https:\/\/survivornet.ca\/fr\/reliez-vous\/partenaires\/cancertitude\/","og_site_name":"Canadian Cancer Survivor Network","article_modified_time":"2024-02-22T19:33:38+00:00","og_image":[{"width":219,"height":126,"url":"https:\/\/survivornet.ca\/wp-content\/uploads\/2019\/07\/CANCERtitude_Full_Logo_FR.jpg","type":"image\/jpeg"}],"twitter_card":"summary_large_image","twitter_misc":{"Dur\u00e9e de lecture estim\u00e9e":"1 minute"},"schema":{"@context":"https:\/\/schema.org","@graph":[{"@type":"WebPage","@id":"https:\/\/survivornet.ca\/fr\/reliez-vous\/partenaires\/cancertitude\/","url":"https:\/\/survivornet.ca\/fr\/reliez-vous\/partenaires\/cancertitude\/","name":"CanCertitude - Canadian Cancer Survivor Network","isPartOf":{"@id":"https:\/\/survivornet.ca\/#website"},"primaryImageOfPage":{"@id":"https:\/\/survivornet.ca\/fr\/reliez-vous\/partenaires\/cancertitude\/#primaryimage"},"image":{"@id":"https:\/\/survivornet.ca\/fr\/reliez-vous\/partenaires\/cancertitude\/#primaryimage"},"thumbnailUrl":"https:\/\/survivornet.ca\/wp-content\/uploads\/2019\/07\/CANCERtitude_Full_Logo_FR.jpg","datePublished":"2019-07-12T18:42:48+00:00","dateModified":"2024-02-22T19:33:38+00:00","breadcrumb":{"@id":"https:\/\/survivornet.ca\/fr\/reliez-vous\/partenaires\/cancertitude\/#breadcrumb"},"inLanguage":"fr-FR","potentialAction":[{"@type":"ReadAction","target":["https:\/\/survivornet.ca\/fr\/reliez-vous\/partenaires\/cancertitude\/"]}]},{"@type":"ImageObject","inLanguage":"fr-FR","@id":"https:\/\/survivornet.ca\/fr\/reliez-vous\/partenaires\/cancertitude\/#primaryimage","url":"https:\/\/survivornet.ca\/wp-content\/uploads\/2019\/07\/CANCERtitude_Full_Logo_FR.jpg","contentUrl":"https:\/\/survivornet.ca\/wp-content\/uploads\/2019\/07\/CANCERtitude_Full_Logo_FR.jpg","width":219,"height":126},{"@type":"BreadcrumbList","@id":"https:\/\/survivornet.ca\/fr\/reliez-vous\/partenaires\/cancertitude\/#breadcrumb","itemListElement":[{"@type":"ListItem","position":1,"name":"Home","item":"https:\/\/survivornet.ca\/fr\/"},{"@type":"ListItem","position":2,"name":"Connectez","item":"https:\/\/survivornet.ca\/fr\/reliez-vous\/"},{"@type":"ListItem","position":3,"name":"Partenaires","item":"https:\/\/survivornet.ca\/fr\/reliez-vous\/partenaires\/"},{"@type":"ListItem","position":4,"name":"CanCertitude"}]},{"@type":"WebSite","@id":"https:\/\/survivornet.ca\/#website","url":"https:\/\/survivornet.ca\/","name":"Canadian Cancer Survivor Network","description":"The Canadian Cancer Survivor Network was created by a group of Canadians concerned about cancer.","publisher":{"@id":"https:\/\/survivornet.ca\/#organization"},"potentialAction":[{"@type":"SearchAction","target":{"@type":"EntryPoint","urlTemplate":"https:\/\/survivornet.ca\/?s={search_term_string}"},"query-input":{"@type":"PropertyValueSpecification","valueRequired":true,"valueName":"search_term_string"}}],"inLanguage":"fr-FR"},{"@type":"Organization","@id":"https:\/\/survivornet.ca\/#organization","name":"Canadian Cancer Survivor Network","url":"https:\/\/survivornet.ca\/","logo":{"@type":"ImageObject","inLanguage":"fr-FR","@id":"https:\/\/survivornet.ca\/#\/schema\/logo\/image\/","url":"http:\/\/survivornet.ca\/wp-content\/uploads\/2016\/12\/CCSN_Logo_EN_SQUARE.png","contentUrl":"http:\/\/survivornet.ca\/wp-content\/uploads\/2016\/12\/CCSN_Logo_EN_SQUARE.png","width":1209,"height":1007,"caption":"Canadian Cancer Survivor Network"},"image":{"@id":"https:\/\/survivornet.ca\/#\/schema\/logo\/image\/"}}]}},"_links":{"self":[{"href":"https:\/\/survivornet.ca\/fr\/wp-json\/wp\/v2\/pages\/14288","targetHints":{"allow":["GET"]}}],"collection":[{"href":"https:\/\/survivornet.ca\/fr\/wp-json\/wp\/v2\/pages"}],"about":[{"href":"https:\/\/survivornet.ca\/fr\/wp-json\/wp\/v2\/types\/page"}],"author":[{"embeddable":true,"href":"https:\/\/survivornet.ca\/fr\/wp-json\/wp\/v2\/users\/2"}],"replies":[{"embeddable":true,"href":"https:\/\/survivornet.ca\/fr\/wp-json\/wp\/v2\/comments?post=14288"}],"version-history":[{"count":3,"href":"https:\/\/survivornet.ca\/fr\/wp-json\/wp\/v2\/pages\/14288\/revisions"}],"predecessor-version":[{"id":29119,"href":"https:\/\/survivornet.ca\/fr\/wp-json\/wp\/v2\/pages\/14288\/revisions\/29119"}],"up":[{"embeddable":true,"href":"https:\/\/survivornet.ca\/fr\/wp-json\/wp\/v2\/pages\/4484"}],"wp:featuredmedia":[{"embeddable":true,"href":"https:\/\/survivornet.ca\/fr\/wp-json\/wp\/v2\/media\/14294"}],"wp:attachment":[{"href":"https:\/\/survivornet.ca\/fr\/wp-json\/wp\/v2\/media?parent=14288"}],"curies":[{"name":"wp","href":"https:\/\/api.w.org\/{rel}","templated":true}]}}