{"id":14282,"date":"2019-07-12T18:14:17","date_gmt":"2019-07-12T18:14:17","guid":{"rendered":"https:\/\/survivornet.ca\/?page_id=14282\/"},"modified":"2024-08-07T11:23:18","modified_gmt":"2024-08-07T15:23:18","slug":"le-portail-canadien-en-soins-palliatifs","status":"publish","type":"page","link":"https:\/\/survivornet.ca\/fr\/reliez-vous\/partenaires\/le-portail-canadien-en-soins-palliatifs\/","title":{"rendered":"Portail palliatif Canadien"},"content":{"rendered":"<p><img loading=\"lazy\" decoding=\"async\" class=\"aligncenter\" src=\"https:\/\/www.portailpalliatif.ca\/Assets\/cvh-logo-french_20221003112108.png\" width=\"422\" height=\"82\" \/><\/p>\n<p>Le Portail palliatif Canadien est la source en ligne la plus compl\u00e8te au monde sur la vie avec une maladie avanc\u00e9e, les soins palliatifs et le deuil. Il r\u00e9pond aux besoins d&#8217;information et de soutien des personnes atteintes d&#8217;une maladie limitant l&#8217;esp\u00e9rance de vie, des familles et des aidants naturels, des fournisseurs de soins de sant\u00e9, des chercheurs et des \u00e9ducateurs.<\/p>\n<p>Visitez leur site Webs :<\/p>\n<p><a href=\"http:\/\/virtualhospice.ca\/\" rel=\"noopener noreferrer\" data-saferedirecturl=\"https:\/\/www.google.com\/url?q=http:\/\/virtualhospice.ca\/&amp;source=gmail&amp;ust=1562245456752000&amp;usg=AFQjCNGc4cp7RFp4r5rfmn5YWIiH2P5gaQ\">VirtualHospice.ca<\/a>,<\/p>\n<p><a href=\"http:\/\/portailpalliatif.ca\/\" rel=\"noopener noreferrer\" data-saferedirecturl=\"https:\/\/www.google.com\/url?q=http:\/\/portailpalliatif.ca\/&amp;source=gmail&amp;ust=1562245456752000&amp;usg=AFQjCNHCg_tb_hs5WWDRvgy1eUkOfznjoQ\">portailpalliatif.ca<\/a>,<\/p>\n<p><a href=\"http:\/\/mygrief.ca\/\" rel=\"noopener noreferrer\" data-saferedirecturl=\"https:\/\/www.google.com\/url?q=http:\/\/mygrief.ca\/&amp;source=gmail&amp;ust=1562245456752000&amp;usg=AFQjCNE6hybtZEgFlcq0TUG1NVZiE_lr-g\">MyGrief.ca<\/a>,<\/p>\n<p><a href=\"http:\/\/mondeuil.ca\/\" rel=\"noopener noreferrer\" data-saferedirecturl=\"https:\/\/www.google.com\/url?q=http:\/\/mondeuil.ca\/&amp;source=gmail&amp;ust=1562245456752000&amp;usg=AFQjCNE3K9QGq8YYmAxLEHzATcDyzhbAlg\">MonDeuil.ca<\/a>,<\/p>\n<p><a href=\"http:\/\/livingmyculture.ca\/\" rel=\"noopener noreferrer\" data-saferedirecturl=\"https:\/\/www.google.com\/url?q=http:\/\/livingmyculture.ca\/&amp;source=gmail&amp;ust=1562245456752000&amp;usg=AFQjCNHwr50LcEWuFSXKgDiKDucipGj1fQ\">LivingMyCulture.ca<\/a>,<\/p>\n<p><a href=\"http:\/\/kidsgrief.ca\/\" rel=\"noopener noreferrer\" data-saferedirecturl=\"https:\/\/www.google.com\/url?q=http:\/\/kidsgrief.ca\/&amp;source=gmail&amp;ust=1562245456752000&amp;usg=AFQjCNEBzUxRMte135Bo5tRkcnkbdLsIUw\">KidsGrief.ca<\/a>,<\/p>\n<p><a href=\"http:\/\/deuildesenfants.ca\/\" rel=\"noopener noreferrer\" data-saferedirecturl=\"https:\/\/www.google.com\/url?q=http:\/\/deuildesenfants.ca\/&amp;source=gmail&amp;ust=1562245456752000&amp;usg=AFQjCNHKQNsxSVANn238v_cLJ5c8KeGzBw\">DeuilDesEnfants.ca<\/a>,<\/p>\n<p><a href=\"http:\/\/livingoutloud.life\/\" rel=\"noopener noreferrer\" data-saferedirecturl=\"https:\/\/www.google.com\/url?q=http:\/\/livingoutloud.life\/&amp;source=gmail&amp;ust=1562245456752000&amp;usg=AFQjCNGq7fdeF6u03MhNq9272rELKDlj9w\">LivingOutLoud.Life<\/a>,<\/p>\n<p><a href=\"http:\/\/vivreafond.ca\/\" rel=\"noopener noreferrer\" data-saferedirecturl=\"https:\/\/www.google.com\/url?q=http:\/\/vivreafond.ca\/&amp;source=gmail&amp;ust=1562245456752000&amp;usg=AFQjCNEbb5ee6SBRqIVXIoo4XdDtp8oerw\">vivreAfond.ca<\/a>, and\u00a0<a href=\"http:\/\/methadone4pain.ca\/\" rel=\"noopener noreferrer\" data-saferedirecturl=\"https:\/\/www.google.com\/url?q=http:\/\/methadone4pain.ca\/&amp;source=gmail&amp;ust=1562245456752000&amp;usg=AFQjCNFnqNfyQldclgPmOqh1J1LF-Qqvng\">Methadone4Pain.ca<\/a>.<\/p>\n","protected":false},"excerpt":{"rendered":"<p>Le Portail palliatif Canadien est la source en ligne la plus compl\u00e8te au monde sur la vie avec une maladie avanc\u00e9e, les soins palliatifs et le deuil. Il r\u00e9pond aux besoins d&#8217;information<\/p>\n","protected":false},"author":2,"featured_media":30663,"parent":4484,"menu_order":0,"comment_status":"closed","ping_status":"closed","template":"","meta":{"_acf_changed":false,"footnotes":""},"class_list":["post-14282","page","type-page","status-publish","has-post-thumbnail","hentry"],"acf":[],"yoast_head":"<!-- This site is optimized with the Yoast SEO plugin v27.4 - https:\/\/yoast.com\/product\/yoast-seo-wordpress\/ -->\n<title>Portail palliatif Canadien - Canadian Cancer Survivor Network<\/title>\n<meta name=\"robots\" content=\"index, follow, max-snippet:-1, max-image-preview:large, max-video-preview:-1\" \/>\n<link rel=\"canonical\" href=\"https:\/\/survivornet.ca\/fr\/reliez-vous\/partenaires\/le-portail-canadien-en-soins-palliatifs\/\" \/>\n<meta property=\"og:locale\" content=\"fr_FR\" \/>\n<meta property=\"og:type\" content=\"article\" \/>\n<meta property=\"og:title\" content=\"Portail palliatif Canadien - Canadian Cancer Survivor Network\" \/>\n<meta property=\"og:description\" content=\"Le Portail palliatif Canadien est la source en ligne la plus compl\u00e8te au monde sur la vie avec une maladie avanc\u00e9e, les soins palliatifs et le deuil. Il r\u00e9pond aux besoins d&#8217;information\" \/>\n<meta property=\"og:url\" content=\"https:\/\/survivornet.ca\/fr\/reliez-vous\/partenaires\/le-portail-canadien-en-soins-palliatifs\/\" \/>\n<meta property=\"og:site_name\" content=\"Canadian Cancer Survivor Network\" \/>\n<meta property=\"article:modified_time\" content=\"2024-08-07T15:23:18+00:00\" \/>\n<meta property=\"og:image\" content=\"https:\/\/survivornet.ca\/wp-content\/uploads\/2024\/08\/Portail-palliatif-Canadien.png\" \/>\n\t<meta property=\"og:image:width\" content=\"396\" \/>\n\t<meta property=\"og:image:height\" content=\"77\" \/>\n\t<meta property=\"og:image:type\" content=\"image\/png\" \/>\n<meta name=\"twitter:card\" content=\"summary_large_image\" \/>\n<meta name=\"twitter:label1\" content=\"Dur\u00e9e de lecture estim\u00e9e\" \/>\n\t<meta name=\"twitter:data1\" content=\"1 minute\" \/>\n<script type=\"application\/ld+json\" class=\"yoast-schema-graph\">{\"@context\":\"https:\\\/\\\/schema.org\",\"@graph\":[{\"@type\":\"WebPage\",\"@id\":\"https:\\\/\\\/survivornet.ca\\\/fr\\\/reliez-vous\\\/partenaires\\\/le-portail-canadien-en-soins-palliatifs\\\/\",\"url\":\"https:\\\/\\\/survivornet.ca\\\/fr\\\/reliez-vous\\\/partenaires\\\/le-portail-canadien-en-soins-palliatifs\\\/\",\"name\":\"Portail palliatif Canadien - Canadian Cancer Survivor Network\",\"isPartOf\":{\"@id\":\"https:\\\/\\\/survivornet.ca\\\/#website\"},\"primaryImageOfPage\":{\"@id\":\"https:\\\/\\\/survivornet.ca\\\/fr\\\/reliez-vous\\\/partenaires\\\/le-portail-canadien-en-soins-palliatifs\\\/#primaryimage\"},\"image\":{\"@id\":\"https:\\\/\\\/survivornet.ca\\\/fr\\\/reliez-vous\\\/partenaires\\\/le-portail-canadien-en-soins-palliatifs\\\/#primaryimage\"},\"thumbnailUrl\":\"https:\\\/\\\/survivornet.ca\\\/wp-content\\\/uploads\\\/2024\\\/08\\\/Portail-palliatif-Canadien.png\",\"datePublished\":\"2019-07-12T18:14:17+00:00\",\"dateModified\":\"2024-08-07T15:23:18+00:00\",\"breadcrumb\":{\"@id\":\"https:\\\/\\\/survivornet.ca\\\/fr\\\/reliez-vous\\\/partenaires\\\/le-portail-canadien-en-soins-palliatifs\\\/#breadcrumb\"},\"inLanguage\":\"fr-FR\",\"potentialAction\":[{\"@type\":\"ReadAction\",\"target\":[\"https:\\\/\\\/survivornet.ca\\\/fr\\\/reliez-vous\\\/partenaires\\\/le-portail-canadien-en-soins-palliatifs\\\/\"]}]},{\"@type\":\"ImageObject\",\"inLanguage\":\"fr-FR\",\"@id\":\"https:\\\/\\\/survivornet.ca\\\/fr\\\/reliez-vous\\\/partenaires\\\/le-portail-canadien-en-soins-palliatifs\\\/#primaryimage\",\"url\":\"https:\\\/\\\/survivornet.ca\\\/wp-content\\\/uploads\\\/2024\\\/08\\\/Portail-palliatif-Canadien.png\",\"contentUrl\":\"https:\\\/\\\/survivornet.ca\\\/wp-content\\\/uploads\\\/2024\\\/08\\\/Portail-palliatif-Canadien.png\",\"width\":396,\"height\":77},{\"@type\":\"BreadcrumbList\",\"@id\":\"https:\\\/\\\/survivornet.ca\\\/fr\\\/reliez-vous\\\/partenaires\\\/le-portail-canadien-en-soins-palliatifs\\\/#breadcrumb\",\"itemListElement\":[{\"@type\":\"ListItem\",\"position\":1,\"name\":\"Home\",\"item\":\"https:\\\/\\\/survivornet.ca\\\/fr\\\/\"},{\"@type\":\"ListItem\",\"position\":2,\"name\":\"Connectez\",\"item\":\"https:\\\/\\\/survivornet.ca\\\/fr\\\/reliez-vous\\\/\"},{\"@type\":\"ListItem\",\"position\":3,\"name\":\"Partenaires\",\"item\":\"https:\\\/\\\/survivornet.ca\\\/fr\\\/reliez-vous\\\/partenaires\\\/\"},{\"@type\":\"ListItem\",\"position\":4,\"name\":\"Portail palliatif Canadien\"}]},{\"@type\":\"WebSite\",\"@id\":\"https:\\\/\\\/survivornet.ca\\\/#website\",\"url\":\"https:\\\/\\\/survivornet.ca\\\/\",\"name\":\"Canadian Cancer Survivor Network\",\"description\":\"The Canadian Cancer Survivor Network was created by a group of Canadians concerned about cancer.\",\"publisher\":{\"@id\":\"https:\\\/\\\/survivornet.ca\\\/#organization\"},\"potentialAction\":[{\"@type\":\"SearchAction\",\"target\":{\"@type\":\"EntryPoint\",\"urlTemplate\":\"https:\\\/\\\/survivornet.ca\\\/?s={search_term_string}\"},\"query-input\":{\"@type\":\"PropertyValueSpecification\",\"valueRequired\":true,\"valueName\":\"search_term_string\"}}],\"inLanguage\":\"fr-FR\"},{\"@type\":\"Organization\",\"@id\":\"https:\\\/\\\/survivornet.ca\\\/#organization\",\"name\":\"Canadian Cancer Survivor Network\",\"url\":\"https:\\\/\\\/survivornet.ca\\\/\",\"logo\":{\"@type\":\"ImageObject\",\"inLanguage\":\"fr-FR\",\"@id\":\"https:\\\/\\\/survivornet.ca\\\/#\\\/schema\\\/logo\\\/image\\\/\",\"url\":\"http:\\\/\\\/survivornet.ca\\\/wp-content\\\/uploads\\\/2016\\\/12\\\/CCSN_Logo_EN_SQUARE.png\",\"contentUrl\":\"http:\\\/\\\/survivornet.ca\\\/wp-content\\\/uploads\\\/2016\\\/12\\\/CCSN_Logo_EN_SQUARE.png\",\"width\":1209,\"height\":1007,\"caption\":\"Canadian Cancer Survivor Network\"},\"image\":{\"@id\":\"https:\\\/\\\/survivornet.ca\\\/#\\\/schema\\\/logo\\\/image\\\/\"}}]}<\/script>\n<!-- \/ Yoast SEO plugin. -->","yoast_head_json":{"title":"Portail palliatif Canadien - Canadian Cancer Survivor Network","robots":{"index":"index","follow":"follow","max-snippet":"max-snippet:-1","max-image-preview":"max-image-preview:large","max-video-preview":"max-video-preview:-1"},"canonical":"https:\/\/survivornet.ca\/fr\/reliez-vous\/partenaires\/le-portail-canadien-en-soins-palliatifs\/","og_locale":"fr_FR","og_type":"article","og_title":"Portail palliatif Canadien - Canadian Cancer Survivor Network","og_description":"Le Portail palliatif Canadien est la source en ligne la plus compl\u00e8te au monde sur la vie avec une maladie avanc\u00e9e, les soins palliatifs et le deuil. Il r\u00e9pond aux besoins d&#8217;information","og_url":"https:\/\/survivornet.ca\/fr\/reliez-vous\/partenaires\/le-portail-canadien-en-soins-palliatifs\/","og_site_name":"Canadian Cancer Survivor Network","article_modified_time":"2024-08-07T15:23:18+00:00","og_image":[{"width":396,"height":77,"url":"https:\/\/survivornet.ca\/wp-content\/uploads\/2024\/08\/Portail-palliatif-Canadien.png","type":"image\/png"}],"twitter_card":"summary_large_image","twitter_misc":{"Dur\u00e9e de lecture estim\u00e9e":"1 minute"},"schema":{"@context":"https:\/\/schema.org","@graph":[{"@type":"WebPage","@id":"https:\/\/survivornet.ca\/fr\/reliez-vous\/partenaires\/le-portail-canadien-en-soins-palliatifs\/","url":"https:\/\/survivornet.ca\/fr\/reliez-vous\/partenaires\/le-portail-canadien-en-soins-palliatifs\/","name":"Portail palliatif Canadien - Canadian Cancer Survivor Network","isPartOf":{"@id":"https:\/\/survivornet.ca\/#website"},"primaryImageOfPage":{"@id":"https:\/\/survivornet.ca\/fr\/reliez-vous\/partenaires\/le-portail-canadien-en-soins-palliatifs\/#primaryimage"},"image":{"@id":"https:\/\/survivornet.ca\/fr\/reliez-vous\/partenaires\/le-portail-canadien-en-soins-palliatifs\/#primaryimage"},"thumbnailUrl":"https:\/\/survivornet.ca\/wp-content\/uploads\/2024\/08\/Portail-palliatif-Canadien.png","datePublished":"2019-07-12T18:14:17+00:00","dateModified":"2024-08-07T15:23:18+00:00","breadcrumb":{"@id":"https:\/\/survivornet.ca\/fr\/reliez-vous\/partenaires\/le-portail-canadien-en-soins-palliatifs\/#breadcrumb"},"inLanguage":"fr-FR","potentialAction":[{"@type":"ReadAction","target":["https:\/\/survivornet.ca\/fr\/reliez-vous\/partenaires\/le-portail-canadien-en-soins-palliatifs\/"]}]},{"@type":"ImageObject","inLanguage":"fr-FR","@id":"https:\/\/survivornet.ca\/fr\/reliez-vous\/partenaires\/le-portail-canadien-en-soins-palliatifs\/#primaryimage","url":"https:\/\/survivornet.ca\/wp-content\/uploads\/2024\/08\/Portail-palliatif-Canadien.png","contentUrl":"https:\/\/survivornet.ca\/wp-content\/uploads\/2024\/08\/Portail-palliatif-Canadien.png","width":396,"height":77},{"@type":"BreadcrumbList","@id":"https:\/\/survivornet.ca\/fr\/reliez-vous\/partenaires\/le-portail-canadien-en-soins-palliatifs\/#breadcrumb","itemListElement":[{"@type":"ListItem","position":1,"name":"Home","item":"https:\/\/survivornet.ca\/fr\/"},{"@type":"ListItem","position":2,"name":"Connectez","item":"https:\/\/survivornet.ca\/fr\/reliez-vous\/"},{"@type":"ListItem","position":3,"name":"Partenaires","item":"https:\/\/survivornet.ca\/fr\/reliez-vous\/partenaires\/"},{"@type":"ListItem","position":4,"name":"Portail palliatif Canadien"}]},{"@type":"WebSite","@id":"https:\/\/survivornet.ca\/#website","url":"https:\/\/survivornet.ca\/","name":"Canadian Cancer Survivor Network","description":"The Canadian Cancer Survivor Network was created by a group of Canadians concerned about cancer.","publisher":{"@id":"https:\/\/survivornet.ca\/#organization"},"potentialAction":[{"@type":"SearchAction","target":{"@type":"EntryPoint","urlTemplate":"https:\/\/survivornet.ca\/?s={search_term_string}"},"query-input":{"@type":"PropertyValueSpecification","valueRequired":true,"valueName":"search_term_string"}}],"inLanguage":"fr-FR"},{"@type":"Organization","@id":"https:\/\/survivornet.ca\/#organization","name":"Canadian Cancer Survivor Network","url":"https:\/\/survivornet.ca\/","logo":{"@type":"ImageObject","inLanguage":"fr-FR","@id":"https:\/\/survivornet.ca\/#\/schema\/logo\/image\/","url":"http:\/\/survivornet.ca\/wp-content\/uploads\/2016\/12\/CCSN_Logo_EN_SQUARE.png","contentUrl":"http:\/\/survivornet.ca\/wp-content\/uploads\/2016\/12\/CCSN_Logo_EN_SQUARE.png","width":1209,"height":1007,"caption":"Canadian Cancer Survivor Network"},"image":{"@id":"https:\/\/survivornet.ca\/#\/schema\/logo\/image\/"}}]}},"_links":{"self":[{"href":"https:\/\/survivornet.ca\/fr\/wp-json\/wp\/v2\/pages\/14282","targetHints":{"allow":["GET"]}}],"collection":[{"href":"https:\/\/survivornet.ca\/fr\/wp-json\/wp\/v2\/pages"}],"about":[{"href":"https:\/\/survivornet.ca\/fr\/wp-json\/wp\/v2\/types\/page"}],"author":[{"embeddable":true,"href":"https:\/\/survivornet.ca\/fr\/wp-json\/wp\/v2\/users\/2"}],"replies":[{"embeddable":true,"href":"https:\/\/survivornet.ca\/fr\/wp-json\/wp\/v2\/comments?post=14282"}],"version-history":[{"count":2,"href":"https:\/\/survivornet.ca\/fr\/wp-json\/wp\/v2\/pages\/14282\/revisions"}],"predecessor-version":[{"id":30665,"href":"https:\/\/survivornet.ca\/fr\/wp-json\/wp\/v2\/pages\/14282\/revisions\/30665"}],"up":[{"embeddable":true,"href":"https:\/\/survivornet.ca\/fr\/wp-json\/wp\/v2\/pages\/4484"}],"wp:featuredmedia":[{"embeddable":true,"href":"https:\/\/survivornet.ca\/fr\/wp-json\/wp\/v2\/media\/30663"}],"wp:attachment":[{"href":"https:\/\/survivornet.ca\/fr\/wp-json\/wp\/v2\/media?parent=14282"}],"curies":[{"name":"wp","href":"https:\/\/api.w.org\/{rel}","templated":true}]}}