{"id":14278,"date":"2019-07-12T16:17:22","date_gmt":"2019-07-12T16:17:22","guid":{"rendered":"https:\/\/survivornet.ca\/?page_id=14278\/"},"modified":"2024-02-16T16:24:22","modified_gmt":"2024-02-16T21:24:22","slug":"reseau-canadien-des-nmp","status":"publish","type":"page","link":"https:\/\/survivornet.ca\/fr\/reliez-vous\/partenaires\/reseau-canadien-des-nmp\/","title":{"rendered":"R\u00e9seau canadien des NMP"},"content":{"rendered":"<p><img loading=\"lazy\" decoding=\"async\" class=\"aligncenter  wp-image-28976\" src=\"http:\/\/survivornet.ca\/wp-content\/uploads\/2024\/02\/High-resolution-Reseau-Canadien-NMP.png\" alt=\"\" width=\"308\" height=\"229\" srcset=\"https:\/\/survivornet.ca\/wp-content\/uploads\/2024\/02\/High-resolution-Reseau-Canadien-NMP.png 1170w, https:\/\/survivornet.ca\/wp-content\/uploads\/2024\/02\/High-resolution-Reseau-Canadien-NMP-768x572.png 768w\" sizes=\"auto, (max-width: 308px) 100vw, 308px\" \/><\/p>\n<p>Le R\u00e9seau canadien du NPP (RCPM) a \u00e9t\u00e9 fond\u00e9 en 2014 en tant qu\u2019organisation reliant et aidant les Canadiens d\u2019un oc\u00e9an \u00e0 l\u2019autre qui font face aux d\u00e9fis de la vie avec un n\u00e9oplasme my\u00e9loprolif\u00e9ratif (NPM). Le RCPM est dirig\u00e9 par un conseil d\u2019administration b\u00e9n\u00e9vole pancanadien compos\u00e9 principalement de patients atteints de NMP qui se rencontrent virtuellement. Le conseil a une mentalit\u00e9 de patient d\u2019abord et se consacre \u00e0 l\u2019am\u00e9lioration de la qualit\u00e9 de vie des patients canadiens atteints de NMP en leur offrant de l\u2019\u00e9ducation, de la d\u00e9fense et du soutien.<\/p>\n<p><span style=\"text-decoration: underline;\"><strong>Notre vision<\/strong><\/span><\/p>\n<p>Une vie meilleure pour tous les Canadiens atteints d&#8217;un n\u00e9oplasme my\u00e9loprolif\u00e9ratif (NMP).<\/p>\n<p><span style=\"text-decoration: underline;\"><strong>Notre mission<\/strong><\/span><\/p>\n<p>Par l&#8217;\u00e9ducation, la d\u00e9fense des int\u00e9r\u00eats et le soutien, le R\u00e9seau canadien MPN s&#8217;efforce d&#8217;am\u00e9liorer la qualit\u00e9 de vie des patients canadiens atteints de MPN et de leur r\u00e9seau de soutien.<\/p>\n<p><span style=\"text-decoration: underline;\"><strong>Nos valeurs<\/strong><\/span><\/p>\n<p>Le CMPNN est centr\u00e9 sur le patient et:<\/p>\n<ul class=\"content-list\">\n<li>Encourage une culture fond\u00e9e sur la compassion et le non-jugement, le respect de la confidentialit\u00e9 et l&#8217;acquisition de connaissances.<\/li>\n<li>Valorise la diversit\u00e9, l&#8217;\u00e9quit\u00e9 et l&#8217;inclusion.<\/li>\n<li>Valorise la collaboration avec les parties prenantes<\/li>\n<li>M\u00e8ne ses activit\u00e9s avec transparence, honn\u00eatet\u00e9 et \u00e9thique, en s&#8217;appuyant sur un processus d\u00e9cisionnel.<\/li>\n<li>D\u00e9mocratique; encourage l&#8217;innovation et la cr\u00e9ativit\u00e9 dans la prestation de services.<\/li>\n<\/ul>\n<p>Site Web : <a href=\"http:\/\/canadianmpnnetwork.ca\/fr\/\">http:\/\/canadianmpnnetwork.ca\/fr\/<\/a><\/p>\n<p>15815 63 Street NW,<br \/>\nEdmonton,\u00a0Alberta<br \/>\nT5Y 2R8,<br \/>\nCanada.<\/p>\n<p>Courriel:\u00a0<a href=\"mailto:canadianmpnnetwork@gmail.com\">canadianmpnnetwork@gmail.com<\/a><\/p>\n<p>T\u00e9l\u00e9phone\u00a0(sans frais):\u00a0<a href=\"tel:1-844-644-6766\">1-844-644-6766<\/a>\u00a0(MPNN)<\/p>\n","protected":false},"excerpt":{"rendered":"<p>Le R\u00e9seau canadien du NPP (RCPM) a \u00e9t\u00e9 fond\u00e9 en 2014 en tant qu\u2019organisation reliant et aidant les Canadiens d\u2019un oc\u00e9an \u00e0 l\u2019autre qui font face aux d\u00e9fis de la vie avec<\/p>\n","protected":false},"author":2,"featured_media":28976,"parent":4484,"menu_order":0,"comment_status":"closed","ping_status":"closed","template":"","meta":{"_acf_changed":false,"footnotes":""},"class_list":["post-14278","page","type-page","status-publish","has-post-thumbnail","hentry"],"acf":[],"yoast_head":"<!-- This site is optimized with the Yoast SEO plugin v27.4 - https:\/\/yoast.com\/product\/yoast-seo-wordpress\/ -->\n<title>R\u00e9seau canadien des NMP - Canadian Cancer Survivor Network<\/title>\n<meta name=\"robots\" content=\"index, follow, max-snippet:-1, max-image-preview:large, max-video-preview:-1\" \/>\n<link rel=\"canonical\" href=\"https:\/\/survivornet.ca\/fr\/reliez-vous\/partenaires\/reseau-canadien-des-nmp\/\" \/>\n<meta property=\"og:locale\" content=\"fr_FR\" \/>\n<meta property=\"og:type\" content=\"article\" \/>\n<meta property=\"og:title\" content=\"R\u00e9seau canadien des NMP - Canadian Cancer Survivor Network\" \/>\n<meta property=\"og:description\" content=\"Le R\u00e9seau canadien du NPP (RCPM) a \u00e9t\u00e9 fond\u00e9 en 2014 en tant qu\u2019organisation reliant et aidant les Canadiens d\u2019un oc\u00e9an \u00e0 l\u2019autre qui font face aux d\u00e9fis de la vie avec\" \/>\n<meta property=\"og:url\" content=\"https:\/\/survivornet.ca\/fr\/reliez-vous\/partenaires\/reseau-canadien-des-nmp\/\" \/>\n<meta property=\"og:site_name\" content=\"Canadian Cancer Survivor Network\" \/>\n<meta property=\"article:modified_time\" content=\"2024-02-16T21:24:22+00:00\" \/>\n<meta property=\"og:image\" content=\"https:\/\/survivornet.ca\/wp-content\/uploads\/2024\/02\/High-resolution-Reseau-Canadien-NMP.png\" \/>\n\t<meta property=\"og:image:width\" content=\"1170\" \/>\n\t<meta property=\"og:image:height\" content=\"871\" \/>\n\t<meta property=\"og:image:type\" content=\"image\/png\" \/>\n<meta name=\"twitter:card\" content=\"summary_large_image\" \/>\n<meta name=\"twitter:label1\" content=\"Dur\u00e9e de lecture estim\u00e9e\" \/>\n\t<meta name=\"twitter:data1\" content=\"1 minute\" \/>\n<script type=\"application\/ld+json\" class=\"yoast-schema-graph\">{\"@context\":\"https:\\\/\\\/schema.org\",\"@graph\":[{\"@type\":\"WebPage\",\"@id\":\"https:\\\/\\\/survivornet.ca\\\/fr\\\/reliez-vous\\\/partenaires\\\/reseau-canadien-des-nmp\\\/\",\"url\":\"https:\\\/\\\/survivornet.ca\\\/fr\\\/reliez-vous\\\/partenaires\\\/reseau-canadien-des-nmp\\\/\",\"name\":\"R\u00e9seau canadien des NMP - Canadian Cancer Survivor Network\",\"isPartOf\":{\"@id\":\"https:\\\/\\\/survivornet.ca\\\/#website\"},\"primaryImageOfPage\":{\"@id\":\"https:\\\/\\\/survivornet.ca\\\/fr\\\/reliez-vous\\\/partenaires\\\/reseau-canadien-des-nmp\\\/#primaryimage\"},\"image\":{\"@id\":\"https:\\\/\\\/survivornet.ca\\\/fr\\\/reliez-vous\\\/partenaires\\\/reseau-canadien-des-nmp\\\/#primaryimage\"},\"thumbnailUrl\":\"https:\\\/\\\/survivornet.ca\\\/wp-content\\\/uploads\\\/2024\\\/02\\\/High-resolution-Reseau-Canadien-NMP.png\",\"datePublished\":\"2019-07-12T16:17:22+00:00\",\"dateModified\":\"2024-02-16T21:24:22+00:00\",\"breadcrumb\":{\"@id\":\"https:\\\/\\\/survivornet.ca\\\/fr\\\/reliez-vous\\\/partenaires\\\/reseau-canadien-des-nmp\\\/#breadcrumb\"},\"inLanguage\":\"fr-FR\",\"potentialAction\":[{\"@type\":\"ReadAction\",\"target\":[\"https:\\\/\\\/survivornet.ca\\\/fr\\\/reliez-vous\\\/partenaires\\\/reseau-canadien-des-nmp\\\/\"]}]},{\"@type\":\"ImageObject\",\"inLanguage\":\"fr-FR\",\"@id\":\"https:\\\/\\\/survivornet.ca\\\/fr\\\/reliez-vous\\\/partenaires\\\/reseau-canadien-des-nmp\\\/#primaryimage\",\"url\":\"https:\\\/\\\/survivornet.ca\\\/wp-content\\\/uploads\\\/2024\\\/02\\\/High-resolution-Reseau-Canadien-NMP.png\",\"contentUrl\":\"https:\\\/\\\/survivornet.ca\\\/wp-content\\\/uploads\\\/2024\\\/02\\\/High-resolution-Reseau-Canadien-NMP.png\",\"width\":1170,\"height\":871},{\"@type\":\"BreadcrumbList\",\"@id\":\"https:\\\/\\\/survivornet.ca\\\/fr\\\/reliez-vous\\\/partenaires\\\/reseau-canadien-des-nmp\\\/#breadcrumb\",\"itemListElement\":[{\"@type\":\"ListItem\",\"position\":1,\"name\":\"Home\",\"item\":\"https:\\\/\\\/survivornet.ca\\\/fr\\\/\"},{\"@type\":\"ListItem\",\"position\":2,\"name\":\"Connectez\",\"item\":\"https:\\\/\\\/survivornet.ca\\\/fr\\\/reliez-vous\\\/\"},{\"@type\":\"ListItem\",\"position\":3,\"name\":\"Partenaires\",\"item\":\"https:\\\/\\\/survivornet.ca\\\/fr\\\/reliez-vous\\\/partenaires\\\/\"},{\"@type\":\"ListItem\",\"position\":4,\"name\":\"R\u00e9seau canadien des NMP\"}]},{\"@type\":\"WebSite\",\"@id\":\"https:\\\/\\\/survivornet.ca\\\/#website\",\"url\":\"https:\\\/\\\/survivornet.ca\\\/\",\"name\":\"Canadian Cancer Survivor Network\",\"description\":\"The Canadian Cancer Survivor Network was created by a group of Canadians concerned about cancer.\",\"publisher\":{\"@id\":\"https:\\\/\\\/survivornet.ca\\\/#organization\"},\"potentialAction\":[{\"@type\":\"SearchAction\",\"target\":{\"@type\":\"EntryPoint\",\"urlTemplate\":\"https:\\\/\\\/survivornet.ca\\\/?s={search_term_string}\"},\"query-input\":{\"@type\":\"PropertyValueSpecification\",\"valueRequired\":true,\"valueName\":\"search_term_string\"}}],\"inLanguage\":\"fr-FR\"},{\"@type\":\"Organization\",\"@id\":\"https:\\\/\\\/survivornet.ca\\\/#organization\",\"name\":\"Canadian Cancer Survivor Network\",\"url\":\"https:\\\/\\\/survivornet.ca\\\/\",\"logo\":{\"@type\":\"ImageObject\",\"inLanguage\":\"fr-FR\",\"@id\":\"https:\\\/\\\/survivornet.ca\\\/#\\\/schema\\\/logo\\\/image\\\/\",\"url\":\"http:\\\/\\\/survivornet.ca\\\/wp-content\\\/uploads\\\/2016\\\/12\\\/CCSN_Logo_EN_SQUARE.png\",\"contentUrl\":\"http:\\\/\\\/survivornet.ca\\\/wp-content\\\/uploads\\\/2016\\\/12\\\/CCSN_Logo_EN_SQUARE.png\",\"width\":1209,\"height\":1007,\"caption\":\"Canadian Cancer Survivor Network\"},\"image\":{\"@id\":\"https:\\\/\\\/survivornet.ca\\\/#\\\/schema\\\/logo\\\/image\\\/\"}}]}<\/script>\n<!-- \/ Yoast SEO plugin. -->","yoast_head_json":{"title":"R\u00e9seau canadien des NMP - Canadian Cancer Survivor Network","robots":{"index":"index","follow":"follow","max-snippet":"max-snippet:-1","max-image-preview":"max-image-preview:large","max-video-preview":"max-video-preview:-1"},"canonical":"https:\/\/survivornet.ca\/fr\/reliez-vous\/partenaires\/reseau-canadien-des-nmp\/","og_locale":"fr_FR","og_type":"article","og_title":"R\u00e9seau canadien des NMP - Canadian Cancer Survivor Network","og_description":"Le R\u00e9seau canadien du NPP (RCPM) a \u00e9t\u00e9 fond\u00e9 en 2014 en tant qu\u2019organisation reliant et aidant les Canadiens d\u2019un oc\u00e9an \u00e0 l\u2019autre qui font face aux d\u00e9fis de la vie avec","og_url":"https:\/\/survivornet.ca\/fr\/reliez-vous\/partenaires\/reseau-canadien-des-nmp\/","og_site_name":"Canadian Cancer Survivor Network","article_modified_time":"2024-02-16T21:24:22+00:00","og_image":[{"width":1170,"height":871,"url":"https:\/\/survivornet.ca\/wp-content\/uploads\/2024\/02\/High-resolution-Reseau-Canadien-NMP.png","type":"image\/png"}],"twitter_card":"summary_large_image","twitter_misc":{"Dur\u00e9e de lecture estim\u00e9e":"1 minute"},"schema":{"@context":"https:\/\/schema.org","@graph":[{"@type":"WebPage","@id":"https:\/\/survivornet.ca\/fr\/reliez-vous\/partenaires\/reseau-canadien-des-nmp\/","url":"https:\/\/survivornet.ca\/fr\/reliez-vous\/partenaires\/reseau-canadien-des-nmp\/","name":"R\u00e9seau canadien des NMP - Canadian Cancer Survivor Network","isPartOf":{"@id":"https:\/\/survivornet.ca\/#website"},"primaryImageOfPage":{"@id":"https:\/\/survivornet.ca\/fr\/reliez-vous\/partenaires\/reseau-canadien-des-nmp\/#primaryimage"},"image":{"@id":"https:\/\/survivornet.ca\/fr\/reliez-vous\/partenaires\/reseau-canadien-des-nmp\/#primaryimage"},"thumbnailUrl":"https:\/\/survivornet.ca\/wp-content\/uploads\/2024\/02\/High-resolution-Reseau-Canadien-NMP.png","datePublished":"2019-07-12T16:17:22+00:00","dateModified":"2024-02-16T21:24:22+00:00","breadcrumb":{"@id":"https:\/\/survivornet.ca\/fr\/reliez-vous\/partenaires\/reseau-canadien-des-nmp\/#breadcrumb"},"inLanguage":"fr-FR","potentialAction":[{"@type":"ReadAction","target":["https:\/\/survivornet.ca\/fr\/reliez-vous\/partenaires\/reseau-canadien-des-nmp\/"]}]},{"@type":"ImageObject","inLanguage":"fr-FR","@id":"https:\/\/survivornet.ca\/fr\/reliez-vous\/partenaires\/reseau-canadien-des-nmp\/#primaryimage","url":"https:\/\/survivornet.ca\/wp-content\/uploads\/2024\/02\/High-resolution-Reseau-Canadien-NMP.png","contentUrl":"https:\/\/survivornet.ca\/wp-content\/uploads\/2024\/02\/High-resolution-Reseau-Canadien-NMP.png","width":1170,"height":871},{"@type":"BreadcrumbList","@id":"https:\/\/survivornet.ca\/fr\/reliez-vous\/partenaires\/reseau-canadien-des-nmp\/#breadcrumb","itemListElement":[{"@type":"ListItem","position":1,"name":"Home","item":"https:\/\/survivornet.ca\/fr\/"},{"@type":"ListItem","position":2,"name":"Connectez","item":"https:\/\/survivornet.ca\/fr\/reliez-vous\/"},{"@type":"ListItem","position":3,"name":"Partenaires","item":"https:\/\/survivornet.ca\/fr\/reliez-vous\/partenaires\/"},{"@type":"ListItem","position":4,"name":"R\u00e9seau canadien des NMP"}]},{"@type":"WebSite","@id":"https:\/\/survivornet.ca\/#website","url":"https:\/\/survivornet.ca\/","name":"Canadian Cancer Survivor Network","description":"The Canadian Cancer Survivor Network was created by a group of Canadians concerned about cancer.","publisher":{"@id":"https:\/\/survivornet.ca\/#organization"},"potentialAction":[{"@type":"SearchAction","target":{"@type":"EntryPoint","urlTemplate":"https:\/\/survivornet.ca\/?s={search_term_string}"},"query-input":{"@type":"PropertyValueSpecification","valueRequired":true,"valueName":"search_term_string"}}],"inLanguage":"fr-FR"},{"@type":"Organization","@id":"https:\/\/survivornet.ca\/#organization","name":"Canadian Cancer Survivor Network","url":"https:\/\/survivornet.ca\/","logo":{"@type":"ImageObject","inLanguage":"fr-FR","@id":"https:\/\/survivornet.ca\/#\/schema\/logo\/image\/","url":"http:\/\/survivornet.ca\/wp-content\/uploads\/2016\/12\/CCSN_Logo_EN_SQUARE.png","contentUrl":"http:\/\/survivornet.ca\/wp-content\/uploads\/2016\/12\/CCSN_Logo_EN_SQUARE.png","width":1209,"height":1007,"caption":"Canadian Cancer Survivor Network"},"image":{"@id":"https:\/\/survivornet.ca\/#\/schema\/logo\/image\/"}}]}},"_links":{"self":[{"href":"https:\/\/survivornet.ca\/fr\/wp-json\/wp\/v2\/pages\/14278","targetHints":{"allow":["GET"]}}],"collection":[{"href":"https:\/\/survivornet.ca\/fr\/wp-json\/wp\/v2\/pages"}],"about":[{"href":"https:\/\/survivornet.ca\/fr\/wp-json\/wp\/v2\/types\/page"}],"author":[{"embeddable":true,"href":"https:\/\/survivornet.ca\/fr\/wp-json\/wp\/v2\/users\/2"}],"replies":[{"embeddable":true,"href":"https:\/\/survivornet.ca\/fr\/wp-json\/wp\/v2\/comments?post=14278"}],"version-history":[{"count":2,"href":"https:\/\/survivornet.ca\/fr\/wp-json\/wp\/v2\/pages\/14278\/revisions"}],"predecessor-version":[{"id":28978,"href":"https:\/\/survivornet.ca\/fr\/wp-json\/wp\/v2\/pages\/14278\/revisions\/28978"}],"up":[{"embeddable":true,"href":"https:\/\/survivornet.ca\/fr\/wp-json\/wp\/v2\/pages\/4484"}],"wp:featuredmedia":[{"embeddable":true,"href":"https:\/\/survivornet.ca\/fr\/wp-json\/wp\/v2\/media\/28976"}],"wp:attachment":[{"href":"https:\/\/survivornet.ca\/fr\/wp-json\/wp\/v2\/media?parent=14278"}],"curies":[{"name":"wp","href":"https:\/\/api.w.org\/{rel}","templated":true}]}}