{"id":14270,"date":"2019-07-12T15:38:20","date_gmt":"2019-07-12T15:38:20","guid":{"rendered":"https:\/\/survivornet.ca\/?page_id=14270\/"},"modified":"2024-02-12T17:42:08","modified_gmt":"2024-02-12T22:42:08","slug":"la-fondation-canadienne-des-tumeurs-cerebrales","status":"publish","type":"page","link":"https:\/\/survivornet.ca\/fr\/reliez-vous\/partenaires\/la-fondation-canadienne-des-tumeurs-cerebrales\/","title":{"rendered":"La Fondation canadienne des tumeurs c\u00e9r\u00e9brales"},"content":{"rendered":"<p><img loading=\"lazy\" decoding=\"async\" class=\"wp-image-28860 aligncenter\" src=\"http:\/\/survivornet.ca\/wp-content\/uploads\/2024\/02\/Brain_Tumour_Foundation_of_Canada.jpg\" alt=\"\" width=\"563\" height=\"295\" srcset=\"https:\/\/survivornet.ca\/wp-content\/uploads\/2024\/02\/Brain_Tumour_Foundation_of_Canada.jpg 2096w, https:\/\/survivornet.ca\/wp-content\/uploads\/2024\/02\/Brain_Tumour_Foundation_of_Canada-768x402.jpg 768w, https:\/\/survivornet.ca\/wp-content\/uploads\/2024\/02\/Brain_Tumour_Foundation_of_Canada-1536x805.jpg 1536w, https:\/\/survivornet.ca\/wp-content\/uploads\/2024\/02\/Brain_Tumour_Foundation_of_Canada-2048x1073.jpg 2048w\" sizes=\"auto, (max-width: 563px) 100vw, 563px\" \/><\/p>\n<p>La Fondation canadienne des tumeurs c\u00e9r\u00e9brales est le seul organisme de bienfaisance national qui offre de l&#8217;information et du soutien aux patients atteints d&#8217;une tumeur c\u00e9r\u00e9brale &#8211; qu&#8217;elle soit canc\u00e9reuse, non maligne ou m\u00e9tastatique. L&#8217;organisme finance \u00e9galement la recherche dans toute l&#8217;Am\u00e9rique du Nord et, depuis 1982, a consacr\u00e9 plus de 5,8 millions de dollars \u00e0 la recherche d&#8217;un rem\u00e8de contre cette maladie et \u00e0 l&#8217;am\u00e9lioration du traitement des survivants de tumeurs c\u00e9r\u00e9brales.<\/p>\n<p>Les tumeurs c\u00e9r\u00e9brales sont impr\u00e9visibles et complexes. Ils peuvent affecter la vision, l&#8217;audition, la m\u00e9moire, l&#8217;\u00e9quilibre et la mobilit\u00e9. Leurs effets sont physiques, \u00e9motionnels, financiers et durent toute la vie. Il n&#8217;y a pas de rem\u00e8de.<\/p>\n<p>La Fondation propose de nombreux outils et\u00a0<a href=\"https:\/\/www.braintumour.ca\/fr-ca\/244\/\"><strong>ressources gratuites<\/strong><\/a>\u00a0pour\u00a0 les personnes touch\u00e9es par une\u00a0 tumeur c\u00e9r\u00e9brale, qu&#8217;elle soit maligne ou non maligne, primaire ou\u00a0 secondaire.<\/p>\n<p>Notre vision : Trouver la cause et le rem\u00e8de des tumeurs c\u00e9r\u00e9brales tout en am\u00e9liorant la qualit\u00e9 de vie des personnes atteintes.<\/p>\n<p>Notre mission: Nous existons pour\u00a0<a href=\"https:\/\/www.braintumour.ca\/fr-ca\/621\/care-and-support\"><strong>soutenir<\/strong><\/a>\u00a0les gens, leurs familles et la communaut\u00e9 qui vivent avec les tumeurs c\u00e9r\u00e9brales par le biais de programmes d\u2019<a href=\"https:\/\/www.braintumour.ca\/fr-ca\/2630\/about-brain-tumours\"><strong>information<\/strong><\/a>,\u00a0<a href=\"https:\/\/www.braintumour.ca\/fr-ca\/5817\/conference\"><strong>d\u2019\u00e9ducation<\/strong><\/a>\u00a0et\u00a0<a href=\"https:\/\/www.braintumour.ca\/fr-ca\/632\/research\"><strong>de recherche<\/strong><\/a>.<\/p>\n<p>La Fondation canadienne des tumeurs c\u00e9r\u00e9brales recueille des fonds pour diriger la recherche sur la cause et le traitement de cette maladie d\u00e9vastatrice. Nous offrons \u00e9galement des programmes essentiels pour la communaut\u00e9 des tumeurs c\u00e9r\u00e9brales, y compris des groupes de soutien et la Conf\u00e9rence nationale sur les tumeurs c\u00e9r\u00e9brales, ainsi que des ressources comme des guides sur les tumeurs c\u00e9r\u00e9brales, des feuillets d&#8217;information et un livre de contes pour enfants.<\/p>\n<p>Pour en savoir plus, consultez le site Web de la Fondation canadienne des tumeurs c\u00e9r\u00e9brales :\u00a0<a href=\"https:\/\/www.braintumour.ca\/fr-ca\">https:\/\/www.braintumour.ca\/fr-ca<\/a><\/p>\n<p>&nbsp;<\/p>\n<p><strong>FONDATION CANADIENNE DES TUMEURS C\u00c9R\u00c9BRALES<\/strong><br \/>\n203 &#8211; 205 Horton St E<br \/>\nLondon, ON \u00a0N6B 1K7<br \/>\n<strong>T\u00e9l :\u00a0<\/strong>519 642-7755 \u2022 1-800-265-5106, poste 403<br \/>\n<strong>T\u00e9l\u00e9copieur :\u00a0<\/strong>519 642-7192<\/p>\n<p>Num\u00e9ro d\u2019enregistrement d\u2019un organisme de bienfaisance : 118816339RR0001<\/p>\n<p><a href=\"http:\/\/www.facebook.com\/Fondationcanadiennedestumeurscerebrales\"><strong>\u00a0Suivez-nous sur Facebook!<\/strong><\/a><\/p>\n<p>&nbsp;<\/p>\n<p><a href=\"https:\/\/www.braintumour.ca\/fr-ca\/7\/\"><strong>COMMUNIQUEZ AVEC NOUS<\/strong><\/a>\u00a0 pour plus d&#8217;information.<\/p>\n","protected":false},"excerpt":{"rendered":"<p>La Fondation canadienne des tumeurs c\u00e9r\u00e9brales est le seul organisme de bienfaisance national qui offre de l&#8217;information et du soutien aux patients atteints d&#8217;une tumeur c\u00e9r\u00e9brale &#8211; qu&#8217;elle soit canc\u00e9reuse, non maligne<\/p>\n","protected":false},"author":2,"featured_media":28858,"parent":4484,"menu_order":0,"comment_status":"closed","ping_status":"closed","template":"","meta":{"_acf_changed":false,"footnotes":""},"class_list":["post-14270","page","type-page","status-publish","has-post-thumbnail","hentry"],"acf":[],"yoast_head":"<!-- This site is optimized with the Yoast SEO plugin v27.4 - https:\/\/yoast.com\/product\/yoast-seo-wordpress\/ -->\n<title>La Fondation canadienne des tumeurs c\u00e9r\u00e9brales - Canadian Cancer Survivor Network<\/title>\n<meta name=\"robots\" content=\"index, follow, max-snippet:-1, max-image-preview:large, max-video-preview:-1\" \/>\n<link rel=\"canonical\" href=\"https:\/\/survivornet.ca\/fr\/reliez-vous\/partenaires\/la-fondation-canadienne-des-tumeurs-cerebrales\/\" \/>\n<meta property=\"og:locale\" content=\"fr_FR\" \/>\n<meta property=\"og:type\" content=\"article\" \/>\n<meta property=\"og:title\" content=\"La Fondation canadienne des tumeurs c\u00e9r\u00e9brales - Canadian Cancer Survivor Network\" \/>\n<meta property=\"og:description\" content=\"La Fondation canadienne des tumeurs c\u00e9r\u00e9brales est le seul organisme de bienfaisance national qui offre de l&#8217;information et du soutien aux patients atteints d&#8217;une tumeur c\u00e9r\u00e9brale &#8211; qu&#8217;elle soit canc\u00e9reuse, non maligne\" \/>\n<meta property=\"og:url\" content=\"https:\/\/survivornet.ca\/fr\/reliez-vous\/partenaires\/la-fondation-canadienne-des-tumeurs-cerebrales\/\" \/>\n<meta property=\"og:site_name\" content=\"Canadian Cancer Survivor Network\" \/>\n<meta property=\"article:modified_time\" content=\"2024-02-12T22:42:08+00:00\" \/>\n<meta property=\"og:image\" content=\"https:\/\/survivornet.ca\/wp-content\/uploads\/2024\/02\/La-fondation-canadienne-des-tumeurs-cerebrales.png\" \/>\n\t<meta property=\"og:image:width\" content=\"300\" \/>\n\t<meta property=\"og:image:height\" content=\"300\" \/>\n\t<meta property=\"og:image:type\" content=\"image\/png\" \/>\n<meta name=\"twitter:card\" content=\"summary_large_image\" \/>\n<meta name=\"twitter:label1\" content=\"Dur\u00e9e de lecture estim\u00e9e\" \/>\n\t<meta name=\"twitter:data1\" content=\"2 minutes\" \/>\n<script type=\"application\/ld+json\" class=\"yoast-schema-graph\">{\"@context\":\"https:\\\/\\\/schema.org\",\"@graph\":[{\"@type\":\"WebPage\",\"@id\":\"https:\\\/\\\/survivornet.ca\\\/fr\\\/reliez-vous\\\/partenaires\\\/la-fondation-canadienne-des-tumeurs-cerebrales\\\/\",\"url\":\"https:\\\/\\\/survivornet.ca\\\/fr\\\/reliez-vous\\\/partenaires\\\/la-fondation-canadienne-des-tumeurs-cerebrales\\\/\",\"name\":\"La Fondation canadienne des tumeurs c\u00e9r\u00e9brales - Canadian Cancer Survivor Network\",\"isPartOf\":{\"@id\":\"https:\\\/\\\/survivornet.ca\\\/#website\"},\"primaryImageOfPage\":{\"@id\":\"https:\\\/\\\/survivornet.ca\\\/fr\\\/reliez-vous\\\/partenaires\\\/la-fondation-canadienne-des-tumeurs-cerebrales\\\/#primaryimage\"},\"image\":{\"@id\":\"https:\\\/\\\/survivornet.ca\\\/fr\\\/reliez-vous\\\/partenaires\\\/la-fondation-canadienne-des-tumeurs-cerebrales\\\/#primaryimage\"},\"thumbnailUrl\":\"https:\\\/\\\/survivornet.ca\\\/wp-content\\\/uploads\\\/2024\\\/02\\\/La-fondation-canadienne-des-tumeurs-cerebrales.png\",\"datePublished\":\"2019-07-12T15:38:20+00:00\",\"dateModified\":\"2024-02-12T22:42:08+00:00\",\"breadcrumb\":{\"@id\":\"https:\\\/\\\/survivornet.ca\\\/fr\\\/reliez-vous\\\/partenaires\\\/la-fondation-canadienne-des-tumeurs-cerebrales\\\/#breadcrumb\"},\"inLanguage\":\"fr-FR\",\"potentialAction\":[{\"@type\":\"ReadAction\",\"target\":[\"https:\\\/\\\/survivornet.ca\\\/fr\\\/reliez-vous\\\/partenaires\\\/la-fondation-canadienne-des-tumeurs-cerebrales\\\/\"]}]},{\"@type\":\"ImageObject\",\"inLanguage\":\"fr-FR\",\"@id\":\"https:\\\/\\\/survivornet.ca\\\/fr\\\/reliez-vous\\\/partenaires\\\/la-fondation-canadienne-des-tumeurs-cerebrales\\\/#primaryimage\",\"url\":\"https:\\\/\\\/survivornet.ca\\\/wp-content\\\/uploads\\\/2024\\\/02\\\/La-fondation-canadienne-des-tumeurs-cerebrales.png\",\"contentUrl\":\"https:\\\/\\\/survivornet.ca\\\/wp-content\\\/uploads\\\/2024\\\/02\\\/La-fondation-canadienne-des-tumeurs-cerebrales.png\",\"width\":300,\"height\":300},{\"@type\":\"BreadcrumbList\",\"@id\":\"https:\\\/\\\/survivornet.ca\\\/fr\\\/reliez-vous\\\/partenaires\\\/la-fondation-canadienne-des-tumeurs-cerebrales\\\/#breadcrumb\",\"itemListElement\":[{\"@type\":\"ListItem\",\"position\":1,\"name\":\"Home\",\"item\":\"https:\\\/\\\/survivornet.ca\\\/fr\\\/\"},{\"@type\":\"ListItem\",\"position\":2,\"name\":\"Connectez\",\"item\":\"https:\\\/\\\/survivornet.ca\\\/fr\\\/reliez-vous\\\/\"},{\"@type\":\"ListItem\",\"position\":3,\"name\":\"Partenaires\",\"item\":\"https:\\\/\\\/survivornet.ca\\\/fr\\\/reliez-vous\\\/partenaires\\\/\"},{\"@type\":\"ListItem\",\"position\":4,\"name\":\"La Fondation canadienne des tumeurs c\u00e9r\u00e9brales\"}]},{\"@type\":\"WebSite\",\"@id\":\"https:\\\/\\\/survivornet.ca\\\/#website\",\"url\":\"https:\\\/\\\/survivornet.ca\\\/\",\"name\":\"Canadian Cancer Survivor Network\",\"description\":\"The Canadian Cancer Survivor Network was created by a group of Canadians concerned about cancer.\",\"publisher\":{\"@id\":\"https:\\\/\\\/survivornet.ca\\\/#organization\"},\"potentialAction\":[{\"@type\":\"SearchAction\",\"target\":{\"@type\":\"EntryPoint\",\"urlTemplate\":\"https:\\\/\\\/survivornet.ca\\\/?s={search_term_string}\"},\"query-input\":{\"@type\":\"PropertyValueSpecification\",\"valueRequired\":true,\"valueName\":\"search_term_string\"}}],\"inLanguage\":\"fr-FR\"},{\"@type\":\"Organization\",\"@id\":\"https:\\\/\\\/survivornet.ca\\\/#organization\",\"name\":\"Canadian Cancer Survivor Network\",\"url\":\"https:\\\/\\\/survivornet.ca\\\/\",\"logo\":{\"@type\":\"ImageObject\",\"inLanguage\":\"fr-FR\",\"@id\":\"https:\\\/\\\/survivornet.ca\\\/#\\\/schema\\\/logo\\\/image\\\/\",\"url\":\"http:\\\/\\\/survivornet.ca\\\/wp-content\\\/uploads\\\/2016\\\/12\\\/CCSN_Logo_EN_SQUARE.png\",\"contentUrl\":\"http:\\\/\\\/survivornet.ca\\\/wp-content\\\/uploads\\\/2016\\\/12\\\/CCSN_Logo_EN_SQUARE.png\",\"width\":1209,\"height\":1007,\"caption\":\"Canadian Cancer Survivor Network\"},\"image\":{\"@id\":\"https:\\\/\\\/survivornet.ca\\\/#\\\/schema\\\/logo\\\/image\\\/\"}}]}<\/script>\n<!-- \/ Yoast SEO plugin. -->","yoast_head_json":{"title":"La Fondation canadienne des tumeurs c\u00e9r\u00e9brales - Canadian Cancer Survivor Network","robots":{"index":"index","follow":"follow","max-snippet":"max-snippet:-1","max-image-preview":"max-image-preview:large","max-video-preview":"max-video-preview:-1"},"canonical":"https:\/\/survivornet.ca\/fr\/reliez-vous\/partenaires\/la-fondation-canadienne-des-tumeurs-cerebrales\/","og_locale":"fr_FR","og_type":"article","og_title":"La Fondation canadienne des tumeurs c\u00e9r\u00e9brales - Canadian Cancer Survivor Network","og_description":"La Fondation canadienne des tumeurs c\u00e9r\u00e9brales est le seul organisme de bienfaisance national qui offre de l&#8217;information et du soutien aux patients atteints d&#8217;une tumeur c\u00e9r\u00e9brale &#8211; qu&#8217;elle soit canc\u00e9reuse, non maligne","og_url":"https:\/\/survivornet.ca\/fr\/reliez-vous\/partenaires\/la-fondation-canadienne-des-tumeurs-cerebrales\/","og_site_name":"Canadian Cancer Survivor Network","article_modified_time":"2024-02-12T22:42:08+00:00","og_image":[{"width":300,"height":300,"url":"https:\/\/survivornet.ca\/wp-content\/uploads\/2024\/02\/La-fondation-canadienne-des-tumeurs-cerebrales.png","type":"image\/png"}],"twitter_card":"summary_large_image","twitter_misc":{"Dur\u00e9e de lecture estim\u00e9e":"2 minutes"},"schema":{"@context":"https:\/\/schema.org","@graph":[{"@type":"WebPage","@id":"https:\/\/survivornet.ca\/fr\/reliez-vous\/partenaires\/la-fondation-canadienne-des-tumeurs-cerebrales\/","url":"https:\/\/survivornet.ca\/fr\/reliez-vous\/partenaires\/la-fondation-canadienne-des-tumeurs-cerebrales\/","name":"La Fondation canadienne des tumeurs c\u00e9r\u00e9brales - Canadian Cancer Survivor Network","isPartOf":{"@id":"https:\/\/survivornet.ca\/#website"},"primaryImageOfPage":{"@id":"https:\/\/survivornet.ca\/fr\/reliez-vous\/partenaires\/la-fondation-canadienne-des-tumeurs-cerebrales\/#primaryimage"},"image":{"@id":"https:\/\/survivornet.ca\/fr\/reliez-vous\/partenaires\/la-fondation-canadienne-des-tumeurs-cerebrales\/#primaryimage"},"thumbnailUrl":"https:\/\/survivornet.ca\/wp-content\/uploads\/2024\/02\/La-fondation-canadienne-des-tumeurs-cerebrales.png","datePublished":"2019-07-12T15:38:20+00:00","dateModified":"2024-02-12T22:42:08+00:00","breadcrumb":{"@id":"https:\/\/survivornet.ca\/fr\/reliez-vous\/partenaires\/la-fondation-canadienne-des-tumeurs-cerebrales\/#breadcrumb"},"inLanguage":"fr-FR","potentialAction":[{"@type":"ReadAction","target":["https:\/\/survivornet.ca\/fr\/reliez-vous\/partenaires\/la-fondation-canadienne-des-tumeurs-cerebrales\/"]}]},{"@type":"ImageObject","inLanguage":"fr-FR","@id":"https:\/\/survivornet.ca\/fr\/reliez-vous\/partenaires\/la-fondation-canadienne-des-tumeurs-cerebrales\/#primaryimage","url":"https:\/\/survivornet.ca\/wp-content\/uploads\/2024\/02\/La-fondation-canadienne-des-tumeurs-cerebrales.png","contentUrl":"https:\/\/survivornet.ca\/wp-content\/uploads\/2024\/02\/La-fondation-canadienne-des-tumeurs-cerebrales.png","width":300,"height":300},{"@type":"BreadcrumbList","@id":"https:\/\/survivornet.ca\/fr\/reliez-vous\/partenaires\/la-fondation-canadienne-des-tumeurs-cerebrales\/#breadcrumb","itemListElement":[{"@type":"ListItem","position":1,"name":"Home","item":"https:\/\/survivornet.ca\/fr\/"},{"@type":"ListItem","position":2,"name":"Connectez","item":"https:\/\/survivornet.ca\/fr\/reliez-vous\/"},{"@type":"ListItem","position":3,"name":"Partenaires","item":"https:\/\/survivornet.ca\/fr\/reliez-vous\/partenaires\/"},{"@type":"ListItem","position":4,"name":"La Fondation canadienne des tumeurs c\u00e9r\u00e9brales"}]},{"@type":"WebSite","@id":"https:\/\/survivornet.ca\/#website","url":"https:\/\/survivornet.ca\/","name":"Canadian Cancer Survivor Network","description":"The Canadian Cancer Survivor Network was created by a group of Canadians concerned about cancer.","publisher":{"@id":"https:\/\/survivornet.ca\/#organization"},"potentialAction":[{"@type":"SearchAction","target":{"@type":"EntryPoint","urlTemplate":"https:\/\/survivornet.ca\/?s={search_term_string}"},"query-input":{"@type":"PropertyValueSpecification","valueRequired":true,"valueName":"search_term_string"}}],"inLanguage":"fr-FR"},{"@type":"Organization","@id":"https:\/\/survivornet.ca\/#organization","name":"Canadian Cancer Survivor Network","url":"https:\/\/survivornet.ca\/","logo":{"@type":"ImageObject","inLanguage":"fr-FR","@id":"https:\/\/survivornet.ca\/#\/schema\/logo\/image\/","url":"http:\/\/survivornet.ca\/wp-content\/uploads\/2016\/12\/CCSN_Logo_EN_SQUARE.png","contentUrl":"http:\/\/survivornet.ca\/wp-content\/uploads\/2016\/12\/CCSN_Logo_EN_SQUARE.png","width":1209,"height":1007,"caption":"Canadian Cancer Survivor Network"},"image":{"@id":"https:\/\/survivornet.ca\/#\/schema\/logo\/image\/"}}]}},"_links":{"self":[{"href":"https:\/\/survivornet.ca\/fr\/wp-json\/wp\/v2\/pages\/14270","targetHints":{"allow":["GET"]}}],"collection":[{"href":"https:\/\/survivornet.ca\/fr\/wp-json\/wp\/v2\/pages"}],"about":[{"href":"https:\/\/survivornet.ca\/fr\/wp-json\/wp\/v2\/types\/page"}],"author":[{"embeddable":true,"href":"https:\/\/survivornet.ca\/fr\/wp-json\/wp\/v2\/users\/2"}],"replies":[{"embeddable":true,"href":"https:\/\/survivornet.ca\/fr\/wp-json\/wp\/v2\/comments?post=14270"}],"version-history":[{"count":3,"href":"https:\/\/survivornet.ca\/fr\/wp-json\/wp\/v2\/pages\/14270\/revisions"}],"predecessor-version":[{"id":28863,"href":"https:\/\/survivornet.ca\/fr\/wp-json\/wp\/v2\/pages\/14270\/revisions\/28863"}],"up":[{"embeddable":true,"href":"https:\/\/survivornet.ca\/fr\/wp-json\/wp\/v2\/pages\/4484"}],"wp:featuredmedia":[{"embeddable":true,"href":"https:\/\/survivornet.ca\/fr\/wp-json\/wp\/v2\/media\/28858"}],"wp:attachment":[{"href":"https:\/\/survivornet.ca\/fr\/wp-json\/wp\/v2\/media?parent=14270"}],"curies":[{"name":"wp","href":"https:\/\/api.w.org\/{rel}","templated":true}]}}