{"id":14097,"date":"2019-07-02T14:51:10","date_gmt":"2019-07-02T14:51:10","guid":{"rendered":"https:\/\/survivornet.ca\/?page_id=14097\/"},"modified":"2023-06-13T08:36:19","modified_gmt":"2023-06-13T12:36:19","slug":"bulletin","status":"publish","type":"page","link":"https:\/\/survivornet.ca\/fr\/bulletin\/","title":{"rendered":"Infolettres"},"content":{"rendered":"<div class=\"wpb-content-wrapper\"><p>[vc_row css=&#8221;.vc_custom_1635430267302{background-color: #f4f4f4 !important;}&#8221;][vc_column][vc_row_inner][vc_column_inner width=&#8221;1\/2&#8243;][vc_column_text]<\/p>\n<h2><a href=\"https:\/\/mailchi.mp\/6324208cdf31\/ccsn-newsletter-june-1001241\">Infolettre de juin 2023<\/a><\/h2>\n<p class=\"null\">Aper\u00e7u:<\/p>\n<ul class=\"content-list\">\n<li><a href=\"https:\/\/survivornet.ca\/fr\/agissez\/le-cancer-ne-peut-pas-attendre\/sondages-du-rcsc-sur-la-covid-19-et-le-cancer\/\">Les r\u00e9sultats de notre 5e sondage L\u00e9ger sur la COVID longue sont arriv\u00e9s!<\/a><\/li>\n<li><a href=\"https:\/\/survivornet.ca\/fr\/news\/pour-plusieurs-au-canada-le-cancer-na-pas-attendu-aujourdhui-ils-en-paient-le-prix\/\">Le cancer n&#8217;a pas attendu<\/a><\/li>\n<li><a href=\"https:\/\/survivornet.ca\/fr\/news\/le-rcsc-souligne-la-journee-nationale-des-survivants-du-cancer-a-lhotel-de-ville-de-ottawa\/\">Le RCSC souligne la Journ\u00e9e nationale des survivants du cancer \u00e0 l\u2019h\u00f4tel de ville de Ottawa<\/a><\/li>\n<li><a href=\"https:\/\/survivornet.ca\/fr\/connaissez-vous-bien-le-soleil\/\">Connaissez-vous bien le Soleil?<\/a><\/li>\n<li><a href=\"https:\/\/www.surveymonkey.com\/r\/PY9WH2J\">Aidez-nous avec notre soumission de niraparib \u00e0 l&#8217;ACMTS et \u00e0 l&#8217;INESSS (en anglais)<\/a><\/li>\n<li><a href=\"https:\/\/aunaturelsolutions.com\/fr\">Nous avons un nouveau partenaire!<\/a><\/li>\n<\/ul>\n<p>[\/vc_column_text][vc_column_text]<\/p>\n<h2><a href=\"https:\/\/mailchi.mp\/a603e85daaf3\/ccsn-newsletter-may-1001221\">Infolettre de mai 2023<\/a><\/h2>\n<p class=\"null\">Aper\u00e7u:<\/p>\n<ul class=\"content-list\">\n<li><a href=\"https:\/\/survivornet.ca\/news\/ccsn-returns-to-queens-park-for-latest-all-party-cancer-caucus\/\">RCSC au caucus multipartite de l&#8217;Ontario &#8211; un grand succ\u00e8s (en anglais)<\/a><\/li>\n<li>L<a href=\"https:\/\/survivornet.ca\/news\/alberta-election-read-our-questions-to-candidates\/\">es \u00e9lections en Alberta approchent \u00e0 grands pas (en anglais)<\/a><\/li>\n<li><a href=\"https:\/\/survivornet.ca\/fr\/news\/la-lutte-contre-le-cancer-est-le-depistage-du-cancer\/\">La lutte contre le cancer c\u2019est le d\u00e9pistage du cancer<\/a><\/li>\n<li><a href=\"https:\/\/survivornet.ca\/fr\/cancer-professionnel-un-veritable-risque-au-travail\/\">Cancer professionnel: un v\u00e9ritable risque au travail<\/a><\/li>\n<li><a href=\"https:\/\/www.surveymonkey.com\/r\/LJDS7ZC\">Nous voulons entendre des patients atteints du cancer de la prostate r\u00e9sistant \u00e0 la castration m\u00e9tastatique (CPRCm) (en anglais)<\/a><\/li>\n<li><a href=\"https:\/\/right2survive.ca\/\">D\u00e9couvrez ce que font nos partenaires! (en anglais)<\/a><\/li>\n<\/ul>\n<p>[\/vc_column_text][vc_column_text]<\/p>\n<h2><a href=\"https:\/\/mailchi.mp\/7a10588835dc\/ccsn-newsletter-april-1001189\">Infolettre de avril 2023<\/a><\/h2>\n<p class=\"null\">Aper\u00e7u:<\/p>\n<ul class=\"content-list\">\n<li><a href=\"https:\/\/survivornet.ca\/cancer-cant-wait-lands-in-saskatchewan\/\"><em>Le cancer n&#8217;attend pas<\/em> en route vers la Saskatchewa (en anglais<\/a>)<\/li>\n<li><a href=\"https:\/\/survivornet.ca\/fr\/news\/notre-sondage-sur-la-covid-longue-a-toujours-besoin-de-votre-participation\/\">Notre sondage sur la COVID longue a toujours besoin de votre participation<\/a><\/li>\n<li><a href=\"https:\/\/survivornet.ca\/act\/ccsn-webinar-series\/\">Les deux s\u00e9ries de webinaires en cours (en anglais)<\/a><\/li>\n<li><a href=\"https:\/\/survivornet.ca\/news\/ccsn-sends-questions-to-pei-election-candidates\/\">Le RCSC envoie des questions aux candidats aux \u00e9lections de l&#8217;\u00cele-du-Prince-\u00c9douard (en anglais)<\/a><\/li>\n<li><a href=\"https:\/\/fqc.qc.ca\/fr\">Nous avons un nouveau partenaire!<\/a><\/li>\n<\/ul>\n<p>[\/vc_column_text][vc_column_text]<\/p>\n<h2><a href=\"https:\/\/mailchi.mp\/323b7c471961\/ccsn-newsletter-march-1001145\">Infolettre de mars 2023<\/a><\/h2>\n<p class=\"null\">Aper\u00e7u:<\/p>\n<ul class=\"content-list\">\n<li><a href=\"https:\/\/survivornet.ca\/2023-webinar-series\/\">Nouveaux webinaires du RCSC (anglais)<\/a><\/li>\n<li><a href=\"https:\/\/survivornet.ca\/fr\/reliez-vous\/nouvelles\/\">Journ\u00e9es de sensibilisation de f\u00e9vrier<\/a><\/li>\n<li><a href=\"https:\/\/survivornet.ca\/fr\/news\/le-cancer-colorectal-nattend-pas-nattendez-pas-pour-vous-faire-depister\/\">Le cancer colorectal n\u2019attend pas, n\u2019attendez pas pour vous faire d\u00e9pister<\/a><\/li>\n<li><a href=\"https:\/\/survivornet.ca\/fr\/news\/le-cancer-ne-peut-pas-attendre-la-perturbation-des-soins-contre-le-cancer-se-poursuit-pres-de-trois-ans-apres-le-debut-de-la-pandemie\/\"><em>Le cancer ne peut pas attendre<\/em>\u00a0en route vers la Saskatchewan<\/a><\/li>\n<li><a href=\"https:\/\/survivornet.ca\/fr\/se-conformer-aux-nouvelles-directives-sur-lalcool-un-combat-delicat\/\">Se conformer aux nouvelles directives sur l\u2019alcool, un combat d\u00e9licat<\/a><\/li>\n<li><a href=\"https:\/\/www.canadalymph.ca\/wld\/\">Ressources pour la Journ\u00e9e Mondiale du Lymph\u0153d\u00e8me (anglais)<\/a><\/li>\n<\/ul>\n<p>[\/vc_column_text][vc_column_text]<\/p>\n<h2><a href=\"https:\/\/mailchi.mp\/10c94327d5ac\/ccsn-newsletter-february-1001129\">Infolettre de f\u00e9vrier 2023<\/a><\/h2>\n<p class=\"null\">Aper\u00e7u:<\/p>\n<ul class=\"content-list\">\n<li><a href=\"https:\/\/survivornet.ca\/fr\/news\/les-canadiens-atteints-de-cancer-demandent-ou-est-le-cancer-dans-le-plan-daction-en-matiere-de-sante-annonce-hier\/\">Les canadiens atteints de cancer demandent: \u00ab O\u00f9 est le cancer? \u00bb dans le plan d\u2019action en mati\u00e8re de sant\u00e9 annonc\u00e9 hier<\/a><\/li>\n<li><a href=\"https:\/\/survivornet.ca\/fr\/journee-mondiale-contre-le-cancer-2023-unir-nos-voix-et-agir\/\">RCSC\u00a0souligne la Journ\u00e9e mondiale contre le cancer<\/a><\/li>\n<li><a href=\"https:\/\/survivornet.ca\/fr\/agissez\/le-cancer-ne-peut-pas-attendre\/\">Nous \u00e9tudions le\u00a0COVID-19 de longue dur\u00e9e<\/a><\/li>\n<li><a href=\"https:\/\/survivornet.ca\/2023-webinar-series\/\">Notre s\u00e9rie de webinaires 2023 d\u00e9marre! (en anglais)<\/a><\/li>\n<li><a href=\"https:\/\/survivornet.ca\/fr\/cours-en-ligne-la-science-du-cancer\/\">D\u00e9couvrez notre cours sur la science du cancer<\/a><\/li>\n<li><a href=\"https:\/\/survey.ucalgary.ca\/jfe\/form\/SV_8uH0URJ6hspxPcW\">AYA PSP \u00ab Call For Expression of Interest \u00bb (en anglais)<\/a><\/li>\n<\/ul>\n<p>[\/vc_column_text][vc_column_text]<\/p>\n<h2><a href=\"https:\/\/mailchi.mp\/2ad90f7a35e2\/your-ccsn-june-2021-newsletter-stay-up-to-date-and-informed-1000938\">Infolettre de septembre 2022<\/a><\/h2>\n<p class=\"null\">Aper\u00e7u:<\/p>\n<ul class=\"content-list\">\n<li><a href=\"https:\/\/mailchi.mp\/2ad90f7a35e2\/your-ccsn-june-2021-newsletter-stay-up-to-date-and-informed-1000938#Aidants\" target=\"_blank\" rel=\"noopener noreferrer\">La pand\u00e9mie fait encore des ravages chez les aidants<\/a><\/li>\n<li><a href=\"https:\/\/mailchi.mp\/2ad90f7a35e2\/your-ccsn-june-2021-newsletter-stay-up-to-date-and-informed-1000938#Mammographies\" target=\"_blank\" rel=\"noopener noreferrer\">Cons\u00e9quences des mammographies de routine pr\u00e9coces<\/a><\/li>\n<li><a href=\"https:\/\/mailchi.mp\/2ad90f7a35e2\/your-ccsn-june-2021-newsletter-stay-up-to-date-and-informed-1000938#Prostate\" target=\"_blank\" rel=\"noopener noreferrer\">Conseil consultatif pour le cancer de la prostate<\/a><\/li>\n<\/ul>\n<p>[\/vc_column_text][vc_column_text]<\/p>\n<h2><a href=\"https:\/\/mailchi.mp\/f9898261c045\/your-ccsn-june-2021-newsletter-stay-up-to-date-and-informed-1000918\">Infolettre de ao\u00fbt 2022<\/a><\/h2>\n<p class=\"null\">Aper\u00e7u:<\/p>\n<ul class=\"content-list\">\n<li><a href=\"https:\/\/mailchi.mp\/f9898261c045\/your-ccsn-june-2021-newsletter-stay-up-to-date-and-informed-1000918#main-1\" target=\"_blank\" rel=\"noopener noreferrer\">Le cancer ne peut pas attendre! Notre quatri\u00e8me sondage montre que les patients et les aidants ne se sentent toujours pas en s\u00e9curit\u00e9.<\/a><\/li>\n<li><a href=\"https:\/\/mailchi.mp\/f9898261c045\/your-ccsn-june-2021-newsletter-stay-up-to-date-and-informed-1000918#fourth-survey\" target=\"_blank\" rel=\"noopener noreferrer\">Les patients et les aidants ne consid\u00e8rent pas que la pand\u00e9mie est termin\u00e9e!<\/a><\/li>\n<li><a href=\"https:\/\/mailchi.mp\/f9898261c045\/your-ccsn-june-2021-newsletter-stay-up-to-date-and-informed-1000918#jm-interview\" target=\"_blank\" rel=\"noopener noreferrer\">Jackie Manthorne en entrevue sur CTV News Atlantic<\/a><\/li>\n<li><a href=\"https:\/\/mailchi.mp\/f9898261c045\/your-ccsn-june-2021-newsletter-stay-up-to-date-and-informed-1000918#cancer-story\" target=\"_blank\" rel=\"noopener noreferrer\">Partage ton histoire<\/a><\/li>\n<\/ul>\n<p>[\/vc_column_text][vc_column_text]<\/p>\n<h2><a href=\"https:\/\/mailchi.mp\/c318f81bce34\/your-ccsn-june-2021-newsletter-stay-up-to-date-and-informed-1000862\">Infolettre de juin 2022<\/a><\/h2>\n<p class=\"null\">Dans ce num\u00e9ro:<\/p>\n<ul class=\"content-list\">\n<li><a href=\"https:\/\/mailchi.mp\/c318f81bce34\/your-ccsn-june-2021-newsletter-stay-up-to-date-and-informed-1000862#main-1\">Le cancer ne peut pas attendre! Rapport sur les trois sondages du RCSC sur la COVID-19 et le cancer<\/a><\/li>\n<li><a href=\"https:\/\/mailchi.mp\/c318f81bce34\/your-ccsn-june-2021-newsletter-stay-up-to-date-and-informed-1000862#fourth-survey\" target=\"_blank\" rel=\"noopener noreferrer\">Bient\u00f4t disponible! Quatri\u00e8me sondage sur la COVID-19 et le cancer<\/a><\/li>\n<li><a href=\"https:\/\/mailchi.mp\/c318f81bce34\/your-ccsn-june-2021-newsletter-stay-up-to-date-and-informed-1000862#survivors-day\" target=\"_blank\" rel=\"noopener noreferrer\">Journ\u00e9e nationale des survivants du cancer<\/a><\/li>\n<li><a href=\"https:\/\/mailchi.mp\/c318f81bce34\/your-ccsn-june-2021-newsletter-stay-up-to-date-and-informed-1000862#events\" target=\"_blank\" rel=\"noopener noreferrer\">\u00c9v\u00e9nements \u00e0 venir<\/a><\/li>\n<li><a href=\"https:\/\/mailchi.mp\/c318f81bce34\/your-ccsn-june-2021-newsletter-stay-up-to-date-and-informed-1000862#participate\" target=\"_blank\" rel=\"noopener noreferrer\">Appels \u00e0 la participation<\/a><\/li>\n<li><a href=\"https:\/\/mailchi.mp\/c318f81bce34\/your-ccsn-june-2021-newsletter-stay-up-to-date-and-informed-1000862#giving-challenge\" target=\"_blank\" rel=\"noopener noreferrer\">Le grand d\u00e9fi caritatif canadien<\/a><\/li>\n<\/ul>\n<p>[\/vc_column_text][\/vc_column_inner][\/vc_row_inner][\/vc_column][\/vc_row][vc_row][vc_column][vc_custom_heading text=&#8221;Archives&#8221; google_fonts=&#8221;font_family:Montserrat%3Aregular%2C700|font_style:400%20regular%3A400%3Anormal&#8221;][vc_column_text]<\/p>\n<ul class=\"content-list\">\n<li><a href=\"https:\/\/mailchi.mp\/survivornet\/ccsn-2019-mai-update-999969\">Infolettre de mai 2019<\/a><\/li>\n<li><a href=\"https:\/\/mailchi.mp\/survivornet\/ccsn-2019-juin-update-999993\">Infolettre de juin 2019<\/a><\/li>\n<\/ul>\n<p>[\/vc_column_text][\/vc_column][\/vc_row]<\/p>\n<\/div>","protected":false},"excerpt":{"rendered":"<p>[vc_row css=&#8221;.vc_custom_1635430267302{background-color: #f4f4f4 !important;}&#8221;][vc_column][vc_row_inner][vc_column_inner width=&#8221;1\/2&#8243;][vc_column_text] Infolettre de juin 2023 Aper\u00e7u: Les r\u00e9sultats de notre 5e sondage L\u00e9ger sur la COVID longue sont arriv\u00e9s! Le cancer n&#8217;a pas attendu Le RCSC souligne la<\/p>\n","protected":false},"author":2,"featured_media":0,"parent":0,"menu_order":0,"comment_status":"closed","ping_status":"closed","template":"","meta":{"_acf_changed":false,"footnotes":""},"class_list":["post-14097","page","type-page","status-publish","hentry"],"acf":[],"yoast_head":"<!-- This site is optimized with the Yoast SEO plugin v27.1.1 - https:\/\/yoast.com\/product\/yoast-seo-wordpress\/ -->\n<title>Infolettres - Canadian Cancer Survivor Network<\/title>\n<meta name=\"robots\" content=\"index, follow, max-snippet:-1, max-image-preview:large, max-video-preview:-1\" \/>\n<link rel=\"canonical\" href=\"https:\/\/survivornet.ca\/fr\/bulletin\/\" \/>\n<meta property=\"og:locale\" content=\"fr_FR\" \/>\n<meta property=\"og:type\" content=\"article\" \/>\n<meta property=\"og:title\" content=\"Infolettres - Canadian Cancer Survivor Network\" \/>\n<meta property=\"og:description\" content=\"[vc_row css=&#8221;.vc_custom_1635430267302{background-color: #f4f4f4 !important;}&#8221;][vc_column][vc_row_inner][vc_column_inner width=&#8221;1\/2&#8243;][vc_column_text] Infolettre de juin 2023 Aper\u00e7u: Les r\u00e9sultats de notre 5e sondage L\u00e9ger sur la COVID longue sont arriv\u00e9s! Le cancer n&#8217;a pas attendu Le RCSC souligne la\" \/>\n<meta property=\"og:url\" content=\"https:\/\/survivornet.ca\/fr\/bulletin\/\" \/>\n<meta property=\"og:site_name\" content=\"Canadian Cancer Survivor Network\" \/>\n<meta property=\"article:modified_time\" content=\"2023-06-13T12:36:19+00:00\" \/>\n<meta name=\"twitter:card\" content=\"summary_large_image\" \/>\n<meta name=\"twitter:label1\" content=\"Dur\u00e9e de lecture estim\u00e9e\" \/>\n\t<meta name=\"twitter:data1\" content=\"3 minutes\" \/>\n<script type=\"application\/ld+json\" class=\"yoast-schema-graph\">{\"@context\":\"https:\/\/schema.org\",\"@graph\":[{\"@type\":\"WebPage\",\"@id\":\"https:\/\/survivornet.ca\/fr\/bulletin\/\",\"url\":\"https:\/\/survivornet.ca\/fr\/bulletin\/\",\"name\":\"Infolettres - Canadian Cancer Survivor Network\",\"isPartOf\":{\"@id\":\"https:\/\/survivornet.ca\/#website\"},\"datePublished\":\"2019-07-02T14:51:10+00:00\",\"dateModified\":\"2023-06-13T12:36:19+00:00\",\"breadcrumb\":{\"@id\":\"https:\/\/survivornet.ca\/fr\/bulletin\/#breadcrumb\"},\"inLanguage\":\"fr-FR\",\"potentialAction\":[{\"@type\":\"ReadAction\",\"target\":[\"https:\/\/survivornet.ca\/fr\/bulletin\/\"]}]},{\"@type\":\"BreadcrumbList\",\"@id\":\"https:\/\/survivornet.ca\/fr\/bulletin\/#breadcrumb\",\"itemListElement\":[{\"@type\":\"ListItem\",\"position\":1,\"name\":\"Home\",\"item\":\"https:\/\/survivornet.ca\/fr\/\"},{\"@type\":\"ListItem\",\"position\":2,\"name\":\"Infolettres\"}]},{\"@type\":\"WebSite\",\"@id\":\"https:\/\/survivornet.ca\/#website\",\"url\":\"https:\/\/survivornet.ca\/\",\"name\":\"Canadian Cancer Survivor Network\",\"description\":\"The Canadian Cancer Survivor Network was created by a group of Canadians concerned about cancer.\",\"publisher\":{\"@id\":\"https:\/\/survivornet.ca\/#organization\"},\"potentialAction\":[{\"@type\":\"SearchAction\",\"target\":{\"@type\":\"EntryPoint\",\"urlTemplate\":\"https:\/\/survivornet.ca\/?s={search_term_string}\"},\"query-input\":{\"@type\":\"PropertyValueSpecification\",\"valueRequired\":true,\"valueName\":\"search_term_string\"}}],\"inLanguage\":\"fr-FR\"},{\"@type\":\"Organization\",\"@id\":\"https:\/\/survivornet.ca\/#organization\",\"name\":\"Canadian Cancer Survivor Network\",\"url\":\"https:\/\/survivornet.ca\/\",\"logo\":{\"@type\":\"ImageObject\",\"inLanguage\":\"fr-FR\",\"@id\":\"https:\/\/survivornet.ca\/#\/schema\/logo\/image\/\",\"url\":\"http:\/\/survivornet.ca\/wp-content\/uploads\/2016\/12\/CCSN_Logo_EN_SQUARE.png\",\"contentUrl\":\"http:\/\/survivornet.ca\/wp-content\/uploads\/2016\/12\/CCSN_Logo_EN_SQUARE.png\",\"width\":1209,\"height\":1007,\"caption\":\"Canadian Cancer Survivor Network\"},\"image\":{\"@id\":\"https:\/\/survivornet.ca\/#\/schema\/logo\/image\/\"}}]}<\/script>\n<!-- \/ Yoast SEO plugin. -->","yoast_head_json":{"title":"Infolettres - Canadian Cancer Survivor Network","robots":{"index":"index","follow":"follow","max-snippet":"max-snippet:-1","max-image-preview":"max-image-preview:large","max-video-preview":"max-video-preview:-1"},"canonical":"https:\/\/survivornet.ca\/fr\/bulletin\/","og_locale":"fr_FR","og_type":"article","og_title":"Infolettres - Canadian Cancer Survivor Network","og_description":"[vc_row css=&#8221;.vc_custom_1635430267302{background-color: #f4f4f4 !important;}&#8221;][vc_column][vc_row_inner][vc_column_inner width=&#8221;1\/2&#8243;][vc_column_text] Infolettre de juin 2023 Aper\u00e7u: Les r\u00e9sultats de notre 5e sondage L\u00e9ger sur la COVID longue sont arriv\u00e9s! Le cancer n&#8217;a pas attendu Le RCSC souligne la","og_url":"https:\/\/survivornet.ca\/fr\/bulletin\/","og_site_name":"Canadian Cancer Survivor Network","article_modified_time":"2023-06-13T12:36:19+00:00","twitter_card":"summary_large_image","twitter_misc":{"Dur\u00e9e de lecture estim\u00e9e":"3 minutes"},"schema":{"@context":"https:\/\/schema.org","@graph":[{"@type":"WebPage","@id":"https:\/\/survivornet.ca\/fr\/bulletin\/","url":"https:\/\/survivornet.ca\/fr\/bulletin\/","name":"Infolettres - Canadian Cancer Survivor Network","isPartOf":{"@id":"https:\/\/survivornet.ca\/#website"},"datePublished":"2019-07-02T14:51:10+00:00","dateModified":"2023-06-13T12:36:19+00:00","breadcrumb":{"@id":"https:\/\/survivornet.ca\/fr\/bulletin\/#breadcrumb"},"inLanguage":"fr-FR","potentialAction":[{"@type":"ReadAction","target":["https:\/\/survivornet.ca\/fr\/bulletin\/"]}]},{"@type":"BreadcrumbList","@id":"https:\/\/survivornet.ca\/fr\/bulletin\/#breadcrumb","itemListElement":[{"@type":"ListItem","position":1,"name":"Home","item":"https:\/\/survivornet.ca\/fr\/"},{"@type":"ListItem","position":2,"name":"Infolettres"}]},{"@type":"WebSite","@id":"https:\/\/survivornet.ca\/#website","url":"https:\/\/survivornet.ca\/","name":"Canadian Cancer Survivor Network","description":"The Canadian Cancer Survivor Network was created by a group of Canadians concerned about cancer.","publisher":{"@id":"https:\/\/survivornet.ca\/#organization"},"potentialAction":[{"@type":"SearchAction","target":{"@type":"EntryPoint","urlTemplate":"https:\/\/survivornet.ca\/?s={search_term_string}"},"query-input":{"@type":"PropertyValueSpecification","valueRequired":true,"valueName":"search_term_string"}}],"inLanguage":"fr-FR"},{"@type":"Organization","@id":"https:\/\/survivornet.ca\/#organization","name":"Canadian Cancer Survivor Network","url":"https:\/\/survivornet.ca\/","logo":{"@type":"ImageObject","inLanguage":"fr-FR","@id":"https:\/\/survivornet.ca\/#\/schema\/logo\/image\/","url":"http:\/\/survivornet.ca\/wp-content\/uploads\/2016\/12\/CCSN_Logo_EN_SQUARE.png","contentUrl":"http:\/\/survivornet.ca\/wp-content\/uploads\/2016\/12\/CCSN_Logo_EN_SQUARE.png","width":1209,"height":1007,"caption":"Canadian Cancer Survivor Network"},"image":{"@id":"https:\/\/survivornet.ca\/#\/schema\/logo\/image\/"}}]}},"_links":{"self":[{"href":"https:\/\/survivornet.ca\/fr\/wp-json\/wp\/v2\/pages\/14097","targetHints":{"allow":["GET"]}}],"collection":[{"href":"https:\/\/survivornet.ca\/fr\/wp-json\/wp\/v2\/pages"}],"about":[{"href":"https:\/\/survivornet.ca\/fr\/wp-json\/wp\/v2\/types\/page"}],"author":[{"embeddable":true,"href":"https:\/\/survivornet.ca\/fr\/wp-json\/wp\/v2\/users\/2"}],"replies":[{"embeddable":true,"href":"https:\/\/survivornet.ca\/fr\/wp-json\/wp\/v2\/comments?post=14097"}],"version-history":[{"count":3,"href":"https:\/\/survivornet.ca\/fr\/wp-json\/wp\/v2\/pages\/14097\/revisions"}],"predecessor-version":[{"id":27675,"href":"https:\/\/survivornet.ca\/fr\/wp-json\/wp\/v2\/pages\/14097\/revisions\/27675"}],"wp:attachment":[{"href":"https:\/\/survivornet.ca\/fr\/wp-json\/wp\/v2\/media?parent=14097"}],"curies":[{"name":"wp","href":"https:\/\/api.w.org\/{rel}","templated":true}]}}