{"id":12343,"date":"2019-06-24T15:59:58","date_gmt":"2019-06-24T15:59:58","guid":{"rendered":"https:\/\/survivornet.ca\/?page_id=12343\/"},"modified":"2019-06-24T17:58:47","modified_gmt":"2019-06-24T17:58:47","slug":"6-dysfonction-cognitive-a-la-suite-dune-chimiotherapie","status":"publish","type":"page","link":"https:\/\/survivornet.ca\/fr\/6-dysfonction-cognitive-a-la-suite-dune-chimiotherapie\/","title":{"rendered":"Dysfonction cognitive \u00e0 la suite d\u2019une chimioth\u00e9rapie"},"content":{"rendered":"<p>La dysfonction cognitive \u00e0 la suite d\u2019une chimioth\u00e9rapie, parfois appel\u00e9e &#8220;brouillard de la chimio&#8221; ou &#8221; chimio-cerveau &#8220;, est un d\u00e9fi courant et d\u00e9bilitant qui touche les personnes atteintes de cancer. Plusieurs facteurs peuvent affecter les fonctions c\u00e9r\u00e9brales des survivants du cancer : la chimioth\u00e9rapie, le stress, la fatigue, l&#8217;hormonoth\u00e9rapie, la chirurgie et la maladie elle-m\u00eame.<\/p>\n<p>Ces changements neurocognitifs se manifestent sous forme d&#8217;un manque de concentration, d&#8217;une perte ou d&#8217;une alt\u00e9ration de la m\u00e9moire et de difficult\u00e9s \u00e0 faire plusieurs t\u00e2ches en m\u00eame temps et \u00e0 planifier. Les sympt\u00f4mes peuvent avoir une influence sur tous les aspects de la vie\u00a0tels que la prise de d\u00e9cision et le fonctionnement, qui peuvent affecter le travail et le revenu, ainsi que la confiance, l\u2019humeur, les relations, la capacit\u00e9 de conduire un v\u00e9hicule et \u00a0\u00a0la perception que la personne a d&#8217;elle-m\u00eame. [1]<\/p>\n<p>Le brouillard de la chimio peut durer des ann\u00e9es apr\u00e8s la fin du traitement et il peut \u00eatre tr\u00e8s frustrant et d\u00e9bilitant. Malheureusement, on ne comprend pas tr\u00e8s bien cette condition sur le plan m\u00e9dical.<\/p>\n<p>Certains survivants peuvent avoir peur que les choses ne s&#8217;am\u00e9liorent jamais. Cependant, il y a beaucoup de mesures que vous pouvez prendre pour aider \u00e0 soulager les dysfonctions cognitives. [2].<\/p>\n<ul class=\"content-list\">\n<li>L\u2019activit\u00e9 physique r\u00e9guli\u00e8re pour r\u00e9duire la fatigue et am\u00e9liorer la vigilance<\/li>\n<li>Des exercices c\u00e9r\u00e9braux tels que les casse-t\u00eates, l\u2019apprentissage de nouvelles langues et les &#8220;jeux pour entra\u00eener le cerveau&#8221; peuvent tous s\u2019av\u00e9rer efficaces.<\/li>\n<li>Garder un agenda pour une trace des t\u00e2ches, des dates, des num\u00e9ros de t\u00e9l\u00e9phone, etc.<\/li>\n<li>Se reposer et dormir suffisamment<\/li>\n<li>Manger des l\u00e9gumes &#8211; des \u00e9tudes ont montr\u00e9 que le fait de manger plus de l\u00e9gumes est associ\u00e9 \u00e0 une plus grande puissance c\u00e9r\u00e9brale chez les personnes \u00e2g\u00e9es.<\/li>\n<li>Avoir un endroit sp\u00e9cifique pour ranger les objets les plus fr\u00e9quemment perdus (comme les cl\u00e9s)<\/li>\n<li>\u00c9viter les multit\u00e2ches, se concentrer sur une chose \u00e0 la fois<\/li>\n<li>Demander de l&#8217;aide \u00e0 ses amis et \u00e0 sa famille<\/li>\n<li>Prendre note du moment o\u00f9 vos probl\u00e8mes de m\u00e9moire sont les plus \u00e9vidents (p. ex. lorsque vous avez faim, \u00e0 un certain moment de la journ\u00e9e, etc.)<\/li>\n<li>Acceptation des sympt\u00f4mes &#8211; de nombreux patients et survivants du cancer ont not\u00e9 qu&#8217;il est utile de pouvoir en rire.<\/li>\n<\/ul>\n<hr \/>\n<p>[1]\u00a0<a href=\"https:\/\/www.ottawacancer.ca\/brain-fog\/\">https:\/\/www.ottawacancer.ca\/brain-fog\/<\/a><\/p>\n<p>[2]\u00a0<a href=\"https:\/\/rubanrose.org\/foundation\/news\/mental-fog-or-chemobrain\">https:\/\/rubanrose.org\/foundation\/news\/mental-fog-or-chemobrain<\/a><\/p>\n","protected":false},"excerpt":{"rendered":"<p>La dysfonction cognitive \u00e0 la suite d\u2019une chimioth\u00e9rapie, parfois appel\u00e9e &#8220;brouillard de la chimio&#8221; ou &#8221; chimio-cerveau &#8220;, est un d\u00e9fi courant et d\u00e9bilitant qui touche les personnes atteintes de cancer. Plusieurs<\/p>\n","protected":false},"author":2,"featured_media":0,"parent":0,"menu_order":0,"comment_status":"closed","ping_status":"closed","template":"","meta":{"_acf_changed":false,"footnotes":""},"class_list":["post-12343","page","type-page","status-publish","hentry"],"acf":[],"yoast_head":"<!-- This site is optimized with the Yoast SEO plugin v27.1.1 - https:\/\/yoast.com\/product\/yoast-seo-wordpress\/ -->\n<title>Dysfonction cognitive \u00e0 la suite d\u2019une chimioth\u00e9rapie - Canadian Cancer Survivor Network<\/title>\n<meta name=\"robots\" content=\"index, follow, max-snippet:-1, max-image-preview:large, max-video-preview:-1\" \/>\n<link rel=\"canonical\" href=\"https:\/\/survivornet.ca\/fr\/6-dysfonction-cognitive-a-la-suite-dune-chimiotherapie\/\" \/>\n<meta property=\"og:locale\" content=\"fr_FR\" \/>\n<meta property=\"og:type\" content=\"article\" \/>\n<meta property=\"og:title\" content=\"Dysfonction cognitive \u00e0 la suite d\u2019une chimioth\u00e9rapie - Canadian Cancer Survivor Network\" \/>\n<meta property=\"og:description\" content=\"La dysfonction cognitive \u00e0 la suite d\u2019une chimioth\u00e9rapie, parfois appel\u00e9e &#8220;brouillard de la chimio&#8221; ou &#8221; chimio-cerveau &#8220;, est un d\u00e9fi courant et d\u00e9bilitant qui touche les personnes atteintes de cancer. Plusieurs\" \/>\n<meta property=\"og:url\" content=\"https:\/\/survivornet.ca\/fr\/6-dysfonction-cognitive-a-la-suite-dune-chimiotherapie\/\" \/>\n<meta property=\"og:site_name\" content=\"Canadian Cancer Survivor Network\" \/>\n<meta property=\"article:modified_time\" content=\"2019-06-24T17:58:47+00:00\" \/>\n<meta name=\"twitter:card\" content=\"summary_large_image\" \/>\n<meta name=\"twitter:label1\" content=\"Dur\u00e9e de lecture estim\u00e9e\" \/>\n\t<meta name=\"twitter:data1\" content=\"2 minutes\" \/>\n<script type=\"application\/ld+json\" class=\"yoast-schema-graph\">{\"@context\":\"https:\/\/schema.org\",\"@graph\":[{\"@type\":\"WebPage\",\"@id\":\"https:\/\/survivornet.ca\/fr\/6-dysfonction-cognitive-a-la-suite-dune-chimiotherapie\/\",\"url\":\"https:\/\/survivornet.ca\/fr\/6-dysfonction-cognitive-a-la-suite-dune-chimiotherapie\/\",\"name\":\"Dysfonction cognitive \u00e0 la suite d\u2019une chimioth\u00e9rapie - Canadian Cancer Survivor Network\",\"isPartOf\":{\"@id\":\"https:\/\/survivornet.ca\/#website\"},\"datePublished\":\"2019-06-24T15:59:58+00:00\",\"dateModified\":\"2019-06-24T17:58:47+00:00\",\"breadcrumb\":{\"@id\":\"https:\/\/survivornet.ca\/fr\/6-dysfonction-cognitive-a-la-suite-dune-chimiotherapie\/#breadcrumb\"},\"inLanguage\":\"fr-FR\",\"potentialAction\":[{\"@type\":\"ReadAction\",\"target\":[\"https:\/\/survivornet.ca\/fr\/6-dysfonction-cognitive-a-la-suite-dune-chimiotherapie\/\"]}]},{\"@type\":\"BreadcrumbList\",\"@id\":\"https:\/\/survivornet.ca\/fr\/6-dysfonction-cognitive-a-la-suite-dune-chimiotherapie\/#breadcrumb\",\"itemListElement\":[{\"@type\":\"ListItem\",\"position\":1,\"name\":\"Home\",\"item\":\"https:\/\/survivornet.ca\/fr\/\"},{\"@type\":\"ListItem\",\"position\":2,\"name\":\"Dysfonction cognitive \u00e0 la suite d\u2019une chimioth\u00e9rapie\"}]},{\"@type\":\"WebSite\",\"@id\":\"https:\/\/survivornet.ca\/#website\",\"url\":\"https:\/\/survivornet.ca\/\",\"name\":\"Canadian Cancer Survivor Network\",\"description\":\"The Canadian Cancer Survivor Network was created by a group of Canadians concerned about cancer.\",\"publisher\":{\"@id\":\"https:\/\/survivornet.ca\/#organization\"},\"potentialAction\":[{\"@type\":\"SearchAction\",\"target\":{\"@type\":\"EntryPoint\",\"urlTemplate\":\"https:\/\/survivornet.ca\/?s={search_term_string}\"},\"query-input\":{\"@type\":\"PropertyValueSpecification\",\"valueRequired\":true,\"valueName\":\"search_term_string\"}}],\"inLanguage\":\"fr-FR\"},{\"@type\":\"Organization\",\"@id\":\"https:\/\/survivornet.ca\/#organization\",\"name\":\"Canadian Cancer Survivor Network\",\"url\":\"https:\/\/survivornet.ca\/\",\"logo\":{\"@type\":\"ImageObject\",\"inLanguage\":\"fr-FR\",\"@id\":\"https:\/\/survivornet.ca\/#\/schema\/logo\/image\/\",\"url\":\"http:\/\/survivornet.ca\/wp-content\/uploads\/2016\/12\/CCSN_Logo_EN_SQUARE.png\",\"contentUrl\":\"http:\/\/survivornet.ca\/wp-content\/uploads\/2016\/12\/CCSN_Logo_EN_SQUARE.png\",\"width\":1209,\"height\":1007,\"caption\":\"Canadian Cancer Survivor Network\"},\"image\":{\"@id\":\"https:\/\/survivornet.ca\/#\/schema\/logo\/image\/\"}}]}<\/script>\n<!-- \/ Yoast SEO plugin. -->","yoast_head_json":{"title":"Dysfonction cognitive \u00e0 la suite d\u2019une chimioth\u00e9rapie - Canadian Cancer Survivor Network","robots":{"index":"index","follow":"follow","max-snippet":"max-snippet:-1","max-image-preview":"max-image-preview:large","max-video-preview":"max-video-preview:-1"},"canonical":"https:\/\/survivornet.ca\/fr\/6-dysfonction-cognitive-a-la-suite-dune-chimiotherapie\/","og_locale":"fr_FR","og_type":"article","og_title":"Dysfonction cognitive \u00e0 la suite d\u2019une chimioth\u00e9rapie - Canadian Cancer Survivor Network","og_description":"La dysfonction cognitive \u00e0 la suite d\u2019une chimioth\u00e9rapie, parfois appel\u00e9e &#8220;brouillard de la chimio&#8221; ou &#8221; chimio-cerveau &#8220;, est un d\u00e9fi courant et d\u00e9bilitant qui touche les personnes atteintes de cancer. Plusieurs","og_url":"https:\/\/survivornet.ca\/fr\/6-dysfonction-cognitive-a-la-suite-dune-chimiotherapie\/","og_site_name":"Canadian Cancer Survivor Network","article_modified_time":"2019-06-24T17:58:47+00:00","twitter_card":"summary_large_image","twitter_misc":{"Dur\u00e9e de lecture estim\u00e9e":"2 minutes"},"schema":{"@context":"https:\/\/schema.org","@graph":[{"@type":"WebPage","@id":"https:\/\/survivornet.ca\/fr\/6-dysfonction-cognitive-a-la-suite-dune-chimiotherapie\/","url":"https:\/\/survivornet.ca\/fr\/6-dysfonction-cognitive-a-la-suite-dune-chimiotherapie\/","name":"Dysfonction cognitive \u00e0 la suite d\u2019une chimioth\u00e9rapie - Canadian Cancer Survivor Network","isPartOf":{"@id":"https:\/\/survivornet.ca\/#website"},"datePublished":"2019-06-24T15:59:58+00:00","dateModified":"2019-06-24T17:58:47+00:00","breadcrumb":{"@id":"https:\/\/survivornet.ca\/fr\/6-dysfonction-cognitive-a-la-suite-dune-chimiotherapie\/#breadcrumb"},"inLanguage":"fr-FR","potentialAction":[{"@type":"ReadAction","target":["https:\/\/survivornet.ca\/fr\/6-dysfonction-cognitive-a-la-suite-dune-chimiotherapie\/"]}]},{"@type":"BreadcrumbList","@id":"https:\/\/survivornet.ca\/fr\/6-dysfonction-cognitive-a-la-suite-dune-chimiotherapie\/#breadcrumb","itemListElement":[{"@type":"ListItem","position":1,"name":"Home","item":"https:\/\/survivornet.ca\/fr\/"},{"@type":"ListItem","position":2,"name":"Dysfonction cognitive \u00e0 la suite d\u2019une chimioth\u00e9rapie"}]},{"@type":"WebSite","@id":"https:\/\/survivornet.ca\/#website","url":"https:\/\/survivornet.ca\/","name":"Canadian Cancer Survivor Network","description":"The Canadian Cancer Survivor Network was created by a group of Canadians concerned about cancer.","publisher":{"@id":"https:\/\/survivornet.ca\/#organization"},"potentialAction":[{"@type":"SearchAction","target":{"@type":"EntryPoint","urlTemplate":"https:\/\/survivornet.ca\/?s={search_term_string}"},"query-input":{"@type":"PropertyValueSpecification","valueRequired":true,"valueName":"search_term_string"}}],"inLanguage":"fr-FR"},{"@type":"Organization","@id":"https:\/\/survivornet.ca\/#organization","name":"Canadian Cancer Survivor Network","url":"https:\/\/survivornet.ca\/","logo":{"@type":"ImageObject","inLanguage":"fr-FR","@id":"https:\/\/survivornet.ca\/#\/schema\/logo\/image\/","url":"http:\/\/survivornet.ca\/wp-content\/uploads\/2016\/12\/CCSN_Logo_EN_SQUARE.png","contentUrl":"http:\/\/survivornet.ca\/wp-content\/uploads\/2016\/12\/CCSN_Logo_EN_SQUARE.png","width":1209,"height":1007,"caption":"Canadian Cancer Survivor Network"},"image":{"@id":"https:\/\/survivornet.ca\/#\/schema\/logo\/image\/"}}]}},"_links":{"self":[{"href":"https:\/\/survivornet.ca\/fr\/wp-json\/wp\/v2\/pages\/12343","targetHints":{"allow":["GET"]}}],"collection":[{"href":"https:\/\/survivornet.ca\/fr\/wp-json\/wp\/v2\/pages"}],"about":[{"href":"https:\/\/survivornet.ca\/fr\/wp-json\/wp\/v2\/types\/page"}],"author":[{"embeddable":true,"href":"https:\/\/survivornet.ca\/fr\/wp-json\/wp\/v2\/users\/2"}],"replies":[{"embeddable":true,"href":"https:\/\/survivornet.ca\/fr\/wp-json\/wp\/v2\/comments?post=12343"}],"version-history":[{"count":0,"href":"https:\/\/survivornet.ca\/fr\/wp-json\/wp\/v2\/pages\/12343\/revisions"}],"wp:attachment":[{"href":"https:\/\/survivornet.ca\/fr\/wp-json\/wp\/v2\/media?parent=12343"}],"curies":[{"name":"wp","href":"https:\/\/api.w.org\/{rel}","templated":true}]}}