{"id":12338,"date":"2019-06-24T15:45:49","date_gmt":"2019-06-24T15:45:49","guid":{"rendered":"https:\/\/survivornet.ca\/?page_id=12338\/"},"modified":"2020-08-20T11:57:14","modified_gmt":"2020-08-20T15:57:14","slug":"incontinence-urinaire","status":"publish","type":"page","link":"https:\/\/survivornet.ca\/fr\/apprenez\/enjeux-affectant-les-survivants-du-cancer-2\/enjeux-affectant-les-survivants-du-cancer\/incontinence-urinaire\/","title":{"rendered":"Incontinence urinaire"},"content":{"rendered":"<p>L&#8217;incontinence urinaire peut \u00eatre une cons\u00e9quence du cancer ou d&#8217;un traitement contre le cancer et peut repr\u00e9senter un probl\u00e8me de qualit\u00e9 de vie important pour de nombreux survivants.<\/p>\n<p>L&#8217;une des plus grandes erreurs est de croire que l&#8217;incontinence urinaire n&#8217;affecte que les personnes chez qui on a diagnostiqu\u00e9 un cancer de la prostate ou un cancer du bassin, comme de la vessie ou du rectum. Mais d&#8217;autres cancers peuvent aussi entra\u00eener l&#8217;incontinence <span id='easy-footnote-1-12338' class='easy-footnote-margin-adjust'><\/span><span class='easy-footnote'><a href='https:\/\/survivornet.ca\/fr\/apprenez\/enjeux-affectant-les-survivants-du-cancer-2\/enjeux-affectant-les-survivants-du-cancer\/incontinence-urinaire\/#easy-footnote-bottom-1-12338' title='&lt;a href=&quot;https:\/\/siteman.wustl.edu\/treatment\/survivorship\/incontinence-bowelbladder\/&quot;&gt;https:\/\/siteman.wustl.edu\/treatment\/survivorship\/incontinence-bowelbladder\/&lt;\/a&gt;'><sup>1<\/sup><\/a><\/span> :<\/p>\n<ul class=\"content-list\">\n<li>Le cancer du sein &#8211; l&#8217;hormonoth\u00e9rapie peut ass\u00e9cher les tissus vaginaux et causer de l&#8217;incontinence.<\/li>\n<li>Le cancer du poumon ou de l&#8217;\u0153sophage &#8211; une toux chronique peut fatiguer les muscles impliqu\u00e9s dans la miction.<\/li>\n<li>Les tumeurs c\u00e9r\u00e9brales ou de la moelle \u00e9pini\u00e8re &#8211; elles peuvent avoir un impact sur les nerfs qui contr\u00f4lent la miction.<\/li>\n<\/ul>\n<p>Plusieurs traitements contre le cancer peuvent \u00e9galement causer l&#8217;incontinence, y compris <span id='easy-footnote-2-12338' class='easy-footnote-margin-adjust'><\/span><span class='easy-footnote'><a href='https:\/\/survivornet.ca\/fr\/apprenez\/enjeux-affectant-les-survivants-du-cancer-2\/enjeux-affectant-les-survivants-du-cancer\/incontinence-urinaire\/#easy-footnote-bottom-2-12338' title='&lt;a href=&quot;https:\/\/www.cancer.net\/coping-with-cancer\/physical-emotional-and-social-effects-cancer\/managing-physical-side-effects\/urinary-incontinence&quot;&gt;https:\/\/www.cancer.net\/coping-with-cancer\/physical-emotional-and-social-effects-cancer\/managing-physical-side-effects\/urinary-incontinence&lt;\/a&gt;'><sup>2<\/sup><\/a><\/span> :<\/p>\n<ul class=\"content-list\">\n<li>La radiation de la r\u00e9gion pelvienne, qui irrite la vessie.<\/li>\n<li>La chimioth\u00e9rapie, qui peut endommager les nerfs et entra\u00eener des changements hormonaux.<\/li>\n<li>La chirurgie de la r\u00e9gion pelvienne, qui peut endommager les muscles ou les nerfs.<\/li>\n<li>Les m\u00e9dicaments qui augmentent l&#8217;hydratation ou la production d&#8217;urine, ce qui peut aggraver l&#8217;incontinence.<\/li>\n<li>Les traitements causant une m\u00e9nopause pr\u00e9coce.<\/li>\n<\/ul>\n<p>Si vous avez des troubles v\u00e9sicaux, parlez-en \u00e0 votre m\u00e9decin. Ils peuvent vous donner des conseils et des techniques utiles pour vous aider avec l&#8217;incontinence.<\/p>\n<p>Les traitements incluront typiquement l\u2019entra\u00eenement de la vessie, telle qu&#8217;apprendre \u00e0 retarder la miction au moment o\u00f9 l&#8217;envie d&#8217;uriner est ressentie ou \u00e0 avoir un horaire pour la miction, la gestion des liquides et aliments absorb\u00e9s, la m\u00e9dication, et l&#8217;am\u00e9lioration du contr\u00f4le des muscles. Dans les cas extr\u00eames, la chirurgie, le cath\u00e9t\u00e9risme et le Botox peuvent \u00e9galement \u00eatre utilis\u00e9s pour am\u00e9liorer le contr\u00f4le de la vessie.<span id='easy-footnote-3-12338' class='easy-footnote-margin-adjust'><\/span><span class='easy-footnote'><a href='https:\/\/survivornet.ca\/fr\/apprenez\/enjeux-affectant-les-survivants-du-cancer-2\/enjeux-affectant-les-survivants-du-cancer\/incontinence-urinaire\/#easy-footnote-bottom-3-12338' title='&lt;a href=&quot;https:\/\/www.livestrong.org\/we-can-help\/finishing-treatment\/urinary-incontinence&quot;&gt;https:\/\/www.livestrong.org\/we-can-help\/finishing-treatment\/urinary-incontinence&lt;\/a&gt;'><sup>3<\/sup><\/a><\/span><\/p>\n","protected":false},"excerpt":{"rendered":"<p>L&#8217;incontinence urinaire peut \u00eatre une cons\u00e9quence du cancer ou d&#8217;un traitement contre le cancer et peut repr\u00e9senter un probl\u00e8me de qualit\u00e9 de vie important pour de nombreux survivants. L&#8217;une des plus grandes<\/p>\n","protected":false},"author":2,"featured_media":0,"parent":11966,"menu_order":55,"comment_status":"closed","ping_status":"closed","template":"","meta":{"_acf_changed":false,"footnotes":""},"class_list":["post-12338","page","type-page","status-publish","hentry"],"acf":[],"yoast_head":"<!-- This site is optimized with the Yoast SEO plugin v27.4 - https:\/\/yoast.com\/product\/yoast-seo-wordpress\/ -->\n<title>Incontinence urinaire - Canadian Cancer Survivor Network<\/title>\n<meta name=\"robots\" content=\"index, follow, max-snippet:-1, max-image-preview:large, max-video-preview:-1\" \/>\n<link rel=\"canonical\" href=\"https:\/\/survivornet.ca\/fr\/apprenez\/enjeux-affectant-les-survivants-du-cancer-2\/enjeux-affectant-les-survivants-du-cancer\/incontinence-urinaire\/\" \/>\n<meta property=\"og:locale\" content=\"fr_FR\" \/>\n<meta property=\"og:type\" content=\"article\" \/>\n<meta property=\"og:title\" content=\"Incontinence urinaire - Canadian Cancer Survivor Network\" \/>\n<meta property=\"og:description\" content=\"L&#8217;incontinence urinaire peut \u00eatre une cons\u00e9quence du cancer ou d&#8217;un traitement contre le cancer et peut repr\u00e9senter un probl\u00e8me de qualit\u00e9 de vie important pour de nombreux survivants. L&#8217;une des plus grandes\" \/>\n<meta property=\"og:url\" content=\"https:\/\/survivornet.ca\/fr\/apprenez\/enjeux-affectant-les-survivants-du-cancer-2\/enjeux-affectant-les-survivants-du-cancer\/incontinence-urinaire\/\" \/>\n<meta property=\"og:site_name\" content=\"Canadian Cancer Survivor Network\" \/>\n<meta property=\"article:modified_time\" content=\"2020-08-20T15:57:14+00:00\" \/>\n<meta name=\"twitter:card\" content=\"summary_large_image\" \/>\n<meta name=\"twitter:label1\" content=\"Dur\u00e9e de lecture estim\u00e9e\" \/>\n\t<meta name=\"twitter:data1\" content=\"2 minutes\" \/>\n<script type=\"application\/ld+json\" class=\"yoast-schema-graph\">{\"@context\":\"https:\\\/\\\/schema.org\",\"@graph\":[{\"@type\":\"WebPage\",\"@id\":\"https:\\\/\\\/survivornet.ca\\\/fr\\\/apprenez\\\/enjeux-affectant-les-survivants-du-cancer-2\\\/enjeux-affectant-les-survivants-du-cancer\\\/incontinence-urinaire\\\/\",\"url\":\"https:\\\/\\\/survivornet.ca\\\/fr\\\/apprenez\\\/enjeux-affectant-les-survivants-du-cancer-2\\\/enjeux-affectant-les-survivants-du-cancer\\\/incontinence-urinaire\\\/\",\"name\":\"Incontinence urinaire - Canadian Cancer Survivor Network\",\"isPartOf\":{\"@id\":\"https:\\\/\\\/survivornet.ca\\\/#website\"},\"datePublished\":\"2019-06-24T15:45:49+00:00\",\"dateModified\":\"2020-08-20T15:57:14+00:00\",\"breadcrumb\":{\"@id\":\"https:\\\/\\\/survivornet.ca\\\/fr\\\/apprenez\\\/enjeux-affectant-les-survivants-du-cancer-2\\\/enjeux-affectant-les-survivants-du-cancer\\\/incontinence-urinaire\\\/#breadcrumb\"},\"inLanguage\":\"fr-FR\",\"potentialAction\":[{\"@type\":\"ReadAction\",\"target\":[\"https:\\\/\\\/survivornet.ca\\\/fr\\\/apprenez\\\/enjeux-affectant-les-survivants-du-cancer-2\\\/enjeux-affectant-les-survivants-du-cancer\\\/incontinence-urinaire\\\/\"]}]},{\"@type\":\"BreadcrumbList\",\"@id\":\"https:\\\/\\\/survivornet.ca\\\/fr\\\/apprenez\\\/enjeux-affectant-les-survivants-du-cancer-2\\\/enjeux-affectant-les-survivants-du-cancer\\\/incontinence-urinaire\\\/#breadcrumb\",\"itemListElement\":[{\"@type\":\"ListItem\",\"position\":1,\"name\":\"Home\",\"item\":\"https:\\\/\\\/survivornet.ca\\\/fr\\\/\"},{\"@type\":\"ListItem\",\"position\":2,\"name\":\"Apprenez\",\"item\":\"https:\\\/\\\/survivornet.ca\\\/fr\\\/apprenez\\\/\"},{\"@type\":\"ListItem\",\"position\":3,\"name\":\"Enjeux affectant les survivants du cancer\",\"item\":\"https:\\\/\\\/survivornet.ca\\\/fr\\\/apprenez\\\/enjeux-affectant-les-survivants-du-cancer-2\\\/\"},{\"@type\":\"ListItem\",\"position\":4,\"name\":\"Les types d&#8217;enjeux affectant les survivants du cancer\",\"item\":\"https:\\\/\\\/survivornet.ca\\\/fr\\\/apprenez\\\/enjeux-affectant-les-survivants-du-cancer-2\\\/enjeux-affectant-les-survivants-du-cancer\\\/\"},{\"@type\":\"ListItem\",\"position\":5,\"name\":\"Incontinence urinaire\"}]},{\"@type\":\"WebSite\",\"@id\":\"https:\\\/\\\/survivornet.ca\\\/#website\",\"url\":\"https:\\\/\\\/survivornet.ca\\\/\",\"name\":\"Canadian Cancer Survivor Network\",\"description\":\"The Canadian Cancer Survivor Network was created by a group of Canadians concerned about cancer.\",\"publisher\":{\"@id\":\"https:\\\/\\\/survivornet.ca\\\/#organization\"},\"potentialAction\":[{\"@type\":\"SearchAction\",\"target\":{\"@type\":\"EntryPoint\",\"urlTemplate\":\"https:\\\/\\\/survivornet.ca\\\/?s={search_term_string}\"},\"query-input\":{\"@type\":\"PropertyValueSpecification\",\"valueRequired\":true,\"valueName\":\"search_term_string\"}}],\"inLanguage\":\"fr-FR\"},{\"@type\":\"Organization\",\"@id\":\"https:\\\/\\\/survivornet.ca\\\/#organization\",\"name\":\"Canadian Cancer Survivor Network\",\"url\":\"https:\\\/\\\/survivornet.ca\\\/\",\"logo\":{\"@type\":\"ImageObject\",\"inLanguage\":\"fr-FR\",\"@id\":\"https:\\\/\\\/survivornet.ca\\\/#\\\/schema\\\/logo\\\/image\\\/\",\"url\":\"http:\\\/\\\/survivornet.ca\\\/wp-content\\\/uploads\\\/2016\\\/12\\\/CCSN_Logo_EN_SQUARE.png\",\"contentUrl\":\"http:\\\/\\\/survivornet.ca\\\/wp-content\\\/uploads\\\/2016\\\/12\\\/CCSN_Logo_EN_SQUARE.png\",\"width\":1209,\"height\":1007,\"caption\":\"Canadian Cancer Survivor Network\"},\"image\":{\"@id\":\"https:\\\/\\\/survivornet.ca\\\/#\\\/schema\\\/logo\\\/image\\\/\"}}]}<\/script>\n<!-- \/ Yoast SEO plugin. -->","yoast_head_json":{"title":"Incontinence urinaire - Canadian Cancer Survivor Network","robots":{"index":"index","follow":"follow","max-snippet":"max-snippet:-1","max-image-preview":"max-image-preview:large","max-video-preview":"max-video-preview:-1"},"canonical":"https:\/\/survivornet.ca\/fr\/apprenez\/enjeux-affectant-les-survivants-du-cancer-2\/enjeux-affectant-les-survivants-du-cancer\/incontinence-urinaire\/","og_locale":"fr_FR","og_type":"article","og_title":"Incontinence urinaire - Canadian Cancer Survivor Network","og_description":"L&#8217;incontinence urinaire peut \u00eatre une cons\u00e9quence du cancer ou d&#8217;un traitement contre le cancer et peut repr\u00e9senter un probl\u00e8me de qualit\u00e9 de vie important pour de nombreux survivants. L&#8217;une des plus grandes","og_url":"https:\/\/survivornet.ca\/fr\/apprenez\/enjeux-affectant-les-survivants-du-cancer-2\/enjeux-affectant-les-survivants-du-cancer\/incontinence-urinaire\/","og_site_name":"Canadian Cancer Survivor Network","article_modified_time":"2020-08-20T15:57:14+00:00","twitter_card":"summary_large_image","twitter_misc":{"Dur\u00e9e de lecture estim\u00e9e":"2 minutes"},"schema":{"@context":"https:\/\/schema.org","@graph":[{"@type":"WebPage","@id":"https:\/\/survivornet.ca\/fr\/apprenez\/enjeux-affectant-les-survivants-du-cancer-2\/enjeux-affectant-les-survivants-du-cancer\/incontinence-urinaire\/","url":"https:\/\/survivornet.ca\/fr\/apprenez\/enjeux-affectant-les-survivants-du-cancer-2\/enjeux-affectant-les-survivants-du-cancer\/incontinence-urinaire\/","name":"Incontinence urinaire - Canadian Cancer Survivor Network","isPartOf":{"@id":"https:\/\/survivornet.ca\/#website"},"datePublished":"2019-06-24T15:45:49+00:00","dateModified":"2020-08-20T15:57:14+00:00","breadcrumb":{"@id":"https:\/\/survivornet.ca\/fr\/apprenez\/enjeux-affectant-les-survivants-du-cancer-2\/enjeux-affectant-les-survivants-du-cancer\/incontinence-urinaire\/#breadcrumb"},"inLanguage":"fr-FR","potentialAction":[{"@type":"ReadAction","target":["https:\/\/survivornet.ca\/fr\/apprenez\/enjeux-affectant-les-survivants-du-cancer-2\/enjeux-affectant-les-survivants-du-cancer\/incontinence-urinaire\/"]}]},{"@type":"BreadcrumbList","@id":"https:\/\/survivornet.ca\/fr\/apprenez\/enjeux-affectant-les-survivants-du-cancer-2\/enjeux-affectant-les-survivants-du-cancer\/incontinence-urinaire\/#breadcrumb","itemListElement":[{"@type":"ListItem","position":1,"name":"Home","item":"https:\/\/survivornet.ca\/fr\/"},{"@type":"ListItem","position":2,"name":"Apprenez","item":"https:\/\/survivornet.ca\/fr\/apprenez\/"},{"@type":"ListItem","position":3,"name":"Enjeux affectant les survivants du cancer","item":"https:\/\/survivornet.ca\/fr\/apprenez\/enjeux-affectant-les-survivants-du-cancer-2\/"},{"@type":"ListItem","position":4,"name":"Les types d&#8217;enjeux affectant les survivants du cancer","item":"https:\/\/survivornet.ca\/fr\/apprenez\/enjeux-affectant-les-survivants-du-cancer-2\/enjeux-affectant-les-survivants-du-cancer\/"},{"@type":"ListItem","position":5,"name":"Incontinence urinaire"}]},{"@type":"WebSite","@id":"https:\/\/survivornet.ca\/#website","url":"https:\/\/survivornet.ca\/","name":"Canadian Cancer Survivor Network","description":"The Canadian Cancer Survivor Network was created by a group of Canadians concerned about cancer.","publisher":{"@id":"https:\/\/survivornet.ca\/#organization"},"potentialAction":[{"@type":"SearchAction","target":{"@type":"EntryPoint","urlTemplate":"https:\/\/survivornet.ca\/?s={search_term_string}"},"query-input":{"@type":"PropertyValueSpecification","valueRequired":true,"valueName":"search_term_string"}}],"inLanguage":"fr-FR"},{"@type":"Organization","@id":"https:\/\/survivornet.ca\/#organization","name":"Canadian Cancer Survivor Network","url":"https:\/\/survivornet.ca\/","logo":{"@type":"ImageObject","inLanguage":"fr-FR","@id":"https:\/\/survivornet.ca\/#\/schema\/logo\/image\/","url":"http:\/\/survivornet.ca\/wp-content\/uploads\/2016\/12\/CCSN_Logo_EN_SQUARE.png","contentUrl":"http:\/\/survivornet.ca\/wp-content\/uploads\/2016\/12\/CCSN_Logo_EN_SQUARE.png","width":1209,"height":1007,"caption":"Canadian Cancer Survivor Network"},"image":{"@id":"https:\/\/survivornet.ca\/#\/schema\/logo\/image\/"}}]}},"_links":{"self":[{"href":"https:\/\/survivornet.ca\/fr\/wp-json\/wp\/v2\/pages\/12338","targetHints":{"allow":["GET"]}}],"collection":[{"href":"https:\/\/survivornet.ca\/fr\/wp-json\/wp\/v2\/pages"}],"about":[{"href":"https:\/\/survivornet.ca\/fr\/wp-json\/wp\/v2\/types\/page"}],"author":[{"embeddable":true,"href":"https:\/\/survivornet.ca\/fr\/wp-json\/wp\/v2\/users\/2"}],"replies":[{"embeddable":true,"href":"https:\/\/survivornet.ca\/fr\/wp-json\/wp\/v2\/comments?post=12338"}],"version-history":[{"count":0,"href":"https:\/\/survivornet.ca\/fr\/wp-json\/wp\/v2\/pages\/12338\/revisions"}],"up":[{"embeddable":true,"href":"https:\/\/survivornet.ca\/fr\/wp-json\/wp\/v2\/pages\/11966"}],"wp:attachment":[{"href":"https:\/\/survivornet.ca\/fr\/wp-json\/wp\/v2\/media?parent=12338"}],"curies":[{"name":"wp","href":"https:\/\/api.w.org\/{rel}","templated":true}]}}